{"id":14441,"date":"2025-12-19T01:44:46","date_gmt":"2025-12-19T00:44:46","guid":{"rendered":"https:\/\/www.leaplytics.de\/?page_id=14441"},"modified":"2025-12-19T01:44:47","modified_gmt":"2025-12-19T00:44:47","slug":"supporto-self-service-per-i-dipendenti-ai","status":"publish","type":"page","link":"https:\/\/www.leaplytics.de\/it\/supporto-self-service-per-i-dipendenti-ai\/","title":{"rendered":"Self-service e assistenza AI per i dipendenti"},"content":{"rendered":"<h2>AI per il self-service e l'assistenza ai dipendenti: Smettere di rispondere alle stesse domande<\/h2>\n\n<p>Il vostro team delle risorse umane risponde a domande tutto il giorno. Le stesse domande. In continuazione.<\/p>\n<p>\"Quanti giorni di ferie ho a disposizione?\". \"Qual \u00e8 la politica delle spese?\" \"Come faccio ad aggiornare il mio indirizzo?\" \"Quando iniziano le iscrizioni ai benefit?\". \"Posso lavorare a distanza?\"<\/p>\n<p>Ogni domanda richiede 5 minuti. Un'e-mail avanti e indietro. Una ricerca di politiche. Un controllo del sistema. Non \u00e8 complicato, \u00e8 solo ripetitivo.<\/p>\n<p>Ma 50 domande al giorno? Sono pi\u00f9 di 4 ore. Ogni giorno. Spesa per rispondere a cose che i dipendenti potrebbero trovare da soli se le informazioni fossero accessibili.<\/p>\n<p>Nel frattempo, i dipendenti aspettano. A volte per ore. A volte giorni. Per risposte semplici che non dovrebbero richiedere il coinvolgimento delle risorse umane.<\/p>\n<p>L'intelligenza artificiale risolve questo problema. Risponde istantaneamente. Con precisione. 24\/7. Per le domande e le richieste di routine, i dipendenti ottengono ci\u00f2 di cui hanno bisogno senza l'intervento delle risorse umane. Per le questioni complesse, le risorse umane vengono coinvolte con il contesto gi\u00e0 acquisito.<\/p>\n<p>Il vostro team smette di essere l'help desk e inizia a svolgere il vero lavoro delle risorse umane.<\/p>\n\n\n<hr class=\"wp-block-separator has-alpha-channel-opacity\"\/>\n\n\n\n<h3 class=\"wp-block-heading\">Il problema dell'assistenza ai dipendenti oggi<\/h3>\n\n\n<p>Le risorse umane sono la prima chiamata per tutti. Domande sulle politiche. Problemi di sistema. Richieste sui benefit. Domande sui processi. Cambiamenti di vita. Moduli. Approvazioni.<\/p>\n<p>La maggior parte di questi sono semplici. La risposta si trova in un documento o in un sistema di policy. Ma i dipendenti non sanno dove cercare. Oppure ci hanno provato e non l'hanno trovata. Cos\u00ec chiedono alle risorse umane.<\/p>\n<p>Le risorse umane devono smettere di fare quello che stanno facendo. Cercare. Rispondere. Ripetere. Tutto il giorno.<\/p>\n<p>Le domande si concentrano. Il luned\u00ec mattina, dopo che le persone hanno pensato alla vita privata e lavorativa durante il fine settimana. Periodi di apertura delle iscrizioni. Dopo gli annunci dell'azienda. Quando cambiano le politiche.<\/p>\n<p>Nei periodi di calma, \u00e8 gestibile. Nei periodi di punta, le risorse umane annegano. I tempi di risposta si allungano a giorni. I dipendenti sono frustrati. Le risorse umane si stressano. Il lavoro che richiede concentrazione viene continuamente interrotto.<\/p>\n<p>Il punto \u00e8 che la maggior parte dei dipendenti non vuole disturbare le risorse umane. Preferiscono trovare le risposte da soli. Ma gli strumenti self-service sono pessimi. La ricerca non funziona. I documenti sono sparsi. La navigazione \u00e8 confusa. Cos\u00ec si arrendono e inviano un'e-mail alle Risorse umane.<\/p>\n<p>Non \u00e8 un problema di persone, n\u00e9 da una parte n\u00e9 dall'altra. \u00c8 un problema di sistema. E l'intelligenza artificiale lo risolve.<\/p>\n\n\n<hr class=\"wp-block-separator has-alpha-channel-opacity\"\/>\n\n\n\n<h3 class=\"wp-block-heading\">Cosa fa l'intelligenza artificiale per l'assistenza ai dipendenti<\/h3>\n\n\n<p>L'intelligenza artificiale non sostituisce le risorse umane per l'assistenza ai dipendenti. Gestisce la routine in modo che le risorse umane possano concentrarsi su ci\u00f2 che richiede effettivamente un giudizio umano. Ecco come.<\/p>\n\n\n<h4 class=\"wp-block-heading\">Risposte immediate alle domande sulla politica<\/h4>\n\n\n<p>Il dipendente chiede: \"Quanti giorni di ferie mi restano?\".<\/p>\n<p>L'IA controlla il sistema. Vede il loro saldo di accumulo. Risponde: \"Le restano 12 giorni di ferie. Il saldo si azzera il 1\u00b0 gennaio. Desidera presentare una richiesta di ferie?\".<\/p>\n<p>Oppure: \"Qual \u00e8 il limite di spesa per i pasti dei clienti?\".<\/p>\n<p>L'AI conosce la politica delle spese. \"I pasti dei clienti sono approvati fino a $75 a persona. L'alcol richiede l'approvazione del direttore. Presentare le ricevute attraverso il sistema di spese entro 30 giorni\".<\/p>\n<p>Oppure: \"Posso lavorare da casa il venerd\u00ec?\".<\/p>\n<p>L'intelligenza artificiale conosce la politica di lavoro a distanza per ogni reparto. \"Il vostro reparto consente fino a 2 giorni di lavoro remoto a settimana con l'approvazione del manager. Per richiedere l'approvazione, ecco il modulo: [link]\"<\/p>\n<p>Le risposte arrivano immediatamente. Non \u00e8 necessario attendere la risposta delle Risorse Umane. Non \u00e8 necessario cercare tra i documenti della politica. Basta chiedere e ottenere una risposta.<\/p>\n<p>L'intelligenza artificiale non tira a indovinare. Conosce le vostre politiche. \u00c8 stata addestrata con il manuale, i documenti delle politiche e le FAQ. Quando le politiche cambiano, si aggiorna la base di conoscenze dell'IA. Fatto.<\/p>\n\n\n<h4 class=\"wp-block-heading\">Elaborazione di richieste di routine senza il coinvolgimento delle risorse umane<\/h4>\n\n\n<p>Molte richieste delle risorse umane sono standard. Non \u00e8 richiesto alcun giudizio. Basta elaborarle.<\/p>\n<p>Cambio di indirizzo. Cambio di nome. Aggiornamento del contatto di emergenza. Richiesta di documenti. Modulo fiscale. Busta paga. Lettera di conferma delle prestazioni.<\/p>\n<p>Normalmente, il dipendente presenta una richiesta. Le risorse umane la elaborano manualmente. Aggiorna il sistema. Invia la conferma. Ci vogliono 10-15 minuti per ogni richiesta.<\/p>\n<p>L'intelligenza artificiale gestisce questo aspetto in modo automatico.<\/p>\n<p>Dipendente: \"Mi sono trasferito. Devo aggiornare il mio indirizzo\".<\/p>\n<p>AI: \"Posso aiutarla. Qual \u00e8 il tuo nuovo indirizzo?\".<\/p>\n<p>Il dipendente lo fornisce. L'AI convalida il formato. Aggiorna il sistema HRIS. Aggiorna il sistema paghe. Conferma: \"Il suo indirizzo \u00e8 stato aggiornato. La prossima busta paga rifletter\u00e0 il nuovo indirizzo\".<\/p>\n<p>Oppure: \"Ho bisogno di una lettera di conferma del mio impiego per una richiesta di mutuo\".<\/p>\n<p>AI: \"Lo generer\u00f2 per voi. Includer\u00e0 il suo titolo di lavoro, la data di inizio e lo stipendio attuale. \u00c8 corretto?\". Il dipendente conferma. L'intelligenza artificiale genera la lettera. La invia. Fatto.<\/p>\n<p>Nessun coinvolgimento delle risorse umane, a meno che non si tratti di qualcosa di insolito o che necessiti di approvazione. Le richieste standard vengono semplicemente elaborate.<\/p>\n\n\n<h4 class=\"wp-block-heading\">Supporto ai processi guidati<\/h4>\n\n\n<p>Alcune cose non sono una singola domanda, ma un processo. Iscrizione ai benefit. Richieste di congedo. Revisioni delle prestazioni. Presentazione delle spese.<\/p>\n<p>Queste confondono le persone. Quali passi? Quali moduli? Cosa \u00e8 richiesto? Cosa \u00e8 facoltativo? Dove devo presentare la domanda?<\/p>\n<p>L'intelligenza artificiale guida i dipendenti passo dopo passo.<\/p>\n<p>Dipendente: \"Vado in congedo parentale. Cosa devo fare?\".<\/p>\n<p>AI: \"Le illustrer\u00f2 il processo di congedo parentale. Per prima cosa, confermiamo alcuni dettagli. Quando \u00e8 la data del parto?\".<\/p>\n<p>Risposte dei dipendenti. L'AI continua: \"Hai diritto a 12 settimane di congedo parentale retribuito. Deve presentare la richiesta almeno 30 giorni prima dell'inizio del congedo. Ecco cosa dovete fare:<\/p>\n<ol>\n<li>Compilare il modulo di richiesta di congedo parentale [link].<\/li>\n<li>Fornire la documentazione medica del proprio medico<\/li>\n<li>Incontro con il proprio manager per pianificare la copertura<\/li>\n<li>Coordinarsi con le risorse umane per la continuazione delle prestazioni<\/li>\n<\/ol>\n<p>Vuole che le invii subito il modulo?\".<\/p>\n<p>Nessuna confusione. Nessun passo falso. Guida chiara dall'inizio alla fine.<\/p>\n<p>Questo funziona per qualsiasi processo HR complesso. L'intelligenza artificiale conosce le fasi. Sa cosa \u00e8 necessario. \u00c8 in grado di accompagnare le persone senza che le Risorse Umane si occupino di ogni singola persona.<\/p>\n\n\n<h4 class=\"wp-block-heading\">Escalation intelligente verso gli esseri umani<\/h4>\n\n\n<p>L'intelligenza artificiale non pu\u00f2 gestire tutto. Alcune cose richiedono il giudizio umano. Alcune cose sono delicate. Alcune cose sono troppo complesse o uniche.<\/p>\n<p>L'intelligenza artificiale conosce i suoi limiti. Quando una domanda va oltre la routine, passa alle Risorse Umane, ma con un contesto.<\/p>\n<p>Dipendente: \"Sto affrontando una situazione di molestie con il mio manager\".<\/p>\n<p>AI immediatamente: \"La metter\u00f2 immediatamente in contatto con le risorse umane\". Questo richiede un supporto umano diretto. Si aspetti una chiamata da [persona HR] entro un'ora. Se \u00e8 urgente, pu\u00f2 contattarli anche a [informazioni di contatto]\".<\/p>\n<p>L'intelligenza artificiale registra la conversazione. La indirizza alla persona giusta. La contrassegna come prioritaria. Le risorse umane vedono il contesto e possono rispondere in modo appropriato.<\/p>\n<p>Oppure, meno delicato ma complesso: \"La mia situazione \u00e8 unica: mi trasferisco in un altro Paese per il lavoro del coniuge\".<\/p>\n<p>AI: \"\u00c8 una situazione complessa con implicazioni internazionali. La sto inoltrando alle Risorse Umane che possono discutere le vostre opzioni. La contatteranno entro 24 ore. Nel frattempo, ecco alcune informazioni generali sui trasferimenti internazionali: [link]\".<\/p>\n<p>L'IA non pretende di poter gestire tutto. Sa quando coinvolgere gli esseri umani. Ma cattura il contesto in modo che le risorse umane non partano da zero.<\/p>\n\n\n<h4 class=\"wp-block-heading\">Disponibilit\u00e0 24\/7<\/h4>\n\n\n<p>Le domande sulle risorse umane non si fanno solo dalle 9 alle 17 dal luned\u00ec al venerd\u00ec.<\/p>\n<p>Domenica sera: \"Aspetta, a che ora inizia il mio colloquio domani?\".<\/p>\n<p>ORE 23.00: \"Mi sono appena ricordato che devo presentare quella nota spese entro domani\".<\/p>\n<p>Mattina presto: \"Posso portare mio figlio a una visita medica oggi senza usare la PTO?\".<\/p>\n<p>Di solito si aspetta che le risorse umane siano disponibili. A quel punto, potrebbe essere troppo tardi o la persona ha gi\u00e0 capito tutto da sola.<\/p>\n<p>L'intelligenza artificiale \u00e8 sempre presente. Di notte. Fine settimana. Vacanze. Le domande ricevono risposta quando le persone ne hanno bisogno, non quando le risorse umane sono in ufficio.<\/p>\n<p>Questo \u00e8 particolarmente utile per le aziende con pi\u00f9 fusi orari, lavoratori a turni o team globali.<\/p>\n\n\n<hr class=\"wp-block-separator has-alpha-channel-opacity\"\/>\n\n\n\n<h3 class=\"wp-block-heading\">Cosa significa per voi<\/h3>\n\n\n\n<h4 class=\"wp-block-heading\">Per i direttori delle risorse umane e i responsabili delle persone<\/h4>\n\n\n<ul>\n<li><strong>Riduzione del volume di ticket HR.<\/strong> 60-80% di richieste gestite dall'intelligenza artificiale. La capacit\u00e0 del vostro team aumenta in modo efficace.<\/li>\n<li><strong>Migliore soddisfazione dei dipendenti.<\/strong> Risposte immediate. Nessuna attesa. Guida chiara. I dipendenti si sentono supportati.<\/li>\n<li><strong>Le risorse umane si concentrano sul lavoro strategico.<\/strong> Non rispondere tutto il giorno alle stesse domande. Migliorare realmente i programmi delle persone.<\/li>\n<li><strong>Informazioni coerenti.<\/strong> Le risposte sono sempre le stesse. Nessun problema di \"dipende da chi lo chiede\".<\/li>\n<li><strong>Visibilit\u00e0 delle preoccupazioni dei dipendenti.<\/strong> Che cosa chiedono le persone? Dove c'\u00e8 confusione? I dati mostrano dove migliorare la comunicazione.<\/li>\n<li><strong>Scalare il supporto senza scalare l'organico.<\/strong> L'azienda cresce 30%? L'intelligenza artificiale gestisce l'aumento del volume senza aggiungere personale alle risorse umane.<\/li>\n<\/ul>\n\n\n<h4 class=\"wp-block-heading\">Per i responsabili e gli specialisti delle risorse umane<\/h4>\n\n\n<ul>\n<li><strong>Smettete di rispondere a domande ripetitive.<\/strong> L'intelligenza artificiale gestisce la routine. Voi gestite le cose complesse e delicate.<\/li>\n<li><strong>Gestite le eccezioni, non le richieste di routine.<\/strong> La vostra esperienza viene utilizzata dove \u00e8 importante, non per la ricerca delle politiche.<\/li>\n<li><strong>Meno interruzioni.<\/strong> Meno messaggi costanti. Pi\u00f9 tempo per concentrarsi su progetti che migliorano effettivamente le risorse umane.<\/li>\n<li><strong>Contesto in cui si verifica l'escalation.<\/strong> Quando i problemi arrivano a voi, avete gi\u00e0 la storia della conversazione. Non \u00e8 necessario ricominciare da zero.<\/li>\n<li><strong>Un lavoro pi\u00f9 soddisfacente.<\/strong> Meno amministrazione. Pi\u00f9 risoluzione dei problemi, pi\u00f9 strategia, pi\u00f9 lavoro effettivo con le persone.<\/li>\n<\/ul>\n\n\n<h4 class=\"wp-block-heading\">Per i dipendenti<\/h4>\n\n\n<ul>\n<li><strong>Risposte immediate.<\/strong> Non aspettate ore o giorni per semplici domande. Chiedete e saprete subito.<\/li>\n<li><strong>Non \u00e8 necessario attendere l'orario di lavoro.<\/strong> Domanda alle 21:00? Riceverete una risposta alle 21:00.<\/li>\n<li><strong>Una guida chiara.<\/strong> Non solo risposte, ma anche assistenza durante l'intero processo. Sapere cosa fare e come farlo.<\/li>\n<li><strong>Meno attrito.<\/strong> Richieste standard elaborate automaticamente. Cambiate il vostro indirizzo senza dover inviare un'e-mail alle Risorse Umane e senza dover aspettare.<\/li>\n<li><strong>Sentirsi supportati.<\/strong> Quando avete bisogno di aiuto, \u00e8 l\u00ec. Non \"invia un ticket e aspetta\".<\/li>\n<\/ul>\n\n\n<hr class=\"wp-block-separator has-alpha-channel-opacity\"\/>\n\n\n\n<h3 class=\"wp-block-heading\">Cosa non far\u00e0 l'intelligenza artificiale<\/h3>\n\n\n<p>Siamo chiari sui limiti.<\/p>\n<p>L'IA non gestisce le questioni sensibili. Molestie. Discriminazione. Problemi di performance. Conflitti interpersonali. Problemi di salute mentale. Questi vanno immediatamente all'uomo.<\/p>\n<p>AI non fa eccezioni alla politica. \"Posso avere un giorno di ferie in pi\u00f9 anche se ho raggiunto il limite?\". Questa \u00e8 una richiesta umana, non una richiesta dell'IA.<\/p>\n<p>L'AI non d\u00e0 consigli su situazioni personali complesse. \"Dovrei accettare la nuova offerta di lavoro internamente o rimanere nel mio ruolo attuale?\". Per questo serve una consulenza HR, non risposte automatiche.<\/p>\n<p>Gestisce la routine. Le ricerche dei criteri. Le richieste semplici. La guida al processo. L'80% che non richiede il giudizio umano.<\/p>\n<p>L'altro 20% - quello complesso, sensibile, unico - va ancora al team delle risorse umane. Ma ora hanno il tempo di gestirlo correttamente, perch\u00e9 non sono sommersi da richieste di routine.<\/p>\n\n\n<hr class=\"wp-block-separator has-alpha-channel-opacity\"\/>\n\n\n\n<h3 class=\"wp-block-heading\">Impatto sul mondo reale<\/h3>\n\n\n<p>Che aspetto ha in realt\u00e0?<\/p>\n<p>Un'azienda con 800 dipendenti implementa l'intelligenza artificiale per l'assistenza ai dipendenti. Prima: Le risorse umane ricevevano 150-200 richieste di informazioni a settimana. Le risorse umane impiegavano 30-40 ore alla settimana solo per rispondere alle domande.<\/p>\n<p>Dopo: L'AI gestisce automaticamente 120-150 di queste richieste. Le risorse umane ne gestiscono solo 30-50. Si tratta di 20-30 ore alla settimana risparmiate. In pratica, si libera una posizione a tempo pieno.<\/p>\n<p>La soddisfazione dei dipendenti per il supporto alle risorse umane migliora. Il tempo di risposta alle domande di routine passa da ore a secondi. Anche i tempi di risposta alle questioni complesse migliorano, perch\u00e9 le risorse umane hanno il tempo di gestirle in modo adeguato.<\/p>\n<p>Le risorse umane si occupano di cose che contano davvero. Miglioramento del programma di benefit. Formazione dei manager. Iniziative di fidelizzazione. Cose che sono state messe da parte quando sono state sommerse dalle richieste di informazioni.<\/p>\n<p>Non \u00e8 un'ipotesi. Questo \u00e8 ci\u00f2 che accade quando l'IA gestisce correttamente l'assistenza ai dipendenti.<\/p>\n\n\n<hr class=\"wp-block-separator has-alpha-channel-opacity\"\/>\n\n\n\n<h3 class=\"wp-block-heading\">Come iniziare<\/h3>\n\n\n<p>Non \u00e8 necessario automatizzare tutto. Iniziate con le richieste ad alto volume e bassa complessit\u00e0.<\/p>\n<p>Per la maggior parte delle aziende, si tratta di questioni politiche. Saldi delle ferie. Nozioni di base sui benefit. Politiche di spesa. Iniziate da qui.<\/p>\n<p>O forse si tratta di semplici richieste. Cambiamento di indirizzo. Richieste di documenti. Download di moduli. Automatizzate prima quelle.<\/p>\n<p>O forse \u00e8 una guida al processo. Iscrizione ai benefit. Richieste di ferie. Spese. Aiutate le persone a risolvere questi problemi senza l'aiuto delle risorse umane.<\/p>\n<p>Scegliere una categoria. Implementare l'intelligenza artificiale. Misurare la riduzione dei volumi. Misurare la soddisfazione dei dipendenti. Poi espandetevi.<\/p>\n<p>Le esigenze di assistenza ai dipendenti di ogni azienda sono diverse. Le vostre politiche sono uniche. I vostri sistemi hanno stranezze specifiche. I vostri dipendenti hanno determinati schemi.<\/p>\n<p>Ecco perch\u00e9 l'IA per l'assistenza ai dipendenti non \u00e8 plug-and-play. Deve imparare le vostre politiche. Integrarsi con i vostri sistemi. Adeguarsi ai vostri processi.<\/p>\n\n\n<hr class=\"wp-block-separator has-alpha-channel-opacity\"\/>\n\n\n\n<h3 class=\"wp-block-heading\">Il bilancio<\/h3>\n\n\n<p>I team HR non dovrebbero essere degli help desk. Dovrebbero essere partner strategici che aiutano l'azienda con i talenti, la cultura e i programmi per le persone.<\/p>\n<p>Ma non possono essere strategici quando sono sommersi da richieste di routine. \u00c8 qui che entra in gioco l'intelligenza artificiale.<\/p>\n<p>L'AI gestisce la routine. La ricerca delle politiche. Le richieste semplici. Le indicazioni di base. Immediatamente. In modo coerente. 24\/7.<\/p>\n<p>Le risorse umane gestiscono le cose complesse. Il sensibile. Le cose uniche. Le cose che richiedono effettivamente un giudizio e una competenza umani.<\/p>\n<p>Il risultato \u00e8 che i dipendenti ricevono un supporto migliore, le risorse umane lavorano meglio e l'organizzazione trae maggior valore dalla funzione HR.<\/p>\n<p>Non \u00e8 un'illazione. Questo \u00e8 ci\u00f2 che l'IA fa per l'assistenza ai dipendenti quando viene implementata correttamente.<\/p>\n\n\n<hr class=\"wp-block-separator has-alpha-channel-opacity\"\/>\n\n\n\n<h3 class=\"wp-block-heading\">Siete pronti a ridurre il volume delle vostre richieste di informazioni sulle risorse umane?<\/h3>\n\n\n<p>Non vendiamo chatbot generici. Analizziamo i vostri modelli di richiesta specifici. Le vostre politiche. I vostri sistemi. I vostri processi.<\/p>\n<p>Poi costruiamo un'intelligenza artificiale che si adatta a come i vostri dipendenti hanno effettivamente bisogno di assistenza. Non un generico bot per le FAQ, ma un'assistenza reale che funziona.<\/p>\n<p>Nessun clamore. Nessun eccesso di pubblicit\u00e0. Solo un'intelligenza artificiale pratica che migliora l'assistenza ai dipendenti e rende il lavoro delle risorse umane pi\u00f9 strategico.<\/p>\n\n<p><a href=\"https:\/\/www.leaplytics.de\/it\/kontakt\/\">Parliamo delle vostre sfide di assistenza ai dipendenti<\/a><\/p>\n\n<p><a href=\"https:\/\/www.leaplytics.de\/it\/risorse-umane-ai\/\">Torna a Soluzioni HR AI<\/a><\/p>","protected":false},"excerpt":{"rendered":"<p>AI for Employee Self-Service &#038; Support: Stop Answering the Same Questions Your HR team answers questions all day. The same questions. Over and over. &#8220;How many vacation days do I have?&#8221; &#8220;What&#8217;s the expense policy?&#8221; &#8220;How do I update my address?&#8221; &#8220;When do benefits open enrollment start?&#8221; &#8220;Can I work remotely?&#8221; Each question takes 5 &hellip; <\/p>","protected":false},"author":2,"featured_media":0,"parent":0,"menu_order":0,"comment_status":"closed","ping_status":"closed","template":"","meta":{"footnotes":""},"class_list":["post-14441","page","type-page","status-publish","hentry","latest_post"],"_links":{"self":[{"href":"https:\/\/www.leaplytics.de\/it\/wp-json\/wp\/v2\/pages\/14441","targetHints":{"allow":["GET"]}}],"collection":[{"href":"https:\/\/www.leaplytics.de\/it\/wp-json\/wp\/v2\/pages"}],"about":[{"href":"https:\/\/www.leaplytics.de\/it\/wp-json\/wp\/v2\/types\/page"}],"author":[{"embeddable":true,"href":"https:\/\/www.leaplytics.de\/it\/wp-json\/wp\/v2\/users\/2"}],"replies":[{"embeddable":true,"href":"https:\/\/www.leaplytics.de\/it\/wp-json\/wp\/v2\/comments?post=14441"}],"version-history":[{"count":1,"href":"https:\/\/www.leaplytics.de\/it\/wp-json\/wp\/v2\/pages\/14441\/revisions"}],"predecessor-version":[{"id":14448,"href":"https:\/\/www.leaplytics.de\/it\/wp-json\/wp\/v2\/pages\/14441\/revisions\/14448"}],"wp:attachment":[{"href":"https:\/\/www.leaplytics.de\/it\/wp-json\/wp\/v2\/media?parent=14441"}],"curies":[{"name":"wp","href":"https:\/\/api.w.org\/{rel}","templated":true}]}}