{"id":14443,"date":"2025-12-19T01:44:54","date_gmt":"2025-12-19T00:44:54","guid":{"rendered":"https:\/\/www.leaplytics.de\/?page_id=14443"},"modified":"2025-12-19T01:44:55","modified_gmt":"2025-12-19T00:44:55","slug":"gestione-delle-prestazioni-e-analisi-ai","status":"publish","type":"page","link":"https:\/\/www.leaplytics.de\/it\/gestione-delle-prestazioni-e-analisi-ai\/","title":{"rendered":"Gestione delle prestazioni e analisi AI"},"content":{"rendered":"<h2>AI per la gestione delle prestazioni e l'analisi: Vedere i problemi prima che diventino crisi<\/h2>\n\n<p>Le valutazioni delle prestazioni avvengono una o due volte l'anno. A quel punto, i problemi si sono aggravati per mesi. I bravi dipendenti hanno gi\u00e0 un piede fuori dalla porta. Le carenze di competenze rallentano i progetti da trimestri.<\/p>\n<p>Il processo di revisione in s\u00e9 \u00e8 doloroso. Raccogliere il feedback di cinque persone. Leggete le pagine di commenti. Cercare di individuare i temi. Scrivere un riassunto. Programmare la riunione. Ripetere per ogni membro del team.<\/p>\n<p>I dirigenti lo odiano. I dipendenti non si fidano. Le risorse umane passano settimane a rincorrere le persone per completare le valutazioni. E il valore effettivo - aiutare le persone a migliorare - si perde nell'onere amministrativo.<\/p>\n<p>L'intelligenza artificiale cambia le cose. Analizza il feedback in tempo reale, non una volta all'anno. Individua gli schemi nei dati sulle prestazioni. Identifica le lacune nelle competenze prima che diventino problemi. Prevede i rischi di retention prima che le persone si licenzino.<\/p>\n<p>La gestione delle prestazioni diventa continua, basata sui dati e realmente utile. Non un temuto rituale annuale.<\/p>\n\n\n<hr class=\"wp-block-separator has-alpha-channel-opacity\"\/>\n\n\n\n<h3 class=\"wp-block-heading\">Perch\u00e9 la gestione delle prestazioni oggi non funziona<\/h3>\n\n\n<p>Tutti sanno che le valutazioni delle prestazioni sono sbagliate. Le aziende le fanno comunque perch\u00e9 hanno bisogno di qualcosa.<\/p>\n<p>I problemi sono evidenti. Le revisioni sono retrospettive: quando si esamina la performance dell'ultimo trimestre, \u00e8 gi\u00e0 una notizia vecchia. Richiedono tempo: i manager impiegano ore per ogni persona, moltiplicate per l'intero team. Sono soggettive: manager diversi danno valutazioni diverse, creando incoerenza.<\/p>\n<p>E sono poco frequenti. Le revisioni annuali significano che i problemi vengono individuati con 6-12 mesi di ritardo. Qualcuno \u00e8 in difficolt\u00e0? Non lo saprete prima della revisione. Qualcuno \u00e8 disimpegnato? Quando ve ne accorgete, sta gi\u00e0 facendo un colloquio altrove.<\/p>\n<p>La raccolta di feedback \u00e8 dolorosa. \"Puoi inviare le recensioni dei tuoi tre colleghi entro venerd\u00ec?\". Promemoria. Inseguimento. Proroga delle scadenze. Alcune persone scrivono feedback accurati. Altri lo fanno per telefono. La qualit\u00e0 varia enormemente.<\/p>\n<p>Poi qualcuno deve dare un senso a tutto questo. Leggere tutti i commenti. Identificare i temi. Quali sono i problemi reali? Cosa \u00e8 solo rumore? Quali feedback sono contraddittori? Questo richiede ore per ogni dipendente.<\/p>\n<p>Al momento della revisione vera e propria, i manager sono esausti. I dipendenti sono ansiosi. E spesso la conversazione non porta a cambiamenti significativi, perch\u00e9 si tratta di troppe informazioni fornite troppo tardi.<\/p>\n<p>Non perch\u00e9 alle persone non interessi. \u00c8 perch\u00e9 il processo \u00e8 fondamentalmente manuale, poco frequente e retrospettivo. L'intelligenza artificiale risolve tutti e tre i problemi.<\/p>\n\n\n<hr class=\"wp-block-separator has-alpha-channel-opacity\"\/>\n\n\n\n<h3 class=\"wp-block-heading\">Cosa fa l'intelligenza artificiale per la gestione delle prestazioni<\/h3>\n\n\n<p>L'intelligenza artificiale non sostituisce i manager nella gestione delle prestazioni. Fornisce loro informazioni migliori in tempi pi\u00f9 rapidi, in modo che possano effettivamente aiutare i loro team. Ecco come.<\/p>\n\n\n<h4 class=\"wp-block-heading\">Analisi del feedback che trova modelli reali<\/h4>\n\n\n<p>Le valutazioni a 360 raccolgono il feedback di pi\u00f9 persone. Manager. Pari. A volte anche i diretti interessati. Ogni persona scrive paragrafi di commenti.<\/p>\n<p>Leggere tutto questo \u00e8 noioso. E individuare gli schemi? Ancora pi\u00f9 difficile. Una persona cita vagamente \"problemi di comunicazione\". Un'altra dice che \"a volte non si fa il giro del team\". Un'altra nota che \"a volte scopriamo le cose in ritardo\". Sono collegati? Lo stesso problema? Problemi diversi?<\/p>\n<p>L'intelligenza artificiale legge tutti i feedback. Identifica automaticamente i temi.<\/p>\n<p>\"Comunicazione\" compare in quattro recensioni. L'intelligenza artificiale le raggruppa. Vede che tre persone parlano specificamente di \"tempistica degli aggiornamenti\" e due di \"livello di dettaglio\". Lo schema \u00e8 chiaro: questa persona deve comunicare gli aggiornamenti del progetto in modo pi\u00f9 proattivo.<\/p>\n<p>Oppure gli spot AI: cinque persone lodano le \"competenze tecniche\", ma tre menzionano \"potrebbe essere pi\u00f9 collaborativo\". Il tema: forte collaboratore individuale, ha bisogno di essere sviluppato nel lavoro di squadra.<\/p>\n<p>L'intelligenza artificiale non scrive la recensione per voi. Ma fornisce schemi chiari, in modo che non si debbano leggere 10 pagine di commenti cercando di trovare i temi manualmente.<\/p>\n<p>Questo vale anche per l'intera organizzazione. Alcuni team ricevono costantemente feedback sul carico di lavoro? Questo \u00e8 un problema di risorse. I nuovi manager sono sempre in difficolt\u00e0 con la delega? \u00c8 un'esigenza di formazione.<\/p>\n<p>Schemi che richiederebbero settimane di analisi per essere individuati manualmente? L'intelligenza artificiale li trova immediatamente.<\/p>\n\n\n<h4 class=\"wp-block-heading\">Identificazione del gap di competenze<\/h4>\n\n\n<p>Il vostro team ha bisogno di determinate competenze. Per i loro ruoli attuali. Per i progetti futuri. Per la direzione che l'azienda sta prendendo.<\/p>\n<p>Chi ha queste competenze? Chi ha bisogno di essere sviluppato? Di solito si tratta di congetture. I manager hanno delle intuizioni. Le risorse umane sanno alcune cose. Ma una visibilit\u00e0 completa? Raramente.<\/p>\n<p>L'intelligenza artificiale analizza i dati sulle competenze in tutta l'organizzazione.<\/p>\n<p>Esamina i requisiti del lavoro. Feedback sulle prestazioni. Il completamento della formazione. Assegnazioni di progetti. Autovalutazioni. Valutazioni dei manager. Tutti i dati che gi\u00e0 possedete, solo sparsi nei vari sistemi.<\/p>\n<p>Identifica le lacune: \"Il vostro team di analisi mostra forti competenze in SQL ma un'esperienza limitata con Python. Tre progetti imminenti richiedono Python. Questo \u00e8 un rischio\".<\/p>\n<p>Oppure: \"Cinque ingegneri senior sono idonei a ricoprire ruoli dirigenziali, ma solo due hanno completato una formazione sulla leadership. Questo crea una lacuna nella pianificazione della successione\".<\/p>\n<p>Oppure: \"Il feedback dei clienti parla ripetutamente di 'tempi di risposta lenti'. L'analisi mostra che il team di assistenza non \u00e8 stato formato sul nuovo sistema di ticketing. Questo spiega il problema\".<\/p>\n<p>L'intelligenza artificiale collega i punti che gli esseri umani non riescono a vedere tra centinaia di dipendenti. Individua le lacune prima che causino problemi. E lo fa continuamente, non una volta all'anno.<\/p>\n<p>Ora \u00e8 possibile indirizzare lo sviluppo dove \u00e8 importante. Non una formazione generica che tutti ignorano. Competenze specifiche che aiuteranno effettivamente determinate persone a svolgere meglio il proprio lavoro.<\/p>\n\n\n<h4 class=\"wp-block-heading\">Previsione del rischio di ritenzione<\/h4>\n\n\n<p>Le persone non si licenziano dal nulla. Ci sono dei segnali. Di solito sottili. Di solito visibili solo a posteriori.<\/p>\n<p>L'impegno diminuisce. La partecipazione alle riunioni diminuisce. Il feedback diventa meno dettagliato. I colloqui individuali vengono riprogrammati. Le prestazioni rimangono accettabili, ma l'entusiasmo svanisce.<\/p>\n<p>Quando i dirigenti se ne accorgono, la persona ha gi\u00e0 un'altra offerta. Il colloquio di uscita rivela che la persona \u00e8 insoddisfatta da mesi. \"Perch\u00e9 nessuno mi ha parlato?\".<\/p>\n<p>L'intelligenza artificiale individua questi modelli in anticipo.<\/p>\n<p>Monitora i segnali di coinvolgimento. Le risposte ai sondaggi sono in calo. Meno domande durante le riunioni. Diminuzione delle revisioni del codice o della collaborazione. Aumento dell'utilizzo delle ferie. Cambiamento dei modelli di comunicazione.<\/p>\n<p>Singolarmente non hanno alcun significato. Insieme, formano uno schema. L'intelligenza artificiale lo individua e lo segnala: \"Il rischio di ritenzione per questo dipendente \u00e8 aumentato. Consiglia al manager di fare un check-in\".<\/p>\n<p>Non perch\u00e9 l'intelligenza artificiale sappia che la persona sta cercando lavoro. Ma perch\u00e9 lo schema corrisponde a persone che se ne sono andate in passato. \u00c8 un avvertimento a prestare attenzione prima che sia troppo tardi.<\/p>\n<p>I manager possono quindi avere delle vere e proprie conversazioni. \"Come vanno le cose? Come posso supportarti meglio?\". Con sufficiente anticipo perch\u00e9 i problemi siano ancora risolvibili.<\/p>\n<p>Questo non impedisce tutto il turnover: a volte le persone se ne vanno per motivi che non si possono controllare. Ma evita di perdere persone perch\u00e9 nessuno si \u00e8 accorto che erano in difficolt\u00e0 fino alla loro lettera di dimissioni.<\/p>\n\n\n<h4 class=\"wp-block-heading\">Valutazione delle prestazioni Generazione di bozze<\/h4>\n\n\n<p>Scrivere le valutazioni delle prestazioni richiede un'eternit\u00e0. I manager procrastinano. Le risorse umane prorogano le scadenze. La qualit\u00e0 ne risente perch\u00e9 le persone hanno fretta.<\/p>\n<p>L'AI redige la revisione sulla base dei dati disponibili. Raccolta di feedback. Obiettivi e progressi. Metriche di performance. Risultati recenti. Aree di sviluppo identificate.<\/p>\n<p>Genera una bozza strutturata: \"Aree di forza: [sintesi dei feedback positivi con esempi]. Aree da sviluppare: [sintesi dei feedback costruttivi con esempi]. Progressi sugli obiettivi: [stato di ogni obiettivo]. Aree di interesse consigliate: [suggerimenti per lo sviluppo].\"<\/p>\n<p>Il manager lo esamina. Aggiunge osservazioni personali. Aggiusta il tono. Include un contesto che l'intelligenza artificiale non potrebbe conoscere. Lo rende personale.<\/p>\n<p>Ma il lavoro pesante - sintetizzare tutti i feedback e i dati - \u00e8 stato fatto. Ci\u00f2 che richiedeva 2 ore ora richiede 30 minuti. E la qualit\u00e0 \u00e8 spesso migliore, perch\u00e9 non si perde nulla.<\/p>\n<p>Non si tratta di IA che scrive recensioni. \u00c8 l'intelligenza artificiale che fa la sintesi noiosa, in modo che i manager possano concentrarsi sulla conversazione vera e propria con i membri del loro team.<\/p>\n\n\n<h4 class=\"wp-block-heading\">Tracciamento degli obiettivi che rende visibili le prestazioni<\/h4>\n\n\n<p>Gli obiettivi vengono fissati a gennaio. A marzo vengono dimenticati. A dicembre, le persone si affannano a ricordare i risultati che avrebbero dovuto raggiungere.<\/p>\n<p>L'intelligenza artificiale mantiene gli obiettivi visibili e monitorati costantemente.<\/p>\n<p>Ricorda a dipendenti e manager gli obiettivi. Tiene traccia dei progressi in base agli aggiornamenti. Segnala gli obiettivi che sono fuori strada: \"Questo obiettivo non mostra alcun progresso in 6 settimane. \u00c8 necessario un aggiornamento dello stato?\".<\/p>\n<p>Collega gli obiettivi al lavoro effettivo. Se l'obiettivo di qualcuno \u00e8 \"migliorare la soddisfazione dei clienti\" e i punteggi dei sondaggi sui clienti sono tracciati, l'intelligenza artificiale pu\u00f2 mostrare automaticamente i progressi.<\/p>\n<p>Suggerisce delle modifiche. \"Questo obiettivo \u00e8 costantemente contrassegnato come bloccato a causa della scarsit\u00e0 di risorse. Dovrebbe essere rivisto o intensificato?\".<\/p>\n<p>La gestione delle prestazioni diventa continua. Non \u00e8 pi\u00f9 una sorpresa di una volta all'anno. Visibilit\u00e0 continua su come le persone stanno lavorando e dove hanno bisogno di supporto.<\/p>\n\n\n<hr class=\"wp-block-separator has-alpha-channel-opacity\"\/>\n\n\n\n<h3 class=\"wp-block-heading\">Cosa significa per voi<\/h3>\n\n\n\n<h4 class=\"wp-block-heading\">Per i direttori delle risorse umane e i responsabili delle persone<\/h4>\n\n\n<ul>\n<li><strong>Decisioni sul talento basate sui dati.<\/strong> Non una sensazione di pancia. Modelli effettivi di prestazioni, competenze e impegno.<\/li>\n<li><strong>Allarme precoce sulla conservazione.<\/strong> Individuare i rischi di fuga prima che le persone si licenzino. \u00c8 il momento di affrontare i problemi finch\u00e9 sono risolvibili.<\/li>\n<li><strong>Programmi di sviluppo che affrontano lacune reali.<\/strong> Non una formazione generica. Sviluppo mirato dove \u00e8 effettivamente necessario.<\/li>\n<li><strong>Visibilit\u00e0 in tutta l'organizzazione.<\/strong> Quali squadre stanno prosperando? Quali sono in difficolt\u00e0? Dove sono i problemi sistemici? Vedere con chiarezza.<\/li>\n<li><strong>Migliore pianificazione della successione.<\/strong> Sapere chi \u00e8 pronto per la promozione. Chi ha bisogno di essere sviluppato. Dove la forza della panchina \u00e8 debole.<\/li>\n<li><strong>Un processo di performance che le persone non odiano.<\/strong> Meno oneri amministrativi. Maggiore attenzione allo sviluppo effettivo. Migliore esperienza per tutti.<\/li>\n<\/ul>\n\n\n<h4 class=\"wp-block-heading\">Per i manager<\/h4>\n\n\n<ul>\n<li><strong>Meno tempo per le pratiche di revisione.<\/strong> L'intelligenza artificiale gestisce la sintesi. Voi vi concentrate sulla conversazione e sul coaching.<\/li>\n<li><strong>Migliore comprensione delle prestazioni del team.<\/strong> Modelli chiari di feedback. Lacune visibili nelle competenze. Avvisi precoci sull'impegno.<\/li>\n<li><strong>Individuare prima i problemi.<\/strong> Non aspettate la revisione annuale per scoprire i problemi. Vedeteli quando sono ancora piccoli.<\/li>\n<li><strong>Conversazioni di sviluppo pi\u00f9 significative.<\/strong> Sulla base di dati e modelli reali, non di vaghe impressioni.<\/li>\n<li><strong>Obiettivi che rimangono visibili.<\/strong> Non viene dimenticato fino al momento della revisione. Tracciate e regolate continuamente.<\/li>\n<\/ul>\n\n\n<h4 class=\"wp-block-heading\">Per i dipendenti<\/h4>\n\n\n<ul>\n<li><strong>Feedback pi\u00f9 chiaro.<\/strong> Non una discarica di commenti non organizzati. Temi chiari e aree specifiche su cui lavorare.<\/li>\n<li><strong>Sviluppo allineato alle esigenze reali.<\/strong> Una formazione che aiuti a colmare le reali lacune di competenze, non corsi generici.<\/li>\n<li><strong>Obiettivi sempre attuali.<\/strong> Non si imposta una volta sola e si dimentica. \u00c8 necessario monitorare e adattare i dati al mutare delle situazioni.<\/li>\n<li><strong>Nessuna sorpresa nelle recensioni.<\/strong> Visibilit\u00e0 continua significa sapere a che punto si \u00e8, non scoprirlo una volta all'anno.<\/li>\n<li><strong>Processo equo.<\/strong> Analisi coerente in tutta l'organizzazione. Meno soggetta ai pregiudizi dei singoli manager.<\/li>\n<\/ul>\n\n\n<hr class=\"wp-block-separator has-alpha-channel-opacity\"\/>\n\n\n\n<h3 class=\"wp-block-heading\">Cosa non far\u00e0 l'intelligenza artificiale<\/h3>\n\n\n<p>Siamo molto chiari sui limiti.<\/p>\n<p>L'intelligenza artificiale non prende decisioni sulle prestazioni. Non decide le promozioni. Non determina la retribuzione. Non licenzia le persone. Non valuta le prestazioni.<\/p>\n<p>Sono decisioni umane che richiedono giudizio, contesto e responsabilit\u00e0. I manager prendono queste decisioni. L'intelligenza artificiale fornisce informazioni per aiutarli a prendere decisioni migliori.<\/p>\n<p>L'intelligenza artificiale non \u00e8 in grado di comprendere le sfumature come gli esseri umani. Vede schemi nei dati. Non capisce che le prestazioni di una persona sono calate a causa di una crisi personale o che sta svolgendo un lavoro extra che non risulta dalle metriche.<\/p>\n<p>I manager hanno ancora bisogno di conversare. Capire il contesto. Usare il giudizio. Essere umani nella gestione delle persone.<\/p>\n<p>L'intelligenza artificiale rende tutto pi\u00f9 semplice, gestendo l'analisi dei dati e il lavoro amministrativo. Ma non sostituisce l'elemento umano della gestione delle prestazioni.<\/p>\n<p>Inoltre, l'IA nella gestione delle prestazioni richiede dati validi. Se il vostro feedback \u00e8 scadente, l'analisi dell'IA sar\u00e0 scadente. Se gli obiettivi non sono tracciati, l'intelligenza artificiale non pu\u00f2 aiutare. Se i segnali di coinvolgimento non vengono catturati, la previsione della retention non funzioner\u00e0.<\/p>\n<p>L'IA amplifica il vostro processo. Se il vostro processo \u00e8 buono, l'IA lo migliora. Se il vostro processo \u00e8 rotto, correggete prima il processo.<\/p>\n\n\n<hr class=\"wp-block-separator has-alpha-channel-opacity\"\/>\n\n\n\n<h3 class=\"wp-block-heading\">Impatto sul mondo reale<\/h3>\n\n\n<p>Come si presenta questo aspetto nella pratica?<\/p>\n<p>Un'azienda implementa l'intelligenza artificiale per la gestione delle prestazioni. Prima: i manager dedicavano 3-4 ore per dipendente alle revisioni annuali. Dopo: 1 ora. Si tratta di 2-3 ore risparmiate per persona. Per un manager con 8 riporti diretti, si tratta di 16-24 ore risparmiate per ogni ciclo di revisione.<\/p>\n<p>La retention migliora. Il sistema di allarme precoce individua 70% le potenziali partenze con sufficiente anticipo per affrontarle. Non tutti rimangono, ma molti problemi vengono risolti prima che le persone abbandonino.<\/p>\n<p>La spesa per lo sviluppo diventa pi\u00f9 efficace. Invece di disperdere il budget per la formazione in corsi generici, gli investimenti si concentrano sulle lacune di competenze identificate. Il completamento della formazione aumenta perch\u00e9 \u00e8 effettivamente rilevante.<\/p>\n<p>Migliora la soddisfazione dei dipendenti nei confronti del processo di valutazione delle prestazioni. Il feedback \u00e8 pi\u00f9 chiaro. Le revisioni sono meno arbitrarie. Lo sviluppo \u00e8 pi\u00f9 significativo.<\/p>\n<p>Non si tratta di una teoria. Questo \u00e8 ci\u00f2 che accade quando l'intelligenza artificiale rende la gestione delle prestazioni continua e basata sui dati, anzich\u00e9 annuale e soggettiva.<\/p>\n\n\n<hr class=\"wp-block-separator has-alpha-channel-opacity\"\/>\n\n\n\n<h3 class=\"wp-block-heading\">Come iniziare<\/h3>\n\n\n<p>Non \u00e8 necessario trasformare tutto in una volta. Iniziate con un pezzo.<\/p>\n<p>Per la maggior parte delle aziende, si tratta di analisi del feedback. Il prossimo ciclo di revisione, fate analizzare all'intelligenza artificiale i feedback e fate emergere i temi. Vedete quanto tempo si risparmia. Verificate se i manager lo trovano utile.<\/p>\n<p>Oppure iniziate con l'analisi del gap di competenze. Tracciate una mappa dei requisiti del vostro ruolo e delle competenze effettive. Scoprite dove sono le lacune. Usate questo dato per indirizzare lo sviluppo.<\/p>\n<p>Oppure implementare il monitoraggio degli obiettivi. Mantenete gli obiettivi di performance visibili e monitorati in modo continuo, invece di fissare e dimenticare.<\/p>\n<p>Scegliete un elemento. Implementatelo. Misurate l'impatto. Poi espandetevi.<\/p>\n<p>La gestione delle prestazioni di ogni azienda \u00e8 diversa. Il vostro processo di revisione ha fasi specifiche. La raccolta dei feedback ha determinati formati. I dati sulle prestazioni sono conservati in sistemi particolari.<\/p>\n<p>Ecco perch\u00e9 l'intelligenza artificiale per la gestione delle prestazioni non \u00e8 plug-and-play. Deve adattarsi ai vostri processi reali. I vostri dati reali. La vostra cultura attuale.<\/p>\n\n\n<hr class=\"wp-block-separator has-alpha-channel-opacity\"\/>\n\n\n\n<h3 class=\"wp-block-heading\">Il bilancio<\/h3>\n\n\n<p>La gestione delle prestazioni dovrebbe aiutare le persone a migliorare. Invece, \u00e8 diventato un onere amministrativo che tutti temono.<\/p>\n<p>L'intelligenza artificiale non sostituisce l'elemento umano della gestione delle prestazioni. Rimuove le parti pi\u00f9 noiose, in modo che gli uomini possano concentrarsi su ci\u00f2 che conta davvero: aiutare le persone a crescere e ad avere successo.<\/p>\n<p>Il risultato \u00e8 che i manager dedicano meno tempo alle scartoffie e pi\u00f9 al coaching. Le risorse umane individuano i problemi prima che diventino crisi. I dipendenti ottengono un feedback pi\u00f9 chiaro e un migliore sviluppo. L'organizzazione prende decisioni pi\u00f9 intelligenti sui talenti.<\/p>\n<p>Non \u00e8 un'illazione. Questo \u00e8 ci\u00f2 che l'IA fa per la gestione delle prestazioni quando viene implementata correttamente.<\/p>\n\n\n<hr class=\"wp-block-separator has-alpha-channel-opacity\"\/>\n\n\n\n<h3 class=\"wp-block-heading\">Siete pronti a rendere la gestione delle prestazioni davvero utile?<\/h3>\n\n\n<p>Non vendiamo AI generiche per la gestione delle prestazioni. Analizziamo il vostro processo specifico. I vostri meccanismi di feedback. I vostri sistemi di dati. Le vostre esigenze.<\/p>\n<p>Poi costruiamo un'intelligenza artificiale che si adatta al modo in cui gestite effettivamente le prestazioni. Non un processo idealizzato, ma il vostro processo reale.<\/p>\n<p>Nessun clamore. Nessun eccesso di pubblicit\u00e0. Solo un'intelligenza artificiale pratica che rende la gestione delle prestazioni meno dolorosa e pi\u00f9 efficace.<\/p>\n\n<p><a href=\"https:\/\/www.leaplytics.de\/it\/kontakt\/\">Parliamo delle vostre sfide nella gestione delle prestazioni<\/a><\/p>\n\n<p><a href=\"https:\/\/www.leaplytics.de\/it\/risorse-umane-ai\/\">Torna a Soluzioni HR AI<\/a><\/p>","protected":false},"excerpt":{"rendered":"<p>AI for Performance Management &#038; Analytics: See Problems Before They Become Crises Performance reviews happen once or twice a year. By then, problems have been festering for months. Good employees already have one foot out the door. Skill gaps have been slowing projects down for quarters. The review process itself is painful. Collect feedback from &hellip; <\/p>","protected":false},"author":2,"featured_media":0,"parent":0,"menu_order":0,"comment_status":"closed","ping_status":"closed","template":"","meta":{"footnotes":""},"class_list":["post-14443","page","type-page","status-publish","hentry","latest_post"],"_links":{"self":[{"href":"https:\/\/www.leaplytics.de\/it\/wp-json\/wp\/v2\/pages\/14443","targetHints":{"allow":["GET"]}}],"collection":[{"href":"https:\/\/www.leaplytics.de\/it\/wp-json\/wp\/v2\/pages"}],"about":[{"href":"https:\/\/www.leaplytics.de\/it\/wp-json\/wp\/v2\/types\/page"}],"author":[{"embeddable":true,"href":"https:\/\/www.leaplytics.de\/it\/wp-json\/wp\/v2\/users\/2"}],"replies":[{"embeddable":true,"href":"https:\/\/www.leaplytics.de\/it\/wp-json\/wp\/v2\/comments?post=14443"}],"version-history":[{"count":1,"href":"https:\/\/www.leaplytics.de\/it\/wp-json\/wp\/v2\/pages\/14443\/revisions"}],"predecessor-version":[{"id":14446,"href":"https:\/\/www.leaplytics.de\/it\/wp-json\/wp\/v2\/pages\/14443\/revisions\/14446"}],"wp:attachment":[{"href":"https:\/\/www.leaplytics.de\/it\/wp-json\/wp\/v2\/media?parent=14443"}],"curies":[{"name":"wp","href":"https:\/\/api.w.org\/{rel}","templated":true}]}}