{"id":14478,"date":"2025-12-19T01:55:18","date_gmt":"2025-12-19T00:55:18","guid":{"rendered":"https:\/\/www.leaplytics.de\/?page_id=14478"},"modified":"2025-12-19T01:55:19","modified_gmt":"2025-12-19T00:55:19","slug":"analisi-dei-clienti-segmentazione-ai","status":"publish","type":"page","link":"https:\/\/www.leaplytics.de\/it\/analisi-dei-clienti-segmentazione-ai\/","title":{"rendered":"Analisi dei clienti e segmentazione AI"},"content":{"rendered":"<h2>L'intelligenza artificiale per l'analisi e la segmentazione dei clienti: Smettere di indovinare cosa vogliono i clienti<\/h2>\n\n<p>Avete i dati dei clienti. Cronologia degli acquisti. Comportamento del sito web. Impegno nelle e-mail. Note del CRM. Biglietti di assistenza. Registri di utilizzo del prodotto.<\/p>\n<p>Tutti questi dati dovrebbero dirvi chi sono i vostri migliori clienti. Di cosa hanno bisogno. Quando stanno per andarsene. Chi \u00e8 pronto a comprare di pi\u00f9.<\/p>\n<p>Ma per trasformare i dati in approfondimenti? Questo richiede un'analisi. Un'analisi vera e propria, che non si limiti a guardare i cruscotti. E la maggior parte dei team non ha tempo per farlo.<\/p>\n<p>L'intelligenza artificiale fa l'analisi. Trova modelli di comportamento dei clienti. Crea segmenti che prevedono effettivamente i risultati. Individua i segnali di allarme prima che i clienti cambino. Il vostro team prende decisioni basate su ci\u00f2 che fanno i clienti, non su ci\u00f2 che sperate che facciano.<\/p>\n\n\n<hr class=\"wp-block-separator has-alpha-channel-opacity\"\/>\n\n\n\n<h3 class=\"wp-block-heading\">Il problema: dati ovunque, approfondimenti da nessuna parte<\/h3>\n\n\n<p>Il vostro CRM \u00e8 pieno. Gli strumenti di analisi tengono traccia di tutto. Potete creare rapporti su qualsiasi metrica vogliate.<\/p>\n<p>Ma i report non sono approfondimenti. Sapere che 23% di utenti hanno cliccato su un pulsante non vi dice perch\u00e9 o cosa fare al riguardo.<\/p>\n<p>Segmenti di marketing in base ai dati demografici, perch\u00e9 \u00e8 facile. Piccole imprese contro aziende. Costa orientale contro costa occidentale. Direttore contro vicepresidente.<\/p>\n<p>Ma i dati demografici non predicono il comportamento. Il titolo di studio di una persona non ci dice se si trasformer\u00e0. Le dimensioni dell'azienda non dicono se sono pronte per l'aggiornamento.<\/p>\n<p>Le intuizioni sono nei dati. Servono solo tempo e strumenti per trovarli. La maggior parte dei team non ha n\u00e9 l'uno n\u00e9 l'altro.<\/p>\n\n\n<hr class=\"wp-block-separator has-alpha-channel-opacity\"\/>\n\n\n\n<h3 class=\"wp-block-heading\">Cosa fa l'intelligenza artificiale per gli approfondimenti sui clienti<\/h3>\n\n\n<p>L'intelligenza artificiale analizza i dati dei clienti in scala. Trova schemi che sfuggono all'uomo. Segmenta in base al comportamento, non ai dati demografici. Prevede i risultati prima che si verifichino.<\/p>\n\n\n<h4 class=\"wp-block-heading\">Analisi del comportamento del cliente<\/h4>\n\n\n<p>Cosa fanno i clienti prima di acquistare? Prima di abbandonare? Prima di fare l'upgrade?<\/p>\n<p>L'intelligenza artificiale analizza i modelli di comportamento:\n<ul>\n<li>Quali funzioni utilizzano effettivamente i power user?<\/li>\n<li>Qual \u00e8 il percorso che porta dalla prova al cliente a pagamento?<\/li>\n<li>Quali tocchi di marketing avvengono prima che qualcuno si converta?<\/li>\n<li>Quali cambiamenti nel comportamento segnalano che qualcuno sta per andarsene?<\/li>\n<li>Quali prodotti vengono acquistati insieme?<\/li>\n<\/ul>\n<\/p>\n\n<p>Non si tratta di tirare a indovinare. Si tratta di trovare modelli reali nei vostri dati su quali comportamenti dei clienti predicono quali risultati.<\/p>\n<p>Questi schemi diventano regole. Quando un cliente corrisponde allo schema, sapete cosa probabilmente accadr\u00e0 dopo. E si pu\u00f2 agire prima che accada.<\/p>\n\n\n<h4 class=\"wp-block-heading\">Segmentazione comportamentale<\/h4>\n\n\n<p>Dimenticate i dati demografici. L'intelligenza artificiale segmenta in base a ci\u00f2 che i clienti fanno realmente:\n<ul>\n<li><strong>Utenti esperti:<\/strong> Elevato coinvolgimento, uso intensivo delle funzioni, probabilit\u00e0 di referenziare altri utenti<\/li>\n<li><strong>A rischio:<\/strong> Calo dell'utilizzo, ticket di assistenza, mancati pagamenti, modelli che predicono il churn<\/li>\n<li><strong>Potenziale di crescita:<\/strong> Utilizzano le funzioni di base ma mostrano segni di voler fare un upgrade<\/li>\n<li><strong>Valore elevato:<\/strong> Grandi acquisti, riordini frequenti, lunga permanenza in azienda<\/li>\n<li><strong>Sensibile al prezzo:<\/strong> Acquistare solo con lo sconto, abbandonare il carrello per il prezzo, confrontare i concorrenti<\/li>\n<\/ul>\n<\/p>\n\n<p>Questi segmenti prevedono i risultati. Il mercato dei power user \u00e8 diverso da quello dei clienti a rischio. Messaggi diversi. Offerte diverse. Canali diversi.<\/p>\n<p>I segmenti comportamentali funzionano perch\u00e9 si basano su ci\u00f2 che le persone fanno, non su chi sono.<\/p>\n\n\n<h4 class=\"wp-block-heading\">Previsione di abbandono<\/h4>\n\n\n<p>La maggior parte delle aziende sa che un cliente ha abbandonato la propria attivit\u00e0 dopo che se n'\u00e8 gi\u00e0 andato. A quel punto \u00e8 troppo tardi per salvarli.<\/p>\n<p>L'IA prevede il churn prima che si verifichi:\n<ul>\n<li>Utilizzo che cade<\/li>\n<li>Frequenza di accesso in calo<\/li>\n<li>Aumentano i ticket di assistenza<\/li>\n<li>Interruzione del coinvolgimento con le e-mail<\/li>\n<li>Ritardi nei pagamenti o mancati addebiti<\/li>\n<\/ul>\n<\/p>\n\n<p>Quando compaiono pi\u00f9 segnali di allarme insieme, l'IA segnala il cliente come a rischio. Il vostro team lo raggiunge in modo proattivo. Offre aiuto. Risolvere i problemi. Fornisce un incentivo a rimanere.<\/p>\n<p>Non si possono salvare tutti. Ma si possono salvare quelli che sono salvabili, se si sa che se ne vanno prima che se ne siano gi\u00e0 andati.<\/p>\n\n\n<h4 class=\"wp-block-heading\">Punteggio del valore di vita del cliente<\/h4>\n\n\n<p>Non tutti i clienti hanno lo stesso valore. Alcuni comprano una volta e poi spariscono. Altri rimarranno per anni e faranno da referenti agli amici.<\/p>\n<p>L'intelligenza artificiale calcola il valore della vita in base a:\n<ul>\n<li>Frequenza e importo degli acquisti<\/li>\n<li>Mix di prodotti e margini<\/li>\n<li>Modelli di permanenza e mantenimento<\/li>\n<li>Costi di supporto<\/li>\n<li>Comportamento di rinvio<\/li>\n<\/ul>\n<\/p>\n\n<p>I clienti ad alto potenziale ricevono maggiore attenzione. Pi\u00f9 supporto. Pi\u00f9 sensibilizzazione. Migliori offerte per renderli felici.<\/p>\n<p>I clienti con un basso livello di fatturato non vengono ignorati, ma si smette di spendere sforzi sproporzionati per loro. Le risorse vanno dove generano un ritorno.<\/p>\n\n\n<h4 class=\"wp-block-heading\">Opportunit\u00e0 di cross-selling e upselling<\/h4>\n\n\n<p>Quali clienti dovreste cercare di vendere? Cosa consigliare?<\/p>\n<p>L'intelligenza artificiale analizza i modelli di acquisto:\n<ul>\n<li>I clienti che hanno acquistato il prodotto A spesso acquistano il prodotto B successivamente<\/li>\n<li>Gli utenti del piano Basic effettuano l'upgrade quando raggiungono determinate soglie di utilizzo.<\/li>\n<li>I clienti di questo settore aggiungono in genere queste funzionalit\u00e0 dopo 3 mesi<\/li>\n<li>L'elevato coinvolgimento con la funzionalit\u00e0 X \u00e8 correlato all'acquisto del componente aggiuntivo Y<\/li>\n<\/ul>\n<\/p>\n\n<p>Questi schemi diventano raccomandazioni. Mostrare l'offerta giusta al cliente giusto al momento giusto. Non promozioni a pioggia. Suggerimenti mirati basati su ci\u00f2 che i clienti simili hanno effettivamente acquistato.<\/p>\n\n\n<h4 class=\"wp-block-heading\">Mappatura del viaggio del cliente<\/h4>\n\n\n<p>Come si muovono effettivamente i clienti nel vostro imbuto? Non il percorso che avete progettato. Il percorso che fanno loro.<\/p>\n<p>L'IA mappa percorsi reali:\n<ul>\n<li>Quali sono i punti di contatto pi\u00f9 importanti?<\/li>\n<li>Dove si blocca la gente?<\/li>\n<li>Cosa c'\u00e8 di diverso nei clienti che si convertono rispetto a quelli che non si convertono?<\/li>\n<li>Quanto dura realmente ogni fase?<\/li>\n<li>Quali passaggi si possono saltare senza danneggiare la conversione?<\/li>\n<\/ul>\n<\/p>\n\n<p>Si vede il percorso reale del cliente, non quello presunto. Quindi si ottimizza in base alla realt\u00e0.<\/p>\n\n\n<hr class=\"wp-block-separator has-alpha-channel-opacity\"\/>\n\n\n\n<h3 class=\"wp-block-heading\">Cosa significa per voi<\/h3>\n\n\n\n<h4 class=\"wp-block-heading\">Per le OCM<\/h4>\n\n\n<p>Le spese di marketing sono destinate a segmenti che convertono effettivamente. Niente pi\u00f9 campagne di massa sperando che qualcosa rimanga impresso.<\/p>\n<p>Si vede quali canali e campagne portano a clienti di alto valore, non a clienti qualsiasi. Il budget segue il ROI, non le ipotesi.<\/p>\n<p>La fidelizzazione migliora perch\u00e9 il rischio di abbandono viene individuato precocemente. Mantenere i clienti \u00e8 pi\u00f9 economico che acquisirne di nuovi. L'intelligenza artificiale vi aiuta a mantenere quelli che vale la pena mantenere.<\/p>\n<p>Prendete decisioni basate su modelli di comportamento, non su opinioni. Meno discussioni sulla strategia e pi\u00f9 test su ci\u00f2 che i dati dicono che funziona.<\/p>\n\n\n<h4 class=\"wp-block-heading\">Per i marketer<\/h4>\n\n\n<p>Segmenti che significano davvero qualcosa. Non caselle demografiche arbitrarie, ma gruppi che si comportano in modo diverso e rispondono a messaggi diversi.<\/p>\n<p>Sapete a quali clienti indirizzare le campagne. Le campagne di upsell vanno ai clienti con potenziale di crescita. Le campagne di fidelizzazione vanno ai clienti a rischio. Strategie diverse per segmenti diversi.<\/p>\n<p>Una personalizzazione che funziona perch\u00e9 si basa sul comportamento. Non state tirando a indovinare cosa risuona. Si utilizzano i modelli dei clienti che hanno gi\u00e0 convertito.<\/p>\n\n\n<h4 class=\"wp-block-heading\">Per i team di successo dei clienti<\/h4>\n\n\n<p>Sapete chi ha bisogno di aiuto prima che si muova. Un'attivit\u00e0 di sensibilizzazione proattiva invece di un controllo reattivo dei danni.<\/p>\n<p>I clienti di alto valore vengono classificati come prioritari. Sapete chi vale la pena di mantenere. Le risorse vanno dove sono pi\u00f9 importanti.<\/p>\n<p>Si vedono i motivi per cui i clienti hanno successo o falliscono. Queste conoscenze confluiscono nell'onboarding e nello sviluppo dei prodotti.<\/p>\n\n\n<h4 class=\"wp-block-heading\">Per l'azienda<\/h4>\n\n\n<p>Una migliore fidelizzazione significa ricavi pi\u00f9 prevedibili. Il tasso di abbandono diminuisce quando i problemi vengono individuati per tempo.<\/p>\n<p>Un valore medio dell'ordine pi\u00f9 elevato perch\u00e9 i cross-sell e gli upsell sono mirati. Non state infastidendo i clienti con offerte irrilevanti, ma state mostrando loro prodotti che desiderano davvero.<\/p>\n<p>L'efficienza dell'acquisizione migliora quando si sa quali tipi di clienti sono pi\u00f9 preziosi. Potete ottimizzare la qualit\u00e0, non solo la quantit\u00e0.<\/p>\n\n\n<hr class=\"wp-block-separator has-alpha-channel-opacity\"\/>\n\n\n\n<h3 class=\"wp-block-heading\">Esempi reali di intelligenza artificiale per gli approfondimenti sui clienti<\/h3>\n\n\n\n<h4 class=\"wp-block-heading\">Esempio 1: azienda SaaS<\/h4>\n\n\n<p>Un'azienda di software in abbonamento aveva un churn annuale di 12%. Sapevano che il churn era alto, ma non sapevano chi se ne sarebbe andato e perch\u00e9.<\/p>\n<p><strong>Cosa \u00e8 cambiato:<\/strong> L'intelligenza artificiale ha analizzato i modelli di comportamento dei clienti abbandonati. Ha scoperto che la diminuzione della frequenza di accesso e l'aumento dei ticket di assistenza hanno previsto 73% di abbandono 30 giorni prima che si verificasse.<\/p>\n<p><strong>Risultato:<\/strong> Il team per il successo dei clienti ha raggiunto in modo proattivo i clienti a rischio. Ha offerto formazione supplementare, ha affrontato i problemi, ha fornito incentivi. Il tasso di abbandono \u00e8 sceso a 8,5% in 6 mesi.<\/p>\n\n\n<h4 class=\"wp-block-heading\">Esempio 2: azienda di e-commerce<\/h4>\n\n\n<p>Un rivenditore online ha inviato le stesse e-mail promozionali a tutti. Sconti a tutti i clienti, indipendentemente dal comportamento di acquisto.<\/p>\n<p><strong>Cosa \u00e8 cambiato:<\/strong> L'intelligenza artificiale ha segmentato i clienti in base al comportamento. I clienti di alto valore ottengono l'accesso anticipato e prodotti esclusivi. I clienti sensibili al prezzo ottengono sconti. Gli acquirenti frequenti ottengono premi fedelt\u00e0.<\/p>\n<p><strong>Risultato:<\/strong> Il valore medio degli ordini \u00e8 aumentato di 18% perch\u00e9 i clienti di alto valore non sono stati educati ad aspettare gli sconti. Il margine \u00e8 migliorato perch\u00e9 gli sconti sono stati applicati solo ai segmenti sensibili al prezzo.<\/p>\n\n\n<h4 class=\"wp-block-heading\">Esempio 3: Societ\u00e0 di servizi B2B<\/h4>\n\n\n<p>Una societ\u00e0 di servizi professionali aveva lunghi cicli di vendita. Non riusciva a prevedere quali clienti avrebbero chiuso o quando.<\/p>\n<p><strong>Cosa \u00e8 cambiato:<\/strong> L'intelligenza artificiale ha analizzato le trattative passate. Ha scoperto che i prospect che si sono impegnati con tipi di contenuti specifici e hanno avuto interazioni con determinati stakeholder hanno avuto 4 volte pi\u00f9 probabilit\u00e0 di chiudere.<\/p>\n<p><strong>Risultato:<\/strong> Il team di vendita si \u00e8 concentrato sui potenziali clienti che mostravano questi segnali. Il tasso di vincita \u00e8 aumentato di 35%. Il ciclo di vendita si \u00e8 accorciato perch\u00e9 i rappresentanti sapevano quando i clienti erano effettivamente pronti ad acquistare.<\/p>\n\n\n<hr class=\"wp-block-separator has-alpha-channel-opacity\"\/>\n\n\n\n<h3 class=\"wp-block-heading\">Cosa non far\u00e0 l'intelligenza artificiale<\/h3>\n\n\n<p>Siamo onesti sulle limitazioni.<\/p>\n<p>L'intelligenza artificiale individua schemi, ma non spiega il perch\u00e9. Pu\u00f2 mostrare che i clienti che fanno X sono pi\u00f9 propensi ad abbandonare, ma non spiega la psicologia che c'\u00e8 dietro. \u00c8 ancora necessario il giudizio umano per interpretare le intuizioni.<\/p>\n<p>Le previsioni dell'intelligenza artificiale non sono perfette. La previsione del churn con un'accuratezza del 70-80% \u00e8 molto buona, ma significa che il 20-30% delle previsioni \u00e8 sbagliato. Non considerate i punteggi dell'intelligenza artificiale come certezze. Sono probabilit\u00e0.<\/p>\n<p>L'intelligenza artificiale non pu\u00f2 risolvere le esperienze dei clienti non funzionanti. Se il vostro prodotto non funziona, o il vostro servizio \u00e8 scadente, o il vostro prezzo \u00e8 sbagliato, l'IA vi mostrer\u00e0 il problema, ma non lo risolver\u00e0. Dovete ancora risolvere i problemi fondamentali.<\/p>\n<p>E l'intelligenza artificiale ha bisogno di dati. Se non si tiene traccia del comportamento dei clienti, non c'\u00e8 nulla da analizzare. In questo caso si applica il principio \"Garbage in, garbage out\".<\/p>\n\n\n<hr class=\"wp-block-separator has-alpha-channel-opacity\"\/>\n\n\n\n<h3 class=\"wp-block-heading\">Come iniziare<\/h3>\n\n\n<p>Non \u00e8 necessario analizzare tutto in una volta. Iniziate con le aree ad alto impatto:\n<ul>\n<li><strong>Iniziate con la previsione del numero di abbandoni.<\/strong> Questo ha un ROI immediato. Identificate i clienti a rischio, contattateli in modo proattivo e misurate se questo riduce il tasso di abbandono.<\/li>\n<li><strong>Campagna di segmento uno.<\/strong> Prendete una campagna esistente e dividetela per segmenti comportamentali. Verificate se i messaggi mirati funzionano meglio di quelli generici.<\/li>\n<li><strong>Analizzate i vostri migliori clienti.<\/strong> Che cosa hanno in comune i clienti di alto valore? Individuate lo schema, quindi cercate altri clienti come loro.<\/li>\n<li><strong>Mappare un percorso del cliente.<\/strong> Scegliete il vostro percorso di conversione principale. Osservate come i clienti lo percorrono effettivamente rispetto a come pensate che lo facciano.<\/li>\n<li><strong>Testare le raccomandazioni di cross-selling.<\/strong> Utilizzare l'intelligenza artificiale per suggerire i prodotti migliori. Confrontate la conversione con suggerimenti casuali o manuali.<\/li>\n<\/ul>\n<\/p>\n\n<p>Iniziare in piccolo. Misurare l'impatto. Scalare ci\u00f2 che funziona. L'obiettivo \u00e8 quello di ottenere informazioni utili, non modelli perfetti.<\/p>\n\n\n<hr class=\"wp-block-separator has-alpha-channel-opacity\"\/>\n\n\n\n<h3 class=\"wp-block-heading\">Il bilancio<\/h3>\n\n\n<p>Le intuizioni sui clienti derivano dai modelli di comportamento. Che cosa hanno in comune i clienti che acquistano, restano, si aggiornano e fanno riferimento? Cosa c'\u00e8 di diverso in quelli che abbandonano?<\/p>\n<p>Gli esseri umani non sono in grado di individuare modelli in migliaia di clienti attraverso decine di variabili. L'intelligenza artificiale pu\u00f2 farlo.<\/p>\n<p>Il vostro team \u00e8 ancora proprietario della strategia. Decide cosa fare con gli insight. Progettano le campagne e le esperienze dei clienti. Interpretano il significato dei dati.<\/p>\n<p>Ma non partono pi\u00f9 da ipotesi. Partono dagli schemi di ci\u00f2 che i clienti fanno realmente. Ci\u00f2 significa un migliore targeting, una maggiore fidelizzazione e decisioni basate sulla realt\u00e0.<\/p>\n\n\n<hr class=\"wp-block-separator has-alpha-channel-opacity\"\/>\n\n\n\n<h3 class=\"wp-block-heading\">Volete capire meglio i vostri clienti?<\/h3>\n\n\n<p>Ogni azienda ha dati dei clienti diversi. Modelli di comportamento diversi. Risultati diversi che contano.<\/p>\n<p>Non vendiamo analisi generiche dei clienti. Esaminiamo i vostri dati. Identifichiamo quali modelli predicono effettivamente i risultati della vostra attivit\u00e0. Costruiamo modelli che rispondono alle vostre domande specifiche.<\/p>\n<p>Poi colleghiamo gli insight ai vostri strumenti di marketing automation, CRM e customer success. Il vostro team vede segmenti e previsioni dove lavora. E agisce immediatamente in base agli insight.<\/p>\n<p>Nessun clamore. Nessuna promessa di previsioni perfette. Solo una migliore comprensione del comportamento dei clienti per prendere decisioni migliori.<\/p>\n\n<p><a href=\"https:\/\/www.leaplytics.de\/it\/kontakt\/\">Parliamo dei dati dei vostri clienti<\/a><\/p>\n\n<p><a href=\"https:\/\/www.leaplytics.de\/it\/marketing-vendite-ai\/\">Torna a Marketing e vendite AI<\/a><\/p>","protected":false},"excerpt":{"rendered":"<p>L'intelligenza artificiale per l'analisi e la segmentazione dei clienti: Smettete di indovinare cosa vogliono i clienti Avete i dati dei clienti. Cronologia degli acquisti. Comportamento del sito web. Impegno nelle e-mail. Note del CRM. Biglietti di assistenza. Registri di utilizzo dei prodotti. Tutti questi dati dovrebbero dirvi chi sono i vostri migliori clienti. Di cosa hanno bisogno. Quando stanno per andarsene. Chi \u00e8 pronto a comprare di pi\u00f9. Ma trasformare i dati ... <\/p>","protected":false},"author":2,"featured_media":0,"parent":0,"menu_order":0,"comment_status":"closed","ping_status":"closed","template":"","meta":{"footnotes":""},"class_list":["post-14478","page","type-page","status-publish","hentry","latest_post"],"_links":{"self":[{"href":"https:\/\/www.leaplytics.de\/it\/wp-json\/wp\/v2\/pages\/14478","targetHints":{"allow":["GET"]}}],"collection":[{"href":"https:\/\/www.leaplytics.de\/it\/wp-json\/wp\/v2\/pages"}],"about":[{"href":"https:\/\/www.leaplytics.de\/it\/wp-json\/wp\/v2\/types\/page"}],"author":[{"embeddable":true,"href":"https:\/\/www.leaplytics.de\/it\/wp-json\/wp\/v2\/users\/2"}],"replies":[{"embeddable":true,"href":"https:\/\/www.leaplytics.de\/it\/wp-json\/wp\/v2\/comments?post=14478"}],"version-history":[{"count":1,"href":"https:\/\/www.leaplytics.de\/it\/wp-json\/wp\/v2\/pages\/14478\/revisions"}],"predecessor-version":[{"id":14486,"href":"https:\/\/www.leaplytics.de\/it\/wp-json\/wp\/v2\/pages\/14478\/revisions\/14486"}],"wp:attachment":[{"href":"https:\/\/www.leaplytics.de\/it\/wp-json\/wp\/v2\/media?parent=14478"}],"curies":[{"name":"wp","href":"https:\/\/api.w.org\/{rel}","templated":true}]}}