{"id":14495,"date":"2025-12-19T01:58:56","date_gmt":"2025-12-19T00:58:56","guid":{"rendered":"https:\/\/www.leaplytics.de\/?page_id=14495"},"modified":"2025-12-19T01:58:57","modified_gmt":"2025-12-19T00:58:57","slug":"automazione-dei-processi-flusso-di-lavoro-ai","status":"publish","type":"page","link":"https:\/\/www.leaplytics.de\/it\/automazione-dei-processi-flusso-di-lavoro-ai\/","title":{"rendered":"Automazione dei processi e IA dei flussi di lavoro"},"content":{"rendered":"<h2>AI per l'automazione dei processi e il flusso di lavoro<\/h2>\n\n<p>Le operazioni si basano sui processi. Dall'ordine all'evasione. Dalla richiesta alla risoluzione. Un compito da portare a termine. Tutto segue delle fasi.<\/p>\n<p>Quando i processi funzionano senza intoppi, le cose scorrono. Quando non lo fanno, tutto si blocca. I compiti si accumulano. I passaggi di consegne falliscono. Le persone perdono tempo a chiedersi \"dov'\u00e8 questo?\" e \"chi ha quello?\".<\/p>\n<p>La maggior parte dei problemi di processo non sono dovuti al fatto che le persone non si preoccupano. \u00c8 perch\u00e9 i processi sono manuali. Qualcuno deve instradare questo. Qualcuno deve approvare questo. Qualcuno deve controllare se la fase precedente \u00e8 stata completata.<\/p>\n<p>L'intelligenza artificiale pu\u00f2 automatizzare le parti di routine. Non sostituisce il giudizio umano, ma gestisce solo il lavoro basato sulle regole che non ne ha bisogno.<\/p>\n<p>Il vostro team smette di inseguire i processi e inizia a risolvere i problemi.<\/p>\n\n\n<hr class=\"wp-block-separator has-alpha-channel-opacity\"\/>\n\n\n\n<h3 class=\"wp-block-heading\">Perch\u00e9 i processi manuali si interrompono<\/h3>\n\n\n<p>Avete delle SOP. Procedure documentate. Fasi chiare di come devono funzionare le cose.<\/p>\n<p>Ma l'esecuzione \u00e8 manuale. Qualcuno riceve una richiesta. Si decide chi deve gestirla. La inviano. Seguono la richiesta per assicurarsi che sia stata eseguita.<\/p>\n<p>Quando il volume \u00e8 basso, funziona. Quando il volume \u00e8 alto, le cose cadono nelle crepe:<\/p>\n<ul>\n<li>Compiti assegnati al team sbagliato<\/li>\n<li>Approvazioni in attesa nella casella di posta di qualcuno che \u00e8 fuori ufficio<\/li>\n<li>Passi saltati perch\u00e9 nessuno ha verificato il completamento<\/li>\n<li>Le eccezioni vengono colte solo quando \u00e8 troppo tardi<\/li>\n<li>Nessuno sa a che punto \u00e8 il processo<\/li>\n<\/ul>\n\n<p>Il vostro team passa pi\u00f9 tempo a coordinare che a eseguire. Riunioni per monitorare lo stato di avanzamento. Email a caccia di aggiornamenti. Escalation perch\u00e9 qualcosa si \u00e8 bloccato.<\/p>\n<p>Non perch\u00e9 le persone non sappiano fare il loro lavoro. Perch\u00e9 la coordinazione manuale non \u00e8 scalabile.<\/p>\n\n\n<hr class=\"wp-block-separator has-alpha-channel-opacity\"\/>\n\n\n\n<h3 class=\"wp-block-heading\">Cosa fa l'intelligenza artificiale per l'automazione dei processi<\/h3>\n\n\n<p>L'intelligenza artificiale gestisce il processo decisionale di routine nei vostri processi. Applica le regole all'istante. Indirizza il lavoro in modo corretto. Monitora i progressi. Cattura le eccezioni.<\/p>\n<p>Il vostro team si concentra sul lavoro in s\u00e9, non sul coordinamento che lo circonda.<\/p>\n\n\n<h4 class=\"wp-block-heading\">Instradamento intelligente dei compiti<\/h4>\n\n\n<p>Arriva un nuovo ordine. Dove va a finire? In quale magazzino? A quale team? Dipende dalla sede, dal tipo di prodotto, dai livelli di inventario, dalla capacit\u00e0 del team.<\/p>\n<p>Manualmente, qualcuno deve esaminare tutto questo e decidere. Con l'intelligenza artificiale, invece, tutto avviene istantaneamente:<\/p>\n<ul>\n<li>Analizza i dettagli della richiesta<\/li>\n<li>Controlla i carichi di lavoro attuali dei vari team<\/li>\n<li>Considera le competenze e le certificazioni necessarie<\/li>\n<li>Fattori di localizzazione e logistica<\/li>\n<li>Percorsi verso il team ottimale<\/li>\n<\/ul>\n\n<p>Non solo pi\u00f9 veloce, ma anche pi\u00f9 coerente. La stessa logica si applica ogni volta. Non ci sono variazioni in base a chi se ne occupa.<\/p>\n<p>Casi speciali? L'intelligenza artificiale li segnala per l'instradamento umano. Ma i casi di routine (che sono la maggior parte) vengono gestiti automaticamente.<\/p>\n\n\n<h4 class=\"wp-block-heading\">Gestione intelligente delle approvazioni<\/h4>\n\n\n<p>Le approvazioni rallentano tutto. Ogni acquisto deve essere approvato. Ogni eccezione deve essere approvata. Ogni modifica deve essere rivista.<\/p>\n<p>Ma la maggior parte \u00e8 di routine. Una richiesta standard nell'ambito della politica? Dovrebbe essere approvata automaticamente. Richiesta insolita che non rientra nei parametri? Dovrebbe essere inoltrata al giusto approvatore con un contesto completo.<\/p>\n<p>L'intelligenza artificiale gestisce la logica di approvazione:<\/p>\n<ul>\n<li>Richieste standard entro le soglie: auto-approvate con audit trail<\/li>\n<li>Richieste da esaminare: inoltrate al livello appropriato in base all'importo, al tipo e al rischio.<\/li>\n<li>Richieste complesse: escalation con contesto e storia completi<\/li>\n<li>Approvazioni in stallo: autoescalation in caso di attesa prolungata<\/li>\n<\/ul>\n\n<p>I vostri manager dedicano tempo alle decisioni che richiedono un giudizio. Non per approvare le richieste di routine.<\/p>\n<p>E quando qualcuno \u00e8 fuori uso? L'intelligenza artificiale si rivolge al suo backup. Nessuna richiesta bloccata in attesa di qualcuno in vacanza.<\/p>\n\n\n<h4 class=\"wp-block-heading\">Monitoraggio del processo in tempo reale<\/h4>\n\n\n<p>Dove si trova tutto? Cosa \u00e8 bloccato? Cosa rischia di non rispettare le scadenze?<\/p>\n<p>L'intelligenza artificiale segue ogni attivit\u00e0 in ogni sua fase. Non chiedendo aggiornamenti alle persone, ma monitorando automaticamente i sistemi. Lo sa:<\/p>\n<ul>\n<li>Cosa \u00e8 in corso e chi ci sta lavorando<\/li>\n<li>Cosa sta aspettando (e da quanto tempo sta aspettando)<\/li>\n<li>Cosa si avvicina alle scadenze<\/li>\n<li>Dove si formano i colli di bottiglia<\/li>\n<li>Quali processi vengono eseguiti pi\u00f9 lentamente del normale?<\/li>\n<\/ul>\n\n<p>Il cruscotto mostra lo stato in tempo reale. Non rapporti \"aggiornati a ieri\", ma in tempo reale. I vostri manager sanno quali sono le cose che richiedono attenzione, senza dover inseguire gli aggiornamenti.<\/p>\n\n\n<h4 class=\"wp-block-heading\">Rilevamento delle eccezioni che funziona davvero<\/h4>\n\n\n<p>Le eccezioni sono costose. L'ordine manca di informazioni. La fase richiede troppo tempo. Procedura non seguita correttamente. Quando qualcuno se ne accorge, \u00e8 gi\u00e0 un problema.<\/p>\n<p>L'intelligenza artificiale individua precocemente le eccezioni:<\/p>\n<ul>\n<li><strong>Dati mancanti:<\/strong> Ordine inviato senza campi obbligatori? Viene segnalato immediatamente, non quando raggiunge l'evasione.<\/li>\n<li><strong>Deviazioni di processo:<\/strong> I passaggi sono stati completati in ordine sparso? Lista di controllo saltata? L'AI se ne accorge.<\/li>\n<li><strong>Problemi di tempistica:<\/strong> Il passo richiede tre volte pi\u00f9 tempo del normale? L'intelligenza artificiale avvisa prima che la scadenza venga superata.<\/li>\n<li><strong>Problemi di qualit\u00e0:<\/strong> Il tasso di errore \u00e8 in aumento su un particolare processo? Pattern individuato precocemente.<\/li>\n<li><strong>Lacune nella conformit\u00e0:<\/strong> Manca la documentazione richiesta? Soglia di approvazione superata? Rilevato automaticamente.<\/li>\n<\/ul>\n\n<p>Il vostro team gestisce le eccezioni quando sono ancora piccole. Prima che si diffondano a cascata. Prima che i clienti ne risentano.<\/p>\n\n\n<h4 class=\"wp-block-heading\">Controllo automatico della conformit\u00e0<\/h4>\n\n\n<p>Ogni processo ha dei requisiti. Le fasi devono avvenire in ordine. La documentazione deve essere completa. Devono essere ottenute le approvazioni. Devono essere eseguiti controlli di qualit\u00e0.<\/p>\n<p>Verificare manualmente tutto questo? Qualcuno deve controllare. Nel migliore dei casi si tratta di controlli a campione. La conformit\u00e0 \u00e8 una speranza.<\/p>\n<p>L'intelligenza artificiale verifica ogni istanza:<\/p>\n<ul>\n<li>Sono stati completati tutti i passaggi richiesti?<\/li>\n<li>\u00c8 stata seguita la sequenza corretta?<\/li>\n<li>La documentazione \u00e8 completa e accurata?<\/li>\n<li>Sono state ottenute le approvazioni necessarie?<\/li>\n<li>La pista di controllo mostra chi ha fatto cosa e quando?<\/li>\n<\/ul>\n\n<p>Processo non conforme? Viene segnalata immediatamente. Non viene rilevata settimane dopo durante un audit. La vostra conformit\u00e0 \u00e8 reale, non sperata.<\/p>\n\n\n<h4 class=\"wp-block-heading\">Analisi delle prestazioni dei processi<\/h4>\n\n\n<p>Quanto tempo impiegano effettivamente i processi? Dove rallentano? Quali team sono pi\u00f9 veloci? Perch\u00e9?<\/p>\n<p>L'intelligenza artificiale tiene traccia delle metriche di performance di tutti i processi:<\/p>\n<ul>\n<li>Tempo di ciclo per tipo di processo<\/li>\n<li>Produttivit\u00e0 per team e per individuo<\/li>\n<li>Dove si verificano i ritardi (quali fasi, quali passaggi di consegne)<\/li>\n<li>Tassi di errore e frequenza di rilavorazione<\/li>\n<li>Variazione (la costanza conta quanto la velocit\u00e0)<\/li>\n<\/ul>\n\n<p>Si vede dove migliorare. Non si tratta di supposizioni, ma di guardare i dati. Questo team \u00e8 sempre pi\u00f9 veloce? Scoprite cosa fanno di diverso. Questa fase \u00e8 sempre lenta? Indagate sul perch\u00e9.<\/p>\n<p>Miglioramento dei processi basato sui fatti, non sulle sensazioni.<\/p>\n\n\n<hr class=\"wp-block-separator has-alpha-channel-opacity\"\/>\n\n\n\n<h3 class=\"wp-block-heading\">Cosa significa per voi<\/h3>\n\n\n\n<h4 class=\"wp-block-heading\">Per i direttori generali e i responsabili delle operazioni<\/h4>\n\n\n<p><strong>Esecuzione coerente in tutte le sedi.<\/strong> Le stesse regole vengono applicate ovunque. Nessuna variazione in base a chi lavora o a quanto \u00e8 occupato.<\/p>\n\n<p><strong>Operazioni scalabili.<\/strong> Gestire un volume doppio senza un organico doppio. Il lavoro di coordinamento non si moltiplica con il volume.<\/p>\n\n<p><strong>Migliore conformit\u00e0 e tracce di audit.<\/strong> Ogni processo viene documentato automaticamente. Traccia di audit completa per ogni transazione. Conformit\u00e0 per progettazione, non per controllo.<\/p>\n\n<p><strong>Visibilit\u00e0 delle operazioni.<\/strong> Cruscotto in tempo reale di ci\u00f2 che sta accadendo. Vedere i colli di bottiglia che si formano prima che diventino crisi.<\/p>\n\n<p><strong>Tassi di errore pi\u00f9 bassi.<\/strong> Il controllo automatico individua tempestivamente gli errori. Le eccezioni vengono segnalate prima che causino problemi.<\/p>\n\n\n<h4 class=\"wp-block-heading\">Per i direttori operativi<\/h4>\n\n\n<p><strong>Smettete di inseguire gli aggiornamenti di stato.<\/strong> Il sistema tiene traccia di tutto. Si vede cosa ha bisogno di attenzione senza dover chiedere in giro.<\/p>\n\n<p><strong>Concentratevi sulle eccezioni, non sulla routine.<\/strong> L'intelligenza artificiale gestisce il flusso di lavoro standard. Voi gestite i casi insoliti che richiedono un giudizio.<\/p>\n\n<p><strong>Sapere dove le cose sono bloccate.<\/strong> Non aspettate che siano i membri del team a fare l'escalation. Lo vedete in tempo reale.<\/p>\n\n<p><strong>Dati per il miglioramento.<\/strong> Sapere quali processi funzionano bene e quali devono essere corretti. Tempi di ciclo effettivi, non stime.<\/p>\n\n<p><strong>Distribuzione equa del carico di lavoro.<\/strong> Vedere chi \u00e8 sovraccarico e chi ha capacit\u00e0. Bilanciare il lavoro in base alla realt\u00e0.<\/p>\n\n\n<h4 class=\"wp-block-heading\">Per le squadre che svolgono il lavoro<\/h4>\n\n\n<p><strong>Cancella la coda dei task.<\/strong> Non dovrete pi\u00f9 chiedervi \"su cosa devo lavorare?\". Le priorit\u00e0 vengono calcolate automaticamente in base alle scadenze e all'importanza.<\/p>\n\n<p><strong>Niente pi\u00f9 inseguimenti.<\/strong> Il sistema indirizza il lavoro all'utente. Vi dice quello che dovete sapere. Se si \u00e8 bloccati, si attiva automaticamente un'escalation.<\/p>\n\n<p><strong>Meno spese di coordinamento.<\/strong> Passate il tempo a lavorare, non a coordinarvi sul lavoro. Non ci sono riunioni per monitorare lo stato di avanzamento.<\/p>\n\n<p><strong>Approvazioni rapide.<\/strong> Le cose di routine vengono approvate automaticamente. Non c'\u00e8 bisogno di aspettare giorni per avere l'approvazione di qualcuno.<\/p>\n\n<p><strong>Meno esercitazioni antincendio.<\/strong> Eccezioni catturate in anticipo. Problemi segnalati prima che esplodano. Meno panico, pi\u00f9 pianificazione.<\/p>\n\n\n<hr class=\"wp-block-separator has-alpha-channel-opacity\"\/>\n\n\n\n<h3 class=\"wp-block-heading\">Cosa non pu\u00f2 fare l'intelligenza artificiale<\/h3>\n\n\n<p>L'IA automatizza il lavoro basato su regole. Non sostituisce il giudizio. Ecco cosa ha ancora bisogno dell'uomo:<\/p>\n\n<p><strong>Gestire situazioni davvero insolite.<\/strong> L'intelligenza artificiale gestisce i casi standard e segnala le eccezioni. Ma i casi limite pi\u00f9 strani? Quelli necessitano di una soluzione umana.<\/p>\n\n<p><strong>Negoziazione e gestione delle relazioni.<\/strong> Il cliente \u00e8 arrabbiato per un ritardo? Il fornitore ha bisogno di una gestione speciale? Questo \u00e8 lavoro umano.<\/p>\n\n<p><strong>Progettare processi migliori.<\/strong> L'intelligenza artificiale rileva le prestazioni dei processi attuali. Riprogettarli per ottenere risultati migliori? \u00c8 compito del vostro team.<\/p>\n\n<p><strong>Fare delle scelte di giudizio.<\/strong> Dovremmo accelerare i tempi? Fare un'eccezione? Subire una perdita per preservare un rapporto? I computer non possono valutare questi compromessi.<\/p>\n\n<p><strong>Approvazioni complesse.<\/strong> Le approvazioni semplici (nell'ambito di $X, all'interno della politica) possono essere automatizzate. Quelle complesse (decisioni strategiche, eccezioni significative, impatti interfunzionali) richiedono una revisione umana.<\/p>\n\n<p>Pensate all'IA come se gestisse il livello di coordinamento. Il vostro team gestisce il livello di pensiero. Lo fanno solo pi\u00f9 velocemente perch\u00e9 il lavoro sporco \u00e8 gi\u00e0 stato fatto.<\/p>\n\n\n<hr class=\"wp-block-separator has-alpha-channel-opacity\"\/>\n\n\n\n<h3 class=\"wp-block-heading\">Come iniziare con l'automazione dei processi<\/h3>\n\n\n<p>Non bisogna automatizzare tutto in una volta. Iniziate con i processi a pi\u00f9 alto volume e pi\u00f9 standardizzati:<\/p>\n\n<p><strong>Buoni i primi candidati:<\/strong><\/p>\n<ul>\n<li>Instradamento e assegnazione degli ordini<\/li>\n<li>Flussi di lavoro di approvazione standard<\/li>\n<li>Richiesta di accettazione e triage<\/li>\n<li>Verifica del completamento dell'attivit\u00e0<\/li>\n<li>Notifiche di stato ed escalation<\/li>\n<\/ul>\n\n<p><strong>Non si tratta di grandi primi candidati:<\/strong><\/p>\n<ul>\n<li>Processi altamente variabili con molte eccezioni<\/li>\n<li>Processi che cambiano frequentemente<\/li>\n<li>Aree in cui il giudizio umano \u00e8 fondamentale per ogni caso<\/li>\n<li>Processi che nessuno ha ancora documentato<\/li>\n<\/ul>\n\n<p>Iniziate dove c'\u00e8 un processo chiaro, un volume elevato e un dolore evidente. Dimostrare il valore. Poi espandetevi a casi pi\u00f9 complessi.<\/p>\n\n\n<hr class=\"wp-block-separator has-alpha-channel-opacity\"\/>\n\n\n\n<h3 class=\"wp-block-heading\">Il bilancio<\/h3>\n\n\n<p>Il coordinamento manuale dei processi non \u00e8 scalabile. Pi\u00f9 volume significa pi\u00f9 spese di coordinamento. Il vostro team si ritrova a dover instradare, tracciare e inseguire, invece di svolgere il lavoro vero e proprio.<\/p>\n\n<p>L'intelligenza artificiale gestisce il coordinamento. Indirizza il lavoro in modo corretto. Controlla i progressi. Cattura le eccezioni. Mantiene la conformit\u00e0. Il tutto in modo automatico.<\/p>\n\n<p>Il vostro team lavora sul lavoro stesso. Non alle riunioni sul lavoro. Non alle e-mail che tracciano il lavoro. Non fogli di calcolo che monitorano il lavoro.<\/p>\n\n<p>Il risultato sono operazioni pi\u00f9 fluide. Tempi di ciclo pi\u00f9 rapidi. Meno errori. Migliore conformit\u00e0. E professionisti che fanno quello che sanno fare meglio, invece di inseguire i processi.<\/p>\n\n<p>Ecco cosa offre l'automazione dei processi con l'IA. Non si tratta di operazioni \"a luci spente\". Solo meno attriti e pi\u00f9 concentrazione su ci\u00f2 che conta.<\/p>\n\n\n<hr class=\"wp-block-separator has-alpha-channel-opacity\"\/>\n\n\n\n<h3 class=\"wp-block-heading\">Siete pronti ad automatizzare i vostri flussi di lavoro?<\/h3>\n\n\n<p>Ogni attivit\u00e0 ha processi diversi. Ci\u00f2 che funziona nella vostra azienda dipende dal modo in cui operate oggi.<\/p>\n\n<p>Non spingiamo strumenti generici per il flusso di lavoro. Analizziamo i vostri processi specifici. Dov'\u00e8 il sovraccarico di coordinamento? Dove si bloccano le cose? Cosa \u00e8 realistico automatizzare in base ai vostri sistemi?<\/p>\n\n<p>Poi costruiamo l'automazione che si adatta al vostro flusso di lavoro. Senza costringervi a cambiare il vostro modo di lavorare per adattarlo al software. Il software funziona come voi lavorate.<\/p>\n\n<p><a href=\"https:\/\/www.leaplytics.de\/it\/kontakt\/\">Parliamo dei vostri processi<\/a><\/p>\n\n<p><a href=\"https:\/\/www.leaplytics.de\/it\/operazioni-ai\/\">Torna a Operazioni AI<\/a><\/p>","protected":false},"excerpt":{"rendered":"<p>AI for Process Automation &#038; Workflow Operations runs on processes. Order to fulfillment. Request to resolution. Task to completion. Everything follows steps. When processes work smoothly, things flow. When they don&#8217;t, everything gets stuck. Tasks pile up. Handoffs fail. People waste time asking &#8220;where is this?&#8221; and &#8220;who has that?&#8221; Most process problems aren&#8217;t because &hellip; <\/p>","protected":false},"author":2,"featured_media":0,"parent":0,"menu_order":0,"comment_status":"closed","ping_status":"closed","template":"","meta":{"footnotes":""},"class_list":["post-14495","page","type-page","status-publish","hentry","latest_post"],"_links":{"self":[{"href":"https:\/\/www.leaplytics.de\/it\/wp-json\/wp\/v2\/pages\/14495","targetHints":{"allow":["GET"]}}],"collection":[{"href":"https:\/\/www.leaplytics.de\/it\/wp-json\/wp\/v2\/pages"}],"about":[{"href":"https:\/\/www.leaplytics.de\/it\/wp-json\/wp\/v2\/types\/page"}],"author":[{"embeddable":true,"href":"https:\/\/www.leaplytics.de\/it\/wp-json\/wp\/v2\/users\/2"}],"replies":[{"embeddable":true,"href":"https:\/\/www.leaplytics.de\/it\/wp-json\/wp\/v2\/comments?post=14495"}],"version-history":[{"count":1,"href":"https:\/\/www.leaplytics.de\/it\/wp-json\/wp\/v2\/pages\/14495\/revisions"}],"predecessor-version":[{"id":14501,"href":"https:\/\/www.leaplytics.de\/it\/wp-json\/wp\/v2\/pages\/14495\/revisions\/14501"}],"wp:attachment":[{"href":"https:\/\/www.leaplytics.de\/it\/wp-json\/wp\/v2\/media?parent=14495"}],"curies":[{"name":"wp","href":"https:\/\/api.w.org\/{rel}","templated":true}]}}