{"id":14497,"date":"2025-12-19T01:59:23","date_gmt":"2025-12-19T00:59:23","guid":{"rendered":"https:\/\/www.leaplytics.de\/?page_id=14497"},"modified":"2025-12-19T01:59:23","modified_gmt":"2025-12-19T00:59:23","slug":"pianificazione-delle-risorse-programmazione-ai","status":"publish","type":"page","link":"https:\/\/www.leaplytics.de\/it\/pianificazione-delle-risorse-programmazione-ai\/","title":{"rendered":"Pianificazione e programmazione delle risorse AI"},"content":{"rendered":"<h2>AI per la pianificazione e la programmazione delle risorse<\/h2>\n\n<p>La programmazione \u00e8 un rompicapo. Persone. Attrezzature. Compiti. Scadenze. Competenze. Capacit\u00e0. Vincoli. Ogni pezzo deve combaciare.<\/p>\n<p>E il puzzle continua a cambiare. Qualcuno si d\u00e0 malato. L'attrezzatura si rompe. Arriva un ordine urgente. Il cliente cambia i requisiti. Si ricomincia da capo.<\/p>\n<p>I vostri schedulatori passano ore a costruire programmi che funzionano. Poi passano altre ore a modificarli quando la realt\u00e0 non collabora.<\/p>\n<p>Nel frattempo, alcuni team sono sovraccarichi mentre altri hanno capacit\u00e0. Gli straordinari si accumulano in un reparto mentre un altro rimane inattivo. L'utilizzo delle attrezzature non \u00e8 uniforme. Le date di consegna slittano.<\/p>\n<p>L'intelligenza artificiale pu\u00f2 ottimizzare questo aspetto. Non perfettamente, perch\u00e9 niente \u00e8 in grado di gestire perfettamente la realt\u00e0. Ma meglio della programmazione manuale. Regolazioni pi\u00f9 rapide. Migliore utilizzo. Piani pi\u00f9 realistici.<\/p>\n\n\n<hr class=\"wp-block-separator has-alpha-channel-opacity\"\/>\n\n\n\n<h3 class=\"wp-block-heading\">Perch\u00e9 la programmazione manuale non \u00e8 scalabile<\/h3>\n\n\n<p>Le piccole aziende possono programmare manualmente. Il programmatore conosce tutti. Conosce le attrezzature. Conosce il lavoro. Si destreggia nella sua testa o in un foglio di calcolo.<\/p>\n<p>Man mano che si cresce, questo si rompe:<\/p>\n<ul>\n<li>Troppe variabili da monitorare manualmente<\/li>\n<li>Troppi vincoli da bilanciare contemporaneamente<\/li>\n<li>Le modifiche a cascata - la correzione di un programma ne interrompe un altro<\/li>\n<li>Non c'\u00e8 tempo per l'ottimizzazione: basta ottenere qualcosa che funziona<\/li>\n<li>Combattere le eccezioni invece di prevenirle<\/li>\n<\/ul>\n\n<p>I vostri programmatori sono intelligenti ed esperti. Ma stanno facendo calcoli impossibili. Bilanciare centinaia di vincoli su decine di risorse.<\/p>\n<p>Il risultato? Orari che \"funzionano\" ma non sono ottimali. Utilizzo inferiore a quello che potrebbe essere. Straordinari superiori al necessario. Prestazioni di consegna peggiori di quelle che la vostra capacit\u00e0 dovrebbe consentire.<\/p>\n<p>Non perch\u00e9 gli schedulatori non siano bravi nel loro lavoro. Perch\u00e9 il problema \u00e8 troppo complesso per l'ottimizzazione manuale.<\/p>\n\n\n<hr class=\"wp-block-separator has-alpha-channel-opacity\"\/>\n\n\n\n<h3 class=\"wp-block-heading\">Cosa fa l'intelligenza artificiale per la pianificazione e la programmazione delle risorse<\/h3>\n\n\n<p>L'intelligenza artificiale gestisce l'ottimizzazione matematica. Considera tutti i vincoli simultaneamente. Trova soluzioni pi\u00f9 velocemente di quanto possa fare l'uomo. Si adatta quando le cose cambiano.<\/p>\n<p>I vostri schedulatori forniscono il giudizio. L'intelligenza artificiale fornisce il calcolo.<\/p>\n\n\n<h4 class=\"wp-block-heading\">Generazione ottimizzata di programmi<\/h4>\n\n\n<p>L'intelligenza artificiale costruisce programmi che bilanciano tutti i vincoli contemporaneamente:<\/p>\n<ul>\n<li><strong>Domanda:<\/strong> Quale lavoro deve essere svolto e quando<\/li>\n<li><strong>Capacit\u00e0:<\/strong> Chi \u00e8 disponibile, quali attrezzature sono disponibili<\/li>\n<li><strong>Competenze:<\/strong> Chi \u00e8 qualificato per quali compiti<\/li>\n<li><strong>Vincoli:<\/strong> Schemi dei turni, requisiti per le pause, limitazioni delle attrezzature<\/li>\n<li><strong>Priorit\u00e0:<\/strong> Ordini urgenti, clienti preferiti, importanza strategica<\/li>\n<li><strong>Costi:<\/strong> Tempo regolare vs. straordinari, usura delle attrezzature, costi di allestimento<\/li>\n<\/ul>\n\n<p>Non si limita a trovare un programma che funzioni. Trova un buon programma che ottimizza l'utilizzo, minimizza i costi e rispetta le scadenze.<\/p>\n<p>Lo scheduler esamina la proposta dell'IA. Si adegua a ci\u00f2 che l'IA non conosce (relazioni con i clienti, dinamiche di squadra, priorit\u00e0 strategiche). Ma parte da una base ottimizzata, non da una tabula rasa.<\/p>\n<p>Ore di lavoro compresse in minuti.<\/p>\n\n\n<h4 class=\"wp-block-heading\">Bilanciamento intelligente del carico di lavoro<\/h4>\n\n\n<p>I carichi di lavoro sbilanciati sono costosi. Un team che fa gli straordinari mentre un altro \u00e8 inattivo. Una macchina funziona 24 ore su 24, 7 giorni su 7, mentre un'altra rimane inattiva.<\/p>\n<p>L'AI distribuisce il lavoro in base a:<\/p>\n<ul>\n<li>Carico di lavoro attuale per squadra e individuo<\/li>\n<li>Capacit\u00e0 e abilit\u00e0 di ogni risorsa<\/li>\n<li>Differenze di efficienza (alcune persone sono pi\u00f9 veloci in determinati compiti)<\/li>\n<li>Vincoli geografici o di ubicazione<\/li>\n<li>Obiettivi di formazione e sviluppo (distribuire lavoro vario per l'apprendimento)<\/li>\n<\/ul>\n\n<p>Risultato? Carichi di lavoro pi\u00f9 uniformi. Meno straordinari. Migliore utilizzo delle risorse. Meno colli di bottiglia.<\/p>\n<p>Le persone lavorano a ritmi sostenibili, invece di alternarsi tra il ritmo di lavoro e l'inattivit\u00e0.<\/p>\n\n\n<h4 class=\"wp-block-heading\">Adattamento dei programmi in tempo reale<\/h4>\n\n\n<p>Gli orari non sopravvivono al contatto con la realt\u00e0. Qualcuno si ammala. L'attrezzatura si rompe. Arriva un ordine urgente. Il cliente disdice.<\/p>\n<p>La riprogrammazione manuale richiede ore. Quando si finisce, qualcosa \u00e8 cambiato.<\/p>\n<p>L'intelligenza artificiale si adatta in tempo reale:<\/p>\n<ul>\n<li>Assenza segnalata? Riequilibrare il lavoro del team rimanente.<\/li>\n<li>Attrezzature fuori uso? Spostare i compiti su macchine alternative.<\/li>\n<li>Arriva un ordine urgente? Inseritelo e regolate tutto il resto.<\/li>\n<li>Un lavoro lungo? Le regolazioni a catena vengono effettuate in avanti.<\/li>\n<\/ul>\n\n<p>Lo scheduler esamina le modifiche suggerite dall'AI. Approva o modifica in base al contesto. Ma non ricostruisce da zero.<\/p>\n<p>Risposta pi\u00f9 rapida alle interruzioni. Meno caos. Promesse pi\u00f9 realistiche ai clienti.<\/p>\n\n\n<h4 class=\"wp-block-heading\">Previsione della capacit\u00e0<\/h4>\n\n\n<p>Avrete capacit\u00e0 sufficiente il mese prossimo? Il prossimo trimestre? Dovete assumere? Aggiungere attrezzature? Aumentare i turni?<\/p>\n<p>L'intelligenza artificiale prevede le esigenze di capacit\u00e0 in base a:<\/p>\n<ul>\n<li>Previsione della domanda (dalle vendite o da modelli storici)<\/li>\n<li>Capacit\u00e0 attuale (persone, attrezzature, tempo)<\/li>\n<li>Vincoli noti (manutenzione programmata, vacanze, formazione)<\/li>\n<li>Tassi di produttivit\u00e0 storici<\/li>\n<li>Tendenze di crescita<\/li>\n<\/ul>\n\n<p>Indica quando si raggiungeranno i limiti di capacit\u00e0. Quanto vi mancher\u00e0. Di quali tipi di risorse avete bisogno.<\/p>\n<p>Potete pianificare le aggiunte di capacit\u00e0 prima di essere disperati. Assumete in anticipo rispetto alle necessit\u00e0, non in modalit\u00e0 panico. Programmate la manutenzione nei periodi di bassa domanda, non quando vi costringe a saltare le consegne.<\/p>\n<p>Decisioni di capacit\u00e0 basate sui dati, non sull'istinto.<\/p>\n\n\n<h4 class=\"wp-block-heading\">Corrispondenza delle competenze<\/h4>\n\n\n<p>Non tutti possono svolgere tutti i lavori. Le certificazioni contano. L'esperienza conta. Il livello di competenza attuale conta.<\/p>\n<p>Tracce di IA:<\/p>\n<ul>\n<li>Chi ha quali certificazioni e qualifiche<\/li>\n<li>Chi ha esperienza con quali prodotti o processi<\/li>\n<li>Chi \u00e8 in formazione e chi \u00e8 pienamente qualificato<\/li>\n<li>Chi \u00e8 pi\u00f9 bravo in quali compiti<\/li>\n<\/ul>\n\n<p>Quando pianifica il lavoro, tiene conto dei requisiti di competenza. Abbina le persone qualificate alle mansioni. Segnala i lavori che richiedono competenze insufficienti.<\/p>\n<p>Aiuta anche a pianificare la formazione. Mostra le lacune nelle competenze. Suggerisce chi deve fare formazione trasversale su cosa.<\/p>\n<p>La persona giusta per il lavoro giusto. Migliore qualit\u00e0. Meno errori. Completamento pi\u00f9 rapido.<\/p>\n\n\n<h4 class=\"wp-block-heading\">Gestione dei vincoli<\/h4>\n\n\n<p>Ogni operazione ha dei vincoli. Attrezzature limitate. Schemi di turni. Requisiti per le pause. Disponibilit\u00e0 dei materiali. Finestre temporali dei clienti.<\/p>\n<p>L'intelligenza artificiale gestisce tutti i vincoli contemporaneamente:<\/p>\n<ul>\n<li>Assicura che nessuno sia programmato oltre la capacit\u00e0<\/li>\n<li>Rispetta gli schemi dei turni e le esigenze di pausa<\/li>\n<li>Contabilizza i tempi di impostazione tra i diversi lavori<\/li>\n<li>Considera la disponibilit\u00e0 dei materiali (non si pu\u00f2 programmare se i materiali non ci sono)<\/li>\n<li>Rispetto delle finestre di consegna dei clienti<\/li>\n<li>Bilanciamento di priorit\u00e0 contrastanti (costo vs. velocit\u00e0 vs. qualit\u00e0)<\/li>\n<\/ul>\n\n<p>Orari che funzionano nella realt\u00e0, non solo sulla carta.<\/p>\n\n\n<h4 class=\"wp-block-heading\">Analisi delle prestazioni dei programmi<\/h4>\n\n\n<p>Quanto sono precisi i vostri programmi? Dove si interrompono? Quali sono le cause dei ritardi?<\/p>\n<p>L'intelligenza artificiale tiene traccia delle prestazioni del programma:<\/p>\n<ul>\n<li>La frequenza con cui i compiti vengono portati a termine in tempo rispetto a quelli portati a termine in anticipo\/ritardo<\/li>\n<li>Quali tipi di attivit\u00e0 vengono costantemente superate<\/li>\n<li>Dove si formano i colli di bottiglia<\/li>\n<li>Quante riprogrammazioni avvengono (segno di una scarsa pianificazione iniziale)<\/li>\n<li>Tassi di utilizzo per tipo di risorsa<\/li>\n<\/ul>\n\n<p>Si vede dove le stime sono sbagliate. Dove i processi sono pi\u00f9 lenti del previsto. Dove la capacit\u00e0 \u00e8 effettivamente limitata.<\/p>\n<p>Miglioramento continuo dell'accuratezza della programmazione. Promesse migliori. Consegna pi\u00f9 affidabile.<\/p>\n\n\n<hr class=\"wp-block-separator has-alpha-channel-opacity\"\/>\n\n\n\n<h3 class=\"wp-block-heading\">Cosa significa per voi<\/h3>\n\n\n\n<h4 class=\"wp-block-heading\">Per i direttori generali e i responsabili delle operazioni<\/h4>\n\n\n<p><strong>Maggiore utilizzo delle risorse.<\/strong> Meno tempi morti. Meno carichi di lavoro irregolari. Maggiore produzione a parit\u00e0 di risorse.<\/p>\n\n<p><strong>Riduzione dei costi degli straordinari.<\/strong> Una migliore distribuzione del carico di lavoro significa un minor ricorso agli straordinari per rispettare le scadenze.<\/p>\n\n<p><strong>Migliore puntualit\u00e0 nelle consegne.<\/strong> Programmi che tengono conto di tutti i vincoli e si adattano ai cambiamenti. Meno scadenze non rispettate.<\/p>\n\n<p><strong>Pianificazione prevedibile della capacit\u00e0.<\/strong> Sapere quando avrete bisogno di pi\u00f9 risorse prima di essere a corto di risorse. Pianificate in modo proattivo le assunzioni e l'acquisto di attrezzature.<\/p>\n\n<p><strong>Pianificazione scalabile.<\/strong> Gestite la crescita senza aggiungere schedulatori. La matematica \u00e8 in grado di funzionare, la programmazione manuale no.<\/p>\n\n\n<h4 class=\"wp-block-heading\">Per i responsabili delle operazioni e della produzione<\/h4>\n\n\n<p><strong>Smettetela di passare ore e ore a fare tabelle di marcia.<\/strong> L'intelligenza artificiale esegue i calcoli di ottimizzazione. Voi vi occupate del giudizio e delle regolazioni finali.<\/p>\n\n<p><strong>Adattarsi rapidamente ai cambiamenti.<\/strong> Le interruzioni si verificano. Riprogrammate in pochi minuti, non in ore.<\/p>\n\n<p><strong>Promesse realistiche ai clienti.<\/strong> Sapere cosa si pu\u00f2 effettivamente fornire in base alla capacit\u00e0 e ai vincoli reali.<\/p>\n\n<p><strong>Visibilit\u00e0 dei vincoli.<\/strong> Vedere dove la capacit\u00e0 \u00e8 limitata. Prendere decisioni informate sugli investimenti.<\/p>\n\n<p><strong>Distribuzione equa del carico di lavoro.<\/strong> Non c'\u00e8 pi\u00f9 chi viene sbattuto mentre gli altri hanno un po' di tempo libero. Migliore morale di squadra.<\/p>\n\n\n<h4 class=\"wp-block-heading\">Per le squadre<\/h4>\n\n\n<p><strong>Orari prevedibili.<\/strong> Sapere su cosa si sta lavorando e quando. Meno sorprese dell'ultimo minuto.<\/p>\n\n<p><strong>Carichi di lavoro equi.<\/strong> Il lavoro viene distribuito in base alla capacit\u00e0, non a chi il pianificatore pensa per primo.<\/p>\n\n<p><strong>Le competenze giuste per il lavoro.<\/strong> Programmate per il lavoro per il quale siete qualificati, non gettate in situazioni per le quali non siete pronti.<\/p>\n\n<p><strong>Ritmo sostenibile.<\/strong> Meno feste o carestie. Carico di lavoro pi\u00f9 consistente.<\/p>\n\n\n<hr class=\"wp-block-separator has-alpha-channel-opacity\"\/>\n\n\n\n<h3 class=\"wp-block-heading\">Cosa non pu\u00f2 fare l'intelligenza artificiale<\/h3>\n\n\n<p>L'intelligenza artificiale ottimizza in base ai vincoli e alle priorit\u00e0 che le vengono assegnati. Ma non sostituisce il giudizio degli schedulatori:<\/p>\n\n<p><strong>Comprendere le relazioni con i clienti.<\/strong> Questo cliente \u00e8 strategico, vale la pena di dare priorit\u00e0 anche se non \u00e8 richiesto dal contratto. L'intelligenza artificiale non lo sa se non glielo dite voi.<\/p>\n\n<p><strong>Leggere le dinamiche di squadra.<\/strong> Queste due persone lavorano male insieme. La persona in questione \u00e8 alle prese con problemi personali e ha bisogno di un carico pi\u00f9 leggero. Conoscenza umana, non dati.<\/p>\n\n<p><strong>Fare compromessi strategici.<\/strong> Accettare consegne in ritardo per ridurre gli straordinari? Affrettare questo lavoro a scapito di un altro? Decisioni dipendenti dal contesto.<\/p>\n\n<p><strong>Gestire situazioni inedite.<\/strong> Una grave perturbazione, diversa da qualsiasi altro dato storico? \u00c8 necessario risolvere i problemi umani, non la matematica dell'ottimizzazione.<\/p>\n\n<p><strong>Definire le priorit\u00e0.<\/strong> AI pianifica in base a priorit\u00e0 definite dall'utente (costi, velocit\u00e0, qualit\u00e0, ecc.). Definire queste priorit\u00e0? \u00c8 una decisione aziendale.<\/p>\n\n<p>Pensate all'intelligenza artificiale come a un ottimo programmatore che lavora in pochi secondi e non commette mai errori matematici. Ma che ha ancora bisogno di indicazioni sulle priorit\u00e0 e sul contesto.<\/p>\n\n\n<hr class=\"wp-block-separator has-alpha-channel-opacity\"\/>\n\n\n\n<h3 class=\"wp-block-heading\">Come iniziare con la programmazione AI<\/h3>\n\n\n<p>Iniziare a programmare dove la programmazione \u00e8 pi\u00f9 dolorosa:<\/p>\n\n<p><strong>Pianificazione complessa con molti vincoli?<\/strong> L'intelligenza artificiale gestisce la complessit\u00e0 meglio degli esseri umani. Grandi vittorie nell'ottimizzazione.<\/p>\n\n<p><strong>Frequenti riprogrammazioni a causa di interruzioni?<\/strong> L'adattamento in tempo reale \u00e8 utile soprattutto quando i piani cambiano continuamente.<\/p>\n\n<p><strong>Utilizzo non uniforme delle risorse?<\/strong> Il bilanciamento del carico di lavoro dell'AI migliora rapidamente l'utilizzo.<\/p>\n\n<p><strong>Incertezza nella pianificazione della capacit\u00e0?<\/strong> La previsione della capacit\u00e0 vi aiuta a pianificare gli investimenti con sicurezza.<\/p>\n\n<p>Non \u00e8 necessario automatizzare tutta la programmazione in una volta sola. Iniziate con un solo reparto, un solo tipo di lavoro o un solo punto dolente. Dimostrate il vostro valore. Poi espandetevi.<\/p>\n\n\n<hr class=\"wp-block-separator has-alpha-channel-opacity\"\/>\n\n\n\n<h3 class=\"wp-block-heading\">Il bilancio<\/h3>\n\n\n<p>La programmazione \u00e8 una matematica di ottimizzazione. Pi\u00f9 complessa \u00e8 la vostra attivit\u00e0, pi\u00f9 difficile \u00e8 la matematica. La programmazione manuale raggiunge i suoi limiti con la crescita dell'azienda.<\/p>\n\n<p>L'intelligenza artificiale gestisce la complessit\u00e0 matematica. Considera tutti i vincoli contemporaneamente. Trova rapidamente soluzioni ottimizzate. Si adatta quando la realt\u00e0 cambia.<\/p>\n\n<p>I vostri schedulatori si concentrano sul giudizio, sulle priorit\u00e0 e sulle eccezioni. L'intelligenza artificiale si occupa dei calcoli.<\/p>\n\n<p>Risultato? Migliore utilizzo delle risorse. Costi pi\u00f9 bassi. Consegna pi\u00f9 affidabile. E schedulatori che pensano in modo strategico, invece di lottare con i fogli di calcolo.<\/p>\n\n<p>Ecco cosa offre l'intelligenza artificiale per la pianificazione e la programmazione delle risorse. Non sostituisce le competenze di pianificazione, ma le rende pi\u00f9 efficaci.<\/p>\n\n\n<hr class=\"wp-block-separator has-alpha-channel-opacity\"\/>\n\n\n\n<h3 class=\"wp-block-heading\">Siete pronti a ottimizzare la vostra programmazione?<\/h3>\n\n\n<p>Ogni attivit\u00e0 ha sfide diverse in termini di programmazione. I vincoli, le risorse e le priorit\u00e0 sono unici per la vostra azienda.<\/p>\n\n<p>Non proponiamo strumenti di programmazione uguali per tutti. Guardiamo alla vostra situazione specifica. Che cosa rende difficile la pianificazione per voi? Quali sono i vincoli pi\u00f9 importanti? Che cosa \u00e8 realistico in base ai vostri sistemi attuali?<\/p>\n\n<p>Poi creiamo un'ottimizzazione della programmazione che si adatta alla vostra attivit\u00e0. Senza costringervi a seguire il flusso di lavoro di qualcun altro. Soluzioni che si adattano al vostro modo di operare.<\/p>\n\n<p><a href=\"https:\/\/www.leaplytics.de\/it\/kontakt\/\">Parliamo delle vostre sfide di programmazione<\/a><\/p>\n\n<p><a href=\"https:\/\/www.leaplytics.de\/it\/operazioni-ai\/\">Torna a Operazioni AI<\/a><\/p>","protected":false},"excerpt":{"rendered":"<p>AI per la pianificazione e la programmazione delle risorse La programmazione \u00e8 un rompicapo. Persone. Attrezzature. Compiti. Scadenze. Competenze. Capacit\u00e0. Vincoli. Ogni pezzo deve combaciare. E il puzzle continua a cambiare. Qualcuno si d\u00e0 malato. Le attrezzature si rompono. Arriva un ordine urgente. Il cliente cambia i requisiti. Si ricomincia da capo. I vostri schedulatori passano ore a creare programmi che funzionano. Poi passano altre ... <\/p>","protected":false},"author":2,"featured_media":0,"parent":0,"menu_order":0,"comment_status":"closed","ping_status":"closed","template":"","meta":{"footnotes":""},"class_list":["post-14497","page","type-page","status-publish","hentry","latest_post"],"_links":{"self":[{"href":"https:\/\/www.leaplytics.de\/it\/wp-json\/wp\/v2\/pages\/14497","targetHints":{"allow":["GET"]}}],"collection":[{"href":"https:\/\/www.leaplytics.de\/it\/wp-json\/wp\/v2\/pages"}],"about":[{"href":"https:\/\/www.leaplytics.de\/it\/wp-json\/wp\/v2\/types\/page"}],"author":[{"embeddable":true,"href":"https:\/\/www.leaplytics.de\/it\/wp-json\/wp\/v2\/users\/2"}],"replies":[{"embeddable":true,"href":"https:\/\/www.leaplytics.de\/it\/wp-json\/wp\/v2\/comments?post=14497"}],"version-history":[{"count":1,"href":"https:\/\/www.leaplytics.de\/it\/wp-json\/wp\/v2\/pages\/14497\/revisions"}],"predecessor-version":[{"id":14505,"href":"https:\/\/www.leaplytics.de\/it\/wp-json\/wp\/v2\/pages\/14497\/revisions\/14505"}],"wp:attachment":[{"href":"https:\/\/www.leaplytics.de\/it\/wp-json\/wp\/v2\/media?parent=14497"}],"curies":[{"name":"wp","href":"https:\/\/api.w.org\/{rel}","templated":true}]}}