{"id":14511,"date":"2025-12-19T02:02:31","date_gmt":"2025-12-19T01:02:31","guid":{"rendered":"https:\/\/www.leaplytics.de\/?page_id=14511"},"modified":"2025-12-19T02:02:32","modified_gmt":"2025-12-19T01:02:32","slug":"requisito-dacquisto-ordinazione-ai","status":"publish","type":"page","link":"https:\/\/www.leaplytics.de\/it\/requisito-dacquisto-ordinazione-ai\/","title":{"rendered":"Richiesta di acquisto e ordinazione AI"},"content":{"rendered":"<h2>AI per la richiesta di acquisto e l'ordine: Accelerare il processo di acquisto<\/h2>\n\n<p>Le richieste di acquisto e gli ordini dovrebbero essere semplici. Qualcuno ha bisogno di qualcosa. Lo richiede. La richiesta viene approvata. L'ordine viene inviato. Fatto.<\/p>\n<p>Ma non \u00e8 semplice. Le richieste rimangono nelle caselle di posta in attesa di approvazione. I buyer elaborano manualmente gli ordini di routine. Le persone non sanno quale fornitore utilizzare. Gli ordini vanno a fornitori non convenzionati perch\u00e9 il processo di approvazione \u00e8 troppo lento.<\/p>\n<p>Il risultato? Team di approvvigionamento sommersi dal lavoro transazionale. Spesa irregolare perch\u00e9 le persone aggirano il sistema. Perdita di contratti perch\u00e9 gli ordini non seguono i termini negoziati.<\/p>\n<p>AI risolve questo problema. Elabora automaticamente le richieste standard. Gestisce le approvazioni in modo intelligente. Assicura che gli ordini siano conformi ai termini contrattuali. Rende il processo cos\u00ec veloce che le persone lo usano davvero.<\/p>\n\n\n<hr class=\"wp-block-separator has-alpha-channel-opacity\"\/>\n\n\n\n<h3 class=\"wp-block-heading\">Perch\u00e9 i processi Purchase-to-Pay sono lenti<\/h3>\n\n\n<p>Nella maggior parte delle aziende i processi da richiesta a ordine non funzionano. Non perch\u00e9 i team di approvvigionamento facciano male il loro lavoro. Perch\u00e9 il processo richiede troppo lavoro manuale.<\/p>\n<p>Qualcuno presenta una richiesta. Un acquirente deve esaminarla. Verificare se \u00e8 conforme alla politica. Determinare chi deve approvarla. Inoltrare la richiesta all'approvatore giusto. Attendere l'approvazione. Quindi crea manualmente un ordine di acquisto. Selezionare un fornitore. Immettere nuovamente tutti i dettagli.<\/p>\n<p>Per ordini standard e di routine. Ogni volta.<\/p>\n<p>I buyer passano ore a elaborare richieste che seguono gli stessi schemi. Forniture per ufficio. Componenti standard. Servizi ricorrenti. Ordini che non richiedono competenze umane, ma che vengono comunque gestiti manualmente.<\/p>\n<p>Quando il processo \u00e8 lento, le persone lo aggirano. Acquistano direttamente dai fornitori. Utilizzano carte di credito personali. Saltano le approvazioni. Le spese irregolari non sono dolose: si tratta di persone che cercano di portare a termine il proprio lavoro.<\/p>\n<p>E l'approvvigionamento perde il controllo. I fornitori che hanno stipulato un contratto non ottengono il volume promesso. Le condizioni negoziate non vengono utilizzate. La visibilit\u00e0 della spesa scompare.<\/p>\n\n\n<hr class=\"wp-block-separator has-alpha-channel-opacity\"\/>\n\n\n\n<h3 class=\"wp-block-heading\">Cosa fa l'intelligenza artificiale per le richieste di acquisto e gli ordini<\/h3>\n\n\n<p>L'intelligenza artificiale non si limita a velocizzare il processo di requisizione. Lo rende intelligente. Ecco come.<\/p>\n\n\n<h4 class=\"wp-block-heading\">Elabora automaticamente le richieste<\/h4>\n\n\n<p>L'intelligenza artificiale riceve una richiesta. Analizza ci\u00f2 che viene richiesto.<\/p>\n<p>Si tratta di un articolo standard? L'AI lo riconosce dagli ordini precedenti. Convalida la richiesta rispetto alla politica. Verifica la disponibilit\u00e0 di budget. Conferma che le informazioni richieste siano complete.<\/p>\n<p>Se tutto \u00e8 a posto, l'IA lo inoltra automaticamente per l'approvazione. Per le richieste di routine non \u00e8 necessario l'intervento dell'acquirente.<\/p>\n<p>Se qualcosa non va, l'IA segnala problemi specifici:<\/p>\n<ul>\n<li>Centro di costo o codice GL mancante<\/li>\n<li>Soglia di superamento del budget che richiede un'approvazione speciale<\/li>\n<li>L'articolo non corrisponde alle categorie approvate<\/li>\n<li>Documentazione richiesta non allegata<\/li>\n<li>Specifiche poco chiare che necessitano di chiarimenti<\/li>\n<\/ul>\n<p>Il richiedente riceve immediatamente un feedback chiaro. Non un rifiuto generico. Problemi specifici da risolvere.<\/p>\n<p>Le richieste standard passano attraverso il sistema in pochi minuti. Le richieste complesse vengono inoltrate ai buyer con un contesto che indica ci\u00f2 che deve essere esaminato.<\/p>\n\n\n<h4 class=\"wp-block-heading\">Gestisce le approvazioni in modo intelligente<\/h4>\n\n\n<p>I flussi di lavoro di approvazione sono complessi. Diversi approvatori per importi diversi. Percorsi diversi per categorie diverse. Regole diverse per i diversi reparti.<\/p>\n<p>Le persone si confondono. Le richieste vanno all'approvatore sbagliato. Vengono rimandate indietro. Ritardate mentre si cerca di capire chi deve approvare.<\/p>\n<p>L'IA conosce le regole di approvazione:<\/p>\n<ul>\n<li><strong>Instradamento basato sull'importo:<\/strong> Al di sotto di $1.000 va un solo approvatore. Per importi superiori a $10.000 \u00e8 necessaria un'ulteriore approvazione.<\/li>\n<li><strong>Routing basato sulle categorie:<\/strong> Gli acquisti informatici necessitano dell'approvazione dell'IT. Le attrezzature in conto capitale necessitano di una revisione finanziaria.<\/li>\n<li><strong>Regole del dipartimento:<\/strong> I diversi dipartimenti hanno livelli di delega e catene di approvazione differenti.<\/li>\n<li><strong>Eccezioni alla politica:<\/strong> Articoli non a catalogo. Fornitori non convenzionati. Requisiti speciali di approvazione.<\/li>\n<li><strong>Logica di sostituzione:<\/strong> L'approvatore principale non \u00e8 disponibile? Inoltrare automaticamente al sostituto designato.<\/li>\n<\/ul>\n<p>Ogni richiesta viene inviata all'approvatore giusto al primo tentativo. Nessuna confusione. Niente ritardi mentre si controlla chi deve approvare cosa.<\/p>\n<p>E gli approvatori? Ricevono il contesto di ogni richiesta. Cosa viene ordinato. Perch\u00e9. Stato del budget. Conformit\u00e0 del contratto. Se si tratta di una richiesta di routine o se necessita di un controllo. Possono approvare rapidamente, se necessario.<\/p>\n\n\n<h4 class=\"wp-block-heading\">Suggerisce i fornitori preferiti<\/h4>\n\n\n<p>Qualcuno richiede del materiale per ufficio. Quale fornitore dovreste utilizzare?<\/p>\n<p>La vostra azienda ha tre fornitori di forniture per ufficio. Ognuno di essi ha prezzi diversi per articoli diversi. Tempi di consegna diversi. Ordini minimi diversi.<\/p>\n<p>Gli acquirenti lo sanno. Hanno negoziato i contratti. Ma i richiedenti non lo sanno. E i buyer non vogliono cercare manualmente quale sia il fornitore migliore per ogni ordine.<\/p>\n<p>L'intelligenza artificiale raccomanda automaticamente i fornitori:<\/p>\n<ul>\n<li><strong>Prezzi migliori:<\/strong> Confronta i prezzi contrattuali dei vari fornitori per gli articoli richiesti.<\/li>\n<li><strong>Velocit\u00e0 di consegna:<\/strong> Fattori di urgenza e tempi di consegna dei fornitori.<\/li>\n<li><strong>Opportunit\u00e0 di consolidamento:<\/strong> Se ci sono altri ordini aperti, suggerisce di combinarli per soddisfare i requisiti dell'ordine minimo.<\/li>\n<li><strong>Conformit\u00e0 del contratto:<\/strong> D\u00e0 priorit\u00e0 ai fornitori che hanno impegni di volume da rispettare.<\/li>\n<li><strong>Prestazioni passate:<\/strong> Considera l'affidabilit\u00e0 delle consegne e la storia della qualit\u00e0.<\/li>\n<\/ul>\n<p>L'ordine di acquisto va al fornitore che offre il miglior valore. Non a caso. Non a chi il richiedente conosceva per caso. Al fornitore convenzionato con le migliori condizioni per quell'ordine specifico.<\/p>\n<p>La conformit\u00e0 del contratto aumenta. Le condizioni negoziate vengono effettivamente utilizzate. I fornitori rispettano gli impegni di volume perch\u00e9 gli ordini arrivano dove devono.<\/p>\n\n\n<h4 class=\"wp-block-heading\">Convalida degli ordini rispetto ai contratti<\/h4>\n\n\n<p>Avete negoziato i contratti per un motivo. Prezzi migliori. Condizioni concordate. Sconti sui volumi. Ma se gli ordini non corrispondono ai termini del contratto, si perdono i vantaggi.<\/p>\n<p>L'IA convalida ogni ordine rispetto ai termini del contratto:<\/p>\n<ul>\n<li><strong>Convalida del prezzo:<\/strong> Si tratta del prezzo contrattuale? In caso contrario, segnalatelo e spiegate lo scostamento.<\/li>\n<li><strong>Conformit\u00e0 al termine:<\/strong> Stiamo ordinando entro le quantit\u00e0 minime\/massime concordate?<\/li>\n<li><strong>Verifica dello sconto:<\/strong> Vengono applicati gli sconti contrattuali? Le rotture di volume sono calcolate correttamente?<\/li>\n<li><strong>Abbinamento dei prodotti:<\/strong> Si tratta di un articolo oggetto di contratto o di un sostituto simile a un prezzo diverso?<\/li>\n<li><strong>Condizioni di pagamento:<\/strong> Stiamo utilizzando i termini di pagamento negoziati o termini diversi?<\/li>\n<\/ul>\n<p>Se un ordine non corrisponde al contratto, l'AI lo segnala prima che l'ordine di acquisto venga emesso.<\/p>\n<p>Forse il prezzo \u00e8 pi\u00f9 alto di quello pattuito. Forse il fornitore ha \"accidentalmente\" eliminato uno sconto. Forse qualcuno sta ordinando un articolo non contrattualizzato quando esiste un'alternativa contrattualizzata.<\/p>\n<p>Lo si scopre prima di pagare. Non durante la riconciliazione delle fatture, quando \u00e8 troppo tardi.<\/p>\n<p>Non si tratta di diffidare dei fornitori. Si tratta di assicurarsi che le condizioni negoziate vengano effettivamente applicate a ogni ordine.<\/p>\n\n\n<h4 class=\"wp-block-heading\">Traccia lo stato degli ordini in modo proattivo<\/h4>\n\n\n<p>Gli ordini partono. Poi iniziano le domande. \"Dov'\u00e8 il mio ordine?\" \"Quando arriver\u00e0?\" \"Il fornitore ha confermato?\"<\/p>\n<p>Gli acquirenti si pongono costantemente queste domande. Controllano i sistemi. Chiamano i fornitori. Inviano e-mail. Gli aggiornamenti di stato sono un lavoro a tempo pieno.<\/p>\n<p>L'AI monitora automaticamente lo stato degli ordini:<\/p>\n<ul>\n<li><strong>Conferma del fornitore:<\/strong> Il fornitore ha confermato l'ordine? Ha accettato la data di consegna? Ha segnalato eventuali discrepanze?<\/li>\n<li><strong>Tracciabilit\u00e0 della produzione\/spedizione:<\/strong> L'ordine \u00e8 in orario? \u00c8 stato spedito? A che punto \u00e8 il transito?<\/li>\n<li><strong>Monitoraggio della consegna:<\/strong> La data di consegna prevista si avvicina. \u00c8 arrivato? \u00c8 stato ricevuto in magazzino?<\/li>\n<li><strong>Avvisi di eccezione:<\/strong> Ritardi. Arretrati. Problemi di qualit\u00e0 segnalati al ricevimento. Discrepanze di quantit\u00e0.<\/li>\n<li><strong>Comunicazione proattiva:<\/strong> Aggiorna automaticamente i richiedenti. Si rivolge agli acquirenti solo quando \u00e8 necessario un intervento.<\/li>\n<\/ul>\n<p>I richiedenti ottengono aggiornamenti sullo stato senza chiedere. Gli acquirenti si concentrano sulle eccezioni, non sui controlli di routine dello stato.<\/p>\n<p>Un ordine \u00e8 in ritardo? L'intelligenza artificiale avvisa il richiedente e l'acquirente prima che qualcuno debba chiederlo. Fornisce il contesto: perch\u00e9 \u00e8 in ritardo, la nuova data prevista, se esistono alternative.<\/p>\n<p>I problemi vengono affrontati in modo proattivo. Non vengono scoperti quando qualcuno chiede: \"Ehi, dov'\u00e8 l'ordine che ho fatto tre settimane fa?\".<\/p>\n\n\n<hr class=\"wp-block-separator has-alpha-channel-opacity\"\/>\n\n\n\n<h3 class=\"wp-block-heading\">Cosa significa per voi<\/h3>\n\n\n\n<h4 class=\"wp-block-heading\">Per i CPO e i responsabili degli acquisti<\/h4>\n\n\n<p>Ottenete il controllo e la visibilit\u00e0 dell'intero processo di acquisto e ordinazione.<\/p>\n<ul>\n<li><strong>Maggiore conformit\u00e0 al contratto:<\/strong> Gli ordini vengono inoltrati ai fornitori convenzionati. Vengono utilizzate le condizioni negoziate. Gli impegni di volume vengono rispettati.<\/li>\n<li><strong>Meno spese per i clienti:<\/strong> Quando il processo approvato \u00e8 veloce, le persone lo utilizzano invece di aggirarlo.<\/li>\n<li><strong>Cicli di approvvigionamento pi\u00f9 rapidi:<\/strong> Ordini standard elaborati in pochi minuti, non in giorni. Le esigenze aziendali vengono soddisfatte pi\u00f9 rapidamente.<\/li>\n<li><strong>Migliore allocazione delle risorse:<\/strong> I buyer lavorano su acquisti e trattative complesse, non sull'elaborazione di ordini di routine.<\/li>\n<li><strong>Visibilit\u00e0 della spesa:<\/strong> Tutti gli ordini passano attraverso il sistema. Visibilit\u00e0 completa di ci\u00f2 che viene acquistato e da chi.<\/li>\n<\/ul>\n\n\n<h4 class=\"wp-block-heading\">Per i responsabili degli acquisti e gli acquirenti<\/h4>\n\n\n<p>Smettete di essere un centro di elaborazione delle richieste e diventate una funzione strategica.<\/p>\n<ul>\n<li><strong>Interrompere l'elaborazione degli ordini di routine:<\/strong> Le richieste standard fluiscono automaticamente. Voi vi occupate solo di ci\u00f2 che deve essere gestito con competenza.<\/li>\n<li><strong>Concentrarsi sugli acquisti complessi:<\/strong> Tempo di negoziazione. Gestione delle relazioni con i fornitori. Sourcing strategico.<\/li>\n<li><strong>Migliore utilizzo del contratto:<\/strong> Gli ordini vengono inviati automaticamente ai fornitori giusti alle condizioni giuste.<\/li>\n<li><strong>Meno controlli di stato:<\/strong> Il monitoraggio automatico gestisce le domande di routine. Voi vi concentrate sulle eccezioni.<\/li>\n<li><strong>Carico di lavoro evidente:<\/strong> Sapere cosa richiede la vostra attenzione. Le cose di routine vengono gestite automaticamente.<\/li>\n<\/ul>\n\n\n<h4 class=\"wp-block-heading\">Per i richiedenti e gli utenti aziendali<\/h4>\n\n\n<p>Ottenete ci\u00f2 che vi serve, pi\u00f9 velocemente e con meno problemi.<\/p>\n<ul>\n<li><strong>Ordini pi\u00f9 veloci:<\/strong> Richieste standard approvate e ordinate in pochi minuti. Niente pi\u00f9 giorni di attesa per gli articoli di routine.<\/li>\n<li><strong>Stato libero:<\/strong> Sapere dove si trova il vostro ordine senza doverlo chiedere. Aggiornamenti proattivi sulla consegna.<\/li>\n<li><strong>Processo semplice:<\/strong> Guida chiara su ci\u00f2 che \u00e8 necessario. Feedback immediato se qualcosa non va.<\/li>\n<li><strong>Un servizio migliore:<\/strong> Fornitori preferiti suggeriti automaticamente. Tempi e condizioni di consegna ottimali.<\/li>\n<li><strong>Non ci sono pi\u00f9 soluzioni alternative:<\/strong> Il processo di approvazione \u00e8 abbastanza veloce da non richiedere l'aggiramento.<\/li>\n<\/ul>\n\n\n<hr class=\"wp-block-separator has-alpha-channel-opacity\"\/>\n\n\n\n<h3 class=\"wp-block-heading\">Cosa non far\u00e0 l'intelligenza artificiale<\/h3>\n\n\n<p>Chiariamo subito cosa non \u00e8 questo.<\/p>\n<p>L'intelligenza artificiale non approva gli acquisti. Sono gli esseri umani ad approvare. L'intelligenza artificiale si limita a indirizzare le richieste al giusto approvatore con le giuste informazioni.<\/p>\n<p>L'intelligenza artificiale non sostituisce il giudizio dell'acquirente per gli acquisti complessi. Nuovi fornitori. Articoli non standard. Attrezzature di capitale. Acquisti strategici. Per questi acquisti \u00e8 necessaria l'esperienza umana.<\/p>\n<p>L'intelligenza artificiale non elimina tutto il lavoro manuale. Alcune richieste sono complesse. Alcuni ordini richiedono una gestione speciale. Alcune situazioni richiedono un giudizio umano su rischi, qualit\u00e0 o selezione dei fornitori.<\/p>\n<p>L'intelligenza artificiale gestisce la routine. Gli ordini standard che seguono schemi. Le 80% di richieste che non necessitano di competenze umane, ma che storicamente sono state comunque gestite perch\u00e9 il processo richiedeva una gestione manuale.<\/p>\n<p>I vostri acquirenti continuano a prendere decisioni. Solo che prendono decisioni su cose che richiedono effettivamente la loro competenza.<\/p>\n\n\n<hr class=\"wp-block-separator has-alpha-channel-opacity\"\/>\n\n\n\n<h3 class=\"wp-block-heading\">Risultati reali dall'intelligenza artificiale per requisizioni e ordini<\/h3>\n\n\n<p>Ecco come si presenta in pratica:<\/p>\n\n<p><strong>70-80% delle richieste elaborate automaticamente:<\/strong> Gli ordini standard vengono evasi senza l'intervento dell'acquirente. Gli acquirenti si concentrano sui 20-30% che necessitano di competenze.<\/p>\n\n<p><strong>Riduzione del tempo di ciclo di approvazione di 50-70%:<\/strong> Le richieste vengono inoltrate immediatamente all'approvatore giusto. Nessuna confusione, nessun ritardo, nessun tira e molla.<\/p>\n\n<p><strong>Aumenti di conformit\u00e0 del contratto 15-30%:<\/strong> Gli ordini vengono automaticamente inviati ai fornitori a condizioni contrattuali. La spesa per i clienti irregolari diminuisce.<\/p>\n\n<p><strong>Capacit\u00e0 di acquisto liberata:<\/strong> Ore al giorno recuperate dall'elaborazione degli ordini di routine. Tempo riassegnato al sourcing strategico e alle trattative.<\/p>\n\n<p><strong>Migliore esperienza dell'utente:<\/strong> Abbastanza veloce da far s\u00ec che le persone utilizzino il sistema invece di trovare soluzioni alternative. Una maggiore adozione significa una migliore visibilit\u00e0 delle spese.<\/p>\n\n<p>Non si tratta di tagliare l'organico del procurement. Si tratta di permettere al procurement di svolgere un lavoro pi\u00f9 strategico con le stesse risorse.<\/p>\n\n\n<hr class=\"wp-block-separator has-alpha-channel-opacity\"\/>\n\n\n\n<h3 class=\"wp-block-heading\">Siete pronti a velocizzare il processo Purchase-to-Order?<\/h3>\n\n\n<p>Il processo di richiesta e ordinazione di ogni azienda \u00e8 diverso. I flussi di lavoro di approvazione riflettono la vostra struttura organizzativa. La vostra base di fornitori ha caratteristiche uniche. Le vostre categorie hanno requisiti diversi.<\/p>\n<p>Non vendiamo automazione generica degli acquisti. Analizziamo il vostro specifico processo di richiesta-ordine. Identifichiamo quali ordini possono essere automatizzati e quali necessitano di competenze umane. Costruiamo sistemi che corrispondono al funzionamento effettivo della vostra organizzazione.<\/p>\n<p>Non si promette che tutto sar\u00e0 automatizzato. Solo una pratica intelligenza artificiale che gestisce gli ordini di routine in modo che i vostri buyer possano concentrarsi sugli acquisti strategici.<\/p>\n\n<p><a href=\"https:\/\/www.leaplytics.de\/it\/kontakt\/\">Parliamo del vostro processo di richiesta di informazioni<\/a><\/p>\n\n<p><a href=\"https:\/\/www.leaplytics.de\/it\/sourcing-appalti-ai\/\">Torna a Sourcing &amp; Procurement AI<\/a><\/p>","protected":false},"excerpt":{"rendered":"<p>AI per le richieste di acquisto e gli ordini: Accelerare il processo di acquisto Le richieste di acquisto e gli ordini dovrebbero essere semplici. Qualcuno ha bisogno di qualcosa. Lo richiede. Viene approvata. L'ordine viene inviato. Fatto. Ma non \u00e8 semplice. Le richieste rimangono nelle caselle di posta in attesa di approvazione. Gli acquirenti elaborano manualmente gli ordini di routine. Le persone non sanno quale fornitore utilizzare. ... <\/p>","protected":false},"author":2,"featured_media":0,"parent":0,"menu_order":0,"comment_status":"closed","ping_status":"closed","template":"","meta":{"footnotes":""},"class_list":["post-14511","page","type-page","status-publish","hentry","latest_post"],"_links":{"self":[{"href":"https:\/\/www.leaplytics.de\/it\/wp-json\/wp\/v2\/pages\/14511","targetHints":{"allow":["GET"]}}],"collection":[{"href":"https:\/\/www.leaplytics.de\/it\/wp-json\/wp\/v2\/pages"}],"about":[{"href":"https:\/\/www.leaplytics.de\/it\/wp-json\/wp\/v2\/types\/page"}],"author":[{"embeddable":true,"href":"https:\/\/www.leaplytics.de\/it\/wp-json\/wp\/v2\/users\/2"}],"replies":[{"embeddable":true,"href":"https:\/\/www.leaplytics.de\/it\/wp-json\/wp\/v2\/comments?post=14511"}],"version-history":[{"count":1,"href":"https:\/\/www.leaplytics.de\/it\/wp-json\/wp\/v2\/pages\/14511\/revisions"}],"predecessor-version":[{"id":14518,"href":"https:\/\/www.leaplytics.de\/it\/wp-json\/wp\/v2\/pages\/14511\/revisions\/14518"}],"wp:attachment":[{"href":"https:\/\/www.leaplytics.de\/it\/wp-json\/wp\/v2\/media?parent=14511"}],"curies":[{"name":"wp","href":"https:\/\/api.w.org\/{rel}","templated":true}]}}