{"id":14514,"date":"2025-12-19T02:03:17","date_gmt":"2025-12-19T01:03:17","guid":{"rendered":"https:\/\/www.leaplytics.de\/?page_id=14514"},"modified":"2025-12-19T02:03:17","modified_gmt":"2025-12-19T01:03:17","slug":"gestione-del-rischio-di-performance-dei-fornitori-ai","status":"publish","type":"page","link":"https:\/\/www.leaplytics.de\/it\/gestione-del-rischio-di-performance-dei-fornitori-ai\/","title":{"rendered":"Gestione delle prestazioni e dei rischi dei fornitori AI"},"content":{"rendered":"<h2>AI per la gestione delle prestazioni e dei rischi dei fornitori: Conoscere i fornitori prima che causino problemi<\/h2>\n\n<p>La vostra attivit\u00e0 dipende dai fornitori. Forniscono i materiali di cui avete bisogno. I componenti con cui costruite. I servizi che fanno funzionare le operazioni.<\/p>\n<p>Quando i fornitori funzionano bene, non ci si pensa. Quando falliscono, tutto si ferma.<\/p>\n<p>I ritardi nelle consegne ritardano la produzione. I problemi di qualit\u00e0 creano rilavorazioni e reclami da parte dei clienti. I problemi finanziari causano interruzioni delle forniture. Le violazioni della conformit\u00e0 creano un'esposizione legale. I piccoli problemi dei fornitori diventano grandi problemi aziendali.<\/p>\n<p>Ma la maggior parte delle aziende non monitora sistematicamente le prestazioni dei fornitori. Non perch\u00e9 non ci tengano. Perch\u00e9 seguire manualmente centinaia di fornitori \u00e8 impossibile.<\/p>\n<p>Vi accorgete dei problemi dopo che vi hanno colpito. Il ritardo nella consegna che blocca la produzione. Il problema di qualit\u00e0 che raggiunge i clienti. Il fallimento di un fornitore che vi lascia a caccia di alternative.<\/p>\n<p>L'intelligenza artificiale cambia le cose. Monitora costantemente le prestazioni dei fornitori. Rileva i segnali di rischio provenienti da pi\u00f9 fonti. Avverte i problemi prima che abbiano un impatto sulle operazioni. Trasforma la lotta antincendio reattiva in gestione proattiva del rischio.<\/p>\n\n\n<hr class=\"wp-block-separator has-alpha-channel-opacity\"\/>\n\n\n\n<h3 class=\"wp-block-heading\">Perch\u00e9 la gestione delle prestazioni dei fornitori fallisce<\/h3>\n\n\n<p>La maggior parte delle aziende dispone di una qualche forma di monitoraggio delle prestazioni dei fornitori. Schede di valutazione. Revisioni aziendali trimestrali. Valutazioni annuali.<\/p>\n<p>Ma si tratta di dati retrospettivi e periodici. Raccontano cosa \u00e8 successo nell'ultimo trimestre. Non ci dicono cosa sta accadendo ora o quali problemi sono in arrivo.<\/p>\n<p>Le prestazioni di consegna di un fornitore sembrano buone nella revisione trimestrale. Ma nelle ultime tre settimane ha saltato met\u00e0 delle consegne. Nessuno se ne accorge finch\u00e9 la produzione non ne risente.<\/p>\n<p>I dati finanziari di un fornitore sembravano a posto durante la revisione annuale. Ma ha appena perso il suo cliente pi\u00f9 importante. Quando lo scoprite, il fornitore \u00e8 nei guai e lo \u00e8 anche la vostra catena di fornitura.<\/p>\n<p>E questo per i fornitori critici, per i quali si effettuano revisioni formali. Per gli altri 80% della vostra base di fornitori? Vengono monitorati solo quando i problemi diventano evidenti.<\/p>\n<p>Il monitoraggio manuale non \u00e8 scalabile. Non potete monitorare le prestazioni di consegna di 300 fornitori. Non potete monitorare le notizie finanziarie per ogni azienda da cui acquistate. Non potete controllare continuamente lo stato di conformit\u00e0.<\/p>\n<p>Quindi monitorate i grandi fornitori e sperate che gli altri non causino problemi. La speranza non \u00e8 una strategia di gestione del rischio.<\/p>\n\n\n<hr class=\"wp-block-separator has-alpha-channel-opacity\"\/>\n\n\n\n<h3 class=\"wp-block-heading\">Cosa fa l'intelligenza artificiale per la gestione delle prestazioni e dei rischi dei fornitori<\/h3>\n\n\n<p>L'intelligenza artificiale non si limita a monitorare le prestazioni dei fornitori. Prevede i problemi. Ecco come.<\/p>\n\n\n<h4 class=\"wp-block-heading\">Monitoraggio continuo delle prestazioni dei fornitori<\/h4>\n\n\n<p>L'intelligenza artificiale tiene traccia dei dati sulle prestazioni dei fornitori in tempo reale. Non revisioni trimestrali. Monitoraggio continuo di ogni transazione.<\/p>\n\n<p><strong>Monitoraggio delle consegne puntuali:<\/strong><\/p>\n<ul>\n<li>Ogni ordine. Ogni consegna. \u00c8 stata puntuale? In anticipo? In ritardo? Di quanto?<\/li>\n<li>Prestazioni di consegna per fornitore, per categoria, per periodo di tempo.<\/li>\n<li>Tendenze: Le prestazioni stanno migliorando o diminuendo?<\/li>\n<li>Variabilit\u00e0: Prestazioni costanti o imprevedibili?<\/li>\n<li>Impegni: Prestazioni effettive rispetto ai livelli di servizio previsti dal contratto.<\/li>\n<\/ul>\n<p>Le prestazioni complessive di un fornitore possono essere accettabili, ma quelle relative agli articoli critici sono scarse. L'intelligenza artificiale se ne accorge. La media di un fornitore indica 95% in tempo, ma le prestazioni recenti sono scese a 80%. L'intelligenza artificiale coglie la tendenza.<\/p>\n\n<p><strong>Metriche di qualit\u00e0:<\/strong><\/p>\n<ul>\n<li>Tassi di difettosit\u00e0. Tassi di restituzione. Requisiti di rilavorazione.<\/li>\n<li>Incidenti di qualit\u00e0 per gravit\u00e0 e frequenza.<\/li>\n<li>Conformit\u00e0 alle specifiche e agli standard.<\/li>\n<li>I reclami dei clienti sono riconducibili a problemi dei fornitori.<\/li>\n<li>Costi della qualit\u00e0: ispezioni, rilavorazioni, resi, richieste di garanzia.<\/li>\n<\/ul>\n<p>I problemi di qualit\u00e0 spesso mostrano schemi prima di diventare evidenti. I tassi di difettosit\u00e0 aumentano lentamente. Linee di prodotto specifiche che presentano problemi. L'IA identifica questi schemi in anticipo.<\/p>\n\n<p><strong>Reattivit\u00e0 e servizio:<\/strong><\/p>\n<ul>\n<li>Tempo di risposta alle richieste e ai problemi.<\/li>\n<li>Velocit\u00e0 ed efficacia nella risoluzione dei problemi.<\/li>\n<li>Flessibilit\u00e0 nel gestire cambiamenti o richieste urgenti.<\/li>\n<li>Qualit\u00e0 della comunicazione e proattivit\u00e0.<\/li>\n<li>Assistenza tecnica e competenza.<\/li>\n<\/ul>\n\n<p><strong>Prestazioni commerciali:<\/strong><\/p>\n<ul>\n<li>Accuratezza delle fatture. Problemi ed errori di fatturazione.<\/li>\n<li>Coerenza dei prezzi con i contratti.<\/li>\n<li>Rispetto dei termini di pagamento.<\/li>\n<li>Tempi di consegna del preventivo e competitivit\u00e0.<\/li>\n<\/ul>\n<p>L'intelligenza artificiale non si limita a raccogliere dati. Li analizza. Mostra le tendenze. Confronta i fornitori. Segnala il degrado delle prestazioni prima che diventi critico.<\/p>\n\n\n<h4 class=\"wp-block-heading\">Punteggi relazioni con i fornitori<\/h4>\n\n\n<p>Avete centinaia di fornitori. Quali meritano attenzione? Quali hanno buone prestazioni? Quali necessitano di discussioni per il miglioramento?<\/p>\n<p>L'intelligenza artificiale assegna un punteggio a ogni fornitore su pi\u00f9 dimensioni:<\/p>\n\n<p><strong>Punteggio di prestazione:<\/strong><\/p>\n<ul>\n<li>Combinazione ponderata di metriche di consegna, qualit\u00e0, reattivit\u00e0 e commerciali.<\/li>\n<li>Corretto per l'importanza: I fornitori critici hanno ottenuto un punteggio pi\u00f9 rigoroso.<\/li>\n<li>Rispetto agli impegni contrattuali e alle prestazioni dei pari.<\/li>\n<\/ul>\n\n<p><strong>Punteggio di rischio:<\/strong><\/p>\n<ul>\n<li>Rischio finanziario. Rischio di conformit\u00e0. Rischio operativo. Rischio geografico.<\/li>\n<li>Dipendenze da una sola fonte. Rischio di concentrazione.<\/li>\n<li>Fattori esterni: condizioni geopolitiche, normative e di mercato.<\/li>\n<\/ul>\n\n<p><strong>Punteggio di valore:<\/strong><\/p>\n<ul>\n<li>Competitivit\u00e0 dei costi. Contributo all'innovazione. Valore strategico.<\/li>\n<li>Facilit\u00e0 di gestione degli affari. Flessibilit\u00e0 e approccio di partnership.<\/li>\n<li>Valore totale oltre il prezzo.<\/li>\n<\/ul>\n\n<p><strong>Valutazione complessiva del fornitore:<\/strong><\/p>\n<ul>\n<li>Visione combinata di performance, rischio e valore.<\/li>\n<li>Segmentazione: partner strategici, fornitori preferenziali, fornitori accettabili, fornitori a rischio.<\/li>\n<li>Raccomandazioni d'azione basate sulla valutazione e sulle tendenze.<\/li>\n<\/ul>\n<p>Si ottiene un elenco di fornitori prioritari. Chi ha bisogno di una discussione sulle prestazioni? Chi merita pi\u00f9 lavoro? Chi ha bisogno di un piano di transizione?<\/p>\n<p>Non sulla base delle sensazioni o di chi si \u00e8 lamentato di pi\u00f9. Si basa su dati completi e oggettivi.<\/p>\n\n\n<h4 class=\"wp-block-heading\">Rileva precocemente i segnali di rischio<\/h4>\n\n\n<p>I problemi dei fornitori non compaiono all'improvviso. Ci sono segnali di avvertimento. L'intelligenza artificiale li osserva.<\/p>\n\n<p><strong>Segnali di rischio finanziario:<\/strong><\/p>\n<ul>\n<li>Declassamento del rating del credito. Peggioramento dei bilanci.<\/li>\n<li>Problemi di pagamento: ritardi nei pagamenti ai propri fornitori, privilegi fiscali, sentenze legali.<\/li>\n<li>Perdita di clienti importanti. Concentrazione o calo dei ricavi.<\/li>\n<li>Licenziamenti, chiusure di stabilimenti, annunci di ristrutturazioni.<\/li>\n<li>Cambi di propriet\u00e0, avvicendamenti nella dirigenza, fallimenti.<\/li>\n<\/ul>\n\n<p><strong>Segnali di rischio operativo:<\/strong><\/p>\n<ul>\n<li>Le prestazioni di consegna si riducono. Aumento dei tempi di consegna.<\/li>\n<li>Problemi di qualit\u00e0 in aumento per frequenza o gravit\u00e0.<\/li>\n<li>Vincoli di capacit\u00e0. Problemi di produzione.<\/li>\n<li>Partenze di personale chiave. Problemi di lavoro o scioperi.<\/li>\n<li>Problemi della catena di approvvigionamento che riguardano i loro fornitori.<\/li>\n<\/ul>\n\n<p><strong>Rischio di conformit\u00e0 e di reputazione:<\/strong><\/p>\n<ul>\n<li>Violazioni normative. Incidenti di sicurezza. Problemi ambientali.<\/li>\n<li>Problemi legali: cause, indagini, multe.<\/li>\n<li>Copertura giornalistica negativa. Cambiamenti del sentiment sui social media.<\/li>\n<li>Reclami dei clienti. Cambiamenti nella reputazione del settore.<\/li>\n<li>Decadenza della certificazione. Problemi di assicurazione o di licenza.<\/li>\n<\/ul>\n\n<p><strong>Rischio di mercato e rischio esterno:<\/strong><\/p>\n<ul>\n<li>Questioni geopolitiche che influenzano la localizzazione dei fornitori.<\/li>\n<li>Disastri naturali, eventi atmosferici, problemi infrastrutturali.<\/li>\n<li>Cambiamenti normativi che hanno un impatto sulle operazioni dei fornitori.<\/li>\n<li>Perturbazioni del mercato nel settore del fornitore.<\/li>\n<li>Volatilit\u00e0 dei prezzi delle materie prime che incide sui costi dei fornitori.<\/li>\n<\/ul>\n<p>L'intelligenza artificiale monitora le notizie, i database finanziari, i documenti normativi, i rapporti di settore e i dati di performance interni. Collega i segnali che non sarebbero stati colti in modo isolato.<\/p>\n<p>Un fornitore ha lievi ritardi nelle consegne. Questo \u00e8 un segnale. Lo stesso fornitore ha appena licenziato 10% di personale. Questo \u00e8 un altro segnale. Insieme, suggeriscono l'emergere di un problema pi\u00f9 grande.<\/p>\n<p>Avvisate per tempo. \u00c8 il momento di diversificare le fonti di approvvigionamento. Costruire scorte di riserva. Preparare alternative. Gestire il rischio in modo proattivo invece di reagire alle crisi.<\/p>\n\n\n<h4 class=\"wp-block-heading\">Prevede le interruzioni dell'approvvigionamento<\/h4>\n\n\n<p>Alcuni problemi dei fornitori sono prevedibili. L'intelligenza artificiale identifica i modelli che precedono le interruzioni.<\/p>\n\n<p><strong>Modelli di degrado delle prestazioni:<\/strong><\/p>\n<p>Prestazioni di consegna in calo. Qualit\u00e0 in calo. I tempi di consegna si allungano. Questi modelli spesso precedono problemi pi\u00f9 gravi.<\/p>\n<p>L'intelligenza artificiale apprende quali modelli sono correlati alle interruzioni. Segnala i fornitori che mostrano questi schemi prima che si verifichi l'interruzione.<\/p>\n\n<p><strong>Accumulo di fattori di rischio:<\/strong><\/p>\n<p>Pi\u00f9 segnali di rischio che appaiono insieme aumentano la probabilit\u00e0 di interruzione.<\/p>\n<p>Stress finanziario + problemi operativi + flessione del settore = alta probabilit\u00e0 di fallimento del fornitore. L'IA quantifica questo rischio.<\/p>\n\n<p><strong>Monitoraggio dei fattori esterni:<\/strong><\/p>\n<p>Modelli meteorologici che influenzano il raccolto per i fornitori agricoli. Scadenze normative che creano vincoli di capacit\u00e0. Congestione portuale che influisce sui programmi di consegna.<\/p>\n<p>L'intelligenza artificiale monitora i fattori esterni che prevedono le interruzioni della catena di approvvigionamento. Non perfettamente, ma con sufficiente anticipo per prepararsi.<\/p>\n\n<p><strong>Analisi della capacit\u00e0 e della domanda:<\/strong><\/p>\n<p>Fornitore con capacit\u00e0 di 90%. La domanda del settore \u00e8 in aumento. Il vostro volume \u00e8 in crescita. La matematica prevede problemi di capacit\u00e0.<\/p>\n<p>L'IA modella la capacit\u00e0 dei fornitori rispetto alla domanda. Segnala le situazioni in cui \u00e8 probabile che l'offerta sia limitata.<\/p>\n<p>La previsione delle interruzioni non \u00e8 perfetta. Ma anche un'accuratezza di 70% con un allarme precoce \u00e8 preziosa. Non si possono prevenire tutte le interruzioni. Ma ci si pu\u00f2 preparare per quelle che si vedono arrivare.<\/p>\n\n\n<h4 class=\"wp-block-heading\">Traccia lo stato di conformit\u00e0<\/h4>\n\n\n<p>I fornitori hanno requisiti di conformit\u00e0. Certificazioni. Assicurazione. Documentazione. Registri di sicurezza. Permessi ambientali.<\/p>\n<p>Queste scadono. I fornitori dimenticano di rinnovarli. O non vi informano quando ci sono problemi.<\/p>\n<p>L'IA tiene traccia dello stato di conformit\u00e0:<\/p>\n\n<p><strong>Documentazione richiesta:<\/strong><\/p>\n<ul>\n<li>Certificati di assicurazione. Importi della copertura e date di scadenza.<\/li>\n<li>Certificazioni di qualit\u00e0 (ISO, specifiche del settore). Stato attuale e date di rinnovo.<\/li>\n<li>Certificazioni di sicurezza e risultati degli audit.<\/li>\n<li>Rendiconti finanziari e informazioni sul credito.<\/li>\n<li>Licenze, permessi, registrazioni.<\/li>\n<\/ul>\n\n<p><strong>Conformit\u00e0 normativa:<\/strong><\/p>\n<ul>\n<li>Rispetto delle normative di settore. Risultati delle ispezioni.<\/li>\n<li>Conformit\u00e0 ambientale. Emissioni, rifiuti, rapporti.<\/li>\n<li>Norme sul lavoro e sulla sicurezza. Risultati dell'audit.<\/li>\n<li>Conformit\u00e0 all'import\/export. Restrizioni commerciali.<\/li>\n<li>Conformit\u00e0 alla privacy e alla sicurezza dei dati per i fornitori IT.<\/li>\n<\/ul>\n\n<p><strong>Conformit\u00e0 contrattuale:<\/strong><\/p>\n<ul>\n<li>Certificazioni richieste in base ai termini del contratto.<\/li>\n<li>Requisiti di rendicontazione. Diritti di revisione.<\/li>\n<li>Impegni per la diversit\u00e0 e la sostenibilit\u00e0.<\/li>\n<li>Riconoscimento e adesione al codice di condotta.<\/li>\n<\/ul>\n<p>L'IA tiene traccia di ci\u00f2 che \u00e8 necessario. Monitora lo stato. Avverte prima delle scadenze. Segnala problemi di conformit\u00e0.<\/p>\n<p>L'assicurazione \u00e8 scaduta da tre mesi e nessuno se n'\u00e8 accorto? L'AI se ne accorge. Certificazione non rinnovata? Invia un avviso prima che diventi un problema.<\/p>\n<p>Il monitoraggio della conformit\u00e0 non \u00e8 entusiasmante. Ma la non conformit\u00e0 \u00e8 costosa. Esposizione legale. Risultati di audit. Violazioni dei contratti con i clienti. L'intelligenza artificiale previene questi problemi.<\/p>\n\n\n<hr class=\"wp-block-separator has-alpha-channel-opacity\"\/>\n\n\n\n<h3 class=\"wp-block-heading\">Cosa significa per voi<\/h3>\n\n\n\n<h4 class=\"wp-block-heading\">Per i CPO e i responsabili degli acquisti<\/h4>\n\n\n<p>Si passa da una gestione reattiva a una gestione proattiva dei rischi dei fornitori.<\/p>\n<ul>\n<li><strong>Gestione proattiva del rischio:<\/strong> I problemi vengono segnalati prima che interrompano le operazioni. Il tempo di prepararsi invece di fare i salti mortali.<\/li>\n<li><strong>Responsabilit\u00e0 dei fornitori con i dati:<\/strong> Discussioni sulle prestazioni supportate da metriche oggettive. Aspettative e misurazioni chiare.<\/li>\n<li><strong>Catena di approvvigionamento protetta:<\/strong> Sistema di allarme precoce per i problemi dei fornitori. Riduzione dell'impatto delle interruzioni.<\/li>\n<li><strong>Miglioramento continuo:<\/strong> Il monitoraggio sistematico delle prestazioni porta al miglioramento dei fornitori nel tempo.<\/li>\n<li><strong>Gestione strategica dei fornitori:<\/strong> Sapere quali fornitori meritano investimenti e partnership. Quali devono migliorare le prestazioni. Quali devono essere sostituiti.<\/li>\n<\/ul>\n\n\n<h4 class=\"wp-block-heading\">Per i responsabili degli acquisti e gli acquirenti<\/h4>\n\n\n<p>Sapete quali fornitori guardare e avete le prove per le conversazioni difficili.<\/p>\n<ul>\n<li><strong>Conoscere i fornitori da tenere d'occhio:<\/strong> Elenco prioritario basato su prestazioni e rischi. Concentrate l'attenzione su ci\u00f2 che conta.<\/li>\n<li><strong>Prove per le conversazioni con i fornitori:<\/strong> Discussioni sulle prestazioni basate sui dati. Problemi specifici con metriche chiare.<\/li>\n<li><strong>Segnalazione tempestiva dei problemi:<\/strong> Affrontare i problemi prima che diventino critici. Gestione proattiva.<\/li>\n<li><strong>Tracciamento semplificato delle prestazioni:<\/strong> Niente pi\u00f9 schede di valutazione manuali. Raccolta e analisi dei dati automatizzate.<\/li>\n<li><strong>Verifica della conformit\u00e0:<\/strong> Conoscere lo stato di conformit\u00e0 dei fornitori senza dover monitorare manualmente i documenti.<\/li>\n<\/ul>\n\n\n<h4 class=\"wp-block-heading\">Per le operazioni e la catena di approvvigionamento<\/h4>\n\n\n<p>Ottenete una fornitura affidabile con meno interruzioni.<\/p>\n<ul>\n<li><strong>Meno interruzioni delle forniture:<\/strong> L'allarme precoce consente la preparazione. Inventario di riserva, fonti alternative, piani di emergenza.<\/li>\n<li><strong>Migliore qualit\u00e0 dei fornitori:<\/strong> Il monitoraggio e il feedback continui favoriscono il miglioramento. I problemi vengono individuati tempestivamente.<\/li>\n<li><strong>Riduzione dell'esposizione al rischio:<\/strong> Fallimenti finanziari, violazioni della conformit\u00e0, problemi operativi rilevati prima che abbiano un impatto su di voi.<\/li>\n<li><strong>Offerta prevedibile:<\/strong> Migliore visibilit\u00e0 sulla capacit\u00e0 e sul rischio dei fornitori. Meno sorprese.<\/li>\n<li><strong>Risoluzione pi\u00f9 rapida dei problemi:<\/strong> I problemi vengono identificati e risolti immediatamente. Meno tempo per scoprire i problemi.<\/li>\n<\/ul>\n\n\n<hr class=\"wp-block-separator has-alpha-channel-opacity\"\/>\n\n\n\n<h3 class=\"wp-block-heading\">Cosa non far\u00e0 l'intelligenza artificiale<\/h3>\n\n\n<p>Siamo chiari sui limiti.<\/p>\n<p>L'intelligenza artificiale fornisce visibilit\u00e0 e allarme precoce. Non gestisce le relazioni con i fornitori. Quello \u00e8 ancora un lavoro umano.<\/p>\n<p>L'intelligenza artificiale non pu\u00f2 prevedere tutte le interruzioni. Alcuni problemi si verificano all'improvviso, senza segnali di avvertimento. Alcuni fattori di rischio non compaiono nelle fonti di dati monitorate dall'IA.<\/p>\n<p>L'intelligenza artificiale non pu\u00f2 prendere decisioni strategiche sulle relazioni con i fornitori. La scelta di collaborare con un fornitore per migliorarne le prestazioni o di sostituirlo dipende da fattori che vanno oltre i dati: importanza strategica, storia della relazione, alternative disponibili, strategia aziendale.<\/p>\n<p>L'intelligenza artificiale rende visibili i problemi in anticipo. Fornire dati oggettivi sulle prestazioni. Tracciare i segnali di rischio da pi\u00f9 fonti. Crea tempo e informazioni per prendere decisioni migliori.<\/p>\n<p>Il vostro team di approvvigionamento gestisce ancora le relazioni con i fornitori. Continuano a prendere decisioni strategiche. Solo che lo fanno con informazioni migliori e con un'allerta precoce, invece di reagire a posteriori.<\/p>\n\n\n<hr class=\"wp-block-separator has-alpha-channel-opacity\"\/>\n\n\n\n<h3 class=\"wp-block-heading\">Risultati reali dall'intelligenza artificiale per la gestione delle prestazioni e dei rischi dei fornitori<\/h3>\n\n\n<p>Ecco come si presenta in pratica:<\/p>\n\n<p><strong>Prevenzione delle interruzioni:<\/strong> L'allarme precoce consente di prepararsi. Le interruzioni che avrebbero bloccato la produzione causano invece ritardi minori perch\u00e9 le alternative erano gi\u00e0 pronte.<\/p>\n\n<p><strong>Miglioramento delle prestazioni:<\/strong> Il monitoraggio continuo e le discussioni basate sui dati guidano il miglioramento dei fornitori. Miglioramento tipico delle prestazioni di consegna di 5-10 punti percentuali.<\/p>\n\n<p><strong>Evitare i rischi:<\/strong> Fallimenti finanziari, violazioni della conformit\u00e0 e crisi di qualit\u00e0 colte in anticipo. I problemi vengono affrontati prima che diventino critici.<\/p>\n\n<p><strong>Risparmio di tempo:<\/strong> Il monitoraggio automatico delle prestazioni sostituisce le scorecard manuali. I buyer passano il tempo a gestire le eccezioni, non a raccogliere dati.<\/p>\n\n<p><strong>Migliori relazioni con i fornitori:<\/strong> I dati oggettivi eliminano le emozioni dalle discussioni sulle prestazioni. I fornitori rispettano le misurazioni e rispondono ai fatti.<\/p>\n\n<p>Non si tratta di eliminare tutti i rischi dei fornitori. Il rischio esiste. Ma il rischio gestito \u00e8 diverso dal rischio non gestito. La visibilit\u00e0 e la segnalazione precoce trasformano la gestione del rischio da reattiva a proattiva.<\/p>\n\n\n<hr class=\"wp-block-separator has-alpha-channel-opacity\"\/>\n\n\n\n<h3 class=\"wp-block-heading\">Siete pronti a controllare il rischio dei fornitori?<\/h3>\n\n\n<p>La base di fornitori di ogni azienda \u00e8 diversa. Fornitori diversi. Rischi diversi. Diverse metriche di performance importanti per le vostre operazioni.<\/p>\n<p>Non vendiamo sistemi di gestione dei fornitori generici. Analizziamo la vostra base di fornitori e i vostri fattori di rischio specifici. Identifichiamo quali metriche di performance sono importanti per la vostra azienda. Creiamo un sistema di monitoraggio e di allerta che corrisponda alla vostra tolleranza al rischio e alle vostre esigenze operative.<\/p>\n<p>Non si promette che l'intelligenza artificiale possa prevedere ogni problema. Solo strumenti pratici che rendono visibili le prestazioni dei fornitori e forniscono un allarme precoce sui rischi prima che diventino crisi.<\/p>\n\n<p><a href=\"https:\/\/www.leaplytics.de\/it\/kontakt\/\">Parliamo della gestione del rischio dei fornitori<\/a><\/p>\n\n<p><a href=\"https:\/\/www.leaplytics.de\/it\/sourcing-appalti-ai\/\">Torna a Sourcing &amp; Procurement AI<\/a><\/p>","protected":false},"excerpt":{"rendered":"<p>AI for Supplier Performance &#038; Risk Management: Know Your Suppliers Before They Cause Problems Your business depends on suppliers. They deliver the materials you need. The components you build with. The services that keep operations running. When suppliers perform well, you don&#8217;t think about them. When they fail, everything stops. Late deliveries delay production. Quality &hellip; <\/p>","protected":false},"author":2,"featured_media":0,"parent":0,"menu_order":0,"comment_status":"closed","ping_status":"closed","template":"","meta":{"footnotes":""},"class_list":["post-14514","page","type-page","status-publish","hentry","latest_post"],"_links":{"self":[{"href":"https:\/\/www.leaplytics.de\/it\/wp-json\/wp\/v2\/pages\/14514","targetHints":{"allow":["GET"]}}],"collection":[{"href":"https:\/\/www.leaplytics.de\/it\/wp-json\/wp\/v2\/pages"}],"about":[{"href":"https:\/\/www.leaplytics.de\/it\/wp-json\/wp\/v2\/types\/page"}],"author":[{"embeddable":true,"href":"https:\/\/www.leaplytics.de\/it\/wp-json\/wp\/v2\/users\/2"}],"replies":[{"embeddable":true,"href":"https:\/\/www.leaplytics.de\/it\/wp-json\/wp\/v2\/comments?post=14514"}],"version-history":[{"count":1,"href":"https:\/\/www.leaplytics.de\/it\/wp-json\/wp\/v2\/pages\/14514\/revisions"}],"predecessor-version":[{"id":14523,"href":"https:\/\/www.leaplytics.de\/it\/wp-json\/wp\/v2\/pages\/14514\/revisions\/14523"}],"wp:attachment":[{"href":"https:\/\/www.leaplytics.de\/it\/wp-json\/wp\/v2\/media?parent=14514"}],"curies":[{"name":"wp","href":"https:\/\/api.w.org\/{rel}","templated":true}]}}