{"id":1785,"date":"2021-04-30T00:16:19","date_gmt":"2021-04-29T22:16:19","guid":{"rendered":"https:\/\/www.leaplytics.de\/?page_id=1785"},"modified":"2024-10-29T13:47:21","modified_gmt":"2024-10-29T12:47:21","slug":"suite-di-gestione-dei-progetti-per-qliksense","status":"publish","type":"page","link":"https:\/\/www.leaplytics.de\/it\/prima-pagina\/estensioni-di-qlik-sense\/suite-di-gestione-dei-progetti-per-qliksense\/","title":{"rendered":"Suite di gestione dei progetti per Qlik Sense"},"content":{"rendered":"<p>Liberatevi di un patchwork inadeguato e non maturo per la gestione dei progetti in Qlik Sense con la suite di gestione dei progetti LeapLytics!<\/p>\n\n\n\n<p>La Project Management Suite per Qlik Sense include tutto ci\u00f2 che serve per creare una reportistica completa sullo stato di avanzamento dei progetti. Include 3 visualizzazioni uniche: Semaforo, Matrice dei rischi e Timeline. Inoltre, sono disponibili i componenti aggiuntivi necessari per progettare il vostro cruscotto di gestione del progetto. Le estensioni offrono prestazioni elevate, un alto livello di maturit\u00e0 e usabilit\u00e0, oltre alla flessibilit\u00e0 necessaria per adattarsi alle esigenze individuali.<\/p>\n\n\n\n<p>La suite comprende importanti Add-On che migliorano realmente la creazione di un cruscotto di gestione dei progetti. I tratti divisori possono strutturare il dashboard in aree per guidare l'utente con il massimo delle prestazioni. Il Maturity Viewer fornisce maggiore chiarezza sugli stadi o sulle fasi del progetto. L'estensione Logo aziendale trasferisce il logo aziendale individuale in un oggetto QlikSense utilizzabile. La conversione del logo \u00e8 gratuita.<\/p>\n\n\n\n<p>La suite \u00e8 inoltre dotata di un'integrazione di bundling facile da usare per visualizzare le estensioni di gestione dei progetti in un colpo d'occhio. Le estensioni presentano una guida armonizzata per l'utente attraverso le impostazioni e una gestione intuitiva senza esperienza di codifica. La documentazione completa con casi d'uso relativi al business completa la facilit\u00e0 d'uso. I rilasci frequenti e solidi mantengono aggiornato il vostro caso d'uso.<\/p>\n\n\n\n<h3 class=\"wp-block-heading\">Contenuti della suite di gestione progetti per Qlik Sense<\/h3>\n\n\n\n<p>Aprire la documentazione ufficiale facendo clic sull'immagine. <\/p>\n\n\n\n<div class=\"wp-block-columns is-layout-flex wp-container-core-columns-is-layout-1 wp-block-columns-is-layout-flex\">\n<div class=\"wp-block-column is-layout-flow wp-block-column-is-layout-flow\">\n<h4 class=\"wp-block-heading\"><strong>Semaforo<\/strong><\/h4>\n<\/div>\n\n\n\n<div class=\"wp-block-column is-layout-flow wp-block-column-is-layout-flow\">\n<h4 class=\"wp-block-heading\"><strong>Mappa di calore del rischio<\/strong><\/h4>\n<\/div>\n\n\n\n<div class=\"wp-block-column is-layout-flow wp-block-column-is-layout-flow\">\n<h4 class=\"wp-block-heading\"><strong>Linea temporale<\/strong><\/h4>\n<\/div>\n\n\n\n<div class=\"wp-block-column is-layout-flow wp-block-column-is-layout-flow\">\n<h4 class=\"wp-block-heading\"><strong>Acceleratori<\/strong><\/h4>\n<\/div>\n<\/div>\n\n\n\n<div class=\"wp-block-columns is-layout-flex wp-container-core-columns-is-layout-2 wp-block-columns-is-layout-flex\">\n<div class=\"wp-block-column is-layout-flow wp-block-column-is-layout-flow\">\n<figure class=\"wp-block-image size-full\"><img loading=\"lazy\" decoding=\"async\" width=\"287\" height=\"300\" src=\"https:\/\/www.leaplytics.de\/wp-content\/uploads\/2021\/11\/TrafficLight300pixel.png\" alt=\"\" class=\"wp-image-2361\" title=\"Suite di gestione dei progetti Semaforo\" srcset=\"https:\/\/www.leaplytics.de\/wp-content\/uploads\/2021\/11\/TrafficLight300pixel.png 287w, https:\/\/www.leaplytics.de\/wp-content\/uploads\/2021\/11\/TrafficLight300pixel-57x60.png 57w\" sizes=\"auto, (max-width: 287px) 100vw, 287px\" \/><\/figure>\n<\/div>\n\n\n\n<div class=\"wp-block-column is-layout-flow wp-block-column-is-layout-flow\">\n<figure class=\"wp-block-image size-full\"><img loading=\"lazy\" decoding=\"async\" width=\"287\" height=\"300\" src=\"https:\/\/www.leaplytics.de\/wp-content\/uploads\/2021\/11\/RiskHeatmap-Kasten-Blau_300pixel.png\" alt=\"\" class=\"wp-image-2363\" title=\"Suite di gestione del progetto Mappa di calore dei rischi\" srcset=\"https:\/\/www.leaplytics.de\/wp-content\/uploads\/2021\/11\/RiskHeatmap-Kasten-Blau_300pixel.png 287w, https:\/\/www.leaplytics.de\/wp-content\/uploads\/2021\/11\/RiskHeatmap-Kasten-Blau_300pixel-57x60.png 57w\" sizes=\"auto, (max-width: 287px) 100vw, 287px\" \/><\/figure>\n<\/div>\n\n\n\n<div class=\"wp-block-column is-vertically-aligned-center is-layout-flow wp-block-column-is-layout-flow\"><div class=\"wp-block-image\">\n<figure class=\"aligncenter size-full\"><img loading=\"lazy\" decoding=\"async\" width=\"287\" height=\"300\" src=\"https:\/\/www.leaplytics.de\/wp-content\/uploads\/2021\/11\/TIMELINE_300pixel.png\" alt=\"\" class=\"wp-image-2364\" title=\"Project Management Suite Vista Milestone\" srcset=\"https:\/\/www.leaplytics.de\/wp-content\/uploads\/2021\/11\/TIMELINE_300pixel.png 287w, https:\/\/www.leaplytics.de\/wp-content\/uploads\/2021\/11\/TIMELINE_300pixel-57x60.png 57w\" sizes=\"auto, (max-width: 287px) 100vw, 287px\" \/><\/figure><\/div><\/div>\n\n\n\n<div class=\"wp-block-column is-layout-flow wp-block-column-is-layout-flow\">\n<figure class=\"wp-block-image size-full\"><img loading=\"lazy\" decoding=\"async\" width=\"567\" height=\"593\" src=\"https:\/\/www.leaplytics.de\/wp-content\/uploads\/2021\/11\/Accelerators_1_300pixel.png\" alt=\"\" class=\"wp-image-2365\" title=\"Acceleratore della suite di gestione dei progetti\" srcset=\"https:\/\/www.leaplytics.de\/wp-content\/uploads\/2021\/11\/Accelerators_1_300pixel.png 567w, https:\/\/www.leaplytics.de\/wp-content\/uploads\/2021\/11\/Accelerators_1_300pixel-287x300.png 287w, https:\/\/www.leaplytics.de\/wp-content\/uploads\/2021\/11\/Accelerators_1_300pixel-57x60.png 57w\" sizes=\"auto, (max-width: 567px) 100vw, 567px\" \/><\/figure>\n<\/div>\n<\/div>\n\n\n\n<div class=\"wp-block-columns is-layout-flex wp-container-core-columns-is-layout-3 wp-block-columns-is-layout-flex\">\n<div class=\"wp-block-column is-layout-flow wp-block-column-is-layout-flow\">\n<h6 class=\"wp-block-heading\">Cancella l'indicazione di stato<\/h6>\n\n\n\n<h6 class=\"wp-block-heading\">Gamme flessibili per tutti i tipi di unit\u00e0<\/h6>\n\n\n\n<h6 class=\"wp-block-heading\">Aspetto individuale e facilit\u00e0 d'uso<\/h6>\n<\/div>\n\n\n\n<div class=\"wp-block-column is-layout-flow wp-block-column-is-layout-flow\">\n<h6 class=\"wp-block-heading\">Profili di rischio completi<\/h6>\n\n\n\n<h6 class=\"wp-block-heading\">Griglia stabile e semplice per 2 categorie<\/h6>\n\n\n\n<h6 class=\"wp-block-heading\">Diversi set di campi e codifica dei colori<\/h6>\n<\/div>\n\n\n\n<div class=\"wp-block-column is-layout-flow wp-block-column-is-layout-flow\">\n<h6 class=\"wp-block-heading\">Visualizzazione delle pietre miliari in scala temporale<\/h6>\n\n\n\n<h6 class=\"wp-block-heading\">Scala automatica della linea temporale con inizio e fine<\/h6>\n\n\n\n<h6 class=\"wp-block-heading\">Descrizioni flessibili e colori di deviazione<\/h6>\n<\/div>\n\n\n\n<div class=\"wp-block-column is-layout-flow wp-block-column-is-layout-flow\">\n<h6 class=\"wp-block-heading\">Componenti aggiuntivi performanti<\/h6>\n\n\n\n<h6 class=\"wp-block-heading\">Logo aziendale individuale<\/h6>\n\n\n\n<h6 class=\"wp-block-heading\">Visione della maturit\u00e0 per molti casi d'uso<\/h6>\n<\/div>\n<\/div>\n\n\n\n<hr class=\"wp-block-separator has-css-opacity\"\/>\n\n\n\n<p>Iscrivetevi qui per ricevere aggiornamenti e comunicati esclusivi: <a href=\"https:\/\/www.leaplytics.de\/it\/sottoscrivere_prodotto\/\"><strong>Abbonamento<\/strong><\/a><\/p>\n\n\n\n<div class=\"wp-block-columns are-vertically-aligned-center is-layout-flex wp-container-core-columns-is-layout-4 wp-block-columns-is-layout-flex\">\n<div class=\"wp-block-column is-vertically-aligned-center is-layout-flow wp-block-column-is-layout-flow\" style=\"flex-basis:100%\">\n<p><\/p>\n<\/div>\n<\/div>\n\n\n\n<p><\/p>","protected":false},"excerpt":{"rendered":"<p>Ottenete una visione nitida dei vostri profili di rischio con la Risk Heatmap per QilkSense! L'estensione \u00e8 stata creata per visualizzare i profili misurati in una matrice di due KPI e diverse categorie. \u00c8 in grado di visualizzare pi\u00f9 indicatori (fino a 4 nella versione gratuita) per campo. Varie impostazioni, come la possibilit\u00e0 di passare facilmente da una matrice di 3\u00d73 a una di 5\u00d75 campi, le impostazioni dei bordi e del testo, adattano questa estensione alle vostre esigenze di reportistica. <\/p>\n<p>Questa estensione pu\u00f2 essere utilizzata anche per monitorare e indicare le soglie per tutti i tipi di misure fisiche, indicatori di qualit\u00e0 e divergenze in generale. In questo modo, pu\u00f2 essere applicata a un ampio numero di casi d'uso, che riguardano diverse aziende.<\/p>","protected":false},"author":1,"featured_media":0,"parent":227,"menu_order":1,"comment_status":"closed","ping_status":"closed","template":"","meta":{"footnotes":""},"class_list":["post-1785","page","type-page","status-publish","hentry","latest_post"],"_links":{"self":[{"href":"https:\/\/www.leaplytics.de\/it\/wp-json\/wp\/v2\/pages\/1785","targetHints":{"allow":["GET"]}}],"collection":[{"href":"https:\/\/www.leaplytics.de\/it\/wp-json\/wp\/v2\/pages"}],"about":[{"href":"https:\/\/www.leaplytics.de\/it\/wp-json\/wp\/v2\/types\/page"}],"author":[{"embeddable":true,"href":"https:\/\/www.leaplytics.de\/it\/wp-json\/wp\/v2\/users\/1"}],"replies":[{"embeddable":true,"href":"https:\/\/www.leaplytics.de\/it\/wp-json\/wp\/v2\/comments?post=1785"}],"version-history":[{"count":3,"href":"https:\/\/www.leaplytics.de\/it\/wp-json\/wp\/v2\/pages\/1785\/revisions"}],"predecessor-version":[{"id":13665,"href":"https:\/\/www.leaplytics.de\/it\/wp-json\/wp\/v2\/pages\/1785\/revisions\/13665"}],"up":[{"embeddable":true,"href":"https:\/\/www.leaplytics.de\/it\/wp-json\/wp\/v2\/pages\/227"}],"wp:attachment":[{"href":"https:\/\/www.leaplytics.de\/it\/wp-json\/wp\/v2\/media?parent=1785"}],"curies":[{"name":"wp","href":"https:\/\/api.w.org\/{rel}","templated":true}]}}