{"id":6464,"date":"2022-04-25T20:31:18","date_gmt":"2022-04-25T18:31:18","guid":{"rendered":"https:\/\/www.leaplytics.de\/?page_id=6464"},"modified":"2022-04-26T20:20:47","modified_gmt":"2022-04-26T18:20:47","slug":"estensioni-del-cruscotto-di-qlik-sense","status":"publish","type":"page","link":"https:\/\/www.leaplytics.de\/it\/estensioni-del-cruscotto-di-qlik-sense\/","title":{"rendered":"Cruscotto ed estensioni di Qlik Sense"},"content":{"rendered":"<p style=\"font-size:18px\"><strong>Efficiente e legato al business<\/strong> \u00e8 il marchio di LeapLytics e il valore aggiunto delle nostre soluzioni.<\/p>\n\n\n\n<figure class=\"wp-block-image size-full\"><img loading=\"lazy\" decoding=\"async\" width=\"1510\" height=\"785\" src=\"https:\/\/www.leaplytics.de\/wp-content\/uploads\/2022\/04\/Dashboard_QlikSense.png\" alt=\"\" class=\"wp-image-6468\" srcset=\"https:\/\/www.leaplytics.de\/wp-content\/uploads\/2022\/04\/Dashboard_QlikSense.png 1510w, https:\/\/www.leaplytics.de\/wp-content\/uploads\/2022\/04\/Dashboard_QlikSense-300x156.png 300w, https:\/\/www.leaplytics.de\/wp-content\/uploads\/2022\/04\/Dashboard_QlikSense-1024x532.png 1024w, https:\/\/www.leaplytics.de\/wp-content\/uploads\/2022\/04\/Dashboard_QlikSense-768x399.png 768w, https:\/\/www.leaplytics.de\/wp-content\/uploads\/2022\/04\/Dashboard_QlikSense-115x60.png 115w\" sizes=\"auto, (max-width: 1510px) 100vw, 1510px\" \/><\/figure>\n\n\n\n<div class=\"wp-block-buttons is-content-justification-center is-layout-flex wp-container-core-buttons-is-layout-1 wp-block-buttons-is-layout-flex\">\n<div class=\"wp-block-button\"><a class=\"wp-block-button__link has-background\" href=\"https:\/\/www.leaplytics.de\/it\/prima-pagina\/cruscotto-di-gestione-dei-progetti-qlik-sense\/\" style=\"background:linear-gradient(135deg,rgb(202,248,128) 0%,rgb(0,152,69) 100%)\">Mostra cruscotto<\/a><\/div>\n<\/div>\n\n\n\n<div style=\"height:100px\" aria-hidden=\"true\" class=\"wp-block-spacer\"><\/div>\n\n\n\n<p style=\"font-size:18px\">Le nostre estensioni per la gestione dei progetti sono ufficialmente approvate da Qlik e incorporano le vostre soluzioni individuali. Utilizzate le diverse possibilit\u00e0 per migliorare il vostro dashboard e per realizzare le vostre idee. Le estensioni seguono una struttura chiara e sono costruite tenendo conto dell'utente, in modo da renderle il pi\u00f9 intuitive possibile senza rinunciare a funzionalit\u00e0 importanti.<\/p>\n\n\n\n<div style=\"height:100px\" aria-hidden=\"true\" class=\"wp-block-spacer\"><\/div>\n\n\n\n<div class=\"wp-block-media-text alignwide is-stacked-on-mobile\" style=\"grid-template-columns:60% auto\"><figure class=\"wp-block-media-text__media\"><img loading=\"lazy\" decoding=\"async\" width=\"1024\" height=\"576\" src=\"https:\/\/www.leaplytics.de\/wp-content\/uploads\/2022\/04\/First_Slice_Traffic_Light_QlikSense_green-1024x576.png\" alt=\"\" class=\"wp-image-6469 size-full\" srcset=\"https:\/\/www.leaplytics.de\/wp-content\/uploads\/2022\/04\/First_Slice_Traffic_Light_QlikSense_green-1024x576.png 1024w, https:\/\/www.leaplytics.de\/wp-content\/uploads\/2022\/04\/First_Slice_Traffic_Light_QlikSense_green-300x169.png 300w, https:\/\/www.leaplytics.de\/wp-content\/uploads\/2022\/04\/First_Slice_Traffic_Light_QlikSense_green-768x432.png 768w, https:\/\/www.leaplytics.de\/wp-content\/uploads\/2022\/04\/First_Slice_Traffic_Light_QlikSense_green-107x60.png 107w, https:\/\/www.leaplytics.de\/wp-content\/uploads\/2022\/04\/First_Slice_Traffic_Light_QlikSense_green.png 1140w\" sizes=\"auto, (max-width: 1024px) 100vw, 1024px\" \/><\/figure><div class=\"wp-block-media-text__content\">\n<p style=\"font-size:30px\"><strong>Semaforo <\/strong><em>Estensione<\/em><\/p>\n\n\n\n<p style=\"font-size:18px\">Tenete traccia dello stato del vostro progetto e di qualsiasi tipo di soglia con questa soluzione semaforica visiva! Questo \u00e8 l'obiettivo principale di questa estensione semaforo. \"Traffic Light\" \u00e8 un'estensione Qlik Sense altamente personalizzabile per il monitoraggio dei KPI. <\/p>\n<\/div><\/div>\n\n\n\n<div class=\"wp-block-media-text alignwide has-media-on-the-right is-stacked-on-mobile\" style=\"grid-template-columns:auto 40%\"><figure class=\"wp-block-media-text__media\"><img loading=\"lazy\" decoding=\"async\" width=\"1024\" height=\"576\" src=\"https:\/\/www.leaplytics.de\/wp-content\/uploads\/2022\/04\/Second_Slice_Traffic_light_QlikSense_green-1024x576.png\" alt=\"\" class=\"wp-image-6470 size-full\" srcset=\"https:\/\/www.leaplytics.de\/wp-content\/uploads\/2022\/04\/Second_Slice_Traffic_light_QlikSense_green-1024x576.png 1024w, https:\/\/www.leaplytics.de\/wp-content\/uploads\/2022\/04\/Second_Slice_Traffic_light_QlikSense_green-300x169.png 300w, https:\/\/www.leaplytics.de\/wp-content\/uploads\/2022\/04\/Second_Slice_Traffic_light_QlikSense_green-768x432.png 768w, https:\/\/www.leaplytics.de\/wp-content\/uploads\/2022\/04\/Second_Slice_Traffic_light_QlikSense_green-107x60.png 107w, https:\/\/www.leaplytics.de\/wp-content\/uploads\/2022\/04\/Second_Slice_Traffic_light_QlikSense_green.png 1140w\" sizes=\"auto, (max-width: 1024px) 100vw, 1024px\" \/><\/figure><div class=\"wp-block-media-text__content\">\n<p style=\"font-size:18px\">L'estensione Traffic Light per Qlik Sense pu\u00f2 essere utilizzata anche per monitorare e indicare le soglie per tutti i tipi di misure fisiche, indicatori di qualit\u00e0 e divergenze in generale. Pu\u00f2 essere applicata a un ampio numero di casi d'uso, che riguardano diverse aziende.<\/p>\n\n\n\n<div class=\"wp-block-buttons is-layout-flex wp-block-buttons-is-layout-flex\">\n<div class=\"wp-block-button\"><a class=\"wp-block-button__link has-very-light-gray-to-cyan-bluish-gray-gradient-background has-background\" href=\"https:\/\/www.leaplytics.de\/it\/prima-pagina\/estensioni-di-qlik-sense\/estensione-semaforica-per-qliksense\/\"> Per saperne di pi\u00f9<\/a><\/div>\n<\/div>\n<\/div><\/div>\n\n\n\n<div style=\"height:100px\" aria-hidden=\"true\" class=\"wp-block-spacer\"><\/div>\n\n\n\n<div style=\"height:100px\" aria-hidden=\"true\" class=\"wp-block-spacer\"><\/div>\n\n\n\n<div class=\"wp-block-media-text alignwide is-stacked-on-mobile\" style=\"grid-template-columns:60% auto\"><figure class=\"wp-block-media-text__media\"><img loading=\"lazy\" decoding=\"async\" width=\"1024\" height=\"576\" src=\"https:\/\/www.leaplytics.de\/wp-content\/uploads\/2022\/04\/First_Slice_Risk_Map_QlikSense_stone-1024x576.png\" alt=\"\" class=\"wp-image-6471 size-full\" srcset=\"https:\/\/www.leaplytics.de\/wp-content\/uploads\/2022\/04\/First_Slice_Risk_Map_QlikSense_stone-1024x576.png 1024w, https:\/\/www.leaplytics.de\/wp-content\/uploads\/2022\/04\/First_Slice_Risk_Map_QlikSense_stone-300x169.png 300w, https:\/\/www.leaplytics.de\/wp-content\/uploads\/2022\/04\/First_Slice_Risk_Map_QlikSense_stone-768x432.png 768w, https:\/\/www.leaplytics.de\/wp-content\/uploads\/2022\/04\/First_Slice_Risk_Map_QlikSense_stone-107x60.png 107w, https:\/\/www.leaplytics.de\/wp-content\/uploads\/2022\/04\/First_Slice_Risk_Map_QlikSense_stone.png 1140w\" sizes=\"auto, (max-width: 1024px) 100vw, 1024px\" \/><\/figure><div class=\"wp-block-media-text__content\">\n<p style=\"font-size:30px\"><strong>Mappa di calore del rischio <\/strong><em>Estensione<\/em><\/p>\n\n\n\n<p style=\"font-size:18px\">Ottenete una visione nitida dei vostri profili di rischio con la Risk Heatmap per Qlik Sense! L'estensione \u00e8 stata creata per visualizzare i profili misurati in una matrice di due KPI e diverse categorie. \u00c8 in grado di visualizzare pi\u00f9 indicatori per campo.<\/p>\n<\/div><\/div>\n\n\n\n<div class=\"wp-block-media-text alignwide has-media-on-the-right is-stacked-on-mobile\" style=\"grid-template-columns:auto 40%\"><figure class=\"wp-block-media-text__media\"><img loading=\"lazy\" decoding=\"async\" width=\"1024\" height=\"576\" src=\"https:\/\/www.leaplytics.de\/wp-content\/uploads\/2022\/04\/Second_Slice_Risk_Map_QlikSense_stone-1024x576.png\" alt=\"\" class=\"wp-image-6472 size-full\" srcset=\"https:\/\/www.leaplytics.de\/wp-content\/uploads\/2022\/04\/Second_Slice_Risk_Map_QlikSense_stone-1024x576.png 1024w, https:\/\/www.leaplytics.de\/wp-content\/uploads\/2022\/04\/Second_Slice_Risk_Map_QlikSense_stone-300x169.png 300w, https:\/\/www.leaplytics.de\/wp-content\/uploads\/2022\/04\/Second_Slice_Risk_Map_QlikSense_stone-768x432.png 768w, https:\/\/www.leaplytics.de\/wp-content\/uploads\/2022\/04\/Second_Slice_Risk_Map_QlikSense_stone-107x60.png 107w, https:\/\/www.leaplytics.de\/wp-content\/uploads\/2022\/04\/Second_Slice_Risk_Map_QlikSense_stone.png 1140w\" sizes=\"auto, (max-width: 1024px) 100vw, 1024px\" \/><\/figure><div class=\"wp-block-media-text__content\">\n<p style=\"font-size:18px\">Questa estensione pu\u00f2 essere utilizzata anche per monitorare e indicare le soglie per tutti i tipi di misure fisiche, indicatori di qualit\u00e0 e divergenze in generale. In questo modo, pu\u00f2 essere applicata a un ampio numero di casi d'uso, che riguardano diverse aziende.<\/p>\n\n\n\n<div class=\"wp-block-buttons is-layout-flex wp-block-buttons-is-layout-flex\">\n<div class=\"wp-block-button\"><a class=\"wp-block-button__link has-background\" href=\"https:\/\/www.leaplytics.de\/it\/prima-pagina\/estensioni-di-qlik-sense\/estensione-della-mappa-di-calore-del-rischio-per-qliksense\/\" style=\"background:linear-gradient(135deg,rgb(202,248,128) 0%,rgb(0,152,69) 100%)\">Per saperne di pi\u00f9<\/a><\/div>\n<\/div>\n<\/div><\/div>\n\n\n\n<div style=\"height:100px\" aria-hidden=\"true\" class=\"wp-block-spacer\"><\/div>\n\n\n\n<div style=\"height:100px\" aria-hidden=\"true\" class=\"wp-block-spacer\"><\/div>\n\n\n\n<div class=\"wp-block-media-text alignwide is-stacked-on-mobile\" style=\"grid-template-columns:60% auto\"><figure class=\"wp-block-media-text__media\"><img loading=\"lazy\" decoding=\"async\" width=\"1024\" height=\"576\" src=\"https:\/\/www.leaplytics.de\/wp-content\/uploads\/2022\/04\/First_Slice_Timeline_QlikSense-1024x576.png\" alt=\"\" class=\"wp-image-6976 size-full\" srcset=\"https:\/\/www.leaplytics.de\/wp-content\/uploads\/2022\/04\/First_Slice_Timeline_QlikSense-1024x576.png 1024w, https:\/\/www.leaplytics.de\/wp-content\/uploads\/2022\/04\/First_Slice_Timeline_QlikSense-300x169.png 300w, https:\/\/www.leaplytics.de\/wp-content\/uploads\/2022\/04\/First_Slice_Timeline_QlikSense-768x432.png 768w, https:\/\/www.leaplytics.de\/wp-content\/uploads\/2022\/04\/First_Slice_Timeline_QlikSense-107x60.png 107w, https:\/\/www.leaplytics.de\/wp-content\/uploads\/2022\/04\/First_Slice_Timeline_QlikSense.png 1140w\" sizes=\"auto, (max-width: 1024px) 100vw, 1024px\" \/><\/figure><div class=\"wp-block-media-text__content\">\n<p style=\"font-size:30px\"><strong>Linea temporale<\/strong> <em>Estensione<\/em><\/p>\n\n\n\n<p style=\"font-size:18px\">Ottenete un profilo visivo delle vostre tappe fondamentali in termini di distribuzione e stato di ritardo.<\/p>\n<\/div><\/div>\n\n\n\n<div class=\"wp-block-media-text alignwide has-media-on-the-right is-stacked-on-mobile\" style=\"grid-template-columns:auto 40%\"><figure class=\"wp-block-media-text__media\"><img loading=\"lazy\" decoding=\"async\" width=\"1024\" height=\"576\" src=\"https:\/\/www.leaplytics.de\/wp-content\/uploads\/2022\/04\/Second_Slice_Traffic_light_QlikSense_green-1024x576.png\" alt=\"\" class=\"wp-image-6470 size-full\" srcset=\"https:\/\/www.leaplytics.de\/wp-content\/uploads\/2022\/04\/Second_Slice_Traffic_light_QlikSense_green-1024x576.png 1024w, https:\/\/www.leaplytics.de\/wp-content\/uploads\/2022\/04\/Second_Slice_Traffic_light_QlikSense_green-300x169.png 300w, https:\/\/www.leaplytics.de\/wp-content\/uploads\/2022\/04\/Second_Slice_Traffic_light_QlikSense_green-768x432.png 768w, https:\/\/www.leaplytics.de\/wp-content\/uploads\/2022\/04\/Second_Slice_Traffic_light_QlikSense_green-107x60.png 107w, https:\/\/www.leaplytics.de\/wp-content\/uploads\/2022\/04\/Second_Slice_Traffic_light_QlikSense_green.png 1140w\" sizes=\"auto, (max-width: 1024px) 100vw, 1024px\" \/><\/figure><div class=\"wp-block-media-text__content\">\n<p style=\"font-size:18px\">In tutti i progetti, le pietre miliari e le scadenze servono come metriche di gestione rilevanti, fornendo i mezzi per definire le priorit\u00e0 del progetto, monitorare i progressi e raccontare una storia generale, in quale stato si trova il progetto. Con questa estensione, potrete tenerne traccia.<\/p>\n\n\n\n<div class=\"wp-block-buttons is-layout-flex wp-block-buttons-is-layout-flex\">\n<div class=\"wp-block-button\"><a class=\"wp-block-button__link has-very-light-gray-to-cyan-bluish-gray-gradient-background has-background\" href=\"https:\/\/www.leaplytics.de\/it\/prima-pagina\/estensioni-di-qlik-sense\/estensione-della-linea-temporale-per-qliksense\/\">Per saperne di pi\u00f9<\/a><\/div>\n<\/div>\n<\/div><\/div>","protected":false},"excerpt":{"rendered":"<p>L'efficienza e il rapporto con il business sono il marchio di fabbrica di LeapLytics e il valore aggiunto delle nostre soluzioni. Le nostre estensioni per la gestione dei progetti sono ufficialmente approvate da Qlik e incorporano le vostre soluzioni individuali. Utilizzate le diverse possibilit\u00e0 per migliorare il vostro dashboard e per realizzare le vostre idee. Le estensioni seguono una struttura chiara e sono costruite con l'obiettivo di ... <\/p>","protected":false},"author":3,"featured_media":0,"parent":0,"menu_order":0,"comment_status":"closed","ping_status":"closed","template":"","meta":{"footnotes":""},"class_list":["post-6464","page","type-page","status-publish","hentry","latest_post"],"_links":{"self":[{"href":"https:\/\/www.leaplytics.de\/it\/wp-json\/wp\/v2\/pages\/6464","targetHints":{"allow":["GET"]}}],"collection":[{"href":"https:\/\/www.leaplytics.de\/it\/wp-json\/wp\/v2\/pages"}],"about":[{"href":"https:\/\/www.leaplytics.de\/it\/wp-json\/wp\/v2\/types\/page"}],"author":[{"embeddable":true,"href":"https:\/\/www.leaplytics.de\/it\/wp-json\/wp\/v2\/users\/3"}],"replies":[{"embeddable":true,"href":"https:\/\/www.leaplytics.de\/it\/wp-json\/wp\/v2\/comments?post=6464"}],"version-history":[{"count":0,"href":"https:\/\/www.leaplytics.de\/it\/wp-json\/wp\/v2\/pages\/6464\/revisions"}],"wp:attachment":[{"href":"https:\/\/www.leaplytics.de\/it\/wp-json\/wp\/v2\/media?parent=6464"}],"curies":[{"name":"wp","href":"https:\/\/api.w.org\/{rel}","templated":true}]}}