{"id":699,"date":"2020-12-07T20:33:50","date_gmt":"2020-12-07T19:33:50","guid":{"rendered":"https:\/\/www.leaplytics.de\/?page_id=699"},"modified":"2024-11-04T10:02:48","modified_gmt":"2024-11-04T09:02:48","slug":"estensione-della-matrice-di-rischio-per-qliksense","status":"publish","type":"page","link":"https:\/\/www.leaplytics.de\/it\/prima-pagina\/estensioni-di-qlik-sense\/estensione-della-matrice-di-rischio-per-qliksense\/","title":{"rendered":"Estensione della matrice di rischio per Qlik Sense"},"content":{"rendered":"<p>Ottenete una visione nitida dei vostri profili di rischio con Risk Matrix \/ Heatmap per Qlik Sense! Questa estensione \u00e8 stata creata per visualizzare i profili misurati in una matrice di due KPI e diverse categorie. \u00c8 in grado di visualizzare pi\u00f9 indicatori per campo. \u00c8 possibile selezionare liberamente e dinamicamente tutte le espressioni tra una matrice 3\u00d73 e 5\u00d75. Varie impostazioni, come colori personalizzati, bordi flessibili e impostazioni del testo, adattano questa estensione alle vostre esigenze di reporting.<\/p>\n\n\n\n<div style=\"height:10px\" aria-hidden=\"true\" class=\"wp-block-spacer\"><\/div>\n\n\n<div class=\"wp-block-image\">\n<figure class=\"aligncenter size-large\"><img loading=\"lazy\" decoding=\"async\" width=\"1024\" height=\"576\" src=\"https:\/\/www.leaplytics.de\/wp-content\/uploads\/2022\/04\/First_Slice_Risk_Map_QlikSense_stone-1024x576.png\" alt=\"\" class=\"wp-image-6471\" srcset=\"https:\/\/www.leaplytics.de\/wp-content\/uploads\/2022\/04\/First_Slice_Risk_Map_QlikSense_stone-1024x576.png 1024w, https:\/\/www.leaplytics.de\/wp-content\/uploads\/2022\/04\/First_Slice_Risk_Map_QlikSense_stone-300x169.png 300w, https:\/\/www.leaplytics.de\/wp-content\/uploads\/2022\/04\/First_Slice_Risk_Map_QlikSense_stone-768x432.png 768w, https:\/\/www.leaplytics.de\/wp-content\/uploads\/2022\/04\/First_Slice_Risk_Map_QlikSense_stone-107x60.png 107w, https:\/\/www.leaplytics.de\/wp-content\/uploads\/2022\/04\/First_Slice_Risk_Map_QlikSense_stone.png 1140w\" sizes=\"auto, (max-width: 1024px) 100vw, 1024px\" \/><\/figure><\/div>\n\n\n<div style=\"height:100px\" aria-hidden=\"true\" class=\"wp-block-spacer\"><\/div>\n\n\n\n<h3 class=\"wp-block-heading has-text-align-center\">Prendilo ora!<\/h3>\n\n\n\n<div style=\"height:50px\" aria-hidden=\"true\" class=\"wp-block-spacer\"><\/div>\n\n\n\n<div class=\"wp-block-columns alignwide is-layout-flex wp-container-core-columns-is-layout-1 wp-block-columns-is-layout-flex\">\n<div class=\"wp-block-column has-text-color has-background has-link-color wp-elements-dfea0d1df7d7210c16180380cb297c35 is-layout-flow wp-block-column-is-layout-flow\" style=\"color:#000000;background-color:#eeeeee;padding-top:2em;padding-right:2em;padding-bottom:2em;padding-left:2em\">\n<h2 class=\"wp-block-heading\" id=\"single\" style=\"font-size:40px\"><strong>Versione gratuita<\/strong><\/h2>\n\n\n\n<div style=\"height:10px\" aria-hidden=\"true\" class=\"wp-block-spacer\"><\/div>\n\n\n\n<p class=\"has-normal-font-size\" style=\"line-height:1.5\">La versione GRATUITA di LeapLytics - Risk Matrix pu\u00f2 essere utilizzata gratuitamente per quattro settimane su qualsiasi server e in qualsiasi azienda. Verificate subito se la nostra soluzione soddisfa le vostre esigenze.<\/p>\n\n\n\n<div style=\"height:10px\" aria-hidden=\"true\" class=\"wp-block-spacer\"><\/div>\n\n\n\n<hr class=\"wp-block-separator has-text-color has-css-opacity has-background is-style-wide\" style=\"background-color:#000000;color:#000000\"\/>\n\n\n\n<div style=\"height:10px\" aria-hidden=\"true\" class=\"wp-block-spacer\"><\/div>\n\n\n\n<p><i class=\"fas fa-check\"><\/i> Filigrana rimossa<\/p>\n\n\n\n<p><i class=\"fas fa-check\"><\/i> Dimensione della griglia individuale<\/p>\n\n\n\n<p><i class=\"fas fa-check\"><\/i> Schema di colore definito dall'utente<\/p>\n\n\n\n<p><i class=\"fas fa-check\"><\/i> Invertitore di colore<\/p>\n\n\n\n<p><i class=\"fas fa-check\"><\/i> Impostazioni del bordo<\/p>\n\n\n\n<p><i class=\"fas fa-check\"><\/i> Impostazioni dell'asse<\/p>\n\n\n\n<p><i class=\"fas fa-check\"><\/i> Impostazioni dell'indicatore<\/p>\n\n\n\n<p><i class=\"fas fa-check\"><\/i> Impostazioni del testo<\/p>\n\n\n\n<p><i class=\"fas fa-check\"><\/i> Impostazioni del colore<\/p>\n\n\n\n<p><i class=\"fas fa-check\"><\/i> Navigazione e azioni<\/p>\n\n\n\n<p><i class=\"fas fa-check\"><\/i> Stampabile*<\/p>\n\n\n\n<div class=\"wp-block-buttons alignfull is-horizontal is-content-justification-center is-layout-flex wp-container-core-buttons-is-layout-1 wp-block-buttons-is-layout-flex\">\n<div class=\"wp-block-button\"><a class=\"wp-block-button__link has-white-color has-text-color wp-element-button\" href=\"https:\/\/developer.qlik.com\/garden\/5fd6531adae7960011eb30ec\" target=\"_blank\" rel=\"noreferrer noopener\">Ottenere la versione gratuita<\/a><\/div>\n<\/div>\n<\/div>\n\n\n\n<div class=\"wp-block-column has-text-color has-background has-link-color wp-elements-6ae2b82b5852519cfb4d42d032a83f17 is-layout-flow wp-block-column-is-layout-flow\" style=\"color:#000000;background-color:#98bd00;padding-top:2em;padding-right:2em;padding-bottom:2em;padding-left:2em\">\n<h2 class=\"wp-block-heading\" id=\"family\" style=\"font-size:40px\"><strong>Versione PRO<\/strong><\/h2>\n\n\n\n<div style=\"height:10px\" aria-hidden=\"true\" class=\"wp-block-spacer\"><\/div>\n\n\n\n<p class=\"has-normal-font-size\" style=\"line-height:1.5\">La versione PRO di LeapLytics - Risk Matrix libera tutta la potenza di questa visuale. Una licenza per server e azienda - Un prezzo all'anno.<\/p>\n\n\n\n<div style=\"height:10px\" aria-hidden=\"true\" class=\"wp-block-spacer\"><\/div>\n\n\n\n<hr class=\"wp-block-separator has-text-color has-black-color has-css-opacity has-black-background-color has-background is-style-wide\"\/>\n\n\n\n<div style=\"height:10px\" aria-hidden=\"true\" class=\"wp-block-spacer\"><\/div>\n\n\n\n<p><i class=\"fas fa-check\"><\/i>  Filigrana rimossa<\/p>\n\n\n\n<p><i class=\"fas fa-check\"><\/i>  Dimensione della griglia individuale<\/p>\n\n\n\n<p><i class=\"fas fa-check\"><\/i>  Schema di colore definito dall'utente<\/p>\n\n\n\n<p><i class=\"fas fa-check\"><\/i>  Invertitore di colore<\/p>\n\n\n\n<p><i class=\"fas fa-check\"><\/i>  Impostazioni del bordo<\/p>\n\n\n\n<p><i class=\"fas fa-check\"><\/i>  Impostazioni dell'asse<\/p>\n\n\n\n<p><i class=\"fas fa-check\"><\/i>  Impostazioni dell'indicatore<\/p>\n\n\n\n<p><i class=\"fas fa-check\"><\/i>  Impostazioni del testo<\/p>\n\n\n\n<p><i class=\"fas fa-check\"><\/i>  Impostazioni del colore<\/p>\n\n\n\n<p><i class=\"fas fa-check\"><\/i>  Navigazione e azioni<\/p>\n\n\n\n<p><i class=\"fas fa-check\"><\/i>  Stampabile*<\/p>\n\n\n\n<div class=\"wp-block-buttons alignfull is-horizontal is-content-justification-center is-layout-flex wp-container-core-buttons-is-layout-2 wp-block-buttons-is-layout-flex\">\n<div class=\"wp-block-button\"><a class=\"wp-block-button__link has-white-color has-text-color wp-element-button\" href=\"https:\/\/shop.leaplytics.de\/product\/power-bi-risk-heatmap\/\">Ottenere la versione PRO<\/a><\/div>\n<\/div>\n<\/div>\n<\/div>\n\n\n\n<p>* vedi <a href=\"https:\/\/community.qlik.com\/t5\/Knowledge\/Qlik-Sense-Enterprise-SaaS-Third-party-extensions-cannot-be\/ta-p\/1755264\">Limitazioni di QlikSense <\/a><\/p>\n\n\n\n<div style=\"height:100px\" aria-hidden=\"true\" class=\"wp-block-spacer\"><\/div>\n\n\n\n<h3 class=\"wp-block-heading has-text-align-center\">Documentazione<\/h3>\n\n\n\n<div style=\"height:50px\" aria-hidden=\"true\" class=\"wp-block-spacer\"><\/div>\n\n\n<div class=\"_df_book df-lite\" id=\"df_726\"  _slug=\"risk-heatmap\" data-title=\"risk-heatmap\" wpoptions=\"true\" thumb=\"https:\/\/www.leaplytics.de\/wp-content\/uploads\/2020\/12\/Risk-Map-picture.jpg\" thumbtype=\"\" ><\/div><script class=\"df-shortcode-script\" nowprocket type=\"application\/javascript\">window.option_df_726 = {\"outline\":[],\"autoEnableOutline\":\"false\",\"autoEnableThumbnail\":\"false\",\"overwritePDFOutline\":\"false\",\"backgroundImage\":\"https:\\\/\\\/www.leaplytics.de\\\/wp-content\\\/uploads\\\/2020\\\/10\\\/mathew-schwartz-sb7RUrRMaC4-unsplash-scaled.jpg\",\"direction\":\"1\",\"pageSize\":\"0\",\"source\":\"https:\\\/\\\/www.leaplytics.de\\\/wp-content\\\/uploads\\\/2022\\\/02\\\/Risk-Heatmap-Qlik-Sense-User-Documentation_Pro_1.4.0.0.pdf\",\"wpOptions\":\"true\"}; if(window.DFLIP && window.DFLIP.parseBooks){window.DFLIP.parseBooks();}<\/script>\n\n\n\n<div style=\"height:50px\" aria-hidden=\"true\" class=\"wp-block-spacer\"><\/div>\n\n\n\n<div class=\"wp-block-buttons is-content-justification-center is-layout-flex wp-container-core-buttons-is-layout-3 wp-block-buttons-is-layout-flex\">\n<div class=\"wp-block-button\"><a class=\"wp-block-button__link wp-element-button\" href=\"https:\/\/www.leaplytics.de\/wp-content\/uploads\/2022\/02\/Risk-Heatmap-Qlik-Sense-User-Documentation_Pro_1.4.0.0.pdf\" target=\"_blank\" rel=\"noreferrer noopener\">Scarica la documentazione<\/a><\/div>\n<\/div>\n\n\n\n<div style=\"height:50px\" aria-hidden=\"true\" class=\"wp-block-spacer\"><\/div>\n\n\n\n<p>Iscrivetevi qui per ricevere aggiornamenti e comunicati esclusivi: <a href=\"https:\/\/www.leaplytics.de\/it\/sottoscrivere_prodotto\/\">Abbonamento<\/a><\/p>\n\n\n\n<hr class=\"wp-block-separator has-css-opacity is-style-default\"\/>\n\n\n\n<h2 class=\"wp-block-heading\" id=\"introduction-risk-heatmap-extension-for-qlik-sense\">Introduzione Estensione della matrice di rischio per Qlik Sense<\/h2>\n\n\n\n<p>Ottenete una visione nitida dei vostri profili di rischio con Risk Matrix per Qlik Sense! L'estensione \u00e8 stata creata per visualizzare i profili misurati in una matrice di due KPI e diverse categorie. \u00c8 in grado di visualizzare pi\u00f9 indicatori per campo. \u00c8 possibile selezionare liberamente e dinamicamente tutte le espressioni tra una matrice 3\u00d73 e 5\u00d75. Varie impostazioni, come colori personalizzati, bordi flessibili e impostazioni del testo, adattano questa estensione alle vostre esigenze di reporting.<\/p>\n\n\n<div class=\"wp-block-image is-style-default\">\n<figure class=\"alignright size-full\"><img loading=\"lazy\" decoding=\"async\" width=\"912\" height=\"775\" src=\"https:\/\/www.leaplytics.de\/wp-content\/uploads\/2022\/02\/settings.gif\" alt=\"Heatmap del rischio per Qlik Sense\" class=\"wp-image-3060\"\/><figcaption class=\"wp-element-caption\">Ampia gamma di opzioni di impostazione<\/figcaption><\/figure><\/div>\n\n\n<p>Questa estensione pu\u00f2 essere utilizzata anche per monitorare e indicare le soglie per tutti i tipi di misure fisiche, indicatori di qualit\u00e0 e divergenze in generale. In questo modo, pu\u00f2 essere applicata a un ampio numero di casi d'uso, che riguardano diverse aziende. L'elenco seguente mostra una selezione di possibili casi d'uso, che sono gi\u00e0 stati implementati:<\/p>\n\n\n\n<p><strong>Gestione del progetto<\/strong>: Visualizzare i profili di rischio e di opportunit\u00e0 per un progetto, un programma o un portafoglio.<\/p>\n\n\n\n<p><strong>IT<\/strong>: Indicare le applicazioni che si trovano nell'area verde, gialla o rossa dello stato (prestazioni, salute).<\/p>\n\n\n\n<hr class=\"wp-block-separator has-css-opacity\"\/>\n\n\n\n<h3 class=\"wp-block-heading\" id=\"getting-started-with-our-risk-heatmap-for-qlik-sense\">Come iniziare con la matrice di rischio per Qlik Sense<\/h3>\n\n\n<p>Aperto <a href=\"https:\/\/www.qlik.com\/de-de\/products\/qlik-sense\" target=\"_blank\" rel=\"noopener\">Qlik Sense<\/a> e l'applicazione pertinente, in cui si desidera utilizzare l'estensione \"Matrice di rischio\". Aprire il foglio di lavoro in modalit\u00e0 di modifica e trovare l'estensione nella sezione \"Oggetti personalizzati\". Trascinare e rilasciare l'estensione in qualsiasi area del dashboard (<em>\u00c8 possibile modificare l'aspetto dell'estensione in un secondo momento nelle impostazioni avanzate).<\/em><\/p>\n\n<div class=\"wp-block-image\">\n<figure class=\"alignright size-full\"><img decoding=\"async\" src=\"https:\/\/www.leaplytics.de\/wp-content\/uploads\/2022\/02\/drag-drop.gif\" alt=\"Impostazioni e configurazione iniziali per Risk Heatmap Qlik Sense\" class=\"wp-image-3060\"\/><figcaption class=\"wp-element-caption\">Ampia gamma di opzioni di impostazione<\/figcaption><\/figure><\/div>\n\n<p>Dopo aver inserito un'istanza dell'estensione nella dashboard, sul lato destro apparir\u00e0 il seguente pannello delle propriet\u00e0. Il pannello delle propriet\u00e0 \u00e8 suddiviso nelle seguenti sezioni:\u00a0 \u00a0 \u00a0 \u00a0 \u00a0 \u00a0 \u00a0 \u00a0 \u00a0 \u00a0 \u00a0 \u00a0 \u00a0 \u00a0 \u00a0 \u00a0 \u00a0 \u00a0 \u00a0 \u00a0 \u00a0 \u00a0 \u00a0 \u00a0 \u00a0 \u00a0 \u00a0 \u00a0 \u00a0 \u00a0 \u00a0 \u00a0 \u00a0 \u00a0 \u00a0 \u00a0 \u00a0 \u00a0 \u00a0 \u00a0 \u00a0 \u00a0 \u00a0 \u00a0 \u00a0 \u00a0 \u00a0\u00a0<\/p>\n<ul>\n<li>Misure<\/li>\n<li>Dimensioni<\/li>\n<li>Gamme (layout generale della matrice)<\/li>\n<li>Impostazioni della griglia (tutto ci\u00f2 che si trova all'interno della matrice)<\/li>\n<li>Impostazioni degli assi (tutto ci\u00f2 che circonda la matrice)<\/li>\n<li>Impostazioni dell'indicatore (tutto ci\u00f2 che riguarda il contenuto della matrice)<\/li>\n<li>Circa \u00a0\u00a0\u00a0\u00a0\u00a0\u00a0\u00a0\u00a0\u00a0\u00a0\u00a0\u00a0\u00a0\u00a0 \u00a0\u00a0\u00a0\u00a0\u00a0\u00a0\u00a0\u00a0\u00a0\u00a0\u00a0\u00a0\u00a0\u00a0\u00a0\u00a0\u00a0\u00a0\u00a0\u00a0\u00a0\u00a0\u00a0\u00a0\u00a0\u00a0\u00a0\u00a0\u00a0<\/li>\n<\/ul>\n<p>Di seguito, imparerete a utilizzare l'estensione \"Matrice dei rischi\" di LeapLytics e a personalizzarla in base alle vostre esigenze, utilizzando correttamente le propriet\u00e0.\u00a0 \u00a0<\/p>\n\n\n<hr class=\"wp-block-separator has-css-opacity\"\/>\n\n\n\n<h3 class=\"wp-block-heading\" id=\"measures\">Misure<\/h3>\n\n\n<div class=\"wp-block-image\">\n<figure class=\"alignright size-large is-resized\"><img loading=\"lazy\" decoding=\"async\" width=\"245\" height=\"329\" src=\"https:\/\/www.leaplytics.de\/wp-content\/uploads\/2020\/11\/measures.png\" alt=\"Descrizione della misura per la Heatmap del rischio Qlik Sense\" class=\"wp-image-512\" style=\"width:236px;height:317px\" srcset=\"https:\/\/www.leaplytics.de\/wp-content\/uploads\/2020\/11\/measures.png 245w, https:\/\/www.leaplytics.de\/wp-content\/uploads\/2020\/11\/measures-223x300.png 223w, https:\/\/www.leaplytics.de\/wp-content\/uploads\/2020\/11\/measures-45x60.png 45w\" sizes=\"auto, (max-width: 245px) 100vw, 245px\" \/><\/figure><\/div>\n\n<p>La misura definisce il valore per i due KPI rilevanti della matrice. Il primo KPI definisce i KPI dell'asse X e il secondo KPI definisce il KPI dell'asse Y. Possono essere commutati singolarmente. La matrice si aspetta valori compresi tra 1 e 5 (matrice a 5 campi) o tra 1 e 3 (matrice a 3 campi). Sono possibili anche i decimali, se utili. I valori possono essere presi direttamente dal modello dei dati, se un sistema preliminare sta gi\u00e0 catturando e calcolando l'intervallo. Se il modello dei dati include qualsiasi tipo di unit\u00e0, le categorie possono essere create individualmente all'interno del formulario.<\/p>\n<p>\u00c8 possibile aggiungere una misura come questa:<\/p>\n<ul>\n<li>Fare clic sul pulsante \"Aggiungi misura\" nel pannello delle propriet\u00e0 sotto la sezione \"Misura\" o facendo clic sul pulsante \"Aggiungi misura\" all'interno della finestra dell'estensione sulla dashboard.<\/li>\n<li>Scegliere una misura dall'elenco a discesa e fare clic su di essa.<\/li>\n<li>(Opzionale): Scegliere l'aggregazione giusta per le proprie esigenze (Sum, Avg, Min, Max, ecc.) o definire una formula individuale.<\/li>\n<\/ul>\n<p>Per l'utilizzo di formule individuali, si possono prendere come guida i seguenti esempi:<\/p>\n\n\n<figure class=\"wp-block-image size-large\"><img loading=\"lazy\" decoding=\"async\" width=\"744\" height=\"255\" src=\"https:\/\/www.leaplytics.de\/wp-content\/uploads\/2020\/12\/heatmap_use_cases.png\" alt=\"\" class=\"wp-image-749\" srcset=\"https:\/\/www.leaplytics.de\/wp-content\/uploads\/2020\/12\/heatmap_use_cases.png 744w, https:\/\/www.leaplytics.de\/wp-content\/uploads\/2020\/12\/heatmap_use_cases-600x206.png 600w, https:\/\/www.leaplytics.de\/wp-content\/uploads\/2020\/12\/heatmap_use_cases-300x103.png 300w, https:\/\/www.leaplytics.de\/wp-content\/uploads\/2020\/12\/heatmap_use_cases-175x60.png 175w\" sizes=\"auto, (max-width: 744px) 100vw, 744px\" \/><\/figure>\n\n\n\n<hr class=\"wp-block-separator has-css-opacity\"\/>\n\n\n\n<h3 class=\"wp-block-heading\" id=\"dimensions\">Dimensioni<\/h3>\n\n\n<p>Utilizzare la dimensione per dare agli indicatori un nome d'impatto. Pu\u00f2 trattarsi, ad esempio, di un ID o di un nome breve (1-2 parole). Si sconsigliano nomi o descrizioni pi\u00f9 lunghi, poich\u00e9 lo spazio della matrice \u00e8 limitato.<\/p>\n\n\n<hr class=\"wp-block-separator has-css-opacity\"\/>\n\n\n\n<h3 class=\"wp-block-heading\" id=\"advanced-settings\">Impostazioni avanzate<\/h3>\n\n\n\n<p>Nelle impostazioni della matrice \u00e8 possibile effettuare diverse selezioni.<\/p>\n\n\n\n<p><strong>Impostazioni della matrice: <\/strong>Innanzitutto, \u00e8 possibile fissare il rapporto di aspetto. In questo modo si mantiene la visualizzazione in uno stato quadrato. Inoltre, \u00e8 possibile impostare le dimensioni delle direzioni x e y individualmente, utilizzando il cursore. Se i dati non rientrano in questi intervalli, l'estensione fornisce un suggerimento visivo! \u00c8 inoltre possibile invertire i colori con un clic. Infine, \u00e8 possibile definire la larghezza del bordo o disabilitarlo completamente.<\/p>\n\n\n\n<p><strong>Impostazioni della griglia<\/strong>: Utilizzare le Impostazioni della griglia per configurare la matrice stessa, ad esempio le dimensioni o la configurazione dei bordi. \u00c8 anche possibile invertire la codifica dei colori, in modo che una categoria superiore abbia il colore \"verde\" e una categoria inferiore diventi rossa. \u00c8 anche possibile disattivare la tabella con i valori dettagliati.<\/p>\n\n\n\n<p><strong>Impostazioni dell'asse:<\/strong> Le impostazioni degli assi consentono di configurare la cornice in base alle proprie esigenze. Si pu\u00f2 decidere di disattivare i testi, l'asse o l'indicazione alto\/basso.<\/p>\n\n\n\n<p><strong>Impostazioni dell'indicatore:<\/strong> Utilizzare le impostazioni degli indicatori per modificare le dimensioni e l'aspetto degli indicatori nella griglia.<\/p>\n\n\n<div class=\"wp-block-image\">\n<figure class=\"aligncenter size-full\"><img loading=\"lazy\" decoding=\"async\" width=\"912\" height=\"775\" src=\"https:\/\/www.leaplytics.de\/wp-content\/uploads\/2022\/02\/settings.gif\" alt=\"Varie impostazioni per la Heatmap del rischio di Qlik Sense\" class=\"wp-image-3060\"\/><\/figure><\/div>\n\n\n<hr class=\"wp-block-separator has-css-opacity\"\/>\n\n\n\n<h3 class=\"wp-block-heading\" id=\"navigation-action\">Navigazione e azione<\/h3>\n\n\n\n<p>\u00c8 possibile applicare Navigazione e azioni all'estensione per navigare in fogli Qlik Sense, siti web, ecc. \u00c8 possibile attivare le \"Azioni\" con il pulsante corrispondente. \"Matrice di rischio\" supporta due diversi tipi di navigazione:<\/p>\n\n\n\n<ul class=\"wp-block-list\">\n<li><strong>Pulsante:<\/strong> Scegliere \"Pulsante\" per aggiungere un pulsante sotto l'icona del semaforo. \u00c8 possibile rinominare il pulsante utilizzando il campo \"Button Text\". Immettere l'URL di un sito web o di un foglio Qlik Sense a cui si desidera navigare*. \u00c8 possibile aprire l'URL nella stessa finestra o in una scheda separata utilizzando la casella di controllo \"Apri nella stessa finestra\".<\/li>\n<\/ul>\n\n\n\n<ul class=\"wp-block-list\">\n<li><strong>Oggetto:<\/strong> In alternativa, si pu\u00f2 scegliere \"Oggetto\" per rendere cliccabile l'intero oggetto (<em>Il campo \"Testo pulsante\" sar\u00e0 nascosto<\/em>). Inserire l'URL di un sito web o di un foglio Qlik Sense a cui si desidera accedere*. \u00c8 possibile aprire l'URL nella stessa finestra o in una scheda separata utilizzando la casella di controllo \"Apri nella stessa finestra\".<\/li>\n<\/ul>\n\n\n\n<p>*Gli URL devono sempre iniziare con \"http:\/\/www.\" o \"https:\/\/www.\".<\/p>\n\n\n<div class=\"wp-block-image\">\n<figure class=\"aligncenter size-large\"><img loading=\"lazy\" decoding=\"async\" width=\"246\" height=\"464\" src=\"https:\/\/www.leaplytics.de\/wp-content\/uploads\/2021\/04\/Milestone_navigation-1.jpg\" alt=\"Impostazioni di navigazione e azioni per la Heatmap del rischio Qlik Sense\" class=\"wp-image-1739\" srcset=\"https:\/\/www.leaplytics.de\/wp-content\/uploads\/2021\/04\/Milestone_navigation-1.jpg 246w, https:\/\/www.leaplytics.de\/wp-content\/uploads\/2021\/04\/Milestone_navigation-1-159x300.jpg 159w, https:\/\/www.leaplytics.de\/wp-content\/uploads\/2021\/04\/Milestone_navigation-1-32x60.jpg 32w\" sizes=\"auto, (max-width: 246px) 100vw, 246px\" \/><\/figure><\/div>\n\n\n<hr class=\"wp-block-separator has-css-opacity\"\/>\n\n\n<h3>Informazioni sulla nostra matrice di rischio per Qlik Sense<\/h3>\n\n\n<\/p>\n<p>Questa estensione di Qlik Sense \u00e8 sviluppata da <a href=\"https:\/\/www.leaplytics.de\/it\/\">LeapLytics<\/a>. La sezione About mostra le informazioni relative a questa estensione.<\/p>\n<p>\n\n\n\n<\/p>\n<p><strong>Versione:<\/strong> Mostra la versione installata di questa estensione<\/p>\n<p>\n\n\n\n<\/p>\n<p><strong>Licenza valida fino a:<\/strong> Mostra la data di scadenza della licenza<\/p>\n<p>\n\n\n\n<\/p>\n<p><strong>Licenza valida sul server:<\/strong> Mostra su quale ID di server pu\u00f2 essere utilizzata questa estensione.\n\n\n\n<hr class=\"wp-block-separator has-css-opacity\"\/>\n\n\n<h3>Storia della versione<\/h3>\n\n\n<figure class=\"wp-block-table is-style-stripes\"><table><tbody><tr><td class=\"has-text-align-center\" data-align=\"center\"><strong>Versione<\/strong><\/td><td class=\"has-text-align-center\" data-align=\"center\"><strong>Data<\/strong><\/td><td class=\"has-text-align-left\" data-align=\"left\"><strong>Contenuto<\/strong><\/td><\/tr><tr><td class=\"has-text-align-center\" data-align=\"center\">1.4<\/td><td class=\"has-text-align-center\" data-align=\"center\">14.02.2022<\/td><td class=\"has-text-align-left\" data-align=\"left\">Nuovo utilizzo dell'API<\/td><\/tr><tr><td class=\"has-text-align-center\" data-align=\"center\">1.3<\/td><td class=\"has-text-align-center\" data-align=\"center\">13.12.2021<\/td><td class=\"has-text-align-left\" data-align=\"left\">Aggiornamento della matrice di rischio<\/td><\/tr><tr><td class=\"has-text-align-center\" data-align=\"center\">1.2<\/td><td class=\"has-text-align-center\" data-align=\"center\">26.04.2021<\/td><td class=\"has-text-align-left\" data-align=\"left\">Navigazione e azioni aggiunte,<br>Oltre 9 rischi supportati<br>tabella di indicatori scrollabili<\/td><\/tr><tr><td class=\"has-text-align-center\" data-align=\"center\">1.1<\/td><td class=\"has-text-align-center\" data-align=\"center\">28.01.2021<\/td><td class=\"has-text-align-left\" data-align=\"left\">Abbonamento<br>funzionalit\u00e0 per<br>aggiornamenti di release &amp;<br>pannello delle propriet\u00e0 migliorate<\/td><\/tr><tr><td class=\"has-text-align-center\" data-align=\"center\">1.0<\/td><td class=\"has-text-align-center\" data-align=\"center\">13.11.2020<\/td><td class=\"has-text-align-left\" data-align=\"left\">Versione iniziale<\/td><\/tr><\/tbody><\/table><\/figure>\n\n\n\n<hr class=\"wp-block-separator has-css-opacity\"\/>\n\n\n\n<p><\/p>\n\n\n\n<div class=\"wp-block-columns are-vertically-aligned-center is-layout-flex wp-container-core-columns-is-layout-2 wp-block-columns-is-layout-flex\">\n<div class=\"wp-block-column is-vertically-aligned-center is-layout-flow wp-block-column-is-layout-flow\" style=\"flex-basis:100%\">\n<p><\/p>\n<\/div>\n<\/div>\n\n\n\n<p><\/p>","protected":false},"excerpt":{"rendered":"<p>Ottenete una visione nitida dei vostri profili di rischio con la Risk Heatmap per QilkSense! L'estensione \u00e8 stata creata per visualizzare i profili misurati in una matrice di due KPI e diverse categorie. \u00c8 in grado di visualizzare pi\u00f9 indicatori (fino a 4 nella versione gratuita) per campo. Varie impostazioni, come la possibilit\u00e0 di passare facilmente da una matrice di 3\u00d73 a una di 5\u00d75 campi, le impostazioni dei bordi e del testo, adattano questa estensione alle vostre esigenze di reportistica. <\/p>\n<p>Questa estensione pu\u00f2 essere utilizzata anche per monitorare e indicare le soglie per tutti i tipi di misure fisiche, indicatori di qualit\u00e0 e divergenze in generale. In questo modo, pu\u00f2 essere applicata a un ampio numero di casi d'uso, che riguardano diverse aziende.<\/p>","protected":false},"author":1,"featured_media":0,"parent":227,"menu_order":1,"comment_status":"closed","ping_status":"closed","template":"","meta":{"footnotes":""},"class_list":["post-699","page","type-page","status-publish","hentry","latest_post"],"_links":{"self":[{"href":"https:\/\/www.leaplytics.de\/it\/wp-json\/wp\/v2\/pages\/699","targetHints":{"allow":["GET"]}}],"collection":[{"href":"https:\/\/www.leaplytics.de\/it\/wp-json\/wp\/v2\/pages"}],"about":[{"href":"https:\/\/www.leaplytics.de\/it\/wp-json\/wp\/v2\/types\/page"}],"author":[{"embeddable":true,"href":"https:\/\/www.leaplytics.de\/it\/wp-json\/wp\/v2\/users\/1"}],"replies":[{"embeddable":true,"href":"https:\/\/www.leaplytics.de\/it\/wp-json\/wp\/v2\/comments?post=699"}],"version-history":[{"count":5,"href":"https:\/\/www.leaplytics.de\/it\/wp-json\/wp\/v2\/pages\/699\/revisions"}],"predecessor-version":[{"id":13676,"href":"https:\/\/www.leaplytics.de\/it\/wp-json\/wp\/v2\/pages\/699\/revisions\/13676"}],"up":[{"embeddable":true,"href":"https:\/\/www.leaplytics.de\/it\/wp-json\/wp\/v2\/pages\/227"}],"wp:attachment":[{"href":"https:\/\/www.leaplytics.de\/it\/wp-json\/wp\/v2\/media?parent=699"}],"curies":[{"name":"wp","href":"https:\/\/api.w.org\/{rel}","templated":true}]}}