{"id":9526,"date":"2022-09-08T20:29:04","date_gmt":"2022-09-08T18:29:04","guid":{"rendered":"https:\/\/www.leaplytics.de\/?page_id=9526"},"modified":"2024-05-21T13:00:58","modified_gmt":"2024-05-21T11:00:58","slug":"matrice-di-rischio-heatmap-power-bi-trial","status":"publish","type":"page","link":"https:\/\/www.leaplytics.de\/it\/matrice-di-rischio-heatmap-power-bi-trial\/","title":{"rendered":"Matrice di rischio \/ Heatmap di Power BI - Prova ora!"},"content":{"rendered":"<h3 class=\"wp-block-heading\">Il pezzo mancante del puzzle per la gestione del rischio<\/h3>\n\n\n\n<figure class=\"wp-block-image size-full\"><img loading=\"lazy\" decoding=\"async\" width=\"152\" height=\"37\" src=\"https:\/\/www.leaplytics.de\/wp-content\/uploads\/2022\/05\/PBI-Certified.png\" alt=\"\" class=\"wp-image-8358\" srcset=\"https:\/\/www.leaplytics.de\/wp-content\/uploads\/2022\/05\/PBI-Certified.png 152w, https:\/\/www.leaplytics.de\/wp-content\/uploads\/2022\/05\/PBI-Certified-150x37.png 150w\" sizes=\"auto, (max-width: 152px) 100vw, 152px\" \/><\/figure>\n\n\n\n<p>\u00c8 facile: compilate il modulo sottostante e vi invieremo una licenza di prova gratuita di quattro settimane.<\/p>\n\n\n<div class=\"wpforms-container wpforms-container-full\" id=\"wpforms-10592\"><form id=\"wpforms-form-10592\" class=\"wpforms-validate wpforms-form wpforms-ajax-form\" data-formid=\"10592\" method=\"post\" enctype=\"multipart\/form-data\" action=\"\/it\/wp-json\/wp\/v2\/pages\/9526\" data-token=\"93e31137e329d7940839fcaafb5f94cb\" data-token-time=\"1776963610\" data-trp-original-action=\"\/it\/wp-json\/wp\/v2\/pages\/9526\"><noscript class=\"wpforms-error-noscript\">Abilita JavaScript nel browser per completare questo modulo.<\/noscript><div class=\"wpforms-field-container\"><div id=\"wpforms-10592-field_0-container\" class=\"wpforms-field wpforms-field-name\" data-field-id=\"0\"><label class=\"wpforms-field-label\">Nome <span class=\"wpforms-required-label\">*<\/span><\/label><div class=\"wpforms-field-row wpforms-field-medium\"><div class=\"wpforms-field-row-block wpforms-first wpforms-one-half\"><input type=\"text\" id=\"wpforms-10592-field_0\" class=\"wpforms-field-name-first wpforms-field-required\" name=\"wpforms[fields][0][first]\" required><label for=\"wpforms-10592-field_0\" class=\"wpforms-field-sublabel after\">Nome<\/label><\/div><div class=\"wpforms-field-row-block wpforms-one-half\"><input type=\"text\" id=\"wpforms-10592-field_0-last\" class=\"wpforms-field-name-last wpforms-field-required\" name=\"wpforms[fields][0][last]\" required><label for=\"wpforms-10592-field_0-last\" class=\"wpforms-field-sublabel after\">Cognome<\/label><\/div><\/div><\/div><div id=\"wpforms-10592-field_1-container\" class=\"wpforms-field wpforms-field-email\" data-field-id=\"1\"><label class=\"wpforms-field-label\" for=\"wpforms-10592-field_1\">E-mail aziendale <span class=\"wpforms-required-label\">*<\/span><\/label><input type=\"email\" id=\"wpforms-10592-field_1\" class=\"wpforms-field-medium wpforms-field-required\" data-rule-restricted-email=\"1\" name=\"wpforms[fields][1]\" spellcheck=\"false\" required><\/div><div id=\"wpforms-10592-field_4-container\" class=\"wpforms-field wpforms-field-text\" data-field-id=\"4\"><label class=\"wpforms-field-label\" for=\"wpforms-10592-field_4\">Azienda <span class=\"wpforms-required-label\">*<\/span><\/label><input type=\"text\" id=\"wpforms-10592-field_4\" class=\"wpforms-field-medium wpforms-field-required\" name=\"wpforms[fields][4]\" required><\/div><div id=\"wpforms-10592-field_3-container\" class=\"wpforms-field wpforms-field-gdpr-checkbox\" data-field-id=\"3\"><label class=\"wpforms-field-label\">Accordo GDPR <span class=\"wpforms-required-label\">*<\/span><\/label><ul id=\"wpforms-10592-field_3\" class=\"wpforms-field-required\"><li class=\"choice-1\"><input type=\"checkbox\" id=\"wpforms-10592-field_3_1\" name=\"wpforms[fields][3][]\" value=\"I consent to having this website store my submitted information so they can respond to my inquiry.\" required><label class=\"wpforms-field-label-inline\" for=\"wpforms-10592-field_3_1\">Acconsento a che questo sito web memorizzi le informazioni da me inviate per poter rispondere alla mia richiesta.<\/label><\/li><\/ul><\/div><\/div><!-- .wpforms-field-container --><div class=\"wpforms-recaptcha-container wpforms-is-recaptcha wpforms-is-recaptcha-type-v3\" ><input type=\"hidden\" name=\"wpforms[recaptcha]\" value=\"\"><\/div><div class=\"wpforms-submit-container\" ><input type=\"hidden\" name=\"wpforms[id]\" value=\"10592\"><input type=\"hidden\" name=\"page_title\" value=\"\"><input type=\"hidden\" name=\"page_url\" value=\"https:\/\/www.leaplytics.de\/it\/wp-json\/wp\/v2\/pages\/9526\"><input type=\"hidden\" name=\"url_referer\" value=\"\"><button type=\"submit\" name=\"wpforms[submit]\" id=\"wpforms-submit-10592\" class=\"wpforms-submit\" data-alt-text=\"Sending...\" data-submit-text=\"Submit\" aria-live=\"assertive\" value=\"wpforms-submit\">Invia<\/button><img loading=\"lazy\" decoding=\"async\" src=\"https:\/\/www.leaplytics.de\/wp-content\/plugins\/wpforms-lite\/assets\/images\/submit-spin.svg\" class=\"wpforms-submit-spinner\" style=\"display: none;\" width=\"26\" height=\"26\" alt=\"Caricamento\"><\/div><input type=\"hidden\" name=\"trp-form-language\" value=\"it\"\/><\/form><\/div>  <!-- .wpforms-container -->\n\n\n\n<div style=\"height:27px\" aria-hidden=\"true\" class=\"wp-block-spacer\"><\/div>\n\n\n\n<h3 class=\"wp-block-heading\">Fiducia da parte di:<\/h3>\n\n\n<div class=\"wp-block-image\">\n<figure class=\"aligncenter size-medium is-resized\"><a href=\"https:\/\/www.railbaltica.org\/\" target=\"_blank\" rel=\"noreferrer noopener nofollow\"><img loading=\"lazy\" decoding=\"async\" width=\"300\" height=\"225\" src=\"https:\/\/www.leaplytics.de\/wp-content\/uploads\/2024\/05\/rb-logo-300x225.png\" alt=\"\" class=\"wp-image-13461\" style=\"width:300px\" srcset=\"https:\/\/www.leaplytics.de\/wp-content\/uploads\/2024\/05\/rb-logo-300x225.png 300w, https:\/\/www.leaplytics.de\/wp-content\/uploads\/2024\/05\/rb-logo-1024x768.png 1024w, https:\/\/www.leaplytics.de\/wp-content\/uploads\/2024\/05\/rb-logo-768x576.png 768w, https:\/\/www.leaplytics.de\/wp-content\/uploads\/2024\/05\/rb-logo-80x60.png 80w, https:\/\/www.leaplytics.de\/wp-content\/uploads\/2024\/05\/rb-logo.png 1200w\" sizes=\"auto, (max-width: 300px) 100vw, 300px\" \/><\/a><\/figure><\/div>\n\n\n<p><em>\"Uno strumento eccellente per visualizzare e garantire una visione olistica del portafoglio rischi. La possibilit\u00e0 di personalizzare i colori, le soglie e la matrice dei rischi \u00e8 ideale, facile da configurare e offre l'opportunit\u00e0 di utilizzare la soluzione per diversi livelli di rischio: impresa, progetto, programma, ecc. La nuova funzione di visualizzazione della variazione delle singole posizioni di rischio sulla mappa di calore \u00e8 perfetta per la reportistica, in quanto l'esatta variazione della probabilit\u00e0 o dell'impatto \u00e8 chiaramente comprensibile anche per i non professionisti della gestione del rischio, consentendo loro di seguire i cambiamenti.\"<\/em> <a href=\"https:\/\/www.railbaltica.org\/\" target=\"_blank\" rel=\"noreferrer noopener nofollow\">Ferrovia Baltica<\/a><\/p>\n\n\n\n<h3 class=\"wp-block-heading\">Lettera dell'amministratore delegato<\/h3>\n\n\n\n<blockquote class=\"wp-block-quote is-layout-flow wp-block-quote-is-layout-flow\">\n<div class=\"wp-block-columns is-layout-flex wp-container-core-columns-is-layout-1 wp-block-columns-is-layout-flex\">\n<div class=\"wp-block-column is-layout-flow wp-block-column-is-layout-flow\" style=\"flex-basis:100%\">\n<h3 class=\"wp-block-heading has-text-align-left\"><img loading=\"lazy\" decoding=\"async\" width=\"150\" height=\"150\" class=\"wp-image-10452\" style=\"width: 150px;\" src=\"https:\/\/www.leaplytics.de\/wp-content\/uploads\/2023\/01\/stefan-profile.png\" alt=\"\" srcset=\"https:\/\/www.leaplytics.de\/wp-content\/uploads\/2023\/01\/stefan-profile.png 612w, https:\/\/www.leaplytics.de\/wp-content\/uploads\/2023\/01\/stefan-profile-300x300.png 300w, https:\/\/www.leaplytics.de\/wp-content\/uploads\/2023\/01\/stefan-profile-150x150.png 150w, https:\/\/www.leaplytics.de\/wp-content\/uploads\/2023\/01\/stefan-profile-370x370.png 370w, https:\/\/www.leaplytics.de\/wp-content\/uploads\/2023\/01\/stefan-profile-60x60.png 60w\" sizes=\"auto, (max-width: 150px) 100vw, 150px\" \/>La nostra soluzione per i professionisti<\/h3>\n<\/div>\n<\/div>\n\n\n\n<p class=\"has-text-align-left\">Ciao a tutti.<br><br>Sono Stefan, amministratore delegato di LeapLytics.<br><br>Questa \u00e8 la matrice di rischio che noi stessi abbiamo sempre cercato. E ora vogliamo condividerla con voi.<br><br>\u00c8 bello avere una matrice dei rischi che aiuta a capire le minacce e le opportunit\u00e0. Prima, infatti, si cominciavano a vedere rischi che non ci si aspettava da fonti che non si vedevano. Si \u00e8 perso il controllo sulla comprensione del panorama dei rischi. Una valanga di dati ingombrava tutto.<\/p>\n\n\n\n<p class=\"has-text-align-left\"><br>\u00c8 qui che possiamo aiutarvi. Abbiamo iniziato a sviluppare la Matrice dei rischi nel 2020. Da allora abbiamo aggiunto molte nuove funzionalit\u00e0. Nel farlo, ci siamo concentrati sugli utenti. La formattazione condizionale \u00e8 stata un'idea di un'azienda italiana. La richiesta di una presentazione dei rischi basata sul tempo \u00e8 arrivata da un cliente australiano. La nostra comunit\u00e0 di clienti \u00e8 ci\u00f2 di cui siamo orgogliosi. Ma anche ci\u00f2 che ci spinge a migliorare la nostra matrice dei rischi.<br><br>La matrice dei rischi non deve sembrare un peso. Qualcosa su cui si rimane indietro. Qualcosa di cui ci si libera, non di cui ci si prende cura. Piuttosto che goderne, ci si fa i conti. Al contrario, dovrebbe essere affidabile. E informative. Dovrebbero facilitare l'allineamento delle azioni di voi e dei vostri team. Per farvi prosperare.<br><br>Quindi, buone notizie: la magia c'\u00e8 ancora. \u00c8 oscurata, sepolta da una serie di soluzioni che non soddisfano le esigenze del cliente. Il vostro cruscotto merita una spolverata. Una ristrutturazione. Modernizzato per il modo in cui gestiamo i rischi oggi. Con la nostra soluzione Risk Matrix, lo abbiamo fatto. \u00c8 un rifacimento, un ripensamento, una reintroduzione semplificata e potente della gestione del rischio.<br><br>Un nuovo inizio, come dovrebbe essere.<\/p>\n\n\n\n<p><br>Buona giornata,<br>Stefan<br><br>Cofondatore e CEO, LeapLytics GmbH<\/p>\n<\/blockquote>\n\n\n<div class=\"wp-block-image\">\n<figure class=\"aligncenter size-large\"><img loading=\"lazy\" decoding=\"async\" width=\"1024\" height=\"576\" src=\"https:\/\/www.leaplytics.de\/wp-content\/uploads\/2022\/04\/First_Slice_Risk_Map_PowerBI-1024x576.png\" alt=\"\" class=\"wp-image-6585\" srcset=\"https:\/\/www.leaplytics.de\/wp-content\/uploads\/2022\/04\/First_Slice_Risk_Map_PowerBI-1024x576.png 1024w, https:\/\/www.leaplytics.de\/wp-content\/uploads\/2022\/04\/First_Slice_Risk_Map_PowerBI-300x169.png 300w, https:\/\/www.leaplytics.de\/wp-content\/uploads\/2022\/04\/First_Slice_Risk_Map_PowerBI-768x432.png 768w, https:\/\/www.leaplytics.de\/wp-content\/uploads\/2022\/04\/First_Slice_Risk_Map_PowerBI-107x60.png 107w, https:\/\/www.leaplytics.de\/wp-content\/uploads\/2022\/04\/First_Slice_Risk_Map_PowerBI.png 1140w\" sizes=\"auto, (max-width: 1024px) 100vw, 1024px\" \/><\/figure><\/div>\n\n\n<div style=\"height:29px\" aria-hidden=\"true\" class=\"wp-block-spacer\"><\/div>\n\n\n\n<blockquote class=\"wp-block-quote has-text-align-left is-layout-flow wp-block-quote-is-layout-flow\">\n<p>Ne vale assolutamente la pena<\/p>\n<cite>\"Tutto ci\u00f2 che volevamo ottenere con una matrice di rischio, siamo riusciti a realizzarlo con questa visualizzazione. Ne vale assolutamente la pena\". - <a href=\"https:\/\/appsource.microsoft.com\/en-us\/product\/power-bi-visuals\/leaplyticsgmbh1633373694058.leaplytics_risk_heatmap?tab=Reviews\" target=\"_blank\" rel=\"noreferrer noopener\">Microsoft AppSource Valutazione della recensione: <img loading=\"lazy\" decoding=\"async\" width=\"89\" height=\"14\" class=\"wp-image-13274\" style=\"width: 89px;\" src=\"https:\/\/www.leaplytics.de\/wp-content\/uploads\/2024\/04\/stars.png\" alt=\"\"><\/a><\/cite><\/blockquote>\n\n\n\n<h3 class=\"wp-block-heading\">Cosa otterr\u00f2?<\/h3>\n\n\n\n<i class=\"fa-solid fa-key\"><\/i> Prova di quattro settimane <b>Chiave di licenza<\/b>\n<br><br>\n<i class=\"fa-solid fa-eye\"><\/i> Impostazione visiva <b>Tutorial<\/b>\n<br><br>\n<i class=\"fas fa-directions\"><\/i> <b>Come fare<\/b> Guide su YouTube\n<br><br>\n<i class=\"fa-solid fa-question\"><\/i> Domande frequenti (<b>Domande frequenti<\/b>)\n\n\n\n<div style=\"height:29px\" aria-hidden=\"true\" class=\"wp-block-spacer\"><\/div>\n\n\n\n<h3 class=\"wp-block-heading\">Perch\u00e9 dovrei testare il vostro visual?<\/h3>\n\n\n\n<p>La nostra Matrice di Rischio LeapLytics \u00e8 il <strong>solo<\/strong> matrice di rischio in grado di visualizzare ogni rischio come entit\u00e0 individuale. Offre funzionalit\u00e0 cliccabili e consente di visualizzare un esame dettagliato attraverso un tooltip. Inoltre, \u00e8 l'unico elemento visivo di Power BI che consente agli utenti di accedere a informazioni approfondite sui rischi con un semplice drill-down su un rischio specifico.<\/p>\n\n\n\n<ul class=\"wp-block-list\">\n<li><strong>Nessun abbonamento<\/strong>: Lasciare semplicemente scadere. <strong>Non vi faremo pagare nulla.<\/strong><\/li>\n<\/ul>\n\n\n\n<figure class=\"wp-block-embed is-type-video is-provider-youtube wp-block-embed-youtube wp-embed-aspect-16-9 wp-has-aspect-ratio\"><div class=\"wp-block-embed__wrapper\" align=\"center\">\n<iframe loading=\"lazy\" title=\"Power BI Matrice di rischio \/ Heatmap LeapLytics Visual\" width=\"770\" height=\"433\" src=\"https:\/\/www.youtube.com\/embed\/SsN0lgNJX6A?feature=oembed\" frameborder=\"0\" allow=\"accelerometer; autoplay; clipboard-write; encrypted-media; gyroscope; picture-in-picture; web-share\" referrerpolicy=\"strict-origin-when-cross-origin\" allowfullscreen><\/iframe>\n<\/div><\/figure>\n\n\n\n<div style=\"height:55px\" aria-hidden=\"true\" class=\"wp-block-spacer\"><\/div>\n\n\n\n<blockquote class=\"wp-block-quote is-layout-flow wp-block-quote-is-layout-flow\">\n<p>Funziona esattamente come previsto e pubblicizzato.<\/p>\n\n\n\n<h3 class=\"wp-block-heading\"><\/h3>\n<cite>\"Ho acquistato una licenza per questa applicazione quasi 9 mesi fa, l'ho installata in diversi rapporti utilizzati da centinaia di persone in tutto il mondo e ho avuto solo feedback positivi dagli utenti.\" - <a href=\"https:\/\/appsource.microsoft.com\/en-us\/product\/power-bi-visuals\/leaplyticsgmbh1633373694058.leaplytics_risk_heatmap?tab=Reviews\" target=\"_blank\" rel=\"noreferrer noopener\">Microsoft AppSource Valutazione della recensione: <img loading=\"lazy\" decoding=\"async\" width=\"89\" height=\"14\" class=\"wp-image-13274\" style=\"width: 89px;\" src=\"https:\/\/www.leaplytics.de\/wp-content\/uploads\/2024\/04\/stars.png\" alt=\"\"><\/a><\/cite><\/blockquote>\n\n\n\n<p>Siete interessati? Entro cinque minuti riceverete un'e-mail con la vostra licenza di prova personale di quattro settimane.<\/p>\n\n\n<div class=\"wpforms-container wpforms-container-full\" id=\"wpforms-10592\"><form id=\"wpforms-form-10592\" class=\"wpforms-validate wpforms-form wpforms-ajax-form\" data-formid=\"10592\" method=\"post\" enctype=\"multipart\/form-data\" action=\"\/it\/wp-json\/wp\/v2\/pages\/9526\" data-token=\"93e31137e329d7940839fcaafb5f94cb\" data-token-time=\"1776963610\" data-trp-original-action=\"\/it\/wp-json\/wp\/v2\/pages\/9526\"><noscript class=\"wpforms-error-noscript\">Abilita JavaScript nel browser per completare questo modulo.<\/noscript><div class=\"wpforms-field-container\"><div id=\"wpforms-10592-field_0-container\" class=\"wpforms-field wpforms-field-name\" data-field-id=\"0\"><label class=\"wpforms-field-label\">Nome <span class=\"wpforms-required-label\">*<\/span><\/label><div class=\"wpforms-field-row wpforms-field-medium\"><div class=\"wpforms-field-row-block wpforms-first wpforms-one-half\"><input type=\"text\" id=\"wpforms-10592-field_0\" class=\"wpforms-field-name-first wpforms-field-required\" name=\"wpforms[fields][0][first]\" required><label for=\"wpforms-10592-field_0\" class=\"wpforms-field-sublabel after\">Nome<\/label><\/div><div class=\"wpforms-field-row-block wpforms-one-half\"><input type=\"text\" id=\"wpforms-10592-field_0-last\" class=\"wpforms-field-name-last wpforms-field-required\" name=\"wpforms[fields][0][last]\" required><label for=\"wpforms-10592-field_0-last\" class=\"wpforms-field-sublabel after\">Cognome<\/label><\/div><\/div><\/div><div id=\"wpforms-10592-field_1-container\" class=\"wpforms-field wpforms-field-email\" data-field-id=\"1\"><label class=\"wpforms-field-label\" for=\"wpforms-10592-field_1\">E-mail aziendale <span class=\"wpforms-required-label\">*<\/span><\/label><input type=\"email\" id=\"wpforms-10592-field_1\" class=\"wpforms-field-medium wpforms-field-required\" data-rule-restricted-email=\"1\" name=\"wpforms[fields][1]\" spellcheck=\"false\" required><\/div><div id=\"wpforms-10592-field_4-container\" class=\"wpforms-field wpforms-field-text\" data-field-id=\"4\"><label class=\"wpforms-field-label\" for=\"wpforms-10592-field_4\">Azienda <span class=\"wpforms-required-label\">*<\/span><\/label><input type=\"text\" id=\"wpforms-10592-field_4\" class=\"wpforms-field-medium wpforms-field-required\" name=\"wpforms[fields][4]\" required><\/div><div id=\"wpforms-10592-field_3-container\" class=\"wpforms-field wpforms-field-gdpr-checkbox\" data-field-id=\"3\"><label class=\"wpforms-field-label\">Accordo GDPR <span class=\"wpforms-required-label\">*<\/span><\/label><ul id=\"wpforms-10592-field_3\" class=\"wpforms-field-required\"><li class=\"choice-1\"><input type=\"checkbox\" id=\"wpforms-10592-field_3_1\" name=\"wpforms[fields][3][]\" value=\"I consent to having this website store my submitted information so they can respond to my inquiry.\" required><label class=\"wpforms-field-label-inline\" for=\"wpforms-10592-field_3_1\">Acconsento a che questo sito web memorizzi le informazioni da me inviate per poter rispondere alla mia richiesta.<\/label><\/li><\/ul><\/div><\/div><!-- .wpforms-field-container --><div class=\"wpforms-recaptcha-container wpforms-is-recaptcha wpforms-is-recaptcha-type-v3\" ><input type=\"hidden\" name=\"wpforms[recaptcha]\" value=\"\"><\/div><div class=\"wpforms-submit-container\" ><input type=\"hidden\" name=\"wpforms[id]\" value=\"10592\"><input type=\"hidden\" name=\"page_title\" value=\"\"><input type=\"hidden\" name=\"page_url\" value=\"https:\/\/www.leaplytics.de\/it\/wp-json\/wp\/v2\/pages\/9526\"><input type=\"hidden\" name=\"url_referer\" value=\"\"><button type=\"submit\" name=\"wpforms[submit]\" id=\"wpforms-submit-10592\" class=\"wpforms-submit\" data-alt-text=\"Sending...\" data-submit-text=\"Submit\" aria-live=\"assertive\" value=\"wpforms-submit\">Invia<\/button><img loading=\"lazy\" decoding=\"async\" src=\"https:\/\/www.leaplytics.de\/wp-content\/plugins\/wpforms-lite\/assets\/images\/submit-spin.svg\" class=\"wpforms-submit-spinner\" style=\"display: none;\" width=\"26\" height=\"26\" alt=\"Caricamento\"><\/div><input type=\"hidden\" name=\"trp-form-language\" value=\"it\"\/><\/form><\/div>  <!-- .wpforms-container -->","protected":false},"excerpt":{"rendered":"<p>The missing puzzle piece for your risk management It&#8217;s easy: fill out the form below, and we&#8217;ll send you a free four-week trial license. Trusted By: &#8220;An excellent tool to visualize and ensure a holistic overview of the risk portfolio. The possibility to customize colors, thresholds, and the risk matrix is ideal\u2014easy to set up &hellip; <\/p>","protected":false},"author":2,"featured_media":0,"parent":0,"menu_order":0,"comment_status":"closed","ping_status":"closed","template":"","meta":{"footnotes":""},"class_list":["post-9526","page","type-page","status-publish","hentry","latest_post"],"_links":{"self":[{"href":"https:\/\/www.leaplytics.de\/it\/wp-json\/wp\/v2\/pages\/9526","targetHints":{"allow":["GET"]}}],"collection":[{"href":"https:\/\/www.leaplytics.de\/it\/wp-json\/wp\/v2\/pages"}],"about":[{"href":"https:\/\/www.leaplytics.de\/it\/wp-json\/wp\/v2\/types\/page"}],"author":[{"embeddable":true,"href":"https:\/\/www.leaplytics.de\/it\/wp-json\/wp\/v2\/users\/2"}],"replies":[{"embeddable":true,"href":"https:\/\/www.leaplytics.de\/it\/wp-json\/wp\/v2\/comments?post=9526"}],"version-history":[{"count":51,"href":"https:\/\/www.leaplytics.de\/it\/wp-json\/wp\/v2\/pages\/9526\/revisions"}],"predecessor-version":[{"id":13475,"href":"https:\/\/www.leaplytics.de\/it\/wp-json\/wp\/v2\/pages\/9526\/revisions\/13475"}],"wp:attachment":[{"href":"https:\/\/www.leaplytics.de\/it\/wp-json\/wp\/v2\/media?parent=9526"}],"curies":[{"name":"wp","href":"https:\/\/api.w.org\/{rel}","templated":true}]}}