{"id":11871,"date":"2023-06-17T21:49:52","date_gmt":"2023-06-17T19:49:52","guid":{"rendered":"https:\/\/www.leaplytics.de\/?page_id=11871"},"modified":"2023-11-03T11:27:35","modified_gmt":"2023-11-03T10:27:35","slug":"pradedame-dirbti-markdown-ziurykle-galia-bi","status":"publish","type":"page","link":"https:\/\/www.leaplytics.de\/lt\/pradedame-dirbti-markdown-ziurykle-galia-bi\/","title":{"rendered":"Darbo prad\u017eia - Markdown Viewer"},"content":{"rendered":"<p>\u012ek\u0117l\u0119 m\u016bs\u0173 vizualizacij\u0105, neabejotinai klausiate sav\u0119s, k\u0105 daryti dabar. B\u016btent tai ir paai\u0161kinsime \u0161ioje pamokoje.<\/p>\n\n\n\n<h3 class=\"wp-block-heading\">1. Vilkite vaizdin\u0119 med\u017eiag\u0105 \u012f darbalap\u012f<\/h3>\n\n\n<div class=\"wp-block-image\">\n<figure class=\"alignleft size-full\"><img loading=\"lazy\" decoding=\"async\" width=\"281\" height=\"350\" src=\"https:\/\/www.leaplytics.de\/wp-content\/uploads\/2023\/11\/md.png\" alt=\"\" class=\"wp-image-12805\" srcset=\"https:\/\/www.leaplytics.de\/wp-content\/uploads\/2023\/11\/md.png 281w, https:\/\/www.leaplytics.de\/wp-content\/uploads\/2023\/11\/md-241x300.png 241w, https:\/\/www.leaplytics.de\/wp-content\/uploads\/2023\/11\/md-48x60.png 48w\" sizes=\"auto, (max-width: 281px) 100vw, 281px\" \/><\/figure><\/div>\n\n\n<div class=\"wp-block-columns is-layout-flex wp-container-core-columns-is-layout-1 wp-block-columns-is-layout-flex\">\n<div class=\"wp-block-column is-layout-flow wp-block-column-is-layout-flow\" style=\"flex-basis:66.66%\">\n<p>Atidarykite \"Microsoft Power BI\" ir atitinkam\u0105 ataskait\u0105 arba darbalap\u012f, kuriame norite naudoti \"Markdown Viewer\" vaizdin\u0119 priemon\u0119. Atidarykite darbalap\u012f redagavimo re\u017eimu ir \"Markdown Viewer\" vizualizacij\u0105 bei visus kitus \u012fsigytus \"LeapLytics\" produktus rasite skyriuje \"Visualizations\" (vizualizacijos). Spustel\u0117kite vaizdin\u0119 med\u017eiag\u0105, kad j\u0105 patalpintum\u0117te savo darbalapyje (<em>V\u0117liau vaizdin\u0117s i\u0161vaizdos i\u0161vaizd\u0105 galite keisti lange \"Formatas\".<\/em>).<\/p>\n<\/div>\n<\/div>\n\n\n\n<div style=\"height:16px\" aria-hidden=\"true\" class=\"wp-block-spacer\"><\/div>\n\n\n\n<h3 class=\"wp-block-heading\">2. Nekilnojamojo turto skydelis<\/h3>\n\n\n<div class=\"wp-block-image\">\n<figure class=\"alignleft size-full\"><img loading=\"lazy\" decoding=\"async\" width=\"187\" height=\"411\" src=\"https:\/\/www.leaplytics.de\/wp-content\/uploads\/2023\/11\/md2.png\" alt=\"\" class=\"wp-image-12806\" srcset=\"https:\/\/www.leaplytics.de\/wp-content\/uploads\/2023\/11\/md2.png 187w, https:\/\/www.leaplytics.de\/wp-content\/uploads\/2023\/11\/md2-136x300.png 136w, https:\/\/www.leaplytics.de\/wp-content\/uploads\/2023\/11\/md2-27x60.png 27w\" sizes=\"auto, (max-width: 187px) 100vw, 187px\" \/><\/figure><\/div>\n\n\n<div class=\"wp-block-columns is-layout-flex wp-container-core-columns-is-layout-2 wp-block-columns-is-layout-flex\">\n<div class=\"wp-block-column is-layout-flow wp-block-column-is-layout-flow\" style=\"flex-basis:33.33%\">\n<p>\u012e prietais\u0173 skydel\u012f patalpinus vien\u0105 ar kelis vaizdin\u0117s priemon\u0117s egzempliorius, de\u0161in\u0117je pus\u0117je bus rodomas savybi\u0173 skydelis. Savybi\u0173 skydelis suskirstytas \u012f skyrius \"Laukai\", \"Formatas\" ir \"Analiz\u0117\".<\/p>\n\n\n\n<p>Tolesniuose skyriuose su\u017einosite, kaip naudotis \"LeapLytics\" \"Markdown Viewer\" vaizdine programa ir kaip j\u0105 pritaikyti savo poreikiams tinkamai naudojant savybes.<\/p>\n<\/div>\n<\/div>\n\n\n\n<div style=\"height:16px\" aria-hidden=\"true\" class=\"wp-block-spacer\"><\/div>\n\n\n\n<h3 class=\"wp-block-heading\">3. Prid\u0117ti priemon\u0119<\/h3>\n\n\n<div class=\"wp-block-image\">\n<figure class=\"alignleft size-full\"><img loading=\"lazy\" decoding=\"async\" width=\"364\" height=\"409\" src=\"https:\/\/www.leaplytics.de\/wp-content\/uploads\/2023\/11\/md3.png\" alt=\"\" class=\"wp-image-12807\" srcset=\"https:\/\/www.leaplytics.de\/wp-content\/uploads\/2023\/11\/md3.png 364w, https:\/\/www.leaplytics.de\/wp-content\/uploads\/2023\/11\/md3-267x300.png 267w, https:\/\/www.leaplytics.de\/wp-content\/uploads\/2023\/11\/md3-53x60.png 53w\" sizes=\"auto, (max-width: 364px) 100vw, 364px\" \/><\/figure><\/div>\n\n\n<div class=\"wp-block-columns is-layout-flex wp-container-core-columns-is-layout-3 wp-block-columns-is-layout-flex\">\n<div class=\"wp-block-column is-layout-flow wp-block-column-is-layout-flow\" style=\"flex-basis:66.66%\">\n<p>Pasirinkite matmen\u012f i\u0161 skirsnio \"Duomenys\" spustel\u0117dami ant jo arba vilkdami j\u012f \u012f vizualiojo vaizdo lauk\u0105 \"Duomenys\".<\/p>\n\n\n\n<p><strong>Naudojant m\u016bs\u0173 \"Markdown\" nar\u0161ykl\u0119 reikia \u012fsitikinti, kad dimensijos duomenys yra \"Markdown\" formato.<\/strong><\/p>\n<\/div>\n<\/div>\n\n\n\n<div style=\"height:16px\" aria-hidden=\"true\" class=\"wp-block-spacer\"><\/div>\n\n\n\n<h3 class=\"wp-block-heading\">4. Rezultatas<\/h3>\n\n\n\n<figure class=\"wp-block-image size-large\"><img loading=\"lazy\" decoding=\"async\" width=\"1024\" height=\"407\" src=\"https:\/\/www.leaplytics.de\/wp-content\/uploads\/2023\/11\/grafik-2-1024x407.png\" alt=\"\" class=\"wp-image-12810\" srcset=\"https:\/\/www.leaplytics.de\/wp-content\/uploads\/2023\/11\/grafik-2-1024x407.png 1024w, https:\/\/www.leaplytics.de\/wp-content\/uploads\/2023\/11\/grafik-2-300x119.png 300w, https:\/\/www.leaplytics.de\/wp-content\/uploads\/2023\/11\/grafik-2-768x305.png 768w, https:\/\/www.leaplytics.de\/wp-content\/uploads\/2023\/11\/grafik-2-1536x610.png 1536w, https:\/\/www.leaplytics.de\/wp-content\/uploads\/2023\/11\/grafik-2-151x60.png 151w, https:\/\/www.leaplytics.de\/wp-content\/uploads\/2023\/11\/grafik-2.png 1880w\" sizes=\"auto, (max-width: 1024px) 100vw, 1024px\" \/><\/figure>","protected":false},"excerpt":{"rendered":"<p>\u012ek\u0117l\u0119 m\u016bs\u0173 vizualizacij\u0105, neabejotinai klausiate sav\u0119s, k\u0105 daryti dabar. B\u016btent tai ir paai\u0161kinsime \u0161ioje pamokoje. 1. Vilkite vizualizacij\u0105 \u012f darbalap\u012f Atidarykite \"Microsoft Power BI\" ir atitinkam\u0105 ataskait\u0105 arba darbalap\u012f, kuriame norite naudoti \"Markdown Viewer\" vizualizacij\u0105. Atidarykite savo darbalap\u012f ... <\/p>","protected":false},"author":2,"featured_media":0,"parent":0,"menu_order":0,"comment_status":"closed","ping_status":"closed","template":"","meta":{"footnotes":""},"class_list":["post-11871","page","type-page","status-publish","hentry","latest_post"],"_links":{"self":[{"href":"https:\/\/www.leaplytics.de\/lt\/wp-json\/wp\/v2\/pages\/11871","targetHints":{"allow":["GET"]}}],"collection":[{"href":"https:\/\/www.leaplytics.de\/lt\/wp-json\/wp\/v2\/pages"}],"about":[{"href":"https:\/\/www.leaplytics.de\/lt\/wp-json\/wp\/v2\/types\/page"}],"author":[{"embeddable":true,"href":"https:\/\/www.leaplytics.de\/lt\/wp-json\/wp\/v2\/users\/2"}],"replies":[{"embeddable":true,"href":"https:\/\/www.leaplytics.de\/lt\/wp-json\/wp\/v2\/comments?post=11871"}],"version-history":[{"count":0,"href":"https:\/\/www.leaplytics.de\/lt\/wp-json\/wp\/v2\/pages\/11871\/revisions"}],"wp:attachment":[{"href":"https:\/\/www.leaplytics.de\/lt\/wp-json\/wp\/v2\/media?parent=11871"}],"curies":[{"name":"wp","href":"https:\/\/api.w.org\/{rel}","templated":true}]}}