{"id":11926,"date":"2023-07-18T10:22:34","date_gmt":"2023-07-18T08:22:34","guid":{"rendered":"https:\/\/www.leaplytics.de\/?page_id=11926"},"modified":"2024-10-29T12:39:50","modified_gmt":"2024-10-29T11:39:50","slug":"markdown-ziurykle-vizualine-galia-bi","status":"publish","type":"page","link":"https:\/\/www.leaplytics.de\/lt\/markdown-ziurykle-vizualine-galia-bi\/","title":{"rendered":"\"Markdown\" per\u017ei\u016bros programa \"Visual for Power BI"},"content":{"rendered":"<p>Pristatome \"Power BI\" skirt\u0105 \"Markdown-to-HTML Custom Visual\": papasakokite savo duomen\u0173 istorij\u0105 naudodami visavert\u012f teksto redaktori\u0173 savo duomen\u0173 skydelyje! I\u0161ry\u0161kinkite svarbi\u0105 informacij\u0105 naudodami formatuot\u0105 tekst\u0105 savo duomen\u0173 vizualizavimo patirtyje!<\/p>\n\n\n\n<p>D\u017eiaugiam\u0117s gal\u0117dami pristatyti \u017eaidim\u0105 kei\u010diant\u012f sprendim\u0105, kuris suteikia \"Power BI\" naudotojams galimyb\u0119 skland\u017eiai integruoti gra\u017eiai suformatuot\u0105 tekst\u0105 \u012f savo ataskaitas ir valdymo skydelius.<\/p>\n\n\n\n<h3 class=\"wp-block-heading has-text-align-left\">Privalumai<\/h3>\n\n\n\n<h5 class=\"wp-block-heading\">I\u0161laisvinkite \"Markdown\" gali\u0105<\/h5>\n\n\n\n<p>Pla\u010diai paplitusi \u017eym\u0117jimo kalba su paprastomis ir i\u0161rai\u0161kingomis teksto formatavimo galimyb\u0117mis leid\u017eia kurti antra\u0161tes, s\u0105ra\u0161us, nuorodas ir kitus formatuotus teksto elementus tiesiai \u0161alia duomen\u0173 vizualizacij\u0173!<\/p>\n\n\n\n<h5 class=\"wp-block-heading\">Kurkite \u012ftikinamus vaizdinius pasakojimus<\/h5>\n\n\n\n<p>Naudodami \"Markdown-to-HTML Custom Visual\" galite sukurti patraukl\u0173 pasakojim\u0105 apie savo duomen\u0173 istorij\u0105, skland\u017eiai sujungdami gausiai suformatuot\u0105 tekst\u0105 su vizualizacijomis. Galite pateikti i\u0161samius paai\u0161kinimus, \u012f\u017evalgas ir patvirtinamuosius dokumentus kartu su duomenimis, taip padidindami savo prane\u0161imo ai\u0161kum\u0105 ir poveik\u012f.<\/p>\n\n\n\n<h5 class=\"wp-block-heading\">Supaprastinta integracija<\/h5>\n\n\n\n<p>M\u016bs\u0173 pasirinktin\u0117 vaizdin\u0117 med\u017eiaga skland\u017eiai integruojama \u012f \"Power BI\" aplink\u0105, kad naudotojui b\u016bt\u0173 patogu naudotis. Tiesiog \u012fveskite \"Markdown\" kod\u0105 arba prisijunkite prie duomen\u0173 \u0161altinio, kuriame yra \"Markdown\" turinio, ir m\u016bs\u0173 vaizdin\u0117 priemon\u0117 pasir\u016bpins visu kitu.<\/p>\n\n\n\n<h5 class=\"wp-block-heading\">Pritaikykite taip, kad atitikt\u0173 j\u016bs\u0173 stili\u0173<\/h5>\n\n\n\n<p>M\u016bs\u0173 \"Markdown-to-HTML Custom Visual\" si\u016blo pla\u010dias pritaikymo galimybes, kad b\u016bt\u0173 pritaikytas j\u016bs\u0173 unikalus prek\u0117s \u017eenklo identitetas. Pritaikykite vaizdin\u0117s med\u017eiagos i\u0161vaizd\u0105, pvz., \u0161riftus, spalvas ir fon\u0105, kad ji atitikt\u0173 j\u016bs\u0173 prek\u0117s \u017eenklo ar ataskaitos tem\u0105 ir darniai bei profesionaliai pristatyt\u0173 j\u016bs\u0173 organizacijos identitet\u0105.<\/p>\n\n\n\n<h5 class=\"wp-block-heading\">Bendradarbiavimo ir dalijimosi \u017einiomis skatinimas<\/h5>\n\n\n\n<p>Skatinkite bendradarbiavim\u0105, dalijim\u0105si \u017einiomis ir supaprastint\u0105 darbo eig\u0105 savo organizacijoje naudodami \u0161\u012f populiar\u0173 bendradarbiavimo ir dalijimosi \u017einiomis format\u0105.<\/p>\n\n\n\n<p>Pagerinkite savo duomen\u0173 vizualizavimo galimybes naudodami m\u016bs\u0173 \"Power BI\" skirt\u0105 \"Markdown-to-HTML Custom Visual\". Pateikite savo \u012f\u017evalgas ir analiz\u0119 vizualiai stulbinamai ir patraukliai, kad sudomintum\u0117te savo auditorij\u0105. Nesvarbu, ar esate duomen\u0173 analitikas, verslo specialistas, ar vadovas, \u0161i vizualizacija sukurta taip, kad pad\u0117t\u0173 lengvai perteikti sud\u0117tingas id\u0117jas ir padaryt\u0173 ilgalaik\u012f poveik\u012f.<\/p>\n\n\n\n<p>Ar esate pasiruo\u0161\u0119 pakeisti \"Power BI\" ataskaitas ir informacinius skydelius? Atsisi\u0173skite m\u016bs\u0173 \"Markdown-to-HTML Custom Visual\" ir atverkite dinami\u0161ko teksto formatavimo galimybi\u0173 pasaul\u012f.<\/p>\n\n\n\n<p><em>Suteikite savo duomen\u0173 pristatymams puik\u0173 vizualin\u0117s estetikos ir informatyvaus turinio derin\u012f. Patirkite duomen\u0173 pasakojimo ateit\u012f su \"Markdown\" ir \"Power BI\".<\/em><\/p>\n\n\n\n<p><\/p>\n\n\n\n<h3 class=\"wp-block-heading\">U\u017esisakykite bandom\u0105j\u0105 licencij\u0105<\/h3>\n\n\n<div class=\"wpforms-container wpforms-container-full\" id=\"wpforms-11888\"><form id=\"wpforms-form-11888\" class=\"wpforms-validate wpforms-form wpforms-ajax-form\" data-formid=\"11888\" method=\"post\" enctype=\"multipart\/form-data\" action=\"\/lt\/wp-json\/wp\/v2\/pages\/11926\" data-token=\"eea5bbbf8bd8d59fccefd3b72b8ac8b9\" data-token-time=\"1775876052\" data-trp-original-action=\"\/lt\/wp-json\/wp\/v2\/pages\/11926\"><noscript class=\"wpforms-error-noscript\">Nor\u0117dami u\u017epildyti \u0161i\u0105 form\u0105, nar\u0161ykl\u0117je \u012fjunkite \"JavaScript\".<\/noscript><div class=\"wpforms-field-container\"><div id=\"wpforms-11888-field_0-container\" class=\"wpforms-field wpforms-field-name\" data-field-id=\"0\"><label class=\"wpforms-field-label\">Pavadinimas <span class=\"wpforms-required-label\">*<\/span><\/label><div class=\"wpforms-field-row wpforms-field-medium\"><div class=\"wpforms-field-row-block wpforms-first wpforms-one-half\"><input type=\"text\" id=\"wpforms-11888-field_0\" class=\"wpforms-field-name-first wpforms-field-required\" name=\"wpforms[fields][0][first]\" required><label for=\"wpforms-11888-field_0\" class=\"wpforms-field-sublabel after\">Pirmasis<\/label><\/div><div class=\"wpforms-field-row-block wpforms-one-half\"><input type=\"text\" id=\"wpforms-11888-field_0-last\" class=\"wpforms-field-name-last wpforms-field-required\" name=\"wpforms[fields][0][last]\" required><label for=\"wpforms-11888-field_0-last\" class=\"wpforms-field-sublabel after\">Paskutinis<\/label><\/div><\/div><\/div><div id=\"wpforms-11888-field_1-container\" class=\"wpforms-field wpforms-field-email\" data-field-id=\"1\"><label class=\"wpforms-field-label\" for=\"wpforms-11888-field_1\">Verslo el. pa\u0161tas <span class=\"wpforms-required-label\">*<\/span><\/label><input type=\"email\" id=\"wpforms-11888-field_1\" class=\"wpforms-field-medium wpforms-field-required\" data-rule-restricted-email=\"1\" name=\"wpforms[fields][1]\" spellcheck=\"false\" required><\/div><div id=\"wpforms-11888-field_4-container\" class=\"wpforms-field wpforms-field-text\" data-field-id=\"4\"><label class=\"wpforms-field-label\" for=\"wpforms-11888-field_4\">\u012emon\u0117 <span class=\"wpforms-required-label\">*<\/span><\/label><input type=\"text\" id=\"wpforms-11888-field_4\" class=\"wpforms-field-medium wpforms-field-required\" name=\"wpforms[fields][4]\" required><\/div><div id=\"wpforms-11888-field_3-container\" class=\"wpforms-field wpforms-field-gdpr-checkbox\" data-field-id=\"3\"><label class=\"wpforms-field-label\">BDAR susitarimas <span class=\"wpforms-required-label\">*<\/span><\/label><ul id=\"wpforms-11888-field_3\" class=\"wpforms-field-required\"><li class=\"choice-1\"><input type=\"checkbox\" id=\"wpforms-11888-field_3_1\" name=\"wpforms[fields][3][]\" value=\"I consent to having this website store my submitted information so they can respond to my inquiry.\" required><label class=\"wpforms-field-label-inline\" for=\"wpforms-11888-field_3_1\">Sutinku, kad \u0161i svetain\u0117 saugot\u0173 mano pateikt\u0105 informacij\u0105, kad gal\u0117t\u0173 atsakyti \u012f mano u\u017eklaus\u0105.<\/label><\/li><\/ul><\/div><\/div><!-- .wpforms-field-container --><div class=\"wpforms-recaptcha-container wpforms-is-recaptcha wpforms-is-recaptcha-type-v3\" ><input type=\"hidden\" name=\"wpforms[recaptcha]\" value=\"\"><\/div><div class=\"wpforms-submit-container\" ><input type=\"hidden\" name=\"wpforms[id]\" value=\"11888\"><input type=\"hidden\" name=\"page_title\" value=\"\"><input type=\"hidden\" name=\"page_url\" value=\"https:\/\/www.leaplytics.de\/lt\/wp-json\/wp\/v2\/pages\/11926\"><input type=\"hidden\" name=\"url_referer\" value=\"\"><button type=\"submit\" name=\"wpforms[submit]\" id=\"wpforms-submit-11888\" class=\"wpforms-submit\" data-alt-text=\"Sending...\" data-submit-text=\"Submit\" aria-live=\"assertive\" value=\"wpforms-submit\">Pateikti<\/button><img loading=\"lazy\" decoding=\"async\" src=\"https:\/\/www.leaplytics.de\/wp-content\/plugins\/wpforms-lite\/assets\/images\/submit-spin.svg\" class=\"wpforms-submit-spinner\" style=\"display: none;\" width=\"26\" height=\"26\" alt=\"Pakrovimas\"><\/div><input type=\"hidden\" name=\"trp-form-language\" value=\"lt\"\/><\/form><\/div>  <!-- .wpforms-container -->\n\n\n\n<div style=\"height:50px\" aria-hidden=\"true\" class=\"wp-block-spacer\"><\/div>\n\n\n\n<h3 class=\"wp-block-heading has-text-align-left\" id=\"tutorial\">Darbo prad\u017eia<\/h3>\n\n\n\n<p><em>Kaip prad\u0117ti?<\/em> U\u017esisakykite bandom\u0105j\u0105 licencij\u0105 auk\u0161\u010diau. O kai gavote licencijos kod\u0105? Spustel\u0117kite toliau ir prad\u0117kite m\u016bs\u0173 pamok\u0105.<\/p>\n\n\n\n<figure class=\"wp-block-embed is-type-wp-embed is-provider-leaplytics wp-block-embed-leaplytics\"><div class=\"wp-block-embed__wrapper\">\n<blockquote class=\"wp-embedded-content\" data-secret=\"IL8vEweSWi\"><a href=\"https:\/\/www.leaplytics.de\/lt\/pradedame-dirbti-markdown-ziurykle-galia-bi\/\">Darbo prad\u017eia - Markdown Viewer<\/a><\/blockquote><iframe loading=\"lazy\" class=\"wp-embedded-content\" sandbox=\"allow-scripts\" security=\"restricted\" style=\"position: absolute; clip: rect(1px, 1px, 1px, 1px);\" title=\"&quot;Darbo prad\u017eia - &quot;Markdown&quot; per\u017ei\u016bros programa&quot; - LeapLytics\" src=\"https:\/\/www.leaplytics.de\/getting-started-markdown-viewer-power-bi\/embed\/#?secret=huMdA44Ho4#?secret=IL8vEweSWi\" data-secret=\"IL8vEweSWi\" width=\"600\" height=\"338\" frameborder=\"0\" marginwidth=\"0\" marginheight=\"0\" scrolling=\"no\"><\/iframe>\n<\/div><\/figure>","protected":false},"excerpt":{"rendered":"<p>Pristatome \"Power BI\" skirt\u0105 \"Markdown-to-HTML\" pasirinktin\u0119 vaizdin\u0119 priemon\u0119: papasakokite savo duomen\u0173 istorij\u0105 naudodami visavert\u012f teksto redaktori\u0173 savo duomen\u0173 skydelyje! I\u0161ry\u0161kinkite svarbi\u0105 informacij\u0105 naudodami formatuot\u0105 tekst\u0105 savo duomen\u0173 vizualizavimo patirtyje! D\u017eiaugiam\u0117s gal\u0117dami pristatyti \u017eaidim\u0105 kei\u010diant\u012f sprendim\u0105, kuris suteikia \"Power BI\" naudotojams galimyb\u0119 skland\u017eiai integruoti gra\u017eiai suformatuot\u0105 tekst\u0105 \u012f savo ataskaitas ir ... <\/p>","protected":false},"author":2,"featured_media":0,"parent":0,"menu_order":0,"comment_status":"closed","ping_status":"closed","template":"","meta":{"footnotes":""},"class_list":["post-11926","page","type-page","status-publish","hentry","latest_post"],"_links":{"self":[{"href":"https:\/\/www.leaplytics.de\/lt\/wp-json\/wp\/v2\/pages\/11926","targetHints":{"allow":["GET"]}}],"collection":[{"href":"https:\/\/www.leaplytics.de\/lt\/wp-json\/wp\/v2\/pages"}],"about":[{"href":"https:\/\/www.leaplytics.de\/lt\/wp-json\/wp\/v2\/types\/page"}],"author":[{"embeddable":true,"href":"https:\/\/www.leaplytics.de\/lt\/wp-json\/wp\/v2\/users\/2"}],"replies":[{"embeddable":true,"href":"https:\/\/www.leaplytics.de\/lt\/wp-json\/wp\/v2\/comments?post=11926"}],"version-history":[{"count":3,"href":"https:\/\/www.leaplytics.de\/lt\/wp-json\/wp\/v2\/pages\/11926\/revisions"}],"predecessor-version":[{"id":13652,"href":"https:\/\/www.leaplytics.de\/lt\/wp-json\/wp\/v2\/pages\/11926\/revisions\/13652"}],"wp:attachment":[{"href":"https:\/\/www.leaplytics.de\/lt\/wp-json\/wp\/v2\/media?parent=11926"}],"curies":[{"name":"wp","href":"https:\/\/api.w.org\/{rel}","templated":true}]}}