{"id":12086,"date":"2023-08-02T17:05:19","date_gmt":"2023-08-02T15:05:19","guid":{"rendered":"https:\/\/www.leaplytics.de\/?page_id=12086"},"modified":"2023-08-06T14:32:15","modified_gmt":"2023-08-06T12:32:15","slug":"qlikview-migracija-i-power-bi","status":"publish","type":"page","link":"https:\/\/www.leaplytics.de\/lt\/qlikview-migracija-i-power-bi\/","title":{"rendered":"\"QlikView\" perk\u0117limas \u012f \"Power BI\" - m\u016bs\u0173 po\u017ei\u016bris"},"content":{"rendered":"<p>Ar \u0161iuo metu naudojate \"QlikView\", bet svarstote galimyb\u0119 pereiti prie \"Power BI\"?  \"LeapLytics\" specializuojasi teikdama ekspert\u0173 migracijos paslaugas, kad pad\u0117t\u0173 skland\u017eiai pereiti nuo \"QlikView\" prie \"Power BI\". M\u016bs\u0173 kvalifikuot\u0173 specialist\u0173 komanda turi daug patirties vykdant tokius per\u0117jimus, tod\u0117l j\u016bs\u0173 organizacijai u\u017etikrinsime skland\u0173 ir veiksming\u0105 proces\u0105.<\/p>\n\n\n\n<h3 class=\"wp-block-heading\"><strong>Kod\u0117l verta migruoti i\u0161 \"QlikView\" \u012f \"Power BI\"?<\/strong><\/h3>\n\n\n\n<p>Tobul\u0117jant verslo \u017evalgybos technologijoms, organizacijoms da\u017enai b\u016bna naudinga atsinaujinti \u012f modernesnes ir patikimesnes platformas, pavyzd\u017eiui, \"Power BI\". \u0160tai kelios \u012ftikinamos prie\u017eastys, kod\u0117l verta apsvarstyti galimyb\u0119 pereiti nuo \"QlikView\" prie \"Power BI\":<\/p>\n\n\n\n<ol class=\"wp-block-list\">\n<li><strong>Patobulintas duomen\u0173 vizualizavimas:<\/strong> \"Power BI\" si\u016blo daugyb\u0119 vizualizavimo parink\u010di\u0173, leid\u017eian\u010di\u0173 pateikti duomenis \u012f\u017evalgesniais ir interaktyvesniais b\u016bdais, kad sprendimus priimantys asmenys tur\u0117t\u0173 daugiau \u012f\u017evalg\u0173.<\/li>\n\n\n\n<li><strong>Integracija su \"Microsoft\" ekosistema:<\/strong> Jei j\u016bs\u0173 organizacija jau naudoja \"Microsoft\" \u012frankius, tokius kaip \"Excel\", \"SharePoint\" ar \"Office 365\", \"Power BI\" skland\u017eiai integruojasi su \u0161iomis platformomis ir supaprastina j\u016bs\u0173 darbo eig\u0105.<\/li>\n\n\n\n<li><strong>mastelio keitimas ir na\u0161umas:<\/strong> Did\u0117jant duomen\u0173 poreikiams, \"Power BI\" gali itin efektyviai ir greitai apdoroti didelius duomen\u0173 rinkinius ir sud\u0117tingas u\u017eklausas.<\/li>\n\n\n\n<li><strong>Debesijos galimyb\u0117s:<\/strong> Naudodamiesi \"Power BI\" debesijos galimyb\u0117mis galite lengvai dalytis ataskaitomis ir bendradarbiauti su kolegomis, u\u017etikrindami prieig\u0105 prie svarbios informacijos realiuoju laiku.<\/li>\n\n\n\n<li><strong>Reguliar\u016bs atnaujinimai ir palaikymas:<\/strong> \"Microsoft\" da\u017enai atnaujina ir tobulina \"Power BI\", tod\u0117l galite naudotis naujausiomis funkcijomis ir patobulinimais.<\/li>\n<\/ol>\n\n\n\n<h3 class=\"wp-block-heading\"><strong>S\u0117kmingos \"QlikView\" migracijos \u012f \"Power BI\" aspektai<\/strong><\/h3>\n\n\n\n<p>Per\u0117jimas nuo vienos verslo \u017evalgybos platformos prie kitos gali b\u016bti sud\u0117tingas. Norint u\u017etikrinti s\u0117kming\u0105 per\u0117jim\u0105, b\u016btina atkreipti d\u0117mes\u012f \u012f \u0161iuos pagrindinius aspektus:<\/p>\n\n\n\n<ol class=\"wp-block-list\">\n<li><strong>Duomen\u0173 vertinimas:<\/strong> I\u0161analizuokite esamus \"QlikView\" duomenis, kad nustatytum\u0117te j\u0173 strukt\u016br\u0105, kokyb\u0119 ir tinkamum\u0105 perkelti. Nustatykite galimus duomen\u0173 valymo ir transformavimo reikalavimus.<\/li>\n\n\n\n<li><strong>Saugykl\u0173, ataskait\u0173 ir prietais\u0173 skydeli\u0173 atvaizdavimas:<\/strong> I\u0161samiai supraskite dabartines \"QlikView\" saugyklas, ataskaitas ir prietais\u0173 skydelius. Sukurkite \u017eem\u0117lapio plan\u0105, kaip \u0161ias vizualizacijas atkartoti \"Power BI\", panaudojant unikalias jos funkcijas.<\/li>\n\n\n\n<li><strong>Duomen\u0173 modeliavimas programoje \"Power BI\":<\/strong> Sukurkite efektyv\u0173 duomen\u0173 model\u012f \"Power BI\" programoje, kuris atitikt\u0173 j\u016bs\u0173 verslo reikalavimus ir optimizuot\u0173 na\u0161um\u0105.<\/li>\n\n\n\n<li><strong>Saugumas ir leidimai:<\/strong> Apibr\u0117\u017ekite saugumo vaidmenis ir leidimus programoje \"Power BI\", kad u\u017etikrintum\u0117te, jog prieiga prie duomen\u0173 b\u016bt\u0173 tinkamai valdoma ir ribojama.<\/li>\n\n\n\n<li><strong>Naudotoj\u0173 mokymas ir pritaikymas:<\/strong> Paruo\u0161kite savo komand\u0105 per\u0117jimui, suteikdami i\u0161samius mokymus apie \"Power BI\" funkcijas ir ypatybes.<\/li>\n\n\n\n<li><strong>Testavimas ir kokyb\u0117s u\u017etikrinimas:<\/strong> Atlikite grie\u017et\u0105 testavim\u0105, kad nustatytum\u0117te ir i\u0161spr\u0119stum\u0117te bet kokias problemas prie\u0161 paleisdami sprendim\u0105.<\/li>\n\n\n\n<li><strong>Pagalba po migracijos:<\/strong> Si\u016blykite nuolatin\u0119 pagalb\u0105, kad gal\u0117tum\u0117te spr\u0119sti bet kokius po migravimo kylan\u010dius i\u0161\u0161\u016bkius ir pad\u0117ti naudotojams visapusi\u0161kai i\u0161naudoti \"Power BI\" galimybes.<\/li>\n<\/ol>\n\n\n\n<h3 class=\"wp-block-heading\"><strong>Kod\u0117l verta rinktis \"LeapLytics\" \"QlikView\" migracijai \u012f \"Power BI\"?<\/strong><\/h3>\n\n\n\n<p>\"LeapLytics\" did\u017eiuojasi \u012f klientus orientuotu po\u017ei\u016briu ir giliu \"QlikView\" bei \"Power BI\" i\u0161manymu. M\u016bs\u0173 ekspert\u0173 komanda turi \u012fg\u016bd\u017ei\u0173 ir \u017eini\u0173, reikaling\u0173 skland\u017eiam perk\u0117limo procesui atlikti, kad j\u016bs\u0173 verslo veikla b\u016bt\u0173 sutrikdyta kuo ma\u017eiau. Pasirink\u0119 mus, gal\u0117site pasinaudoti:<\/p>\n\n\n\n<ul class=\"wp-block-list\">\n<li><strong>Patirtis ir kompetencija:<\/strong> M\u016bs\u0173 patyr\u0119 specialistai s\u0117kmingai atliko daugyb\u0119 \"QlikView\" perk\u0117lim\u0173 \u012f \"Power BI\", tod\u0117l jie puikiai moka susidoroti su bet kokiais galin\u010diais i\u0161kilti sunkumais.<\/li>\n\n\n\n<li><strong>Individual\u016bs sprendimai:<\/strong> Suprantame, kad kiekvienos organizacijos poreikiai yra unikal\u016bs. Tod\u0117l si\u016blome individualias migracijos strategijas, atitinkan\u010dias j\u016bs\u0173 konkre\u010dius reikalavimus.<\/li>\n\n\n\n<li><strong>Duomen\u0173 saugumas:<\/strong> Teikiame pirmenyb\u0119 j\u016bs\u0173 jautrios informacijos saugumui ir laikom\u0117s geriausios pramon\u0117s praktikos, kad apsaugotume j\u016bs\u0173 duomenis migracijos metu ir po jos.<\/li>\n\n\n\n<li><strong>Nuolatinis palaikymas:<\/strong> M\u016bs\u0173 \u012fsipareigojimas u\u017etikrinti j\u016bs\u0173 s\u0117km\u0119 neapsiriboja vien tik migracijos procesu. Teikiame nuolatin\u0119 pagalb\u0105, kad i\u0161spr\u0119stume visus r\u016bpimus klausimus ir pad\u0117tume \u012fsisavinti \"Power BI\".<\/li>\n<\/ul>\n\n\n\n<p>\"LeapLytics\" yra j\u016bs\u0173 patikimas partneris, kad per\u0117jimas nuo \"QlikView\" prie \"Power BI\" b\u016bt\u0173 kuo sklandesnis. Susisiekite su mumis dar \u0161iandien ir su\u017einokite daugiau apie m\u016bs\u0173 perk\u0117limo paslaugas bei \u017eenkite pirm\u0105j\u012f \u017eingsn\u012f, kad atskleistum\u0117te tikr\u0105j\u012f savo duomen\u0173 potencial\u0105.<\/p>\n\n\n\n<h4 class=\"wp-block-heading\"><strong>Susisiekite su mumis \u0161iandien<\/strong><\/h4>\n\n\n\n<p>Turite klausim\u0173 apie per\u0117jim\u0105 i\u0161 \"QlikView\" \u012f \"Power BI\" arba domit\u0117s m\u016bs\u0173 paslaugomis? Nedvejodami kreipkit\u0117s \u012f mus d\u0117l konsultacijos. Esame pasireng\u0119 pad\u0117ti jums skland\u017eiai ir s\u0117kmingai pereiti prie \"Power BI\". Susisiekite su m\u016bs\u0173 ekspertais ir <a href=\"https:\/\/www.leaplytics.de\/lt\/kontaktas\/\"><strong>atsi\u0173skite mums \u017einut\u0119<\/strong><\/a>.<\/p>\n\n\n\n<p>(<em>Kreipkit\u0117s \u012f mus, net jei jums reikia patarim\u0173 d\u0117l kito verslo \u017evalgybos, duomen\u0173 analiz\u0117s ar vizualizavimo aspekto. M\u016bs\u0173 komanda yra gerai pasirengusi pad\u0117ti jums \u012fvairiose su duomenimis susijusiose srityse.<\/em>)<\/p>","protected":false},"excerpt":{"rendered":"<p>Ar \u0161iuo metu naudojate \"QlikView\", bet svarstote galimyb\u0119 pereiti prie \"Power BI\"? \"LeapLytics\" specializuojasi teikdama ekspert\u0173 migracijos paslaugas, kad pad\u0117t\u0173 skland\u017eiai pereiti nuo \"QlikView\" prie \"Power BI\". M\u016bs\u0173 kvalifikuot\u0173 specialist\u0173 komanda turi daug patirties vykdant tokius per\u0117jimus, tod\u0117l j\u016bs\u0173 organizacijai u\u017etikrinsime skland\u0173 ir veiksming\u0105 proces\u0105. Kod\u0117l verta migruoti i\u0161 ... <\/p>","protected":false},"author":2,"featured_media":0,"parent":0,"menu_order":0,"comment_status":"closed","ping_status":"closed","template":"","meta":{"footnotes":""},"class_list":["post-12086","page","type-page","status-publish","hentry","latest_post"],"_links":{"self":[{"href":"https:\/\/www.leaplytics.de\/lt\/wp-json\/wp\/v2\/pages\/12086","targetHints":{"allow":["GET"]}}],"collection":[{"href":"https:\/\/www.leaplytics.de\/lt\/wp-json\/wp\/v2\/pages"}],"about":[{"href":"https:\/\/www.leaplytics.de\/lt\/wp-json\/wp\/v2\/types\/page"}],"author":[{"embeddable":true,"href":"https:\/\/www.leaplytics.de\/lt\/wp-json\/wp\/v2\/users\/2"}],"replies":[{"embeddable":true,"href":"https:\/\/www.leaplytics.de\/lt\/wp-json\/wp\/v2\/comments?post=12086"}],"version-history":[{"count":0,"href":"https:\/\/www.leaplytics.de\/lt\/wp-json\/wp\/v2\/pages\/12086\/revisions"}],"wp:attachment":[{"href":"https:\/\/www.leaplytics.de\/lt\/wp-json\/wp\/v2\/media?parent=12086"}],"curies":[{"name":"wp","href":"https:\/\/api.w.org\/{rel}","templated":true}]}}