{"id":12944,"date":"2023-12-18T23:03:40","date_gmt":"2023-12-18T22:03:40","guid":{"rendered":"https:\/\/www.leaplytics.de\/?page_id=12944"},"modified":"2023-12-18T23:03:40","modified_gmt":"2023-12-18T22:03:40","slug":"ehs-rizikos-valdymo-galia-bi-kasybos-ir-naftos-pramonei","status":"publish","type":"page","link":"https:\/\/www.leaplytics.de\/lt\/ehs-rizikos-valdymo-galia-bi-kasybos-ir-naftos-pramonei\/","title":{"rendered":"EHS rizikos valdymas \"Power BI\" kasybos ir naftos pramonei"},"content":{"rendered":"<h3 class=\"wp-block-heading\">\u012evadas<\/h3>\n\n\n\n<p>Tokios pramon\u0117s \u0161akos kaip kasyba ir nafta yra labai svarbios pasaulio ekonomikai, nes apr\u016bpina i\u0161tekliais ir energija. Ta\u010diau jos susiduria su aplinkosaugos, sveikatos ir saugos (EHS) rizikos i\u0161\u0161\u016bkiais. \u012emon\u0117s dabar mano, kad patikimas EHS rizikos valdymas yra esminis s\u0117km\u0117s veiksnys. \u0160iame straipsnyje ap\u017evelgiama, kaip m\u016bs\u0173 \"Power BI\" rizikos matrica gali pagerinti EHS rizikos valdym\u0105.<\/p>\n\n\n\n<h3 class=\"wp-block-heading\"><strong>Supratimas apie EHS rizikos valdym\u0105<\/strong><\/h3>\n\n\n\n<p>Kalnakasybos ir naftos gavybos sektoriuose did\u017eiausi\u0105 susir\u016bpinim\u0105 kelia aplinkosaugos, sveikatos ir saugos rizika. Tai - buveini\u0173 suardymas, tar\u0161a, nelaimingi atsitikimai ir teisiniai klausimai. Grie\u017etas EHS rizikos valdymas yra gyvybi\u0161kai svarbus tvariai ir s\u0117kmingai veiklai.<\/p>\n\n\n\n<h3 class=\"wp-block-heading\"><strong>\"Power BI\" rizikos matrica<\/strong><\/h3>\n\n\n\n<p>Rizikos matrica yra patikimas \u012frankis, skirtas EHS rizikoms tvarkyti naudojant \"Power BI\". \u0160tai kaip ji padeda:<\/p>\n\n\n\n<ol class=\"wp-block-list\">\n<li><strong>Rizikos nustatymas:<\/strong> renka duomenis, kad pasteb\u0117t\u0173 saugos, atitikties ar sveikatos rizik\u0105.<\/li>\n\n\n\n<li><strong>Vizualizavimas:<\/strong> suskirstykite rizik\u0105 \u012f kategorijas, padedan\u010dias sprendim\u0173 pri\u0117m\u0117jams pamatyti neatid\u0117liotinas problemas.<\/li>\n\n\n\n<li><strong>Veiklos steb\u0117jimas:<\/strong> Atnaujina EHS duomenis, kad b\u016bt\u0173 galima aktyviai valdyti rizik\u0105.<\/li>\n\n\n\n<li><strong>Interaktyv\u016bs prietais\u0173 skydeliai: <\/strong>Realiuoju laiku rodykite rizikos rodiklius, incidentus ir tendencijas, kad b\u016bt\u0173 lengviau steb\u0117ti veiklos rezultatus.<\/li>\n<\/ol>\n\n\n\n<div class=\"wp-block-buttons is-layout-flex wp-block-buttons-is-layout-flex\" id=\"https:\/\/www.leaplytics.de\/frontpage\/project-management-custom-visuals-microsoft-powerbi\/risk-heatmap-custom-visual-for-power-bi\/\">\n<div class=\"wp-block-button has-custom-width wp-block-button__width-75 has-custom-font-size is-style-fill\" style=\"font-size:18px\"><a class=\"wp-block-button__link has-background wp-element-button\" href=\"https:\/\/www.leaplytics.de\/lt\/titulinis-puslapis\/projektu-valdymas-pasirinktiniai-vaizdai-microsoft-powerbi\/rizikos-silumos-zemelapio-pasirinktinis-vaizdas-skirtas-power-bi\/\" style=\"background-color:#22316d\" rel=\"https:\/\/www.leaplytics.de\/frontpage\/project-management-custom-visuals-microsoft-powerbi\/risk-heatmap-custom-visual-for-power-bi\/\">Per\u017ei\u016br\u0117kite m\u016bs\u0173 \"Power BI\" pritaikyt\u0105 vizualin\u0119 rizikos matric\u0105 \u010dia!<\/a><\/div>\n<\/div>\n\n\n\n<p><\/p>\n\n\n\n<h3 class=\"wp-block-heading\"><strong>Veiklos efektyvumo didinimas taikant EHS rizikos valdym\u0105<\/strong><\/h3>\n\n\n\n<p>Veiksmingas EHS rizikos valdymas gerina veiklos rezultatus:<\/p>\n\n\n\n<ul class=\"wp-block-list\">\n<li><strong>Veiklos efektyvumas:<\/strong> Suma\u017e\u0117ja nelaiming\u0173 atsitikim\u0173, \u012frangos gedim\u0173 ir aplinkosaugos incident\u0173. Tai didina efektyvum\u0105 ir ma\u017eina prastov\u0173 laik\u0105.<\/li>\n\n\n\n<li><strong>Sutaupomos i\u0161laidos:<\/strong> Suma\u017eina incident\u0173 skai\u010di\u0173, suma\u017eina baudas, teisinius mokes\u010dius ir valymo i\u0161laidas.<\/li>\n\n\n\n<li><strong>Tvarumas ir reputacija:<\/strong> Parodo \u012fsipareigojim\u0105 siekti tvarumo. Tai didina reputacij\u0105 ir patrauklum\u0105 investuotojams bei klientams.<\/li>\n\n\n\n<li><strong>Atitiktis:<\/strong> Laikosi EHS taisykli\u0173, palaiko gerus santykius su reguliavimo institucijomis ir vengia nuobaud\u0173.<\/li>\n\n\n\n<li><strong>Darbuotoj\u0173 gerov\u0117:<\/strong> pirmenyb\u0117 teikiama darbdavio saugai ir sveikatai. Taip didinama motyvacija ir na\u0161umas, ma\u017einama darbuotoj\u0173 kaita ir neatvykimas \u012f darb\u0105.<\/li>\n<\/ul>\n\n\n\n<h3 class=\"wp-block-heading\"><strong>I\u0161vada<\/strong><\/h3>\n\n\n\n<p>EHS rizikos valdymas yra gyvybi\u0161kai svarbus siekiant u\u017etikrinti puiki\u0105 veikl\u0105. M\u016bs\u0173 rizikos matrica \"Power BI\" programoje yra puikus \u012frankis, padedantis veiksmingai valdyti rizik\u0105. EHS rizikos valdymas padeda \u012fmon\u0117ms geriau vykdyti veikl\u0105 ir ma\u017einti i\u0161laidas. Jis taip pat padeda joms laikytis teis\u0117s akt\u0173 ir kurti tvarumo ir saugos kult\u016br\u0105. Susiduriant su \u0161iandienos i\u0161\u0161\u016bkiais, EHS rizikos valdymas naudojant \"Power BI\" yra raktas \u012f s\u0117km\u0119.<\/p>","protected":false},"excerpt":{"rendered":"<p>Introduction Industries such as mining and petroleum are crucial for the global economy, supplying resources and energy. But, they face challenges in environmental, health, and safety (EHS) risks. Companies now view solid EHS risk management,fundamental for success. This article looks at how our Power BI Risk Matrix can enhance EHS risk management. Understanding EHS Risk &hellip; <\/p>","protected":false},"author":55,"featured_media":12952,"parent":0,"menu_order":0,"comment_status":"closed","ping_status":"closed","template":"","meta":{"footnotes":""},"class_list":["post-12944","page","type-page","status-publish","has-post-thumbnail","hentry","latest_post"],"_links":{"self":[{"href":"https:\/\/www.leaplytics.de\/lt\/wp-json\/wp\/v2\/pages\/12944","targetHints":{"allow":["GET"]}}],"collection":[{"href":"https:\/\/www.leaplytics.de\/lt\/wp-json\/wp\/v2\/pages"}],"about":[{"href":"https:\/\/www.leaplytics.de\/lt\/wp-json\/wp\/v2\/types\/page"}],"author":[{"embeddable":true,"href":"https:\/\/www.leaplytics.de\/lt\/wp-json\/wp\/v2\/users\/55"}],"replies":[{"embeddable":true,"href":"https:\/\/www.leaplytics.de\/lt\/wp-json\/wp\/v2\/comments?post=12944"}],"version-history":[{"count":0,"href":"https:\/\/www.leaplytics.de\/lt\/wp-json\/wp\/v2\/pages\/12944\/revisions"}],"wp:featuredmedia":[{"embeddable":true,"href":"https:\/\/www.leaplytics.de\/lt\/wp-json\/wp\/v2\/media\/12952"}],"wp:attachment":[{"href":"https:\/\/www.leaplytics.de\/lt\/wp-json\/wp\/v2\/media?parent=12944"}],"curies":[{"name":"wp","href":"https:\/\/api.w.org\/{rel}","templated":true}]}}