{"id":12961,"date":"2023-12-18T23:03:43","date_gmt":"2023-12-18T22:03:43","guid":{"rendered":"https:\/\/www.leaplytics.de\/?page_id=12961"},"modified":"2024-01-02T12:05:32","modified_gmt":"2024-01-02T11:05:32","slug":"galia-bi-pavojaus-identifikavimas-aviacijos-kruizinio-transporto-pramoneje","status":"publish","type":"page","link":"https:\/\/www.leaplytics.de\/lt\/galia-bi-pavojaus-identifikavimas-aviacijos-kruizinio-transporto-pramoneje\/","title":{"rendered":"\"Power BI\": pavojaus nustatymas aviacijos, kruiz\u0173 ir transporto sektoriuose"},"content":{"rendered":"<h2 class=\"wp-block-heading has-medium-font-size\"><strong>\u012evadas<\/strong><\/h2>\n\n\n\n<p>Aviacijoje, kruiziniuose laivuose ir transporte labai svarbu nustatyti pavojus ir valdyti rizik\u0105. M\u016bs\u0173 \"Power BI\" sukurta rizikos matrica yra vertingas \u012frankis \u0161iam tikslui.<\/p>\n\n\n\n<p>\u012erankis puikiai identifikuoja pavojus ir supaprastina duomen\u0173 pateikim\u0105, kad juos b\u016bt\u0173 galima greitai atpa\u017einti. \u0160i galimyb\u0117 leid\u017eia nedelsiant imtis veiksm\u0173, taip padidinant darb\u0173 saug\u0105.<\/p>\n\n\n\n<h2 class=\"wp-block-heading has-medium-font-size\"><strong>Aviacijos pavoj\u0173 valdymas<\/strong><\/h2>\n\n\n\n<p>Aviacijoje da\u017eniausi pavojai - kilimo ir t\u016bpimo tako problemos arba pauk\u0161\u010di\u0173 sm\u016bgiai. Pagrindiniai veiklos rodikliai apima beveik \u012fvykusi\u0173 nelaiming\u0173 atsitikim\u0173 da\u017enum\u0105 ir saugos mokym\u0173 veiksmingum\u0105. Pavyzd\u017eiui, labai svarbus ry\u0161i\u0173 sistemos patikimumas.<\/p>\n\n\n\n<h2 class=\"wp-block-heading has-medium-font-size\"><strong>Saugos u\u017etikrinimas vykdant kruizinius skryd\u017eius<\/strong><\/h2>\n\n\n\n<p>Kruiz\u0173 atveju pavojus gali b\u016bti susij\u0119s su laiv\u0173 susid\u016brimu arba ekstremaliomis situacijomis, susijusiomis su sveikata. Pagrindiniai veiklos rodikliai apima reagavimo \u012f ekstremalias situacijas laik\u0105 ir pakankam\u0105 medicinini\u0173 priemoni\u0173 kiek\u012f. Taigi, keleivi\u0173 saugumo u\u017etikrinimas yra labai svarbus.<\/p>\n\n\n\n<h2 class=\"wp-block-heading has-medium-font-size\"><strong>Transporto operacij\u0173 u\u017etikrinimas<\/strong><\/h2>\n\n\n\n<p>Transporto sektoriuje pavojai gali b\u016bti nelaimingi atsitikimai arba tiekimo grandin\u0117s sutrikimai. Pagrindiniai veiklos rodikliai yra avarij\u0173 skai\u010dius, technin\u0117s prie\u017ei\u016bros grafiko laikymasis ir nenumatyt\u0173 atvej\u0173 plan\u0173 veiksmingumas. Pavyzd\u017eiui, labai svarbu steb\u0117ti vairuotoj\u0173 mokymo program\u0173 veiksmingum\u0105.<\/p>\n\n\n\n<h2 class=\"wp-block-heading has-medium-font-size\"><strong>\"Power BI\" rizikos matrica<\/strong><\/h2>\n\n\n\n<p>\u0160tai kaip rizikos matrica patobulina j\u016bs\u0173 rizikos valdym\u0105:<\/p>\n\n\n\n<p><strong>Tikimyb\u0117s a\u0161is:<\/strong> \u0160ioje a\u0161yje vertinama, kokia tikimyb\u0117, kad rizika \u012fvyks, - nuo ma\u017eos iki didel\u0117s. Ji padeda suprasti galim\u0173 rizik\u0173 atsiradimo tikimyb\u0119 \u0161iuose sektoriuose.<\/p>\n\n\n\n<p><strong>Poveikio a\u0161is:<\/strong> \u0160ioje a\u0161yje vertinama, kokia gali b\u016bti didel\u0117 rizika - ji skirstoma \u012f ma\u017e\u0105, vidutin\u0119 arba didel\u0119. Ji padeda aviacijos, kruizini\u0173 laiv\u0173 ir transporto organizacijoms analizuoti, koki\u0105 \u017eal\u0105 gali sukelti rizika.<\/p>\n\n\n\n<p>Sud\u0117jus tikimyb\u0119 ir poveik\u012f, kiekvienai rizikai suteikiamas balas. Tai padeda \u012fvertinti rizik\u0105 pagal jos rimtum\u0105. Ankstyvas prioritetini\u0173 rizik\u0173 valdymas suma\u017eina gr\u0117smes ir veiklos sutrikimus.<\/p>\n\n\n\n<p>Naudodamos rizikos matric\u0105, \u0161i\u0173 sektori\u0173 organizacijos gali:<\/p>\n\n\n\n<ol class=\"wp-block-list\">\n<li><strong>Sukurti prietais\u0173 skydelius:<\/strong> Sukurkite realiuoju laiku rodomas saugos rodikli\u0173, incident\u0173 ir tendencij\u0173 suvestines. Taip rizikos valdytojai gal\u0117s lengvai matyti, kaip sekasi u\u017etikrinti saug\u0105.<\/li>\n\n\n\n<li><strong>Rizikos duomen\u0173 vizualizavimas:<\/strong> Naudokite diagramas ir grafikus, kad parodytum\u0117te rizikos balus i\u0161 rizikos matricos. Tai padeda suprasti, kiek rimta yra nustatyta rizika.<\/li>\n\n\n\n<li><strong>Steb\u0117sena:<\/strong> Naudokite \"Power BI\", kad patikrintum\u0117te, ar atitinkate saugos reikalavimus. Taip pat raskite sritis, kuriose reikia daugiau saugos priemoni\u0173 aviacijos, kruizini\u0173 laiv\u0173 ir transporto srityse.<\/li>\n\n\n\n<li><strong>Nustatyti tendencijas: <\/strong>Per\u017ei\u016br\u0117kite savo rizikos duomenis. Naudodami rizikos matric\u0105 galite suprasti nelaiming\u0173 atsitikim\u0173 prie\u017eastis ir atpa\u017einti nuolatines saugos problemas. Tai leid\u017eia priimti pagr\u012fstus sprendimus, kad b\u016bt\u0173 galima nuolat gerinti saug\u0105.<\/li>\n<\/ol>\n\n\n\n<div class=\"wp-block-buttons is-layout-flex wp-block-buttons-is-layout-flex\">\n<div class=\"wp-block-button has-custom-font-size\" style=\"font-size:18px\"><a class=\"wp-block-button__link has-background wp-element-button\" href=\"https:\/\/www.leaplytics.de\/lt\/titulinis-puslapis\/projektu-valdymas-pasirinktiniai-vaizdai-microsoft-powerbi\/rizikos-silumos-zemelapio-pasirinktinis-vaizdas-skirtas-power-bi\/\" style=\"background-color:#22316d\" rel=\"https:\/\/www.leaplytics.de\/frontpage\/project-management-custom-visuals-microsoft-powerbi\/risk-heatmap-custom-visual-for-power-bi\/\">Per\u017ei\u016br\u0117kite m\u016bs\u0173 \"Power BI\" pritaikyt\u0105 vizualin\u0119 rizikos matric\u0105 \u010dia!<\/a><\/div>\n<\/div>\n\n\n\n<figure class=\"wp-block-image size-full\"><img loading=\"lazy\" decoding=\"async\" width=\"1024\" height=\"576\" src=\"https:\/\/www.leaplytics.de\/wp-content\/uploads\/2023\/12\/Risk-Matrix.jpg\" alt=\"\" class=\"wp-image-12965\" srcset=\"https:\/\/www.leaplytics.de\/wp-content\/uploads\/2023\/12\/Risk-Matrix.jpg 1024w, https:\/\/www.leaplytics.de\/wp-content\/uploads\/2023\/12\/Risk-Matrix-300x169.jpg 300w, https:\/\/www.leaplytics.de\/wp-content\/uploads\/2023\/12\/Risk-Matrix-768x432.jpg 768w, https:\/\/www.leaplytics.de\/wp-content\/uploads\/2023\/12\/Risk-Matrix-107x60.jpg 107w\" sizes=\"auto, (max-width: 1024px) 100vw, 1024px\" \/><\/figure>\n\n\n\n<h2 class=\"wp-block-heading has-medium-font-size\"><strong>I\u0161vada<\/strong><\/h2>\n\n\n\n<p>\"Power BI\" skirta rizikos matrica suteikia verting\u0173 \u012f\u017evalg\u0173 apie rizikos sritis. Ji padeda sutelkti d\u0117mes\u012f \u012f i\u0161teklius ir pagerinti saug\u0105. \u012erankis suteikia specialistams galimyb\u0119 priimti pagr\u012fstus sprendimus ir valdyti rizik\u0105.<\/p>\n\n\n\n<p>Rizikos matrica yra svarbus aviacijos, kruiz\u0173 ir transporto pramon\u0117s \u0161ak\u0173 turtas. Rizikos nustatymas ir valdymas tampa prieinamesnis ir veiksmingesnis. Tokiu b\u016bdu \u012fmon\u0117s gali u\u017etikrinti saugi\u0105 ir skland\u017ei\u0105 veikl\u0105 \u0161iuose gyvybi\u0161kai svarbiuose sektoriuose.<\/p>","protected":false},"excerpt":{"rendered":"<p>Introduction In aviation, cruise, and transport,hazard identification and risk management are crucial. Our Risk Matrix in Power BI emerges as a valuable tool for this purpose. The tool excels at identifying hazards and simplifying data presentation for quick recognition. This capability allows for immediate action, enhancing safety in operations. Navigating Aviation Hazards In aviation, common &hellip; <\/p>","protected":false},"author":55,"featured_media":12962,"parent":0,"menu_order":0,"comment_status":"closed","ping_status":"closed","template":"","meta":{"footnotes":""},"class_list":["post-12961","page","type-page","status-publish","has-post-thumbnail","hentry","latest_post"],"_links":{"self":[{"href":"https:\/\/www.leaplytics.de\/lt\/wp-json\/wp\/v2\/pages\/12961","targetHints":{"allow":["GET"]}}],"collection":[{"href":"https:\/\/www.leaplytics.de\/lt\/wp-json\/wp\/v2\/pages"}],"about":[{"href":"https:\/\/www.leaplytics.de\/lt\/wp-json\/wp\/v2\/types\/page"}],"author":[{"embeddable":true,"href":"https:\/\/www.leaplytics.de\/lt\/wp-json\/wp\/v2\/users\/55"}],"replies":[{"embeddable":true,"href":"https:\/\/www.leaplytics.de\/lt\/wp-json\/wp\/v2\/comments?post=12961"}],"version-history":[{"count":0,"href":"https:\/\/www.leaplytics.de\/lt\/wp-json\/wp\/v2\/pages\/12961\/revisions"}],"wp:featuredmedia":[{"embeddable":true,"href":"https:\/\/www.leaplytics.de\/lt\/wp-json\/wp\/v2\/media\/12962"}],"wp:attachment":[{"href":"https:\/\/www.leaplytics.de\/lt\/wp-json\/wp\/v2\/media?parent=12961"}],"curies":[{"name":"wp","href":"https:\/\/api.w.org\/{rel}","templated":true}]}}