{"id":13004,"date":"2023-12-18T23:06:58","date_gmt":"2023-12-18T22:06:58","guid":{"rendered":"https:\/\/www.leaplytics.de\/?page_id=13004"},"modified":"2024-04-09T20:48:32","modified_gmt":"2024-04-09T18:48:32","slug":"galia-bi-temos","status":"publish","type":"page","link":"https:\/\/www.leaplytics.de\/lt\/galia-bi-temos\/","title":{"rendered":"\"Power BI\" temos"},"content":{"rendered":"<p><a href=\"https:\/\/www.leaplytics.de\/lt\/ehs-rizikos-valdymo-galia-bi-kasybos-ir-naftos-pramonei\/\">Darbuotoj\u0173 saugos ir sveikatos rizikos valdymas naudojant \"Power BI<\/a><\/p>\n\n\n\n<p><a href=\"https:\/\/www.leaplytics.de\/lt\/galia-bi-pavojaus-identifikavimas-aviacijos-kruizinio-transporto-pramoneje\/\">Pavojaus identifikavimas aviacijos, kruiz\u0173 ir transporto sektoriuose naudojant \"Power BI<\/a><\/p>\n\n\n\n<p><a href=\"https:\/\/www.leaplytics.de\/lt\/osha-rizikos-matrica-elektros-energijos-srityje\/\">OSHA rizikos matrica \"Power BI<\/a><\/p>\n\n\n\n<p><a href=\"https:\/\/www.leaplytics.de\/lt\/esg-rizikos-matrica-su-microsoft-power-bi\/\">ESG rizikos matrica \"Power BI<\/a><\/p>\n\n\n\n<p><a href=\"https:\/\/www.leaplytics.de\/lt\/tiekeju-kokybes-uztikrinimo-valdymas-su-power-bi\/\">Tiek\u0117j\u0173 kokyb\u0117s u\u017etikrinimas \/ valdymas naudojant \"Power BI<\/a><\/p>\n\n\n\n<p><a href=\"https:\/\/www.leaplytics.de\/lt\/power-bi-kibernetinio-saugumo-rizikos-valdymas\/\">\"Power BI\": kibernetinio saugumo rizikos valdymas<\/a><\/p>\n\n\n\n<p><a href=\"https:\/\/www.leaplytics.de\/lt\/power-bi-finansines-rizikos-valdymas\/\">\"Power BI\": Finansin\u0117s rizikos valdymas finansini\u0173 paslaug\u0173 sektoriuje<\/a><\/p>\n\n\n\n<p><a href=\"https:\/\/www.leaplytics.de\/lt\/leiskite-power-bi-padidinti-jusu-projektu-valdyma\/\">Leiskite \"Power BI\" pagerinti projekt\u0173 valdym\u0105<\/a><\/p>\n\n\n\n<p><a href=\"https:\/\/www.leaplytics.de\/lt\/teksto-perziuros-vaizdine-medziaga-skirta-galios-bi\/\">Teksto per\u017ei\u016bros programos \"Power BI\" vaizdin\u0117 med\u017eiaga<\/a><\/p>\n\n\n\n<p><a href=\"https:\/\/www.leaplytics.de\/lt\/galimybiu-matrica-susijusi-su-galia-bi\/\">\"Power BI\" galimybi\u0173 matrica<\/a><\/p>","protected":false},"excerpt":{"rendered":"<p>Darbuotoj\u0173 saugos ir sveikatos rizikos valdymas \"Power BI\" Pavoj\u0173 nustatymas aviacijos, kruiz\u0173 ir transporto sektoriuose \"Power BI\" OSHA rizikos matrica \"Power BI\" ESG rizikos matrica \"Power BI\" Tiek\u0117j\u0173 kokyb\u0117s u\u017etikrinimas \/ valdymas \"Power BI\" \"Power BI\": Kibernetinio saugumo rizikos valdymas \"Power BI\": Finansin\u0117s rizikos valdymas finansini\u0173 paslaug\u0173 sektoriuje Leiskite \"Power BI\" ... <\/p>","protected":false},"author":2,"featured_media":0,"parent":0,"menu_order":0,"comment_status":"closed","ping_status":"closed","template":"","meta":{"footnotes":""},"class_list":["post-13004","page","type-page","status-publish","hentry","latest_post"],"_links":{"self":[{"href":"https:\/\/www.leaplytics.de\/lt\/wp-json\/wp\/v2\/pages\/13004","targetHints":{"allow":["GET"]}}],"collection":[{"href":"https:\/\/www.leaplytics.de\/lt\/wp-json\/wp\/v2\/pages"}],"about":[{"href":"https:\/\/www.leaplytics.de\/lt\/wp-json\/wp\/v2\/types\/page"}],"author":[{"embeddable":true,"href":"https:\/\/www.leaplytics.de\/lt\/wp-json\/wp\/v2\/users\/2"}],"replies":[{"embeddable":true,"href":"https:\/\/www.leaplytics.de\/lt\/wp-json\/wp\/v2\/comments?post=13004"}],"version-history":[{"count":4,"href":"https:\/\/www.leaplytics.de\/lt\/wp-json\/wp\/v2\/pages\/13004\/revisions"}],"predecessor-version":[{"id":13338,"href":"https:\/\/www.leaplytics.de\/lt\/wp-json\/wp\/v2\/pages\/13004\/revisions\/13338"}],"wp:attachment":[{"href":"https:\/\/www.leaplytics.de\/lt\/wp-json\/wp\/v2\/media?parent=13004"}],"curies":[{"name":"wp","href":"https:\/\/api.w.org\/{rel}","templated":true}]}}