{"id":13065,"date":"2024-01-02T13:16:49","date_gmt":"2024-01-02T12:16:49","guid":{"rendered":"https:\/\/www.leaplytics.de\/?page_id=13065"},"modified":"2024-01-02T13:16:50","modified_gmt":"2024-01-02T12:16:50","slug":"power-bi-kibernetinio-saugumo-rizikos-valdymas","status":"publish","type":"page","link":"https:\/\/www.leaplytics.de\/lt\/power-bi-kibernetinio-saugumo-rizikos-valdymas\/","title":{"rendered":"\"Power BI\": kibernetinio saugumo rizikos valdymas"},"content":{"rendered":"<h3 class=\"wp-block-heading has-medium-font-size\">\u012evadas<\/h3>\n\n\n\n<p>\u0160iuolaikiniame spar\u010diai besivystan\u010diame skaitmeniniame pasaulyje labai svarbu valdyti kibernetinio saugumo rizik\u0105. \u0160iame straipsnyje aptariamos pagrindin\u0117s kibernetinio saugumo rizikos valdymo \u012f\u017evalgos. Pabr\u0117\u017eiame, kad organizacijoms reikia taikyti rizikos valdymo strategijas \"Power BI\".<\/p>\n\n\n\n<h3 class=\"wp-block-heading has-medium-font-size\">Kibernetinio saugumo strategij\u0173 supratimas ir optimizavimas<\/h3>\n\n\n\n<p>Organizacijos visame pasaulyje investuoja \u012f kibernetinio saugumo iniciatyvas, kad suma\u017eint\u0173 rizik\u0105 ir i\u0161laidas, u\u017ekirsdamos keli\u0105 duomen\u0173 saugumo pa\u017eeidimams ir neplanuotoms prastovoms. Esminis aspektas - suprasti, su kokiomis rizikos r\u016b\u0161imis susiduriama. Tai leid\u017eia \u012fmon\u0117ms pritaikyti veiksmingas rizikos valdymo strategijas.<\/p>\n\n\n\n<p><strong>1 etapas - smulkus rizikos klasifikavimas: <\/strong><br>Veiksmingas rizikos valdymas apima tiksl\u0173 rizikos klasifikavim\u0105. Toks detalus po\u017ei\u016bris leid\u017eia organizacijoms nustatyti ir \u012fvertinti potencialias gr\u0117smes.<\/p>\n\n\n\n<p><strong>2 \u017eingsnis - aktyvus rizikos aptikimas: <\/strong><br>Iniciatyvus po\u017ei\u016bris \u012f rizikos nustatym\u0105 yra labai svarbus. Organizacijos turi nustatyti galimas gr\u0117smes, kol jos dar nei\u0161sipl\u0117t\u0117, ir taip sustiprinti pasirengim\u0105 saugumui.<\/p>\n\n\n\n<p><strong>3 \u017eingsnis - veiksmingas rizikos ma\u017einimas: <\/strong><br>Veiksmingai ma\u017einant rizik\u0105 rizika vertinama pagal tikimyb\u0119 ir poveik\u012f. Tinkamas i\u0161tekli\u0173 paskirstymas suma\u017eina \u012fvyki\u0173 tikimyb\u0119 ir optimizuoja rizikos valdym\u0105.<\/p>\n\n\n\n<h3 class=\"wp-block-heading has-medium-font-size\">Kibernetinio saugumo pagrindiniai veiklos rodikliai (KPI)<\/h3>\n\n\n\n<p>KPI integravimas \u012f kibernetinio saugumo rizikos valdym\u0105 suteikia nauding\u0173 \u012f\u017evalg\u0173:<\/p>\n\n\n\n<ul class=\"wp-block-list\">\n<li> Greitas reagavimas \u012f incidentus: Skub\u016bs veiksmai, kai i\u0161kyla problema, yra svarbiausia, kad viskas b\u016bt\u0173 kontroliuojama. (KPI: <strong>Reakcijos laikas<\/strong>)<\/li>\n<\/ul>\n\n\n\n<ul class=\"wp-block-list\">\n<li> Pa\u017eeid\u017eiamum\u0173 nustatymas: Greitas silpn\u0173j\u0173 viet\u0173 nustatymas ir pa\u0161alinimas u\u017etikrina didesn\u012f skaitmenin\u012f saugum\u0105. (KPI: <strong>Nustatyta rizika<\/strong>\/mitigruota)<\/li>\n<\/ul>\n\n\n\n<ul class=\"wp-block-list\">\n<li>Rizikos sprendim\u0173 tikrinimas: Rizikos ma\u017einimo plan\u0173 veiksmingumo steb\u0117jimas u\u017etikrina nuolatin\u012f tobul\u0117jim\u0105. (KPI: <strong>I\u0161kilusi rizika<\/strong>, [Finansin\u0117s] rizikos poveikis)<\/li>\n<\/ul>\n\n\n\n<h3 class=\"wp-block-heading has-medium-font-size\">\"Power BI\" rizikos matrica<\/h3>\n\n\n\n<figure class=\"wp-block-image size-full\"><img loading=\"lazy\" decoding=\"async\" width=\"1024\" height=\"576\" src=\"https:\/\/www.leaplytics.de\/wp-content\/uploads\/2024\/01\/Risk-Matrix.jpg\" alt=\"\" class=\"wp-image-13066\" srcset=\"https:\/\/www.leaplytics.de\/wp-content\/uploads\/2024\/01\/Risk-Matrix.jpg 1024w, https:\/\/www.leaplytics.de\/wp-content\/uploads\/2024\/01\/Risk-Matrix-300x169.jpg 300w, https:\/\/www.leaplytics.de\/wp-content\/uploads\/2024\/01\/Risk-Matrix-768x432.jpg 768w, https:\/\/www.leaplytics.de\/wp-content\/uploads\/2024\/01\/Risk-Matrix-107x60.jpg 107w\" sizes=\"auto, (max-width: 1024px) 100vw, 1024px\" \/><\/figure>\n\n\n\n<p>Kaip \"Power BI\" rizikos matricoje vertinama rizika:<\/p>\n\n\n\n<p>Supratimas apie rizikos tikimyb\u0119 ir galim\u0105 poveik\u012f padeda sukurti rizikos vertinimo lentel\u0119.  Derindamos \u0161iuos matmenis, organizacijos gali nustatyti rimtos rizikos prioritetus.<\/p>\n\n\n\n<p>Naudodami \"Power BI\" rizikos matric\u0105, mes si\u016blome \u0161iuos sprendimus:<\/p>\n\n\n\n<ul class=\"wp-block-list\">\n<li> Realaus laiko prietais\u0173 skydeliai: Galime sukurti prietais\u0173 skydelius, kuriuose saugos informacija b\u016bt\u0173 rodoma realiuoju laiku. Tai padeda bet kuriuo metu su\u017einoti, kaip saugu.<\/li>\n<\/ul>\n\n\n\n<ul class=\"wp-block-list\">\n<li>Rizikos duomen\u0173 vizualizavimas: Matricoje ir integruotose diagramose rodomi rizikos rodikliai. Taip kiekvienas gali lengvai suprasti, kokia rimta yra rizika.<\/li>\n<\/ul>\n\n\n\n<ul class=\"wp-block-list\">\n<li> Steb\u0117sena ir tendencij\u0173 nustatymas: Rizikos matrica galime patikrinti, ar laikom\u0117s saugos taisykli\u0173. Ji padeda mums rasti sritis, kuriose reikia daugiau saugos priemoni\u0173, ir suprasti tendencijas, kad sauga b\u016bt\u0173 geresn\u0117.<\/li>\n<\/ul>\n\n\n\n<div class=\"wp-block-buttons is-layout-flex wp-block-buttons-is-layout-flex\">\n<div class=\"wp-block-button has-custom-font-size\" style=\"font-size:18px\"><a class=\"wp-block-button__link has-background wp-element-button\" href=\"https:\/\/www.leaplytics.de\/lt\/titulinis-puslapis\/projektu-valdymas-pasirinktiniai-vaizdai-microsoft-powerbi\/rizikos-silumos-zemelapio-pasirinktinis-vaizdas-skirtas-power-bi\/\" style=\"background-color:#22316d\" rel=\"https:\/\/www.leaplytics.de\/frontpage\/project-management-custom-visuals-microsoft-powerbi\/risk-heatmap-custom-visual-for-power-bi\/\">Per\u017ei\u016br\u0117kite m\u016bs\u0173 \"Power BI\" pritaikyt\u0105 vizualin\u0119 rizikos matric\u0105 \u010dia!<\/a><\/div>\n<\/div>\n\n\n\n<p><\/p>\n\n\n\n<h3 class=\"wp-block-heading has-medium-font-size\">I\u0161vada<\/h3>\n\n\n\n<p>Atsi\u017evelgiant \u012f besikei\u010dian\u010dias skaitmenines gr\u0117smes, organizacijoms reikia optimali\u0173 rizikos valdymo strategij\u0173. Rizikos dimensij\u0173 supratimas yra nei\u0161vengiamas. Taikant aktyv\u0173 po\u017ei\u016br\u012f \u012f gr\u0117smi\u0173 ma\u017einim\u0105, stiprinamas \u012fmoni\u0173 kibernetinis saugumas. D\u0117mesys sutelkiamas \u012f proces\u0173 supaprastinim\u0105, kad kibernetinis saugumas b\u016bt\u0173 i\u0161manus ir veiksmingas.<\/p>","protected":false},"excerpt":{"rendered":"<p>\u012evadas \u0160iuolaikiniame spar\u010diai besivystan\u010diame skaitmeniniame pasaulyje labai svarbu valdyti kibernetinio saugumo rizik\u0105. \u0160iame straipsnyje aptariamos pagrindin\u0117s kibernetinio saugumo rizikos valdymo \u012f\u017evalgos. Pabr\u0117\u017eiame, kad organizacijoms reikia taikyti rizikos valdymo strategijas \"Power BI\" sistemoje. Kibernetinio saugumo strategij\u0173 supratimas ir optimizavimas Organizacijos visame pasaulyje investuoja \u012f kibernetinio saugumo iniciatyvas, kad suma\u017eint\u0173 rizik\u0105 ir i\u0161laidas, u\u017ekirsdamos keli\u0105 duomen\u0173 ... <\/p>","protected":false},"author":55,"featured_media":13070,"parent":0,"menu_order":0,"comment_status":"closed","ping_status":"closed","template":"","meta":{"footnotes":""},"class_list":["post-13065","page","type-page","status-publish","has-post-thumbnail","hentry","latest_post"],"_links":{"self":[{"href":"https:\/\/www.leaplytics.de\/lt\/wp-json\/wp\/v2\/pages\/13065","targetHints":{"allow":["GET"]}}],"collection":[{"href":"https:\/\/www.leaplytics.de\/lt\/wp-json\/wp\/v2\/pages"}],"about":[{"href":"https:\/\/www.leaplytics.de\/lt\/wp-json\/wp\/v2\/types\/page"}],"author":[{"embeddable":true,"href":"https:\/\/www.leaplytics.de\/lt\/wp-json\/wp\/v2\/users\/55"}],"replies":[{"embeddable":true,"href":"https:\/\/www.leaplytics.de\/lt\/wp-json\/wp\/v2\/comments?post=13065"}],"version-history":[{"count":0,"href":"https:\/\/www.leaplytics.de\/lt\/wp-json\/wp\/v2\/pages\/13065\/revisions"}],"wp:featuredmedia":[{"embeddable":true,"href":"https:\/\/www.leaplytics.de\/lt\/wp-json\/wp\/v2\/media\/13070"}],"wp:attachment":[{"href":"https:\/\/www.leaplytics.de\/lt\/wp-json\/wp\/v2\/media?parent=13065"}],"curies":[{"name":"wp","href":"https:\/\/api.w.org\/{rel}","templated":true}]}}