{"id":13092,"date":"2024-01-22T11:56:36","date_gmt":"2024-01-22T10:56:36","guid":{"rendered":"https:\/\/www.leaplytics.de\/?page_id=13092"},"modified":"2024-01-22T11:59:33","modified_gmt":"2024-01-22T10:59:33","slug":"power-bi-finansines-rizikos-valdymas","status":"publish","type":"page","link":"https:\/\/www.leaplytics.de\/lt\/power-bi-finansines-rizikos-valdymas\/","title":{"rendered":"\"Power BI\": Finansin\u0117s rizikos valdymas finansini\u0173 paslaug\u0173 sektoriuje"},"content":{"rendered":"<h2 class=\"wp-block-heading has-medium-font-size\">\u012evadas<\/h2>\n\n\n\n<p>Rizikos valdymas yra labai svarbus finans\u0173 srityje d\u0117l nuolatinio neapibr\u0117\u017etumo. Specialistai turi nustatyti ir atsi\u017evelgti \u012f svarbiausius stabilumo, atitikties ir augimo veiksnius. \u0160iame straipsnyje nagrin\u0117jamas rizikos valdymas finans\u0173 srityje, pabr\u0117\u017eiant duomen\u0173 vizualizavim\u0105 naudojant \"Power BI\" rizikos matric\u0105 geresniam sprendim\u0173 pri\u0117mimui.<\/p>\n\n\n\n<h2 class=\"wp-block-heading has-medium-font-size\">Svarbiausi finansini\u0173 paslaug\u0173 rizikos valdymo veiksniai<\/h2>\n\n\n\n<p style=\"font-size:18px\">1.&nbsp;&nbsp;&nbsp;&nbsp;&nbsp; <strong>Atitiktis teis\u0117s aktams<\/strong>:<\/p>\n\n\n\n<p>Reguliavimo reikalavim\u0173 laikymasis yra kertinis finansini\u0173 paslaug\u0173 rizikos valdymo akmuo. Tokiuose reglamentuose, kaip \"Bazelis III\", \"Dodd-Frank\" ir \"MiFID II\", nustatytos grie\u017etos gair\u0117s, kuriomis siekiama u\u017etikrinti stabilum\u0105 ir apsaugoti suinteresuot\u0105sias \u0161alis. Finans\u0173 \u012fstaigos turi nuolat sekti besikei\u010dian\u010dius reglamentus ir \u012fgyvendinti patikimas atitikties priemones.<\/p>\n\n\n\n<ul class=\"wp-block-list\">\n<li><strong>KPI:<\/strong> Atitikties balas<\/li>\n<\/ul>\n\n\n\n<ul class=\"wp-block-list\">\n<li><strong>Paai\u0161kinimas:<\/strong> \u0160iuo KPI vertinama, kaip \u012fstaiga laikosi teis\u0117s akt\u0173 reikalavim\u0173. Auk\u0161tesnis rezultatas rei\u0161kia geresn\u012f reikalavim\u0173 laikym\u0105si.<\/li>\n<\/ul>\n\n\n\n<p style=\"font-size:18px\">2.&nbsp;&nbsp;&nbsp;&nbsp;&nbsp; <strong>Kredito rizika<\/strong>:<\/p>\n\n\n\n<p>Kredito rizika yra neatsiejama finans\u0173 sektoriaus dalis, tod\u0117l j\u0105 b\u016btina valdyti. Norint suma\u017einti kredito rizik\u0105, labai svarbu analizuoti skolinink\u0173 kreditingum\u0105, steb\u0117ti kredito pozicijas ir \u012fgyvendinti kruop\u0161\u010di\u0105 skolinimo praktik\u0105.<\/p>\n\n\n\n<ul class=\"wp-block-list\">\n<li><strong>KPI:<\/strong> Numatytasis tikimyb\u0117s reitingas \/ indeksas<\/li>\n<\/ul>\n\n\n\n<ul class=\"wp-block-list\">\n<li><strong>Paai\u0161kinimas:<\/strong> \u012esipareigojim\u0173 nevykdymo tikimyb\u0117s reitingas (indeksas) rodo tikimyb\u0119, kad paskol\u0173 gav\u0117jai ne\u012fvykdys savo \u012fsipareigojim\u0173. Pageidautina, kad reitingas (indeksas) b\u016bt\u0173 ma\u017eesnis, nes tai rodo ma\u017eesn\u0119 kredito rizik\u0105.<\/li>\n<\/ul>\n\n\n\n<p style=\"font-size:18px\">3.&nbsp;&nbsp;&nbsp;&nbsp;&nbsp; <strong>Rinkos rizika<\/strong>:<\/p>\n\n\n\n<p>Pal\u016bkan\u0173 norm\u0173, valiut\u0173 kurs\u0173 ir \u017ealiav\u0173 kain\u0173 svyravimai kelia i\u0161\u0161\u016bki\u0173 finans\u0173 \u012fstaigoms. Labai svarbu \u012fgyvendinti rizikos modelius, kurie \u012fvertina rinkos rizikos poveik\u012f. Testavimo nepalankiausiomis s\u0105lygomis scenarijai gali pad\u0117ti nustatyti galimus pa\u017eeid\u017eiamumus.<\/p>\n\n\n\n<ul class=\"wp-block-list\">\n<li><strong>KPI:<\/strong> Rinkos nepastovumo indeksas<\/li>\n<\/ul>\n\n\n\n<ul class=\"wp-block-list\">\n<li><strong>Paai\u0161kinimas:<\/strong> Rinkos nepastovumo indeksas rodo finans\u0173 rink\u0173 nenusp\u0117jamumo lyg\u012f. Didesnis indeksas rodo didesn\u0119 rinkos rizik\u0105.<\/li>\n<\/ul>\n\n\n\n<p style=\"font-size:18px\">4.&nbsp;&nbsp;&nbsp;&nbsp;&nbsp; <strong>Operacin\u0117 rizika<\/strong>:<\/p>\n\n\n\n<p>Veiklos sutrikimai, kibernetinio saugumo gr\u0117sm\u0117s <a href=\"https:\/\/www.leaplytics.de\/lt\/power-bi-kibernetinio-saugumo-rizikos-valdymas\/\"><mark style=\"background-color:rgba(0, 0, 0, 0)\" class=\"has-inline-color has-vivid-cyan-blue-color\">(spustel\u0117kite \u010dia, jei norite perskaityti m\u016bs\u0173 straipsn\u012f apie kibernetinio saugumo rizikos valdym\u0105)<\/mark><\/a>, o vidaus proces\u0173 sutrikimai gali tur\u0117ti \u012ftakos finansin\u0117ms paslaugoms. Labai svarbu kurti i\u0161samias rizikos sistemas, reguliariai atlikti audit\u0105 ir steb\u0117ti kibernetinio saugumo priemones. \u0160ie veiksmai padeda valdyti operacin\u0119 rizik\u0105.<\/p>\n\n\n\n<ul class=\"wp-block-list\">\n<li><strong>KPI:<\/strong> Operacinio atsparumo balas<\/li>\n<\/ul>\n\n\n\n<ul class=\"wp-block-list\">\n<li><strong>Paai\u0161kinimas:<\/strong> Operacinio atsparumo balu vertinamas \u012fstaigos geb\u0117jimas atlaikyti veiklos sutrikimus ir atsigauti po j\u0173. Auk\u0161tesnis balas rodo didesn\u012f operacin\u012f atsparum\u0105.<\/li>\n<\/ul>\n\n\n\n<p style=\"font-size:18px\">5.&nbsp;&nbsp;&nbsp;&nbsp;&nbsp; <strong>Likvidumo rizika<\/strong>:<\/p>\n\n\n\n<p>Labai svarbu u\u017etikrinti pakankam\u0105 likvidum\u0105 trumpalaikiams \u012fsipareigojimams vykdyti. \u012estaigos turi tur\u0117ti planus nenumatytiems atvejams, atlikti likvidumo pozicij\u0173 testavim\u0105 nepalankiausiomis s\u0105lygomis ir i\u0161laikyti trumpalaikio ir ilgalaikio turto pusiausvyr\u0105.<\/p>\n\n\n\n<ul class=\"wp-block-list\">\n<li><strong>KPI:<\/strong> Likvidumo padengimo rodiklis<\/li>\n<\/ul>\n\n\n\n<ul class=\"wp-block-list\">\n<li><strong>Paai\u0161kinimas:<\/strong> Likvidumo padengimo rodiklis rodo \u012fstaigos geb\u0117jim\u0105 likvid\u017eiu turtu padengti trumpalaikius \u012fsipareigojimus. Didesnis rodiklis rodo geresn\u0119 likvidumo b\u016bkl\u0119.<\/li>\n<\/ul>\n\n\n\n<h2 class=\"wp-block-heading has-medium-font-size\">Duomen\u0173 vizualizavimas naudojant \"Power BI\" skirt\u0105 rizikos matric\u0105<\/h2>\n\n\n\n<p>\"Power BI\" skirta rizikos matrica - tai galingas vizualinis \u012frankis, skirtas rizikos valdytojams \u012fvertinti, nustatyti prioritetus ir prane\u0161ti apie rizik\u0105. Matrica leid\u017eia suskirstyti rizik\u0105 \u012f kategorijas pagal jos tikimyb\u0119 ir poveik\u012f. Tur\u0117dama daugyb\u0119 funkcij\u0173, rizikos matrica leid\u017eia visapusi\u0161kai ir daugialypiai ap\u017evelgti rizikos srit\u012f.<\/p>\n\n\n\n<figure class=\"wp-block-image size-full\"><img loading=\"lazy\" decoding=\"async\" width=\"1024\" height=\"576\" src=\"https:\/\/www.leaplytics.de\/wp-content\/uploads\/2024\/01\/Risk-Matrix.jpg\" alt=\"\" class=\"wp-image-13066\" srcset=\"https:\/\/www.leaplytics.de\/wp-content\/uploads\/2024\/01\/Risk-Matrix.jpg 1024w, https:\/\/www.leaplytics.de\/wp-content\/uploads\/2024\/01\/Risk-Matrix-300x169.jpg 300w, https:\/\/www.leaplytics.de\/wp-content\/uploads\/2024\/01\/Risk-Matrix-768x432.jpg 768w, https:\/\/www.leaplytics.de\/wp-content\/uploads\/2024\/01\/Risk-Matrix-107x60.jpg 107w\" sizes=\"auto, (max-width: 1024px) 100vw, 1024px\" \/><\/figure>\n\n\n\n<div class=\"wp-block-buttons is-content-justification-center is-layout-flex wp-container-core-buttons-is-layout-1 wp-block-buttons-is-layout-flex\">\n<div class=\"wp-block-button has-custom-font-size\" style=\"font-size:18px\"><a class=\"wp-block-button__link has-background wp-element-button\" href=\"https:\/\/www.leaplytics.de\/lt\/titulinis-puslapis\/projektu-valdymas-pasirinktiniai-vaizdai-microsoft-powerbi\/rizikos-silumos-zemelapio-pasirinktinis-vaizdas-skirtas-power-bi\/\" style=\"background-color:#22316d\">Per\u017ei\u016br\u0117kite m\u016bs\u0173 \"Power BI\" pritaikyt\u0105 vizualin\u0119 rizikos matric\u0105 \u010dia!<\/a><\/div>\n<\/div>\n\n\n\n<p><\/p>\n\n\n\n<h2 class=\"wp-block-heading has-medium-font-size\">I\u0161\u0161\u016bkiai ir galimyb\u0117s<\/h2>\n\n\n\n<p><strong>I\u0161\u0161\u016bkiai<\/strong>:<\/p>\n\n\n\n<ul class=\"wp-block-list\">\n<li><strong>Duomen\u0173 kokyb\u0117 ir integracija<\/strong>: U\u017etikrinti i\u0161 \u012fvairi\u0173 \u0161altini\u0173 gaunam\u0173 duomen\u0173 tikslum\u0105 ir patikimum\u0105 gali b\u016bti sud\u0117tinga. Integruojant duomenis \u012f \"Power BI\" reikia skirti daug d\u0117mesio duomen\u0173 vientisumui i\u0161laikyti.<\/li>\n\n\n\n<li><strong>Bendravimas su suinteresuotosiomis \u0161alimis<\/strong>: Labai svarbu suinteresuotosioms \u0161alims perduoti informacij\u0105 apie rizik\u0105. Sud\u0117tinga sud\u0117tingus duomenis pateikti suprantama forma.<\/li>\n<\/ul>\n\n\n\n<p><strong>Galimyb\u0117s<\/strong>:<\/p>\n\n\n\n<ul class=\"wp-block-list\">\n<li><strong>Prognozuojamoji analiz\u0117<\/strong>: Naudojant prognozavimo analiz\u0119 \"Power BI\" programoje galima nustatyti galim\u0105 rizik\u0105 prie\u0161 jai \u012fvykstant. Tai padeda i\u0161 anksto valdyti rizik\u0105.<\/li>\n\n\n\n<li><strong>Steb\u0117sena realiuoju laiku<\/strong>: \"Power BI\" leid\u017eia realiuoju laiku steb\u0117ti pagrindinius rizikos rodiklius. Tai leid\u017eia lanks\u010diai reaguoti \u012f kylan\u010di\u0105 rizik\u0105.<\/li>\n<\/ul>\n\n\n\n<p><strong>I\u0161\u0161\u016bki\u0173 sprendimas pasitelkiant rizikos valdym\u0105<\/strong><\/p>\n\n\n\n<ul class=\"wp-block-list\">\n<li><strong>Duomen\u0173 valdymo nustatymas<\/strong>: \u012egyvendinant patikim\u0105 duomen\u0173 valdymo praktik\u0105 u\u017etikrinama duomen\u0173 kokyb\u0117 ir vientisumas. Tai padidina rizikos vertinim\u0173 patikimum\u0105.<\/li>\n\n\n\n<li><strong>Suinteresuot\u0173j\u0173 \u0161ali\u0173 mokymas<\/strong>: Teikite mokymus apie rizikos duomen\u0173 interpretavim\u0105 ir \"Power BI\" \u012franki\u0173 naudojim\u0105, kad gal\u0117tum\u0117te priimti pagr\u012fstus sprendimus.<\/li>\n<\/ul>\n\n\n\n<h2 class=\"wp-block-heading has-medium-font-size\">I\u0161vada<\/h2>\n\n\n\n<p>Dinami\u0161koje finansini\u0173 paslaug\u0173 pramon\u0117je labai svarbus veiksmingas rizikos valdymas. Naudojant tokius \u012frankius, kaip \"Power BI\" rizikos matrica, pager\u0117ja sprendim\u0173 pri\u0117mimas. Ji padeda \u012fveikti i\u0161\u0161\u016bkius ir pasinaudoti galimyb\u0117mis. Svarb\u016bs \u017eingsniai - spr\u0119sti duomen\u0173 kokyb\u0117s klausimus, gerinti suinteresuot\u0173j\u0173 \u0161ali\u0173 bendravim\u0105 ir naudoti pa\u017eangi\u0105 analitik\u0105. Taikydamos \u0161ias strategijas finans\u0173 \u012fstaigos gali padidinti atsparum\u0105 ir u\u017etikrinti tvar\u0173 augim\u0105.<\/p>","protected":false},"excerpt":{"rendered":"<p>Introduction Risk management is crucial in finance due to constant uncertainty. Experts need to identify and address critical factors for stability, compliance, and growth. This article explores risk management in finance, emphasizing data visualization using Power BI&#8217;s risk matrix for better decision-making. Crucial Factors in Financial Services Risk Management 1.&nbsp;&nbsp;&nbsp;&nbsp;&nbsp; Regulatory Compliance: Adherence to regulatory &hellip; <\/p>","protected":false},"author":55,"featured_media":13094,"parent":0,"menu_order":0,"comment_status":"closed","ping_status":"closed","template":"","meta":{"footnotes":""},"class_list":["post-13092","page","type-page","status-publish","has-post-thumbnail","hentry","latest_post"],"_links":{"self":[{"href":"https:\/\/www.leaplytics.de\/lt\/wp-json\/wp\/v2\/pages\/13092","targetHints":{"allow":["GET"]}}],"collection":[{"href":"https:\/\/www.leaplytics.de\/lt\/wp-json\/wp\/v2\/pages"}],"about":[{"href":"https:\/\/www.leaplytics.de\/lt\/wp-json\/wp\/v2\/types\/page"}],"author":[{"embeddable":true,"href":"https:\/\/www.leaplytics.de\/lt\/wp-json\/wp\/v2\/users\/55"}],"replies":[{"embeddable":true,"href":"https:\/\/www.leaplytics.de\/lt\/wp-json\/wp\/v2\/comments?post=13092"}],"version-history":[{"count":6,"href":"https:\/\/www.leaplytics.de\/lt\/wp-json\/wp\/v2\/pages\/13092\/revisions"}],"predecessor-version":[{"id":13102,"href":"https:\/\/www.leaplytics.de\/lt\/wp-json\/wp\/v2\/pages\/13092\/revisions\/13102"}],"wp:featuredmedia":[{"embeddable":true,"href":"https:\/\/www.leaplytics.de\/lt\/wp-json\/wp\/v2\/media\/13094"}],"wp:attachment":[{"href":"https:\/\/www.leaplytics.de\/lt\/wp-json\/wp\/v2\/media?parent=13092"}],"curies":[{"name":"wp","href":"https:\/\/api.w.org\/{rel}","templated":true}]}}