{"id":13103,"date":"2024-01-22T16:06:43","date_gmt":"2024-01-22T15:06:43","guid":{"rendered":"https:\/\/www.leaplytics.de\/?page_id=13103"},"modified":"2024-01-22T16:06:43","modified_gmt":"2024-01-22T15:06:43","slug":"pakeitimu-zurnalas-galia-bi-rizikos-matrica","status":"publish","type":"page","link":"https:\/\/www.leaplytics.de\/lt\/pakeitimu-zurnalas-galia-bi-rizikos-matrica\/","title":{"rendered":"Pakeitim\u0173 s\u0105ra\u0161as - \"Power BI\" rizikos matrica"},"content":{"rendered":"<p>09\/23 - Pasirinktin\u0117s plyteli\u0173 spalvos: Dabar \u017einiatinklio s\u0105saj\u0105 galima rasti internete adresu <a href=\"https:\/\/www.leaplytics.de\/lt\/custom-colors\/\" target=\"_blank\" rel=\"noreferrer noopener\">https:\/\/www.leaplytics.de\/custom-colors\/<\/a>.<\/p>\n\n\n\n<p>07\/23 - S\u0105lyginis formatavimas: departamentas, prioritetas ar statusas).<\/p>\n\n\n\n<p>06\/23 - \"Axis\" etiket\u0117s: Prid\u0117tas speciali\u0173j\u0173 simboli\u0173 palaikymas.<\/p>\n\n\n\n<p>05\/23 - Did\u017eiausias rizik\u0173 skai\u010dius vienoje plytel\u0117je: Padidintas iki 100.<\/p>\n\n\n\n<p>05\/23 - Galimas keli\u0173 rizik\u0173 pasirinkimas.<\/p>\n\n\n\n<p>03\/23 - Gr\u0119\u017eimas iki rizikos optimizavimo: De\u0161iniuoju pel\u0117s klavi\u0161u spustel\u0117kite rizik\u0105, kad pereitum\u0117te \u012f konkret\u0173 puslap\u012f.<\/p>","protected":false},"excerpt":{"rendered":"<p>09\/23 &#8211; Custom Tile Colors: The web interface is now available online at https:\/\/www.leaplytics.de\/custom-colors\/. 07\/23 &#8211; Conditional formatting: Customize the color of risks based on certain conditions (e.g. department, priority or status) 06\/23 &#8211; Axis Labels: Support for special characters has been added. 05\/23 &#8211; Maximum Number of Risks per Tile: Increased to 100. 05\/23 &hellip; <\/p>","protected":false},"author":2,"featured_media":0,"parent":0,"menu_order":0,"comment_status":"closed","ping_status":"closed","template":"","meta":{"footnotes":""},"class_list":["post-13103","page","type-page","status-publish","hentry","latest_post"],"_links":{"self":[{"href":"https:\/\/www.leaplytics.de\/lt\/wp-json\/wp\/v2\/pages\/13103","targetHints":{"allow":["GET"]}}],"collection":[{"href":"https:\/\/www.leaplytics.de\/lt\/wp-json\/wp\/v2\/pages"}],"about":[{"href":"https:\/\/www.leaplytics.de\/lt\/wp-json\/wp\/v2\/types\/page"}],"author":[{"embeddable":true,"href":"https:\/\/www.leaplytics.de\/lt\/wp-json\/wp\/v2\/users\/2"}],"replies":[{"embeddable":true,"href":"https:\/\/www.leaplytics.de\/lt\/wp-json\/wp\/v2\/comments?post=13103"}],"version-history":[{"count":2,"href":"https:\/\/www.leaplytics.de\/lt\/wp-json\/wp\/v2\/pages\/13103\/revisions"}],"predecessor-version":[{"id":13441,"href":"https:\/\/www.leaplytics.de\/lt\/wp-json\/wp\/v2\/pages\/13103\/revisions\/13441"}],"wp:attachment":[{"href":"https:\/\/www.leaplytics.de\/lt\/wp-json\/wp\/v2\/media?parent=13103"}],"curies":[{"name":"wp","href":"https:\/\/api.w.org\/{rel}","templated":true}]}}