{"id":13130,"date":"2024-02-19T14:11:39","date_gmt":"2024-02-19T13:11:39","guid":{"rendered":"https:\/\/www.leaplytics.de\/?page_id=13130"},"modified":"2024-02-20T10:03:59","modified_gmt":"2024-02-20T09:03:59","slug":"leiskite-power-bi-padidinti-jusu-projektu-valdyma","status":"publish","type":"page","link":"https:\/\/www.leaplytics.de\/lt\/leiskite-power-bi-padidinti-jusu-projektu-valdyma\/","title":{"rendered":"Leiskite \"Power BI\" pagerinti projekt\u0173 valdym\u0105"},"content":{"rendered":"<p>Dinami\u0161koje projekt\u0173 valdymo aplinkoje, kurioje svarbiausia yra tikslumas ir \u012f\u017evalgumas, labai svarbu naudotis technologijomis. \"Microsoft Power BI\" pakeit\u0117 \u017eaidimo taisykles. \"Power BI\" projekt\u0173 vadovams si\u016blo dinami\u0161k\u0105 platform\u0105, kuri padeda tobulinti sprendim\u0173 pri\u0117mimo procesus.<\/p>\n\n\n\n<p>\u0160iame i\u0161samiame vadove i\u0161tirsime, kaip \"Power BI\" gali pagerinti kiekvien\u0105 etap\u0105.<sup>1 <\/sup>projekt\u0173 valdym\u0105. Kalbame apie pagrindinius galingo projekt\u0173 valdymo prietais\u0173 skydelio aspektus.<\/p>\n\n\n\n<h3 class=\"wp-block-heading\" style=\"font-size:30px\">Projekto planavimo etapas<\/h3>\n\n\n\n<p class=\"has-medium-font-size\">1. <strong>Apibr\u0117\u017ekite tikr\u0105j\u0105 problem\u0105:<\/strong><\/p>\n\n\n\n<p>Prie\u0161 pradedant projekt\u0105, labai svarbu tiksliai nustatyti problem\u0105, kuri\u0105 bandote i\u0161spr\u0119sti. \"Power BI\" padeda tai padaryti, nes padeda analizuoti istorinius duomenis, nustatyti d\u0117sningumus ir atskleisti esmines problemas. Vizualizuokite ankstesni\u0173 projekt\u0173 s\u0117km\u0117s ir nes\u0117km\u0117s veiksnius, kad gal\u0117tum\u0117te priimti pagr\u012fstus sprendimus.<\/p>\n\n\n\n<p class=\"has-medium-font-size\">2. <strong>Nustatykite suinteresuot\u0105sias \u0161alis:<\/strong><\/p>\n\n\n\n<p>\"Power BI\" galimyb\u0117s apima ir suinteresuot\u0173j\u0173 \u0161ali\u0173 valdym\u0105. Sukurkite vaizdin\u0119 med\u017eiag\u0105, kurioje b\u016bt\u0173 i\u0161ry\u0161kintos \u012fvairios funkcijos ar asmenys, kuriems projektas turi \u012ftakos. Naudokite interaktyvias organizacines diagramas, kad parodytum\u0117te j\u0173 ind\u0117l\u012f ir l\u016bkes\u010dius. Taip u\u017etikriname suderinamum\u0105 nuo pat prad\u017ei\u0173.<\/p>\n\n\n\n<p class=\"has-medium-font-size\">3. <strong>Apibr\u0117\u017ekite projekto tikslus:<\/strong><\/p>\n\n\n\n<p>Sudaryti ai\u0161kius ir lengvai \u012fgyvendinamus tikslus yra i\u0161\u0161\u016bkis. Suinteresuot\u0173j\u0173 \u0161ali\u0173 l\u016bkes\u010diai ir tikslai taip pat gali keistis projekto eigoje. D\u0117l \"Power BI\" lankstumo galite keisti tikslus, kai surenkate daugiau informacijos. Pavyzd\u017eiui, sukurkite vaizdin\u0119 med\u017eiag\u0105, kuri atnaujina tikslus pagal realaus laiko duomenis.<\/p>\n\n\n\n<p class=\"has-medium-font-size\">4. <strong>Nustatykite apimt\u012f, i\u0161teklius ir pagrindines u\u017eduotis:<\/strong><\/p>\n\n\n\n<p>Vizualizuokite projekto apimt\u012f ir u\u017eduotis, \u012fvertinkite terminus ir i\u0161laidas. Tai padeda u\u017etikrinti, kad ai\u0161kiai suvoktum\u0117te i\u0161tekli\u0173 poreik\u012f. Naudokite \"Power BI\", kad suskaidytum\u0117te sud\u0117tingas veiklas, naudodami darb\u0173 suskirstymo strukt\u016br\u0105 (angl. Work Breakdown Structure, WBS).<\/p>\n\n\n\n<p class=\"has-medium-font-size\">5. <strong>Pasiruo\u0161kite kompromisams:<\/strong><\/p>\n\n\n\n<p>\"Power BI\" padeda nustatyti laiko, s\u0105naud\u0173 ir kokyb\u0117s pusiausvyr\u0105. Integruokite duomenis ir sukurkite vaizdin\u0119 med\u017eiag\u0105, kuri parodyt\u0173, kaip \u0161i\u0173 kintam\u0173j\u0173 poky\u010diai veikia projekto rezultatus. Toks skaidrumas palengvina pagr\u012fst\u0173 sprendim\u0173 pri\u0117mim\u0105 ir suinteresuot\u0173j\u0173 \u0161ali\u0173 suderinim\u0105.<\/p>\n\n\n\n<h3 class=\"wp-block-heading\" style=\"font-size:30px\">Projekto k\u016brimo etapas<\/h3>\n\n\n\n<p class=\"has-medium-font-size\">6. <strong>Surinkite komand\u0105:<\/strong><\/p>\n\n\n\n<p>Pasinaudokite \"Power BI\", kad \u012fvertintum\u0117te reikiamus \u012fg\u016bd\u017eius ir vizualizuotum\u0117te komandos sud\u0117t\u012f. Naudodamiesi vaizdine med\u017eiaga nustatykite \u012fg\u016bd\u017ei\u0173 spragas, planuokite mokymus ir paruo\u0161kite komand\u0105 s\u0117kmei.<\/p>\n\n\n\n<p class=\"has-medium-font-size\">7. <strong>Plano u\u017eduotys:<\/strong><\/p>\n\n\n\n<p>Sukurkite vaizdin\u0119 med\u017eiag\u0105, kuri palengvint\u0173 skaidr\u0173 bendravim\u0105 komandoje. Vizualizuokite u\u017eduotis, reikalingus \u012fg\u016bd\u017eius ir individualius \u012fg\u016bd\u017eius, kad u\u017etikrintum\u0117te darni\u0105 komandos dinamik\u0105.<\/p>\n\n\n\n<p class=\"has-medium-font-size\">8. <strong>Sukurkite tvarkara\u0161t\u012f:<\/strong><\/p>\n\n\n\n<p>\"Power BI\" galimyb\u0117s apima ir projekt\u0173 planavim\u0105 naudojant Gantto diagramas. Sukurkite vaizdin\u0119 med\u017eiag\u0105, iliustruojan\u010di\u0105 tvarkara\u0161\u010dius, nustatan\u010di\u0105 kritinius kelius ir suderint\u0105 su nustatytais terminais. Palaikykite realisti\u0161k\u0105 grafik\u0105, nevir\u0161ydami apribojim\u0173.<\/p>\n\n\n\n<p class=\"has-medium-font-size\">9. <strong>Surenkite \u012fvadin\u012f susitikim\u0105:<\/strong><\/p>\n\n\n\n<p>Daugum\u0105 \"Power BI\" vaizdini\u0173 galima eksportuoti \u012f \"MS PowerPoint\". Per \u012f\u017eangin\u012f susitikim\u0105 naudokite \"Power BI\" vaizdin\u0119 med\u017eiag\u0105, kad paai\u0161kintum\u0117te projekto plan\u0105, tikslus ir terminus. Skatinkite komandos narius pateikti savo nuomon\u0119, taip skatindami bendradarbiavim\u0105 ir bendr\u0105 supratim\u0105.<\/p>\n\n\n\n<p class=\"has-medium-font-size\">10. <strong>Sudarykite biud\u017eet\u0105:<\/strong><\/p>\n\n\n\n<p>Naudokite \"Power BI\", kad sukurtum\u0117te i\u0161sam\u0173 biud\u017eet\u0105. Vizualizuokite i\u0161laidas pagal kategorijas, siekite suinteresuot\u0173 \u0161ali\u0173 ind\u0117lio ir i\u0161laikykite lankstum\u0105 nevir\u0161ydami biud\u017eeto apribojim\u0173.<\/p>\n\n\n\n<h3 class=\"wp-block-heading\" style=\"font-size:30px\">Projekto \u012fgyvendinimo etapas<\/h3>\n\n\n\n<p class=\"has-medium-font-size\">11. <strong>Steb\u0117ti ir kontroliuoti proces\u0105 ir biud\u017eet\u0105:<\/strong><\/p>\n\n\n\n<p>\u012ediekite projekto steb\u0117senos vaizdin\u0119 med\u017eiag\u0105 \"Power BI\", pvz., \"Power BI\" rizikos matric\u0105. Rizik\u0173 vizualizavimas kartu su projekto eiga leid\u017eia susidaryti visapusi\u0161k\u0105 vaizd\u0105 apie galimus i\u0161\u0161\u016bkius. \u0160tai kaip:<\/p>\n\n\n\n<p><strong>Rizikos poveikio ir tikimyb\u0117s vertinimas:<\/strong> \"Power BI\" skirta rizikos matrica padeda \u012fvertinti kiekvienos rizikos poveik\u012f ir tikimyb\u0119. Naudokite spalvomis pa\u017eym\u0117tus langelius rizikos sunkumui i\u0161reik\u0161ti. Tai leid\u017eia greitai nustatyti didelio poveikio sritis.<\/p>\n\n\n\n<p><strong>Biud\u017eeto steb\u0117jimas realiuoju laiku:<\/strong> Suderinkite biud\u017eeto steb\u0117jimo vaizdin\u0119 med\u017eiag\u0105 su rizikos matrica. Kiekvienai nustatytai rizikai priskirkite poveik\u012f biud\u017eetui, kad gal\u0117tum\u0117te i\u0161samiai ap\u017evelgti galim\u0105 finansin\u012f poveik\u012f. Rizikoms kintant, biud\u017eeto vaizdin\u0117 med\u017eiaga atnaujinama realiuoju laiku, u\u017etikrinant tiksli\u0105 finansin\u0119 steb\u0117sen\u0105.<\/p>\n\n\n\n<p><strong>I\u0161samios analiz\u0117s gr\u0119\u017eimas:<\/strong> I\u0161pl\u0117skite rizikos matric\u0105, naudodamiesi gr\u0119\u017eimo funkcijomis. Gilinantis \u012f konkre\u010di\u0105 rizik\u0105 galima atlikti i\u0161sami\u0105 analiz\u0119, parodyti atitinkamas finansines pasekmes ir reikalingas rizikos ma\u017einimo strategijas.<\/p>\n\n\n\n<div class=\"wp-block-buttons is-layout-flex wp-block-buttons-is-layout-flex\">\n<div class=\"wp-block-button has-custom-font-size\" style=\"font-size:18px\"><a class=\"wp-block-button__link has-background wp-element-button\" href=\"https:\/\/www.leaplytics.de\/lt\/titulinis-puslapis\/projektu-valdymas-pasirinktiniai-vaizdai-microsoft-powerbi\/rizikos-silumos-zemelapio-pasirinktinis-vaizdas-skirtas-power-bi\/\" style=\"background-color:#22316d\">Per\u017ei\u016br\u0117kite m\u016bs\u0173 \"Power BI\" pritaikyt\u0105 vizualin\u0119 rizikos matric\u0105 \u010dia!<\/a><\/div>\n<\/div>\n\n\n\n<p><\/p>\n\n\n\n<p class=\"has-medium-font-size\">12. <strong>Lankstus reagavimas \u012f poky\u010dius:<\/strong><\/p>\n\n\n\n<p>\"Power BI\" realaus laiko duomen\u0173 galimyb\u0117s leid\u017eia greitai reaguoti \u012f poky\u010dius. Vizualizuokite duomenis, kad nustatytum\u0117te galimas problemas ir gal\u0117tum\u0117te aktyviai priimti sprendimus bei koreguoti kurs\u0105.<\/p>\n\n\n\n<p class=\"has-medium-font-size\">13. <strong>Ataskaita apie pa\u017eang\u0105:<\/strong><\/p>\n\n\n\n<p>Kurkite vaizdin\u0119 med\u017eiag\u0105 suinteresuotosioms \u0161alims, kad gal\u0117tum\u0117te reguliariai teikti naujausi\u0105 informacij\u0105 ir b\u016bsenos ataskaitas. Eksportavus vaizdin\u0119 med\u017eiag\u0105 \u012f \"PowerPoint\", reguliar\u016bs b\u016bsenos susitikimai taps lengvesni. Naudodami \"Power BI\" galite pritaikyti ataskaitas pagal suinteresuot\u0173j\u0173 \u0161ali\u0173 pageidavimus, taip skatindami skaidrum\u0105 ir pasitik\u0117jim\u0105.<\/p>\n\n\n\n<p class=\"has-medium-font-size\">14. <strong>Renkite kassavaitinius komandos susirinkimus:<\/strong><\/p>\n\n\n\n<p>Naudokite \"Power BI\", kad komandos susirinkimus strukt\u016brizuotum\u0117te pagal pagrindinius rodiklius. Vizualizuokite veiklos duomenis, aptarkite nepasiektus tikslus ir d\u017eiaukit\u0117s s\u0117kme. \u0160is \u012frankis padeda i\u0161laikyti d\u0117mes\u012f svarbiausiems veiksmams ir padeda komandai b\u016bti suderintai.<\/p>\n\n\n\n<p class=\"has-medium-font-size\">15. <strong>Problem\u0173 valdymas:<\/strong><\/p>\n\n\n\n<p>\"Power BI\" vaizdai gali pad\u0117ti nustatyti ir valdyti kylan\u010dias problemas. Steb\u0117kite komandos dinamik\u0105 ir projekto rodiklius ir spr\u0119skite problemas, kol jos nei\u0161sipl\u0117t\u0117. \u0160iuo atveju rizikos matrica padeda steb\u0117ti ir \u0161alinti rizik\u0105, kad b\u016bt\u0173 i\u0161vengta nepageidaujam\u0173 padarini\u0173.<\/p>\n\n\n\n<h3 class=\"wp-block-heading\" style=\"font-size:30px\">Projekto u\u017ebaigimo etapas<\/h3>\n\n\n\n<p class=\"has-medium-font-size\">16. <strong>\u012evertinti projekto rezultatus:<\/strong><\/p>\n\n\n\n<p>Naudokite \"Power BI\", kad palygintum\u0117te projekto pa\u017eang\u0105 su i\u0161 prad\u017ei\u0173 nustatyta apimtimi. Vizualizuokite veiklos rodiklius, kad gal\u0117tum\u0117te inicijuoti diskusijas su suinteresuotosiomis \u0161alimis apie projekto u\u017ebaigim\u0105 ir s\u0117km\u0119. Taip pat palyginkite projekto rodiklius su ankstesniais s\u0117kmingais ar nes\u0117kmingais projektais.<\/p>\n\n\n\n<p class=\"has-medium-font-size\">17. <strong>U\u017edaryti projekt\u0105:<\/strong><\/p>\n\n\n\n<p>\u012esivaizduokite projekto u\u017ebaigimo etapus. \"Power BI\" padeda dokumentuoti ir informuoti apie projekto u\u017ebaigimo procesus. Taigi u\u017etikriname skland\u0173 rezultat\u0173 perdavim\u0105.<\/p>\n\n\n\n<h3 class=\"wp-block-heading\" style=\"font-size:30px\">Apibendrinimas<\/h3>\n\n\n\n<p>Integruokite \"Power BI\" \u012f kiekvien\u0105 projekto etap\u0105, kad sukurtum\u0117te i\u0161sam\u0173 ir dinami\u0161k\u0105 projekto prietais\u0173 skydel\u012f. Ne kiekvienas vaizdinis elementas yra b\u016btinas, ta\u010diau \"Power BI\" taikymas pad\u0117s jums neatsilikti nuo projekto kiekviename etape. Suteikite savo komandai nauding\u0173 \u012f\u017evalg\u0173, skatinkite bendradarbiavim\u0105 ir \u012fveikite sud\u0117tingus projekt\u0173 valdymo aspektus. Projekto s\u0117km\u0117 neb\u0117ra tik tikslas, su \"Power BI\" tai vizualizuota kelion\u0117.<\/p>\n\n\n\n<p><\/p>\n\n\n\n<hr class=\"wp-block-separator has-alpha-channel-opacity\"\/>\n\n\n\n<p class=\"has-small-font-size\"><sup>1<\/sup> \u0160iame straipsnyje apra\u0161yti projekto etapai pagr\u012fsti \u0161iuo straipsniu: <a href=\"https:\/\/hbr.org\/2016\/11\/the-four-phases-of-project-management\">\"Harvard Business Review\". (2016 m. lapkri\u010dio 3 d.). <em>Keturi projekt\u0173 valdymo etapai<\/em>.<\/a><\/p>","protected":false},"excerpt":{"rendered":"<p>In the dynamic landscape of project management, where precision and foresight are paramount, leveraging technology is crucial. Microsoft Power BI has emerged as a game-changer. Power BI offers project managers a dynamic platform to enhance their decision-making processes. In this comprehensive guide, we will explore how Power BI can level up each phase1 of project &hellip; <\/p>","protected":false},"author":55,"featured_media":13133,"parent":0,"menu_order":0,"comment_status":"closed","ping_status":"closed","template":"","meta":{"footnotes":"[]"},"class_list":["post-13130","page","type-page","status-publish","has-post-thumbnail","hentry","latest_post"],"_links":{"self":[{"href":"https:\/\/www.leaplytics.de\/lt\/wp-json\/wp\/v2\/pages\/13130","targetHints":{"allow":["GET"]}}],"collection":[{"href":"https:\/\/www.leaplytics.de\/lt\/wp-json\/wp\/v2\/pages"}],"about":[{"href":"https:\/\/www.leaplytics.de\/lt\/wp-json\/wp\/v2\/types\/page"}],"author":[{"embeddable":true,"href":"https:\/\/www.leaplytics.de\/lt\/wp-json\/wp\/v2\/users\/55"}],"replies":[{"embeddable":true,"href":"https:\/\/www.leaplytics.de\/lt\/wp-json\/wp\/v2\/comments?post=13130"}],"version-history":[{"count":7,"href":"https:\/\/www.leaplytics.de\/lt\/wp-json\/wp\/v2\/pages\/13130\/revisions"}],"predecessor-version":[{"id":13144,"href":"https:\/\/www.leaplytics.de\/lt\/wp-json\/wp\/v2\/pages\/13130\/revisions\/13144"}],"wp:featuredmedia":[{"embeddable":true,"href":"https:\/\/www.leaplytics.de\/lt\/wp-json\/wp\/v2\/media\/13133"}],"wp:attachment":[{"href":"https:\/\/www.leaplytics.de\/lt\/wp-json\/wp\/v2\/media?parent=13130"}],"curies":[{"name":"wp","href":"https:\/\/api.w.org\/{rel}","templated":true}]}}