{"id":13174,"date":"2024-03-05T13:59:17","date_gmt":"2024-03-05T12:59:17","guid":{"rendered":"https:\/\/www.leaplytics.de\/?page_id=13174"},"modified":"2024-03-05T13:59:18","modified_gmt":"2024-03-05T12:59:18","slug":"smartsheet-teksto-perziuros-vaizdine-programa-power-bi","status":"publish","type":"page","link":"https:\/\/www.leaplytics.de\/lt\/smartsheet-teksto-perziuros-vaizdine-programa-power-bi\/","title":{"rendered":"\"Smartsheet\" teksto per\u017ei\u016bros vizualioji programa \"Power BI"},"content":{"rendered":"<p>Ar ie\u0161kote duomen\u0173 vaizdin\u0117s priemon\u0117s, kuri paverst\u0173 j\u016bs\u0173 \"Smartsheet\" fail\u0105 \u012f gra\u017eiai suformatuot\u0105 tekst\u0105? Visapusi\u0161ko teksto redaktoriaus, kur\u012f galima skland\u017eiai integruoti \u012f prietais\u0173 skydel\u012f.<\/p>\n\n\n\n<p>Kuriame \"Power BI\" vaizdin\u0119 med\u017eiag\u0105, skirt\u0105 klient\u0173 skaud\u017eioms problemoms spr\u0119sti. Naudodami MS sertifikuotas \"Power BI\" vizualizacijas siekiame, kad m\u016bs\u0173 klient\u0173 gyvenimas tapt\u0173 lengvesnis ir efektyvesnis!<\/p>\n\n\n\n<p>\u0160iuo metu dirbame su teksto per\u017ei\u016bros programa, konvertuojan\u010dia \"Smartsheet\" duomenis \u012f gra\u017eiai suformatuot\u0105 tekst\u0105.<\/p>\n\n\n\n<p>Toliau pateikite savo kontaktinius duomenis ir prisijunkite prie m\u016bs\u0173 laukian\u010di\u0173j\u0173 s\u0105ra\u0161o, kad gautum\u0117te prane\u0161im\u0105, kai \"Smartsheet\" teksto per\u017ei\u016bros vaizdin\u0117 programa bus paruo\u0161ta naudoti!<\/p>\n\n\n\n<div class=\"wpforms-container wpforms-container-full\" id=\"wpforms-13195\"><form id=\"wpforms-form-13195\" class=\"wpforms-validate wpforms-form wpforms-ajax-form\" data-formid=\"13195\" method=\"post\" enctype=\"multipart\/form-data\" action=\"\/lt\/wp-json\/wp\/v2\/pages\/13174\" data-token=\"1572b74fbe1daeeaeed0bf4913614a77\" data-token-time=\"1775999039\" data-trp-original-action=\"\/lt\/wp-json\/wp\/v2\/pages\/13174\"><noscript class=\"wpforms-error-noscript\">Nor\u0117dami u\u017epildyti \u0161i\u0105 form\u0105, nar\u0161ykl\u0117je \u012fjunkite \"JavaScript\".<\/noscript><div class=\"wpforms-field-container\"><div id=\"wpforms-13195-field_0-container\" class=\"wpforms-field wpforms-field-name\" data-field-id=\"0\"><label class=\"wpforms-field-label\">Pavadinimas <span class=\"wpforms-required-label\">*<\/span><\/label><div class=\"wpforms-field-row wpforms-field-medium\"><div class=\"wpforms-field-row-block wpforms-first wpforms-one-half\"><input type=\"text\" id=\"wpforms-13195-field_0\" class=\"wpforms-field-name-first wpforms-field-required\" name=\"wpforms[fields][0][first]\" required><label for=\"wpforms-13195-field_0\" class=\"wpforms-field-sublabel after\">Pirmasis<\/label><\/div><div class=\"wpforms-field-row-block wpforms-one-half\"><input type=\"text\" id=\"wpforms-13195-field_0-last\" class=\"wpforms-field-name-last wpforms-field-required\" name=\"wpforms[fields][0][last]\" required><label for=\"wpforms-13195-field_0-last\" class=\"wpforms-field-sublabel after\">Paskutinis<\/label><\/div><\/div><\/div><div id=\"wpforms-13195-field_1-container\" class=\"wpforms-field wpforms-field-email\" data-field-id=\"1\"><label class=\"wpforms-field-label\" for=\"wpforms-13195-field_1\">Verslo el. pa\u0161tas <span class=\"wpforms-required-label\">*<\/span><\/label><input type=\"email\" id=\"wpforms-13195-field_1\" class=\"wpforms-field-medium wpforms-field-required\" data-rule-restricted-email=\"1\" name=\"wpforms[fields][1]\" spellcheck=\"false\" required><\/div><div id=\"wpforms-13195-field_4-container\" class=\"wpforms-field wpforms-field-text\" data-field-id=\"4\"><label class=\"wpforms-field-label\" for=\"wpforms-13195-field_4\">\u012emon\u0117 <span class=\"wpforms-required-label\">*<\/span><\/label><input type=\"text\" id=\"wpforms-13195-field_4\" class=\"wpforms-field-medium wpforms-field-required\" name=\"wpforms[fields][4]\" required><\/div><div id=\"wpforms-13195-field_3-container\" class=\"wpforms-field wpforms-field-gdpr-checkbox\" data-field-id=\"3\"><label class=\"wpforms-field-label\">BDAR susitarimas <span class=\"wpforms-required-label\">*<\/span><\/label><ul id=\"wpforms-13195-field_3\" class=\"wpforms-field-required\"><li class=\"choice-1\"><input type=\"checkbox\" id=\"wpforms-13195-field_3_1\" name=\"wpforms[fields][3][]\" value=\"I consent to having this website store my submitted information so they can respond to my inquiry.\" required><label class=\"wpforms-field-label-inline\" for=\"wpforms-13195-field_3_1\">Sutinku, kad \u0161i svetain\u0117 saugot\u0173 mano pateikt\u0105 informacij\u0105, kad gal\u0117t\u0173 atsakyti \u012f mano u\u017eklaus\u0105.<\/label><\/li><\/ul><\/div><\/div><!-- .wpforms-field-container --><div class=\"wpforms-recaptcha-container wpforms-is-recaptcha wpforms-is-recaptcha-type-v3\" ><input type=\"hidden\" name=\"wpforms[recaptcha]\" value=\"\"><\/div><div class=\"wpforms-submit-container\" ><input type=\"hidden\" name=\"wpforms[id]\" value=\"13195\"><input type=\"hidden\" name=\"page_title\" value=\"\"><input type=\"hidden\" name=\"page_url\" value=\"https:\/\/www.leaplytics.de\/lt\/wp-json\/wp\/v2\/pages\/13174\"><input type=\"hidden\" name=\"url_referer\" value=\"\"><button type=\"submit\" name=\"wpforms[submit]\" id=\"wpforms-submit-13195\" class=\"wpforms-submit\" data-alt-text=\"Sending...\" data-submit-text=\"Submit\" aria-live=\"assertive\" value=\"wpforms-submit\">Pateikti<\/button><img loading=\"lazy\" decoding=\"async\" src=\"https:\/\/www.leaplytics.de\/wp-content\/plugins\/wpforms-lite\/assets\/images\/submit-spin.svg\" class=\"wpforms-submit-spinner\" style=\"display: none;\" width=\"26\" height=\"26\" alt=\"Pakrovimas\"><\/div><input type=\"hidden\" name=\"trp-form-language\" value=\"lt\"\/><\/form><\/div>  <!-- .wpforms-container -->","protected":false},"excerpt":{"rendered":"<p>Ar ie\u0161kote duomen\u0173 vaizdin\u0117s priemon\u0117s, kuri paverst\u0173 j\u016bs\u0173 \"Smartsheet\" fail\u0105 \u012f gra\u017eiai suformatuot\u0105 tekst\u0105? Visapusi\u0161ko teksto redaktoriaus, kur\u012f galima skland\u017eiai integruoti \u012f prietais\u0173 skydel\u012f. Kuriame \"Power BI\" vizualizacijas, atsi\u017evelgdami \u012f klient\u0173 skaudulius. Naudodami MS sertifikuotas \"Power BI\" vizualizacijas siekiame, kad m\u016bs\u0173 gyvenimo ... <\/p>","protected":false},"author":55,"featured_media":0,"parent":0,"menu_order":0,"comment_status":"closed","ping_status":"closed","template":"","meta":{"footnotes":""},"class_list":["post-13174","page","type-page","status-publish","hentry","latest_post"],"_links":{"self":[{"href":"https:\/\/www.leaplytics.de\/lt\/wp-json\/wp\/v2\/pages\/13174","targetHints":{"allow":["GET"]}}],"collection":[{"href":"https:\/\/www.leaplytics.de\/lt\/wp-json\/wp\/v2\/pages"}],"about":[{"href":"https:\/\/www.leaplytics.de\/lt\/wp-json\/wp\/v2\/types\/page"}],"author":[{"embeddable":true,"href":"https:\/\/www.leaplytics.de\/lt\/wp-json\/wp\/v2\/users\/55"}],"replies":[{"embeddable":true,"href":"https:\/\/www.leaplytics.de\/lt\/wp-json\/wp\/v2\/comments?post=13174"}],"version-history":[{"count":2,"href":"https:\/\/www.leaplytics.de\/lt\/wp-json\/wp\/v2\/pages\/13174\/revisions"}],"predecessor-version":[{"id":13210,"href":"https:\/\/www.leaplytics.de\/lt\/wp-json\/wp\/v2\/pages\/13174\/revisions\/13210"}],"wp:attachment":[{"href":"https:\/\/www.leaplytics.de\/lt\/wp-json\/wp\/v2\/media?parent=13174"}],"curies":[{"name":"wp","href":"https:\/\/api.w.org\/{rel}","templated":true}]}}