{"id":13221,"date":"2024-03-05T14:11:00","date_gmt":"2024-03-05T13:11:00","guid":{"rendered":"https:\/\/www.leaplytics.de\/?page_id=13221"},"modified":"2024-03-05T14:11:01","modified_gmt":"2024-03-05T13:11:01","slug":"teksto-perziuros-vaizdine-medziaga-skirta-galios-bi","status":"publish","type":"page","link":"https:\/\/www.leaplytics.de\/lt\/teksto-perziuros-vaizdine-medziaga-skirta-galios-bi\/","title":{"rendered":"Teksto per\u017ei\u016bros programos \"Power BI\" vaizdin\u0117 med\u017eiaga"},"content":{"rendered":"<p>\u010cia ap\u017evelgiami m\u016bs\u0173 dabartiniai \"Power BI\" teksto vizualizavimo projektai:<\/p>\n\n\n\n<p><a href=\"https:\/\/www.leaplytics.de\/lt\/rtf-teksto-perziuros-vaizdine-programa-power-bi\/\" target=\"_blank\" rel=\"noreferrer noopener\">https:\/\/www.leaplytics.de\/rtf-text-viewer-visual-for-power-b<\/a><a href=\"https:\/\/www.leaplytics.de\/lt\/rtf-teksto-perziuros-vaizdine-programa-power-bi\/\">i\/<\/a><br><a href=\"https:\/\/www.leaplytics.de\/lt\/csv-teksto-ziurykle-vizualine-galia-bi\/\">https:\/\/www.leaplytics.de\/csv-text-viewer-visual-for-power-bi\/<\/a><br><a href=\"https:\/\/www.leaplytics.de\/lt\/html-teksto-perziuros-vizualine-programa-skirta-galios-bi\/\">https:\/\/www.leaplytics.de\/html-text-viewer-visual-for-power-bi\/<\/a><br><a href=\"https:\/\/www.leaplytics.de\/lt\/xml-teksto-ziurykle-vizualine-galia-bi\/\">https:\/\/www.leaplytics.de\/xml-text-viewer-visual-for-power-bi\/<\/a><br><a href=\"https:\/\/www.leaplytics.de\/lt\/json-teksto-ziurovas-vizualus-galios-bi\/\">https:\/\/www.leaplytics.de\/json-text-viewer-visual-for-power-bi\/<\/a><br><a href=\"https:\/\/www.leaplytics.de\/lt\/smartsheet-teksto-perziuros-vaizdine-programa-power-bi\/\">https:\/\/www.leaplytics.de\/smartsheet-text-viewer-visual-for-power-bi\/<\/a><br><a href=\"https:\/\/www.leaplytics.de\/lt\/jira-teksto-perziuros-vizualine-programa-power-bi\/\">https:\/\/www.leaplytics.de\/jira-text-viewer-visual-for-power-bi\/<\/a><br><a href=\"https:\/\/www.leaplytics.de\/lt\/planview-teksto-perziuros-vaizdine-programa-power-bi\/\">https:\/\/www.leaplytics.de\/planview-text-viewer-visual-for-power-bi\/<\/a><br><a href=\"https:\/\/www.leaplytics.de\/lt\/pirmadienis-com-teksto-perziuros-vaizdine-programa-power-bi\/\">https:\/\/www.leaplytics.de\/monday-com-text-viewer-visual-for-power-bi\/<\/a><br><a href=\"https:\/\/www.leaplytics.de\/lt\/workfront-teksto-perziuros-vaizdine-programa-power-bi\/\">https:\/\/www.leaplytics.de\/workfront-text-viewer-visual-for-power-bi\/<\/a><br><a href=\"https:\/\/www.leaplytics.de\/lt\/primavera-teksto-perziuros-vizualine-programa-power-bi\/\">https:\/\/www.leaplytics.de\/primavera-text-viewer-visual-for-power-bi\/<\/a><br><a href=\"https:\/\/www.leaplytics.de\/lt\/planisware-teksto-perziuros-vizualine-programa-power-bi\/\">https:\/\/www.leaplytics.de\/planisware-text-viewer-visual-for-power-bi\/<\/a><br><a href=\"https:\/\/www.leaplytics.de\/lt\/opentext-teksto-perziuros-vaizdine-programa-power-bi\/\">https:\/\/www.leaplytics.de\/opentext-text-viewer-visual-for-power-bi\/<\/a><br><a href=\"https:\/\/www.leaplytics.de\/lt\/formato-teksto-perziuros-vaizdine-galia-bi\/\">https:\/\/www.leaplytics.de\/format-text-viewer-visual-for-power-bi\/<\/a><br><a href=\"https:\/\/www.leaplytics.de\/lt\/clickup-teksto-perziuros-vaizdine-programa-power-bi\/\">https:\/\/www.leaplytics.de\/clickup-text-viewer-visual-for-power-bi\/<\/a><\/p>","protected":false},"excerpt":{"rendered":"<p>\u010cia ap\u017evelgiami m\u016bs\u0173 dabartiniai \"Power BI\" teksto vizualizavimo projektai: https:\/\/www.leaplytics.de\/rtf-text-viewer-visual-for-power-bi\/https:\/\/www.leaplytics.de\/csv-text-viewer-visual-for-power-bi\/https:\/\/www.leaplytics.de\/html-text-viewer-visual-for-power-bi\/https:\/\/www.leaplytics.de\/xml-text-viewer-visual-for-power-bi\/https:\/\/www.leaplytics.de\/json-text-viewer-visual-for-power-bi\/https:\/\/www.leaplytics.de\/smartsheet-text-viewer-visual-for-power-bi\/https:\/\/www.leaplytics.de\/jira-text-viewer-visual-for-power-bi\/https:\/\/www.leaplytics.de\/planview-text-viewer-visual-for-power-bi\/https:\/\/www.leaplytics.de\/monday-com-text-viewer-visual-for-power-bi\/https:\/\/www.leaplytics.de\/workfront-text-viewer-visual-for-power-bi\/https:\/\/www.leaplytics.de\/primavera-text-viewer-visual-for-power-bi\/https:\/\/www.leaplytics.de\/planisware-text-viewer-visual-for-power-bi\/https:\/\/www.leaplytics.de\/opentext-text-viewer-visual-for-power-bi\/https:\/\/www.leaplytics.de\/format-text-viewer-visual-for-power-bi\/https:\/\/www.leaplytics.de\/clickup-<\/p>","protected":false},"author":2,"featured_media":0,"parent":0,"menu_order":0,"comment_status":"closed","ping_status":"closed","template":"","meta":{"footnotes":""},"class_list":["post-13221","page","type-page","status-publish","hentry","latest_post"],"_links":{"self":[{"href":"https:\/\/www.leaplytics.de\/lt\/wp-json\/wp\/v2\/pages\/13221","targetHints":{"allow":["GET"]}}],"collection":[{"href":"https:\/\/www.leaplytics.de\/lt\/wp-json\/wp\/v2\/pages"}],"about":[{"href":"https:\/\/www.leaplytics.de\/lt\/wp-json\/wp\/v2\/types\/page"}],"author":[{"embeddable":true,"href":"https:\/\/www.leaplytics.de\/lt\/wp-json\/wp\/v2\/users\/2"}],"replies":[{"embeddable":true,"href":"https:\/\/www.leaplytics.de\/lt\/wp-json\/wp\/v2\/comments?post=13221"}],"version-history":[{"count":1,"href":"https:\/\/www.leaplytics.de\/lt\/wp-json\/wp\/v2\/pages\/13221\/revisions"}],"predecessor-version":[{"id":13222,"href":"https:\/\/www.leaplytics.de\/lt\/wp-json\/wp\/v2\/pages\/13221\/revisions\/13222"}],"wp:attachment":[{"href":"https:\/\/www.leaplytics.de\/lt\/wp-json\/wp\/v2\/media?parent=13221"}],"curies":[{"name":"wp","href":"https:\/\/api.w.org\/{rel}","templated":true}]}}