{"id":13321,"date":"2024-04-09T20:47:19","date_gmt":"2024-04-09T18:47:19","guid":{"rendered":"https:\/\/www.leaplytics.de\/?page_id=13321"},"modified":"2024-04-17T15:17:27","modified_gmt":"2024-04-17T13:17:27","slug":"galimybiu-matrica-susijusi-su-galia-bi","status":"publish","type":"page","link":"https:\/\/www.leaplytics.de\/lt\/galimybiu-matrica-susijusi-su-galia-bi\/","title":{"rendered":"\"Power BI\" galimybi\u0173 matrica - panaudokite j\u0105, kad atskleistum\u0117te savo konkurencin\u012f prana\u0161um\u0105"},"content":{"rendered":"<p>Projekt\u0173 ir rizikos valdytojams galimybi\u0173 i\u0161naudojimas yra toks pat svarbus kaip ir rizikos ma\u017einimas. Pritaik\u0119 savo rizikos matricos vaizdin\u0119 med\u017eiag\u0105 \"Power BI\", galime j\u0105 paversti galimybi\u0173 matrica. \u0160is metodas leid\u017eia nustatyti ir i\u0161naudoti galimybes, kurios skatina konkurencin\u012f prana\u0161um\u0105.<\/p>\n\n\n\n<figure class=\"wp-block-embed is-type-video is-provider-youtube wp-block-embed-youtube wp-embed-aspect-16-9 wp-has-aspect-ratio\"><div class=\"wp-block-embed__wrapper\">\n<iframe loading=\"lazy\" title=\"&quot;Power BI&quot; galimybi\u0173 matrica - &quot;LeapLytics\" width=\"770\" height=\"433\" src=\"https:\/\/www.youtube.com\/embed\/VzEAOzIjrZY?feature=oembed\" frameborder=\"0\" allow=\"accelerometer; autoplay; clipboard-write; encrypted-media; gyroscope; picture-in-picture; web-share\" referrerpolicy=\"strict-origin-when-cross-origin\" allowfullscreen><\/iframe>\n<\/div><figcaption class=\"wp-element-caption\">\"YouTube\" vaizdo \u012fra\u0161e parodome, kaip \"Power BI\" sukurti galimybi\u0173 matric\u0105.<\/figcaption><\/figure>\n\n\n\n<h3 class=\"wp-block-heading has-medium-font-size\"><strong>Kod\u0117l svarbus galimybi\u0173 valdymas<\/strong><\/h3>\n\n\n\n<p>Galimybi\u0173 valdymas yra labai svarbus \u012fmon\u0117ms, siekian\u010dioms tvaraus augimo ir konkurencinio prana\u0161umo. Tai - galimybi\u0173 nustatymas ir naudojimasis jomis. Organizacijos gali pasinaudoti rinkos tendencijomis, naujov\u0117mis ir naujomis technologijomis. Tai taip pat leid\u017eia nuolat tobulinti produkt\u0173 ir paslaug\u0173 kokyb\u0119. Be to, veiksmingas galimybi\u0173 valdymas leid\u017eia \u012fmon\u0117ms i\u0161likti prana\u0161esn\u0117ms u\u017e konkurentus. Labai svarbu prisitaikyti prie besikei\u010dian\u010di\u0173 klient\u0173 poreiki\u0173 ir pageidavim\u0173.<\/p>\n\n\n\n<h3 class=\"wp-block-heading has-medium-font-size\"><strong>Galimybi\u0173 i\u0161 \u012fvairi\u0173 \u0161altini\u0173 nustatymas<\/strong><\/h3>\n\n\n\n<p>Nor\u0117dami nustatyti galimybes, turime pasinaudoti visais mums \u017einomais \u0161altiniais.<\/p>\n\n\n\n<div class=\"wp-block-columns is-layout-flex wp-container-core-columns-is-layout-1 wp-block-columns-is-layout-flex\">\n<div class=\"wp-block-column is-layout-flow wp-block-column-is-layout-flow\" style=\"flex-basis:2%\">\n<p><strong>1.<\/strong><\/p>\n<\/div>\n\n\n\n<div class=\"wp-block-column is-layout-flow wp-block-column-is-layout-flow\" style=\"flex-basis:98%\">\n<p><strong>\u012evertinkite savo konkurencin\u0119 aplink\u0105:<\/strong> Verslo aplinkos vertinimas - tai konkurent\u0173 stiprybi\u0173, silpnybi\u0173, pad\u0117ties rinkoje ir strategij\u0173 analiz\u0117. Lyginamoji analiz\u0117 arba SSGG analiz\u0117 gali b\u016bti veiksmingos priemon\u0117s. \u012e\u017evalgos apie konkurent\u0173 geriausi\u0105 praktik\u0105 gali atskleisti potencialias galimybes.<\/p>\n<\/div>\n<\/div>\n\n\n\n<div class=\"wp-block-columns is-layout-flex wp-container-core-columns-is-layout-2 wp-block-columns-is-layout-flex\">\n<div class=\"wp-block-column is-layout-flow wp-block-column-is-layout-flow\" style=\"flex-basis:2%\">\n<p><strong>2.<\/strong><\/p>\n<\/div>\n\n\n\n<div class=\"wp-block-column is-layout-flow wp-block-column-is-layout-flow\" style=\"flex-basis:98%\">\n<p><strong>I\u0161 anksto supraskite klient\u0173 poreikius: <\/strong>Steb\u0117kite rinkos tendencijas, vartotoj\u0173 elgsen\u0105 ir naujus pageidavimus. Rinkos tyrimai, klient\u0173 atsiliepimai ir pirkimo modeli\u0173 analiz\u0117 padeda numatyti klient\u0173 poreikius.<\/p>\n<\/div>\n<\/div>\n\n\n\n<div class=\"wp-block-columns is-layout-flex wp-container-core-columns-is-layout-3 wp-block-columns-is-layout-flex\">\n<div class=\"wp-block-column is-layout-flow wp-block-column-is-layout-flow\" style=\"flex-basis:2%\">\n<p><strong>3.<\/strong><\/p>\n<\/div>\n\n\n\n<div class=\"wp-block-column is-layout-flow wp-block-column-is-layout-flow\" style=\"flex-basis:98%\">\n<p><strong>Skatinti inovacijas ir diegti dalijimosi \u017einiomis praktik\u0105:<\/strong> Skatinkite inovacij\u0173 ir k\u016brybi\u0161kumo kult\u016br\u0105. \u017dmoni\u0173 i\u0161 skirting\u0173 segment\u0173 suvienijimas gali b\u016bti pagrindin\u0117 dalijimosi \u017einiomis varomoji j\u0117ga. Tai gali paskatinti novatori\u0161kesnes id\u0117jas, nes m\u0105stoma nestandarti\u0161kai.<\/p>\n<\/div>\n<\/div>\n\n\n\n<div class=\"wp-block-columns is-layout-flex wp-container-core-columns-is-layout-4 wp-block-columns-is-layout-flex\">\n<div class=\"wp-block-column is-layout-flow wp-block-column-is-layout-flow\" style=\"flex-basis:2%\">\n<p><strong>4.<\/strong><\/p>\n<\/div>\n\n\n\n<div class=\"wp-block-column is-layout-flow wp-block-column-is-layout-flow\" style=\"flex-basis:98%\">\n<p><strong>Nustatykite atsilikim\u0105 ir raskite pagrindines prie\u017eastis:<\/strong> Nepakankamai i\u0161naudojami organizacijos i\u0161tekliai, procesai ar paj\u0117gumai. Tikslas - nustatyti atsilikimo sritis ir i\u0161tirti pagrindines j\u0173 prie\u017eastis. Tokiu b\u016bdu galite atskleisti pasl\u0117ptas optimizavimo ir tobulinimo galimybes. Kaip identifikavimo strategijos gali pasitarnauti proces\u0173 auditas ir darbuotoj\u0173 atsiliepimai.<\/p>\n<\/div>\n<\/div>\n\n\n\n<div class=\"wp-block-columns is-layout-flex wp-container-core-columns-is-layout-5 wp-block-columns-is-layout-flex\">\n<div class=\"wp-block-column is-layout-flow wp-block-column-is-layout-flow\" style=\"flex-basis:2%\">\n<p><strong>5.<\/strong><\/p>\n<\/div>\n\n\n\n<div class=\"wp-block-column is-layout-flow wp-block-column-is-layout-flow\" style=\"flex-basis:98%\">\n<p><strong>Neu\u017emir\u0161kite apie rizik\u0105, nes ji gali atverti galimybes: <\/strong>Rizika paprastai suvokiama kaip potenciali gr\u0117sm\u0117 verslo operacijoms. Ta\u010diau jos taip pat gali atskleisti pasl\u0117ptas galimybes. Analizuodami ir valdydami rizik\u0105, pagalvokite, kad kai kurias i\u0161 j\u0173 galite paversti galimyb\u0117mis. Pavyzd\u017eiui, fiksuotos kibernetinio saugumo gr\u0117sm\u0117s gali lemti didesn\u012f klient\u0173 pasitik\u0117jim\u0105 ir lojalum\u0105.<\/p>\n<\/div>\n<\/div>\n\n\n\n<div class=\"wp-block-columns is-layout-flex wp-container-core-columns-is-layout-6 wp-block-columns-is-layout-flex\">\n<div class=\"wp-block-column is-layout-flow wp-block-column-is-layout-flow\" style=\"flex-basis:2%\">\n<p><strong>6.<\/strong><\/p>\n<\/div>\n\n\n\n<div class=\"wp-block-column is-layout-flow wp-block-column-is-layout-flow\" style=\"flex-basis:98%\">\n<p><strong>Tapkite savo pramon\u0117s \u0161akos tvarumo pradininku:<\/strong> Tvarumas gali atverti nauj\u0173 galimybi\u0173 diegti naujoves, taupyti s\u0105naudas ir i\u0161siskirti. Nustatykite b\u016bdus, kaip suma\u017einti i\u0161metam\u0173 ter\u0161al\u0173 kiek\u012f ir optimizuoti i\u0161tekli\u0173 naudojim\u0105. Taip sutaupysite l\u0117\u0161\u0173, padidinsite klient\u0173 lojalum\u0105 ir pagerinsite prek\u0117s \u017eenklo reputacij\u0105.<\/p>\n<\/div>\n<\/div>\n\n\n\n<h3 class=\"wp-block-heading has-medium-font-size\"><strong>Galimybi\u0173 valdymo privalumai<\/strong><\/h3>\n\n\n\n<p>Veiksmingas galimybi\u0173 valdymas teikia daug naudos. Tarp j\u0173 - didesnis pelningumas, geresnis pozicionavimas rinkoje, didesnis klient\u0173 pasitenkinimas ir tvarus verslo augimas. Aktyviai nustatydamos ir i\u0161naudodamos galimybes, organizacijos gali skatinti inovacijas. Jos skatina nuolatinio tobul\u0117jimo kult\u016br\u0105 ir maksimaliai padidina savo konkurencin\u012f prana\u0161um\u0105.<\/p>\n\n\n\n<h3 class=\"wp-block-heading has-medium-font-size\"><strong>Galimybi\u0173 matricos supratimas<\/strong><\/h3>\n\n\n\n<p>Galimybi\u0173 matrica i\u0161 esm\u0117s atspindi gerai \u017einom\u0105 rizikos matric\u0105. \u012evertinamos potencialios galimyb\u0117s, atsi\u017evelgiant \u012f j\u0173 tikimyb\u0119 ir poveik\u012f. Matrica palengvina galimybi\u0173 aptikim\u0105, vertinim\u0105 ir valdym\u0105. Svarbiausias prioritetas - nukreipti organizacijas \u012f geresnius veiklos rezultatus ir augim\u0105.<\/p>\n\n\n\n<div class=\"wp-block-columns is-layout-flex wp-container-core-columns-is-layout-7 wp-block-columns-is-layout-flex\">\n<div class=\"wp-block-column is-vertically-aligned-center is-layout-flow wp-block-column-is-layout-flow\" style=\"flex-basis:150px\">\n<figure class=\"wp-block-image size-full is-resized\"><img loading=\"lazy\" decoding=\"async\" width=\"255\" height=\"259\" src=\"https:\/\/www.leaplytics.de\/wp-content\/uploads\/2024\/04\/Bild3.jpg\" alt=\"\" class=\"wp-image-13324\" style=\"width:100px\" srcset=\"https:\/\/www.leaplytics.de\/wp-content\/uploads\/2024\/04\/Bild3.jpg 255w, https:\/\/www.leaplytics.de\/wp-content\/uploads\/2024\/04\/Bild3-59x60.jpg 59w\" sizes=\"auto, (max-width: 255px) 100vw, 255px\" \/><\/figure>\n<\/div>\n\n\n\n<div class=\"wp-block-column is-layout-flow wp-block-column-is-layout-flow\" style=\"flex-basis:66.66%\">\n<p><strong>\u012eranki\u0173 rodykl\u0117s parinktis per pel\u0117s \u017eymekl\u012f<\/strong><\/p>\n\n\n\n<p>U\u017evedus pel\u0117s \u017eymekl\u012f ant duomen\u0173 ta\u0161k\u0173 pateikiama i\u0161sami informacija. Tai leid\u017eia naudotojams gilintis \u012f konkre\u010dias galimybes. \u0160i funkcija pagerina sprendim\u0173 pri\u0117mim\u0105, nes vienu \u017evilgsniu pateikia i\u0161samias \u012f\u017evalgas.<\/p>\n<\/div>\n<\/div>\n\n\n\n<div class=\"wp-block-columns is-layout-flex wp-container-core-columns-is-layout-8 wp-block-columns-is-layout-flex\">\n<div class=\"wp-block-column is-vertically-aligned-center is-layout-flow wp-block-column-is-layout-flow\" style=\"flex-basis:150px\">\n<figure class=\"wp-block-image size-large is-resized\"><img loading=\"lazy\" decoding=\"async\" width=\"1024\" height=\"1024\" src=\"https:\/\/www.leaplytics.de\/wp-content\/uploads\/2022\/06\/Indicator-Settings-1024x1024.png\" alt=\"\" class=\"wp-image-8461\" style=\"width:128px;height:auto\" srcset=\"https:\/\/www.leaplytics.de\/wp-content\/uploads\/2022\/06\/Indicator-Settings-1024x1024.png 1024w, https:\/\/www.leaplytics.de\/wp-content\/uploads\/2022\/06\/Indicator-Settings-300x300.png 300w, https:\/\/www.leaplytics.de\/wp-content\/uploads\/2022\/06\/Indicator-Settings-150x150.png 150w, https:\/\/www.leaplytics.de\/wp-content\/uploads\/2022\/06\/Indicator-Settings-768x768.png 768w, https:\/\/www.leaplytics.de\/wp-content\/uploads\/2022\/06\/Indicator-Settings-1536x1536.png 1536w, https:\/\/www.leaplytics.de\/wp-content\/uploads\/2022\/06\/Indicator-Settings-370x370.png 370w, https:\/\/www.leaplytics.de\/wp-content\/uploads\/2022\/06\/Indicator-Settings-60x60.png 60w, https:\/\/www.leaplytics.de\/wp-content\/uploads\/2022\/06\/Indicator-Settings.png 1854w\" sizes=\"auto, (max-width: 1024px) 100vw, 1024px\" \/><\/figure>\n<\/div>\n\n\n\n<div class=\"wp-block-column is-layout-flow wp-block-column-is-layout-flow\">\n<p class=\"has-medium-font-size\"><strong>S\u0105lyginis formatavimas<\/strong><\/p>\n\n\n\n<p>Naudokite s\u0105lyginio formatavimo taisykles, kad i\u0161ry\u0161kintum\u0117te svarbias galimybes pagal i\u0161 anksto nustatytus kriterijus. \u0160i funkcija pagerina matomum\u0105 ir nustato prioritetus strateginiam planavimui ir vykdymui. Be to, s\u0105lyginis formatavimas gali i\u0161pl\u0117sti matric\u0105 pagal kit\u0105 dimensij\u0105. Pavyzd\u017eiui, \u012fvertinant kiekvienos galimyb\u0117s \u012fgyvendinamum\u0105 spalviniais kodais. Skirtingi spalv\u0173 atspalviai gal\u0117t\u0173 reik\u0161ti skirtingus galimybi\u0173 \u012fgyvendinamumo lygius. Suinteresuotosioms \u0161alims pateikiamos vertingos \u012f\u017evalgos apie kiekvienos galimyb\u0117s \u012fgyvendinamum\u0105.<\/p>\n<\/div>\n<\/div>\n\n\n\n<div class=\"wp-block-columns is-layout-flex wp-container-core-columns-is-layout-9 wp-block-columns-is-layout-flex\">\n<div class=\"wp-block-column is-vertically-aligned-center is-layout-flow wp-block-column-is-layout-flow\" style=\"flex-basis:150px\">\n<figure class=\"wp-block-image size-full is-resized\"><img loading=\"lazy\" decoding=\"async\" width=\"355\" height=\"218\" src=\"https:\/\/www.leaplytics.de\/wp-content\/uploads\/2024\/04\/Bild2.jpg\" alt=\"\" class=\"wp-image-13323\" style=\"width:128px\" srcset=\"https:\/\/www.leaplytics.de\/wp-content\/uploads\/2024\/04\/Bild2.jpg 355w, https:\/\/www.leaplytics.de\/wp-content\/uploads\/2024\/04\/Bild2-300x184.jpg 300w, https:\/\/www.leaplytics.de\/wp-content\/uploads\/2024\/04\/Bild2-98x60.jpg 98w\" sizes=\"auto, (max-width: 355px) 100vw, 355px\" \/><\/figure>\n<\/div>\n\n\n\n<div class=\"wp-block-column is-layout-flow wp-block-column-is-layout-flow\" style=\"flex-basis:66.66%\">\n<p><strong>Drill-through parinktis, kad gautum\u0117te daugiau \u012f\u017evalg\u0173<\/strong><\/p>\n\n\n\n<p>Nar\u0161ykite po duomen\u0173 sluoksnius naudodami gr\u0119\u017eimo funkcij\u0105. Ji leid\u017eia naudotojams i\u0161tirti pagrindinius veiksnius, daran\u010dius \u012ftak\u0105 kiekvienai galimybei. \u0160i gilinimosi galimyb\u0117 padeda nuodugniai suprasti galimus veiksnius ir pasekmes.<\/p>\n<\/div>\n<\/div>\n\n\n\n<div class=\"wp-block-columns is-layout-flex wp-container-core-columns-is-layout-10 wp-block-columns-is-layout-flex\">\n<div class=\"wp-block-column is-vertically-aligned-center is-layout-flow wp-block-column-is-layout-flow\" style=\"flex-basis:150px\">\n<figure class=\"wp-block-image size-large is-resized\"><img loading=\"lazy\" decoding=\"async\" width=\"1024\" height=\"1024\" src=\"https:\/\/www.leaplytics.de\/wp-content\/uploads\/2022\/05\/Color-Settings-1024x1024.png\" alt=\"\" class=\"wp-image-7710\" style=\"width:128px\" srcset=\"https:\/\/www.leaplytics.de\/wp-content\/uploads\/2022\/05\/Color-Settings-1024x1024.png 1024w, https:\/\/www.leaplytics.de\/wp-content\/uploads\/2022\/05\/Color-Settings-300x300.png 300w, https:\/\/www.leaplytics.de\/wp-content\/uploads\/2022\/05\/Color-Settings-150x150.png 150w, https:\/\/www.leaplytics.de\/wp-content\/uploads\/2022\/05\/Color-Settings-768x768.png 768w, https:\/\/www.leaplytics.de\/wp-content\/uploads\/2022\/05\/Color-Settings-1536x1536.png 1536w, https:\/\/www.leaplytics.de\/wp-content\/uploads\/2022\/05\/Color-Settings-2048x2048.png 2048w, https:\/\/www.leaplytics.de\/wp-content\/uploads\/2022\/05\/Color-Settings-370x370.png 370w, https:\/\/www.leaplytics.de\/wp-content\/uploads\/2022\/05\/Color-Settings-60x60.png 60w, https:\/\/www.leaplytics.de\/wp-content\/uploads\/2022\/05\/Color-Settings-600x600.png 600w, https:\/\/www.leaplytics.de\/wp-content\/uploads\/2022\/05\/Color-Settings-100x100.png 100w\" sizes=\"auto, (max-width: 1024px) 100vw, 1024px\" \/><\/figure>\n<\/div>\n\n\n\n<div class=\"wp-block-column is-layout-flow wp-block-column-is-layout-flow\" style=\"flex-basis:66.66%\">\n<p><strong>Pasirinktinis spalv\u0173 dizainas<\/strong><\/p>\n\n\n\n<p>Personalizuokite matric\u0105 naudodami pasirinktines spalv\u0173 schemas. Tai padeda u\u017etikrinti ai\u0161kum\u0105 ir leid\u017eia pritaikyti prie individuali\u0173 reikalavim\u0173.<\/p>\n<\/div>\n<\/div>\n\n\n\n<div class=\"wp-block-columns is-layout-flex wp-container-core-columns-is-layout-11 wp-block-columns-is-layout-flex\">\n<div class=\"wp-block-column is-vertically-aligned-center is-layout-flow wp-block-column-is-layout-flow\" style=\"flex-basis:150px\">\n<figure class=\"wp-block-image size-large\"><img loading=\"lazy\" decoding=\"async\" width=\"1024\" height=\"1018\" src=\"https:\/\/www.leaplytics.de\/wp-content\/uploads\/2022\/06\/Axis-Settings-1024x1018.png\" alt=\"\" class=\"wp-image-8460\" srcset=\"https:\/\/www.leaplytics.de\/wp-content\/uploads\/2022\/06\/Axis-Settings-1024x1018.png 1024w, https:\/\/www.leaplytics.de\/wp-content\/uploads\/2022\/06\/Axis-Settings-300x298.png 300w, https:\/\/www.leaplytics.de\/wp-content\/uploads\/2022\/06\/Axis-Settings-150x150.png 150w, https:\/\/www.leaplytics.de\/wp-content\/uploads\/2022\/06\/Axis-Settings-768x763.png 768w, https:\/\/www.leaplytics.de\/wp-content\/uploads\/2022\/06\/Axis-Settings-1536x1527.png 1536w, https:\/\/www.leaplytics.de\/wp-content\/uploads\/2022\/06\/Axis-Settings-60x60.png 60w, https:\/\/www.leaplytics.de\/wp-content\/uploads\/2022\/06\/Axis-Settings.png 1827w\" sizes=\"auto, (max-width: 1024px) 100vw, 1024px\" \/><\/figure>\n<\/div>\n\n\n\n<div class=\"wp-block-column is-layout-flow wp-block-column-is-layout-flow\" style=\"flex-basis:66.66%\">\n<p><strong>Pritaikomi tinklelio, a\u0161i\u0173 ir indikatori\u0173 nustatymai<\/strong><\/p>\n\n\n\n<p>Pritaikykite matricos i\u0161d\u0117stym\u0105, kad jis atitikt\u0173 organizacijos pageidavimus ir konkre\u010dius projekto reikalavimus. Sureguliuokite tinklelio linijas, a\u0161i\u0173 etiketes ir indikatori\u0173 \u017eymeklius, kad b\u016bt\u0173 kuo geriau skaitoma ir ai\u0161kiau.<\/p>\n<\/div>\n<\/div>\n\n\n\n<div class=\"wp-block-buttons is-layout-flex wp-block-buttons-is-layout-flex\">\n<div class=\"wp-block-button has-custom-font-size\" style=\"font-size:18px\"><a class=\"wp-block-button__link has-background wp-element-button\" href=\"https:\/\/www.leaplytics.de\/lt\/titulinis-puslapis\/projektu-valdymas-pasirinktiniai-vaizdai-microsoft-powerbi\/rizikos-silumos-zemelapio-pasirinktinis-vaizdas-skirtas-power-bi\/\" style=\"background-color:#22316d\">Spustel\u0117kite \u010dia, jei norite patekti \u012f m\u016bs\u0173 \"Power BI\" pritaikyt\u0105 vizualin\u0119 \"Rizikos matric\u0105\"!<\/a><\/div>\n<\/div>\n\n\n\n<figure class=\"wp-block-image size-full\"><img loading=\"lazy\" decoding=\"async\" width=\"152\" height=\"37\" src=\"https:\/\/www.leaplytics.de\/wp-content\/uploads\/2022\/05\/PBI-Certified.png\" alt=\"\" class=\"wp-image-8358\" srcset=\"https:\/\/www.leaplytics.de\/wp-content\/uploads\/2022\/05\/PBI-Certified.png 152w, https:\/\/www.leaplytics.de\/wp-content\/uploads\/2022\/05\/PBI-Certified-150x37.png 150w\" sizes=\"auto, (max-width: 152px) 100vw, 152px\" \/><\/figure>\n\n\n\n<p><\/p>\n\n\n\n<h3 class=\"wp-block-heading has-medium-font-size\"><strong>Konkurencinio prana\u0161umo atskleidimas<\/strong><\/h3>\n\n\n\n<p>Naudodamosi galimybi\u0173 matrica \u012fmon\u0117s \u012fgyja strategin\u012f prana\u0161um\u0105 \u0161iuolaikin\u0117je rinkoje. Aktyvus galimybi\u0173 nustatymas ir valdymas skatina inovacijas, augim\u0105 ir tvar\u0173 prana\u0161um\u0105. \"Power BI\" \"Opportunity Matrix\" leid\u017eia \u012fmon\u0117ms valdyti galimybes naudojant intuityvias funkcijas.<\/p>\n\n\n\n<h3 class=\"wp-block-heading has-medium-font-size\"><strong>I\u0161vada<\/strong><\/h3>\n\n\n\n<p>Galimybi\u0173 matrica yra galinga strategini\u0173 sprendim\u0173 pri\u0117mimo priemon\u0117. Ji padeda organizacijoms siekti tvaraus konkurencinio prana\u0161umo. Tur\u0117dama patikimas funkcijas, ji suteikia organizacijoms galimyb\u0119 klest\u0117ti konkurencingoje rinkoje. Pasinaudokite ja augimui ir naujov\u0117ms, atskleisdami pasl\u0117pt\u0105 potencial\u0105.<\/p>","protected":false},"excerpt":{"rendered":"<p>For project and risk managers, harnessing opportunities is just as crucial as mitigating risks. By adapting our Risk Matrix visual for Power BI, we can convert it into an Opportunity Matrix. This approach empowers to identify and capitalize on opportunities that drive competitive advantage. Why Opportunity Management Matters Opportunity management is essential for businesses seeking &hellip; <\/p>","protected":false},"author":55,"featured_media":13426,"parent":0,"menu_order":0,"comment_status":"closed","ping_status":"closed","template":"","meta":{"footnotes":""},"class_list":["post-13321","page","type-page","status-publish","has-post-thumbnail","hentry","latest_post"],"_links":{"self":[{"href":"https:\/\/www.leaplytics.de\/lt\/wp-json\/wp\/v2\/pages\/13321","targetHints":{"allow":["GET"]}}],"collection":[{"href":"https:\/\/www.leaplytics.de\/lt\/wp-json\/wp\/v2\/pages"}],"about":[{"href":"https:\/\/www.leaplytics.de\/lt\/wp-json\/wp\/v2\/types\/page"}],"author":[{"embeddable":true,"href":"https:\/\/www.leaplytics.de\/lt\/wp-json\/wp\/v2\/users\/55"}],"replies":[{"embeddable":true,"href":"https:\/\/www.leaplytics.de\/lt\/wp-json\/wp\/v2\/comments?post=13321"}],"version-history":[{"count":11,"href":"https:\/\/www.leaplytics.de\/lt\/wp-json\/wp\/v2\/pages\/13321\/revisions"}],"predecessor-version":[{"id":13424,"href":"https:\/\/www.leaplytics.de\/lt\/wp-json\/wp\/v2\/pages\/13321\/revisions\/13424"}],"wp:featuredmedia":[{"embeddable":true,"href":"https:\/\/www.leaplytics.de\/lt\/wp-json\/wp\/v2\/media\/13426"}],"wp:attachment":[{"href":"https:\/\/www.leaplytics.de\/lt\/wp-json\/wp\/v2\/media?parent=13321"}],"curies":[{"name":"wp","href":"https:\/\/api.w.org\/{rel}","templated":true}]}}