{"id":1342,"date":"2021-03-02T22:53:22","date_gmt":"2021-03-02T21:53:22","guid":{"rendered":"https:\/\/www.leaplytics.de\/?page_id=1342"},"modified":"2022-06-15T15:04:53","modified_gmt":"2022-06-15T13:04:53","slug":"rizikos-silumos-zemelapis-qliksense-pasiulymas","status":"publish","type":"page","link":"https:\/\/www.leaplytics.de\/lt\/rizikos-silumos-zemelapis-qliksense-pasiulymas\/","title":{"rendered":"Rizikos \u0161ilumos \u017eem\u0117lapis \"Qlik Sense\" pasi\u016blymas"},"content":{"rendered":"<div class=\"wp-block-image\">\n<figure class=\"aligncenter size-full is-resized\"><img loading=\"lazy\" decoding=\"async\" src=\"https:\/\/www.leaplytics.de\/wp-content\/uploads\/2022\/03\/risk-heatmap-power-bi.png\" alt=\"\" class=\"wp-image-4072\" width=\"283\" height=\"240\" srcset=\"https:\/\/www.leaplytics.de\/wp-content\/uploads\/2022\/03\/risk-heatmap-power-bi.png 566w, https:\/\/www.leaplytics.de\/wp-content\/uploads\/2022\/03\/risk-heatmap-power-bi-300x254.png 300w, https:\/\/www.leaplytics.de\/wp-content\/uploads\/2022\/03\/risk-heatmap-power-bi-71x60.png 71w\" sizes=\"auto, (max-width: 283px) 100vw, 283px\" \/><\/figure><\/div>\n\n\n<div style=\"height:50px\" aria-hidden=\"true\" class=\"wp-block-spacer\"><\/div>\n\n\n\n<div class=\"wp-block-columns alignwide is-layout-flex wp-container-core-columns-is-layout-1 wp-block-columns-is-layout-flex\">\n<div class=\"wp-block-column has-text-color has-background has-link-color wp-elements-4cbab37e52d99c67b95a975d02fd8b03 is-layout-flow wp-block-column-is-layout-flow\" style=\"background-color:#eeeeee;color:#000000;padding-top:2em;padding-right:2em;padding-bottom:2em;padding-left:2em\">\n<h2 class=\"wp-block-heading\" id=\"single\" style=\"font-size:40px\"><strong>NEMOKAMA versija<\/strong><\/h2>\n\n\n\n<div style=\"height:10px\" aria-hidden=\"true\" class=\"wp-block-spacer\"><\/div>\n\n\n\n<p class=\"has-normal-font-size\" style=\"line-height:1.5\">NEMOKAMA \"LeapLytics\" versija - \"Risk Heatmap\" yra nemokama, su vandens \u017eenklu ir ribotomis funkcijomis.<\/p>\n\n\n\n<div style=\"height:10px\" aria-hidden=\"true\" class=\"wp-block-spacer\"><\/div>\n\n\n\n<hr class=\"wp-block-separator has-text-color has-css-opacity has-background is-style-wide\" style=\"background-color:#000000;color:#000000\"\/>\n\n\n\n<div style=\"height:10px\" aria-hidden=\"true\" class=\"wp-block-spacer\"><\/div>\n\n\n\n<p><i class=\"fas fa-times\"><\/i> Pa\u0161alintas vandens \u017eenklas<\/p>\n\n\n\n<p><i class=\"fas fa-times\"><\/i> Individualus tinklelio dydis<\/p>\n\n\n\n<p><i class=\"fas fa-times\"><\/i> Naudotojo nustatyta spalv\u0173 schema<\/p>\n\n\n\n<p><i class=\"fas fa-times\"><\/i> Spalv\u0173 keitiklis<\/p>\n\n\n\n<p><i class=\"fas fa-times\"><\/i> Rib\u0173 nustatymai<\/p>\n\n\n\n<p><i class=\"fas fa-times\"><\/i> A\u0161ies nustatymai<\/p>\n\n\n\n<p><i class=\"fas fa-times\"><\/i> Indikatoriaus nustatymai<\/p>\n\n\n\n<p><i class=\"fas fa-times\"><\/i> Teksto nustatymai<\/p>\n\n\n\n<p><i class=\"fas fa-times\"><\/i> Spalv\u0173 nustatymai<\/p>\n\n\n\n<p><i class=\"fas fa-times\"><\/i> Nar\u0161ymas ir veiksmai<\/p>\n\n\n\n<p><i class=\"fas fa-times\"><\/i> Spausdintinas*<\/p>\n\n\n\n<div style=\"height:10px\" aria-hidden=\"true\" class=\"wp-block-spacer\"><\/div>\n\n\n\n<div class=\"wp-block-buttons alignfull is-horizontal is-content-justification-center is-layout-flex wp-container-core-buttons-is-layout-1 wp-block-buttons-is-layout-flex\">\n<div class=\"wp-block-button\"><a class=\"wp-block-button__link has-white-color has-text-color\" href=\"https:\/\/developer.qlik.com\/garden\/5fd6531adae7960011eb30ec\" target=\"_blank\" rel=\"noreferrer noopener\">Gaukite nemokam\u0105 versij\u0105<\/a><\/div>\n<\/div>\n\n\n\n<div style=\"height:20px\" aria-hidden=\"true\" class=\"wp-block-spacer\"><\/div>\n\n\n\n<p class=\"has-text-align-center has-text-color\" style=\"color:#98bd00\"><em><strong>Jau naudojate NEMOKAM\u0104 \u0161io pl\u0117tinio versij\u0105. <\/strong><\/em><\/p>\n<\/div>\n\n\n\n<div class=\"wp-block-column has-text-color has-background has-link-color wp-elements-deba5d9a51dfbae959217a0dabf93cd8 is-layout-flow wp-block-column-is-layout-flow\" style=\"background-color:#98bd00;color:#000000;padding-top:2em;padding-right:2em;padding-bottom:2em;padding-left:2em\">\n<h2 class=\"has-black-color has-text-color wp-block-heading\" id=\"family\" style=\"font-size:40px\"><strong>PRO versija<\/strong><\/h2>\n\n\n\n<div style=\"height:10px\" aria-hidden=\"true\" class=\"wp-block-spacer\"><\/div>\n\n\n\n<p class=\"has-normal-font-size\" style=\"line-height:1.5\">\"LeapLytics\" PRO versija - \"Risk Heatmap\" pa\u0161alina vandens \u017eenkl\u0105 ir visus apribojimus, kad b\u016bt\u0173 i\u0161naudota visa \u0161io pl\u0117tinio galia.<\/p>\n\n\n\n<div style=\"height:10px\" aria-hidden=\"true\" class=\"wp-block-spacer\"><\/div>\n\n\n\n<hr class=\"wp-block-separator has-text-color has-black-color has-css-opacity has-black-background-color has-background is-style-wide\"\/>\n\n\n\n<div style=\"height:10px\" aria-hidden=\"true\" class=\"wp-block-spacer\"><\/div>\n\n\n\n<p><i class=\"fas fa-check\"><\/i>  Pa\u0161alintas vandens \u017eenklas<\/p>\n\n\n\n<p><i class=\"fas fa-check\"><\/i>  Individualus tinklelio dydis<\/p>\n\n\n\n<p><i class=\"fas fa-check\"><\/i>  Naudotojo nustatyta spalv\u0173 schema<\/p>\n\n\n\n<p><i class=\"fas fa-check\"><\/i>  Spalv\u0173 keitiklis<\/p>\n\n\n\n<p><i class=\"fas fa-check\"><\/i>  Rib\u0173 nustatymai<\/p>\n\n\n\n<p><i class=\"fas fa-check\"><\/i>  A\u0161ies nustatymai<\/p>\n\n\n\n<p><i class=\"fas fa-check\"><\/i>  Indikatoriaus nustatymai<\/p>\n\n\n\n<p><i class=\"fas fa-check\"><\/i>  Teksto nustatymai<\/p>\n\n\n\n<p><i class=\"fas fa-check\"><\/i>  Spalv\u0173 nustatymai<\/p>\n\n\n\n<p><i class=\"fas fa-check\"><\/i>  Nar\u0161ymas ir veiksmai<\/p>\n\n\n\n<p><i class=\"fas fa-check\"><\/i>  Spausdintinas*<\/p>\n\n\n\n<div class=\"wp-block-buttons is-layout-flex wp-block-buttons-is-layout-flex\">\n<div class=\"wp-block-button aligncenter\"><a class=\"wp-block-button__link\" href=\"https:\/\/shop.leaplytics.de\/product\/power-bi-risk-heatmap\/\">Pirkti PRO versij\u0105<\/a><\/div>\n<\/div>\n\n\n\n<div style=\"height:10px\" aria-hidden=\"true\" class=\"wp-block-spacer\"><\/div>\n\n\n\n<div class=\"wp-block-buttons alignfull is-horizontal is-content-justification-center is-layout-flex wp-container-core-buttons-is-layout-3 wp-block-buttons-is-layout-flex\">\n<div class=\"wp-block-button\"><a class=\"wp-block-button__link has-white-color has-text-color\" href=\"https:\/\/www.leaplytics.de\/lt\/rizikos-silumos-zemelapis-qliksense-pasiulymas\/?utm_source=risk-heatmap&amp;utm_medium=extension&amp;utm_campaign=modal\/#contact\">I\u0161bandykite PRO versij\u0105<\/a><\/div>\n<\/div>\n<\/div>\n<\/div>\n\n\n\n<p> * \u017er. <a href=\"https:\/\/community.qlik.com\/t5\/Knowledge\/Qlik-Sense-Enterprise-SaaS-Third-party-extensions-cannot-be\/ta-p\/1755264\">\"QlikSense\" apribojimai <\/a> <\/p>\n\n\n\n<div style=\"height:50px\" aria-hidden=\"true\" class=\"wp-block-spacer\"><\/div>\n\n\n\n<hr class=\"wp-block-separator has-text-color has-cyan-bluish-gray-color has-css-opacity has-cyan-bluish-gray-background-color has-background\"\/>\n\n\n\n<div style=\"height:50px\" aria-hidden=\"true\" class=\"wp-block-spacer\"><\/div>\n\n\n\n<h2 class=\"wp-block-heading\" id=\"contact\">I\u0161bandykite prie\u0161 pirkdami! <\/h2>\n\n\n\n<div style=\"height:10px\" aria-hidden=\"true\" class=\"wp-block-spacer\"><\/div>\n\n\n\n<h4 class=\"wp-block-heading\" id=\"contact\">U\u017esisakykite asmenin\u0119 2 savai\u010di\u0173 bandom\u0105j\u0105 licencij\u0105 dabar!<\/h4>\n\n\n\n<div style=\"height:50px\" aria-hidden=\"true\" class=\"wp-block-spacer\"><\/div>\n\n\n\n<div class=\"wpcf7 no-js\" id=\"wpcf7-f8631-o1\" lang=\"de-DE\" dir=\"ltr\" data-wpcf7-id=\"8631\">\n<div class=\"screen-reader-response\"><p role=\"status\" aria-live=\"polite\" aria-atomic=\"true\"><\/p> <ul><\/ul><\/div>\n<form action=\"\/lt\/wp-json\/wp\/v2\/pages\/1342#wpcf7-f8631-o1\" method=\"post\" class=\"wpcf7-form init\" aria-label=\"Kontaktformular\" novalidate=\"novalidate\" data-status=\"init\" data-trp-original-action=\"\/lt\/wp-json\/wp\/v2\/pages\/1342#wpcf7-f8631-o1\">\n<fieldset class=\"hidden-fields-container\"><input type=\"hidden\" name=\"_wpcf7\" value=\"8631\" \/><input type=\"hidden\" name=\"_wpcf7_version\" value=\"6.1.1\" \/><input type=\"hidden\" name=\"_wpcf7_locale\" value=\"de_DE\" \/><input type=\"hidden\" name=\"_wpcf7_unit_tag\" value=\"wpcf7-f8631-o1\" \/><input type=\"hidden\" name=\"_wpcf7_container_post\" value=\"0\" \/><input type=\"hidden\" name=\"_wpcf7_posted_data_hash\" value=\"\" \/><input type=\"hidden\" name=\"_wpcf7_recaptcha_response\" value=\"\" \/>\n<\/fieldset>\n<p><label> Vardas (*)<br \/>\n<span class=\"wpcf7-form-control-wrap\" data-name=\"first-name\"><input size=\"40\" maxlength=\"400\" class=\"wpcf7-form-control wpcf7-text wpcf7-validates-as-required\" aria-required=\"true\" aria-invalid=\"false\" value=\"\" type=\"text\" name=\"first-name\" \/><\/span><\/label>\n<\/p>\n<p><label> Pavard\u0117 (*)<br \/>\n<span class=\"wpcf7-form-control-wrap\" data-name=\"your-name\"><input size=\"40\" maxlength=\"400\" class=\"wpcf7-form-control wpcf7-text wpcf7-validates-as-required\" aria-required=\"true\" aria-invalid=\"false\" value=\"\" type=\"text\" name=\"your-name\" \/><\/span> <\/label>\n<\/p>\n<p><label> E. pa\u0161tas (*)<br \/>\n<span class=\"wpcf7-form-control-wrap\" data-name=\"your-email\"><input size=\"40\" maxlength=\"400\" class=\"wpcf7-form-control wpcf7-email wpcf7-validates-as-required wpcf7-text wpcf7-validates-as-email\" aria-required=\"true\" aria-invalid=\"false\" value=\"\" type=\"email\" name=\"your-email\" \/><\/span> <\/label>\n<\/p>\n<p><label> \u012emon\u0117 (*)<br \/>\n<span class=\"wpcf7-form-control-wrap\" data-name=\"Company\"><input size=\"40\" maxlength=\"400\" class=\"wpcf7-form-control wpcf7-text wpcf7-validates-as-required\" aria-required=\"true\" aria-invalid=\"false\" value=\"\" type=\"text\" name=\"Company\" \/><\/span> <\/label>\n<\/p>\n<p><label> J\u016bs\u0173 \u017einut\u0117 arba komentarai<br \/>\n<span class=\"wpcf7-form-control-wrap\" data-name=\"your-message\"><textarea cols=\"40\" rows=\"10\" maxlength=\"2000\" class=\"wpcf7-form-control wpcf7-textarea\" aria-invalid=\"false\" name=\"your-message\"><\/textarea><\/span> <\/label>\n<\/p>\n<p><b>Atkreipkite d\u0117mes\u012f:<\/b> Jei tai darote <u>nematyti<\/u> \u017eemiau esant\u012f mygtuk\u0105 \"Si\u0173sti\", turite <u>nepriimtas<\/u> m\u016bs\u0173 privatumo politika. Tod\u0117l mums neleid\u017eiama rinkti j\u016bs\u0173 duomen\u0173 \u0161ia forma. Para\u0161ykite mums de\u0161in\u0117je esan\u010diame pokalbyje arba i\u0161trinkite slapukus nar\u0161ykl\u0117je (Ctrl + Shift + Delete) ir i\u0161 naujo \u012fk\u0117l\u0119 puslap\u012f sutikite su privatumo politika.\n<\/p><div class=\"wpcf7-response-output\" aria-hidden=\"true\"><\/div>\n<input type=\"hidden\" name=\"trp-form-language\" value=\"lt\"\/><\/form>\n<\/div>","protected":false},"excerpt":{"rendered":"<p>FREE Version The FREE Version of LeapLytics &#8211; Risk Heatmap is free to use with watermark and limited functionality. Watermark removed Individual Grid Size User Defined Color Scheme Color Inverter Border Settings Axis Settings Indicator Settings Text Settings Color Settings Navigations &amp; Actions Printable* You are already using the FREE version of this extension. PRO &hellip; <\/p>","protected":false},"author":1,"featured_media":0,"parent":0,"menu_order":0,"comment_status":"closed","ping_status":"closed","template":"","meta":{"footnotes":""},"class_list":["post-1342","page","type-page","status-publish","hentry","latest_post"],"_links":{"self":[{"href":"https:\/\/www.leaplytics.de\/lt\/wp-json\/wp\/v2\/pages\/1342","targetHints":{"allow":["GET"]}}],"collection":[{"href":"https:\/\/www.leaplytics.de\/lt\/wp-json\/wp\/v2\/pages"}],"about":[{"href":"https:\/\/www.leaplytics.de\/lt\/wp-json\/wp\/v2\/types\/page"}],"author":[{"embeddable":true,"href":"https:\/\/www.leaplytics.de\/lt\/wp-json\/wp\/v2\/users\/1"}],"replies":[{"embeddable":true,"href":"https:\/\/www.leaplytics.de\/lt\/wp-json\/wp\/v2\/comments?post=1342"}],"version-history":[{"count":0,"href":"https:\/\/www.leaplytics.de\/lt\/wp-json\/wp\/v2\/pages\/1342\/revisions"}],"wp:attachment":[{"href":"https:\/\/www.leaplytics.de\/lt\/wp-json\/wp\/v2\/media?parent=1342"}],"curies":[{"name":"wp","href":"https:\/\/api.w.org\/{rel}","templated":true}]}}