{"id":13482,"date":"2024-06-03T18:15:40","date_gmt":"2024-06-03T16:15:40","guid":{"rendered":"https:\/\/www.leaplytics.de\/?page_id=13482"},"modified":"2024-06-03T18:15:41","modified_gmt":"2024-06-03T16:15:41","slug":"10-geriausiu-rizikos-valdymo-irankiu-kuriuos-2024-m-turetu-zinoti-kiekvienas-projektu-vadovas","status":"publish","type":"page","link":"https:\/\/www.leaplytics.de\/lt\/10-geriausiu-rizikos-valdymo-irankiu-kuriuos-2024-m-turetu-zinoti-kiekvienas-projektu-vadovas\/","title":{"rendered":"Rizikos valdymo \u012frankiai - 10 geriausi\u0173, kuriuos 2024 m. tur\u0117t\u0173 \u017einoti kiekvienas projekto vadovas"},"content":{"rendered":"<p>Netik\u0117tos problemos arba rizika da\u017enai gali su\u017elugdyti net geriausiai parengtus projekto planus. Tod\u0117l kiekvienam projekto vadovui labai svarbu veiksmingai valdyti rizik\u0105. Naudodami tinkamas priemones ir metodus, galite anksti nustatyti, \u012fvertinti ir suma\u017einti rizik\u0105. \u0160tai 10 svarbiausi\u0173 rizikos valdymo priemoni\u0173 ir metod\u0173, apie kuriuos tur\u0117t\u0173 \u017einoti kiekvienas projekto vadovas:<\/p>\n\n\n\n<div class=\"wp-block-columns is-layout-flex wp-container-core-columns-is-layout-1 wp-block-columns-is-layout-flex\">\n<div class=\"wp-block-column is-vertically-aligned-center is-layout-flow wp-block-column-is-layout-flow\" style=\"flex-basis:150px\"><div class=\"wp-block-image wp-duotone-rgb949494-ffffff-1\">\n<figure class=\"aligncenter size-full is-resized\"><img loading=\"lazy\" decoding=\"async\" width=\"640\" height=\"427\" src=\"https:\/\/www.leaplytics.de\/wp-content\/uploads\/2024\/05\/excel-logo-8033473_640.webp\" alt=\"\" class=\"wp-image-13483\" style=\"width:170px\" srcset=\"https:\/\/www.leaplytics.de\/wp-content\/uploads\/2024\/05\/excel-logo-8033473_640.webp 640w, https:\/\/www.leaplytics.de\/wp-content\/uploads\/2024\/05\/excel-logo-8033473_640-300x200.webp 300w, https:\/\/www.leaplytics.de\/wp-content\/uploads\/2024\/05\/excel-logo-8033473_640-90x60.webp 90w\" sizes=\"auto, (max-width: 640px) 100vw, 640px\" \/><\/figure><\/div><\/div>\n\n\n\n<div class=\"wp-block-column is-layout-flow wp-block-column-is-layout-flow\" style=\"flex-basis:66.66%\">\n<p><strong>\"Microsoft Excel<\/strong><\/p>\n\n\n\n<p>\"Microsoft Excel\" yra pagrindin\u0117 rizikos valdymo priemon\u0117. Ji patogi naudoti ir pla\u010diai prieinama. Su \"Excel\" projekt\u0173 vadovai gali sudaryti i\u0161samius galim\u0173 rizik\u0173 s\u0105ra\u0161us ir steb\u0117ti j\u0173 b\u016bkl\u0119 per vis\u0105 projekto gyvavimo cikl\u0105. Pavyzd\u017eiui, galite naudoti \"Excel\", kad i\u0161vardytum\u0117te visas galimas projekto rizikas ir nubr\u0117\u017etum\u0117te strategijas kiekvienai i\u0161 j\u0173 \u012fveikti. Tikrasis \"Excel\" potencialas atsiskleid\u017eia tada, kai ji veikia kartu su kitais galingais \u012frankiais.<\/p>\n<\/div>\n<\/div>\n\n\n\n<div class=\"wp-block-columns is-layout-flex wp-container-core-columns-is-layout-2 wp-block-columns-is-layout-flex\">\n<div class=\"wp-block-column is-vertically-aligned-center is-layout-flow wp-block-column-is-layout-flow\" style=\"flex-basis:150px\"><div class=\"wp-block-image wp-duotone-grayscale\">\n<figure class=\"aligncenter size-full is-resized\"><img loading=\"lazy\" decoding=\"async\" width=\"225\" height=\"300\" src=\"https:\/\/www.leaplytics.de\/wp-content\/uploads\/2024\/05\/power-bi-icon-logo-E1B451ED39-seeklogo.com_.png\" alt=\"\" class=\"wp-image-13484\" style=\"width:76px;height:auto\" srcset=\"https:\/\/www.leaplytics.de\/wp-content\/uploads\/2024\/05\/power-bi-icon-logo-E1B451ED39-seeklogo.com_.png 225w, https:\/\/www.leaplytics.de\/wp-content\/uploads\/2024\/05\/power-bi-icon-logo-E1B451ED39-seeklogo.com_-45x60.png 45w\" sizes=\"auto, (max-width: 225px) 100vw, 225px\" \/><\/figure><\/div><\/div>\n\n\n\n<div class=\"wp-block-column is-layout-flow wp-block-column-is-layout-flow\" style=\"flex-basis:66.66%\">\n<p><strong>\"Microsoft Power BI<\/strong><\/p>\n\n\n\n<p>\"Power BI\" - tai galingas duomen\u0173 vizualizavimo \u012frankis, kuris sud\u0117tingus duomenis paver\u010dia \u012f\u017evalgiais vaizdais. \"Excel\" ir \"Power BI\" puikiai dera. \"Excel\" padeda saugoti ir tvarkyti duomenis, o \"Power BI\" padeda kurti interaktyvias ataskait\u0173 vizualizacijas. Tokiose interaktyviose informacin\u0117se lentel\u0117se i\u0161ry\u0161k\u0117ja j\u016bs\u0173 rizika ir poveikis. \u012esivaizduokite, kad spalvotomis diagramomis parodysite naujausio projekto rizik\u0105, kad visiems b\u016bt\u0173 lengviau suprasti ir veikti.<\/p>\n<\/div>\n<\/div>\n\n\n\n<div class=\"wp-block-columns is-layout-flex wp-container-core-columns-is-layout-3 wp-block-columns-is-layout-flex\">\n<div class=\"wp-block-column is-vertically-aligned-center is-layout-flow wp-block-column-is-layout-flow\" style=\"flex-basis:150px\"><div class=\"wp-block-image wp-duotone-858585-ffffff-2\">\n<figure class=\"aligncenter size-full is-resized\"><img loading=\"lazy\" decoding=\"async\" width=\"96\" height=\"96\" src=\"https:\/\/www.leaplytics.de\/wp-content\/uploads\/2024\/05\/Bild1.svg_.jpg\" alt=\"\" class=\"wp-image-13485\" style=\"width:120px\" srcset=\"https:\/\/www.leaplytics.de\/wp-content\/uploads\/2024\/05\/Bild1.svg_.jpg 96w, https:\/\/www.leaplytics.de\/wp-content\/uploads\/2024\/05\/Bild1.svg_-60x60.jpg 60w\" sizes=\"auto, (max-width: 96px) 100vw, 96px\" \/><\/figure><\/div><\/div>\n\n\n\n<div class=\"wp-block-column is-layout-flow wp-block-column-is-layout-flow\" style=\"flex-basis:66.66%\">\n<p><strong>Rizikos registras<\/strong><\/p>\n\n\n\n<p>Rizikos registras yra labai svarbus rizikos valdymo dokumentas. Jis padeda projekt\u0173 vadovams vienoje vietoje laikyti visas nustatytas rizikas. \u012esivaizduokite j\u012f kaip i\u0161sami\u0105 u\u017era\u0161\u0173 knygel\u0119, kurioje u\u017efiksuotos visos galimos problemos ir atitinkamos j\u0173 ma\u017einimo strategijos. Taip u\u017etikrinama, kad rizika nebus pamir\u0161ta ir bus nuolat stebima.<\/p>\n<\/div>\n<\/div>\n\n\n\n<div class=\"wp-block-columns is-layout-flex wp-container-core-columns-is-layout-4 wp-block-columns-is-layout-flex\">\n<div class=\"wp-block-column is-vertically-aligned-center is-layout-flow wp-block-column-is-layout-flow\" style=\"flex-basis:150px\"><div class=\"wp-block-image wp-duotone-unset-3\">\n<figure class=\"aligncenter size-full is-resized\"><img loading=\"lazy\" decoding=\"async\" width=\"1827\" height=\"1816\" src=\"https:\/\/www.leaplytics.de\/wp-content\/uploads\/2022\/06\/Axis-Settings.png\" alt=\"\" class=\"wp-image-8460\" style=\"width:110px\" srcset=\"https:\/\/www.leaplytics.de\/wp-content\/uploads\/2022\/06\/Axis-Settings.png 1827w, https:\/\/www.leaplytics.de\/wp-content\/uploads\/2022\/06\/Axis-Settings-300x298.png 300w, https:\/\/www.leaplytics.de\/wp-content\/uploads\/2022\/06\/Axis-Settings-1024x1018.png 1024w, https:\/\/www.leaplytics.de\/wp-content\/uploads\/2022\/06\/Axis-Settings-150x150.png 150w, https:\/\/www.leaplytics.de\/wp-content\/uploads\/2022\/06\/Axis-Settings-768x763.png 768w, https:\/\/www.leaplytics.de\/wp-content\/uploads\/2022\/06\/Axis-Settings-1536x1527.png 1536w, https:\/\/www.leaplytics.de\/wp-content\/uploads\/2022\/06\/Axis-Settings-60x60.png 60w\" sizes=\"auto, (max-width: 1827px) 100vw, 1827px\" \/><\/figure><\/div><\/div>\n\n\n\n<div class=\"wp-block-column is-layout-flow wp-block-column-is-layout-flow\" style=\"flex-basis:66.66%\">\n<p><strong>Rizikos matrica<\/strong><\/p>\n\n\n\n<p>Rizikos matrica yra vaizdin\u0117 priemon\u0117, padedanti projekt\u0173 vadovams nustatyti rizikos prioritetus pagal jos tikimyb\u0119 ir poveik\u012f. Matricoje pavaizdav\u0119 rizikos veiksnius, galite greitai pamatyti, kuriems i\u0161 j\u0173 reikia nedelsiant skirti d\u0117mesio. Rizikos matrica yra tik viena i\u0161 vaizdini\u0173 priemoni\u0173, kurios tur\u0117t\u0173 b\u016bti kiekvieno rizikos valdytojo \"Power BI\" prietais\u0173 skydelio dalis.<\/p>\n<\/div>\n<\/div>\n\n\n\n<div class=\"wp-block-columns is-layout-flex wp-container-core-columns-is-layout-5 wp-block-columns-is-layout-flex\">\n<div class=\"wp-block-column is-vertically-aligned-center is-layout-flow wp-block-column-is-layout-flow\" style=\"flex-basis:150px\"><div class=\"wp-block-image wp-duotone-858585-ffffff-4\">\n<figure class=\"aligncenter size-full is-resized\"><img loading=\"lazy\" decoding=\"async\" width=\"500\" height=\"500\" src=\"https:\/\/www.leaplytics.de\/wp-content\/uploads\/2024\/05\/kisspng-computer-icons-normal-distribution-probability-dis-5adcdc96034e34.1804701715244238300136-removebg-preview.png\" alt=\"\" class=\"wp-image-13487\" style=\"width:110px\" srcset=\"https:\/\/www.leaplytics.de\/wp-content\/uploads\/2024\/05\/kisspng-computer-icons-normal-distribution-probability-dis-5adcdc96034e34.1804701715244238300136-removebg-preview.png 500w, https:\/\/www.leaplytics.de\/wp-content\/uploads\/2024\/05\/kisspng-computer-icons-normal-distribution-probability-dis-5adcdc96034e34.1804701715244238300136-removebg-preview-300x300.png 300w, https:\/\/www.leaplytics.de\/wp-content\/uploads\/2024\/05\/kisspng-computer-icons-normal-distribution-probability-dis-5adcdc96034e34.1804701715244238300136-removebg-preview-150x150.png 150w, https:\/\/www.leaplytics.de\/wp-content\/uploads\/2024\/05\/kisspng-computer-icons-normal-distribution-probability-dis-5adcdc96034e34.1804701715244238300136-removebg-preview-370x370.png 370w, https:\/\/www.leaplytics.de\/wp-content\/uploads\/2024\/05\/kisspng-computer-icons-normal-distribution-probability-dis-5adcdc96034e34.1804701715244238300136-removebg-preview-60x60.png 60w\" sizes=\"auto, (max-width: 500px) 100vw, 500px\" \/><\/figure><\/div><\/div>\n\n\n\n<div class=\"wp-block-column is-layout-flow wp-block-column-is-layout-flow\" style=\"flex-basis:66.66%\">\n<p><strong>Monte Karlo modeliavimas<\/strong><\/p>\n\n\n\n<p>Monte Karlo modeliavimas yra pa\u017eangesn\u0117 priemon\u0117, kurioje rizikos poveikiui prognozuoti taikomi statistiniai metodai. Tai tarsi daug kart\u0173 mesti kauliuk\u0105, kad pamatytum\u0117te da\u017eniausiai pasitaikan\u010dius rezultatus. \u0160i priemon\u0117 padeda numatyti galimas problemas ir atitinkamai planuoti. Monte Karlo modeliavimas ypa\u010d naudingas sud\u0117tingiems projektams, kuriuose yra daug kintam\u0173j\u0173. \u012egyvendinant Monte Karlo modeliavim\u0105, jums pad\u0117s \"Microsoft Excel\" programa.<\/p>\n<\/div>\n<\/div>\n\n\n\n<div class=\"wp-block-columns is-layout-flex wp-container-core-columns-is-layout-6 wp-block-columns-is-layout-flex\">\n<div class=\"wp-block-column is-vertically-aligned-center is-layout-flow wp-block-column-is-layout-flow\" style=\"flex-basis:150px\"><div class=\"wp-block-image wp-duotone-858585-ffffff-5\">\n<figure class=\"aligncenter size-full is-resized\"><img loading=\"lazy\" decoding=\"async\" width=\"256\" height=\"256\" src=\"https:\/\/www.leaplytics.de\/wp-content\/uploads\/2024\/05\/pedigree-1-337562-removebg-preview.png\" alt=\"\" class=\"wp-image-13495\" style=\"width:110px\" srcset=\"https:\/\/www.leaplytics.de\/wp-content\/uploads\/2024\/05\/pedigree-1-337562-removebg-preview.png 256w, https:\/\/www.leaplytics.de\/wp-content\/uploads\/2024\/05\/pedigree-1-337562-removebg-preview-150x150.png 150w, https:\/\/www.leaplytics.de\/wp-content\/uploads\/2024\/05\/pedigree-1-337562-removebg-preview-60x60.png 60w\" sizes=\"auto, (max-width: 256px) 100vw, 256px\" \/><\/figure><\/div><\/div>\n\n\n\n<div class=\"wp-block-column is-layout-flow wp-block-column-is-layout-flow\" style=\"flex-basis:66.66%\">\n<p><strong>PERT (programos vertinimo per\u017ei\u016bros metodas)<\/strong><\/p>\n\n\n\n<p>PERT - tai metodas, padedantis projekt\u0173 vadovams suprasti, kaip laikas ir rizika gali paveikti projekto tvarkara\u0161\u010dius. Sudarydamas vis\u0173 projekto etap\u0173 ir u\u017eduo\u010di\u0173 \u017eem\u0117lapius ir analizuodamas galimus v\u0117lavimus, PERT padeda susidaryti ai\u0161kesn\u012f projekto tvarkara\u0161\u010dio vaizd\u0105. Pavyzd\u017eiui, analizuojant projekto rizik\u0105 ir jos poveik\u012f kiekvienos u\u017eduoties trukmei, galima suma\u017einti projekto v\u0117lavimus.<\/p>\n<\/div>\n<\/div>\n\n\n\n<div class=\"wp-block-columns is-layout-flex wp-container-core-columns-is-layout-7 wp-block-columns-is-layout-flex\">\n<div class=\"wp-block-column is-vertically-aligned-center is-layout-flow wp-block-column-is-layout-flow\" style=\"flex-basis:150px\"><div class=\"wp-block-image wp-duotone-858585-ffffff-6\">\n<figure class=\"aligncenter size-full is-resized\"><img loading=\"lazy\" decoding=\"async\" width=\"512\" height=\"512\" src=\"https:\/\/www.leaplytics.de\/wp-content\/uploads\/2024\/05\/4940750.png\" alt=\"\" class=\"wp-image-13489\" style=\"width:110px\" srcset=\"https:\/\/www.leaplytics.de\/wp-content\/uploads\/2024\/05\/4940750.png 512w, https:\/\/www.leaplytics.de\/wp-content\/uploads\/2024\/05\/4940750-300x300.png 300w, https:\/\/www.leaplytics.de\/wp-content\/uploads\/2024\/05\/4940750-150x150.png 150w, https:\/\/www.leaplytics.de\/wp-content\/uploads\/2024\/05\/4940750-370x370.png 370w, https:\/\/www.leaplytics.de\/wp-content\/uploads\/2024\/05\/4940750-60x60.png 60w\" sizes=\"auto, (max-width: 512px) 100vw, 512px\" \/><\/figure><\/div><\/div>\n\n\n\n<div class=\"wp-block-column is-layout-flow wp-block-column-is-layout-flow\" style=\"flex-basis:66.66%\">\n<p><strong>SSGG analiz\u0117<\/strong><\/p>\n\n\n\n<p>SSGG analiz\u0117 - tai strateginio planavimo priemon\u0117, kuria nagrin\u0117jamos stipryb\u0117s, silpnyb\u0117s, galimyb\u0117s ir gr\u0117sm\u0117s. \u0160is holistinis po\u017ei\u016bris padeda projekt\u0173 vadovams suprasti tiek vidinius, tiek i\u0161orinius veiksnius, kurie gali tur\u0117ti \u012ftakos projektui. Tai tarsi verslo aplinkos skenavimas, kad gal\u0117tum\u0117te priimti geresnius sprendimus.<\/p>\n<\/div>\n<\/div>\n\n\n\n<div class=\"wp-block-columns is-layout-flex wp-container-core-columns-is-layout-8 wp-block-columns-is-layout-flex\">\n<div class=\"wp-block-column is-vertically-aligned-center is-layout-flow wp-block-column-is-layout-flow\" style=\"flex-basis:150px\"><div class=\"wp-block-image wp-duotone-858585-ffffff-7\">\n<figure class=\"aligncenter size-full is-resized\"><img loading=\"lazy\" decoding=\"async\" width=\"512\" height=\"512\" src=\"https:\/\/www.leaplytics.de\/wp-content\/uploads\/2024\/05\/bow_tie_icon_126607.png\" alt=\"\" class=\"wp-image-13490\" style=\"width:110px\" srcset=\"https:\/\/www.leaplytics.de\/wp-content\/uploads\/2024\/05\/bow_tie_icon_126607.png 512w, https:\/\/www.leaplytics.de\/wp-content\/uploads\/2024\/05\/bow_tie_icon_126607-300x300.png 300w, https:\/\/www.leaplytics.de\/wp-content\/uploads\/2024\/05\/bow_tie_icon_126607-150x150.png 150w, https:\/\/www.leaplytics.de\/wp-content\/uploads\/2024\/05\/bow_tie_icon_126607-370x370.png 370w, https:\/\/www.leaplytics.de\/wp-content\/uploads\/2024\/05\/bow_tie_icon_126607-60x60.png 60w\" sizes=\"auto, (max-width: 512px) 100vw, 512px\" \/><\/figure><\/div><\/div>\n\n\n\n<div class=\"wp-block-column is-layout-flow wp-block-column-is-layout-flow\" style=\"flex-basis:66.66%\">\n<p><strong>\"Bowtie\" diagrama<\/strong><\/p>\n\n\n\n<p>\"Bowtie\" diagrama - tai vaizdin\u0117 priemon\u0117, kuri parodo, kaip kyla rizika ir koks yra jos poveikis. Ji padeda suprasti rizikos prie\u017eastis ir kaip jos i\u0161vengti. Bowtie diagramos \u012ftraukimas \u012f \"Power BI\" prietais\u0173 skydel\u012f padeda suprasti pagrindines rizikos portfelio j\u0117gas.<\/p>\n<\/div>\n<\/div>\n\n\n\n<div class=\"wp-block-columns is-layout-flex wp-container-core-columns-is-layout-9 wp-block-columns-is-layout-flex\">\n<div class=\"wp-block-column is-vertically-aligned-center is-layout-flow wp-block-column-is-layout-flow\" style=\"flex-basis:150px\"><div class=\"wp-block-image wp-duotone-858585-ffffff-8\">\n<figure class=\"aligncenter size-full is-resized\"><img loading=\"lazy\" decoding=\"async\" width=\"200\" height=\"200\" src=\"https:\/\/www.leaplytics.de\/wp-content\/uploads\/2024\/05\/3732359-200.png\" alt=\"\" class=\"wp-image-13491\" style=\"width:110px\" srcset=\"https:\/\/www.leaplytics.de\/wp-content\/uploads\/2024\/05\/3732359-200.png 200w, https:\/\/www.leaplytics.de\/wp-content\/uploads\/2024\/05\/3732359-200-150x150.png 150w, https:\/\/www.leaplytics.de\/wp-content\/uploads\/2024\/05\/3732359-200-60x60.png 60w\" sizes=\"auto, (max-width: 200px) 100vw, 200px\" \/><\/figure><\/div><\/div>\n\n\n\n<div class=\"wp-block-column is-layout-flow wp-block-column-is-layout-flow\" style=\"flex-basis:66.66%\">\n<p><strong>Rizikos suskirstymo strukt\u016bra (RBS)<\/strong><\/p>\n\n\n\n<p>RBS - tai hierarchin\u0117 sistema, pagal kuri\u0105 rizika skirstoma \u012f skirtingas grupes. \u0160i organizacin\u0117 priemon\u0117 padeda projekt\u0173 vadovams sistemingai nustatyti ir valdyti rizik\u0105. Pavyzd\u017eiui, galite suskirstyti rizikas \u012f kategorijas, susijusias su j\u0173 \u0161altiniu arba poveikio sritimi.<\/p>\n<\/div>\n<\/div>\n\n\n\n<div class=\"wp-block-columns is-layout-flex wp-container-core-columns-is-layout-10 wp-block-columns-is-layout-flex\">\n<div class=\"wp-block-column is-vertically-aligned-center is-layout-flow wp-block-column-is-layout-flow\" style=\"flex-basis:150px\"><div class=\"wp-block-image wp-duotone-858585-ffffff-9\">\n<figure class=\"aligncenter size-full is-resized\"><img loading=\"lazy\" decoding=\"async\" width=\"513\" height=\"486\" src=\"https:\/\/www.leaplytics.de\/wp-content\/uploads\/2024\/05\/6272532-middle-removebg-preview.png\" alt=\"\" class=\"wp-image-13493\" style=\"width:110px\" srcset=\"https:\/\/www.leaplytics.de\/wp-content\/uploads\/2024\/05\/6272532-middle-removebg-preview.png 513w, https:\/\/www.leaplytics.de\/wp-content\/uploads\/2024\/05\/6272532-middle-removebg-preview-300x284.png 300w, https:\/\/www.leaplytics.de\/wp-content\/uploads\/2024\/05\/6272532-middle-removebg-preview-63x60.png 63w\" sizes=\"auto, (max-width: 513px) 100vw, 513px\" \/><\/figure><\/div><\/div>\n\n\n\n<div class=\"wp-block-column is-layout-flow wp-block-column-is-layout-flow\" style=\"flex-basis:66.66%\">\n<p><strong>Scenarij\u0173 analiz\u0117<\/strong><\/p>\n\n\n\n<p>Scenarij\u0173 analiz\u0117 padeda projekt\u0173 vadovams planuoti \u012fvairias galimas situacijas. Apm\u0105stydami \u012fvairius scenarijus, galite kurti strategijas, kaip juos spr\u0119sti. Planuodami pagal scenarijus, galite numatyti ne tik vidutin\u012f rezultat\u0105, bet ir kra\u0161tutines pasekmes.<\/p>\n<\/div>\n<\/div>\n\n\n\n<h3 class=\"wp-block-heading has-medium-font-size\">Svarbiausia i\u0161vada<\/h3>\n\n\n\n<p>\u0160ie 10 galingiausi\u0173 \u012franki\u0173 padeda projekt\u0173 vadovams geriau matyti ir valdyti rizik\u0105. Jie padeda u\u017etikrinti, kad projektai vykt\u0173 skland\u017eiai ir b\u016bt\u0173 gerai u\u017ebaigti. Naudodamiesi \u0161iomis priemon\u0117mis galite anksti pasteb\u0117ti problemas ir jas i\u0161spr\u0119sti, kol jos dar n\u0117ra didel\u0117s. Taip j\u016bs\u0173 projektai bus vykdomi teisingai.<\/p>","protected":false},"excerpt":{"rendered":"<p>Unexpected problems, or risks, can often derail even the best-laid project plans. This is why effective risk management is crucial for every project manager. With the right tools and techniques, you can identify, assess, and mitigate risks early. Here are the top 10 risk management tools and techniques every project manager should know about: Microsoft &hellip; <\/p>","protected":false},"author":55,"featured_media":0,"parent":0,"menu_order":0,"comment_status":"closed","ping_status":"closed","template":"","meta":{"footnotes":""},"class_list":["post-13482","page","type-page","status-publish","hentry","latest_post"],"_links":{"self":[{"href":"https:\/\/www.leaplytics.de\/lt\/wp-json\/wp\/v2\/pages\/13482","targetHints":{"allow":["GET"]}}],"collection":[{"href":"https:\/\/www.leaplytics.de\/lt\/wp-json\/wp\/v2\/pages"}],"about":[{"href":"https:\/\/www.leaplytics.de\/lt\/wp-json\/wp\/v2\/types\/page"}],"author":[{"embeddable":true,"href":"https:\/\/www.leaplytics.de\/lt\/wp-json\/wp\/v2\/users\/55"}],"replies":[{"embeddable":true,"href":"https:\/\/www.leaplytics.de\/lt\/wp-json\/wp\/v2\/comments?post=13482"}],"version-history":[{"count":4,"href":"https:\/\/www.leaplytics.de\/lt\/wp-json\/wp\/v2\/pages\/13482\/revisions"}],"predecessor-version":[{"id":13499,"href":"https:\/\/www.leaplytics.de\/lt\/wp-json\/wp\/v2\/pages\/13482\/revisions\/13499"}],"wp:attachment":[{"href":"https:\/\/www.leaplytics.de\/lt\/wp-json\/wp\/v2\/media?parent=13482"}],"curies":[{"name":"wp","href":"https:\/\/api.w.org\/{rel}","templated":true}]}}