{"id":13717,"date":"2025-05-12T15:34:59","date_gmt":"2025-05-12T13:34:59","guid":{"rendered":"https:\/\/www.leaplytics.de\/?page_id=13717"},"modified":"2025-05-12T15:35:01","modified_gmt":"2025-05-12T13:35:01","slug":"atsiliepimai","status":"publish","type":"page","link":"https:\/\/www.leaplytics.de\/lt\/atsiliepimai\/","title":{"rendered":"Atsiliepimai"},"content":{"rendered":"<p><em>&#8220;<strong>\"LeapLytics\" rizikos matricos \/ \u0161ilumos \u017eem\u0117lapio vaizdin\u0119 versij\u0105 \"Power BI\" sistemoje naudojame jau daugiau nei metus.<\/strong><br>Jis tapo nepakei\u010diamu m\u016bs\u0173 komandos \u012frankiu. Jos intuityvus dizainas ir pritaikomos funkcijos leid\u017eia mums veiksmingai vizualizuoti ir nustatyti rizikos prioritetus, tod\u0117l galime sutelkti d\u0117mes\u012f \u012f svarbiausias sritis. Galimyb\u0117 pritaikyti matric\u0105 prie konkre\u010di\u0173 m\u016bs\u0173 poreiki\u0173 gerokai pagerino m\u016bs\u0173 rizikos vertinimo procesus. Labai rekomenduoju \u0161\u012f \u012fskiep\u012f bet kuriai komandai, norin\u010diai i\u0161pl\u0117sti rizikos valdymo galimybes \"Power BI\" sistemoje.\"<\/em> (Anoniminis)<\/p>\n\n\n\n<p><em>&#8220;<strong>\u017daidimo keitimas<\/strong> - \u0160i programa sutaup\u0117 \u0161imtus k\u016brimo valand\u0173, problem\u0173 \u0161alinimo valand\u0173 ir bet kokio kito galvos skausmo, susijusio su program\u0117l\u0117s k\u016brimu nuo pat prad\u017ei\u0173. \u0160i\u0105 program\u0117l\u0119 buvo labai lengva prijungti prie kuriamos programos, be to, ji vizualiai patraukli ir paprasta naudoti. Labai rekomenduoju visiems, kurie nori sutaupyti k\u016brimo valand\u0173 ir laiko, kad gaut\u0173 tai, kas jau i\u0161bandyta m\u016b\u0161yje!\"<\/em> (Anoniminis)<\/p>\n\n\n\n<p><em>\"Rizikos matricos vaizdin\u0117 versija \"Power BI\" platformoje buvo naudojama kaip <strong>strategin\u0117 priemon\u0117<\/strong> valdyti svarbiausius technin\u0117s prie\u017ei\u016bros veiksmus, greitai ir veiksmingai vizualizuojant su kiekvienu turtu susijusi\u0105 rizik\u0105. Matricoje vizualiai atvaizduojamas turto kriti\u0161kumas, atsi\u017evelgiant \u012f jo poveikio lyg\u012f ir gedimo tikimyb\u0119, tiesiogiai padedantis nustatyti taisom\u0173j\u0173 ir prevencini\u0173 veiksm\u0173 prioritetus. <br>\u0160i funkcija padeda identifikuoti technin\u0117s prie\u017ei\u016bros elementus, turin\u010dius did\u017eiausi\u0105 reik\u0161m\u0119 eksploatacijai, ir taip padeda tiksliau valdyti i\u0161teklius, komandas ir terminus, ypa\u010d esant sud\u0117tingiems scenarijams, pvz., sustabdymams ar avarin\u0117ms intervencijoms. Be to, jos interaktyvi ir pritaikoma s\u0105saja leid\u017eia realiuoju laiku atnaujinti informacij\u0105 ir modeliuoti, tod\u0117l sprendim\u0173 pri\u0117mimo procesas tampa greitesnis ir labiau pagr\u012fstas duomenimis.<br>Naudojant \u0161\u012f vaizd\u0105 taip pat sustiprinamas rizika pagr\u012fstas technin\u0117s prie\u017ei\u016bros valdymas, technin\u0117s pastangos suderinamos su strateginiais organizacijos tikslais, susijusiais su turto patikimumu ir prieinamumu.\"<\/em> (CENIBRA)<\/p>\n\n\n\n<p><em>&#8220;<strong>Fantasti\u0161kas vaizdas<\/strong> - I\u0161band\u017eiau \u0161i\u0105 vaizdin\u0119 priemon\u0119 kelioms ataskaitoms ir j\u0105 taip paprasta naudoti, ta\u010diau ji tokia galinga. Vizualus rizik\u0173 vaizdavimas \u0161ioje matricoje sutaup\u0117 man daugyb\u0119 valand\u0173, nes galiu nukreipti d\u0117mes\u012f \u012f tuos skyrius, kurie pa\u017eym\u0117ti kaip didel\u012f poveik\u012f darantys. Be to, \"Leaplytics\" labai greitai reaguoja \u012f el. lai\u0161kus. Labai rekomenduoju \u0161\u012f \"Leaplytics\" \u012fskiep\u012f.\"<\/em> (Anoniminis)<\/p>\n\n\n\n<p><em>&#8220;<strong>Anks\u010diau man patiko \u0161iluminiai \u017eem\u0117lapiai, dabar juos m\u0117gstu<\/strong> - Da\u017enai susidurdavau su problemomis, kai bandydavau sukurti \u0161ilumos \u017eem\u0117lap\u012f. \u0160is turi stipri\u0105 pasakojimo gali\u0105 ir j\u012f tikrai lengva naudoti.\"<\/em> (Rafaelis de Taranto)<\/p>\n\n\n\n<p><em>&#8220;<strong>Puiki programa<\/strong> - \u0160i\u0105 program\u0117l\u0119 b\u016btina tur\u0117ti, jei dirbate su rizika. J\u0105 lengva nustatyti ir galima lengvai konfig\u016bruoti pagal savo poreikius.\"<\/em> (Roy Varghese)<\/p>\n\n\n\n<p><em>&#8220;<strong>Puikus prietais\u0173 skydelis rizikos ataskaitoms teikti<\/strong> - \u0160is prietais\u0173 skydelis puikiai iliustruoja rizik\u0105 ir mes j\u012f \u012ftrauk\u0117me \u012f daugel\u012f \u012fmon\u0117s rizikos ataskait\u0173 prietais\u0173 skydeli\u0173. \"LeapLytics\" toliau tobulina prietais\u0173 skydelio funkcijas, \u012fskaitant galimyb\u0119 spalvotai \u017eym\u0117ti ta\u0161kinius ta\u0161kus. Labai rekomenduojame \u0161\u012f rizikos \u0161ilumos \u017eem\u0117lapio programos \u012fskiep\u012f, skirt\u0105 \"Power BI\" valdymo skydeliams tobulinti. Reagavimas \u012f klausimus ir palaikymas taip pat yra privalumas.\"<\/em> (Becky Sterrett)<\/p>\n\n\n\n<p><em>&#8220;<strong>Puikus rizikos \u017eem\u0117lapis<\/strong> - Rizikos \u017eem\u0117lapio priemon\u0117 buvo labai naudinga informuojant suinteresuot\u0105sias \u0161alis apie \u012fmon\u0117s rizik\u0105 ir rizikos lygius. Lengva naudoti ir geras vaizdas.\"<\/em> (Anoniminis)<\/p>\n\n\n\n<p class=\"has-text-align-left\"><em>&#8220;<strong>\u0160is \u012frankis yra patogus naudoti<\/strong> ir veiksmingai pateikia rizikos balus ai\u0161kia, lengvai suprantama forma.\"<\/em> (Scott Nicol)<\/p>\n\n\n\n<p><em>&#8220;<strong>Puikus \u012frankis<\/strong> - \u0160is \u012frankis pad\u0117jo mums nuolat stengtis racionalizuoti rizikos vertinimo proces\u0105. Suteikia puiki\u0105 vaizdin\u0119 galimyb\u0119 greitai \u012fvertinti rizikos profil\u012f.\"<\/em> (Anoniminis)<\/p>\n\n\n\n<p><em>&#8220;<strong>Rizikos matrica<\/strong> - Buvau labai patenkintas, kad radau \u0161\u012f \u012frank\u012f ir kaip jis veikia rizikos valdymo \/ ataskait\u0173 teikimo po\u017ei\u016briu - tai puikus b\u016bdas vizualizuoti ir per\u017ei\u016br\u0117ti rizikos registrus, daugiausia d\u0117mesio skiriant pagrindin\u0117ms \/ padid\u0117jusioms rizikoms. Su komanda taip pat buvo fantasti\u0161ka bendrauti, ji teik\u0117 pagalb\u0105 ir bendravo su manimi, kaip a\u0161 j\u0105 naudoju ir kaip j\u0105 tobulinti.\"<\/em> (Anoniminis)<\/p>\n\n\n\n<p><em>&#8220;<strong>Jis veikia tiksliai taip, kaip tik\u0117tasi ir reklamuota.<\/strong> - \u012esigij\u0119s \u0161ios programos licencij\u0105 beveik prie\u0161 9 m\u0117nesius, \u012fdiegiau j\u0105 keliose ataskaitose, kurias naudoja \u0161imtai \u017emoni\u0173 visame pasaulyje, ir sulaukiau tik teigiam\u0173 naudotoj\u0173 atsiliepim\u0173.\"<\/em> (Small, Roy)<\/p>\n\n\n\n<p><em>&#8220;<strong>Puikus \u012frankis rizikos matricos istorijai per\u017ei\u016br\u0117ti<\/strong> - Vienas geriausi\u0173 speciali\u0173 \u012franki\u0173, skirt\u0173 rizikos matricos \u012fra\u0161ams valdyti ir profesionaliai rodyti \u0160\u012f \u012frank\u012f suk\u016briau ir prista\u010diau vadovybei 1- Puikus dizainas 2- Lankstumas 3- Lengva naudoti 4- Rekomenduoju juo pasinaudoti Ties\u0105 sakant, tai yra tai, ko ie\u0161kojau A\u010di\u016b, Stefan Preusler A\u010di\u016b, \"LeapLytics GmbH\" komanda\"<\/em> (\u0645\u062d\u064a\u064a \u0627\u0644\u062f\u064a\u0646)<\/p>\n\n\n\n<p><em>&#8220;<strong>Absoliu\u010diai verta<\/strong> - Visk\u0105, k\u0105 nor\u0117jome pasiekti naudodami rizikos matric\u0105, gal\u0117jome \u012fgyvendinti naudodami \u0161i\u0105 vizualizacij\u0105. Tikrai verta.\"<\/em> (Anoniminis)<\/p>\n\n\n\n<p><em>&#8220;<strong>Puikus sprendimas auditoriams!<\/strong> - Vaizdinis objektas puikiai atitinka auditoriams skirtos rizikos matricos poreikius ir reikalavimus.\" (David L\u00f3pez Morales)<\/em><\/p>\n\n\n\n<p><em>&#8220;<strong>Geras vaizdas<\/strong> palaikyti pokalbius apie rizik\u0105.\"<\/em> (Elleke Bosworth)<\/p>\n\n\n\n<p><em>&#8220;<strong>Puikus vaizdas<\/strong> - Ie\u0161kojau veikian\u010dio sprendimo savo rizikai vizualizuoti. \u0160i vizualizacija man puikiai tinka ir yra paruo\u0161iama per kelias minutes. Interaktyvumas veikia gerai ir atrodo kaip \"tikras\".\"<\/em> (Anoniminis)<\/p>\n\n\n\n<p><em>&#8220;<strong>Puikus rizikos vizualinis \u012frankis<\/strong> - Nuostabus \u012frankis rizikos \u017eem\u0117lapiui vizualizuoti, labai veiksmingas ir lengvai prieinamas\"<\/em> (Anoniminis)<\/p>\n\n\n\n<p><em>&#8220;<strong>B\u016btinas rizikos valdymo \u012frankis<\/strong> - \u0160is \u012frankis yra patogus naudoti ir veiksmingai pateikia rizikos balus ai\u0161kia, lengvai suprantama forma.\"<\/em> (Anoniminis)<\/p>\n\n\n\n<p><em>&#8220;<strong>Labai naudinga rizikos valdymo priemon\u0117<\/strong> - Manau, kad rizikos \u017eem\u0117lapis yra labai naudingas m\u016bs\u0173 rizikos valdymo procese. Jis padeda lengvai ir suprantamai pavaizduoti rizik\u0105 tiek valdybai, tiek kitiems bendrov\u0117s darbuotojams. Be to, juo lengva naudotis ir greitai perprantama, kaip veikia nustatymai.\"<\/em> (Anoniminis)<\/p>\n\n\n\n<p><em>&#8220;<strong>Puikus priedas!<\/strong> - \"LeapLytics\" \u0161ilumos \u017eem\u0117lap\u012f naudojome pastaruosius metus. J\u012f lengva naudoti, geras kainos ir kokyb\u0117s santykis, o vaizdas puikiai atrodo m\u016bs\u0173 rizikos valdymo skydelyje.\"<\/em> (Anoniminis)<\/p>\n\n\n\n<p><em>&#8220;<strong>Puikus<\/strong> - Es muy buena, vers\u00e1til y pr\u00e1ctica.\"<\/em> (Cynthia Mercedes Anaya Manrique)<\/p>\n\n\n\n<p><em>&#8220;<strong>Puikus vaizdas ir atsakas<\/strong> - Suteikia mums reikiam\u0105 vaizd\u0105, o \u012f m\u016bs\u0173 klausimus buvo atsakyta greitai ir naudingai.\"<\/em> (Anoniminis)<\/p>\n\n\n\n<p><em>&#8220;<strong>Solid <\/strong>- Tvirtas vaizdas\"<\/em> (Anoniminis)<\/p>","protected":false},"excerpt":{"rendered":"<p>\"Jau daugiau nei metus naudojame \"LeapLytics\" rizikos matricos \/ \"Heatmap\" vaizdin\u0119 priemon\u0119 \"Power BI\" sistemoje.Ji tapo nepakei\u010diamu \u012frankiu m\u016bs\u0173 komandai. Jo intuityvus dizainas ir pritaikomos funkcijos leid\u017eia mums veiksmingai vizualizuoti ir nustatyti rizikos prioritetus, tod\u0117l galime sutelkti d\u0117mes\u012f \u012f svarbiausias sritis. Galimyb\u0117 pritaikyti matric\u0105 ... <\/p>","protected":false},"author":2,"featured_media":0,"parent":0,"menu_order":0,"comment_status":"closed","ping_status":"closed","template":"","meta":{"footnotes":""},"class_list":["post-13717","page","type-page","status-publish","hentry","latest_post"],"_links":{"self":[{"href":"https:\/\/www.leaplytics.de\/lt\/wp-json\/wp\/v2\/pages\/13717","targetHints":{"allow":["GET"]}}],"collection":[{"href":"https:\/\/www.leaplytics.de\/lt\/wp-json\/wp\/v2\/pages"}],"about":[{"href":"https:\/\/www.leaplytics.de\/lt\/wp-json\/wp\/v2\/types\/page"}],"author":[{"embeddable":true,"href":"https:\/\/www.leaplytics.de\/lt\/wp-json\/wp\/v2\/users\/2"}],"replies":[{"embeddable":true,"href":"https:\/\/www.leaplytics.de\/lt\/wp-json\/wp\/v2\/comments?post=13717"}],"version-history":[{"count":5,"href":"https:\/\/www.leaplytics.de\/lt\/wp-json\/wp\/v2\/pages\/13717\/revisions"}],"predecessor-version":[{"id":13725,"href":"https:\/\/www.leaplytics.de\/lt\/wp-json\/wp\/v2\/pages\/13717\/revisions\/13725"}],"wp:attachment":[{"href":"https:\/\/www.leaplytics.de\/lt\/wp-json\/wp\/v2\/media?parent=13717"}],"curies":[{"name":"wp","href":"https:\/\/api.w.org\/{rel}","templated":true}]}}