{"id":13808,"date":"2025-07-14T10:32:30","date_gmt":"2025-07-14T08:32:30","guid":{"rendered":"https:\/\/www.leaplytics.de\/?page_id=13808"},"modified":"2025-07-14T10:32:31","modified_gmt":"2025-07-14T08:32:31","slug":"gantt-leaplytics-power-bi","status":"publish","type":"page","link":"https:\/\/www.leaplytics.de\/lt\/gantt-leaplytics-power-bi\/","title":{"rendered":"Gantto \"LeapLytics\" - \"Power BI"},"content":{"rendered":"<p>Tai paprasta. Suteikiame jums galimyb\u0119 perkelti projekt\u0173 tvarkara\u0161\u010dius ir planus tiesiai \u012f \"Power BI\". M\u016bs\u0173 \"Leaplytics Gantt Chart\" vizualizacija paver\u010dia sud\u0117tingus projekto duomenis profesionaliomis, interaktyviomis ir i\u0161samiomis laiko juostos vizualizacijomis. Atvaizduokite projekt\u0173 tvarkara\u0161\u010dius i\u0161 \"Microsoft Project\", \"Primavera P6\", \"Jira\", \"Asana\" ir \"Azure DevOps\" b\u016btent taip, kaip numatyta.<\/p>\n<blockquote>\n<p>\"Pagaliau Ganto diagrama, kuri i\u0161 tikr\u0173j\u0173 veikia \"Power BI\"! Galimyb\u0117 rodyti projekto grafikus su priklausomyb\u0117mis ir pa\u017eangos steb\u0117jimu tiesiogiai m\u016bs\u0173 vadov\u0173 prietais\u0173 skydeliuose, o ne statin\u0117se ekrano nuotraukose, pakeit\u0117 m\u016bs\u0173 projekt\u0173 pristatymus.\"<br \/>- <strong>Johnson M., verslo \u017evalgybos vadybininkas<\/strong> <em>(Statybos sektorius)<\/em><\/p>\n<\/blockquote>\n<h2 id=\"what-s-in-it-for-you-\">Kas jums i\u0161 to?<\/h2>\n<p>I\u0161laisvinkite profesional\u0173 projekt\u0173 vizualizavim\u0105 \"Power BI\" prietais\u0173 skydeliuose:<\/p>\n<p><strong>Gra\u017eiai vizualizuokite projektus:<\/strong> Transformuokite neapdorotus projekto duomenis i\u0161 \"Microsoft Project\", \"Primavera P6\", \"Jira\", \"Asana\" ir \"Azure DevOps\" \u012f profesionaliai atvaizduotas Gantto diagramas.<\/p>\n<p><strong>Atsisakykite rankinio darbo:<\/strong> Daugiau nebereikia eksportuoti ekrano nuotrauk\u0173 ar rankiniu b\u016bdu kurti laiko juostos diagram\u0173. J\u016bs\u0173 turimi projekto duomenys rodomi kaip interaktyvios Gantto diagramos.<\/p>\n<p><strong>Darykite \u012fsp\u016bd\u012f suinteresuotosioms \u0161alims:<\/strong> Pateikite profesionalias projekt\u0173 informacines lenteles, kurios i\u0161laiko patikimum\u0105 vadov\u0173 susitikimuose ir suinteresuot\u0173j\u0173 \u0161ali\u0173 pristatymuose.<\/p>\n<p><strong>Taupykite laik\u0105:<\/strong> Nustokite gai\u0161ti valandas rankiniu b\u016bdu kurdami laiko juost\u0105. Prijunkite projekto duomenis ir steb\u0117kite, kaip u\u017eduo\u010di\u0173 s\u0105ra\u0161ai virsta i\u0161samiomis Gantto vizualizacijomis.<\/p>\n<blockquote>\n<p>\"Kas savait\u0119 praleisdavome po 12 valand\u0173 kurdami laiko ataskaitas i\u0161 savo projekt\u0173 valdymo \u012franki\u0173. Dabar viskas automati\u0161kai atvaizduojama kaip gra\u017eios interaktyvios Gantto diagramos. M\u016bs\u0173 projekto b\u016bkl\u0117s ataskaitos v\u0117l atrodo profesionaliai.\"<br \/>- <strong>Rodriguez A., analiz\u0117s direktorius<\/strong> <em>(Sveikatos prie\u017ei\u016bros technologijos)<\/em><\/p>\n<\/blockquote>\n<h2 id=\"how-you-can-benefit\">Kaip galite gauti naudos<\/h2>\n<p>Vartotojai, kurie pri\u0117m\u0117 m\u016bs\u0173 \"Leaplytics Gantt Chart\" vaizdin\u0119 ataskait\u0105:<\/p>\n<p><strong>Pa\u0161alinti laiko juostos ko\u0161marai:<\/strong> Daugiau nebereik\u0117s kurti diagram\u0173 rankiniu b\u016bdu arba pristatymuose naudoti statini\u0173 laiko juostos ekrano kopij\u0173.<\/p>\n<p><strong>Didesnis prietais\u0173 skydelio pritaikymas:<\/strong> Suinteresuotosios \u0161alys labiau \u012fsitraukia \u012f interaktyvias Gantto diagramas, kurias gali tyrin\u0117ti ir suprasti.<\/p>\n<p><strong>Padidintas profesinis patikimumas:<\/strong> Vadov\u0173 prezentacijos atrodo \u0161variai ir padeda i\u0161laikyti j\u016bs\u0173, kaip duomen\u0173 profesional\u0173, reputacij\u0105.<\/p>\n<p><strong>Suvienodintos projekto per\u017ei\u016bros:<\/strong> Projekto duomenis i\u0161 keli\u0173 \u012fmon\u0117s platform\u0173 pateikite vienoje vientisoje, interaktyvioje \"Power BI\" Gantto diagramoje.<\/p>\n<h2 id=\"key-features\">Pagrindin\u0117s funkcijos<\/h2>\n<p><strong>Daugelio platform\u0173 palaikymas:<\/strong> Palaiko \"Microsoft Project\", \"Primavera P6\", \"Jira\", \"Asana\", \"Azure DevOps\" ir bet kokius lenteli\u0173 formos projekt\u0173 duomenis.<\/p>\n<p><strong>I\u0161pl\u0117stinis laiko juostos variklis:<\/strong><\/p>\n<ul>\n<li>I\u0161manusis u\u017eduo\u010di\u0173 pad\u0117ties nustatymas ir datos mastelio keitimas<\/li>\n<li>I\u0161manus hierarchinis u\u017eduo\u010di\u0173 valdymas sud\u0117tingiems projektams<\/li>\n<\/ul>\n<p><strong>Profesionalus projekto vizualizavimas:<\/strong> <\/p>\n<ul>\n<li>Atvaizduoja tinkamas u\u017eduo\u010di\u0173 juostas, priklausomybes, orientyrus ir pa\u017eangos steb\u0117jim\u0105, atitinkant\u012f \"Power BI\" temas.<\/li>\n<li>Interaktyvioji laiko juostos navigacija su priartinimo ir paslinkimo galimyb\u0117mis<\/li>\n<\/ul>\n<p><strong>\u012emoni\u0173 projekt\u0173 funkcijos:<\/strong><\/p>\n<ul>\n<li>U\u017eduo\u010di\u0173 priklausomyb\u0117s su ry\u0161io rodykl\u0117mis<\/li>\n<li>Pa\u017eangos steb\u0117jimas ir u\u017ebaigimo b\u016bsena<\/li>\n<li>I\u0161tekli\u0173 priskyrimo vizualizavimas<\/li>\n<li>Kritinio kelio analiz\u0117<\/li>\n<\/ul>\n<p><strong>Optimizuotas na\u0161umas:<\/strong> Efektyvus dideli\u0173 projekt\u0173 duomen\u0173 rinkini\u0173 su daugiau nei 1000 u\u017eduo\u010di\u0173 ir sud\u0117tingais priklausomybi\u0173 tinklais atvaizdavimas.<\/p>\n<p><strong>Sklandi \"Power BI\" integracija:<\/strong> Veikia kaip bet kuri kita \"Power BI\" vaizdin\u0117 informacija, atsi\u017evelgiant \u012f filtrus, pj\u016bvius ir kry\u017emin\u012f filtravim\u0105.<\/p>\n<p><strong>Intuityvus konfig\u016bravimas:<\/strong> Paprastas formato skydelis su i\u0161skleid\u017eiamosiomis u\u017eduo\u010di\u0173 lauk\u0173, dat\u0173 ir vizualizavimo parink\u010di\u0173 parinktimis.<\/p>\n<p><strong>Parengta \u012fmon\u0117ms:<\/strong> Patikima licencijavimo sistema, skirta diegti \u012fmon\u0117se, su pa\u017eangiomis projekt\u0173 valdymo funkcijomis.<\/p>\n<h2 id=\"your-team-will-thank-you\">J\u016bs\u0173 komanda jums pad\u0117kos<\/h2>\n<p><em>Pavargote nuo stati\u0161k\u0173 projekto ekrano nuotrauk\u0173 vadov\u0173 pristatymuose?<\/em> Ar kada nors teko ai\u0161kinti projekto b\u016bsen\u0105 naudojant nuobod\u017eias lenteli\u0173 ataskaitas, kai suinteresuotosioms \u0161alims reikia matyti terminus? M\u016bs\u0173 \"Leaplytics Gantt Chart\" vaizdin\u0117 diagrama yra sprendimas, kurio lauk\u0117te. Tai vaizdin\u0117 med\u017eiaga, kurios mes, projekt\u0173 valdymo specialistai, visada nor\u0117jome, kad egzistuot\u0173, kai bandome efektyviai prane\u0161ti apie projekto b\u016bkl\u0119.<\/p>\n<blockquote>\n<p>\"Galimyb\u0117 rodyti \"Azure DevOps\" sprintus ir projekt\u0173 priklausomybes naudojant tinkam\u0105 Gantto vizualizacij\u0105 i\u0161 esm\u0117s pakeit\u0117 m\u016bs\u0173 projekto b\u016bkl\u0117s pristatym\u0105 vadovams. Laiko juosta yra interaktyvi, o j\u0105 nustatyti buvo ne\u012ftik\u0117tinai paprasta.\"<br \/>- <strong>Chen L., pagrindinis duomen\u0173 analitikas<\/strong> <em>(programin\u0117s \u012frangos k\u016brimas)<\/em><\/p>\n<\/blockquote>\n<h2 id=\"letter-from-the-ceo\">Generalinio direktoriaus lai\u0161kas<\/h2>\n<p>Sveiki visi...<\/p>\n<p>Esu Stefanas, \"LeapLytics\" generalinis direktorius.<\/p>\n<p>Projekt\u0173 vizualizavimas \"Power BI\" sistemoje jau daugel\u012f met\u0173 yra nuolatin\u0117 problema. Organizacijos daug investuoja \u012f tokias platformas kaip \"Microsoft Project\", \"Primavera P6\", \"Jira\" ir \"Azure DevOps\", kad gal\u0117t\u0173 valdyti sud\u0117tingus projekt\u0173 tvarkara\u0161\u010dius ir priklausomybes. Ta\u010diau kai \u0161ie projekto duomenys patenka \u012f \"Power BI\", jie virsta ne\u012fskaitomomis lentel\u0117mis arba juos reikia kurti rankiniu b\u016bdu.<\/p>\n<p>\u0160is sud\u0117ting\u0173 projekt\u0173 valdymo \u012franki\u0173 ir pagrindini\u0173 \"Power BI\" projekt\u0173 ataskait\u0173 nesuderinamumas su\u017elugd\u0117 daugyb\u0119 projekt\u0173 vadov\u0173, dalyvavusi\u0173 vadov\u0173 pristatymuose. Tai ma\u017eina patikimum\u0105 ir vertingas projekto \u012f\u017evalgas paver\u010dia prakti\u0161kai nematomomis prietais\u0173 skydeliuose.<\/p>\n<p>Tradiciniai BI vaizdai papras\u010diausiai nebuvo pritaikyti sud\u0117tingai \u0161iuolaikinio projekt\u0173 valdymo realybei, kai u\u017eduotys yra priklausomos, stebima j\u0173 eiga, priskiriami i\u0161tekliai ir ribojamas laikas. \u0160tai kur prasideda nusivylimas.<\/p>\n<p>M\u016bs\u0173 \"Leaplytics Gantt Chart\" vaizdin\u0117 diagrama, skirta \"Power BI\", i\u0161sprend\u017eia \u0161i\u0105 esmin\u0119 problem\u0105. Manome, kad j\u016bs\u0173 projekto duomenys tur\u0117t\u0173 b\u016bti ai\u0161kiai ir profesionaliai pateikiami visur, \u012fskaitant \"Power BI\" prietais\u0173 skydelius.<\/p>\n<p>Tai rei\u0161kia, kad reikia i\u0161saugoti investicijas, kurias investavote \u012f sud\u0117ting\u0105 projekto planavim\u0105, ir pateikti j\u012f taip ai\u0161kiai, kaip tikisi suinteresuotosios \u0161alys. Suk\u016br\u0117me \u0161\u012f vizualin\u012f vaizd\u0105 taip, kad jis b\u016bt\u0173 pritaikytas sud\u0117tingiems reali\u0173 projekt\u0173 duomenims, o s\u0105ranka i\u0161likt\u0173 paprasta.<\/p>\n<p>Tai m\u016bs\u0173 ind\u0117lis \u012f projekto vizualizavimo ko\u0161maro, kuris pernelyg ilgai vargino \"Power BI\" naudotojus, panaikinim\u0105.<\/p>\n<p>Geriausi link\u0117jimai,<br \/><strong>Stefanas Preusleris<\/strong><br \/>Vienas i\u0161 \"LeapLytics GmbH\" \u012fk\u016br\u0117j\u0173 ir generalinis direktorius<\/p>\n<hr>\n<h2 id=\"ready-to-transform-your-project-visualization-\">Ar esate pasireng\u0119 pakeisti savo projekto vizualizacij\u0105?<\/h2>\n<p><a href=\"https:\/\/www.leaplytics.de\/lt\/\"><strong>U\u017esisakykite bandom\u0105j\u0105 licencij\u0105<\/strong><\/a><\/p>\n<h2 id=\"getting-started\">Darbo prad\u017eia<\/h2>\n<p>Gavote licencij\u0105 ar tiesiog norite su\u017einoti daugiau?<br \/>Spustel\u0117kite toliau, jei norite susipa\u017einti su i\u0161samiu vadovu:<\/p>\n<p><a href=\"https:\/\/www.leaplytics.de\/lt\/getting-started-gantt-chart-power-bi\/?utm_source=extension&amp;utm_medium=power-bi&amp;utm_campaign=gantt-chart\"><strong>Darbo prad\u017eia - \"Leaplytics Gantt Chart Visual for Power BI<\/strong><\/a><\/p>\n<hr>\n<p><em>Projekto duomenis paverskite profesionaliomis laiko juostos vizualizacijomis, kurias suinteresuotosios \u0161alys i\u0161 tikr\u0173j\u0173 supranta.<\/em> <\/p>","protected":false},"excerpt":{"rendered":"<p>It&#39;s straightforward. We empower you to bring your project timelines and schedules to life directly within Power BI. Our Leaplytics Gantt Chart visual transforms complex project data into professional, interactive, and comprehensive timeline visualizations. Display project schedules from Microsoft Project, Primavera P6, Jira, Asana, and Azure DevOps exactly as intended. &quot;Finally, a Gantt chart that &hellip; <\/p>","protected":false},"author":2,"featured_media":0,"parent":0,"menu_order":0,"comment_status":"closed","ping_status":"closed","template":"","meta":{"footnotes":""},"class_list":["post-13808","page","type-page","status-publish","hentry","latest_post"],"_links":{"self":[{"href":"https:\/\/www.leaplytics.de\/lt\/wp-json\/wp\/v2\/pages\/13808","targetHints":{"allow":["GET"]}}],"collection":[{"href":"https:\/\/www.leaplytics.de\/lt\/wp-json\/wp\/v2\/pages"}],"about":[{"href":"https:\/\/www.leaplytics.de\/lt\/wp-json\/wp\/v2\/types\/page"}],"author":[{"embeddable":true,"href":"https:\/\/www.leaplytics.de\/lt\/wp-json\/wp\/v2\/users\/2"}],"replies":[{"embeddable":true,"href":"https:\/\/www.leaplytics.de\/lt\/wp-json\/wp\/v2\/comments?post=13808"}],"version-history":[{"count":1,"href":"https:\/\/www.leaplytics.de\/lt\/wp-json\/wp\/v2\/pages\/13808\/revisions"}],"predecessor-version":[{"id":13809,"href":"https:\/\/www.leaplytics.de\/lt\/wp-json\/wp\/v2\/pages\/13808\/revisions\/13809"}],"wp:attachment":[{"href":"https:\/\/www.leaplytics.de\/lt\/wp-json\/wp\/v2\/media?parent=13808"}],"curies":[{"name":"wp","href":"https:\/\/api.w.org\/{rel}","templated":true}]}}