{"id":14460,"date":"2025-12-19T01:51:00","date_gmt":"2025-12-19T00:51:00","guid":{"rendered":"https:\/\/www.leaplytics.de\/?page_id=14460"},"modified":"2025-12-19T01:51:01","modified_gmt":"2025-12-19T00:51:01","slug":"atitikties-politikos-tikrinimas-ai","status":"publish","type":"page","link":"https:\/\/www.leaplytics.de\/lt\/atitikties-politikos-tikrinimas-ai\/","title":{"rendered":"Atitikties ir politikos tikrinimas AI"},"content":{"rendered":"<h2>Atitikties ir politikos tikrinimo dirbtinis intelektas: Nustokite tik\u0117tis, kad ka\u017eko nepraleidote<\/h2>\n\n<p>Taisykli\u0173 yra visur. Federaliniai \u012fstatymai. Valstij\u0173 \u012fstatymai. Pramon\u0117s taisykl\u0117s. \u012emon\u0117s politika. Sutartiniai \u012fsipareigojimai. Duomen\u0173 apsaugos reikalavimai.<\/p>\n<p>Kiekvienas dokumentas turi atitikti reikalavimus. Kiekvien\u0105 politik\u0105 reikia atnaujinti, kai kei\u010diasi taisykl\u0117s. Kiekvien\u0105 sutart\u012f reikia patikrinti pagal kelis taisykli\u0173 rinkinius.<\/p>\n<p>Atitiktis n\u0117ra neprivaloma. Kai ko nors nesilaikoma, tai kainuoja brangiai: baudos, teisminiai procesai, reguliavimo institucij\u0173 tyrimai, \u017eala reputacijai.<\/p>\n<p>Problema? Atitiktis tikrinama rankiniu b\u016bdu. Tai atima daug laiko. Lengva k\u0105 nors praleisti, kai t\u0105 dien\u0105 per\u017ei\u016brima 15-oji sutartis.<\/p>\n<p>Tai kei\u010dia dirbtinis intelektas. Jis tikrina kiekvien\u0105 dokument\u0105 pagal kiekvien\u0105 taisykl\u0119. Jis pastebi spragas. Jis stebi reguliavimo poky\u010dius. Si\u016blo atnaujinimus.<\/p>\n<p>Sistemingai tikrinama atitiktis, o ne tikimasi, kad niekas nepraslydo pro \u0161al\u012f.<\/p>\n\n\n<hr class=\"wp-block-separator has-alpha-channel-opacity\"\/>\n\n\n\n<h3 class=\"wp-block-heading\">Atitikties problema<\/h3>\n\n\n<p>Atitikties u\u017etikrinimo darbas yra paprastas, bet varginantis: patikrinkite, ar dokumentai atitinka reikalaujamus standartus.<\/p>\n\n<p>Da\u017eniausiai pasitaikantys atitikties scenarijai:<\/p>\n<ul>\n<li>Privatumo politikoje turi b\u016bti atskleista konkreti BDAR informacija<\/li>\n<li>\u012e paslaug\u0173 teikimo s\u0105lygas turi b\u016bti \u012ftrauktos privalomos valstybei b\u016bdingos nuostatos<\/li>\n<li>Sutartys turi atitikti pramon\u0117s reglamentus (HIPAA, SOX, PCI-DSS).<\/li>\n<li>\u017dmogi\u0161k\u0173j\u0173 i\u0161tekli\u0173 politika turi atspind\u0117ti galiojan\u010dius \u012fdarbinimo \u012fstatymus.<\/li>\n<li>Produkt\u0173 etiket\u0117s turi atitikti FDA reikalavimus<\/li>\n<li>Finansiniai dokumentai turi atitikti atskleidimo taisykles<\/li>\n<li>Rinkodaros med\u017eiaga turi atitikti reklamos taisykles<\/li>\n<\/ul>\n\n<p>Tradicinis atitikties tikrinimas:<\/p>\n<ul>\n<li>Reikalavim\u0173 kontrolini\u0173 s\u0105ra\u0161\u0173 tvarkymas<\/li>\n<li>Rankiniu b\u016bdu per\u017ei\u016br\u0117kite dokumentus pagal kontrolinius s\u0105ra\u0161us<\/li>\n<li>Stenkit\u0117s neatsilikti nuo teis\u0117s akt\u0173 pakeitim\u0173<\/li>\n<li>Atnaujinti dokumentus, kai kei\u010diasi taisykl\u0117s.<\/li>\n<li>Tikiuosi, kad nieko nepraleidote<\/li>\n<li>Su\u017einokite, kad ka\u017ek\u0105 praleidote, kai jums bus skirta bauda arba i\u0161kelta byla<\/li>\n<\/ul>\n\n<p>Problemos:<\/p>\n<ul>\n<li>Rankinis tikrinimas yra l\u0117tas ir nenuoseklus<\/li>\n<li>Reikalavimai kei\u010diasi grei\u010diau, nei sp\u0117jate sekti<\/li>\n<li>Skirtingose jurisdikcijose galioja skirtingos taisykl\u0117s<\/li>\n<li>Niekas negali tur\u0117ti \u0161imt\u0173 reikalavim\u0173 savo galvoje<\/li>\n<li>Spaudimas veikti greitai lemia trumpesnius kelius<\/li>\n<li>N\u0117ra \u012frodym\u0173, kad i\u0161 tikr\u0173j\u0173 visk\u0105 patikrinote<\/li>\n<\/ul>\n\n<p>Rezultatas: Rezultatas: Atitiktis tampa tik langeli\u0173 tikrinimu. Kol kas nors nepavyksta.<\/p>\n\n\n<hr class=\"wp-block-separator has-alpha-channel-opacity\"\/>\n\n\n\n<h3 class=\"wp-block-heading\">K\u0105 dirbtinis intelektas daro atitikties ir politikos patikros srityje<\/h3>\n\n\n<p>Dirbtinis intelektas \u017eino taisykles. Jis skaito dokumentus. Jis juos lygina. Jis niekada nepavargsta. Jis niekada nepamir\u0161ta reikalavimo.<\/p>\n<p>Ji nepakei\u010dia atitikties ekspertiz\u0117s. Ji padaro atitikt\u012f sisteming\u0105, o ne ad hoc.<\/p>\n\n\n<h4 class=\"wp-block-heading\">1. Automatin\u0117 atitikties patikra<\/h4>\n\n\n<p>Pateikite AI atitikties reikalavimus. Jis patikrina kiekvien\u0105 dokument\u0105 pagal juos.<\/p>\n\n<p><strong>Pavyzdys: BDAR privatumo politikos patikrinimas<\/strong><\/p>\n<p>BDAR reikalaujama atskleisti konkre\u010di\u0105 informacij\u0105. AI tikrina, ar j\u016bs\u0173 privatumo politikoje:<\/p>\n<ul>\n<li>Duomen\u0173 valdytojo tapatyb\u0117 ir kontaktiniai duomenys<\/li>\n<li>Duomen\u0173 apsaugos pareig\u016bno kontaktiniai duomenys (jei taikoma)<\/li>\n<li>Duomen\u0173 tvarkymo tikslai<\/li>\n<li>Teisinis duomen\u0173 tvarkymo pagrindas<\/li>\n<li>Teis\u0117ti interesai (jei taikoma)<\/li>\n<li>Gav\u0117jai arba gav\u0117j\u0173 kategorijos<\/li>\n<li>Tarptautinis duomen\u0173 perdavimas (jei taikoma)<\/li>\n<li>Saugojimo laikotarpiai<\/li>\n<li>Duomen\u0173 subjekt\u0173 teis\u0117s (prieiga prie duomen\u0173, i\u0161taisymas, i\u0161trynimas ir kt.)<\/li>\n<li>Teis\u0117 at\u0161aukti sutikim\u0105<\/li>\n<li>Teis\u0117 pateikti skund\u0105 prie\u017ei\u016bros institucijai<\/li>\n<li>Automatizuoto sprendim\u0173 pri\u0117mimo atskleidimas (jei taikoma)<\/li>\n<\/ul>\n\n<p>AI gr\u012f\u017eta:<\/p>\n<ul>\n<li>\u2713 Dovanos: \u012evykdyt\u0173 reikalavim\u0173 s\u0105ra\u0161as<\/li>\n<li>\u2717 Tr\u016bksta: Reikalavim\u0173 s\u0105ra\u0161as nerastas<\/li>\n<li>\u26a0 Neai\u0161ku: Reikalavimai galimai aptarti, bet ai\u0161kiai nenurodyti<\/li>\n<\/ul>\n\n<p>I\u0161taisykite spragas, kol j\u0173 nerado reguliavimo institucijos.<\/p>\n\n\n<h4 class=\"wp-block-heading\">2. Reikalaujamas turinio patikrinimas<\/h4>\n\n\n<p>Kai kuriuose dokumentuose turi b\u016bti nurodyta konkreti kalba. \u017dodis po \u017eod\u017eio. AI j\u0105 patikrina.<\/p>\n\n<p><strong>Pavyzdys: Konkre\u010dios valstijos atskleid\u017eiama informacija<\/strong><\/p>\n\n<p>Kalifornijoje reikalaujama, kad \u012fdarbinimo arbitra\u017eo susitarimuose b\u016bt\u0173 nurodyta konkreti kalba. Niujorke reikalaujama, kad taikos sutartyse su konfidencialumo i\u0161lygomis b\u016bt\u0173 vartojamos konkre\u010dios formuluot\u0117s.<\/p>\n\n<p>AI patikrinimai:<\/p>\n<ul>\n<li>Ar vartojama reikiama kalba?<\/li>\n<li>Ar jis pakankamai ry\u0161kus (jei reikia, kad b\u016bt\u0173 ry\u0161kus)?<\/li>\n<li>Ar naudojama dabartin\u0117 versija (jei kalba buvo atnaujinta)?<\/li>\n<\/ul>\n\n<p>Nepasikliaukite atmintimi ar pasenusiais \u0161ablonais.<\/p>\n\n\n<h4 class=\"wp-block-heading\">3. Keli\u0173 jurisdikcij\u0173 atitiktis<\/h4>\n\n\n<p>Skirtingos valstyb\u0117s, skirtingos taisykl\u0117s. Skirtingose \u0161alyse - skirtingos taisykl\u0117s. Tas pats dokumentas gali atitikti kelis taisykli\u0173 rinkinius.<\/p>\n\n<p>AI vienu metu tikrina visas atitinkamas jurisdikcijas.<\/p>\n\n<p><strong>Pavyzdys: Keli\u0173 valstybi\u0173 paslaug\u0173 teikimo s\u0105lygos<\/strong><\/p>\n\n<p>J\u016bs\u0173 bendrov\u0117 veikia Kalifornijoje, Niujorke ir Teksase. Kiekvienoje valstijoje galioja special\u016bs reikalavimai vartojimo sutartims.<\/p>\n\n<p>AI tikrina paslaug\u0173 teikimo s\u0105lygas:<\/p>\n<ul>\n<li>Kalifornijos vartotoj\u0173 apsaugos \u012fstatymai<\/li>\n<li>Kalifornijos automatinio atnaujinimo \u012fstatymo reikalavimai<\/li>\n<li>Niujorko vartotoj\u0173 apsaugos taisykl\u0117s<\/li>\n<li>Teksaso valstijai b\u016bdingos nuostatos<\/li>\n<li>Federaliniai reglamentai (FTC ir kt.)<\/li>\n<\/ul>\n\n<p>Rezultatai rodo atitikties b\u016bkl\u0119 pagal jurisdikcij\u0105. Matote, k\u0105 tiksliai reikia prid\u0117ti kiekvienoje valstyb\u0117je.<\/p>\n\n\n<h4 class=\"wp-block-heading\">4. Reguliavimo poky\u010di\u0173 steb\u0117sena<\/h4>\n\n\n<p>Kei\u010diasi taisykl\u0117s. Priimami nauji \u012fstatymai. Agent\u016bros i\u0161leid\u017eia naujas gaires. Teism\u0173 sprendimais nustatomi nauji reikalavimai.<\/p>\n\n<p>AI stebi atitinkamus \u0161altinius:<\/p>\n<ul>\n<li>Federalinio registro atnaujinimai<\/li>\n<li>Valstij\u0173 teis\u0117s akt\u0173 pakeitimai<\/li>\n<li>Agent\u016bros gair\u0117s ir ai\u0161kinimai<\/li>\n<li>Teism\u0173 sprendimai, darantys \u012ftak\u0105 reikalavim\u0173 laikymuisi<\/li>\n<li>Konkre\u010dios pramon\u0117s \u0161akos reguliavimo institucijos<\/li>\n<\/ul>\n\n<p>Kai kas nors pasikei\u010dia ir tai turi \u012ftakos jums, dirbtinis intelektas tai pa\u017eymi:<\/p>\n<ul>\n<li>Kas pasikeit\u0117<\/li>\n<li>\u012esigaliojimo data<\/li>\n<li>Kuriems dokumentams daromas poveikis<\/li>\n<li>K\u0105 reikia atnaujinti<\/li>\n<\/ul>\n\n<p>Apie tai, kad taisykl\u0117s pasikeit\u0117, su\u017einosite ne tada, kai gausite prane\u0161im\u0105 apie pa\u017eeidim\u0105.<\/p>\n\n\n<h4 class=\"wp-block-heading\">5. Tr\u016bkum\u0173 analiz\u0117 ir tr\u016bkum\u0173 \u0161alinimo pasi\u016blymai<\/h4>\n\n\n<p>Vienas dalykas - rasti spragas. \u017dinoti, kaip jas i\u0161taisyti, - kita.<\/p>\n\n<p>Dirbtinis intelektas ne tik nustato tr\u016bkstamus reikalavimus, bet ir pasi\u016blo, kaip juos spr\u0119sti.<\/p>\n\n<p><strong>Pavyzdys:<\/strong><\/p>\n<p><em>Nustatyta spraga: \"Privatumo politikoje nenurodyti saugojimo laikotarpiai, kaip reikalaujama pagal BDAR 13 straipsnio 2 dalies a punkt\u0105.\"<\/em><\/p>\n\n<p><em>Si\u016bloma kalba: \"Asmens duomenis saugome [nurodyti laikotarpius] arba tiek laiko, kiek reikia tikslams, d\u0117l kuri\u0173 jie buvo surinkti, \u012fvykdyti, nebent \u012fstatymai reikalauja ilgesnio saugojimo laikotarpio.\"<\/em><\/p>\n\n<p>Neprad\u0117kite nuo nulio. Per\u017ei\u016br\u0117kite ir pritaikykite si\u016blom\u0105 kalb\u0105.<\/p>\n\n\n<h4 class=\"wp-block-heading\">6. Politikos versij\u0173 kontrol\u0117 ir audito seka<\/h4>\n\n\n<p>Atitiktis rei\u0161kia, kad reikia \u012frodyti, jog laik\u0117t\u0117s reikalavim\u0173. AI sukuria dokumentus:<\/p>\n<ul>\n<li>Patikrinus kiekvien\u0105 politik\u0105<\/li>\n<li>Kokie reikalavimai buvo patikrinti<\/li>\n<li>Nustatytos spragos<\/li>\n<li>Kokie atnaujinimai buvo atlikti<\/li>\n<li>Kada atnaujinimai buvo prad\u0117ti naudoti<\/li>\n<li>Kas patvirtino pakeitimus<\/li>\n<\/ul>\n\n<p>Jei atliekate audit\u0105 arba susiduriate su atitikties tyrimu, turite ai\u0161kius dokumentus.<\/p>\n\n\n<hr class=\"wp-block-separator has-alpha-channel-opacity\"\/>\n\n\n\n<h3 class=\"wp-block-heading\">K\u0105 tai rei\u0161kia jums<\/h3>\n\n\n\n<h4 class=\"wp-block-heading\">Sprendim\u0173 pri\u0117m\u0117jams<\/h4>\n\n\n<p><strong>Ma\u017eesn\u0117 atitikties rizika.<\/strong><br \/>\nSistemingas tikrinimas padeda u\u017efiksuoti spragas, kol jos netapo pa\u017eeidimais. Ma\u017eiau baud\u0173. Ma\u017eiau reguliavimo problem\u0173. Ma\u017eiau ie\u0161kini\u0173.<\/p>\n\n<p><strong>Auditui paruo\u0161ti procesai.<\/strong><br \/>\nAi\u0161kiai dokumentuoti, kas ir kada buvo patikrinta ir koki\u0173 veiksm\u0173 buvo imtasi. Reguliavimo institucijos mato profesionali\u0105 atitikties program\u0105.<\/p>\n\n<p><strong>Greitesni dokument\u0173 atnaujinimai.<\/strong><br \/>\nKai kei\u010diasi taisykl\u0117s, tiksliai \u017einote, k\u0105 reikia atnaujinti. Nebereikia masi\u0161kai visk\u0105 per\u017ei\u016br\u0117ti.<\/p>\n\n<p><strong>Nuosekli atitiktis visoje organizacijoje.<\/strong><br \/>\nKiekvienas dokumentas tikrinamas taip pat kruop\u0161\u010diai. Joki\u0173 skirtum\u0173 d\u0117l to, kas u\u017esi\u0117m\u0119s arba kas pamir\u0161o k\u0105 nors patikrinti.<\/p>\n\n\n<h4 class=\"wp-block-heading\">Teisininkams ir atitikties komandoms<\/h4>\n\n\n<p><strong>Sistemingas tikrinimas vietoj atminties.<\/strong><br \/>\nJums nereikia prisiminti 200 reikalavim\u0173. Dirbtinis intelektas kiekvien\u0105 kart\u0105 juos visus patikrina.<\/p>\n\n<p><strong>\u012erodymai, kad atlikote savo darb\u0105.<\/strong><br \/>\nAi\u0161k\u016bs \u012fra\u0161ai apie atliktus atitikties patikrinimus. Jei kas nors nutikt\u0173 ne taip, gal\u0117site \u012frodyti, kad buvote deramai r\u016bpestingi.<\/p>\n\n<p><strong>Aktyvus, o ne reaktyvus.<\/strong><br \/>\nProblem\u0173 rasite k\u016brimo metu, o ne po publikavimo. Su\u017einosite apie reguliavimo poky\u010dius anks\u010diau, nei klientai apie juos paklaus.<\/p>\n\n<p><strong>D\u0117mesys sud\u0117tingiems sprendimams.<\/strong><br \/>\nAI atlieka \u012fprast\u0105 atitikties patikr\u0105. J\u016bs sutelksite d\u0117mes\u012f \u012f pilk\u0105sias zonas, rizikos vertinim\u0105 ir strateginius atitikties sprendimus.<\/p>\n\n\n<h4 class=\"wp-block-heading\">Verslui<\/h4>\n\n\n<p><strong>Jud\u0117kite greitai, nepa\u017eeisdami taisykli\u0173.<\/strong><br \/>\nAtitikties tikrinimas visko nel\u0117tina. Greitos automatin\u0117s patikros leid\u017eia saugiai jud\u0117ti greitai.<\/p>\n\n<p><strong>Suma\u017einkite atitikties u\u017etikrinimo i\u0161laidas.<\/strong><br \/>\nMa\u017eiau laiko sugai\u0161tama rankiniam tikrinimui. Ma\u017eiau atitikties problem\u0173, kurias reikia brangiai i\u0161taisyti. Ma\u017eesn\u0117 baud\u0173 rizika.<\/p>\n\n<p><strong>U\u017etikrinkite suinteresuot\u0173j\u0173 \u0161ali\u0173 pasitik\u0117jim\u0105.<\/strong><br \/>\nKlientai, partneriai ir reguliavimo institucijos mato \u012fmon\u0119, kuri rimtai \u017ei\u016bri \u012f atitikt\u012f.<\/p>\n\n\n<hr class=\"wp-block-separator has-alpha-channel-opacity\"\/>\n\n\n\n<h3 class=\"wp-block-heading\">Realaus pasaulio pavyzdys: Svetain\u0117s privatumo politikos atnaujinimas<\/h3>\n\n\n<p>J\u016bs\u0173 \u012fmon\u0117 veikia JAV ir ES. BDAR buvo atnaujintas ir papildytas naujais reikalavimais.<\/p>\n\n<p><strong>Be dirbtinio intelekto:<\/strong><\/p>\n<ul>\n<li>Atitikties u\u017etikrinimo komanda su\u017eino apie atnaujinim\u0105 (galiausiai)<\/li>\n<li>Nauj\u0173 reikalavim\u0173 ap\u017evalgos<\/li>\n<li>randa dabartin\u012f privatumo politikos dokument\u0105<\/li>\n<li>Rankiniu b\u016bdu perskaityta politika<\/li>\n<li>Stengiasi prisiminti visus naujus BDAR reikalavimus<\/li>\n<li>Projekt\u0173 atnaujinimai<\/li>\n<li>Siun\u010diama teisininkui, kad \u0161is per\u017ei\u016br\u0117t\u0173.<\/li>\n<li>Teisin\u0117s per\u017ei\u016bros ir redagavimai<\/li>\n<li>Atnaujinimai pereina patvirtinimo proces\u0105<\/li>\n<li>Svetain\u0117s komanda \u012fgyvendina pakeitimus<\/li>\n<li>Laikas: 3-6 savait\u0117s<\/li>\n<li>Rizika: Galb\u016bt ka\u017ek\u0105 praleidote<\/li>\n<\/ul>\n\n<p><strong>Su dirbtiniu intelektu:<\/strong><\/p>\n<ul>\n<li>Dirbtinis intelektas aptinka BDAR atnaujinim\u0105 (jo paskelbimo dien\u0105)<\/li>\n<li>AI v\u0117liavos: \"Nauji BDAR reikalavimai turi \u012ftakos j\u016bs\u0173 privatumo politikai\"<\/li>\n<li>dirbtinis intelektas tikrina dabartin\u0119 politik\u0105 pagal naujus reikalavimus.<\/li>\n<li>AI sukuria ataskait\u0105: \"Tr\u016bksta 3 privalom\u0173 atskleisti duomen\u0173\" su konkre\u010diais duomenimis<\/li>\n<li>dirbtinis intelektas si\u016blo kalb\u0105 kiekvienam tr\u016bkstamam elementui<\/li>\n<li>Atitiktis per\u017ei\u016bri AI pasi\u016blymus ir pritaiko<\/li>\n<li>Teisininkai per\u017ei\u016bri si\u016blomus pakeitimus<\/li>\n<li>Atnaujinimai pereina patvirtinimo proces\u0105<\/li>\n<li>Svetain\u0117s komanda \u012fgyvendina pakeitimus<\/li>\n<li>AI patikrina, ar atnaujinta politika atitinka visus reikalavimus.<\/li>\n<li>Laikas: 3-5 dienos<\/li>\n<li>Rizika: i\u0161samus patikrinimas pagal visus reikalavimus<\/li>\n<\/ul>\n\n<p>Ta pati kokyb\u0117. 75% greitesnis. Geresn\u0117 dokumentacija. Didesnis pasitik\u0117jimas.<\/p>\n\n\n<hr class=\"wp-block-separator has-alpha-channel-opacity\"\/>\n\n\n\n<h3 class=\"wp-block-heading\">Ko dirbtinis intelektas nedaro<\/h3>\n\n\n<p>Ai\u0161kiai pasakykime, ko dirbtinis intelektas negali padaryti.<\/p>\n\n<p><strong>Dirbtinis intelektas neai\u0161kina dviprasmi\u0161k\u0173 taisykli\u0173.<\/strong><br \/>\nKai \u012fstatymas ai\u0161kus, dirbtin\u0117 intelektin\u0117 nuosavyb\u0117 tikrina, ar jo laikomasi. Kai reikia ai\u0161kinimo, \u017emon\u0117s sprend\u017eia, kaip laikytis teis\u0117s akt\u0173.<\/p>\n\n<p><strong>AI nepriima verslo sprendim\u0173 d\u0117l rizikos.<\/strong><br \/>\nJame nustatomos atitikties spragos. Nusprend\u017eiate, ar jas i\u0161taisyti nedelsiant, ar prisiimti rizik\u0105, ar ie\u0161koti kitokio po\u017ei\u016brio.<\/p>\n\n<p><strong>Dirbtinis intelektas nepakei\u010dia atitikties vertinimo.<\/strong><br \/>\nKartais atitiktis n\u0117ra juoda ar balta. AI pa\u017eymi problem\u0105. Atitikties u\u017etikrinimo specialistas priima sprendim\u0105.<\/p>\n\n<p><strong>AI n\u0117ra automati\u0161kai atnaujinamas am\u017einai.<\/strong><br \/>\nReguliavimo steb\u0117senai reikalinga prie\u017ei\u016bra. AI taisykli\u0173 rinkin\u012f reikia papildyti naujais teis\u0117s aktais. Ka\u017ekas turi tai valdyti.<\/p>\n\n<p><strong>D\u0117l dirbtinio intelekto nesilaikote reikalavim\u0173.<\/strong><br \/>\nJi padeda patikrinti atitikt\u012f. Vis tiek turite i\u0161taisyti spragas, \u012fgyvendinti politik\u0105 ir vykdyti tolesnius veiksmus.<\/p>\n\n<p>AI yra atitikties u\u017etikrinimo priemon\u0117. Atitikties u\u017etikrinimo specialistai vis dar yra b\u016btini.<\/p>\n\n\n<hr class=\"wp-block-separator has-alpha-channel-opacity\"\/>\n\n\n\n<h3 class=\"wp-block-heading\">Kaip prad\u0117ti<\/h3>\n\n\n<p><strong>1. Nustatykite atitikties reikalavimus.<\/strong><br \/>\nKokios taisykl\u0117s taikomos j\u016bs\u0173 verslui? Koki\u0173 pramon\u0117s standart\u0173 turite laikytis? Koki\u0173 sutartini\u0173 \u012fsipareigojim\u0173 turite?<\/p>\n\n<p><strong>2. Dokumentuokite savo dabartinius atitikties patikros s\u0105ra\u0161us.<\/strong><br \/>\nK\u0105 \u0161iuo metu tikrinate? K\u0105 tur\u0117tum\u0117te tikrinti? Ai\u0161kiai tai \u012fvardykite.<\/p>\n\n<p><strong>3. Nustatykite prioritetus pagal rizik\u0105.<\/strong><br \/>\nPrad\u0117kite nuo riziking\u0173 atitikties sri\u010di\u0173 (BDAR, HIPAA, finansiniai reglamentai). V\u0117liau prid\u0117kite ma\u017eesn\u0117s rizikos sritis.<\/p>\n\n<p><strong>4. Sukurkite dirbtinio intelekto taisykli\u0173 rinkinius.<\/strong><br \/>\nApmokykite dirbtin\u012f intelektin\u012f intelekt\u0105 laikytis atitikties reikalavim\u0173. Kuo ai\u0161kiau ir konkre\u010diau, tuo geriau.<\/p>\n\n<p><strong>5. Esam\u0173 dokument\u0173 testavimas.<\/strong><br \/>\nAtlikite esamos politikos ir sutar\u010di\u0173 atitikties dirbtiniu intelektu patikras. Pa\u017ei\u016br\u0117kite, k\u0105 jis randa. Patvirtinkite tikslum\u0105.<\/p>\n\n<p><strong>6. Integruoti \u012f darbo eig\u0105.<\/strong><br \/>\n\u012eveskite AI atitikties patikr\u0105 kaip standartin\u012f veiksm\u0105. Dokumento projektas \u2192 dirbtinio intelekto patikra \u2192 \u017emogaus per\u017ei\u016bra \u2192 patvirtinimas.<\/p>\n\n<p><strong>7. Steb\u0117ti ir tobulinti.<\/strong><br \/>\nSteb\u0117kite klaidingai teigiamus ir klaidingai neigiamus rezultatus. Tobulinkite dirbtinio intelekto taisykles. Nuolat atnaujinkite reguliavimo steb\u0117sen\u0105.<\/p>\n\n\n<hr class=\"wp-block-separator has-alpha-channel-opacity\"\/>\n\n\n\n<h3 class=\"wp-block-heading\">Da\u017eniausi klausimai<\/h3>\n\n\n<p><strong>Kokius teis\u0117s aktus gali patikrinti AI?<\/strong><br \/>\nBet koks reglamentas, kuriam taikomi ai\u0161k\u016bs, dokumentais pagr\u012fsti reikalavimai. GDPR, CCPA, HIPAA, SOX, konkre\u010dios pramon\u0117s \u0161akos reglamentai. Kuo ai\u0161kesn\u0117 taisykl\u0117, tuo geriau veikia dirbtinis intelektas.<\/p>\n\n<p><strong>Ar dirbtinis intelektas gali valdyti konkre\u010dios \u012fmon\u0117s politik\u0105?<\/strong><br \/>\nTaip. AI gali patikrinti dokumentus pagal vidaus politik\u0105, prek\u0117s \u017eenklo gaires, sutar\u010di\u0173 standartus ir konkre\u010dios \u012fmon\u0117s reikalavimus.<\/p>\n\n<p><strong>O kaip d\u0117l konkre\u010dios pramon\u0117s \u0161akos atitikties?<\/strong><br \/>\nDirbtin\u012f intelekt\u0105 galima apmokyti dirbti su pramon\u0117s (finansini\u0173 paslaug\u0173, sveikatos prie\u017ei\u016bros, gamybos ir kt.) taisykl\u0117mis. Norint tinkamai nustatyti, reikia srities \u017eini\u0173.<\/p>\n\n<p><strong>Kaip tiksliai dirbtinis intelektas tikrina atitikt\u012f?<\/strong><br \/>\nAi\u0161k\u016bs reikalavimai (konkret\u016bs atskleidimai, privaloma kalba): 90-95%. D\u0117l ai\u0161kinam\u0173j\u0173 reikalavim\u0173: Reikalingas \u017emogaus sprendimas. Tod\u0117l \u017emogi\u0161koji per\u017ei\u016bra i\u0161lieka labai svarbi.<\/p>\n\n<p><strong>Ar tai tinka tarptautiniam atitikimui?<\/strong><br \/>\nTaip. AI gali patikrinti keli\u0173 \u0161ali\u0173 taisykles. Ypa\u010d naudinga \u012fmon\u0117ms, veikian\u010dioms skirtingose jurisdikcijose.<\/p>\n\n<p><strong>Kaip nuolat atnaujinate AI informacij\u0105 apie reguliavimo poky\u010dius?<\/strong><br \/>\nAutomatin\u0117s steb\u0117senos ir ekspertinio vertinimo derinys. Pagrindiniai pakeitimai pa\u017eymimi automati\u0161kai. Ekspertai patvirtina ir atnaujina dirbtinio intelekto taisykli\u0173 rinkinius.<\/p>\n\n\n<hr class=\"wp-block-separator has-alpha-channel-opacity\"\/>\n\n\n\n<h3 class=\"wp-block-heading\">Apatin\u0117 linija<\/h3>\n\n\n<p>Atitiktis neturi remtis atmintimi ir viltimi.<\/p>\n<p>AI sistemingai tikrina dokumentus pagal teis\u0117s akt\u0173 reikalavimus. Jis stebi, ar n\u0117ra pakeitim\u0173. Jis nurodo spragas. Si\u016blo pataisymus. Visk\u0105 dokumentuoja.<\/p>\n<p>Rezultatas - ma\u017eesn\u0117 atitikties rizika, greitesnis dokument\u0173 atnaujinimas, geresnis pasirengimas auditui, o atitikties u\u017etikrinimo komandos atlieka strategin\u012f darb\u0105, u\u017euot tikrin\u0119 rankiniu b\u016bdu.<\/p>\n<p>Jokios magijos. Tik sistemingas atitikties tikrinimas dideliu mastu.<\/p>\n\n\n<hr class=\"wp-block-separator has-alpha-channel-opacity\"\/>\n\n\n\n<h3 class=\"wp-block-heading\">Ar esate pasireng\u0119 pagerinti atitikties patikr\u0105?<\/h3>\n\n\n<p>Kiekvienoje organizacijoje taikomi skirtingi atitikties reikalavimai, rizikos profiliai ir procesai.<\/p>\n<p>Mes neparduodame bendrini\u0173 atitikties priemoni\u0173. Nagrin\u0117jame konkre\u010dius j\u016bs\u0173 teis\u0117s aktus ir atitikties i\u0161\u0161\u016bkius. Nustatome, kur dirbtinis intelektas suteikia did\u017eiausi\u0105 vert\u0119. Kuriame j\u016bs\u0173 poreikius atitinkan\u010dias tikrinimo sistemas.<\/p>\n<p>Pasikalb\u0117kime apie atitikties reikalavimus ir apie tai, kur dirbtinis intelektas gali pad\u0117ti.<\/p>\n\n<p><a href=\"https:\/\/www.leaplytics.de\/lt\/kontaktas\/\">Aptarkite savo atitikties poreikius<\/a><\/p>\n\n<p><a href=\"https:\/\/www.leaplytics.de\/lt\/teisine-teise-ai\/\">Gr\u012f\u017eti \u012f teisinio AI ap\u017evalg\u0105<\/a><\/p>","protected":false},"excerpt":{"rendered":"<p>AI for Compliance &#038; Policy Checking: Stop Hoping You Didn&#8217;t Miss Something Rules are everywhere. Federal laws. State laws. Industry regulations. Company policies. Contractual obligations. Data protection requirements. Every document needs to comply. Every policy needs updating when regulations change. Every contract needs checking against multiple rule sets. Compliance isn&#8217;t optional. The cost of missing &hellip; <\/p>","protected":false},"author":2,"featured_media":0,"parent":0,"menu_order":0,"comment_status":"closed","ping_status":"closed","template":"","meta":{"footnotes":""},"class_list":["post-14460","page","type-page","status-publish","hentry","latest_post"],"_links":{"self":[{"href":"https:\/\/www.leaplytics.de\/lt\/wp-json\/wp\/v2\/pages\/14460","targetHints":{"allow":["GET"]}}],"collection":[{"href":"https:\/\/www.leaplytics.de\/lt\/wp-json\/wp\/v2\/pages"}],"about":[{"href":"https:\/\/www.leaplytics.de\/lt\/wp-json\/wp\/v2\/types\/page"}],"author":[{"embeddable":true,"href":"https:\/\/www.leaplytics.de\/lt\/wp-json\/wp\/v2\/users\/2"}],"replies":[{"embeddable":true,"href":"https:\/\/www.leaplytics.de\/lt\/wp-json\/wp\/v2\/comments?post=14460"}],"version-history":[{"count":1,"href":"https:\/\/www.leaplytics.de\/lt\/wp-json\/wp\/v2\/pages\/14460\/revisions"}],"predecessor-version":[{"id":14466,"href":"https:\/\/www.leaplytics.de\/lt\/wp-json\/wp\/v2\/pages\/14460\/revisions\/14466"}],"wp:attachment":[{"href":"https:\/\/www.leaplytics.de\/lt\/wp-json\/wp\/v2\/media?parent=14460"}],"curies":[{"name":"wp","href":"https:\/\/api.w.org\/{rel}","templated":true}]}}