{"id":14493,"date":"2025-12-19T01:59:35","date_gmt":"2025-12-19T00:59:35","guid":{"rendered":"https:\/\/www.leaplytics.de\/?page_id=14493"},"modified":"2025-12-19T01:59:36","modified_gmt":"2025-12-19T00:59:36","slug":"tiekimo-grandines-atsargu-valdymas-ai","status":"publish","type":"page","link":"https:\/\/www.leaplytics.de\/lt\/tiekimo-grandines-atsargu-valdymas-ai\/","title":{"rendered":"Tiekimo grandin\u0117s ir atsarg\u0173 valdymas AI"},"content":{"rendered":"<h2>Tiekimo grandin\u0117s ir atsarg\u0173 valdymo dirbtinis intelektas<\/h2>\n\n<p>J\u016bs\u0173 atsargos yra arba per didel\u0117s, arba per ma\u017eos. Niekada neb\u016bna kaip tik.<\/p>\n<p>Per daug atsarg\u0173? Pinigai \u012fstrig\u0119 lentynose. Sand\u0117liavimo i\u0161laidos ma\u017eina peln\u0105. Produktai sensta anks\u010diau, nei juos parduodate.<\/p>\n<p>Per ma\u017eai? Atsarg\u0173 tr\u016bkumas. Prarastas pardavimas. Pikti klientai. Skub\u016bs u\u017esakymai auk\u0161tesn\u0117mis kainomis.<\/p>\n<p>Tuo tarpu j\u016bs bandote prognozuoti paklaus\u0105, sekti siuntas i\u0161 keli\u0173 tiek\u0117j\u0173 ir nustatyti, kada reikia papildyti u\u017esakym\u0105 - ir visa tai vyksta nuolat kintant rinkai.<\/p>\n<p>Dirbtinis intelektas negali u\u017etikrinti, kad j\u016bs\u0173 tiekimo grandin\u0117 b\u016bt\u0173 tobula. Ta\u010diau jis gali pagerinti j\u016bs\u0173 sprendimus. Jis stebi visk\u0105 vienu metu. Istoriniuose duomenyse pastebi d\u0117sningumus. Jis \u012fsp\u0117ja jus apie problemas, kol jos dar netapo kriz\u0117mis.<\/p>\n<p>Tai nerei\u0161kia, kad reikia pakeisti tiekimo grandin\u0117s komand\u0105. Reikia suteikti jiems matomum\u0105 ir geresnes prognozes, kad jie gal\u0117t\u0173 efektyviau atlikti savo darb\u0105.<\/p>\n\n\n<hr class=\"wp-block-separator has-alpha-channel-opacity\"\/>\n\n\n\n<h3 class=\"wp-block-heading\">Tikroji atsarg\u0173 valdymo problema<\/h3>\n\n\n<p>Kiekvienas SKU yra skirtingas. Kai kurios greitai juda. Kai kurios juda l\u0117tai. Kai kurios yra sezonin\u0117s. Kai kurie seka tendencijas, kuri\u0173 niekas nenumat\u0117.<\/p>\n<p>J\u016bs\u0173 planuotojai stengiasi visk\u0105 suderinti. Jie \u017ei\u016bri \u012f pra\u0117jusi\u0173 met\u0173 skai\u010dius. Jie atsi\u017evelgia \u012f augim\u0105. Jie atsi\u017evelgia \u012f akcijas. Jie atsi\u017evelgia \u012f \u017einomus \u012fvykius.<\/p>\n<p>Ta\u010diau yra per daug kintam\u0173j\u0173. Per daug SKU. Per daug \"kas b\u016bt\u0173, jeigu b\u016bt\u0173\". Skai\u010diuokl\u0117 gali tik tiek.<\/p>\n<p>Rezultatas? U\u017esisakote per daug to, ko neparduosite. Per ma\u017eai to, ko nori klientai. J\u016bs\u0173 pinig\u0173 srautai ken\u010dia abiem kryptimis.<\/p>\n<p>Ir tiek\u0117jai nepadeda. Skirtingi pristatymo terminai. Kokyb\u0117s problemos, d\u0117l kuri\u0173 tenka keisti u\u017esakymus. Be \u012fsp\u0117jimo v\u0117luojan\u010dios siuntos.<\/p>\n<p>J\u016bs\u0173 komanda pus\u0119 laiko praleid\u017eia tik steb\u0117dama, kaip sekasi, u\u017euot planavusi, kas bus toliau.<\/p>\n\n\n<hr class=\"wp-block-separator has-alpha-channel-opacity\"\/>\n\n\n\n<h3 class=\"wp-block-heading\">K\u0105 dirbtinis intelektas daro tiekimo grandinei ir atsargoms<\/h3>\n\n\n<p>Dirbtinis intelektas - tai didelio masto modeli\u0173 atpa\u017einimas. J\u016bs\u0173 tiekimo grandin\u0117 generuoja daugyb\u0119 duomen\u0173. Dirbtinis intelektas randa d\u0117sningumus, kuri\u0173 \u017emon\u0117s nemato arba neturi laiko ie\u0161koti.<\/p>\n\n\n<h4 class=\"wp-block-heading\">Paklausos prognozavimas, kuris i\u0161 tikr\u0173j\u0173 veikia<\/h4>\n\n\n<p>Dirbtinis intelektas analizuoja j\u016bs\u0173 ankstesni\u0173 pardavim\u0173 duomenis. Ne tik pra\u0117jusi\u0173 met\u0173 - keleri\u0173 met\u0173. Jis nustato:<\/p>\n<ul>\n<li>Sezoniniai modeliai (m\u0117nesio, savait\u0117s, net dienos ciklai)<\/li>\n<li>Augimo tendencijos ir j\u0173 poky\u010diai<\/li>\n<li>Akcij\u0173 ir kain\u0173 poky\u010di\u0173 poveikis<\/li>\n<li>Kaip i\u0161or\u0117s veiksniai (orai, \u012fvykiai, rinkos s\u0105lygos) veikia paklaus\u0105<\/li>\n<li>Produkt\u0173 s\u0105sajos (kas parduodama kartu)<\/li>\n<\/ul>\n\n<p>Tada ji parengia prognoz\u0119. Tai n\u0117ra tobula - niekas n\u0117ra tobula, bet tikslesn\u0117 nei rankiniai metodai.<\/p>\n<p>Dar svarbiau yra tai, kad ji nuolat atnaujinama, kai gaunama nauj\u0173 duomen\u0173. Pra\u0117jusio m\u0117nesio faktiniai pardavimai? Jau atsi\u017evelgta. Aptikti rinkos poky\u010diai? Prognoz\u0117 koreguojama.<\/p>\n<p>J\u016bs\u0173 planuotojai gauna geresnius pradinius skai\u010dius. Jie vis dar taiko vertinim\u0105. Jie vis dar prisitaiko prie dalyk\u0173, kuri\u0173 dirbtinis intelektas negali \u017einoti. Ta\u010diau jie kiekvien\u0105 kart\u0105 nepradeda nuo nulio.<\/p>\n\n\n<h4 class=\"wp-block-heading\">Atsarg\u0173 optimizavimas remiantis realybe<\/h4>\n\n\n<p>Kiekvienam SKU reikia skirtingo gydymo. Greitai parduodamoms prek\u0117ms reikia prieinamumo. L\u0117tai judan\u010dioms prek\u0117ms reikia grie\u017etos kontrol\u0117s. Svarbiausioms prek\u0117ms reikia atsarg\u0173. Ma\u017eos vert\u0117s prek\u0117s gali kelti rizik\u0105, kad j\u0173 atsargos gali pritr\u016bkti.<\/p>\n<p>dirbtinis intelektas apskai\u010diuoja optimal\u0173 kiekvieno SKU atsarg\u0173 lyg\u012f, remdamasis:<\/p>\n<ul>\n<li>Paklausos modeliai ir kintamumas<\/li>\n<li>Tiek\u0117j\u0173 parengiamieji terminai (faktiniai, o ne pa\u017ead\u0117ti)<\/li>\n<li>U\u017esakymo s\u0105naudos ir laikymo s\u0105naudos<\/li>\n<li>Paslaug\u0173 lygio tikslai (kokia atsarg\u0173 tr\u016bkumo rizika yra priimtina)<\/li>\n<li>Saugojimo apribojimai ir s\u0105naudos<\/li>\n<\/ul>\n\n<p>Ji rekomenduoja u\u017esakymo ta\u0161kus ir u\u017esakymo kiekius. Ne viskam vienodai - pritaikyta kiekvienai konkre\u010diai prekei.<\/p>\n<p>Rezultatas? Ma\u017eiau vis\u0173 atsarg\u0173. Ma\u017eiau atsarg\u0173. Geresnis pinig\u0173 srautas. Pirk\u0117jai i\u0161 tikr\u0173j\u0173 nori tur\u0117ti atsarg\u0173.<\/p>\n\n\n<h4 class=\"wp-block-heading\">Siunt\u0173 sekimas, kuris niekada nemiega<\/h4>\n\n\n<p>Kiek turite tiek\u0117j\u0173? Kiek siunt\u0173 dabar gabenama? Kas tai stebi?<\/p>\n<p>Vis\u0105 tai stebi dirbtinis intelektas. Jis jungiasi prie ve\u017e\u0117j\u0173 sistem\u0173, tiek\u0117j\u0173 portal\u0173, j\u016bs\u0173 ERP. Jis \u017eino:<\/p>\n<ul>\n<li>Kas u\u017esakyta ir ko tikimasi<\/li>\n<li>Kur dabar yra kiekviena siunta<\/li>\n<li>Nesvarbu, ar jis vykdomas pagal grafik\u0105, ar v\u0117luoja<\/li>\n<li>Kada i\u0161 tikr\u0173j\u0173 bus pristatytas (ne pagal pradin\u0119 s\u0105mat\u0105)<\/li>\n<\/ul>\n\n<p>Kai kas nors v\u0117luoja, su\u017einote i\u0161 karto. Ne tada, kai jis nepasirodo - kai pirm\u0105 kart\u0105 nukrypsta nuo kelio.<\/p>\n<p>J\u016bs\u0173 planuotojai gali prisitaikyti. Pagreitinkite atsargin\u012f u\u017esakym\u0105. \u012esp\u0117ti gamyb\u0105. \u012esp\u0117ti klientus. Kad ir k\u0105 reik\u0117t\u0173 padaryti, jie turi laiko tai padaryti.<\/p>\n\n\n<h4 class=\"wp-block-heading\">Tiek\u0117j\u0173 veiklos analiz\u0117<\/h4>\n\n\n<p>Kurie tiek\u0117jai yra patikimi? Kurie sako, kad 4 savait\u0117s, bet turi omenyje 6 savaites? Kurie turi kokyb\u0117s problem\u0173?<\/p>\n<p>J\u016bs\u0173 komanda tai \u017eino anekdoti\u0161kai. AI \u017eino statisti\u0161kai. Jis seka:<\/p>\n<ul>\n<li>Laiku pristatyto krovinio rodikliai pagal tiek\u0117j\u0105<\/li>\n<li>Parengiamojo darbo laiko kintamumas (vidurkis yra gerai, bet nuoseklumas yra svarbiau)<\/li>\n<li>Kokyb\u0117s atmetimo rodikliai<\/li>\n<li>Reagavimo \u012f problemas laikas<\/li>\n<li>Kain\u0173 konkurencingumas laikui b\u0117gant<\/li>\n<\/ul>\n\n<p>Kai renkat\u0117s tiek\u0117jus ar derat\u0117s d\u0117l sutar\u010di\u0173, turite realius duomenis. Ne jausmus, o faktus.<\/p>\n<p>Kai tiek\u0117jas pradeda atsilikti (suma\u017e\u0117ja savalaiki\u0161kumas, padaug\u0117ja kokyb\u0117s problem\u0173), pastebite tai anksti. Laikas pasikalb\u0117ti, kol tai netapo krize.<\/p>\n\n\n<h4 class=\"wp-block-heading\">Tiekimo grandin\u0117s rizikos aptikimas<\/h4>\n\n\n<p>Tiekimo grandin\u0117s nutr\u016bksta. Tiek\u0117jai nutraukia veikl\u0105. Sutrinka laivybos mar\u0161rutai. Komponentai tampa neprieinami. Kainos \u0161okteli.<\/p>\n<p>Dirbtinis intelektas negali u\u017ekirsti kelio \u0161iems dalykams. Ta\u010diau jis gali jus \u012fsp\u0117ti:<\/p>\n<ul>\n<li>Priklausomyb\u0117 nuo vieno \u0161altinio (esate priklausomi nuo vieno tiek\u0117jo ir neturite atsarginio varianto)<\/li>\n<li>Ilgo pristatymo laiko prek\u0117s, neturin\u010dios saugi\u0173 atsarg\u0173<\/li>\n<li>Tiek\u0117jai, rodantys ankstyvus \u012fsp\u0117jamuosius \u017eenklus (prast\u0117jan\u010dios tiekimo apimtys, prast\u0117janti kokyb\u0117).<\/li>\n<li>Geografin\u0117s koncentracijos rizika (visi tiek\u0117jai viename regione)<\/li>\n<li>Paklausos modeliai rodo, kad jums reik\u0117s daugiau paj\u0117gum\u0173 nei turite.<\/li>\n<\/ul>\n\n<p>J\u016bs\u0173 tiekimo grandin\u0117s komanda gali imtis veiksm\u0173 dar prie\u0161 prasidedant krizei. Sudarykite alternatyvi\u0173 tiek\u0117j\u0173 s\u0105ra\u0161\u0105. Sudarykite svarbiausi\u0173 preki\u0173 atsargas. Der\u0117tis d\u0117l atsargini\u0173 susitarim\u0173.<\/p>\n\n\n<h4 class=\"wp-block-heading\">Automatizuotos u\u017esakymo pakeitimo rekomendacijos<\/h4>\n\n\n<p>Kiekvien\u0105 dien\u0105 dirbtinis intelektas \u017ei\u016bri \u012f:<\/p>\n<ul>\n<li>Dabartinis atsarg\u0173 lygis<\/li>\n<li>Gaunami u\u017esakymai ir paklausos prognoz\u0117<\/li>\n<li>Tiek\u0117j\u0173 pasirengimo laikas<\/li>\n<li>Atidarytos PO ir numatomos \u012fplaukos<\/li>\n<li>U\u017esakymo ta\u0161kai ir optimal\u016bs u\u017esakymo kiekiai<\/li>\n<\/ul>\n\n<p>Tada jis pasi\u016blo, k\u0105 u\u017esisakyti. J\u016bs\u0173 planuotoj\u0173 ap\u017evalga. Jie koreguoja, atsi\u017evelgdami \u012f tai, ko dirbtinis intelektas ne\u017eino (tiek\u0117j\u0173 paj\u0117gum\u0173 apribojimus, b\u016bsimas akcijas, strateginius sprendimus).<\/p>\n<p>Ta\u010diau pagrindinis darbas jau atliktas. Skai\u010diavimai atlikti. Jie priima sprendimus, o ne renka duomenis.<\/p>\n\n\n<hr class=\"wp-block-separator has-alpha-channel-opacity\"\/>\n\n\n\n<h3 class=\"wp-block-heading\">K\u0105 tai rei\u0161kia jums<\/h3>\n\n\n\n<h4 class=\"wp-block-heading\">Veiklos vadovams ir operacij\u0173 vadovams<\/h4>\n\n\n<p><strong>Ma\u017eesn\u0117s atsarg\u0173 laikymo s\u0105naudos.<\/strong> J\u016bs ne sp\u0117liojate, o apskai\u010diuojate optimal\u0173 lyg\u012f. Ma\u017eiau pertekliaus. Ma\u017eiau pasenimo. Pinigai atlaisvinami geresniems tikslams.<\/p>\n\n<p><strong>Ma\u017eiau atsarg\u0173 ir u\u017esakym\u0173.<\/strong> Geresnis prognozavimas ir optimizuotos atsargos rei\u0161kia, kad reikiami produktai bus prieinami tada, kai j\u0173 nor\u0117s klientai.<\/p>\n\n<p><strong>Geresnis pinig\u0173 srautas.<\/strong> Atsargos yra brangios. Ma\u017eesnis atsarg\u0173 kiekis (vis dar tenkinant paklaus\u0105) tiesiogiai didina apyvartin\u012f kapital\u0105.<\/p>\n\n<p><strong>Tiekimo grandin\u0117s matomumas.<\/strong> \u017dinote, kas bus, kas v\u0117luoja ir kam gresia pavojus. Ne rankiniu b\u016bdu - automati\u0161kai.<\/p>\n\n<p><strong>Geresni santykiai su tiek\u0117jais.<\/strong> Veiklos duomenys padeda konstruktyviai kalb\u0117tis. Atlyginkite geriems tiek\u0117jams u\u017e gerus darbus. Spr\u0119skite problemas, susijusias su prastesnius rezultatus demonstruojan\u010diais tiek\u0117jais, remdamiesi faktais.<\/p>\n\n\n<h4 class=\"wp-block-heading\">Tiekimo grandin\u0117s ir atsarg\u0173 vadybininkams<\/h4>\n\n\n<p><strong>Nustokite ie\u0161koti siunt\u0173 rankiniu b\u016bdu.<\/strong> Dirbtinis intelektas visk\u0105 stebi. Matote i\u0161imtis, \u012f kurias reikia atkreipti d\u0117mes\u012f, o ne \u012fprastus atnaujinimus.<\/p>\n\n<p><strong>Geresn\u0117s prognoz\u0117s, pagal kurias galima dirbti.<\/strong> Vis dar taikote vertinim\u0105, ta\u010diau geros prognoz\u0117s tobulinamos, o ne pradedamos nuo tu\u0161\u010di\u0173 skai\u010diuokli\u0173.<\/p>\n\n<p><strong>Duomenimis pagr\u012fsti sprendimai d\u0117l atsarg\u0173.<\/strong> Jokio nuojautos d\u0117l u\u017esakymo ta\u0161k\u0173. Skai\u010diavimai pagr\u012fsti faktiniu paklausos kintamumu ir pristatymo laiku.<\/p>\n\n<p><strong>Ankstyvas \u012fsp\u0117jimas apie problemas.<\/strong> Tiek\u0117jas paslydo? Ar art\u0117ja paklausos \u0161uolis? Did\u0117ja atsarg\u0173 tr\u016bkumo rizika? Su\u017einokite, kol tai netapo gaisro gesinimo pratybomis.<\/p>\n\n<p><strong>Laikas strateginiam darbui.<\/strong> Ma\u017eiau laiko rinkti duomenis ir kurti skai\u010diuokles. Daugiau laiko skirkite santykiams su tiek\u0117jais, proces\u0173 tobulinimui ir paj\u0117gum\u0173 planavimui.<\/p>\n\n\n<h4 class=\"wp-block-heading\">Verslui<\/h4>\n\n\n<p><strong>Produktai prieinami tada, kai j\u0173 nori klientai.<\/strong> Auk\u0161tesnis aptarnavimo lygis be i\u0161p\u016bsto inventoriaus.<\/p>\n\n<p><strong>Ma\u017eesn\u0117s veiklos s\u0105naudos.<\/strong> Ma\u017eiau skubaus pristatymo. Ma\u017eiau skubi\u0173 u\u017esakym\u0173 auk\u0161\u010diausiomis kainomis. Geresnis sand\u0117lio erdv\u0117s i\u0161naudojimas.<\/p>\n\n<p><strong>Atspari tiekimo grandin\u0117.<\/strong> Anksti pasteb\u0117site rizik\u0105 ir tur\u0117site laiko j\u0105 suplanuoti.<\/p>\n\n<p><strong>mastelio keitimas.<\/strong> Prid\u0117ti SKU? Atidaromos vietos? Dirbtinis intelektas ple\u010diasi kartu su jumis. J\u016bs\u0173 komandai nereikia daugintis, kad neatsilikt\u0173.<\/p>\n\n\n<hr class=\"wp-block-separator has-alpha-channel-opacity\"\/>\n\n\n\n<h3 class=\"wp-block-heading\">Ko negali padaryti dirbtinis intelektas<\/h3>\n\n\n<p>Dirbtinis intelektas n\u0117ra stebuklingas. \u0160tai ko jis nepadarys:<\/p>\n\n<p><strong>I\u0161taisykite blogus santykius su tiek\u0117jais.<\/strong> dirbtinis intelektas nurodo, kurie tiek\u0117jai yra nepatikimi. Jis neveda deryb\u0173 d\u0117l geresni\u0173 s\u0105lyg\u0173 ar nesukuria alternatyv\u0173. Tai vis dar priklauso nuo j\u016bs\u0173 komandos.<\/p>\n\n<p><strong>Spr\u0119skite precedento neturin\u010dias situacijas.<\/strong> Dirbtinis intelektas mokosi i\u0161 istorijos. Kai \u012fvyksta ka\u017ekas i\u0161ties naujo (pandemija, rimtas sutrikimas, nauja produkt\u0173 kategorija), svarbesnis tampa \u017emogaus vertinimas.<\/p>\n\n<p><strong>Ie\u0161kokite strategini\u0173 kompromis\u0173.<\/strong> Norint i\u0161saugoti grynuosius pinigus, reikia tur\u0117ti \u0161io produkto atsarg\u0173? Perve\u017eti krovin\u012f oro transportu, kad i\u0161saugotum\u0117te santykius su klientais? Tokiems sprendimams priimti reikia \u017emogi\u0161kojo konteksto, kurio dirbtinis intelektas neturi.<\/p>\n\n<p><strong>Pakeiskite tiekimo grandin\u0117s specialistus.<\/strong> Dirbtinis intelektas atlieka steb\u0117sen\u0105, steb\u0117jim\u0105 ir skai\u010diavimus. J\u016bs\u0173 komanda vis dar planuoja, derasi, sprend\u017eia problemas ir priima sprendimus.<\/p>\n\n<p>Galvokite apie dirbtin\u012f intelekt\u0105 kaip apie tikrai ger\u0105 analitik\u0105, kuris niekada nemiega. Jis visk\u0105 stebi, skai\u010diuoja skai\u010dius ir pateikia galimybes. J\u016bs\u0173 komanda priima sprendimus.<\/p>\n\n\n<hr class=\"wp-block-separator has-alpha-channel-opacity\"\/>\n\n\n\n<h3 class=\"wp-block-heading\">Darbo prad\u017eia<\/h3>\n\n\n<p>Nereikia visko automatizuoti i\u0161 karto. Prad\u0117kite ten, kur skausmas yra did\u017eiausias:<\/p>\n\n<p><strong>1 galimyb\u0117: prad\u0117kite nuo paklausos prognozavimo.<\/strong> Geresn\u0117s prognoz\u0117s pagerina visk\u0105, kas susij\u0119 su tolesniais etapais. Jei turite istorini\u0173 pardavim\u0173 duomen\u0173, tai \u012fgyvendinti gana paprasta.<\/p>\n\n<p><strong>2 galimyb\u0117: prad\u0117kite nuo tiek\u0117j\u0173 steb\u0117jimo.<\/strong> Jei v\u0117luojan\u010dios siuntos jus \u017eudo, prad\u0117kite nuo to. Greitas laim\u0117jimas ir tiesioginis matomumas.<\/p>\n\n<p><strong>3 galimyb\u0117: prad\u0117kite nuo l\u0117tai judan\u010di\u0173j\u0173.<\/strong> Didel\u0117s neparduodam\u0173 preki\u0173 atsarg\u0173 s\u0105naudos? Pirmiausia optimizuokite jas. Greitai judan\u010dioms prek\u0117ms gali b\u016bti gerai ir taip.<\/p>\n\n<p>Svarbiausia yra pasirinkti vien\u0105 problem\u0105, gerai j\u0105 i\u0161spr\u0119sti, \u012frodyti vert\u0119 ir pl\u0117stis. Nesistengti visk\u0105 pakeisti per vien\u0105 nakt\u012f.<\/p>\n\n\n<hr class=\"wp-block-separator has-alpha-channel-opacity\"\/>\n\n\n\n<h3 class=\"wp-block-heading\">Apatin\u0117 linija<\/h3>\n\n\n<p>Tiekimo grandin\u0117s ir atsarg\u0173 valdymas - tai ger\u0173 sprendim\u0173 pri\u0117mimas turint netobul\u0105 informacij\u0105. Dirbtinis intelektas nepadaro informacijos tobulos, bet padaro j\u0105 daug geresn\u0119.<\/p>\n\n<p>Geresn\u0117s prognoz\u0117s. Optimizuotas atsarg\u0173 lygis. Visi\u0161kas siunt\u0173 matomumas. Ankstyvas \u012fsp\u0117jimas apie tiek\u0117j\u0173 problemas. Duomenimis, o ne nuojauta pagr\u012fstos rekomendacijos.<\/p>\n\n<p>J\u016bs\u0173 tiekimo grandin\u0117s komanda grei\u010diau priima geresnius sprendimus. Ma\u017eiau laiko steb\u0117jimui. Daugiau laiko planavimui. Ma\u017eesn\u0117s i\u0161laidos ir geresn\u0117s paslaugos tuo pa\u010diu metu.<\/p>\n\n<p>\u0160tai k\u0105 i\u0161 tikr\u0173j\u0173 suteikia dirbtinis intelektas tiekimo grandinei. Ne magija - tiesiog geresn\u0117 informacija ir geresni \u012frankiai darb\u0105 atliekantiems \u017emon\u0117ms.<\/p>\n\n\n<hr class=\"wp-block-separator has-alpha-channel-opacity\"\/>\n\n\n\n<h3 class=\"wp-block-heading\">Ar esate pasireng\u0119 pagerinti savo tiekimo grandin\u0119?<\/h3>\n\n\n<p>Kiekviena tiekimo grandin\u0117 yra skirtinga. J\u016bs\u0173 prek\u0117s vienetai, tiek\u0117jai, klientai ir apribojimai yra unikal\u016bs j\u016bs\u0173 verslui.<\/p>\n\n<p>Mes neparduodame bendrini\u0173 sprendim\u0173. Nagrin\u0117jame konkre\u010di\u0105 j\u016bs\u0173 situacij\u0105. Kur yra did\u017eiausi skauduliai? Kur dirbtinis intelektas i\u0161 tikr\u0173j\u0173 gali pad\u0117ti? Kas realu atsi\u017evelgiant \u012f j\u016bs\u0173 duomenis ir sistemas?<\/p>\n\n<p>Tada sukursime tai, kas tinka j\u016bs\u0173 darbui. Jokio triuk\u0161mo. Joki\u0173 perteklini\u0173 pardavim\u0173. Tik praktiniai \u012frankiai, kurie j\u016bs\u0173 tiekimo grandin\u0119 padarys efektyvesn\u0119.<\/p>\n\n<p><a href=\"https:\/\/www.leaplytics.de\/lt\/kontaktas\/\">Pasikalb\u0117kite su mumis apie savo tiekimo grandin\u0119<\/a><\/p>\n\n<p><a href=\"https:\/\/www.leaplytics.de\/lt\/operacijos-ai\/\">Gr\u012f\u017eti \u012f operacij\u0173 AI<\/a><\/p>","protected":false},"excerpt":{"rendered":"<p>AI for Supply Chain &#038; Inventory Management Your inventory is either too high or too low. Never just right. Too much inventory? Cash trapped on shelves. Storage costs eating profit. Products aging out before they sell. Too little? Stockouts. Lost sales. Angry customers. Rush orders at premium prices. And meanwhile, you&#8217;re trying to predict demand, &hellip; <\/p>","protected":false},"author":2,"featured_media":0,"parent":0,"menu_order":0,"comment_status":"closed","ping_status":"closed","template":"","meta":{"footnotes":""},"class_list":["post-14493","page","type-page","status-publish","hentry","latest_post"],"_links":{"self":[{"href":"https:\/\/www.leaplytics.de\/lt\/wp-json\/wp\/v2\/pages\/14493","targetHints":{"allow":["GET"]}}],"collection":[{"href":"https:\/\/www.leaplytics.de\/lt\/wp-json\/wp\/v2\/pages"}],"about":[{"href":"https:\/\/www.leaplytics.de\/lt\/wp-json\/wp\/v2\/types\/page"}],"author":[{"embeddable":true,"href":"https:\/\/www.leaplytics.de\/lt\/wp-json\/wp\/v2\/users\/2"}],"replies":[{"embeddable":true,"href":"https:\/\/www.leaplytics.de\/lt\/wp-json\/wp\/v2\/comments?post=14493"}],"version-history":[{"count":1,"href":"https:\/\/www.leaplytics.de\/lt\/wp-json\/wp\/v2\/pages\/14493\/revisions"}],"predecessor-version":[{"id":14507,"href":"https:\/\/www.leaplytics.de\/lt\/wp-json\/wp\/v2\/pages\/14493\/revisions\/14507"}],"wp:attachment":[{"href":"https:\/\/www.leaplytics.de\/lt\/wp-json\/wp\/v2\/media?parent=14493"}],"curies":[{"name":"wp","href":"https:\/\/api.w.org\/{rel}","templated":true}]}}