{"id":14495,"date":"2025-12-19T01:58:56","date_gmt":"2025-12-19T00:58:56","guid":{"rendered":"https:\/\/www.leaplytics.de\/?page_id=14495"},"modified":"2025-12-19T01:58:57","modified_gmt":"2025-12-19T00:58:57","slug":"procesu-automatizavimas-darbo-eiga-ai","status":"publish","type":"page","link":"https:\/\/www.leaplytics.de\/lt\/procesu-automatizavimas-darbo-eiga-ai\/","title":{"rendered":"Proces\u0173 automatizavimas ir darbo eigos dirbtinis intelektas"},"content":{"rendered":"<h2>AI proces\u0173 automatizavimui ir darbo eigai<\/h2>\n\n<p>Operacijos vykdomos procesuose. Nuo u\u017esakymo iki \u012fvykdymo. Nuo u\u017eklausos iki sprendimo. U\u017eduotis iki u\u017ebaigimo. Viskas vyksta etapais.<\/p>\n<p>Kai procesai veikia skland\u017eiai, viskas vyksta skland\u017eiai. Kai taip n\u0117ra, viskas stringa. U\u017eduotys susikaupia. Perdavimas nepavyksta. \u017dmon\u0117s gai\u0161ta laik\u0105 klausin\u0117dami \"kur tai yra?\" ir \"kas tai turi?\".<\/p>\n<p>Dauguma proces\u0173 problem\u0173 kyla ne d\u0117l to, kad \u017emon\u0117ms ner\u016bpi. Jos kyla d\u0117l to, kad procesai vykdomi rankiniu b\u016bdu. Ka\u017ekas turi tai nukreipti. Ka\u017ekas turi tai patvirtinti. Ka\u017ekas turi patikrinti, ar ankstesnis \u017eingsnis buvo atliktas.<\/p>\n<p>AI gali automatizuoti rutinines dalis. Jis nepakei\u010dia \u017emogaus sprendimo, tik atlieka taisykl\u0117mis pagr\u012fst\u0105 darb\u0105, kurio nereikia.<\/p>\n<p>J\u016bs\u0173 komanda nustos vykdyti procesus ir prad\u0117s spr\u0119sti problemas.<\/p>\n\n\n<hr class=\"wp-block-separator has-alpha-channel-opacity\"\/>\n\n\n\n<h3 class=\"wp-block-heading\">Kod\u0117l sutrinka rankiniai procesai<\/h3>\n\n\n<p>Turite SOP. Dokumentuotos proced\u016bros. Ai\u0161kius \u017eingsnius, kaip viskas tur\u0117t\u0173 vykti.<\/p>\n<p>Ta\u010diau vykdymas atliekamas rankiniu b\u016bdu. Ka\u017ekas gauna u\u017eklaus\u0105. Jie nusprend\u017eia, kas tur\u0117t\u0173 j\u012f tvarkyti. Jie i\u0161siun\u010dia j\u012f. Jie stebi, ar tai \u012fvyko.<\/p>\n<p>Kai garsumas ma\u017eas, tai veikia. Kai apimtis didel\u0117, viskas praspr\u016bsta pro ply\u0161ius:<\/p>\n<ul>\n<li>U\u017eduotys nukreipiamos netinkamai komandai<\/li>\n<li>Patvirtinimai, laukiantys ka\u017ekieno, kuris yra i\u0161vyk\u0119s i\u0161 biuro, pa\u0161to d\u0117\u017eut\u0117je<\/li>\n<li>\u017dingsniai praleisti, nes niekas nepatikrino u\u017ebaigimo<\/li>\n<li>I\u0161imtys fiksuojamos tik per v\u0117lai<\/li>\n<li>Niekas ne\u017eino, kur kas nors yra proceso metu<\/li>\n<\/ul>\n\n<p>J\u016bs\u0173 komanda daugiau laiko praleid\u017eia koordinuodama, o ne vykdydama. Susitikimai, skirti b\u016bklei steb\u0117ti. Elektroniniai lai\u0161kai, kuriuose ie\u0161koma atnaujinim\u0173. Eskalacijos, nes ka\u017ekas u\u017estrigo.<\/p>\n<p>Ne tod\u0117l, kad \u017emon\u0117s blogai atlieka savo darb\u0105. Tod\u0117l, kad rankinis koordinavimas n\u0117ra svarbus.<\/p>\n\n\n<hr class=\"wp-block-separator has-alpha-channel-opacity\"\/>\n\n\n\n<h3 class=\"wp-block-heading\">K\u0105 dirbtinis intelektas daro proces\u0173 automatizavimui<\/h3>\n\n\n<p>J\u016bs\u0173 procesuose dirbtinis intelektas priima \u012fprastus sprendimus. Jis akimirksniu taiko taisykles. Jis teisingai nukreipia darb\u0105. Jis stebi pa\u017eang\u0105. Jis fiksuoja i\u0161imtis.<\/p>\n<p>J\u016bs\u0173 komanda daugiausia d\u0117mesio skiria pa\u010diam darbui, o ne su juo susijusiam koordinavimui.<\/p>\n\n\n<h4 class=\"wp-block-heading\">Pa\u017eangus u\u017eduo\u010di\u0173 mar\u0161ruto parinkimas<\/h4>\n\n\n<p>Gautas naujas u\u017esakymas. Kur ji keliauja? \u012e kur\u012f sand\u0117l\u012f? Kuriai komandai? Priklauso nuo vietos, produkto tipo, atsarg\u0173 lygio, komandos paj\u0117gumo.<\/p>\n<p>Kas nors turi visa tai per\u017ei\u016br\u0117ti ir nuspr\u0119sti rankiniu b\u016bdu. Naudojant dirbtin\u012f intelekt\u0105 tai vyksta akimirksniu:<\/p>\n<ul>\n<li>Analizuoja u\u017eklausos informacij\u0105<\/li>\n<li>Patikrina esam\u0105 darbo kr\u016bv\u012f komandose.<\/li>\n<li>Atsi\u017evelgiama \u012f reikalingus \u012fg\u016bd\u017eius ir sertifikatus.<\/li>\n<li>Vietos ir logistikos veiksniai<\/li>\n<li>Kelias \u012f optimali\u0105 komand\u0105<\/li>\n<\/ul>\n\n<p>Ne tik grei\u010diau, bet ir nuosekliau. Kiekvien\u0105 kart\u0105 galioja ta pati logika. Joki\u0173 skirtum\u0173, priklausomai nuo to, kas j\u012f tvarko.<\/p>\n<p>Ypatingi atvejai? Dirbtinis intelektas juos pa\u017eymi, kad juos nukreipt\u0173 \u017emogus. Ta\u010diau \u012fprastiniai atvejai (o toki\u0173 atvej\u0173 yra dauguma) nukreipiami automati\u0161kai.<\/p>\n\n\n<h4 class=\"wp-block-heading\">I\u0161manusis patvirtinimo valdymas<\/h4>\n\n\n<p>Patvirtinimai visk\u0105 sul\u0117tina. Kiekvien\u0105 pirkin\u012f reikia patvirtinti. Kiekvien\u0105 i\u0161imt\u012f reikia patvirtinti. Kiekvien\u0105 pakeitim\u0105 reikia per\u017ei\u016br\u0117ti.<\/p>\n<p>Ta\u010diau dauguma j\u0173 yra \u012fprastos. Standartinis pra\u0161ymas pagal politik\u0105? Tur\u0117t\u0173 b\u016bti automati\u0161kai patvirtintas. Ne\u012fprastas pra\u0161ymas, neatitinkantis parametr\u0173? Tur\u0117t\u0173 b\u016bti nukreiptas tinkamam tvirtintojui su visomis aplinkyb\u0117mis.<\/p>\n<p>AI tvarko patvirtinimo logik\u0105:<\/p>\n<ul>\n<li>Standartin\u0117s u\u017eklausos pagal ribas: automati\u0161kai patvirtintos su audito seka<\/li>\n<li>Pra\u0161ymai, kuriuos reikia per\u017ei\u016br\u0117ti: nukreipiami \u012f atitinkam\u0105 lygmen\u012f atsi\u017evelgiant \u012f sum\u0105, tip\u0105, rizik\u0105.<\/li>\n<li>Sud\u0117tingos u\u017eklausos: eskaluojamos su visomis aplinkyb\u0117mis ir istorija<\/li>\n<li>U\u017estrig\u0119 patvirtinimai: automatinis eskalavimas, jei per ilgai u\u017esit\u0119sia<\/li>\n<\/ul>\n\n<p>J\u016bs\u0173 vadovai skiria laiko sprendimams, kuriuos i\u0161 tikr\u0173j\u0173 reikia priimti. O ne guma antspauduoti \u012fprastus pra\u0161ymus.<\/p>\n<p>O kai kas nors i\u0161eina? Dirbtinis intelektas nukreipia \u012f atsargin\u012f variant\u0105. Joki\u0173 u\u017eklaus\u0173, kai reikia laukti atostogaujan\u010dio \u017emogaus.<\/p>\n\n\n<h4 class=\"wp-block-heading\">Proces\u0173 steb\u0117jimas realiuoju laiku<\/h4>\n\n\n<p>Kur viskas yra? Kas \u012fstrigo? Kas rizikuoja praleisti terminus?<\/p>\n<p>Dirbtinis intelektas seka kiekvien\u0105 u\u017eduot\u012f kiekviename \u017eingsnyje. Ne pra\u0161ydamas \u017emoni\u0173 pateikti atnaujinimus, o automati\u0161kai steb\u0117damas sistemas. Jis \u017eino:<\/p>\n<ul>\n<li>Kas kuriama ir kas prie to dirba<\/li>\n<li>Kas laukia (ir kiek laiko laukia)<\/li>\n<li>Art\u0117jantys terminai<\/li>\n<li>Kur susidaro kli\u016b\u010di\u0173<\/li>\n<li>Kurie procesai veikia l\u0117\u010diau nei \u012fprastai<\/li>\n<\/ul>\n\n<p>Prietais\u0173 skydelyje rodoma realaus laiko b\u016bsena. Ne \"nuo vakar\" ataskaitos - dabar. J\u016bs\u0173 vadovai \u017eino, \u012f k\u0105 reikia atkreipti d\u0117mes\u012f, ir neskuba ie\u0161koti atnaujinim\u0173.<\/p>\n\n\n<h4 class=\"wp-block-heading\">I\u0161im\u010di\u0173 aptikimas, kuris i\u0161 tikr\u0173j\u0173 veikia<\/h4>\n\n\n<p>I\u0161imtys brangiai kainuoja. U\u017esisakykite tr\u016bkstam\u0105 informacij\u0105. \u017dingsnis trunka per ilgai. Netinkamai vykdoma proced\u016bra. Kol kas nors pastebi, tai jau b\u016bna problema.<\/p>\n<p>Dirbtinis intelektas anksti u\u017efiksuoja i\u0161imtis:<\/p>\n<ul>\n<li><strong>Tr\u016bkstami duomenys:<\/strong> U\u017esakymas pateiktas be privalom\u0173 lauk\u0173? \u017dymima i\u0161 karto, o ne tada, kai u\u017esakymas pasiekia \u012fvykdym\u0105.<\/li>\n<li><strong>Proceso nuokrypiai:<\/strong> \u017dingsniai atlikti ne eil\u0117s tvarka? Praleistas kontrolinis s\u0105ra\u0161as? AI pastebi.<\/li>\n<li><strong>Laiko klausimai:<\/strong> \u017dingsnis trunka 3 kartus ilgiau nei \u012fprastai? AI \u012fsp\u0117ja prie\u0161 baigiantis terminui.<\/li>\n<li><strong>Su kokybe susijusios problemos:<\/strong> Klaid\u0173 da\u017enio did\u0117jimas konkre\u010diame procese? Anksti aptiktas modelis.<\/li>\n<li><strong>Atitikties spragos:<\/strong> Tr\u016bksta reikiam\u0173 dokument\u0173? Vir\u0161yta patvirtinimo riba? U\u017efiksuota automati\u0161kai.<\/li>\n<\/ul>\n\n<p>J\u016bs\u0173 komanda tvarko i\u0161imtis, kai jos dar ma\u017eos. Prie\u0161 joms i\u0161plintant. Prie\u0161 paveikiant klientus.<\/p>\n\n\n<h4 class=\"wp-block-heading\">Automatinis atitikties tikrinimas<\/h4>\n\n\n<p>Kiekvienam procesui keliami reikalavimai. \u017dingsniai turi b\u016bti atliekami tam tikra tvarka. Dokumentacija turi b\u016bti i\u0161sami. Turi b\u016bti gauti patvirtinimai. Turi b\u016bti atlikti kokyb\u0117s patikrinimai.<\/p>\n<p>Visa tai tikrinti rankiniu b\u016bdu? Ka\u017ekas turi atlikti audit\u0105. Geriausiu atveju - atrankiniai patikrinimai. Atitiktis tikisi.<\/p>\n<p>AI tikrina kiekvien\u0105 atvej\u012f:<\/p>\n<ul>\n<li>Ar atlikti visi reikalingi veiksmai?<\/li>\n<li>Ar buvo laikomasi tinkamos sekos?<\/li>\n<li>Ar dokumentai i\u0161sam\u016bs ir tiksl\u016bs?<\/li>\n<li>Ar buvo gauti reikiami patvirtinimai?<\/li>\n<li>Ar audito seka rodo, kas ir kada k\u0105 padar\u0117?<\/li>\n<\/ul>\n\n<p>Procesas neatitinka reikalavim\u0173? I\u0161kart pa\u017eym\u0117ta. O ne po keli\u0173 savai\u010di\u0173 per audit\u0105. J\u016bs\u0173 atitiktis yra reali, o ne tik\u0117tina.<\/p>\n\n\n<h4 class=\"wp-block-heading\">Proces\u0173 na\u0161umo analiz\u0117<\/h4>\n\n\n<p>Kiek i\u0161 tikr\u0173j\u0173 trunka procesai? Kur jie sul\u0117t\u0117ja? Kurios komandos yra greitesn\u0117s? Kod\u0117l?<\/p>\n<p>AI stebi vis\u0173 j\u016bs\u0173 proces\u0173 na\u0161umo rodiklius:<\/p>\n<ul>\n<li>Ciklo trukm\u0117 pagal proceso tip\u0105<\/li>\n<li>Darbo na\u0161umas pagal komand\u0105 ir asmenis<\/li>\n<li>Kur v\u0117luojama (kokie etapai, kokie perdavimai)<\/li>\n<li>Klaid\u0173 da\u017enis ir pakartotini\u0173 darb\u0173 da\u017enumas<\/li>\n<li>Variacijos (nuoseklumas svarbus tiek pat, kiek ir greitis)<\/li>\n<\/ul>\n\n<p>Pamatysite, kur reikia tobul\u0117ti. Ne sp\u0117lioti, o \u017ei\u016br\u0117ti \u012f duomenis. \u0160i komanda nuolat greitesn\u0117? Su\u017einokite, k\u0105 jie daro kitaip. \u0160is \u017eingsnis nuolat l\u0117tas? I\u0161tirkite, kod\u0117l.<\/p>\n<p>Proces\u0173 tobulinimas remiantis faktais, o ne jausmais.<\/p>\n\n\n<hr class=\"wp-block-separator has-alpha-channel-opacity\"\/>\n\n\n\n<h3 class=\"wp-block-heading\">K\u0105 tai rei\u0161kia jums<\/h3>\n\n\n\n<h4 class=\"wp-block-heading\">Veiklos vadovams ir operacij\u0173 vadovams<\/h4>\n\n\n<p><strong>Nuoseklus vykdymas visose vietose.<\/strong> Visur taikomos tos pa\u010dios taisykl\u0117s. Joki\u0173 skirtum\u0173, atsi\u017evelgiant \u012f tai, kas dirba ar kiek yra u\u017eimtas.<\/p>\n\n<p><strong>mastelio keitimo operacijos.<\/strong> Dirbkite su dvigubai didesniu kiekiu be dvigubai didesnio darbuotoj\u0173 skai\u010diaus. Koordinavimo darbas nedid\u0117ja kartu su apimtimi.<\/p>\n\n<p><strong>Geresn\u0117 atitiktis ir audito seka.<\/strong> Kiekvienas procesas dokumentuojamas automati\u0161kai. I\u0161samios kiekvieno sandorio audito sekos. Atitikties u\u017etikrinimas projektuojant, o ne tikrinant.<\/p>\n\n<p><strong>Veiklos matomumas.<\/strong> Realaus laiko prietais\u0173 skydelis, kuriame matysite, kas vyksta. Pamatysite, kad susidaro kli\u016b\u010di\u0173, kol jos dar netapo krize.<\/p>\n\n<p><strong>Ma\u017eesnis klaid\u0173 lygis.<\/strong> Automatin\u0117 patikra anksti u\u017efiksuoja klaidas. I\u0161imtys \u017eymimos anks\u010diau, nei sukelia problem\u0173.<\/p>\n\n\n<h4 class=\"wp-block-heading\">Operacij\u0173 vadovams<\/h4>\n\n\n<p><strong>Nustokite persekioti b\u016bsenos atnaujinimus.<\/strong> Sistema visk\u0105 stebi. Matote, \u012f k\u0105 reikia atkreipti d\u0117mes\u012f, neklausin\u0117dami aplinkini\u0173.<\/p>\n\n<p><strong>Sutelkite d\u0117mes\u012f \u012f i\u0161imtis, o ne \u012f rutin\u0105.<\/strong> AI tvarko standartin\u0119 darbo eig\u0105. J\u016bs sprend\u017eiate ne\u012fprastus atvejus, kuriuos reikia \u012fvertinti.<\/p>\n\n<p><strong>Su\u017einokite, kur kas \u012fstrigo.<\/strong> Nelaukite, kol komandos nariai i\u0161kels problem\u0105. Matote tai realiuoju laiku.<\/p>\n\n<p><strong>Duomenys tobulinimui.<\/strong> Su\u017einokite, kurie procesai veikia gerai, o kuriuos reikia taisyti. Tikrasis ciklo laikas, o ne \u012fver\u010diai.<\/p>\n\n<p><strong>S\u0105\u017einingas darbo kr\u016bvio paskirstymas.<\/strong> Pa\u017ei\u016br\u0117kite, kas yra perkrautas, o kas turi paj\u0117gum\u0173. Subalansuokite darb\u0105 remdamiesi realybe.<\/p>\n\n\n<h4 class=\"wp-block-heading\">Darb\u0105 atliekan\u010dioms komandoms<\/h4>\n\n\n<p><strong>I\u0161valyti u\u017eduo\u010di\u0173 eil\u0119.<\/strong> Nebereikia galvoti \"k\u0105 tur\u0117\u010diau dirbti?\" Prioritetai apskai\u010diuojami automati\u0161kai pagal terminus ir svarb\u0105.<\/p>\n\n<p><strong>Joki\u0173 persekiojim\u0173.<\/strong> Sistema perduoda darb\u0105 jums. Sako, k\u0105 reikia \u017einoti. Automati\u0161kai eskaluoja, jei u\u017estrigote.<\/p>\n\n<p><strong>Ma\u017eiau prid\u0117tini\u0173 koordinavimo i\u0161laid\u0173.<\/strong> Praleiskite laik\u0105 dirbdami, o ne koordinuodami darb\u0105. Joki\u0173 susitikim\u0173, kuriuose b\u016bt\u0173 galima sekti b\u016bsen\u0105.<\/p>\n\n<p><strong>Greitas patvirtinimas.<\/strong> Automati\u0161kai patvirtintos \u012fprastin\u0117s u\u017eduotys. Nebereikia laukti dien\u0173, kol kas nors u\u017ed\u0117s antspaud\u0105.<\/p>\n\n<p><strong>Ma\u017eiau prie\u0161gaisrini\u0173 pratyb\u0173.<\/strong> Anksti pasteb\u0117tos i\u0161imtys. Problemos pastebimos prie\u0161 joms prasidedant. Ma\u017eiau panikos, daugiau planavimo.<\/p>\n\n\n<hr class=\"wp-block-separator has-alpha-channel-opacity\"\/>\n\n\n\n<h3 class=\"wp-block-heading\">Ko negali padaryti dirbtinis intelektas<\/h3>\n\n\n<p>Dirbtinis intelektas automatizuoja taisykl\u0117mis pagr\u012fst\u0105 darb\u0105. Jis nepakei\u010dia sprendimo. \u0160tai kam vis dar reikia \u017emoni\u0173:<\/p>\n\n<p><strong>Tikrai ne\u012fprast\u0173 situacij\u0173 tvarkymas.<\/strong> AI nukreipia standartinius atvejus ir pa\u017eymi i\u0161imtis. Bet tikrai keistus kra\u0161tinius atvejus? Juos turi spr\u0119sti \u017emogus.<\/p>\n\n<p><strong>Derybos ir santyki\u0173 valdymas.<\/strong> Klientas nusivyl\u0119s d\u0117l v\u0117lavimo? Tiek\u0117jui reikia specialaus aptarnavimo? Tai \u017emogaus darbas.<\/p>\n\n<p><strong>Geresni\u0173 proces\u0173 k\u016brimas.<\/strong> AI stebi, kaip veikia dabartiniai procesai. Ar norite juos pertvarkyti, kad rezultatai b\u016bt\u0173 geresni? Tai priklauso nuo j\u016bs\u0173 komandos.<\/p>\n\n<p><strong>Sprendim\u0173 pri\u0117mimas.<\/strong> Ar tur\u0117tume tai paspartinti? Padaryti i\u0161imt\u012f? Ar patirti nuostol\u012f, kad i\u0161saugotume santykius? Kompiuteriai negali pasverti \u0161i\u0173 kompromis\u0173.<\/p>\n\n<p><strong>Sud\u0117tingi patvirtinimai.<\/strong> Paprasti patvirtinimai (pagal $X, pagal politik\u0105) gali b\u016bti automatizuoti. Sud\u0117tingus (strateginiai sprendimai, svarbios i\u0161imtys, tarpfunkcinis poveikis) turi per\u017ei\u016br\u0117ti \u017emogus.<\/p>\n\n<p>Galvokite apie dirbtin\u012f intelekt\u0105 kaip apie koordinavimo sluoksn\u012f. J\u016bs\u0173 komanda tvarko m\u0105stymo sluoksn\u012f. Jie tiesiog dirba grei\u010diau, nes pagrindinis darbas jau atliktas.<\/p>\n\n\n<hr class=\"wp-block-separator has-alpha-channel-opacity\"\/>\n\n\n\n<h3 class=\"wp-block-heading\">Proces\u0173 automatizavimo prad\u017eia<\/h3>\n\n\n<p>Visko i\u0161 karto neautomatizuojate. Prad\u0117kite nuo did\u017eiausios apimties ir labiausiai standartizuot\u0173 proces\u0173:<\/p>\n\n<p><strong>Geri pirmieji kandidatai:<\/strong><\/p>\n<ul>\n<li>U\u017esakym\u0173 nukreipimas ir priskyrimas<\/li>\n<li>Standartin\u0117s patvirtinimo darbo eigos<\/li>\n<li>Pra\u0161ym\u0173 pri\u0117mimas ir r\u016b\u0161iavimas<\/li>\n<li>U\u017eduoties u\u017ebaigimo patikrinimas<\/li>\n<li>Prane\u0161imai apie b\u016bsen\u0105 ir eskalavimas<\/li>\n<\/ul>\n\n<p><strong>Nelabai geri pirmieji kandidatai:<\/strong><\/p>\n<ul>\n<li>Labai kintantys procesai su daugybe i\u0161im\u010di\u0173<\/li>\n<li>Da\u017enai besikei\u010diantys procesai<\/li>\n<li>Sritys, kuriose kiekvienu atveju labai svarbus \u017emogaus sprendimas<\/li>\n<li>Procesai, kuri\u0173 dar niekas nedokumentavo<\/li>\n<\/ul>\n\n<p>Prad\u0117kite ten, kur yra ai\u0161kus procesas, didel\u0117 apimtis ir akivaizdus skausmas. \u012erodykite vert\u0119. Tada pereikite prie sud\u0117tingesni\u0173 atvej\u0173.<\/p>\n\n\n<hr class=\"wp-block-separator has-alpha-channel-opacity\"\/>\n\n\n\n<h3 class=\"wp-block-heading\">Apatin\u0117 linija<\/h3>\n\n\n<p>Rankinis proces\u0173 koordinavimas n\u0117ra pritaikomas. Didesn\u0117 apimtis rei\u0161kia didesnes koordinavimo prid\u0117tines i\u0161laidas. J\u016bs\u0173 komanda, u\u017euot dirbusi tikr\u0105j\u012f darb\u0105, pasineria \u012f mar\u0161rut\u0173 sudarym\u0105, steb\u0117jim\u0105 ir persekiojim\u0105.<\/p>\n\n<p>Koordinavimu r\u016bpinasi dirbtinis intelektas. Jo mar\u0161rutai veikia teisingai. Jis stebi pa\u017eang\u0105. Jis gaudo i\u0161imtis. Jis u\u017etikrina atitikt\u012f. Viskas automati\u0161kai.<\/p>\n\n<p>J\u016bs\u0173 komanda dirba su pa\u010diu darbu. Ne susitikimuose apie darb\u0105. Ne elektroniniais lai\u0161kais, kuriuose stebimas darbas. Ne skai\u010diuokl\u0117s, stebin\u010dios darb\u0105.<\/p>\n\n<p>Rezultatas - skland\u017eios operacijos. Greitesnis ciklo laikas. Ma\u017eiau klaid\u0173. Geresn\u0117 atitiktis. Specialistai dirba tai, kas jiems sekasi, o ne u\u017esiima procesu.<\/p>\n\n<p>B\u016btent tai i\u0161 tikr\u0173j\u0173 u\u017etikrina proces\u0173 automatizavimas naudojant dirbtin\u012f intelekt\u0105. Ne \"i\u0161jungt\u0105 \u0161vies\u0105\". Tiesiog ma\u017eiau trinties ir daugiau d\u0117mesio svarbiausiems dalykams.<\/p>\n\n\n<hr class=\"wp-block-separator has-alpha-channel-opacity\"\/>\n\n\n\n<h3 class=\"wp-block-heading\">Ar esate pasireng\u0119 automatizuoti darbo eig\u0105?<\/h3>\n\n\n<p>Kiekvienoje operacijoje taikomi skirtingi procesai. Tai, kas veikia j\u016bs\u0173 versle, priklauso nuo to, kaip dirbate \u0161iandien.<\/p>\n\n<p>Mes nesi\u016blome bendrini\u0173 darbo eigos \u012franki\u0173. Nagrin\u0117jame konkre\u010dius j\u016bs\u0173 procesus. Kur yra prid\u0117tin\u0117s koordinavimo i\u0161laidos? Kur viskas stringa? K\u0105 realu automatizuoti atsi\u017evelgiant \u012f j\u016bs\u0173 sistemas?<\/p>\n\n<p>Tada sukuriame automatizavim\u0105, kuris atitinka j\u016bs\u0173 darbo eig\u0105. Neprivalote keisti darbo b\u016bdo, kad jis atitikt\u0173 programin\u0119 \u012frang\u0105. Programin\u0117 \u012franga veikia taip, kaip j\u016bs dirbate.<\/p>\n\n<p><a href=\"https:\/\/www.leaplytics.de\/lt\/kontaktas\/\">Pasikalb\u0117kime apie j\u016bs\u0173 procesus<\/a><\/p>\n\n<p><a href=\"https:\/\/www.leaplytics.de\/lt\/operacijos-ai\/\">Gr\u012f\u017eti \u012f operacij\u0173 AI<\/a><\/p>","protected":false},"excerpt":{"rendered":"<p>AI for Process Automation &#038; Workflow Operations runs on processes. Order to fulfillment. Request to resolution. Task to completion. Everything follows steps. When processes work smoothly, things flow. When they don&#8217;t, everything gets stuck. Tasks pile up. Handoffs fail. People waste time asking &#8220;where is this?&#8221; and &#8220;who has that?&#8221; Most process problems aren&#8217;t because &hellip; <\/p>","protected":false},"author":2,"featured_media":0,"parent":0,"menu_order":0,"comment_status":"closed","ping_status":"closed","template":"","meta":{"footnotes":""},"class_list":["post-14495","page","type-page","status-publish","hentry","latest_post"],"_links":{"self":[{"href":"https:\/\/www.leaplytics.de\/lt\/wp-json\/wp\/v2\/pages\/14495","targetHints":{"allow":["GET"]}}],"collection":[{"href":"https:\/\/www.leaplytics.de\/lt\/wp-json\/wp\/v2\/pages"}],"about":[{"href":"https:\/\/www.leaplytics.de\/lt\/wp-json\/wp\/v2\/types\/page"}],"author":[{"embeddable":true,"href":"https:\/\/www.leaplytics.de\/lt\/wp-json\/wp\/v2\/users\/2"}],"replies":[{"embeddable":true,"href":"https:\/\/www.leaplytics.de\/lt\/wp-json\/wp\/v2\/comments?post=14495"}],"version-history":[{"count":1,"href":"https:\/\/www.leaplytics.de\/lt\/wp-json\/wp\/v2\/pages\/14495\/revisions"}],"predecessor-version":[{"id":14501,"href":"https:\/\/www.leaplytics.de\/lt\/wp-json\/wp\/v2\/pages\/14495\/revisions\/14501"}],"wp:attachment":[{"href":"https:\/\/www.leaplytics.de\/lt\/wp-json\/wp\/v2\/media?parent=14495"}],"curies":[{"name":"wp","href":"https:\/\/api.w.org\/{rel}","templated":true}]}}