{"id":14497,"date":"2025-12-19T01:59:23","date_gmt":"2025-12-19T00:59:23","guid":{"rendered":"https:\/\/www.leaplytics.de\/?page_id=14497"},"modified":"2025-12-19T01:59:23","modified_gmt":"2025-12-19T00:59:23","slug":"istekliu-planavimas-planavimas-ai","status":"publish","type":"page","link":"https:\/\/www.leaplytics.de\/lt\/istekliu-planavimas-planavimas-ai\/","title":{"rendered":"I\u0161tekli\u0173 planavimas ir tvarkara\u0161\u010di\u0173 sudarymas AI"},"content":{"rendered":"<h2>I\u0161tekli\u0173 planavimo ir tvarkara\u0161\u010di\u0173 sudarymo dirbtinis intelektas<\/h2>\n\n<p>Tvarkara\u0161\u010dio sudarymas - tai galvos\u016bkis. \u017dmon\u0117s. \u012eranga. U\u017eduotys. Terminai. \u012eg\u016bd\u017eiai. Paj\u0117gumai. Apribojimai. Kiekviena detal\u0117 turi tikti.<\/p>\n<p>O d\u0117lion\u0117 vis kei\u010diasi. Ka\u017ekas pasiskund\u017eia, kad serga. Sugenda \u012franga. Gaunamas skubus u\u017esakymas. Klientas pakei\u010dia reikalavimus. Pradedama i\u0161 naujo.<\/p>\n<p>J\u016bs\u0173 tvarkara\u0161\u010di\u0173 sudarytojai praleid\u017eia valand\u0173 valandas kurdami veikian\u010dius tvarkara\u0161\u010dius. Tada dar daugiau valand\u0173 praleid\u017eia juos koreguodami, kai realyb\u0117 nesutinka.<\/p>\n<p>Tuo tarpu kai kurios komandos yra perkrautos, o kitos - paj\u0117gios. Viename skyriuje susikaupia vir\u0161valand\u017ei\u0173, o kitas skyrius neveikia. \u012eranga naudojama netolygiai. Slenka pristatymo terminai.<\/p>\n<p>Dirbtinis intelektas gali tai optimizuoti. Ne tobulai - niekas tobulai nesusitvarko su realybe. Bet geriau nei rankinis planavimas. Greitesnis koregavimas. Geresnis panaudojimas. Realesni planai.<\/p>\n\n\n<hr class=\"wp-block-separator has-alpha-channel-opacity\"\/>\n\n\n\n<h3 class=\"wp-block-heading\">Kod\u0117l rankinis planavimas nesudaro mastelio<\/h3>\n\n\n<p>Ma\u017eos operacijos gali b\u016bti planuojamos rankiniu b\u016bdu. Tvarkara\u0161\u010dio sudarytojas visus pa\u017e\u012fsta. \u017dino \u012frang\u0105. I\u0161mano darb\u0105. Visk\u0105 suveda \u012f savo galv\u0105 arba skai\u010diuokl\u0119.<\/p>\n<p>Augant tai nutr\u016bksta:<\/p>\n<ul>\n<li>Per daug kintam\u0173j\u0173, kuriuos galima steb\u0117ti rankiniu b\u016bdu<\/li>\n<li>Per daug apribojim\u0173, kuriuos reikia suderinti vienu metu<\/li>\n<li>Kaskadiniai poky\u010diai - vieno tvarkara\u0161\u010dio taisymas pa\u017eeid\u017eia kit\u0105<\/li>\n<li>N\u0117ra laiko optimizavimui - tiesiog gaukite tai, kas veikia<\/li>\n<li>I\u0161im\u010di\u0173 gesinimas, o ne j\u0173 prevencija<\/li>\n<\/ul>\n\n<p>J\u016bs\u0173 planavimo specialistai yra protingi ir patyr\u0119. Ta\u010diau jie atlieka ne\u012fmanomus skai\u010diavimus. Subalansuoja \u0161imtus apribojim\u0173 tarp de\u0161im\u010di\u0173 i\u0161tekli\u0173.<\/p>\n<p>Rezultatas? Tvarkara\u0161\u010diai \"veikia\", bet n\u0117ra optimal\u016bs. Ma\u017eesnis u\u017eimtumas nei gal\u0117t\u0173 b\u016bti. Vir\u0161valand\u017eiai didesni nei b\u016btina. Pristatymo rezultatai prastesni, nei tur\u0117t\u0173 leisti j\u016bs\u0173 paj\u0117gumai.<\/p>\n<p>Ne tod\u0117l, kad tvarkara\u0161\u010di\u0173 sudarytojai blogai atlieka savo darb\u0105. Tod\u0117l, kad problema per daug sud\u0117tinga, kad j\u0105 b\u016bt\u0173 galima optimizuoti rankiniu b\u016bdu.<\/p>\n\n\n<hr class=\"wp-block-separator has-alpha-channel-opacity\"\/>\n\n\n\n<h3 class=\"wp-block-heading\">K\u0105 AI daro i\u0161tekli\u0173 planavimui ir tvarkara\u0161\u010di\u0173 sudarymui<\/h3>\n\n\n<p>AI atlieka matematin\u012f optimizavim\u0105. Jis vienu metu atsi\u017evelgia \u012f visus apribojimus. Jis randa sprendimus grei\u010diau nei \u017emon\u0117s. Jis prisitaiko, kai situacija kei\u010diasi.<\/p>\n<p>J\u016bs\u0173 tvarkara\u0161\u010di\u0173 sudarytojai pateikia sprendim\u0105. Skai\u010diavimus atlieka dirbtinis intelektas.<\/p>\n\n\n<h4 class=\"wp-block-heading\">Optimizuotas tvarkara\u0161\u010dio sudarymas<\/h4>\n\n\n<p>Dirbtinis intelektas sudaro tvarkara\u0161\u010dius, kuriuose vienu metu subalansuojami visi j\u016bs\u0173 apribojimai:<\/p>\n<ul>\n<li><strong>Paklausa:<\/strong> Kokius darbus reikia atlikti ir kada<\/li>\n<li><strong>Talpa:<\/strong> Kas yra laisvas, koki\u0105 \u012frang\u0105 galima \u012fsigyti<\/li>\n<li><strong>\u012eg\u016bd\u017eiai:<\/strong> Kas turi kvalifikacij\u0105 kokioms u\u017eduotims atlikti<\/li>\n<li><strong>Apribojimai:<\/strong> Pamain\u0173 re\u017eimas, pertrauk\u0173 reikalavimai, \u012frangos apribojimai<\/li>\n<li><strong>Prioritetai:<\/strong> Skub\u016bs u\u017esakymai, pageidaujami klientai, strategin\u0117 svarba<\/li>\n<li><strong>I\u0161laidos:<\/strong> Reguliarus laikas ir vir\u0161valand\u017eiai, \u012frangos nusid\u0117v\u0117jimas, s\u0105rankos i\u0161laidos<\/li>\n<\/ul>\n\n<p>Ji ne tik nustato tinkam\u0105 tvarkara\u0161t\u012f. Jis randa ger\u0105 tvarkara\u0161t\u012f - tok\u012f, kuris optimizuoja panaudojim\u0105, suma\u017eina s\u0105naudas ir atitinka terminus.<\/p>\n<p>J\u016bs\u0173 planuotojas per\u017ei\u016bri AI pasi\u016blym\u0105. Pakoreguoja atsi\u017evelgiant \u012f tai, ko dirbtinis intelektas ne\u017eino (santykiai su klientais, komandos dinamika, strateginiai prioritetai). Ta\u010diau pradeda nuo optimizuoto pagrindo, o ne nuo tu\u0161\u010dio lapo.<\/p>\n<p>Darbo valandos suspaustos \u012f minutes.<\/p>\n\n\n<h4 class=\"wp-block-heading\">Pa\u017eangus darbo kr\u016bvio balansavimas<\/h4>\n\n\n<p>Nesubalansuoti darbo kr\u016bviai yra brang\u016bs. Viena komanda dirba vir\u0161valand\u017eius, o kita yra atsipalaidavusi. Viena ma\u0161ina veikia 24 valandas per par\u0105, 7 dienas per savait\u0119, o kita neveikia.<\/p>\n<p>AI paskirsto darb\u0105 pagal:<\/p>\n<ul>\n<li>Dabartinis darbo kr\u016bvis pagal komandas ir asmenis<\/li>\n<li>Kiekvieno i\u0161tekliaus paj\u0117gumai ir galimyb\u0117s<\/li>\n<li>Efektyvumo skirtumai (kai kurie \u017emon\u0117s grei\u010diau atlieka tam tikras u\u017eduotis)<\/li>\n<li>Geografiniai arba vietos apribojimai<\/li>\n<li>Mokymo ir tobul\u0117jimo tikslai (paskirstykite \u012fvair\u0173 darb\u0105 mokymuisi)<\/li>\n<\/ul>\n\n<p>Rezultatas? Tolygesnis darbo kr\u016bvis. Ma\u017eiau vir\u0161valand\u017ei\u0173. Geresnis i\u0161tekli\u0173 panaudojimas. Ma\u017eiau kli\u016b\u010di\u0173.<\/p>\n<p>\u017dmon\u0117s dirba tvariu tempu, o ne pakaitomis \u012fsib\u0117g\u0117ja ir dirba tu\u0161\u010di\u0105ja eiga.<\/p>\n\n\n<h4 class=\"wp-block-heading\">Tvarkara\u0161\u010dio pritaikymas realiuoju laiku<\/h4>\n\n\n<p>Tvarkara\u0161\u010diai nei\u0161laiko s\u0105ly\u010dio su realybe. Ka\u017ekas serga. Sugenda \u012franga. Atvyksta skubus u\u017esakymas. Klientas at\u0161aukia u\u017esakym\u0105.<\/p>\n<p>Rankiniu b\u016bdu perplanuoti u\u017etrunka kelias valandas. Kol tai padarysite, dar kas nors pasikeis.<\/p>\n<p>Dirbtinis intelektas prisitaiko realiuoju laiku:<\/p>\n<ul>\n<li>Prane\u0161ta apie nebuvim\u0105? I\u0161 naujo subalansuokite darb\u0105 likusioje komandoje.<\/li>\n<li>Sugedo \u012franga? Perkelkite u\u017eduotis \u012f kitas ma\u0161inas.<\/li>\n<li>Atvyksta skubus u\u017esakymas? \u012ed\u0117kite j\u012f ir pakoreguokite visa kita.<\/li>\n<li>Darbas u\u017esit\u0119s\u0117? Atlikite koregavimus \u012f priek\u012f.<\/li>\n<\/ul>\n\n<p>J\u016bs\u0173 planuotojas per\u017ei\u016bri dirbtinio intelekto si\u016blomus pakeitimus. Patvirtina arba pakei\u010dia, atsi\u017evelgdamas \u012f aplinkybes. Bet neperkuria i\u0161 naujo.<\/p>\n<p>Greitesnis reagavimas \u012f sutrikimus. Ma\u017eiau chaoso. Realesni pa\u017eadai klientams.<\/p>\n\n\n<h4 class=\"wp-block-heading\">Paj\u0117gum\u0173 prognozavimas<\/h4>\n\n\n<p>Ar kit\u0105 m\u0117nes\u012f tur\u0117site pakankamai paj\u0117gum\u0173? Kit\u0105 ketvirt\u012f? Ar reikia samdyti darbuotojus? Papildyti \u012frang\u0105? Padidinti pamain\u0173 skai\u010di\u0173?<\/p>\n<p>AI prognozuoja paj\u0117gum\u0173 poreikius pagal:<\/p>\n<ul>\n<li>Paklausos prognoz\u0117 (pagal pardavimus arba istorinius modelius)<\/li>\n<li>Dabartiniai paj\u0117gumai (\u017emon\u0117s, \u012franga, laikas)<\/li>\n<li>\u017dinomi apribojimai (planuojama technin\u0117 prie\u017ei\u016bra, atostogos, mokymai)<\/li>\n<li>Istoriniai produktyvumo rodikliai<\/li>\n<li>Augimo tendencijos<\/li>\n<\/ul>\n\n<p>Ji rodo, kada pasieksite talpos ribas. Kiek jums tr\u016bks. Koki\u0173 r\u016b\u0161i\u0173 i\u0161tekli\u0173 jums reikia.<\/p>\n<p>Galite planuoti papildom\u0173 paj\u0117gum\u0173 didinim\u0105, kol dar nesate bevilti\u0161ki. Samdykite darbuotojus i\u0161 anksto, o ne panikoje. Planuokite technin\u0119 prie\u017ei\u016br\u0105 ma\u017eos paklausos laikotarpiais, o ne tada, kai d\u0117l to b\u016bsite priversti praleisti pristatymus.<\/p>\n<p>Geb\u0117jim\u0173 sprendimus priimkite remdamiesi duomenimis, o ne nuojauta.<\/p>\n\n\n<h4 class=\"wp-block-heading\">\u012eg\u016bd\u017ei\u0173 atitikimas<\/h4>\n\n\n<p>Ne visi gali atlikti visus darbus. Sertifikatai yra svarb\u016bs. Patirtis svarbi. Svarbus dabartinis \u012fg\u016bd\u017ei\u0173 lygis.<\/p>\n<p>dirbtinio intelekto takeliai:<\/p>\n<ul>\n<li>Kas turi kokius sertifikatus ir kvalifikacijas<\/li>\n<li>Kas turi patirties su kokiais produktais ar procesais<\/li>\n<li>Kas mokosi, o kas yra visi\u0161kai kvalifikuotas<\/li>\n<li>Kas kokias u\u017eduotis atlieka geriau<\/li>\n<\/ul>\n\n<p>Planuojant darb\u0105 atsi\u017evelgiama \u012f \u012fg\u016bd\u017ei\u0173 reikalavimus. Kvalifikuotus \u017emones priderina prie u\u017eduo\u010di\u0173. Pa\u017eymi darbus, kuriems reikia \u012fg\u016bd\u017ei\u0173, kuri\u0173 tr\u016bksta.<\/p>\n<p>Taip pat padeda planuoti mokymus. Parodo \u012fg\u016bd\u017ei\u0173 spragas. Si\u016blo, kas k\u0105 tur\u0117t\u0173 mokyti.<\/p>\n<p>Tinkamas \u017emogus tinkamam darbui. Geresn\u0117 kokyb\u0117. Ma\u017eiau klaid\u0173. Greitesnis darb\u0173 atlikimas.<\/p>\n\n\n<h4 class=\"wp-block-heading\">Apribojim\u0173 valdymas<\/h4>\n\n\n<p>Kiekvienai operacijai taikomi apribojimai. Ribota \u012franga. Pamainos modeliai. Pertrauk\u0173 reikalavimai. Med\u017eiag\u0173 prieinamumas. Klient\u0173 laiko langai.<\/p>\n<p>AI vienu metu valdo visus apribojimus:<\/p>\n<ul>\n<li>U\u017etikrina, kad niekas neb\u016bt\u0173 suplanuotas vir\u0161ijant paj\u0117gumus<\/li>\n<li>Laikosi pamain\u0173 modeli\u0173 ir pertrauk\u0173 reikalavim\u0173<\/li>\n<li>\u012eskai\u010diuojamas skirting\u0173 darbo viet\u0173 s\u0105rankos laikas<\/li>\n<li>Atsi\u017evelgiama \u012f med\u017eiag\u0173 prieinamum\u0105 (negalima sudaryti grafiko, jei n\u0117ra med\u017eiag\u0173).<\/li>\n<li>Atitinka klient\u0173 pristatymo langus<\/li>\n<li>derina prie\u0161taringus prioritetus (kaina vs. greitis vs. kokyb\u0117)<\/li>\n<\/ul>\n\n<p>Tvarkara\u0161\u010diai, kurie i\u0161 tikr\u0173j\u0173 veikia realyb\u0117je, o ne tik popieriuje.<\/p>\n\n\n<h4 class=\"wp-block-heading\">Tvarkara\u0161\u010dio vykdymo analiz\u0117<\/h4>\n\n\n<p>Kiek tiksl\u016bs j\u016bs\u0173 tvarkara\u0161\u010diai? Kur jie sutrinka? Kas lemia v\u0117lavimus?<\/p>\n<p>AI stebi tvarkara\u0161\u010dio vykdym\u0105:<\/p>\n<ul>\n<li>Kaip da\u017enai u\u017eduotys baigiamos laiku, o kaip da\u017enai - anks\u010diau ar v\u0117liau<\/li>\n<li>Kuri\u0173 tip\u0173 u\u017eduotys nuolat atliekamos ilgiau nei<\/li>\n<li>Kur susidaro kli\u016btys<\/li>\n<li>Kiek kart\u0173 kei\u010diamas tvarkara\u0161tis (prasto pradinio planavimo po\u017eymis)<\/li>\n<li>Naudojimo rodikliai pagal i\u0161tekli\u0173 tip\u0105<\/li>\n<\/ul>\n\n<p>Matote, kur \u012fver\u010diai yra klaidingi. Kur procesai vyksta l\u0117\u010diau nei planuota. Kur paj\u0117gumai i\u0161 tikr\u0173j\u0173 yra riboti.<\/p>\n<p>Nuolatinis planavimo tikslumo gerinimas. Geresni pa\u017eadai. Patikimesnis pristatymas.<\/p>\n\n\n<hr class=\"wp-block-separator has-alpha-channel-opacity\"\/>\n\n\n\n<h3 class=\"wp-block-heading\">K\u0105 tai rei\u0161kia jums<\/h3>\n\n\n\n<h4 class=\"wp-block-heading\">Veiklos vadovams ir operacij\u0173 vadovams<\/h4>\n\n\n<p><strong>Didesnis i\u0161tekli\u0173 naudojimas.<\/strong> Ma\u017eiau prastovos laiko. Ma\u017eiau netolygi\u0173 darbo kr\u016bvi\u0173. Daugiau produkcijos i\u0161 t\u0173 pa\u010di\u0173 i\u0161tekli\u0173.<\/p>\n\n<p><strong>Ma\u017eesn\u0117s vir\u0161valand\u017ei\u0173 s\u0105naudos.<\/strong> Geresnis darbo kr\u016bvio paskirstymas rei\u0161kia, kad norint laikytis termin\u0173 reikia ma\u017eiau vir\u0161valand\u017ei\u0173.<\/p>\n\n<p><strong>Geresnis pristatymas laiku.<\/strong> Grafikai, kuriuose atsi\u017evelgiama \u012f visus apribojimus ir prisitaikoma prie poky\u010di\u0173. Ma\u017eiau praleist\u0173 termin\u0173.<\/p>\n\n<p><strong>Numatomas paj\u0117gum\u0173 planavimas.<\/strong> \u017dinokite, kada jums reik\u0117s daugiau i\u0161tekli\u0173, kol j\u0173 nepritr\u016bks. Aktyviai planuokite \u012fdarbinim\u0105 ir \u012frangos pirkim\u0105.<\/p>\n\n<p><strong>Laipsniuojamas planavimas.<\/strong> Susitvarkykite su augimu neprid\u0117dami papildom\u0173 tvarkara\u0161\u010di\u0173 sudarytoj\u0173. Matematikos masteliai kei\u010diasi, o rankinis planavimas - ne.<\/p>\n\n\n<h4 class=\"wp-block-heading\">Operacij\u0173 ir gamybos vadovams<\/h4>\n\n\n<p><strong>Nustokite valand\u0173 valandas rengti tvarkara\u0161\u010dius.<\/strong> Optimizavimo matematik\u0105 atlieka dirbtinis intelektas. J\u016bs atliekate vertinim\u0105 ir galutinius koregavimus.<\/p>\n\n<p><strong>Greitai prisitaikykite prie poky\u010di\u0173.<\/strong> \u012evyksta trikd\u017ei\u0173. Perplanuokite i\u0161 naujo per kelias minutes, o ne valandas.<\/p>\n\n<p><strong>Real\u016bs pa\u017eadai klientams.<\/strong> \u017dinokite, k\u0105 i\u0161 tikr\u0173j\u0173 galite pateikti pagal realius paj\u0117gumus ir apribojimus.<\/p>\n\n<p><strong>Apribojim\u0173 matomumas.<\/strong> Pa\u017ei\u016br\u0117kite, kur j\u016bs\u0173 paj\u0117gumai riboti. Priimkite pagr\u012fstus sprendimus d\u0117l investicij\u0173.<\/p>\n\n<p><strong>S\u0105\u017einingas darbo kr\u016bvio paskirstymas.<\/strong> Daugiau nebus taip, kad vieni \u017emon\u0117s yra skriaud\u017eiami, o kiti turi laisv\u0119. Geresn\u0117 komandos moral\u0117.<\/p>\n\n\n<h4 class=\"wp-block-heading\">Komandoms<\/h4>\n\n\n<p><strong>nusp\u0117jami tvarkara\u0161\u010diai.<\/strong> \u017dinokite, k\u0105 ir kada dirbate. Ma\u017eiau netik\u0117tum\u0173 paskutin\u0119 minut\u0119.<\/p>\n\n<p><strong>S\u0105\u017einingas darbo kr\u016bvis.<\/strong> Darbas paskirstomas pagal paj\u0117gumus, o ne pagal tai, apie k\u0105 tvarkara\u0161\u010dio sudarytojas pagalvojo pirmas.<\/p>\n\n<p><strong>Darbui tinkami \u012fg\u016bd\u017eiai.<\/strong> Suplanuokite darb\u0105, kuriam esate tinkamas, o ne patekite \u012f situacijas, kurioms nesate pasiruo\u0161\u0119.<\/p>\n\n<p><strong>Tvarus tempas.<\/strong> Ma\u017eiau \u0161vent\u0117s ar bado. Nuoseklesnis darbo kr\u016bvis.<\/p>\n\n\n<hr class=\"wp-block-separator has-alpha-channel-opacity\"\/>\n\n\n\n<h3 class=\"wp-block-heading\">Ko negali padaryti dirbtinis intelektas<\/h3>\n\n\n<p>Dirbtinis intelektas optimizuoja pagal j\u016bs\u0173 nurodytus apribojimus ir prioritetus. Ta\u010diau jis nepakei\u010dia planuotojo sprendimo:<\/p>\n\n<p><strong>Santyki\u0173 su klientais supratimas.<\/strong> \u0160is klientas yra strateginis, tod\u0117l jam verta teikti pirmenyb\u0119, net jei to nereikalaujama pagal sutart\u012f. Dirbtinis intelektas to ne\u017eino, kol j\u016bs jam to nepasakote.<\/p>\n\n<p><strong>Skaitymo komandos dinamika.<\/strong> \u0160ie du \u017emon\u0117s prastai dirba kartu. Tas asmuo sprend\u017eia asmenines problemas ir jam reikia ma\u017eesnio kr\u016bvio. \u017dmoni\u0173 \u017einios, o ne duomenys.<\/p>\n\n<p><strong>Strategini\u0173 kompromis\u0173 pri\u0117mimas.<\/strong> Ar sutinkate su v\u0117luojan\u010diu pristatymu, kad suma\u017eintum\u0117te vir\u0161valand\u017ei\u0173 skai\u010di\u0173? Skubinti \u0161\u012f darb\u0105 kito darbo s\u0105skaita? Nuo konteksto priklausantys sprendimai.<\/p>\n\n<p><strong>bepreceden\u010di\u0173 situacij\u0173 valdymas.<\/strong> Dideli sutrikimai, nepana\u0161\u016bs \u012f jokius istorinius duomenis? Reikia \u017emogi\u0161ko problem\u0173 sprendimo, o ne optimizavimo matematikos.<\/p>\n\n<p><strong>Prioritet\u0173 nustatymas.<\/strong> AI tvarkara\u0161\u010dius pagal j\u016bs\u0173 nustatytus prioritetus (kaina, greitis, kokyb\u0117 ir t. t.). Nustatote \u0161iuos prioritetus? Tai verslo sprendimas.<\/p>\n\n<p>Galvokite apie dirbtin\u012f intelekt\u0105 kaip apie tikrai ger\u0105 planuotoj\u0105, kuris dirba per kelias sekundes ir niekada nedaro matematini\u0173 klaid\u0173. Ta\u010diau jam vis tiek reikia nurodyti prioritetus ir kontekst\u0105.<\/p>\n\n\n<hr class=\"wp-block-separator has-alpha-channel-opacity\"\/>\n\n\n\n<h3 class=\"wp-block-heading\">Pradedame dirbti su dirbtinio intelekto planavimu<\/h3>\n\n\n<p>Prad\u0117kite nuo tos vietos, kur planavimas yra skausmingiausias:<\/p>\n\n<p><strong>Sud\u0117tingas planavimas su daugybe apribojim\u0173?<\/strong> Dirbtinis intelektas sud\u0117tingum\u0105 \u012fveikia geriau nei \u017emon\u0117s. Dideli laim\u0117jimai optimizavimo srityje.<\/p>\n\n<p><strong>Da\u017enai kei\u010diate tvarkara\u0161t\u012f d\u0117l sutrikim\u0173?<\/strong> Prisitaikymas realiuoju laiku labiausiai padeda, kai planai nuolat kei\u010diasi.<\/p>\n\n<p><strong>Netolygus i\u0161tekli\u0173 naudojimas?<\/strong> AI darbo kr\u016bvio balansavimas greitai pagerina panaudojim\u0105.<\/p>\n\n<p><strong>Paj\u0117gum\u0173 planavimo neapibr\u0117\u017etumas?<\/strong> Paj\u0117gum\u0173 prognozavimas padeda u\u017etikrintai planuoti investicijas.<\/p>\n\n<p>Nereikia automatizuoti viso planavimo i\u0161 karto. Prad\u0117kite nuo vieno skyriaus, vienos darbo r\u016b\u0161ies arba vienos pagrindin\u0117s problemos. \u012erodykite vert\u0119. Tada pl\u0117skite.<\/p>\n\n\n<hr class=\"wp-block-separator has-alpha-channel-opacity\"\/>\n\n\n\n<h3 class=\"wp-block-heading\">Apatin\u0117 linija<\/h3>\n\n\n<p>Planavimas yra optimizavimo matematika. Kuo sud\u0117tingesn\u0117 operacija, tuo sunkesn\u0117 matematika. Augant veiklos apimtims, rankinis planavimas pasiekia savo ribas.<\/p>\n\n<p>Matematin\u012f sud\u0117tingum\u0105 tvarko dirbtinis intelektas. Jis vienu metu atsi\u017evelgia \u012f visus apribojimus. Jis greitai randa optimizuotus sprendimus. Jis prisitaiko, kai kei\u010diasi tikrov\u0117.<\/p>\n\n<p>J\u016bs\u0173 tvarkara\u0161\u010di\u0173 sudarytojai daugiausia d\u0117mesio skiria sprendimams, prioritetams ir i\u0161imtims. Skai\u010diavimus atlieka dirbtinis intelektas.<\/p>\n\n<p>Rezultatas? Geresnis i\u0161tekli\u0173 panaudojimas. Ma\u017eesn\u0117s i\u0161laidos. Patikimesnis pristatymas. Planavimo specialistai strategi\u0161kai m\u0105sto, u\u017euot varg\u0119 su skai\u010diuokl\u0117mis.<\/p>\n\n<p>B\u016btent tai i\u0161 tikr\u0173j\u0173 u\u017etikrina dirbtinis intelektas i\u0161tekli\u0173 planavimui ir tvarkara\u0161\u010di\u0173 sudarymui. Ne pakei\u010dia planavimo patirt\u012f, o j\u0105 padaro efektyvesn\u0119.<\/p>\n\n\n<hr class=\"wp-block-separator has-alpha-channel-opacity\"\/>\n\n\n\n<h3 class=\"wp-block-heading\">Ar esate pasireng\u0119 optimizuoti planavim\u0105?<\/h3>\n\n\n<p>Kiekviena operacija susiduria su skirtingais planavimo i\u0161\u0161\u016bkiais. J\u016bs\u0173 verslo apribojimai, i\u0161tekliai ir prioritetai yra unikal\u016bs.<\/p>\n\n<p>Nespaud\u017eiame vieno dyd\u017eio visiems tinkan\u010di\u0173 planavimo \u012franki\u0173. Vertiname konkre\u010di\u0105 j\u016bs\u0173 situacij\u0105. Kas jums trukdo planuoti? Kokie apribojimai svarbiausi? Kas realu atsi\u017evelgiant \u012f j\u016bs\u0173 dabartines sistemas?<\/p>\n\n<p>Tada sukursime planavimo optimizavim\u0105, tinkant\u012f j\u016bs\u0173 darbui. Nepriver\u010diame j\u016bs\u0173 laikytis kieno nors kito darbo eigos. Sprendimai, kurie atitinka tai, kaip j\u016bs i\u0161 tikr\u0173j\u0173 dirbate.<\/p>\n\n<p><a href=\"https:\/\/www.leaplytics.de\/lt\/kontaktas\/\">Pasikalb\u0117kime apie j\u016bs\u0173 planavimo i\u0161\u0161\u016bkius<\/a><\/p>\n\n<p><a href=\"https:\/\/www.leaplytics.de\/lt\/operacijos-ai\/\">Gr\u012f\u017eti \u012f operacij\u0173 AI<\/a><\/p>","protected":false},"excerpt":{"rendered":"<p>AI for Resource Planning &#038; Scheduling Scheduling is a puzzle. People. Equipment. Tasks. Deadlines. Skills. Capacity. Constraints. Every piece has to fit. And the puzzle keeps changing. Someone calls in sick. Equipment breaks down. A rush order comes in. Customer changes requirements. Start over. Your schedulers spend hours building schedules that work. Then spend more &hellip; <\/p>","protected":false},"author":2,"featured_media":0,"parent":0,"menu_order":0,"comment_status":"closed","ping_status":"closed","template":"","meta":{"footnotes":""},"class_list":["post-14497","page","type-page","status-publish","hentry","latest_post"],"_links":{"self":[{"href":"https:\/\/www.leaplytics.de\/lt\/wp-json\/wp\/v2\/pages\/14497","targetHints":{"allow":["GET"]}}],"collection":[{"href":"https:\/\/www.leaplytics.de\/lt\/wp-json\/wp\/v2\/pages"}],"about":[{"href":"https:\/\/www.leaplytics.de\/lt\/wp-json\/wp\/v2\/types\/page"}],"author":[{"embeddable":true,"href":"https:\/\/www.leaplytics.de\/lt\/wp-json\/wp\/v2\/users\/2"}],"replies":[{"embeddable":true,"href":"https:\/\/www.leaplytics.de\/lt\/wp-json\/wp\/v2\/comments?post=14497"}],"version-history":[{"count":1,"href":"https:\/\/www.leaplytics.de\/lt\/wp-json\/wp\/v2\/pages\/14497\/revisions"}],"predecessor-version":[{"id":14505,"href":"https:\/\/www.leaplytics.de\/lt\/wp-json\/wp\/v2\/pages\/14497\/revisions\/14505"}],"wp:attachment":[{"href":"https:\/\/www.leaplytics.de\/lt\/wp-json\/wp\/v2\/media?parent=14497"}],"curies":[{"name":"wp","href":"https:\/\/api.w.org\/{rel}","templated":true}]}}