{"id":14511,"date":"2025-12-19T02:02:31","date_gmt":"2025-12-19T01:02:31","guid":{"rendered":"https:\/\/www.leaplytics.de\/?page_id=14511"},"modified":"2025-12-19T02:02:32","modified_gmt":"2025-12-19T01:02:32","slug":"pirkimo-paraiskos-uzsakymas-ai","status":"publish","type":"page","link":"https:\/\/www.leaplytics.de\/lt\/pirkimo-paraiskos-uzsakymas-ai\/","title":{"rendered":"Pirkimo u\u017esakymas ir u\u017esakymo AI"},"content":{"rendered":"<h2>Pirkimo u\u017esakymo ir u\u017esakymo AI: Paspartinkite pirkimo proces\u0105<\/h2>\n\n<p>Pirkimo parai\u0161kos ir u\u017esakymai tur\u0117t\u0173 b\u016bti paprasti. Ka\u017ekam ka\u017eko reikia. Jie to pra\u0161o. Jis patvirtinamas. U\u017esakymas i\u0161siun\u010diamas. Atlikta.<\/p>\n<p>Ta\u010diau tai n\u0117ra paprasta. Pra\u0161ymai guli gaut\u0173j\u0173 lai\u0161k\u0173 d\u0117\u017eut\u0117se ir laukia patvirtinimo. Pirk\u0117jai rankiniu b\u016bdu apdoroja \u012fprastus u\u017esakymus. \u017dmon\u0117s ne\u017eino, kur\u012f tiek\u0117j\u0105 pasirinkti. U\u017esakymai perduodami tiek\u0117jams, su kuriais nesudarytos sutartys, nes patvirtintas procesas yra per l\u0117tas.<\/p>\n<p>Rezultatas? Vie\u0161\u0173j\u0173 pirkim\u0173 komandos paskendusios transakciniame darbe. Maverick i\u0161laidos, nes \u017emon\u0117s apeina sistem\u0105. Sutar\u010di\u0173 nutek\u0117jimas, nes u\u017esakymai neatitinka sutart\u0173 s\u0105lyg\u0173.<\/p>\n<p>Tai i\u0161taiso dirbtinis intelektas. Ji automati\u0161kai apdoroja standartinius u\u017esakymus. Protingai nukreipia patvirtinimus. U\u017etikrina, kad u\u017esakymai atitikt\u0173 sutartyje numatytas s\u0105lygas. Procesas tampa toks greitas, kad \u017emon\u0117s i\u0161 tikr\u0173j\u0173 juo naudojasi.<\/p>\n\n\n<hr class=\"wp-block-separator has-alpha-channel-opacity\"\/>\n\n\n\n<h3 class=\"wp-block-heading\">Kod\u0117l pirkimas-apmok\u0117jimas vyksta l\u0117tai<\/h3>\n\n\n<p>Daugumoje \u012fmoni\u0173 u\u017esakymo-u\u017esakymo procesai yra pa\u017eeisti. Ne tod\u0117l, kad pirkim\u0173 komandos blogai atlieka savo darb\u0105. Nes \u0161is procesas reikalauja per daug rankinio darbo.<\/p>\n<p>Ka\u017ekas pateikia parai\u0161k\u0105. Pirk\u0117jas turi j\u0105 per\u017ei\u016br\u0117ti. Patikrinkite, ar ji atitinka politik\u0105. Nustatykite, kas tur\u0117t\u0173 j\u0105 patvirtinti. Nukreipkite j\u0105 tinkamam tvirtintojui. Laukite patvirtinimo. Tada rankiniu b\u016bdu sukurkite pirkimo u\u017esakym\u0105. Pasirinkite tiek\u0117j\u0105. Dar kart\u0105 \u012fveskite visus duomenis.<\/p>\n<p>Standartiniams, \u012fprastiniams u\u017esakymams. Kiekvien\u0105 kart\u0105.<\/p>\n<p>Pirk\u0117jai praleid\u017eia valand\u0173 valandas tvarkydami tas pa\u010dias u\u017eklausas. Kanceliarin\u0117s prek\u0117s. Standartiniai komponentai. Pasikartojan\u010dios paslaugos. U\u017esakymai, kuriems nereikia \u017emogi\u0161k\u0173j\u0173 \u017eini\u0173, bet jie vis tiek jas gauna, nes procesas reikalauja rankinio darbo.<\/p>\n<p>Kai procesas l\u0117tas, \u017emon\u0117s j\u012f apeina. Jie perka tiesiogiai i\u0161 tiek\u0117j\u0173. Naudojasi asmenin\u0117mis kredito kortel\u0117mis. Praleid\u017eia patvirtinimus. Maverick i\u0161laidos n\u0117ra piktavali\u0161kos - tai \u017emon\u0117s, kurie stengiasi atlikti savo darb\u0105.<\/p>\n<p>Ir vie\u0161ieji pirkimai praranda kontrol\u0119. Tiek\u0117jai, su kuriais sudarytos sutartys, negauna pa\u017ead\u0117to kiekio. Deryb\u0173 s\u0105lygos nenaudojamos. Dingsta i\u0161laid\u0173 matomumas.<\/p>\n\n\n<hr class=\"wp-block-separator has-alpha-channel-opacity\"\/>\n\n\n\n<h3 class=\"wp-block-heading\">K\u0105 AI daro su pirkimo u\u017esakymu ir u\u017esakymu<\/h3>\n\n\n<p>Dirbtinis intelektas ne tik pagreitina u\u017esakymo proces\u0105. Jis daro j\u012f proting\u0105. \u0160tai kaip.<\/p>\n\n\n<h4 class=\"wp-block-heading\">Automati\u0161kai apdoroja u\u017eklausas<\/h4>\n\n\n<p>AI gauna u\u017eklaus\u0105. Jis analizuoja, ko pra\u0161oma.<\/p>\n<p>Ar tai standartinis elementas? Dirbtinis intelektas j\u012f atpa\u017e\u012fsta i\u0161 ankstesni\u0173 u\u017esakym\u0173. Jis patikrina u\u017eklausos atitikt\u012f taisykl\u0117ms. Patikrina biud\u017eeto galimybes. Patvirtina, kad reikiama informacija yra i\u0161sami.<\/p>\n<p>Jei viskas patvirtinama, dirbtinis intelektas automati\u0161kai nukreipia j\u012f tvirtinti. \u012eprastin\u0117ms u\u017eklausoms nereikia pirk\u0117jo \u012fsiki\u0161imo.<\/p>\n<p>Jei kas nors negerai, dirbtinis intelektas pa\u017eymi konkre\u010dias problemas:<\/p>\n<ul>\n<li>Tr\u016bksta s\u0105naud\u0173 centro arba GL kodo<\/li>\n<li>Vir\u0161ijant biud\u017eeto rib\u0105, reikia specialaus patvirtinimo<\/li>\n<li>Prek\u0117 neatitinka patvirtint\u0173 kategorij\u0173<\/li>\n<li>Neprid\u0117ti reikalaujami dokumentai<\/li>\n<li>Neai\u0161kios specifikacijos, kurias reikia patikslinti<\/li>\n<\/ul>\n<p>U\u017eklausos teik\u0117jas i\u0161 karto gauna ai\u0161k\u0173 gr\u012f\u017etam\u0105j\u012f ry\u0161\u012f. O ne bendr\u0105 atmetim\u0105. Konkre\u010dios problemos, kurias reikia i\u0161spr\u0119sti.<\/p>\n<p>Standartin\u0117s u\u017eklausos sistemoje apdorojamos per kelias minutes. Sud\u0117tingos u\u017eklausos nukreipiamos pirk\u0117jams su informacija apie tai, k\u0105 reikia per\u017ei\u016br\u0117ti.<\/p>\n\n\n<h4 class=\"wp-block-heading\">Protingai nukreipia patvirtinimus<\/h4>\n\n\n<p>Patvirtinimo darbo eigos yra sud\u0117tingos. Skirtingi tvirtintojai skirtingoms sumoms. Skirtingi keliai skirtingoms kategorijoms. Skirtingos taisykl\u0117s skirtingiems skyriams.<\/p>\n<p>\u017dmon\u0117s painiojasi. Pra\u0161ymai patenka ne tam, kuris juos tvirtina. Pra\u0161ymai gr\u0105\u017einami atgal. V\u0117luojama, kol \u017emon\u0117s i\u0161siai\u0161kina, kas i\u0161 tikr\u0173j\u0173 tur\u0117t\u0173 patvirtinti.<\/p>\n<p>Dirbtinis intelektas \u017eino patvirtinimo taisykles:<\/p>\n<ul>\n<li><strong>Mar\u0161rutizavimas pagal kiek\u012f:<\/strong> Ma\u017eiau nei $1 000 skiriama vienam tvirtintojui. Vir\u0161 $10 000 reikia papildomo patvirtinimo.<\/li>\n<li><strong>Kategorijomis pagr\u012fstas mar\u0161rutizavimas:<\/strong> IT pirkimams reikia IT patvirtinimo. Investicinei \u012frangai reikalinga finans\u0173 per\u017ei\u016bra.<\/li>\n<li><strong>Departamento taisykl\u0117s:<\/strong> Skirtingi departamentai turi skirtingus delegavimo lygius ir patvirtinimo grandines.<\/li>\n<li><strong>Politikos i\u0161imtys:<\/strong> Nekataloginiai daiktai. Tiek\u0117jai, su kuriais nesudarytos sutartys. Special\u016bs patvirtinimo reikalavimai.<\/li>\n<li><strong>Pakeitimo logika:<\/strong> Pagrindinis tvirtintojas nepasiekiamas? Automati\u0161kai nukreipkite \u012f paskirt\u0105 pakaitin\u012f patvirtintoj\u0105.<\/li>\n<\/ul>\n<p>Kiekviena parai\u0161ka i\u0161 pirmo karto patenka tinkamam tvirtintojui. Jokios painiavos. Jokio delsimo, kol \u017emon\u0117s tikrina, kas k\u0105 turi patvirtinti.<\/p>\n<p>O tvirtintojai? Jie gauna kiekvienos u\u017eklausos kontekst\u0105. Kas u\u017esakoma. Kod\u0117l. Biud\u017eeto b\u016bkl\u0119. Sutarties atitikt\u012f. Ar tai \u012fprasta, ar reikia patikrinti. Prireikus jie gali greitai patvirtinti.<\/p>\n\n\n<h4 class=\"wp-block-heading\">Si\u016blo pageidaujamus tiek\u0117jus<\/h4>\n\n\n<p>Ka\u017ekas pra\u0161o biuro reikmen\u0173. Kur\u012f tiek\u0117j\u0105 tur\u0117tum\u0117te pasirinkti?<\/p>\n<p>J\u016bs\u0173 \u012fmon\u0117 yra sudariusi sutartis su trimis kanceliarini\u0173 preki\u0173 tiek\u0117jais. Kiekvienas j\u0173 taiko skirtingas kainas skirtingoms prek\u0117ms. Skirtingi pristatymo terminai. Skirtingi minimal\u016bs u\u017esakymai.<\/p>\n<p>Pirk\u0117jai tai \u017eino. Jie der\u0117josi d\u0117l sutar\u010di\u0173. Bet pra\u0161ytojai to ne\u017eino. O pirk\u0117jai nenori rankiniu b\u016bdu ie\u0161koti, kuris tiek\u0117jas yra geriausias kiekvienam u\u017esakymui.<\/p>\n<p>Dirbtinis intelektas automati\u0161kai rekomenduoja tiek\u0117jus:<\/p>\n<ul>\n<li><strong>Geriausia kainodara:<\/strong> Palygina vis\u0173 tiek\u0117j\u0173 pra\u0161om\u0173 preki\u0173 sutartines kainas.<\/li>\n<li><strong>Pristatymo greitis:<\/strong> veiksniai, susij\u0119 su skuba ir tiek\u0117j\u0173 vykdymo laiku.<\/li>\n<li><strong>Konsolidavimo galimyb\u0117:<\/strong> Jei yra kit\u0173 atvir\u0173 u\u017esakym\u0173, si\u016blome juos sujungti, kad b\u016bt\u0173 laikomasi minimali\u0173 u\u017esakymo reikalavim\u0173.<\/li>\n<li><strong>Sutarties laikymasis:<\/strong> Pirmenyb\u0117 teikiama tiek\u0117jams, kuri\u0173 \u012fsipareigojimus d\u0117l apimties reikia \u012fvykdyti.<\/li>\n<li><strong>Ankstesn\u0117 veikla:<\/strong> Atsi\u017evelgia \u012f pristatymo patikimum\u0105 ir kokyb\u0117s istorij\u0105.<\/li>\n<\/ul>\n<p>Pirkimo u\u017esakymas siun\u010diamas tiek\u0117jui, kuris pateikia geriausi\u0105 kain\u0105. Ne atsitiktinai. Ne tam, kur\u012f pra\u0161ytojas pa\u017e\u012fsta. Pas tiek\u0117j\u0105, su kuriuo sudaryta sutartis ir kuris turi geriausias s\u0105lygas konkre\u010diam u\u017esakymui.<\/p>\n<p>Padid\u0117ja sutar\u010di\u0173 laikymasis. J\u016bs\u0173 suder\u0117tos s\u0105lygos i\u0161 tikr\u0173j\u0173 naudojamos. Tiek\u0117jai \u012fvykdo \u012fsipareigojimus d\u0117l apimties, nes u\u017esakymai plaukia ten, kur turi plaukti.<\/p>\n\n\n<h4 class=\"wp-block-heading\">Patvirtina u\u017esakymus pagal sutartis<\/h4>\n\n\n<p>D\u0117l sutarties der\u0117jot\u0117s d\u0117l tam tikros prie\u017easties. Geresn\u0117 kainodara. Sutartos s\u0105lygos. Apimties nuolaidos. Ta\u010diau jei u\u017esakymai neatitinka sutarties s\u0105lyg\u0173, prarandate naud\u0105.<\/p>\n<p>Dirbtinis intelektas patikrina kiekvien\u0105 u\u017esakym\u0105 pagal sutarties s\u0105lygas:<\/p>\n<ul>\n<li><strong>Kainos patvirtinimas:<\/strong> Ar tai sutartyje nurodyta kaina? Jei ne, pa\u017eym\u0117kite j\u0105 ir paai\u0161kinkite skirtum\u0105.<\/li>\n<li><strong>Termin\u0173 laikymasis:<\/strong> Ar u\u017esakome nevir\u0161ydami sutarto ma\u017eiausio ir (arba) did\u017eiausio kiekio?<\/li>\n<li><strong>Nuolaidos tikrinimas:<\/strong> Ar taikomos sutartyje numatytos nuolaidos? Ar teisingai apskai\u010diuotos apimties pertraukos?<\/li>\n<li><strong>Produkto atitikimas:<\/strong> Ar tai pagal sutart\u012f \u012fsigyta prek\u0117, ar pana\u0161us pakaitalas u\u017e kit\u0105 kain\u0105?<\/li>\n<li><strong>Mok\u0117jimo s\u0105lygos:<\/strong> Ar naudojame sutartas mok\u0117jimo s\u0105lygas, ar kitokias s\u0105lygas?<\/li>\n<\/ul>\n<p>Jei u\u017esakymas neatitinka sutarties, dirbtinis intelektas j\u012f pa\u017eymi prie\u0161 i\u0161siun\u010diant u\u017esakym\u0105.<\/p>\n<p>Galb\u016bt kaina yra didesn\u0117, nei numatyta sutartyje. Galb\u016bt tiek\u0117jas \"nety\u010dia\" panaikino nuolaid\u0105. Galb\u016bt kas nors u\u017esako sutartyje nenumatyt\u0105 prek\u0119, nors yra sutartyje numatyta alternatyva.<\/p>\n<p>Sulaikykite j\u012f prie\u0161 mok\u0117dami u\u017e j\u012f. Ne s\u0105skait\u0173 fakt\u016br\u0173 derinimo metu, kai jau b\u016bna per v\u0117lu.<\/p>\n<p>Tai n\u0117ra susij\u0119 su nepasitik\u0117jimu tiek\u0117jais. Reikia u\u017etikrinti, kad s\u0105lygos, d\u0117l kuri\u0173 der\u0117jot\u0117s, i\u0161 tikr\u0173j\u0173 b\u016bt\u0173 taikomos kiekvienam u\u017esakymui.<\/p>\n\n\n<h4 class=\"wp-block-heading\">Aktyviai stebi u\u017esakymo b\u016bsen\u0105<\/h4>\n\n\n<p>I\u0161siun\u010diami u\u017esakymai. Tada prasideda klausimai. \"Kur mano u\u017esakymas?\" \"Kada jis bus pristatytas?\" \"Ar tiek\u0117jas j\u012f patvirtino?\"<\/p>\n<p>Pirk\u0117jai nuolat u\u017eduoda \u0161iuos klausimus. Jie tikrina sistemas. Skambina tiek\u0117jams. Siun\u010dia el. lai\u0161kus. B\u016bkl\u0117s atnaujinimai - tai darbas vis\u0105 darbo dien\u0105.<\/p>\n<p>AI automati\u0161kai stebi u\u017esakymo b\u016bsen\u0105:<\/p>\n<ul>\n<li><strong>Tiek\u0117jo patvirtinimas:<\/strong> Ar tiek\u0117jas patvirtino u\u017esakym\u0105? Ar sutiko su pristatymo data? Ar pasteb\u0117jo koki\u0173 nors neatitikim\u0173?<\/li>\n<li><strong>gamybos ir (arba) siunt\u0173 steb\u0117jimas:<\/strong> Ar u\u017esakymas vykdomas pagal grafik\u0105? Ar jis i\u0161si\u0173stas? Kur jis gabenamas?<\/li>\n<li><strong>Pristatymo steb\u0117sena:<\/strong> Numatoma pristatymo data art\u0117ja. Ar atvyko? Ar jis buvo gautas \u012f sand\u0117l\u012f?<\/li>\n<li><strong>I\u0161imties persp\u0117jimai:<\/strong> V\u0117lavimai. U\u017esakymai. Kokyb\u0117s problemos, pa\u017eym\u0117tos gavimo metu. Kiekio neatitikimai.<\/li>\n<li><strong>Aktyvus bendravimas:<\/strong> Automati\u0161kai atnaujina u\u017eklaus\u0173 teik\u0117jus. Perduoda pirk\u0117jams tik tada, kai reikia \u012fsiki\u0161ti.<\/li>\n<\/ul>\n<p>Pra\u0161ytojai gauna b\u016bsenos atnaujinimus nepra\u0161ydami. Pirk\u0117jai daugiausia d\u0117mesio skiria i\u0161imtims, o ne \u012fprastiniams b\u016bsenos patikrinimams.<\/p>\n<p>U\u017esakymas v\u0117luoja? Dirbtinis intelektas \u012fsp\u0117ja u\u017esakov\u0105 ir pirk\u0117j\u0105, kol dar niekas nepapra\u0161\u0117. Jis pateikia kontekst\u0105 - kod\u0117l v\u0117luojama, nauja numatoma data, ar yra alternatyv\u0173.<\/p>\n<p>Problemos sprend\u017eiamos aktyviai. Jos neatrandamos, kai kas nors paklausia: \"Ei, kur tas u\u017esakymas, kur\u012f pateikiau prie\u0161 tris savaites?\"<\/p>\n\n\n<hr class=\"wp-block-separator has-alpha-channel-opacity\"\/>\n\n\n\n<h3 class=\"wp-block-heading\">K\u0105 tai rei\u0161kia jums<\/h3>\n\n\n\n<h4 class=\"wp-block-heading\">CPO ir pirkim\u0173 vadovams<\/h4>\n\n\n<p>Galite kontroliuoti ir matyti vis\u0105 pirkimo iki u\u017esakymo proces\u0105.<\/p>\n<ul>\n<li><strong>Geresnis sutar\u010di\u0173 laikymasis:<\/strong> U\u017esakymai perduodami tiek\u0117jams, su kuriais sudarytos sutartys. Taikomos s\u0105lygos, d\u0117l kuri\u0173 buvo der\u0117tasi. \u012evykdomi apimties \u012fsipareigojimai.<\/li>\n<li><strong>Ma\u017eiau laisvanori\u0161k\u0173 i\u0161laid\u0173:<\/strong> Kai patvirtintas procesas yra greitas, \u017emon\u0117s juo naudojasi, o ne apeina.<\/li>\n<li><strong>greitesni vie\u0161\u0173j\u0173 pirkim\u0173 ciklai:<\/strong> Standartiniai u\u017esakymai apdorojami per kelias minutes, o ne dienas. Verslo poreikiai tenkinami grei\u010diau.<\/li>\n<li><strong>Geresnis i\u0161tekli\u0173 paskirstymas:<\/strong> Pirk\u0117jai dirba su sud\u0117tingais pirkimais ir derybomis, o ne su \u012fprastu u\u017esakym\u0173 tvarkymu.<\/li>\n<li><strong>I\u0161laid\u0173 matomumas:<\/strong> Visi u\u017esakymai perduodami per sistem\u0105. Visi\u0161kas matomumas, kas ir i\u0161 ko perkama.<\/li>\n<\/ul>\n\n\n<h4 class=\"wp-block-heading\">Pirkim\u0173 vadovams ir pirk\u0117jams<\/h4>\n\n\n<p>J\u016bs nustojate b\u016bti u\u017eklaus\u0173 apdorojimo centru ir tampate strategine funkcija.<\/p>\n<ul>\n<li><strong>Nustokite tvarkyti \u012fprastus u\u017esakymus:<\/strong> Standartin\u0117s u\u017eklausos vyksta automati\u0161kai. J\u016bs tvarkote tik tai, k\u0105 reikia \u017einoti.<\/li>\n<li><strong>Sutelkite d\u0117mes\u012f \u012f sud\u0117tingus pirkimus:<\/strong> Laikas deryboms. Santyki\u0173 su tiek\u0117jais valdymas. Strateginis apr\u016bpinimas.<\/li>\n<li><strong>Geresnis sutar\u010di\u0173 panaudojimas:<\/strong> U\u017esakymai automati\u0161kai perduodami tinkamiems tiek\u0117jams tinkamomis s\u0105lygomis.<\/li>\n<li><strong>Ma\u017eiau b\u016bsenos tikrinimo:<\/strong> Automatinis steb\u0117jimas padeda spr\u0119sti \u012fprastus klausimus. J\u016bs sutelkite d\u0117mes\u012f \u012f i\u0161imtis.<\/li>\n<li><strong>Ai\u0161kus darbo kr\u016bvis:<\/strong> \u017dinokite, \u012f k\u0105 reikia atkreipti d\u0117mes\u012f. Kas \u012fprasta, tvarkoma automati\u0161kai.<\/li>\n<\/ul>\n\n\n<h4 class=\"wp-block-heading\">Pra\u0161ytojams ir verslo naudotojams<\/h4>\n\n\n<p>Grei\u010diau gausite tai, ko jums reikia, ir ma\u017eiau vargo.<\/p>\n<ul>\n<li><strong>Greitesni u\u017esakymai:<\/strong> Standartiniai u\u017esakymai patvirtinami ir u\u017esakomi per kelias minutes. Nebereik\u0117s laukti dien\u0173 d\u0117l \u012fprast\u0173 preki\u0173.<\/li>\n<li><strong>I\u0161valyti b\u016bsen\u0105:<\/strong> \u017dinokite, kur yra j\u016bs\u0173 u\u017esakymas, neklausdami. Aktyviai informuokite apie pristatym\u0105.<\/li>\n<li><strong>Lengvas procesas:<\/strong> Ai\u0161kios gair\u0117s, ko reikia. Jei kas nors negerai, i\u0161 karto gaukite gr\u012f\u017etam\u0105j\u012f ry\u0161\u012f.<\/li>\n<li><strong>Geresnis aptarnavimas:<\/strong> Pageidaujami tiek\u0117jai si\u016blomi automati\u0161kai. Geriausias pristatymo laikas ir s\u0105lygos.<\/li>\n<li><strong>Daugiau joki\u0173 ap\u0117jimo b\u016bd\u0173:<\/strong> Patvirtintas procesas yra pakankamai greitas, kad jo nereik\u0117t\u0173 apeiti.<\/li>\n<\/ul>\n\n\n<hr class=\"wp-block-separator has-alpha-channel-opacity\"\/>\n\n\n\n<h3 class=\"wp-block-heading\">Ko dirbtinis intelektas nepadarys<\/h3>\n\n\n<p>Ai\u0161kiai pasakykime, kas tai n\u0117ra.<\/p>\n<p>AI netvirtina pirkini\u0173. Juos tvirtina \u017emon\u0117s. Dirbtinis intelektas tik nukreipia u\u017eklausas tinkamam tvirtintojui su tinkama informacija.<\/p>\n<p>Sud\u0117ting\u0173 pirkini\u0173 atveju dirbtinis intelektas nepakei\u010dia pirk\u0117jo sprendimo. Nauji tiek\u0117jai. Nestandartin\u0117s prek\u0117s. Kapitalin\u0117 \u012franga. Strateginiai pirkimai. Jiems reikia \u017emogi\u0161kosios kompetencijos.<\/p>\n<p>Dirbtinis intelektas nepanaikina viso rankinio darbo. Kai kurios u\u017eklausos yra sud\u0117tingos. Kai kuriuos u\u017esakymus reikia specialiai tvarkyti. Kai kuriose situacijose reikia \u017emogaus sprendimo d\u0117l rizikos, kokyb\u0117s ar tiek\u0117jo pasirinkimo.<\/p>\n<p>Dirbtinis intelektas atlieka \u012fprast\u0105 darb\u0105. Standartinius u\u017esakymus, kurie vykdomi pagal \u0161ablonus. 80% u\u017esakym\u0173, kuriems nereikia \u017emogaus patirties, bet istori\u0161kai jie vis tiek b\u016bdavo atliekami, nes procesas reikalaudavo rank\u0173 darbo.<\/p>\n<p>J\u016bs\u0173 pirk\u0117jai vis dar priima sprendimus. Jie tik priima sprendimus d\u0117l dalyk\u0173, kuriems i\u0161 tikr\u0173j\u0173 reikia j\u0173 kompetencijos.<\/p>\n\n\n<hr class=\"wp-block-separator has-alpha-channel-opacity\"\/>\n\n\n\n<h3 class=\"wp-block-heading\">Reali\u0173 rezultat\u0173 i\u0161 u\u017esakymo ir u\u017esakymo dirbtinio intelekto<\/h3>\n\n\n<p>\u0160tai kaip tai atrodo prakti\u0161kai:<\/p>\n\n<p><strong>70-80% automati\u0161kai apdorojam\u0173 u\u017esakym\u0173:<\/strong> Standartiniai u\u017esakymai vykdomi be pirk\u0117jo \u012fsiki\u0161imo. Pirk\u0117jai sutelkia d\u0117mes\u012f \u012f 20-30%, kuriems reikia kompetencijos.<\/p>\n\n<p><strong>Patvirtinimo ciklo laikas sutrump\u0117jo 50-70%:<\/strong> U\u017eklausos i\u0161 karto patenka pas reikiam\u0105 tvirtintoj\u0105. Jokios painiavos, joki\u0173 v\u0117lavim\u0173, joki\u0173 gr\u012f\u017eim\u0173 atgal.<\/p>\n\n<p><strong>Padid\u0117ja sutarties atitiktis 15-30%:<\/strong> U\u017esakymai automati\u0161kai perduodami tiek\u0117jams, su kuriais sudarytos sutartys, sutartyje numatytomis s\u0105lygomis. Maverick i\u0161laidos ma\u017e\u0117ja.<\/p>\n\n<p><strong>Atlaisvinti pirk\u0117j\u0173 paj\u0117gumai:<\/strong> Valandos per dien\u0105, atgautos i\u0161 \u012fprastinio u\u017esakym\u0173 tvarkymo. Laikas perskirstytas strateginiams u\u017esakymams ir deryboms.<\/p>\n\n<p><strong>Geresn\u0117 naudotojo patirtis:<\/strong> Pakankamai greitai, kad \u017emon\u0117s naudot\u0173si sistema, o ne ie\u0161kot\u0173 apeinam\u0173 keli\u0173. Didesnis pritaikymas rei\u0161kia geresn\u012f i\u0161laid\u0173 matomum\u0105.<\/p>\n\n<p>Tai n\u0117ra susij\u0119 su vie\u0161\u0173j\u0173 pirkim\u0173 darbuotoj\u0173 skai\u010diaus ma\u017einimu. Reikia leisti vie\u0161iesiems pirkimams atlikti daugiau strateginio darbo su tais pa\u010diais i\u0161tekliais.<\/p>\n\n\n<hr class=\"wp-block-separator has-alpha-channel-opacity\"\/>\n\n\n\n<h3 class=\"wp-block-heading\">Ar esate pasireng\u0119 paspartinti pirkimo iki u\u017esakymo proces\u0105?<\/h3>\n\n\n<p>Kiekvienoje \u012fmon\u0117je u\u017esakymo ir u\u017esakymo procesas yra skirtingas. J\u016bs\u0173 patvirtinimo darbo eiga atspindi j\u016bs\u0173 organizacin\u0119 strukt\u016br\u0105. J\u016bs\u0173 tiek\u0117j\u0173 baz\u0117 pasi\u017eymi unikaliomis savyb\u0117mis. J\u016bs\u0173 kategorijoms keliami skirtingi reikalavimai.<\/p>\n<p>Mes nepardavin\u0117jame bendr\u0173j\u0173 vie\u0161\u0173j\u0173 pirkim\u0173 automatizavimo priemoni\u0173. Nagrin\u0117jame konkret\u0173 j\u016bs\u0173 proces\u0105 nuo parai\u0161kos iki u\u017esakymo. Nustatome, kurie u\u017esakymai gali b\u016bti automatizuoti, o kuriems reikia \u017emogi\u0161k\u0173j\u0173 \u017eini\u0173. Sukuriame sistemas, kurios atitinka j\u016bs\u0173 organizacijos darbo principus.<\/p>\n<p>Ne\u017eadama, kad viskas bus automatizuota. Tik prakti\u0161kas dirbtinis intelektas, kuris tvarkys \u012fprastus u\u017esakymus, kad pirk\u0117jai gal\u0117t\u0173 sutelkti d\u0117mes\u012f \u012f strateginius pirkimus.<\/p>\n\n<p><a href=\"https:\/\/www.leaplytics.de\/lt\/kontaktas\/\">Pasikalb\u0117kime apie j\u016bs\u0173 u\u017esakymo proces\u0105<\/a><\/p>\n\n<p><a href=\"https:\/\/www.leaplytics.de\/lt\/aprupinimas-viesuoju-pirkimu-ai\/\">Gr\u012f\u017eti \u012f \"Sourcing &amp; Procurement AI<\/a><\/p>","protected":false},"excerpt":{"rendered":"<p>AI for Purchase Requisition &#038; Ordering: Speed Up the Buying Process Purchase requisitions and ordering should be simple. Someone needs something. They request it. It gets approved. The order goes out. Done. But it&#8217;s not simple. Requisitions sit in inboxes waiting for approval. Buyers manually process routine orders. People don&#8217;t know which supplier to use. &hellip; <\/p>","protected":false},"author":2,"featured_media":0,"parent":0,"menu_order":0,"comment_status":"closed","ping_status":"closed","template":"","meta":{"footnotes":""},"class_list":["post-14511","page","type-page","status-publish","hentry","latest_post"],"_links":{"self":[{"href":"https:\/\/www.leaplytics.de\/lt\/wp-json\/wp\/v2\/pages\/14511","targetHints":{"allow":["GET"]}}],"collection":[{"href":"https:\/\/www.leaplytics.de\/lt\/wp-json\/wp\/v2\/pages"}],"about":[{"href":"https:\/\/www.leaplytics.de\/lt\/wp-json\/wp\/v2\/types\/page"}],"author":[{"embeddable":true,"href":"https:\/\/www.leaplytics.de\/lt\/wp-json\/wp\/v2\/users\/2"}],"replies":[{"embeddable":true,"href":"https:\/\/www.leaplytics.de\/lt\/wp-json\/wp\/v2\/comments?post=14511"}],"version-history":[{"count":1,"href":"https:\/\/www.leaplytics.de\/lt\/wp-json\/wp\/v2\/pages\/14511\/revisions"}],"predecessor-version":[{"id":14518,"href":"https:\/\/www.leaplytics.de\/lt\/wp-json\/wp\/v2\/pages\/14511\/revisions\/14518"}],"wp:attachment":[{"href":"https:\/\/www.leaplytics.de\/lt\/wp-json\/wp\/v2\/media?parent=14511"}],"curies":[{"name":"wp","href":"https:\/\/api.w.org\/{rel}","templated":true}]}}