{"id":14514,"date":"2025-12-19T02:03:17","date_gmt":"2025-12-19T01:03:17","guid":{"rendered":"https:\/\/www.leaplytics.de\/?page_id=14514"},"modified":"2025-12-19T02:03:17","modified_gmt":"2025-12-19T01:03:17","slug":"tiekeju-veiklos-rizikos-valdymas-ai","status":"publish","type":"page","link":"https:\/\/www.leaplytics.de\/lt\/tiekeju-veiklos-rizikos-valdymas-ai\/","title":{"rendered":"Tiek\u0117j\u0173 veiklos ir rizikos valdymas AI"},"content":{"rendered":"<h2>Tiek\u0117j\u0173 veiklos ir rizikos valdymo dirbtinis intelektas: Pa\u017einkite savo tiek\u0117jus, kol jie nesuk\u0117l\u0117 problem\u0173<\/h2>\n\n<p>J\u016bs\u0173 verslas priklauso nuo tiek\u0117j\u0173. Jie tiekia jums reikalingas med\u017eiagas. Komponentus, i\u0161 kuri\u0173 gaminate. Paslaugas, kurios u\u017etikrina veiklos t\u0119stinum\u0105.<\/p>\n<p>Kai tiek\u0117jai dirba gerai, apie juos negalvojate. Kai jiems nepavyksta, viskas sustoja.<\/p>\n<p>V\u0117luojantys pristatymai stabdo gamyb\u0105. Kokyb\u0117s problemos lemia perdirbim\u0105 ir klient\u0173 skundus. D\u0117l finansini\u0173 problem\u0173 sutrinka tiekimas. Atitikties pa\u017eeidimai sukelia teisin\u012f pavoj\u0173. Ma\u017eos tiek\u0117j\u0173 problemos tampa didel\u0117mis verslo problemomis.<\/p>\n<p>Ta\u010diau dauguma \u012fmoni\u0173 sistemingai nestebi tiek\u0117j\u0173 veiklos rezultat\u0173. Ne tod\u0117l, kad joms tai ner\u016bpi. Nes \u0161imt\u0173 tiek\u0117j\u0173 steb\u0117ti rankiniu b\u016bdu ne\u012fmanoma.<\/p>\n<p>Problemas pastebite tik tada, kai jos paveikia jus. V\u0117luojantis pristatymas, kuris sustabdo gamyb\u0105. Kokyb\u0117s problema, kuri pasiekia klientus. Tiek\u0117jo bankrotas, d\u0117l kurio tenka ie\u0161koti alternatyv\u0173.<\/p>\n<p>Tai kei\u010dia dirbtinis intelektas. Jis nuolat stebi tiek\u0117j\u0173 veikl\u0105. Stebi rizikos signalus i\u0161 \u012fvairi\u0173 \u0161altini\u0173. \u012esp\u0117ja apie problemas prie\u0161 joms darant poveik\u012f veiklai. Reaktyv\u0173 gaisr\u0173 gesinim\u0105 paver\u010dia proaktyviu rizikos valdymu.<\/p>\n\n\n<hr class=\"wp-block-separator has-alpha-channel-opacity\"\/>\n\n\n\n<h3 class=\"wp-block-heading\">Kod\u0117l nepavyksta tiek\u0117j\u0173 veiklos valdymas<\/h3>\n\n\n<p>Dauguma \u012fmoni\u0173 tam tikra forma stebi tiek\u0117j\u0173 veikl\u0105. Vertinimo kortel\u0117s. Ketvirtin\u0117s verslo ap\u017evalgos. Metiniai vertinimai.<\/p>\n<p>Ta\u010diau jie yra gr\u012f\u017etantys atgal ir periodi\u0161ki. Jie parodo, kas \u012fvyko pra\u0117jus\u012f ketvirt\u012f. Jie nepasako, kas vyksta dabar ir kokios problemos gresia ateityje.<\/p>\n<p>Ketvir\u010dio per\u017ei\u016broje tiek\u0117jo tiekimo rezultatai atrodo geri. Ta\u010diau per pastar\u0105sias tris savaites jie praleido pus\u0119 pristatym\u0173. Niekas to nepastebi, kol tai nepaveikia gamybos.<\/p>\n<p>Per metin\u0119 per\u017ei\u016br\u0105 tiek\u0117jo finansiniai duomenys atrod\u0117 gerai. Ta\u010diau jie k\u0105 tik prarado did\u017eiausi\u0105 klient\u0105. Kai apie tai su\u017einojote, jie jau tur\u0117jo b\u0117d\u0173, kaip ir j\u016bs\u0173 tiekimo grandin\u0117.<\/p>\n<p>Tai taikoma svarbiausiems tiek\u0117jams, kuri\u0173 at\u017evilgiu atliekamos oficialios per\u017ei\u016bros. Kitiems 80% j\u016bs\u0173 tiek\u0117j\u0173 baz\u0117s tiek\u0117jams? Jie stebimi tik tada, kai problemos tampa akivaizd\u017eios.<\/p>\n<p>Rankiniu b\u016bdu atliekama steb\u0117sena n\u0117ra mastelio. Negalite steb\u0117ti 300 tiek\u0117j\u0173 pristatymo rezultat\u0173. Negalite steb\u0117ti kiekvienos \u012fmon\u0117s, i\u0161 kurios perkate, finansini\u0173 naujien\u0173. Negalite nuolat tikrinti atitikties statuso.<\/p>\n<p>Taigi stebite did\u017eiuosius tiek\u0117jus ir tikit\u0117s, kad kiti nesukels problem\u0173. Viltis n\u0117ra rizikos valdymo strategija.<\/p>\n\n\n<hr class=\"wp-block-separator has-alpha-channel-opacity\"\/>\n\n\n\n<h3 class=\"wp-block-heading\">K\u0105 AI daro tiek\u0117j\u0173 veiklos ir rizikos valdymui<\/h3>\n\n\n<p>Dirbtinis intelektas ne tik stebi tiek\u0117j\u0173 veikl\u0105. Jis prognozuoja problemas. \u0160tai kaip.<\/p>\n\n\n<h4 class=\"wp-block-heading\">Nuolat stebi tiek\u0117j\u0173 veikl\u0105<\/h4>\n\n\n<p>Dirbtinis intelektas realiuoju laiku stebi tiek\u0117j\u0173 veiklos duomenis. Ne kas ketvirt\u012f atliekamos per\u017ei\u016bros. Nuolatin\u0117 kiekvieno sandorio steb\u0117sena.<\/p>\n\n<p><strong>Pristatymo laiku steb\u0117jimas:<\/strong><\/p>\n<ul>\n<li>Kiekvienas u\u017esakymas. Kiekvienas pristatymas. Ar laiku? Anks\u010diau? Pav\u0117luotai? Kiek?<\/li>\n<li>Pristatymo rezultatai pagal tiek\u0117j\u0105, kategorij\u0105 ir laikotarp\u012f.<\/li>\n<li>Tendencijos: Ar rezultatai ger\u0117ja, ar blog\u0117ja?<\/li>\n<li>Kintamumas: Nuolatinis veikimas ar nenusp\u0117jamas?<\/li>\n<li>\u012esipareigojimai: Faktiniai rezultatai, palyginti su sutartyje numatytais paslaug\u0173 lygiais.<\/li>\n<\/ul>\n<p>Bendra tiek\u0117jo veikla gali b\u016bti priimtina, ta\u010diau jo veikla, susijusi su kritiniais elementais, yra prasta. Dirbtinis intelektas tai mato. Tiek\u0117jo vidutinis rodiklis rodo 95% laiku, ta\u010diau pastaruoju metu jo rezultatai suma\u017e\u0117jo iki 80%. Dirbtinis intelektas pastebi \u0161i\u0105 tendencij\u0105.<\/p>\n\n<p><strong>Kokyb\u0117s rodikliai:<\/strong><\/p>\n<ul>\n<li>Defekt\u0173 lygis. Gr\u0105\u017einimo rodikliai. Perdirbimo reikalavimai.<\/li>\n<li>Kokyb\u0117s incidentai pagal sunkum\u0105 ir da\u017enum\u0105.<\/li>\n<li>Specifikacij\u0173 ir standart\u0173 laikymasis.<\/li>\n<li>Klient\u0173 skundai, susij\u0119 su tiek\u0117j\u0173 problemomis.<\/li>\n<li>Kokyb\u0117s s\u0105naudos: tikrinimas, perdirbimas, gr\u0105\u017einimas, garantiniai reikalavimai.<\/li>\n<\/ul>\n<p>Kokyb\u0117s problemos da\u017enai i\u0161ry\u0161k\u0117ja anks\u010diau, nei tampa akivaizd\u017eios. L\u0117tai did\u0117jantis defekt\u0173 skai\u010dius. Problemos su konkre\u010diomis produkt\u0173 linijomis. Dirbtinis intelektas anksti nustato \u0161iuos d\u0117sningumus.<\/p>\n\n<p><strong>Operatyvumas ir aptarnavimas:<\/strong><\/p>\n<ul>\n<li>Reagavimo \u012f u\u017eklausas ir problemas laikas.<\/li>\n<li>Problem\u0173 sprendimo greitis ir veiksmingumas.<\/li>\n<li>Lankstumas vykdant pakeitimus ar skubius pra\u0161ymus.<\/li>\n<li>Bendravimo kokyb\u0117 ir aktyvumas.<\/li>\n<li>Technin\u0117 pagalba ir kompetencija.<\/li>\n<\/ul>\n\n<p><strong>Komercinis veikimas:<\/strong><\/p>\n<ul>\n<li>S\u0105skait\u0173 fakt\u016br\u0173 tikslumas. S\u0105skait\u0173 i\u0161ra\u0161ymo problemos ir klaidos.<\/li>\n<li>Kain\u0173 suderinamumas su sutartimis.<\/li>\n<li>Mok\u0117jimo termin\u0173 laikymasis.<\/li>\n<li>Pasi\u016blymo pateikimo laikas ir konkurencingumas.<\/li>\n<\/ul>\n<p>Dirbtinis intelektas ne tik renka duomenis. Jis juos analizuoja. Parodo tendencijas. Lygina tiek\u0117jus. Nustato prast\u0117jan\u010di\u0105 veikl\u0105, kol ji netapo kritine.<\/p>\n\n\n<h4 class=\"wp-block-heading\">\u012evertina tiek\u0117j\u0173 santykius<\/h4>\n\n\n<p>Turite \u0161imtus tiek\u0117j\u0173. Kurie i\u0161 j\u0173 nusipelno d\u0117mesio? Kurie veikia gerai? Su kuriais reikia diskutuoti apie tobulinim\u0105?<\/p>\n<p>Dirbtinis intelektas vertina kiekvien\u0105 tiek\u0117j\u0105 pagal kelis aspektus:<\/p>\n\n<p><strong>Veiklos \u012fvertinimas:<\/strong><\/p>\n<ul>\n<li>Svertinis pristatymo, kokyb\u0117s, operatyvumo ir komercini\u0173 rodikli\u0173 derinys.<\/li>\n<li>Pakoreguota pagal svarb\u0105: Kritiniai tiek\u0117jai vertinami grie\u017e\u010diau.<\/li>\n<li>Palyginti su sutartyje numatytais \u012fsipareigojimais ir analogi\u0161kais rezultatais.<\/li>\n<\/ul>\n\n<p><strong>Rizikos balas:<\/strong><\/p>\n<ul>\n<li>Finansin\u0117 rizika. Atitikties rizika. Operacin\u0117 rizika. Geografin\u0117 rizika.<\/li>\n<li>Vieno \u0161altinio priklausomyb\u0117s. Koncentracijos rizika.<\/li>\n<li>I\u0161or\u0117s veiksniai: geopolitin\u0117s, reguliavimo, rinkos s\u0105lygos.<\/li>\n<\/ul>\n\n<p><strong>Vert\u0117s \u012fvertinimas:<\/strong><\/p>\n<ul>\n<li>S\u0105naud\u0173 konkurencingumas. Inovacij\u0173 ind\u0117lis. Strategin\u0117 vert\u0117.<\/li>\n<li>Lengva vykdyti versl\u0105. Lankstumas ir partneryst\u0117s principas.<\/li>\n<li>Bendra vert\u0117, vir\u0161ijanti kain\u0105.<\/li>\n<\/ul>\n\n<p><strong>Bendras tiek\u0117jo \u012fvertinimas:<\/strong><\/p>\n<ul>\n<li>Kombinuotas veiklos rezultat\u0173, rizikos ir vert\u0117s vertinimas.<\/li>\n<li>Segmentavimas: strateginiai partneriai, pageidaujami tiek\u0117jai, priimtini tiek\u0117jai, rizikingi tiek\u0117jai.<\/li>\n<li>Rekomendacijos d\u0117l veiksm\u0173, pagr\u012fstos \u012fvertinimu ir tendencijomis.<\/li>\n<\/ul>\n<p>Gausite prioritetin\u012f tiek\u0117j\u0173 s\u0105ra\u0161\u0105. Kam reikia aptarti veiklos rezultatus? Kas nusipelno daugiau verslo? Kam reikia pereinamojo laikotarpio plano?<\/p>\n<p>Ne pagal nuojaut\u0105 ar pagal tai, kas garsiausiai skund\u0117si. Remiantis i\u0161samiais, objektyviais duomenimis.<\/p>\n\n\n<h4 class=\"wp-block-heading\">Anksti aptinkami rizikos signalai<\/h4>\n\n\n<p>Tiek\u0117j\u0173 problemos neatsiranda staiga. Yra \u012fsp\u0117jam\u0173j\u0173 \u017eenkl\u0173. Dirbtinis intelektas juos stebi.<\/p>\n\n<p><strong>Finansin\u0117s rizikos signalai:<\/strong><\/p>\n<ul>\n<li>Kredito reiting\u0173 suma\u017einimai. Finansini\u0173 ataskait\u0173 pablog\u0117jimas.<\/li>\n<li>Mok\u0117jimo problemos: v\u0117luojantys mok\u0117jimai tiek\u0117jams, mokes\u010di\u0173 are\u0161tai, teisiniai sprendimai.<\/li>\n<li>Dideli klient\u0173 praradimai. Pajam\u0173 koncentracija arba ma\u017e\u0117jimas.<\/li>\n<li>Atleidimai i\u0161 darbo, \u012fmoni\u0173 u\u017edarymas, prane\u0161imai apie restrukt\u016brizavim\u0105.<\/li>\n<li>Savinink\u0173 pasikeitimai, vadov\u0173 kaita, bankroto bylos.<\/li>\n<\/ul>\n\n<p><strong>Operacin\u0117s rizikos signalai:<\/strong><\/p>\n<ul>\n<li>Pristatymo na\u0161umas prast\u0117ja. Ilg\u0117ja pristatymo laikas.<\/li>\n<li>Kokyb\u0117s problem\u0173 da\u017en\u0117jimas arba sunk\u0117jimas.<\/li>\n<li>Paj\u0117gum\u0173 apribojimai. Gamybos problemos.<\/li>\n<li>Pagrindini\u0173 darbuotoj\u0173 i\u0161vykimas. Darbo j\u0117gos problemos ar streikai.<\/li>\n<li>tiekimo grandin\u0117s klausimai, darantys poveik\u012f j\u0173 tiek\u0117jams.<\/li>\n<\/ul>\n\n<p><strong>Atitikties ir reputacijos rizika:<\/strong><\/p>\n<ul>\n<li>Teis\u0117s akt\u0173 pa\u017eeidimai. Saugos incidentai. Aplinkosaugos problemos.<\/li>\n<li>Teisin\u0117s problemos: ie\u0161kiniai, tyrimai, baudos.<\/li>\n<li>Neigiamos naujienos. Socialin\u0117s \u017einiasklaidos nuotaik\u0173 poky\u010diai.<\/li>\n<li>Klient\u0173 skundai. Pramon\u0117s reputacijos poky\u010diai.<\/li>\n<li>Sertifikavimo terminai pasibaigia. Draudimo ar licencijos problemos.<\/li>\n<\/ul>\n\n<p><strong>Rinkos ir i\u0161or\u0117s rizika:<\/strong><\/p>\n<ul>\n<li>Geopolitiniai klausimai, darantys \u012ftak\u0105 tiek\u0117jo vietai.<\/li>\n<li>Stichin\u0117s nelaim\u0117s, meteorologiniai rei\u0161kiniai, infrastrukt\u016bros problemos.<\/li>\n<li>reguliavimo poky\u010diai, darantys poveik\u012f tiek\u0117j\u0173 veiklai.<\/li>\n<li>Rinkos sutrikimai tiek\u0117jo pramon\u0117je.<\/li>\n<li>\u017daliav\u0173 kain\u0173 svyravimai, darantys \u012ftak\u0105 tiek\u0117j\u0173 s\u0105naudoms.<\/li>\n<\/ul>\n<p>AI stebi naujienas, finansines duomen\u0173 bazes, reguliavimo dokument\u0173 rinkinius, pramon\u0117s ataskaitas ir vidaus veiklos duomenis. Jis sujungia signalus, kurie atskirai b\u016bt\u0173 praleisti.<\/p>\n<p>Tiek\u0117jas ne\u017eymiai v\u0117luoja pristatyti prekes. Tai vienas signalas. Tas pats tiek\u0117jas k\u0105 tik atleido 10% darbuotoj\u0173. Tai dar vienas signalas. Kartu jie rodo, kad i\u0161kyla didesn\u0117 problema.<\/p>\n<p>J\u016bs gaunate i\u0161ankstin\u012f \u012fsp\u0117jim\u0105. Laikas \u012fvairinti tiekim\u0105. Sukurkite atsarg\u0173 rezervus. Pasir\u016bpinkite alternatyvomis. Aktyviai valdykite rizik\u0105, o ne reaguokite \u012f krizes.<\/p>\n\n\n<h4 class=\"wp-block-heading\">Prognozuoja tiekimo sutrikimus<\/h4>\n\n\n<p>Kai kurios tiek\u0117j\u0173 problemos yra nusp\u0117jamos. Dirbtinis intelektas nustato modelius, kurie atsiranda prie\u0161 sutrikimus.<\/p>\n\n<p><strong>Na\u0161umo blog\u0117jimo modeliai:<\/strong><\/p>\n<p>Ma\u017e\u0117jantis pristatymo na\u0161umas. Prast\u0117ja kokyb\u0117. Ilgesnis darb\u0173 atlikimo laikas. \u0160ie d\u0117sningumai da\u017enai b\u016bna didesni\u0173 problem\u0173 prad\u017eia.<\/p>\n<p>Dirbtinis intelektas mokosi, kokie modeliai susij\u0119 su trikd\u017eiais. Jis pa\u017eymi tiek\u0117jus, kuriems b\u016bdingi \u0161ie modeliai, dar iki sutrikimo.<\/p>\n\n<p><strong>Rizikos veiksni\u0173 kaupimasis:<\/strong><\/p>\n<p>Keli rizikos signalai, pasirodantys kartu, padidina sutrikimo tikimyb\u0119.<\/p>\n<p>Finansin\u0117 \u012ftampa + veiklos problemos + pramon\u0117s nuosmukis = didel\u0117 tikimyb\u0117, kad tiek\u0117jas \u017elugs. \u0160i\u0105 rizik\u0105 kiekybi\u0161kai \u012fvertina dirbtinis intelektas.<\/p>\n\n<p><strong>I\u0161or\u0117s veiksni\u0173 steb\u0117sena:<\/strong><\/p>\n<p>\u017dem\u0117s \u016bkio tiek\u0117j\u0173 derliui \u012ftak\u0105 darantys orai. Reguliavimo terminai, d\u0117l kuri\u0173 atsiranda paj\u0117gum\u0173 apribojim\u0173. Uost\u0173 perkrovos, turin\u010dios \u012ftakos pristatymo tvarkara\u0161\u010diams.<\/p>\n<p>Dirbtinis intelektas stebi i\u0161orinius veiksnius, kuriais numatomi tiekimo grandin\u0117s sutrikimai. Ne tobulai, bet pakankamai anksti, kad b\u016bt\u0173 galima pasiruo\u0161ti.<\/p>\n\n<p><strong>Paj\u0117gum\u0173 ir paklausos analiz\u0117:<\/strong><\/p>\n<p>90% paj\u0117gumo tiek\u0117jas. Did\u0117janti pramon\u0117s paklausa. J\u016bs\u0173 apimtis auga. Matematika numato paj\u0117gum\u0173 problemas.<\/p>\n<p>Dirbtinis intelektas modeliuoja tiek\u0117j\u0173 paj\u0117gumus pagal paklaus\u0105. \u017dymi situacijas, kai pasi\u016bla gali b\u016bti ribota.<\/p>\n<p>Sutrikim\u0173 prognozavimas n\u0117ra tobulas. Ta\u010diau net 70% tikslumas ir ankstyvas \u012fsp\u0117jimas yra vertingas. Vis\u0173 sutrikim\u0173 i\u0161vengti ne\u012fmanoma. Ta\u010diau galite pasirengti tiems, kuriuos matote art\u0117jant.<\/p>\n\n\n<h4 class=\"wp-block-heading\">Stebi atitikties b\u016bsen\u0105<\/h4>\n\n\n<p>Tiek\u0117jams taikomi atitikties reikalavimai. Sertifikatai. Draudimas. Dokumentai. Saugos \u012fra\u0161ai. Aplinkosaugos leidimai.<\/p>\n<p>Jie nustoja galioti. Tiek\u0117jai pamir\u0161ta jas atnaujinti. Arba neprane\u0161a, kai kyla problem\u0173.<\/p>\n<p>AI stebi atitikties b\u016bsen\u0105:<\/p>\n\n<p><strong>Reikalingi dokumentai:<\/strong><\/p>\n<ul>\n<li>Draudimo liudijimai. Draudimo sumos ir galiojimo pabaigos datos.<\/li>\n<li>Kokyb\u0117s sertifikatai (ISO, konkre\u010dios pramon\u0117s \u0161akos). Dabartin\u0117 b\u016bkl\u0117 ir atnaujinimo datos.<\/li>\n<li>saugos sertifikatai ir audito rezultatai.<\/li>\n<li>Finansin\u0117s ataskaitos ir kredito informacija.<\/li>\n<li>Licencijos, leidimai, registracija.<\/li>\n<\/ul>\n\n<p><strong>Atitiktis teis\u0117s aktams:<\/strong><\/p>\n<ul>\n<li>Pramon\u0117s taisykli\u0173 laikymasis. Patikrinimo rezultatai.<\/li>\n<li>Atitiktis aplinkosaugos reikalavimams. I\u0161metam\u0173j\u0173 ter\u0161al\u0173, atliek\u0173, ataskait\u0173 teikimas.<\/li>\n<li>Darbo ir saugos taisykl\u0117s. Audito i\u0161vados.<\/li>\n<li>Importo ir (arba) eksporto reikalavim\u0173 laikymasis. Prekybos apribojimai.<\/li>\n<li>Duomen\u0173 privatumo ir saugumo reikalavim\u0173 laikymasis IT tiek\u0117jams.<\/li>\n<\/ul>\n\n<p><strong>Sutar\u010di\u0173 laikymasis:<\/strong><\/p>\n<ul>\n<li>Reikalaujami sertifikatai pagal sutarties s\u0105lygas.<\/li>\n<li>Ataskait\u0173 teikimo reikalavimai. Audito teis\u0117s.<\/li>\n<li>\u012evairov\u0117s ir tvarumo \u012fsipareigojimai.<\/li>\n<li>Elgesio kodekso pripa\u017einimas ir laikymasis.<\/li>\n<\/ul>\n<p>Dirbtinis intelektas seka, ko reikia. Stebi b\u016bsen\u0105. \u012esp\u0117ja prie\u0161 pasibaigiant galiojimo terminui. Pa\u017eymi atitikties problemas.<\/p>\n<p>Draudimo galiojimas baig\u0117si prie\u0161 tris m\u0117nesius ir niekas to nepasteb\u0117jo? Dirbtinis intelektas tai u\u017efiksuoja. Neatnaujintas pa\u017eym\u0117jimas? \u012esp\u0117jimas i\u0161si\u0173stas, kol tai dar netapo problema.<\/p>\n<p>Atitikties steb\u0117jimas n\u0117ra \u012fdomus. Ta\u010diau reikalavim\u0173 nesilaikymas brangiai kainuoja. Teisinis poveikis. Audito i\u0161vados. Klient\u0173 sutar\u010di\u0173 pa\u017eeidimai. Dirbtinis intelektas u\u017ekerta keli\u0105 \u0161ioms problemoms.<\/p>\n\n\n<hr class=\"wp-block-separator has-alpha-channel-opacity\"\/>\n\n\n\n<h3 class=\"wp-block-heading\">K\u0105 tai rei\u0161kia jums<\/h3>\n\n\n\n<h4 class=\"wp-block-heading\">CPO ir pirkim\u0173 vadovams<\/h4>\n\n\n<p>Pereisite nuo reaktyvaus prie proaktyvaus tiek\u0117j\u0173 rizikos valdymo.<\/p>\n<ul>\n<li><strong>Aktyvus rizikos valdymas:<\/strong> Problemos pastebimos anks\u010diau, nei jos sutrikdo veikl\u0105. Laikas pasiruo\u0161ti, o ne bla\u0161kytis.<\/li>\n<li><strong>Tiek\u0117jo atskaitomyb\u0117 naudojant duomenis:<\/strong> Objektyviais rodikliais pagr\u012fstos diskusijos apie veiklos rezultatus. Ai\u0161k\u016bs l\u016bkes\u010diai ir vertinimas.<\/li>\n<li><strong>Apsaugota tiekimo grandin\u0117:<\/strong> Ankstyvojo \u012fsp\u0117jimo apie tiek\u0117j\u0173 problemas sistema. Ma\u017eesnis sutrikim\u0173 poveikis.<\/li>\n<li><strong>Nuolatinis tobulinimas:<\/strong> Sistemingas veiklos rezultat\u0173 steb\u0117jimas skatina tiek\u0117j\u0173 tobul\u0117jim\u0105 laikui b\u0117gant.<\/li>\n<li><strong>Strateginis tiek\u0117j\u0173 valdymas:<\/strong> \u017dinokite, kurie tiek\u0117jai nusipelno investicij\u0173 ir partneryst\u0117s. Kuriems reikia pagerinti veiklos rezultatus. Kuriuos reikia pakeisti.<\/li>\n<\/ul>\n\n\n<h4 class=\"wp-block-heading\">Pirkim\u0173 vadovams ir pirk\u0117jams<\/h4>\n\n\n<p>\u017dinote, kuriuos tiek\u0117jus reikia steb\u0117ti, ir turite \u012frodym\u0173 sud\u0117tingiems pokalbiams.<\/p>\n<ul>\n<li><strong>\u017dinokite, kuriuos tiek\u0117jus reikia steb\u0117ti:<\/strong> Prioritetinis s\u0105ra\u0161as, sudarytas atsi\u017evelgiant \u012f veiklos rezultatus ir rizik\u0105. Sutelkite d\u0117mes\u012f ten, kur svarbu.<\/li>\n<li><strong>Tiek\u0117j\u0173 pokalbi\u0173 \u012frodymai:<\/strong> Duomenimis pagr\u012fstos diskusijos apie veiklos rezultatus. Konkret\u016bs klausimai su ai\u0161kiais rodikliais.<\/li>\n<li><strong>Ankstyvas \u012fsp\u0117jimas apie problemas:<\/strong> Spr\u0119skite problemas, kol jos netapo kritin\u0117mis. Aktyvus valdymas.<\/li>\n<li><strong>Supaprastintas na\u0161umo steb\u0117jimas:<\/strong> Daugiau joki\u0173 rankini\u0173 rezultat\u0173 korteli\u0173. Automatizuotas duomen\u0173 rinkimas ir analiz\u0117.<\/li>\n<li><strong>Atitikties patikra:<\/strong> Su\u017einokite tiek\u0117jo atitikties b\u016bsen\u0105 be rankinio dokument\u0173 sekimo.<\/li>\n<\/ul>\n\n\n<h4 class=\"wp-block-heading\">Operacijoms ir tiekimo grandinei<\/h4>\n\n\n<p>Patikimas tiekimas su ma\u017eesniu sutrikim\u0173 skai\u010diumi.<\/p>\n<ul>\n<li><strong>Ma\u017eiau tiekimo sutrikim\u0173:<\/strong> Ankstyvas \u012fsp\u0117jimas leid\u017eia pasirengti. Buferinis inventorius, alternatyv\u016bs \u0161altiniai, nenumatyt\u0173 atvej\u0173 planai.<\/li>\n<li><strong>Geresn\u0117 tiek\u0117j\u0173 kokyb\u0117:<\/strong> Nuolatin\u0117 steb\u0117sena ir gr\u012f\u017etamasis ry\u0161ys skatina tobul\u0117jim\u0105. Problemos u\u017efiksuojamos anksti.<\/li>\n<li><strong>Suma\u017eintas rizikos poveikis:<\/strong> Finansin\u0117s nes\u0117km\u0117s, atitikties pa\u017eeidimai, veiklos problemos u\u017efiksuojamos anks\u010diau, nei jos daro jums poveik\u012f.<\/li>\n<li><strong>Prognozuojama pasi\u016bla:<\/strong> Geresnis tiek\u0117j\u0173 paj\u0117gum\u0173 ir rizikos matomumas. Ma\u017eiau netik\u0117tum\u0173.<\/li>\n<li><strong>Greitesnis problem\u0173 sprendimas:<\/strong> Nedelsiant nustatomos ir sprend\u017eiamos problemos. Ma\u017eiau laiko skiriama problemoms nustatyti.<\/li>\n<\/ul>\n\n\n<hr class=\"wp-block-separator has-alpha-channel-opacity\"\/>\n\n\n\n<h3 class=\"wp-block-heading\">Ko dirbtinis intelektas nepadarys<\/h3>\n\n\n<p>Ai\u0161kiai apibr\u0117\u017ekime ribas.<\/p>\n<p>Dirbtinis intelektas u\u017etikrina matomum\u0105 ir ankstyv\u0105 \u012fsp\u0117jim\u0105. Jis nevaldo santyki\u0173 su tiek\u0117jais. Tai vis dar yra \u017emogaus darbas.<\/p>\n<p>Dirbtinis intelektas negali numatyti vis\u0173 trikd\u017ei\u0173. Kai kurios problemos kyla staiga, be \u012fsp\u0117jam\u0173j\u0173 signal\u0173. Kai kurie rizikos veiksniai nepasirodo duomen\u0173 \u0161altiniuose, kuriuos AI stebi.<\/p>\n<p>Dirbtinis intelektas negali priimti strategini\u0173 sprendim\u0173 d\u0117l santyki\u0173 su tiek\u0117jais. Ar dirbti su tiek\u0117ju siekiant pagerinti jo veikl\u0105, ar j\u012f pakeisti, priklauso ne tik nuo duomen\u0173, bet ir nuo kit\u0173 veiksni\u0173: strategin\u0117s svarbos, santyki\u0173 istorijos, galim\u0173 alternatyv\u0173, verslo strategijos.<\/p>\n<p>Dirbtinis intelektas padeda anksti pasteb\u0117ti problemas. Pateikti objektyvius veiklos duomenis. Steb\u0117ti rizikos signalus i\u0161 keli\u0173 \u0161altini\u0173. Sukurkite laiko ir informacijos geresniems sprendimams priimti.<\/p>\n<p>J\u016bs\u0173 pirkim\u0173 komanda vis dar valdo santykius su tiek\u0117jais. Jie vis dar priima strateginius sprendimus. Tik jie tai daro tur\u0117dami geresn\u0119 informacij\u0105 ir i\u0161 anksto \u012fsp\u0117dami, o ne reaguodami \u012f faktus.<\/p>\n\n\n<hr class=\"wp-block-separator has-alpha-channel-opacity\"\/>\n\n\n\n<h3 class=\"wp-block-heading\">Real\u016bs tiek\u0117j\u0173 veiklos ir rizikos valdymo AI rezultatai<\/h3>\n\n\n<p>\u0160tai kaip tai atrodo prakti\u0161kai:<\/p>\n\n<p><strong>Trikd\u017ei\u0173 prevencija:<\/strong> Ankstyvas \u012fsp\u0117jimas leid\u017eia pasirengti. D\u0117l sutrikim\u0173, kurie sustabdyt\u0173 gamyb\u0105, vietoj to, kad b\u016bt\u0173 buv\u0119 parengti alternatyv\u016bs sprendimai, v\u0117luojama nedaug.<\/p>\n\n<p><strong>Veiklos tobulinimas:<\/strong> Nuolatin\u0117 steb\u0117sena ir duomenimis paremtos diskusijos skatina tiek\u0117j\u0173 tobul\u0117jim\u0105. \u012eprastai tiekimo rezultatai pager\u0117ja 5-10 procentini\u0173 punkt\u0173.<\/p>\n\n<p><strong>Rizikos vengimas:<\/strong> Finansiniai nesklandumai, atitikties pa\u017eeidimai ir kokyb\u0117s kriz\u0117s u\u017efiksuojamos anksti. Problemos sprend\u017eiamos, kol dar netapo kritin\u0117mis.<\/p>\n\n<p><strong>Taupomas laikas:<\/strong> Automatizuotas veiklos rezultat\u0173 steb\u0117jimas pakei\u010dia rankines rezultat\u0173 suvestines. Pirk\u0117jai praleid\u017eia laik\u0105 tvarkydami i\u0161imtis, o ne rinkdami duomenis.<\/p>\n\n<p><strong>Geresni santykiai su tiek\u0117jais:<\/strong> Objektyv\u016bs duomenys pa\u0161alina emocijas i\u0161 diskusij\u0173 apie veiklos rezultatus. Tiek\u0117jai gerbia matavimus ir reaguoja \u012f faktus.<\/p>\n\n<p>Tai nerei\u0161kia, kad reikia pa\u0161alinti vis\u0105 tiek\u0117j\u0173 rizik\u0105. Rizika egzistuoja. Ta\u010diau valdoma rizika skiriasi nuo nevaldomos rizikos. Matomumas ir ankstyvas \u012fsp\u0117jimas rizikos valdym\u0105 i\u0161 reaktyvaus paver\u010dia proaktyviu.<\/p>\n\n\n<hr class=\"wp-block-separator has-alpha-channel-opacity\"\/>\n\n\n\n<h3 class=\"wp-block-heading\">Ar esate pasireng\u0119 kontroliuoti tiek\u0117j\u0173 rizik\u0105?<\/h3>\n\n\n<p>Kiekvienos \u012fmon\u0117s tiek\u0117j\u0173 baz\u0117 yra skirtinga. Skirtingi tiek\u0117jai. Skirtinga rizika. Skirtingi veiklos rodikliai, svarb\u016bs j\u016bs\u0173 veiklai.<\/p>\n<p>Mes neparduodame bendrini\u0173 tiek\u0117j\u0173 valdymo sistem\u0173. Vertiname konkre\u010di\u0105 j\u016bs\u0173 tiek\u0117j\u0173 baz\u0119 ir rizikos veiksnius. Nustatome, kokie veiklos rodikliai svarb\u016bs j\u016bs\u0173 verslui. Sukuriame steb\u0117sen\u0105 ir \u012fsp\u0117jimus, atitinkan\u010dius j\u016bs\u0173 rizikos tolerancij\u0105 ir veiklos poreikius.<\/p>\n<p>Negalima \u017ead\u0117ti, kad dirbtinis intelektas nusp\u0117s visas problemas. Tiesiog praktin\u0117s priemon\u0117s, kurios leid\u017eia matyti tiek\u0117j\u0173 veiklos rezultatus ir anksti \u012fsp\u0117ti apie rizik\u0105, kol ji dar netapo krize.<\/p>\n\n<p><a href=\"https:\/\/www.leaplytics.de\/lt\/kontaktas\/\">Pasikalb\u0117kime apie j\u016bs\u0173 tiek\u0117j\u0173 rizikos valdym\u0105<\/a><\/p>\n\n<p><a href=\"https:\/\/www.leaplytics.de\/lt\/aprupinimas-viesuoju-pirkimu-ai\/\">Gr\u012f\u017eti \u012f \"Sourcing &amp; Procurement AI<\/a><\/p>","protected":false},"excerpt":{"rendered":"<p>AI for Supplier Performance &#038; Risk Management: Know Your Suppliers Before They Cause Problems Your business depends on suppliers. They deliver the materials you need. The components you build with. The services that keep operations running. When suppliers perform well, you don&#8217;t think about them. When they fail, everything stops. Late deliveries delay production. Quality &hellip; <\/p>","protected":false},"author":2,"featured_media":0,"parent":0,"menu_order":0,"comment_status":"closed","ping_status":"closed","template":"","meta":{"footnotes":""},"class_list":["post-14514","page","type-page","status-publish","hentry","latest_post"],"_links":{"self":[{"href":"https:\/\/www.leaplytics.de\/lt\/wp-json\/wp\/v2\/pages\/14514","targetHints":{"allow":["GET"]}}],"collection":[{"href":"https:\/\/www.leaplytics.de\/lt\/wp-json\/wp\/v2\/pages"}],"about":[{"href":"https:\/\/www.leaplytics.de\/lt\/wp-json\/wp\/v2\/types\/page"}],"author":[{"embeddable":true,"href":"https:\/\/www.leaplytics.de\/lt\/wp-json\/wp\/v2\/users\/2"}],"replies":[{"embeddable":true,"href":"https:\/\/www.leaplytics.de\/lt\/wp-json\/wp\/v2\/comments?post=14514"}],"version-history":[{"count":1,"href":"https:\/\/www.leaplytics.de\/lt\/wp-json\/wp\/v2\/pages\/14514\/revisions"}],"predecessor-version":[{"id":14523,"href":"https:\/\/www.leaplytics.de\/lt\/wp-json\/wp\/v2\/pages\/14514\/revisions\/14523"}],"wp:attachment":[{"href":"https:\/\/www.leaplytics.de\/lt\/wp-json\/wp\/v2\/media?parent=14514"}],"curies":[{"name":"wp","href":"https:\/\/api.w.org\/{rel}","templated":true}]}}