{"id":1785,"date":"2021-04-30T00:16:19","date_gmt":"2021-04-29T22:16:19","guid":{"rendered":"https:\/\/www.leaplytics.de\/?page_id=1785"},"modified":"2024-10-29T13:47:21","modified_gmt":"2024-10-29T12:47:21","slug":"projektu-valdymo-rinkinys-qliksense","status":"publish","type":"page","link":"https:\/\/www.leaplytics.de\/lt\/titulinis-puslapis\/qlik-sense-pletiniai\/projektu-valdymo-rinkinys-qliksense\/","title":{"rendered":"Projekt\u0173 valdymo rinkinys \"Qlik Sense"},"content":{"rendered":"<p>Atsikratykite nepakankamo ir nesubrendusio projekt\u0173 valdymo \"Qlik Sense\" rinkinio su \"LeapLytics Project Management Suite\"!<\/p>\n\n\n\n<p>\u012e \"Qlik Sense\" projekt\u0173 valdymo rinkin\u012f \"Project Management Suite for Qlik Sense\" \u012feina viskas, ko reikia norint sukurti i\u0161sami\u0105 projekto valdymo b\u016bsenos ataskait\u0105. Jame yra 3 unikal\u016bs pagrindiniai vizualizavimo b\u016bdai: Srauto \u0161viesoforas, rizikos matrica ir laiko juosta. Be to, gausite reikiamus priedus, kad gal\u0117tum\u0117te sukurti savo projekt\u0173 valdymo prietais\u0173 skydel\u012f. Priedai pasi\u017eymi dideliu na\u0161umu, brandumu ir patogumu naudoti, taip pat lankstumu, kad atitikt\u0173 j\u016bs\u0173 individualius poreikius.<\/p>\n\n\n\n<p>\u012e rinkin\u012f \u012ftraukti atitinkami papildiniai, kurie tikrai pagerina projekt\u0173 valdymo prietais\u0173 skydelio k\u016brim\u0105. Skirtukai gali strukt\u016brizuoti prietais\u0173 skydel\u012f sritimis, kad naudotojas gal\u0117t\u0173 vadovautis maksimaliu na\u0161umu. Maturity Viewer suteikia daugiau ai\u0161kumo apie projekto etapus ar fazes. \u012emon\u0117s logotipo pl\u0117tinys perkelia individual\u0173 \u012fmon\u0117s logotip\u0105 \u012f naudojam\u0105 \"QlikSense\" objekt\u0105. J\u016bs\u0173 logotipo konvertavimas yra nemokamas.<\/p>\n\n\n\n<p>Komplekte taip pat yra lengvai naudojama susiejimo integracija, kad gal\u0117tum\u0117te i\u0161 karto matyti projekt\u0173 valdymo pl\u0117tinius. Priedai rodo suderint\u0105 naudotojo orientavim\u0105 nustatymuose, taip pat intuityv\u0173 valdym\u0105 be kodavimo patirties. Naudojimo paprastum\u0105 papildo i\u0161sami dokumentacija su su verslu susijusiais naudojimo atvejais. Da\u017eni ir patikimi leidiniai u\u017etikrina, kad j\u016bs\u0173 naudojimo atvejis b\u016bt\u0173 nuolat atnaujinamas.<\/p>\n\n\n\n<h3 class=\"wp-block-heading\">Projekt\u0173 valdymo paketas \"Qlik Sense\" turiniui<\/h3>\n\n\n\n<p>Atsidarykite oficiali\u0105 dokumentacij\u0105 spustel\u0117j\u0119 paveiksl\u0117l\u012f. <\/p>\n\n\n\n<div class=\"wp-block-columns is-layout-flex wp-container-core-columns-is-layout-1 wp-block-columns-is-layout-flex\">\n<div class=\"wp-block-column is-layout-flow wp-block-column-is-layout-flow\">\n<h4 class=\"wp-block-heading\"><strong>\u0160viesoforas<\/strong><\/h4>\n<\/div>\n\n\n\n<div class=\"wp-block-column is-layout-flow wp-block-column-is-layout-flow\">\n<h4 class=\"wp-block-heading\"><strong>Rizikos \u0161ilumos \u017eem\u0117lapis<\/strong><\/h4>\n<\/div>\n\n\n\n<div class=\"wp-block-column is-layout-flow wp-block-column-is-layout-flow\">\n<h4 class=\"wp-block-heading\"><strong>Laiko juosta<\/strong><\/h4>\n<\/div>\n\n\n\n<div class=\"wp-block-column is-layout-flow wp-block-column-is-layout-flow\">\n<h4 class=\"wp-block-heading\"><strong>Greitintuvai<\/strong><\/h4>\n<\/div>\n<\/div>\n\n\n\n<div class=\"wp-block-columns is-layout-flex wp-container-core-columns-is-layout-2 wp-block-columns-is-layout-flex\">\n<div class=\"wp-block-column is-layout-flow wp-block-column-is-layout-flow\">\n<figure class=\"wp-block-image size-full\"><img loading=\"lazy\" decoding=\"async\" width=\"287\" height=\"300\" src=\"https:\/\/www.leaplytics.de\/wp-content\/uploads\/2021\/11\/TrafficLight300pixel.png\" alt=\"\" class=\"wp-image-2361\" title=\"Projekt\u0173 valdymo paketas &quot;Traffic Light\" srcset=\"https:\/\/www.leaplytics.de\/wp-content\/uploads\/2021\/11\/TrafficLight300pixel.png 287w, https:\/\/www.leaplytics.de\/wp-content\/uploads\/2021\/11\/TrafficLight300pixel-57x60.png 57w\" sizes=\"auto, (max-width: 287px) 100vw, 287px\" \/><\/figure>\n<\/div>\n\n\n\n<div class=\"wp-block-column is-layout-flow wp-block-column-is-layout-flow\">\n<figure class=\"wp-block-image size-full\"><img loading=\"lazy\" decoding=\"async\" width=\"287\" height=\"300\" src=\"https:\/\/www.leaplytics.de\/wp-content\/uploads\/2021\/11\/RiskHeatmap-Kasten-Blau_300pixel.png\" alt=\"\" class=\"wp-image-2363\" title=\"Projekt\u0173 valdymo paketo rizikos \u017eem\u0117lapis\" srcset=\"https:\/\/www.leaplytics.de\/wp-content\/uploads\/2021\/11\/RiskHeatmap-Kasten-Blau_300pixel.png 287w, https:\/\/www.leaplytics.de\/wp-content\/uploads\/2021\/11\/RiskHeatmap-Kasten-Blau_300pixel-57x60.png 57w\" sizes=\"auto, (max-width: 287px) 100vw, 287px\" \/><\/figure>\n<\/div>\n\n\n\n<div class=\"wp-block-column is-vertically-aligned-center is-layout-flow wp-block-column-is-layout-flow\"><div class=\"wp-block-image\">\n<figure class=\"aligncenter size-full\"><img loading=\"lazy\" decoding=\"async\" width=\"287\" height=\"300\" src=\"https:\/\/www.leaplytics.de\/wp-content\/uploads\/2021\/11\/TIMELINE_300pixel.png\" alt=\"\" class=\"wp-image-2364\" title=\"Projekt\u0173 valdymo paketo &quot;Project Management Suite&quot; etap\u0173 vaizdas\" srcset=\"https:\/\/www.leaplytics.de\/wp-content\/uploads\/2021\/11\/TIMELINE_300pixel.png 287w, https:\/\/www.leaplytics.de\/wp-content\/uploads\/2021\/11\/TIMELINE_300pixel-57x60.png 57w\" sizes=\"auto, (max-width: 287px) 100vw, 287px\" \/><\/figure><\/div><\/div>\n\n\n\n<div class=\"wp-block-column is-layout-flow wp-block-column-is-layout-flow\">\n<figure class=\"wp-block-image size-full\"><img loading=\"lazy\" decoding=\"async\" width=\"567\" height=\"593\" src=\"https:\/\/www.leaplytics.de\/wp-content\/uploads\/2021\/11\/Accelerators_1_300pixel.png\" alt=\"\" class=\"wp-image-2365\" title=\"&quot;Project Management Suite Accelerator\" srcset=\"https:\/\/www.leaplytics.de\/wp-content\/uploads\/2021\/11\/Accelerators_1_300pixel.png 567w, https:\/\/www.leaplytics.de\/wp-content\/uploads\/2021\/11\/Accelerators_1_300pixel-287x300.png 287w, https:\/\/www.leaplytics.de\/wp-content\/uploads\/2021\/11\/Accelerators_1_300pixel-57x60.png 57w\" sizes=\"auto, (max-width: 567px) 100vw, 567px\" \/><\/figure>\n<\/div>\n<\/div>\n\n\n\n<div class=\"wp-block-columns is-layout-flex wp-container-core-columns-is-layout-3 wp-block-columns-is-layout-flex\">\n<div class=\"wp-block-column is-layout-flow wp-block-column-is-layout-flow\">\n<h6 class=\"wp-block-heading\">I\u0161valyti b\u016bsenos indikacij\u0105<\/h6>\n\n\n\n<h6 class=\"wp-block-heading\">Lankst\u016bs diapazonai vis\u0173 tip\u0173 \u012frenginiams<\/h6>\n\n\n\n<h6 class=\"wp-block-heading\">Individuali i\u0161vaizda ir paprastas naudojimas<\/h6>\n<\/div>\n\n\n\n<div class=\"wp-block-column is-layout-flow wp-block-column-is-layout-flow\">\n<h6 class=\"wp-block-heading\">I\u0161sam\u016bs rizikos profiliai<\/h6>\n\n\n\n<h6 class=\"wp-block-heading\">Stabilus ir paprastas 2 kategorij\u0173 tinklelis<\/h6>\n\n\n\n<h6 class=\"wp-block-heading\">Skirtingi lauk\u0173 rinkiniai ir spalv\u0173 kodai<\/h6>\n<\/div>\n\n\n\n<div class=\"wp-block-column is-layout-flow wp-block-column-is-layout-flow\">\n<h6 class=\"wp-block-heading\">Laiko skal\u0117s etap\u0173 rodymas<\/h6>\n\n\n\n<h6 class=\"wp-block-heading\">Automatinis laiko juostos mastelio keitimas su prad\u017eia ir pabaiga<\/h6>\n\n\n\n<h6 class=\"wp-block-heading\">Lankst\u016bs apra\u0161ymai ir nuokrypi\u0173 spalvos<\/h6>\n<\/div>\n\n\n\n<div class=\"wp-block-column is-layout-flow wp-block-column-is-layout-flow\">\n<h6 class=\"wp-block-heading\">\"Performant\" priedai<\/h6>\n\n\n\n<h6 class=\"wp-block-heading\">Individualios \u012fmon\u0117s logotipas<\/h6>\n\n\n\n<h6 class=\"wp-block-heading\">Daugelio naudojimo atvej\u0173 brandos vaizdas<\/h6>\n<\/div>\n<\/div>\n\n\n\n<hr class=\"wp-block-separator has-css-opacity\"\/>\n\n\n\n<p>U\u017esiprenumeruokite \u010dia, kad gautum\u0117te i\u0161skirtinius atnaujinimus ir leidinius: <a href=\"https:\/\/www.leaplytics.de\/lt\/prenumeruoti_produkta\/\"><strong>Prenumerata<\/strong><\/a><\/p>\n\n\n\n<div class=\"wp-block-columns are-vertically-aligned-center is-layout-flex wp-container-core-columns-is-layout-4 wp-block-columns-is-layout-flex\">\n<div class=\"wp-block-column is-vertically-aligned-center is-layout-flow wp-block-column-is-layout-flow\" style=\"flex-basis:100%\">\n<p><\/p>\n<\/div>\n<\/div>\n\n\n\n<p><\/p>","protected":false},"excerpt":{"rendered":"<p>Naudodami \"QilkSense\" skirt\u0105 \"Risk Heatmap\", gaukite ai\u0161k\u0173 vaizd\u0105 apie savo rizikos profilius! \u0160is pl\u0117tinys sukurtas siekiant vizualizuoti profilius, kurie matuojami dviej\u0173 KPI ir skirting\u0173 kategorij\u0173 matricoje. Jis gali vizualizuoti kelis rodiklius (iki 4 nemokamoje versijoje) viename lauke. \u012evair\u016bs nustatymai, pavyzd\u017eiui, lengvas 3\u00d73 ir 5\u00d75 lauk\u0173 matricos perjungimas, r\u0117meli\u0173 ir teksto nustatymai, pritaiko \u0161\u012f pl\u0117tin\u012f j\u016bs\u0173 ataskait\u0173 poreikiams. <\/p>\n<p>\u0160is pl\u0117tinys taip pat gali b\u016bti naudojamas vis\u0173 r\u016b\u0161i\u0173 fizini\u0173 mat\u0173, kokyb\u0117s rodikli\u0173 ir apskritai skirtum\u0173 ribin\u0117ms vert\u0117ms steb\u0117ti ir nurodyti. D\u0117l to j\u012f galima taikyti daugeliui naudojimo atvej\u0173, kurie pasitaiko \u012fvairiose \u012fmon\u0117se.<\/p>","protected":false},"author":1,"featured_media":0,"parent":227,"menu_order":1,"comment_status":"closed","ping_status":"closed","template":"","meta":{"footnotes":""},"class_list":["post-1785","page","type-page","status-publish","hentry","latest_post"],"_links":{"self":[{"href":"https:\/\/www.leaplytics.de\/lt\/wp-json\/wp\/v2\/pages\/1785","targetHints":{"allow":["GET"]}}],"collection":[{"href":"https:\/\/www.leaplytics.de\/lt\/wp-json\/wp\/v2\/pages"}],"about":[{"href":"https:\/\/www.leaplytics.de\/lt\/wp-json\/wp\/v2\/types\/page"}],"author":[{"embeddable":true,"href":"https:\/\/www.leaplytics.de\/lt\/wp-json\/wp\/v2\/users\/1"}],"replies":[{"embeddable":true,"href":"https:\/\/www.leaplytics.de\/lt\/wp-json\/wp\/v2\/comments?post=1785"}],"version-history":[{"count":3,"href":"https:\/\/www.leaplytics.de\/lt\/wp-json\/wp\/v2\/pages\/1785\/revisions"}],"predecessor-version":[{"id":13665,"href":"https:\/\/www.leaplytics.de\/lt\/wp-json\/wp\/v2\/pages\/1785\/revisions\/13665"}],"up":[{"embeddable":true,"href":"https:\/\/www.leaplytics.de\/lt\/wp-json\/wp\/v2\/pages\/227"}],"wp:attachment":[{"href":"https:\/\/www.leaplytics.de\/lt\/wp-json\/wp\/v2\/media?parent=1785"}],"curies":[{"name":"wp","href":"https:\/\/api.w.org\/{rel}","templated":true}]}}