{"id":23,"date":"2020-10-13T23:19:51","date_gmt":"2020-10-13T21:19:51","guid":{"rendered":"https:\/\/www.blytics.de\/?page_id=23"},"modified":"2025-04-15T20:00:36","modified_gmt":"2025-04-15T18:00:36","slug":"apie","status":"publish","type":"page","link":"https:\/\/www.leaplytics.de\/lt\/apie\/","title":{"rendered":"\"LeapLytics\" i\u0161takos"},"content":{"rendered":"<p>Tai pasakojimas apie du draugus i\u0161 Frankfurto (Vokietija). Buvo 2020-ieji metai. Mes dirbome keliuose projektuose, pavyzd\u017eiui, projekto vadovo, strateginio ir operatyvinio PMO pareigose. Supratome, kad po ranka nebuvo tikro projekt\u0173 valdymo ataskait\u0173 teikimo ir analiz\u0117s sprendimo, kuris atitikt\u0173 keli\u0173 projekt\u0173 valdymo vaidmen\u0173 poreikius. Tod\u0117l prad\u0117jome per\u0161okti projekt\u0173 valdym\u0105 su naujomis analitini\u0173 sprendim\u0173 id\u0117jomis.<\/p>\n\n\n\n<p>\u012ek\u016br\u0117me \"LeapLytics\" su vizija \u012fgyvendinti su projekt\u0173 valdymu susijusi\u0105 analitik\u0105. Nuo pat prad\u017ei\u0173 buvo ai\u0161ku, kad integruot\u0105 atskaitomyb\u0119 galima sukurti ne naudojant atskirus atskaitomyb\u0117s sprendimus, o taikant integruot\u0105 po\u017ei\u016br\u012f. Projekt\u0173 ataskait\u0173 rengimas tur\u0117t\u0173 b\u016bti \u012fmanomas naudojant jau esamus sprendimus \u012fmon\u0117se ir grup\u0117se.<\/p>\n\n\n\n<p>\u0160iandien \"LeapLytics\" si\u016blo \u0161vie\u017eius ir novatori\u0161kus ataskait\u0173 teikimo sprendimus, kurie tinka \u012fvairiems integracijos lygiams: nuo i\u0161pl\u0117tim\u0173, kuriuos galima integruoti \u012f j\u016bs\u0173 prietais\u0173 skydelius, per gatavus ir paruo\u0161tus naudoti prietais\u0173 skydelius tam tikriems naudojimo atvejams iki individuali\u0173 konsultacij\u0173 ataskait\u0173 teikimo ir duomen\u0173 modeliavimo klausimais.<\/p>\n\n\n\n<p>Mes, kaip \u012fk\u016br\u0117jai, norime teikti profesionalius ataskait\u0173 rengimo sprendimus pagal j\u0173 produktus ir konsultavimo metod\u0105.<\/p>\n\n\n\n<figure class=\"wp-block-gallery has-nested-images columns-default is-cropped wp-block-gallery-1 is-layout-flex wp-block-gallery-is-layout-flex\">\n<figure class=\"wp-block-image size-large\"><a href=\"https:\/\/www.linkedin.com\/in\/stefanpreusler\/\"><img loading=\"lazy\" decoding=\"async\" width=\"768\" height=\"1024\" data-id=\"480\" src=\"https:\/\/www.leaplytics.de\/wp-content\/uploads\/2020\/11\/stefan-v2-2-768x1024.jpeg\" alt=\"\" class=\"wp-image-480\" srcset=\"https:\/\/www.leaplytics.de\/wp-content\/uploads\/2020\/11\/stefan-v2-2-768x1024.jpeg 768w, https:\/\/www.leaplytics.de\/wp-content\/uploads\/2020\/11\/stefan-v2-2-scaled-600x800.jpeg 600w, https:\/\/www.leaplytics.de\/wp-content\/uploads\/2020\/11\/stefan-v2-2-225x300.jpeg 225w, https:\/\/www.leaplytics.de\/wp-content\/uploads\/2020\/11\/stefan-v2-2-1152x1536.jpeg 1152w, https:\/\/www.leaplytics.de\/wp-content\/uploads\/2020\/11\/stefan-v2-2-1536x2048.jpeg 1536w, https:\/\/www.leaplytics.de\/wp-content\/uploads\/2020\/11\/stefan-v2-2-45x60.jpeg 45w, https:\/\/www.leaplytics.de\/wp-content\/uploads\/2020\/11\/stefan-v2-2-scaled.jpeg 1920w\" sizes=\"auto, (max-width: 768px) 100vw, 768px\" \/><\/a><figcaption class=\"wp-element-caption\">Stefanas Preusleris<\/figcaption><\/figure>\n\n\n\n<figure class=\"wp-block-image size-large\"><a href=\"https:\/\/www.linkedin.com\/in\/dominik-galsheimer-3233461b9\/\"><img loading=\"lazy\" decoding=\"async\" width=\"851\" height=\"1024\" data-id=\"488\" src=\"https:\/\/www.leaplytics.de\/wp-content\/uploads\/2020\/11\/Dominik_About-scaled-e1604523139831-851x1024.jpg\" alt=\"\" class=\"wp-image-488\" srcset=\"https:\/\/www.leaplytics.de\/wp-content\/uploads\/2020\/11\/Dominik_About-scaled-e1604523139831-851x1024.jpg 851w, https:\/\/www.leaplytics.de\/wp-content\/uploads\/2020\/11\/Dominik_About-scaled-e1604523139831-600x722.jpg 600w, https:\/\/www.leaplytics.de\/wp-content\/uploads\/2020\/11\/Dominik_About-scaled-e1604523139831-249x300.jpg 249w, https:\/\/www.leaplytics.de\/wp-content\/uploads\/2020\/11\/Dominik_About-scaled-e1604523139831-768x924.jpg 768w, https:\/\/www.leaplytics.de\/wp-content\/uploads\/2020\/11\/Dominik_About-scaled-e1604523139831-1277x1536.jpg 1277w, https:\/\/www.leaplytics.de\/wp-content\/uploads\/2020\/11\/Dominik_About-scaled-e1604523139831-1702x2048.jpg 1702w, https:\/\/www.leaplytics.de\/wp-content\/uploads\/2020\/11\/Dominik_About-scaled-e1604523139831-50x60.jpg 50w, https:\/\/www.leaplytics.de\/wp-content\/uploads\/2020\/11\/Dominik_About-scaled-e1604523139831.jpg 1920w\" sizes=\"auto, (max-width: 851px) 100vw, 851px\" \/><\/a><figcaption class=\"wp-element-caption\">Dominik Galsheimer<\/figcaption><\/figure>\n<\/figure>","protected":false},"excerpt":{"rendered":"<p>\"LeapLytics\" - tai nauji ir novatori\u0161ki ataskait\u0173 teikimo sprendimai, tinkantys \u012fvairiems integracijos lygiams.<\/p>","protected":false},"author":1,"featured_media":3395,"parent":0,"menu_order":0,"comment_status":"closed","ping_status":"closed","template":"","meta":{"footnotes":""},"class_list":["post-23","page","type-page","status-publish","has-post-thumbnail","hentry","latest_post"],"_links":{"self":[{"href":"https:\/\/www.leaplytics.de\/lt\/wp-json\/wp\/v2\/pages\/23","targetHints":{"allow":["GET"]}}],"collection":[{"href":"https:\/\/www.leaplytics.de\/lt\/wp-json\/wp\/v2\/pages"}],"about":[{"href":"https:\/\/www.leaplytics.de\/lt\/wp-json\/wp\/v2\/types\/page"}],"author":[{"embeddable":true,"href":"https:\/\/www.leaplytics.de\/lt\/wp-json\/wp\/v2\/users\/1"}],"replies":[{"embeddable":true,"href":"https:\/\/www.leaplytics.de\/lt\/wp-json\/wp\/v2\/comments?post=23"}],"version-history":[{"count":15,"href":"https:\/\/www.leaplytics.de\/lt\/wp-json\/wp\/v2\/pages\/23\/revisions"}],"predecessor-version":[{"id":13709,"href":"https:\/\/www.leaplytics.de\/lt\/wp-json\/wp\/v2\/pages\/23\/revisions\/13709"}],"wp:featuredmedia":[{"embeddable":true,"href":"https:\/\/www.leaplytics.de\/lt\/wp-json\/wp\/v2\/media\/3395"}],"wp:attachment":[{"href":"https:\/\/www.leaplytics.de\/lt\/wp-json\/wp\/v2\/media?parent=23"}],"curies":[{"name":"wp","href":"https:\/\/api.w.org\/{rel}","templated":true}]}}