{"id":2301,"date":"2021-09-10T23:49:33","date_gmt":"2021-09-10T21:49:33","guid":{"rendered":"https:\/\/www.leaplytics.de\/?page_id=2301"},"modified":"2022-05-08T00:34:51","modified_gmt":"2022-05-07T22:34:51","slug":"projektu-valdymas-pasirinktiniai-vaizdai-microsoft-powerbi","status":"publish","type":"page","link":"https:\/\/www.leaplytics.de\/lt\/titulinis-puslapis\/projektu-valdymas-pasirinktiniai-vaizdai-microsoft-powerbi\/","title":{"rendered":"Projekt\u0173 valdymo pasirinktin\u0117s vizualizacijos \"Microsoft Power BI"},"content":{"rendered":"<p><strong>Efektyvus ir su verslu susij\u0119s<\/strong> yra \"LeapLytics\" prek\u0117s \u017eenklas ir m\u016bs\u0173 sprendim\u0173 prid\u0117tin\u0117 vert\u0117.<\/p>\n<p>M\u016bs\u0173 projekt\u0173 valdymo pasirinktin\u0117s vizualizacijos \"Microsoft Power BI\" yra oficialiai patvirtintos \"Microsoft\" ir apima j\u016bs\u0173 individualius sprendimus. Pasinaudokite \u012fvairiomis galimyb\u0117mis, kad patobulintum\u0117te savo prietais\u0173 skydel\u012f ir \u012fgyvendintum\u0117te savo id\u0117jas. Pl\u0117tiniai turi ai\u0161ki\u0105 strukt\u016br\u0105 ir yra sukurti atsi\u017evelgiant \u012f naudotoj\u0105, kad b\u016bt\u0173 kuo paprastesni, neatsisakant svarbi\u0173 funkcij\u0173.<\/p>\n<p>Tod\u0117l i\u0161sami dokumentacija, kurioje i\u0161samiai apra\u0161yti galimi naudojimo atvejai, pagreitina naudojim\u0105 ir \u012fgyvendinim\u0105.<\/p>\n<p>Toliau rasite turimas vaizdines priemones, o spustel\u0117j\u0119 paveiksl\u0117lius gal\u0117site susipa\u017einti su j\u0173 funkcijomis.<\/p>\n<p>\u00a0<\/p>\n\n\n<div class=\"wp-block-media-text alignwide is-stacked-on-mobile\" style=\"grid-template-columns:43% auto\"><figure class=\"wp-block-media-text__media\"><a href=\"https:\/\/www.leaplytics.de\/lt\/titulinis-puslapis\/project-management-visuals-ms-powerbi\/sviesoforo-vaizdai-galios-bi\/\"><img loading=\"lazy\" decoding=\"async\" width=\"287\" height=\"300\" src=\"https:\/\/www.leaplytics.de\/wp-content\/uploads\/2021\/11\/TrafficLight300pixel.png\" alt=\"\" class=\"wp-image-2361 size-full\" srcset=\"https:\/\/www.leaplytics.de\/wp-content\/uploads\/2021\/11\/TrafficLight300pixel.png 287w, https:\/\/www.leaplytics.de\/wp-content\/uploads\/2021\/11\/TrafficLight300pixel-57x60.png 57w\" sizes=\"auto, (max-width: 287px) 100vw, 287px\" \/><\/a><\/figure><div class=\"wp-block-media-text__content\">\n<p class=\"has-large-font-size\">\u0160viesoforas Pasirinktinis vaizdinis<\/p>\n<\/div><\/div>\n\n\n\n<p><\/p>","protected":false},"excerpt":{"rendered":"<p>Efektyvus ir su verslu susij\u0119s darbas yra \"LeapLytics\" prek\u0117s \u017eenklas ir m\u016bs\u0173 sprendim\u0173 prid\u0117tin\u0117 vert\u0117.\u00a0<\/p>","protected":false},"author":1,"featured_media":0,"parent":111,"menu_order":0,"comment_status":"closed","ping_status":"closed","template":"","meta":{"footnotes":""},"class_list":["post-2301","page","type-page","status-publish","hentry","latest_post"],"_links":{"self":[{"href":"https:\/\/www.leaplytics.de\/lt\/wp-json\/wp\/v2\/pages\/2301","targetHints":{"allow":["GET"]}}],"collection":[{"href":"https:\/\/www.leaplytics.de\/lt\/wp-json\/wp\/v2\/pages"}],"about":[{"href":"https:\/\/www.leaplytics.de\/lt\/wp-json\/wp\/v2\/types\/page"}],"author":[{"embeddable":true,"href":"https:\/\/www.leaplytics.de\/lt\/wp-json\/wp\/v2\/users\/1"}],"replies":[{"embeddable":true,"href":"https:\/\/www.leaplytics.de\/lt\/wp-json\/wp\/v2\/comments?post=2301"}],"version-history":[{"count":0,"href":"https:\/\/www.leaplytics.de\/lt\/wp-json\/wp\/v2\/pages\/2301\/revisions"}],"up":[{"embeddable":true,"href":"https:\/\/www.leaplytics.de\/lt\/wp-json\/wp\/v2\/pages\/111"}],"wp:attachment":[{"href":"https:\/\/www.leaplytics.de\/lt\/wp-json\/wp\/v2\/media?parent=2301"}],"curies":[{"name":"wp","href":"https:\/\/api.w.org\/{rel}","templated":true}]}}