{"id":4071,"date":"2022-03-11T12:42:51","date_gmt":"2022-03-11T11:42:51","guid":{"rendered":"https:\/\/www.leaplytics.de\/?page_id=4071"},"modified":"2022-06-15T15:07:10","modified_gmt":"2022-06-15T13:07:10","slug":"rizikos-silumos-zemelapis-galia-bi-pasiulymas","status":"publish","type":"page","link":"https:\/\/www.leaplytics.de\/lt\/rizikos-silumos-zemelapis-galia-bi-pasiulymas\/","title":{"rendered":"Rizikos \u0161ilumos \u017eem\u0117lapis \"Power BI\" pasi\u016blymas"},"content":{"rendered":"<div class=\"wp-block-image\">\n<figure class=\"aligncenter size-full is-resized\"><img loading=\"lazy\" decoding=\"async\" src=\"https:\/\/www.leaplytics.de\/wp-content\/uploads\/2022\/03\/risk-heatmap-power-bi.png\" alt=\"\" class=\"wp-image-4072\" width=\"283\" height=\"240\" srcset=\"https:\/\/www.leaplytics.de\/wp-content\/uploads\/2022\/03\/risk-heatmap-power-bi.png 566w, https:\/\/www.leaplytics.de\/wp-content\/uploads\/2022\/03\/risk-heatmap-power-bi-300x254.png 300w, https:\/\/www.leaplytics.de\/wp-content\/uploads\/2022\/03\/risk-heatmap-power-bi-71x60.png 71w\" sizes=\"auto, (max-width: 283px) 100vw, 283px\" \/><\/figure><\/div>\n\n\n<div style=\"height:50px\" aria-hidden=\"true\" class=\"wp-block-spacer\"><\/div>\n\n\n\n<div class=\"wp-block-columns alignwide is-layout-flex wp-container-core-columns-is-layout-1 wp-block-columns-is-layout-flex\">\n<div class=\"wp-block-column has-text-color has-background has-link-color wp-elements-4ad53a9712c68ea9ef90d9bb6ab15af0 is-layout-flow wp-block-column-is-layout-flow\" style=\"background-color:#eeeeee;color:#000000;padding-top:2em;padding-right:2em;padding-bottom:2em;padding-left:2em\">\n<h2 class=\"wp-block-heading\" id=\"single\" style=\"font-size:40px\"><strong>NEMOKAMA versija<\/strong><\/h2>\n\n\n\n<div style=\"height:10px\" aria-hidden=\"true\" class=\"wp-block-spacer\"><\/div>\n\n\n\n<p class=\"has-normal-font-size\" style=\"line-height:1.5\">NEMOKAMA \"LeapLytics\" versija - \"Risk Heatmap\" yra nemokama, su vandens \u017eenklu ir ribotomis funkcijomis.<\/p>\n\n\n\n<div style=\"height:10px\" aria-hidden=\"true\" class=\"wp-block-spacer\"><\/div>\n\n\n\n<hr class=\"wp-block-separator has-text-color has-css-opacity has-background is-style-wide\" style=\"background-color:#000000;color:#000000\"\/>\n\n\n\n<div style=\"height:10px\" aria-hidden=\"true\" class=\"wp-block-spacer\"><\/div>\n\n\n\n<p><i class=\"fas fa-times\"><\/i> Pa\u0161alintas vandens \u017eenklas<\/p>\n\n\n\n<p><i class=\"fas fa-times\"><\/i> Individualus tinklelio dydis<\/p>\n\n\n\n<p><i class=\"fas fa-times\"><\/i> Spalv\u0173 keitiklis<\/p>\n\n\n\n<p><i class=\"fas fa-times\"><\/i> Rib\u0173 nustatymai<\/p>\n\n\n\n<p><i class=\"fas fa-times\"><\/i> A\u0161ies nustatymai<\/p>\n\n\n\n<p><i class=\"fas fa-times\"><\/i> Indikatoriaus nustatymai<\/p>\n\n\n\n<p><i class=\"fas fa-times\"><\/i> Teksto nustatymai<\/p>\n\n\n\n<p><i class=\"fas fa-times\"><\/i> Spalv\u0173 nustatymai<\/p>\n\n\n\n<div class=\"wp-block-buttons alignfull is-horizontal is-content-justification-center is-layout-flex wp-container-core-buttons-is-layout-1 wp-block-buttons-is-layout-flex\">\n<div class=\"wp-block-button\"><a class=\"wp-block-button__link\" href=\"https:\/\/appsource.microsoft.com\/en-en\/product\/power-bi-visuals\/leaplyticsgmbh1633373694058.leaplytics_risk_heatmap\" target=\"_blank\" rel=\"noreferrer noopener\">Gaukite nemokam\u0105 versij\u0105<\/a><\/div>\n<\/div>\n\n\n\n<div style=\"height:30px\" aria-hidden=\"true\" class=\"wp-block-spacer\"><\/div>\n\n\n\n<p class=\"has-text-align-center has-text-color\" style=\"color:#98bd00\"><strong><em>Jau naudojate NEMOKAM\u0104 \u0161ios vaizdin\u0117s med\u017eiagos versij\u0105.<\/em><\/strong><\/p>\n<\/div>\n\n\n\n<div class=\"wp-block-column has-text-color has-background has-link-color wp-elements-16d0e7f5a20f583a3877db068511f8aa is-layout-flow wp-block-column-is-layout-flow\" style=\"background-color:#f2c80f;color:#000000;padding-top:2em;padding-right:2em;padding-bottom:2em;padding-left:2em\">\n<h2 class=\"wp-block-heading\" id=\"family\" style=\"font-size:40px\"><strong>PRO versija<\/strong><\/h2>\n\n\n\n<div style=\"height:10px\" aria-hidden=\"true\" class=\"wp-block-spacer\"><\/div>\n\n\n\n<p class=\"has-normal-font-size\" style=\"line-height:1.5\">\"LeapLytics - Risk Heatmap\" PRO versija pa\u0161alina vandens \u017eenkl\u0105 ir visus apribojimus, kad gal\u0117tum\u0117te i\u0161naudoti vis\u0105 \u0161io vaizdo gali\u0105.<\/p>\n\n\n\n<div style=\"height:10px\" aria-hidden=\"true\" class=\"wp-block-spacer\"><\/div>\n\n\n\n<hr class=\"wp-block-separator has-text-color has-black-color has-css-opacity has-black-background-color has-background is-style-wide\"\/>\n\n\n\n<div style=\"height:10px\" aria-hidden=\"true\" class=\"wp-block-spacer\"><\/div>\n\n\n\n<p><i class=\"fas fa-check\"><\/i>  Pa\u0161alintas vandens \u017eenklas<\/p>\n\n\n\n<p><i class=\"fas fa-check\"><\/i>  Individualus tinklelio dydis<\/p>\n\n\n\n<p><i class=\"fas fa-check\"><\/i>  Spalv\u0173 keitiklis<\/p>\n\n\n\n<p><i class=\"fas fa-check\"><\/i>  Rib\u0173 nustatymai<\/p>\n\n\n\n<p><i class=\"fas fa-check\"><\/i>  A\u0161ies nustatymai<\/p>\n\n\n\n<p><i class=\"fas fa-check\"><\/i>  Indikatoriaus nustatymai<\/p>\n\n\n\n<p><i class=\"fas fa-check\"><\/i>  Teksto nustatymai<\/p>\n\n\n\n<p><i class=\"fas fa-check\"><\/i>  Spalv\u0173 nustatymai<\/p>\n\n\n\n<div class=\"wp-block-buttons is-content-justification-center is-layout-flex wp-container-core-buttons-is-layout-2 wp-block-buttons-is-layout-flex\">\n<div class=\"wp-block-button\"><a class=\"wp-block-button__link\" href=\"https:\/\/shop.leaplytics.de\/product\/power-bi-risk-heatmap\/\">Pirkti PRO versij\u0105<\/a><\/div>\n<\/div>\n\n\n\n<div style=\"height:10px\" aria-hidden=\"true\" class=\"wp-block-spacer\"><\/div>\n\n\n\n<div class=\"wp-block-buttons is-layout-flex wp-block-buttons-is-layout-flex\">\n<div class=\"wp-block-button aligncenter\"><a class=\"wp-block-button__link has-white-color has-text-color\" href=\"https:\/\/www.leaplytics.de\/lt\/rizikos-silumos-zemelapis-galia-bi-pasiulymas\/#contact\">I\u0161bandykite PRO versij\u0105<\/a><\/div>\n<\/div>\n\n\n\n<div class=\"wp-block-buttons alignfull is-horizontal is-content-justification-center is-layout-flex wp-container-core-buttons-is-layout-4 wp-block-buttons-is-layout-flex\"><\/div>\n<\/div>\n<\/div>\n\n\n\n<div style=\"height:50px\" aria-hidden=\"true\" class=\"wp-block-spacer\"><\/div>\n\n\n\n<hr class=\"wp-block-separator has-text-color has-cyan-bluish-gray-color has-css-opacity has-cyan-bluish-gray-background-color has-background is-style-default\"\/>\n\n\n\n<div style=\"height:50px\" aria-hidden=\"true\" class=\"wp-block-spacer\"><\/div>\n\n\n\n<h2 class=\"wp-block-heading\" id=\"contact\">I\u0161bandykite prie\u0161 pirkdami! <\/h2>\n\n\n\n<div style=\"height:10px\" aria-hidden=\"true\" class=\"wp-block-spacer\"><\/div>\n\n\n\n<h4 class=\"wp-block-heading\" id=\"contact\">U\u017esisakykite asmenin\u0119 2 savai\u010di\u0173 bandom\u0105j\u0105 licencij\u0105 dabar!<\/h4>\n\n\n\n<div style=\"height:50px\" aria-hidden=\"true\" class=\"wp-block-spacer\"><\/div>\n\n\n\n<div class=\"wpcf7 no-js\" id=\"wpcf7-f8637-o1\" lang=\"de-DE\" dir=\"ltr\" data-wpcf7-id=\"8637\">\n<div class=\"screen-reader-response\"><p role=\"status\" aria-live=\"polite\" aria-atomic=\"true\"><\/p> <ul><\/ul><\/div>\n<form action=\"\/lt\/wp-json\/wp\/v2\/pages\/4071#wpcf7-f8637-o1\" method=\"post\" class=\"wpcf7-form init\" aria-label=\"Kontaktformular\" novalidate=\"novalidate\" data-status=\"init\" data-trp-original-action=\"\/lt\/wp-json\/wp\/v2\/pages\/4071#wpcf7-f8637-o1\">\n<fieldset class=\"hidden-fields-container\"><input type=\"hidden\" name=\"_wpcf7\" value=\"8637\" \/><input type=\"hidden\" name=\"_wpcf7_version\" value=\"6.1.1\" \/><input type=\"hidden\" name=\"_wpcf7_locale\" value=\"de_DE\" \/><input type=\"hidden\" name=\"_wpcf7_unit_tag\" value=\"wpcf7-f8637-o1\" \/><input type=\"hidden\" name=\"_wpcf7_container_post\" value=\"0\" \/><input type=\"hidden\" name=\"_wpcf7_posted_data_hash\" value=\"\" \/><input type=\"hidden\" name=\"_wpcf7_recaptcha_response\" value=\"\" \/>\n<\/fieldset>\n<p><label> Vardas (*)<br \/>\n<span class=\"wpcf7-form-control-wrap\" data-name=\"first-name\"><input size=\"40\" maxlength=\"400\" class=\"wpcf7-form-control wpcf7-text wpcf7-validates-as-required\" aria-required=\"true\" aria-invalid=\"false\" value=\"\" type=\"text\" name=\"first-name\" \/><\/span><\/label>\n<\/p>\n<p><label> Pavard\u0117 (*)<br \/>\n<span class=\"wpcf7-form-control-wrap\" data-name=\"your-name\"><input size=\"40\" maxlength=\"400\" class=\"wpcf7-form-control wpcf7-text wpcf7-validates-as-required\" aria-required=\"true\" aria-invalid=\"false\" value=\"\" type=\"text\" name=\"your-name\" \/><\/span> <\/label>\n<\/p>\n<p><label> Verslo el. pa\u0161tas (*)<br \/>\n<span class=\"wpcf7-form-control-wrap\" data-name=\"your-email\"><input size=\"40\" maxlength=\"400\" class=\"wpcf7-form-control wpcf7-email wpcf7-validates-as-required wpcf7-text wpcf7-validates-as-email\" aria-required=\"true\" aria-invalid=\"false\" value=\"\" type=\"email\" name=\"your-email\" \/><\/span> <\/label>\n<\/p>\n<p><label> \u012emon\u0117 (*)<br \/>\n<span class=\"wpcf7-form-control-wrap\" data-name=\"Company\"><input size=\"40\" maxlength=\"400\" class=\"wpcf7-form-control wpcf7-text wpcf7-validates-as-required\" aria-required=\"true\" aria-invalid=\"false\" value=\"\" type=\"text\" name=\"Company\" \/><\/span> <\/label>\n<\/p>\n<p><b>Atkreipkite d\u0117mes\u012f:<\/b> Jei tai darote <u>nematyti<\/u> \"Si\u0173sti\" \u017eemiau, turite <u>nepriimtas<\/u> m\u016bs\u0173 privatumo politika. Tod\u0117l mums neleid\u017eiama rinkti j\u016bs\u0173 duomen\u0173 \u0161ia forma. Para\u0161ykite mums de\u0161in\u0117je esan\u010diame pokalbyje, atsi\u0173skite mums el. <a href=\"\/lt\/&\/#x6d;&#x61;&#x69;&#108;&#116;&#111;:i&#x6e;&#x66;&#x6f;&#x40;&#108;&#101;ap&#x6c;&#x79;&#x74;&#x69;&#99;&#115;&#46;d&#x65;\"><i class=\"fa fa-envelope\" aria-hidden=\"true\"><\/i>info@leaplytics.de<\/a> arba i\u0161trinkite slapukus nar\u0161ykl\u0117je (Ctrl + Shift + Delete) ir i\u0161 naujo \u012fk\u0117l\u0119 puslap\u012f sutikite su privatumo politika.\n<\/p><div class=\"wpcf7-response-output\" aria-hidden=\"true\"><\/div>\n<input type=\"hidden\" name=\"trp-form-language\" value=\"lt\"\/><\/form>\n<\/div>\n\n\n\n\n<p><\/p>","protected":false},"excerpt":{"rendered":"<p>FREE Version The FREE Version of LeapLytics &#8211; Risk Heatmap is free to use with watermark and limited functionality. Watermark removed Individual Grid Size Color Inverter Border Settings Axis Settings Indicator Settings Text Settings Color Settings You are already using the FREE version of this visual. PRO Version The PRO Version of LeapLytics &#8211; Risk &hellip; <\/p>","protected":false},"author":2,"featured_media":0,"parent":0,"menu_order":0,"comment_status":"closed","ping_status":"closed","template":"","meta":{"footnotes":""},"class_list":["post-4071","page","type-page","status-publish","hentry","latest_post"],"_links":{"self":[{"href":"https:\/\/www.leaplytics.de\/lt\/wp-json\/wp\/v2\/pages\/4071","targetHints":{"allow":["GET"]}}],"collection":[{"href":"https:\/\/www.leaplytics.de\/lt\/wp-json\/wp\/v2\/pages"}],"about":[{"href":"https:\/\/www.leaplytics.de\/lt\/wp-json\/wp\/v2\/types\/page"}],"author":[{"embeddable":true,"href":"https:\/\/www.leaplytics.de\/lt\/wp-json\/wp\/v2\/users\/2"}],"replies":[{"embeddable":true,"href":"https:\/\/www.leaplytics.de\/lt\/wp-json\/wp\/v2\/comments?post=4071"}],"version-history":[{"count":0,"href":"https:\/\/www.leaplytics.de\/lt\/wp-json\/wp\/v2\/pages\/4071\/revisions"}],"wp:attachment":[{"href":"https:\/\/www.leaplytics.de\/lt\/wp-json\/wp\/v2\/media?parent=4071"}],"curies":[{"name":"wp","href":"https:\/\/api.w.org\/{rel}","templated":true}]}}