{"id":699,"date":"2020-12-07T20:33:50","date_gmt":"2020-12-07T19:33:50","guid":{"rendered":"https:\/\/www.leaplytics.de\/?page_id=699"},"modified":"2024-11-04T10:02:48","modified_gmt":"2024-11-04T09:02:48","slug":"qliksense-rizikos-matricos-pletinys","status":"publish","type":"page","link":"https:\/\/www.leaplytics.de\/lt\/titulinis-puslapis\/qlik-sense-pletiniai\/qliksense-rizikos-matricos-pletinys\/","title":{"rendered":"\"Qlik Sense\" rizikos matricos pl\u0117tinys"},"content":{"rendered":"<p>Naudodami \"Qlik Sense\" skirt\u0105 rizikos matric\u0105 \/ \u0161ilumin\u012f \u017eem\u0117lap\u012f, gaukite ai\u0161k\u0173 vizual\u0173 rizikos profili\u0173 vaizd\u0105! \u0160is pl\u0117tinys sukurtas siekiant vizualizuoti profilius, kurie matuojami dviej\u0173 KPI ir skirting\u0173 kategorij\u0173 matricoje. Jis gali vizualizuoti kelis rodiklius viename lauke. Galite laisvai ir dinami\u0161kai pasirinkti visas i\u0161rai\u0161kas tarp 3\u00d73 ir 5\u00d75 matric\u0173. \u012evair\u016bs nustatymai, pavyzd\u017eiui, pasirinktin\u0117s spalvos, lanks\u010dios ribos ir teksto nustatymai, pritaiko \u0161\u012f pl\u0117tin\u012f j\u016bs\u0173 ataskait\u0173 poreikiams.<\/p>\n\n\n\n<div style=\"height:10px\" aria-hidden=\"true\" class=\"wp-block-spacer\"><\/div>\n\n\n<div class=\"wp-block-image\">\n<figure class=\"aligncenter size-large\"><img loading=\"lazy\" decoding=\"async\" width=\"1024\" height=\"576\" src=\"https:\/\/www.leaplytics.de\/wp-content\/uploads\/2022\/04\/First_Slice_Risk_Map_QlikSense_stone-1024x576.png\" alt=\"\" class=\"wp-image-6471\" srcset=\"https:\/\/www.leaplytics.de\/wp-content\/uploads\/2022\/04\/First_Slice_Risk_Map_QlikSense_stone-1024x576.png 1024w, https:\/\/www.leaplytics.de\/wp-content\/uploads\/2022\/04\/First_Slice_Risk_Map_QlikSense_stone-300x169.png 300w, https:\/\/www.leaplytics.de\/wp-content\/uploads\/2022\/04\/First_Slice_Risk_Map_QlikSense_stone-768x432.png 768w, https:\/\/www.leaplytics.de\/wp-content\/uploads\/2022\/04\/First_Slice_Risk_Map_QlikSense_stone-107x60.png 107w, https:\/\/www.leaplytics.de\/wp-content\/uploads\/2022\/04\/First_Slice_Risk_Map_QlikSense_stone.png 1140w\" sizes=\"auto, (max-width: 1024px) 100vw, 1024px\" \/><\/figure><\/div>\n\n\n<div style=\"height:100px\" aria-hidden=\"true\" class=\"wp-block-spacer\"><\/div>\n\n\n\n<h3 class=\"wp-block-heading has-text-align-center\">Gaukite dabar!<\/h3>\n\n\n\n<div style=\"height:50px\" aria-hidden=\"true\" class=\"wp-block-spacer\"><\/div>\n\n\n\n<div class=\"wp-block-columns alignwide is-layout-flex wp-container-core-columns-is-layout-1 wp-block-columns-is-layout-flex\">\n<div class=\"wp-block-column has-text-color has-background has-link-color wp-elements-dfea0d1df7d7210c16180380cb297c35 is-layout-flow wp-block-column-is-layout-flow\" style=\"color:#000000;background-color:#eeeeee;padding-top:2em;padding-right:2em;padding-bottom:2em;padding-left:2em\">\n<h2 class=\"wp-block-heading\" id=\"single\" style=\"font-size:40px\"><strong>NEMOKAMA versija<\/strong><\/h2>\n\n\n\n<div style=\"height:10px\" aria-hidden=\"true\" class=\"wp-block-spacer\"><\/div>\n\n\n\n<p class=\"has-normal-font-size\" style=\"line-height:1.5\">NEMOKAMA \"LeapLytics - Risk Matrix\" versija keturias savaites nemokamai naudojama bet kuriame serveryje ir bet kurioje \u012fmon\u0117je. I\u0161bandykite, ar m\u016bs\u0173 sprendimas atitinka j\u016bs\u0173 reikalavimus.<\/p>\n\n\n\n<div style=\"height:10px\" aria-hidden=\"true\" class=\"wp-block-spacer\"><\/div>\n\n\n\n<hr class=\"wp-block-separator has-text-color has-css-opacity has-background is-style-wide\" style=\"background-color:#000000;color:#000000\"\/>\n\n\n\n<div style=\"height:10px\" aria-hidden=\"true\" class=\"wp-block-spacer\"><\/div>\n\n\n\n<p><i class=\"fas fa-check\"><\/i> Pa\u0161alintas vandens \u017eenklas<\/p>\n\n\n\n<p><i class=\"fas fa-check\"><\/i> Individualus tinklelio dydis<\/p>\n\n\n\n<p><i class=\"fas fa-check\"><\/i> Naudotojo nustatyta spalv\u0173 schema<\/p>\n\n\n\n<p><i class=\"fas fa-check\"><\/i> Spalv\u0173 keitiklis<\/p>\n\n\n\n<p><i class=\"fas fa-check\"><\/i> Rib\u0173 nustatymai<\/p>\n\n\n\n<p><i class=\"fas fa-check\"><\/i> A\u0161ies nustatymai<\/p>\n\n\n\n<p><i class=\"fas fa-check\"><\/i> Indikatoriaus nustatymai<\/p>\n\n\n\n<p><i class=\"fas fa-check\"><\/i> Teksto nustatymai<\/p>\n\n\n\n<p><i class=\"fas fa-check\"><\/i> Spalv\u0173 nustatymai<\/p>\n\n\n\n<p><i class=\"fas fa-check\"><\/i> Nar\u0161ymas ir veiksmai<\/p>\n\n\n\n<p><i class=\"fas fa-check\"><\/i> Spausdintinas*<\/p>\n\n\n\n<div class=\"wp-block-buttons alignfull is-horizontal is-content-justification-center is-layout-flex wp-container-core-buttons-is-layout-1 wp-block-buttons-is-layout-flex\">\n<div class=\"wp-block-button\"><a class=\"wp-block-button__link has-white-color has-text-color wp-element-button\" href=\"https:\/\/developer.qlik.com\/garden\/5fd6531adae7960011eb30ec\" target=\"_blank\" rel=\"noreferrer noopener\">Gaukite nemokam\u0105 versij\u0105<\/a><\/div>\n<\/div>\n<\/div>\n\n\n\n<div class=\"wp-block-column has-text-color has-background has-link-color wp-elements-6ae2b82b5852519cfb4d42d032a83f17 is-layout-flow wp-block-column-is-layout-flow\" style=\"color:#000000;background-color:#98bd00;padding-top:2em;padding-right:2em;padding-bottom:2em;padding-left:2em\">\n<h2 class=\"wp-block-heading\" id=\"family\" style=\"font-size:40px\"><strong>PRO versija<\/strong><\/h2>\n\n\n\n<div style=\"height:10px\" aria-hidden=\"true\" class=\"wp-block-spacer\"><\/div>\n\n\n\n<p class=\"has-normal-font-size\" style=\"line-height:1.5\">\"LeapLytics\" PRO versija \"Rizikos matrica\" atskleid\u017eia vis\u0105 \u0161ios vaizdin\u0117s priemon\u0117s gali\u0105. Viena licencija vienam serveriui ir \u012fmonei - viena kaina metams.<\/p>\n\n\n\n<div style=\"height:10px\" aria-hidden=\"true\" class=\"wp-block-spacer\"><\/div>\n\n\n\n<hr class=\"wp-block-separator has-text-color has-black-color has-css-opacity has-black-background-color has-background is-style-wide\"\/>\n\n\n\n<div style=\"height:10px\" aria-hidden=\"true\" class=\"wp-block-spacer\"><\/div>\n\n\n\n<p><i class=\"fas fa-check\"><\/i>  Pa\u0161alintas vandens \u017eenklas<\/p>\n\n\n\n<p><i class=\"fas fa-check\"><\/i>  Individualus tinklelio dydis<\/p>\n\n\n\n<p><i class=\"fas fa-check\"><\/i>  Naudotojo nustatyta spalv\u0173 schema<\/p>\n\n\n\n<p><i class=\"fas fa-check\"><\/i>  Spalv\u0173 keitiklis<\/p>\n\n\n\n<p><i class=\"fas fa-check\"><\/i>  Rib\u0173 nustatymai<\/p>\n\n\n\n<p><i class=\"fas fa-check\"><\/i>  A\u0161ies nustatymai<\/p>\n\n\n\n<p><i class=\"fas fa-check\"><\/i>  Indikatoriaus nustatymai<\/p>\n\n\n\n<p><i class=\"fas fa-check\"><\/i>  Teksto nustatymai<\/p>\n\n\n\n<p><i class=\"fas fa-check\"><\/i>  Spalv\u0173 nustatymai<\/p>\n\n\n\n<p><i class=\"fas fa-check\"><\/i>  Nar\u0161ymas ir veiksmai<\/p>\n\n\n\n<p><i class=\"fas fa-check\"><\/i>  Spausdintinas*<\/p>\n\n\n\n<div class=\"wp-block-buttons alignfull is-horizontal is-content-justification-center is-layout-flex wp-container-core-buttons-is-layout-2 wp-block-buttons-is-layout-flex\">\n<div class=\"wp-block-button\"><a class=\"wp-block-button__link has-white-color has-text-color wp-element-button\" href=\"https:\/\/shop.leaplytics.de\/product\/power-bi-risk-heatmap\/\">Gaukite PRO versij\u0105<\/a><\/div>\n<\/div>\n<\/div>\n<\/div>\n\n\n\n<p>* \u017er. <a href=\"https:\/\/community.qlik.com\/t5\/Knowledge\/Qlik-Sense-Enterprise-SaaS-Third-party-extensions-cannot-be\/ta-p\/1755264\">\"QlikSense\" apribojimai <\/a><\/p>\n\n\n\n<div style=\"height:100px\" aria-hidden=\"true\" class=\"wp-block-spacer\"><\/div>\n\n\n\n<h3 class=\"wp-block-heading has-text-align-center\">Dokumentacija<\/h3>\n\n\n\n<div style=\"height:50px\" aria-hidden=\"true\" class=\"wp-block-spacer\"><\/div>\n\n\n<div class=\"_df_book df-lite\" id=\"df_726\"  _slug=\"risk-heatmap\" data-title=\"risk-heatmap\" wpoptions=\"true\" thumb=\"https:\/\/www.leaplytics.de\/wp-content\/uploads\/2020\/12\/Risk-Map-picture.jpg\" thumbtype=\"\" ><\/div><script class=\"df-shortcode-script\" nowprocket type=\"application\/javascript\">window.option_df_726 = {\"outline\":[],\"autoEnableOutline\":\"false\",\"autoEnableThumbnail\":\"false\",\"overwritePDFOutline\":\"false\",\"backgroundImage\":\"https:\\\/\\\/www.leaplytics.de\\\/wp-content\\\/uploads\\\/2020\\\/10\\\/mathew-schwartz-sb7RUrRMaC4-unsplash-scaled.jpg\",\"direction\":\"1\",\"pageSize\":\"0\",\"source\":\"https:\\\/\\\/www.leaplytics.de\\\/wp-content\\\/uploads\\\/2022\\\/02\\\/Risk-Heatmap-Qlik-Sense-User-Documentation_Pro_1.4.0.0.pdf\",\"wpOptions\":\"true\"}; if(window.DFLIP && window.DFLIP.parseBooks){window.DFLIP.parseBooks();}<\/script>\n\n\n\n<div style=\"height:50px\" aria-hidden=\"true\" class=\"wp-block-spacer\"><\/div>\n\n\n\n<div class=\"wp-block-buttons is-content-justification-center is-layout-flex wp-container-core-buttons-is-layout-3 wp-block-buttons-is-layout-flex\">\n<div class=\"wp-block-button\"><a class=\"wp-block-button__link wp-element-button\" href=\"https:\/\/www.leaplytics.de\/wp-content\/uploads\/2022\/02\/Risk-Heatmap-Qlik-Sense-User-Documentation_Pro_1.4.0.0.pdf\" target=\"_blank\" rel=\"noreferrer noopener\">Atsisi\u0173sti dokumentacij\u0105<\/a><\/div>\n<\/div>\n\n\n\n<div style=\"height:50px\" aria-hidden=\"true\" class=\"wp-block-spacer\"><\/div>\n\n\n\n<p>U\u017esiprenumeruokite \u010dia, kad gautum\u0117te i\u0161skirtinius atnaujinimus ir leidinius: <a href=\"https:\/\/www.leaplytics.de\/lt\/prenumeruoti_produkta\/\">Prenumerata<\/a><\/p>\n\n\n\n<hr class=\"wp-block-separator has-css-opacity is-style-default\"\/>\n\n\n\n<h2 class=\"wp-block-heading\" id=\"introduction-risk-heatmap-extension-for-qlik-sense\">\u012evadas \"Qlik Sense\" rizikos matricos pl\u0117tinys<\/h2>\n\n\n\n<p>Su \"Qlik Sense\" skirta rizikos matrica susidarykite ai\u0161k\u0173 vaizd\u0105 apie savo rizikos profilius! \u0160is pl\u0117tinys sukurtas siekiant vizualizuoti profilius, kurie matuojami dviej\u0173 KPI ir skirting\u0173 kategorij\u0173 matricoje. Jis gali vizualizuoti kelis rodiklius viename lauke. Galite laisvai ir dinami\u0161kai pasirinkti visas i\u0161rai\u0161kas tarp 3\u00d73 ir 5\u00d75 matric\u0173. \u012evair\u016bs nustatymai, pavyzd\u017eiui, pasirinktin\u0117s spalvos, lanks\u010dios ribos ir teksto nustatymai, pritaiko \u0161\u012f pl\u0117tin\u012f j\u016bs\u0173 ataskait\u0173 poreikiams.<\/p>\n\n\n<div class=\"wp-block-image is-style-default\">\n<figure class=\"alignright size-full\"><img loading=\"lazy\" decoding=\"async\" width=\"912\" height=\"775\" src=\"https:\/\/www.leaplytics.de\/wp-content\/uploads\/2022\/02\/settings.gif\" alt=\"&quot;Qlik Sense&quot; rizikos \u0161ilumos \u017eem\u0117lapis\" class=\"wp-image-3060\"\/><figcaption class=\"wp-element-caption\">Platus nustatym\u0173 parink\u010di\u0173 spektras<\/figcaption><\/figure><\/div>\n\n\n<p>\u0160is pl\u0117tinys taip pat gali b\u016bti naudojamas vis\u0173 r\u016b\u0161i\u0173 fizini\u0173 mat\u0173, kokyb\u0117s rodikli\u0173 ir apskritai skirtum\u0173 ribin\u0117ms vert\u0117ms steb\u0117ti ir nurodyti. D\u0117l to j\u012f galima taikyti daugeliui naudojimo atvej\u0173, kurie pasitaiko \u012fvairiose \u012fmon\u0117se. Toliau pateiktame s\u0105ra\u0161e pateikiami jau \u012fgyvendinti galimi naudojimo atvejai:<\/p>\n\n\n\n<p><strong>Projekt\u0173 valdymas<\/strong>: Vizualizuokite projekto, programos ar portfelio rizikos ir galimybi\u0173 profilius.<\/p>\n\n\n\n<p><strong>IT<\/strong>: Nurodykite programas, kuri\u0173 b\u016bkl\u0117 yra \u017ealia, geltona arba raudona (na\u0161umas, sveikata).<\/p>\n\n\n\n<hr class=\"wp-block-separator has-css-opacity\"\/>\n\n\n\n<h3 class=\"wp-block-heading\" id=\"getting-started-with-our-risk-heatmap-for-qlik-sense\">Pradedame dirbti su \"Qlik Sense\" rizikos matrica<\/h3>\n\n\n<p>Atviras <a href=\"https:\/\/www.qlik.com\/de-de\/products\/qlik-sense\" target=\"_blank\" rel=\"noopener\">\"Qlik Sense<\/a> ir atitinkam\u0105 program\u0117l\u0119, kurioje norite naudoti pl\u0117tin\u012f \"Rizikos matrica\". Atidarykite darbalap\u012f redagavimo re\u017eimu ir pl\u0117tin\u012f rasite skyriuje \"Custom Objects\" (pasirinktiniai objektai). Vilkite ir nuleiskite pl\u0117tin\u012f \u012f bet kuri\u0105 prietais\u0173 skydelio srit\u012f (<em>V\u0117liau pl\u0117tinio i\u0161vaizd\u0105 gal\u0117site pakeisti i\u0161pl\u0117stiniuose nustatymuose).<\/em><\/p>\n\n<div class=\"wp-block-image\">\n<figure class=\"alignright size-full\"><img decoding=\"async\" src=\"https:\/\/www.leaplytics.de\/wp-content\/uploads\/2022\/02\/drag-drop.gif\" alt=\"Pradiniai &quot;Qlik Sense&quot; rizikos \u017eem\u0117lapio &quot;Risk Heatmap&quot; nustatymai ir konfig\u016bracija\" class=\"wp-image-3060\"\/><figcaption class=\"wp-element-caption\">Platus nustatym\u0173 parink\u010di\u0173 spektras<\/figcaption><\/figure><\/div>\n\n<p>\u012e prietais\u0173 skydel\u012f \u012fk\u0117lus pl\u0117tinio egzempliori\u0173, de\u0161in\u0117je pus\u0117je pasirodys \u0161is savybi\u0173 skydelis. Savybi\u0173 skydelis suskirstytas \u012f \u0161iuos skyrius:\u00a0 \u00a0 \u00a0 \u00a0 \u00a0 \u00a0 \u00a0 \u00a0 \u00a0 \u00a0 \u00a0 \u00a0 \u00a0 \u00a0 \u00a0 \u00a0 \u00a0 \u00a0 \u00a0 \u00a0 \u00a0 \u00a0 \u00a0 \u00a0 \u00a0 \u00a0 \u00a0 \u00a0 \u00a0 \u00a0 \u00a0 \u00a0 \u00a0 \u00a0 \u00a0 \u00a0 \u00a0 \u00a0 \u00a0 \u00a0 \u00a0 \u00a0 \u00a0 \u00a0 \u00a0 \u00a0 \u00a0\u00a0<\/p>\n<ul>\n<li>Priemon\u0117s<\/li>\n<li>Matmenys<\/li>\n<li>Diapazonai (bendras matricos i\u0161d\u0117stymas)<\/li>\n<li>Tinklelio nustatymai (viskas, kas yra matricoje)<\/li>\n<li>A\u0161i\u0173 nustatymai (viskas aplink matric\u0105)<\/li>\n<li>Rodiklio nustatymai (viskas, kas susij\u0119 su matricos turiniu)<\/li>\n<li>Apie \u00a0\u00a0\u00a0\u00a0\u00a0\u00a0\u00a0\u00a0\u00a0\u00a0\u00a0\u00a0\u00a0\u00a0 \u00a0\u00a0\u00a0\u00a0\u00a0\u00a0\u00a0\u00a0\u00a0\u00a0\u00a0\u00a0\u00a0\u00a0\u00a0\u00a0\u00a0\u00a0\u00a0\u00a0\u00a0\u00a0\u00a0\u00a0\u00a0\u00a0\u00a0\u00a0\u00a0<\/li>\n<\/ul>\n<p>Toliau su\u017einosite, kaip naudoti \"LeapLytics\" pl\u0117tin\u012f \"Rizikos matrica\" ir kaip j\u012f pritaikyti savo poreikiams tinkamai naudojant savybes.\u00a0 \u00a0<\/p>\n\n\n<hr class=\"wp-block-separator has-css-opacity\"\/>\n\n\n\n<h3 class=\"wp-block-heading\" id=\"measures\">Priemon\u0117s<\/h3>\n\n\n<div class=\"wp-block-image\">\n<figure class=\"alignright size-large is-resized\"><img loading=\"lazy\" decoding=\"async\" width=\"245\" height=\"329\" src=\"https:\/\/www.leaplytics.de\/wp-content\/uploads\/2020\/11\/measures.png\" alt=\"Priemon\u0117s &quot;Risk Heatmap Qlik Sense&quot; apra\u0161ymas\" class=\"wp-image-512\" style=\"width:236px;height:317px\" srcset=\"https:\/\/www.leaplytics.de\/wp-content\/uploads\/2020\/11\/measures.png 245w, https:\/\/www.leaplytics.de\/wp-content\/uploads\/2020\/11\/measures-223x300.png 223w, https:\/\/www.leaplytics.de\/wp-content\/uploads\/2020\/11\/measures-45x60.png 45w\" sizes=\"auto, (max-width: 245px) 100vw, 245px\" \/><\/figure><\/div>\n\n<p>Priemon\u0117 apibr\u0117\u017eia atitinkam\u0173 dviej\u0173 matricos KPI vert\u0119. Pirmasis KPI apibr\u0117\u017eia X a\u0161ies KPI, o antrasis KPI apibr\u0117\u017eia Y a\u0161ies KPI. Juos galima perjungti atskirai. Matricoje tikimasi reik\u0161mi\u0173 nuo 1 iki 5 (5 lauk\u0173 matrica) arba nuo 1 iki 3 (3 lauk\u0173 matrica). Taip pat galimi de\u0161imtainiai skai\u010diai, jei tai naudinga. Reik\u0161mes galima paimti tiesiogiai i\u0161 duomen\u0173 modelio, jei i\u0161ankstin\u0117 sistema jau fiksuoja ir apskai\u010diuoja interval\u0105. Jei duomen\u0173 modelyje yra koki\u0173 nors vienet\u0173, kategorijos gali b\u016bti sukurtos formuliare atskirai.<\/p>\n<p>Priemon\u0119 galite prid\u0117ti taip:<\/p>\n<ul>\n<li>Paspauskite mygtuk\u0105 \"Add measure\" (Prid\u0117ti priemon\u0119) savybi\u0173 skydelyje, skyriuje \"Measure\" (Priemon\u0117), arba paspauskite mygtuk\u0105 \"Add measure\" (Prid\u0117ti priemon\u0119) savo prietais\u0173 skydelio i\u0161pl\u0117timo lange.<\/li>\n<li>Pasirinkite priemon\u0119 i\u0161 i\u0161skleid\u017eiamojo s\u0105ra\u0161o ir spustel\u0117kite j\u0105<\/li>\n<li>(pasirinktinai): Pasirinkite savo poreikiams tinkam\u0105 apibendrinim\u0105 (Sum, Avg, Min, Max ir t. t.) arba apibr\u0117\u017ekite individuali\u0105 formul\u0119.<\/li>\n<\/ul>\n<p>Naudojant atskiras formules, galima vadovautis toliau pateiktais pavyzd\u017eiais:<\/p>\n\n\n<figure class=\"wp-block-image size-large\"><img loading=\"lazy\" decoding=\"async\" width=\"744\" height=\"255\" src=\"https:\/\/www.leaplytics.de\/wp-content\/uploads\/2020\/12\/heatmap_use_cases.png\" alt=\"\" class=\"wp-image-749\" srcset=\"https:\/\/www.leaplytics.de\/wp-content\/uploads\/2020\/12\/heatmap_use_cases.png 744w, https:\/\/www.leaplytics.de\/wp-content\/uploads\/2020\/12\/heatmap_use_cases-600x206.png 600w, https:\/\/www.leaplytics.de\/wp-content\/uploads\/2020\/12\/heatmap_use_cases-300x103.png 300w, https:\/\/www.leaplytics.de\/wp-content\/uploads\/2020\/12\/heatmap_use_cases-175x60.png 175w\" sizes=\"auto, (max-width: 744px) 100vw, 744px\" \/><\/figure>\n\n\n\n<hr class=\"wp-block-separator has-css-opacity\"\/>\n\n\n\n<h3 class=\"wp-block-heading\" id=\"dimensions\">Matmenys<\/h3>\n\n\n<p>Naudokite matmen\u012f, kad suteiktum\u0117te rodikliams ry\u0161k\u0173 pavadinim\u0105. Tai gali b\u016bti, pavyzd\u017eiui, ID arba trumpasis pavadinimas (1-2 \u017eod\u017eiai). Ilgesni\u0173 pavadinim\u0173 ar apra\u0161ym\u0173 nerekomenduojama naudoti, nes pa\u010dios matricos erdv\u0117 yra ribota.<\/p>\n\n\n<hr class=\"wp-block-separator has-css-opacity\"\/>\n\n\n\n<h3 class=\"wp-block-heading\" id=\"advanced-settings\">I\u0161pl\u0117stiniai nustatymai<\/h3>\n\n\n\n<p>Matricos nustatymuose galite atlikti kelis pasirinkimus.<\/p>\n\n\n\n<p><strong>Matricos nustatymai: <\/strong>Pirmiausia galite nustatyti kra\u0161tini\u0173 santyk\u012f. Taip vizualizacija i\u0161liks kvadratin\u0117. Be to, naudodami slankikl\u012f galite atskirai nustatyti x ir y kryp\u010di\u0173 dyd\u012f. Jei j\u016bs\u0173 duomenys yra u\u017e \u0161i\u0173 interval\u0173 rib\u0173, pl\u0117tinyje gausite vizualin\u0119 u\u017euomin\u0105! Be to, vienu spustel\u0117jimu galite invertuoti spalvas. Galiausiai galite nustatyti apvado plot\u012f arba visi\u0161kai j\u012f i\u0161jungti.<\/p>\n\n\n\n<p><strong>Tinklelio nustatymai<\/strong>: Naudokite \"Grid Settings\" (Tinklelio nustatymai), kad sukonfig\u016bruotum\u0117te pa\u010di\u0105 matric\u0105, pvz., jos dyd\u012f arba rib\u0173 konfig\u016bracij\u0105. Taip pat galite apversti spalv\u0173 kodavim\u0105, kad auk\u0161tesn\u0117 kategorija b\u016bt\u0173 \"\u017ealios\" spalvos, o \u017eemesn\u0117 kategorija tapt\u0173 raudona. Taip pat galima i\u0161jungti lentel\u0119 su i\u0161samiomis reik\u0161m\u0117mis.<\/p>\n\n\n\n<p><strong>A\u0161ies nustatymai:<\/strong> A\u0161i\u0173 nustatymai leid\u017eia sukonfig\u016bruoti r\u0117mel\u012f pagal savo poreikius. Galite nuspr\u0119sti, ar i\u0161jungti tekstus, a\u0161is arba auk\u0161to\/\u017eemo lygio rodmenis.<\/p>\n\n\n\n<p><strong>Indikatoriaus nustatymai:<\/strong> Naudodamiesi indikatoriaus nustatymais galite keisti tinklelio indikatori\u0173 dyd\u012f ir i\u0161vaizd\u0105.<\/p>\n\n\n<div class=\"wp-block-image\">\n<figure class=\"aligncenter size-full\"><img loading=\"lazy\" decoding=\"async\" width=\"912\" height=\"775\" src=\"https:\/\/www.leaplytics.de\/wp-content\/uploads\/2022\/02\/settings.gif\" alt=\"\u012evair\u016bs rizikos \u017eem\u0117lapio &quot;Qlik Sense&quot; nustatymai\" class=\"wp-image-3060\"\/><\/figure><\/div>\n\n\n<hr class=\"wp-block-separator has-css-opacity\"\/>\n\n\n\n<h3 class=\"wp-block-heading\" id=\"navigation-action\">Navigacija ir veiksmai<\/h3>\n\n\n\n<p>Savo pl\u0117tiniui galite taikyti \"Navigation &amp; Actions\", kad gal\u0117tum\u0117te nar\u0161yti po \"Qlik Sense\" lapus, svetaines ir kt. \"Veiksmus\" galite aktyvuoti naudodami atitinkam\u0105 mygtuk\u0105. \"Risk Matrix\" palaiko du skirtingus navigacijos tipus:<\/p>\n\n\n\n<ul class=\"wp-block-list\">\n<li><strong>Mygtukas:<\/strong> Pasirinkite \"Mygtukas\", kad po \u0161viesoforo piktograma prid\u0117tum\u0117te mygtuk\u0105. Mygtuk\u0105 galite pervadinti naudodami lauk\u0105 \"Mygtuko tekstas\". \u012eveskite svetain\u0117s arba \"Qlik Sense\" lapo, \u012f kur\u012f norite pereiti, URL adres\u0105*. URL galite atidaryti tame pa\u010diame lange arba atskirame skirtuke naudodami \u017eymim\u0105j\u012f langel\u012f \"Open in same window\" (atidaryti tame pa\u010diame lange).<\/li>\n<\/ul>\n\n\n\n<ul class=\"wp-block-list\">\n<li><strong>Objektas:<\/strong> Kaip alternatyv\u0105 galite pasirinkti \"Objektas\", kad visas objektas b\u016bt\u0173 paspaud\u017eiamas (<em>laukas \"Mygtuko tekstas\" bus pasl\u0117ptas<\/em>). \u012eveskite svetain\u0117s arba \"Qlik Sense\" lapo, \u012f kur\u012f norite pereiti, URL adres\u0105*. URL galite atidaryti tame pa\u010diame lange arba atskirame skirtuke naudodami \u017eymim\u0105j\u012f langel\u012f \"Open in same window\" (atidaryti tame pa\u010diame lange).<\/li>\n<\/ul>\n\n\n\n<p>*URL visada turi prasid\u0117ti \"http:\/\/www.\" arba \"https:\/\/www\".<\/p>\n\n\n<div class=\"wp-block-image\">\n<figure class=\"aligncenter size-large\"><img loading=\"lazy\" decoding=\"async\" width=\"246\" height=\"464\" src=\"https:\/\/www.leaplytics.de\/wp-content\/uploads\/2021\/04\/Milestone_navigation-1.jpg\" alt=\"&quot;Qlik Sense&quot; navigacijos ir veiksm\u0173 nustatymai &quot;Risk Heatmap\" class=\"wp-image-1739\" srcset=\"https:\/\/www.leaplytics.de\/wp-content\/uploads\/2021\/04\/Milestone_navigation-1.jpg 246w, https:\/\/www.leaplytics.de\/wp-content\/uploads\/2021\/04\/Milestone_navigation-1-159x300.jpg 159w, https:\/\/www.leaplytics.de\/wp-content\/uploads\/2021\/04\/Milestone_navigation-1-32x60.jpg 32w\" sizes=\"auto, (max-width: 246px) 100vw, 246px\" \/><\/figure><\/div>\n\n\n<hr class=\"wp-block-separator has-css-opacity\"\/>\n\n\n<h3>Apie m\u016bs\u0173 \"Qlik Sense\" rizikos matric\u0105<\/h3>\n\n\n<\/p>\n<p>\u0160\u012f \"Qlik Sense\" pl\u0117tin\u012f suk\u016br\u0117 <a href=\"https:\/\/www.leaplytics.de\/lt\/\">\"LeapLytics\"<\/a>. Skyriuje \"Apie\" pateikiama informacija apie \u0161\u012f pl\u0117tin\u012f.<\/p>\n<p>\n\n\n\n<\/p>\n<p><strong>Versija:<\/strong> Rodo \u012fdiegt\u0105 \u0161io pl\u0117tinio versij\u0105<\/p>\n<p>\n\n\n\n<\/p>\n<p><strong>Licencija galioja iki:<\/strong> Rodoma licencijos galiojimo pabaigos data<\/p>\n<p>\n\n\n\n<\/p>\n<p><strong>Serveryje galiojanti licencija:<\/strong> Parodo, kuriame serverio ID galima naudoti \u0161\u012f pl\u0117tin\u012f.\n\n\n\n<hr class=\"wp-block-separator has-css-opacity\"\/>\n\n\n<h3>Versijos istorija<\/h3>\n\n\n<figure class=\"wp-block-table is-style-stripes\"><table><tbody><tr><td class=\"has-text-align-center\" data-align=\"center\"><strong>Versija<\/strong><\/td><td class=\"has-text-align-center\" data-align=\"center\"><strong>Data<\/strong><\/td><td class=\"has-text-align-left\" data-align=\"left\"><strong>Turinys<\/strong><\/td><\/tr><tr><td class=\"has-text-align-center\" data-align=\"center\">1.4<\/td><td class=\"has-text-align-center\" data-align=\"center\">14.02.2022<\/td><td class=\"has-text-align-left\" data-align=\"left\">Naujas API naudojimas<\/td><\/tr><tr><td class=\"has-text-align-center\" data-align=\"center\">1.3<\/td><td class=\"has-text-align-center\" data-align=\"center\">13.12.2021<\/td><td class=\"has-text-align-left\" data-align=\"left\">Rizikos matricos atnaujinimas<\/td><\/tr><tr><td class=\"has-text-align-center\" data-align=\"center\">1.2<\/td><td class=\"has-text-align-center\" data-align=\"center\">26.04.2021<\/td><td class=\"has-text-align-left\" data-align=\"left\">Prid\u0117ta navigacija ir veiksmai,<br>Daugiau nei 9 rizikos veiksni\u0173 palaikymas<br>slenkanti indikatoriaus lentel\u0117<\/td><\/tr><tr><td class=\"has-text-align-center\" data-align=\"center\">1.1<\/td><td class=\"has-text-align-center\" data-align=\"center\">28.01.2021<\/td><td class=\"has-text-align-left\" data-align=\"left\">Prenumerata<br>funkcijos, skirtos<br>i\u0161leidimo atnaujinimai &amp;<br>pagerint\u0173 savybi\u0173 skydelis<\/td><\/tr><tr><td class=\"has-text-align-center\" data-align=\"center\">1.0<\/td><td class=\"has-text-align-center\" data-align=\"center\">13.11.2020<\/td><td class=\"has-text-align-left\" data-align=\"left\">Pradin\u0117 versija<\/td><\/tr><\/tbody><\/table><\/figure>\n\n\n\n<hr class=\"wp-block-separator has-css-opacity\"\/>\n\n\n\n<p><\/p>\n\n\n\n<div class=\"wp-block-columns are-vertically-aligned-center is-layout-flex wp-container-core-columns-is-layout-2 wp-block-columns-is-layout-flex\">\n<div class=\"wp-block-column is-vertically-aligned-center is-layout-flow wp-block-column-is-layout-flow\" style=\"flex-basis:100%\">\n<p><\/p>\n<\/div>\n<\/div>\n\n\n\n<p><\/p>","protected":false},"excerpt":{"rendered":"<p>Naudodami \"QilkSense\" skirt\u0105 \"Risk Heatmap\", gaukite ai\u0161k\u0173 vaizd\u0105 apie savo rizikos profilius! \u0160is pl\u0117tinys sukurtas siekiant vizualizuoti profilius, kurie matuojami dviej\u0173 KPI ir skirting\u0173 kategorij\u0173 matricoje. Jis gali vizualizuoti kelis rodiklius (iki 4 nemokamoje versijoje) viename lauke. \u012evair\u016bs nustatymai, pavyzd\u017eiui, lengvas 3\u00d73 ir 5\u00d75 lauk\u0173 matricos perjungimas, r\u0117meli\u0173 ir teksto nustatymai, pritaiko \u0161\u012f pl\u0117tin\u012f j\u016bs\u0173 ataskait\u0173 poreikiams. <\/p>\n<p>\u0160is pl\u0117tinys taip pat gali b\u016bti naudojamas vis\u0173 r\u016b\u0161i\u0173 fizini\u0173 mat\u0173, kokyb\u0117s rodikli\u0173 ir apskritai skirtum\u0173 ribin\u0117ms vert\u0117ms steb\u0117ti ir nurodyti. D\u0117l to j\u012f galima taikyti daugeliui naudojimo atvej\u0173, kurie pasitaiko \u012fvairiose \u012fmon\u0117se.<\/p>","protected":false},"author":1,"featured_media":0,"parent":227,"menu_order":1,"comment_status":"closed","ping_status":"closed","template":"","meta":{"footnotes":""},"class_list":["post-699","page","type-page","status-publish","hentry","latest_post"],"_links":{"self":[{"href":"https:\/\/www.leaplytics.de\/lt\/wp-json\/wp\/v2\/pages\/699","targetHints":{"allow":["GET"]}}],"collection":[{"href":"https:\/\/www.leaplytics.de\/lt\/wp-json\/wp\/v2\/pages"}],"about":[{"href":"https:\/\/www.leaplytics.de\/lt\/wp-json\/wp\/v2\/types\/page"}],"author":[{"embeddable":true,"href":"https:\/\/www.leaplytics.de\/lt\/wp-json\/wp\/v2\/users\/1"}],"replies":[{"embeddable":true,"href":"https:\/\/www.leaplytics.de\/lt\/wp-json\/wp\/v2\/comments?post=699"}],"version-history":[{"count":5,"href":"https:\/\/www.leaplytics.de\/lt\/wp-json\/wp\/v2\/pages\/699\/revisions"}],"predecessor-version":[{"id":13676,"href":"https:\/\/www.leaplytics.de\/lt\/wp-json\/wp\/v2\/pages\/699\/revisions\/13676"}],"up":[{"embeddable":true,"href":"https:\/\/www.leaplytics.de\/lt\/wp-json\/wp\/v2\/pages\/227"}],"wp:attachment":[{"href":"https:\/\/www.leaplytics.de\/lt\/wp-json\/wp\/v2\/media?parent=699"}],"curies":[{"name":"wp","href":"https:\/\/api.w.org\/{rel}","templated":true}]}}