{"id":799,"date":"2021-01-04T21:52:31","date_gmt":"2021-01-04T20:52:31","guid":{"rendered":"https:\/\/www.leaplytics.de\/?page_id=799"},"modified":"2024-11-04T09:23:33","modified_gmt":"2024-11-04T08:23:33","slug":"projektu-valdymo-prietaisu-skydelis-qlik-sense","status":"publish","type":"page","link":"https:\/\/www.leaplytics.de\/lt\/titulinis-puslapis\/projektu-valdymo-prietaisu-skydelis-qlik-sense\/","title":{"rendered":"Projekt\u0173 valdymo prietais\u0173 skydelis \"Qlik Sense"},"content":{"rendered":"<h2 class=\"wp-block-heading\" id=\"dashboard\">Prietais\u0173 skydelis<\/h2>\n\n\n\n<p>Projekt\u0173 valdymo prietais\u0173 skydelis \"Qlik Sense\" vadovaujasi paprasta taisykle: <strong>vienu \u017evilgsniu atsakingiems asmenims parodyti reikiam\u0105 projekto informacij\u0105 tinkamu apibendrinimu, kad jie gal\u0117t\u0173 priimti tinkamus sprendimus.<\/strong>. <\/p>\n\n\n\n<p>Projekto aplinkoje yra \u012fvairi\u0173 suinteresuot\u0173j\u0173 \u0161ali\u0173, kurioms keliami skirtingi informacijos reikalavimai, o kiekvienai i\u0161 j\u0173 reikalingas skirtingas detalumo lygis. Toliau pateikti pavyzd\u017eiai rodo da\u017eniausiai pasitaikan\u010dias dvi prie\u0161ingybes.  <\/p>\n\n\n\n<p><strong>Portfelio lygis:<\/strong> Yra portfelio vadovai, kurie turi u\u017etikrinti, kad tinkami projektai b\u016bt\u0173 skirstomi pagal prioritetus ir jiems b\u016bt\u0173 skiriami tinkami i\u0161tekliai. Reikia nustatyti, kur yra \"butelio kakleliai\", ir valdyti projekt\u0173 vamzdynus.<\/p>\n\n\n\n<p><strong>Projekto lygis: <\/strong>Projekt\u0173 vadovai turi gauti \u017eemiausio lygio informacij\u0105, kad tur\u0117t\u0173 visus valdymo kintamuosius. Kita vertus, r\u0117m\u0117jai, per\u017ei\u016bros valdybos nariai ir generaliniai direktoriai turi gauti svarbi\u0105 esmin\u0119 informacij\u0105, kad gal\u0117t\u0173 priimti tinkamus sprendimus, susijusius su visa apiman\u010diu projekto valdymu.<\/p>\n\n\n\n<p>\"LeapLytics Advanced Project Management Reporting\" u\u017etikrina, kad b\u016bt\u0173 galima pateikti visas ataskaitas, nesvarbu, kokios suinteresuotosios \u0161alys ar agregavimo lygis. Integruojant informacijos proces\u0105, visa informacija surenkama \u017eemiausiu lygmeniu ir apibendrinama pagal vis\u0173 galim\u0173 gav\u0117j\u0173 poreikius.<\/p>\n\n\n\n<p>Pateikiame du projekto b\u016bsenos ataskait\u0173 teikimo pavyzd\u017eius, kuriuos galima \u012fgyvendinti naudojant m\u016bs\u0173 \"LeapLytics Extension Suite for QlikSense\". \u0160iuose prietais\u0173 skydeliuose naudojamas pagrindinis duomen\u0173 modelis, kuris atitinka standartines PMI projekt\u0173 valdymo taisykles. Tokiu b\u016bdu visos \u012fmon\u0117s projekt\u0173 ataskaitas galima pateikti suderintai, efektyviai ir patogiai.<\/p>\n\n\n\n<h2 class=\"wp-block-heading\" id=\"project-status-report-qlik-sense\">Projekto b\u016bsenos ataskaita \"Qlik Sense<\/h2>\n\n\n\n<p>Pagrindin\u0117 projekto b\u016bsenos ataskaita yra vienas i\u0161 \"Qlik Sense\" projekt\u0173 valdymo prietais\u0173 skydelio pavyzd\u017ei\u0173, kuriame naudotojas gali pasirinkti special\u0173 projekt\u0105 ir ataskaitos dat\u0105. Jis gauna vis\u0105 reikiam\u0105 informacij\u0105, pateikiam\u0105 trij\u0173 stulpeli\u0173 i\u0161d\u0117styme su atitinkamais pagrindiniais duomenimis antra\u0161t\u0117je. Pagrindin\u0117s funkcijos yra \u0161ios <a href=\"https:\/\/www.leaplytics.de\/lt\/extensions\/traffic-light\/\">\u0160viesoforas<\/a> ir <a href=\"https:\/\/www.leaplytics.de\/lt\/extensions\/risk-heatmap-extension-for-qliksense\/\">Rizikos matrica<\/a>.<\/p>\n\n\n\n<figure class=\"wp-block-image size-large\"><img loading=\"lazy\" decoding=\"async\" width=\"1024\" height=\"600\" src=\"https:\/\/www.leaplytics.de\/wp-content\/uploads\/2021\/11\/Laptop-with-Dashboard-Page2-1024x600.png\" alt=\"\" class=\"wp-image-2407\" srcset=\"https:\/\/www.leaplytics.de\/wp-content\/uploads\/2021\/11\/Laptop-with-Dashboard-Page2-1024x600.png 1024w, https:\/\/www.leaplytics.de\/wp-content\/uploads\/2021\/11\/Laptop-with-Dashboard-Page2-300x176.png 300w, https:\/\/www.leaplytics.de\/wp-content\/uploads\/2021\/11\/Laptop-with-Dashboard-Page2-768x450.png 768w, https:\/\/www.leaplytics.de\/wp-content\/uploads\/2021\/11\/Laptop-with-Dashboard-Page2-1536x901.png 1536w, https:\/\/www.leaplytics.de\/wp-content\/uploads\/2021\/11\/Laptop-with-Dashboard-Page2-2048x1201.png 2048w, https:\/\/www.leaplytics.de\/wp-content\/uploads\/2021\/11\/Laptop-with-Dashboard-Page2-102x60.png 102w\" sizes=\"auto, (max-width: 1024px) 100vw, 1024px\" \/><figcaption class=\"wp-element-caption\">Projekt\u0173 valdymo prietais\u0173 skydelis \"Qlik Sense<\/figcaption><\/figure>\n\n\n\n<p>Pagrindin\u0117s projekto b\u016bsenos ataskaitos variantas pakei\u010dia i\u0161d\u0117stym\u0105 \u012f horizontal\u0173j\u012f vaizd\u0105 ir prideda pagrindin\u0119 funkcij\u0105 - etap\u0173 vaizd\u0105, kad b\u016bt\u0173 galima ap\u017evelgti atitinkamus etapus ir j\u0173 pasiekimo tikslus.<\/p>\n\n\n\n<figure class=\"wp-block-image size-large\"><img loading=\"lazy\" decoding=\"async\" width=\"1024\" height=\"602\" src=\"https:\/\/www.leaplytics.de\/wp-content\/uploads\/2021\/11\/Laptop-with-Dashboard-Page3-1024x602.png\" alt=\"\" class=\"wp-image-2408\" srcset=\"https:\/\/www.leaplytics.de\/wp-content\/uploads\/2021\/11\/Laptop-with-Dashboard-Page3-1024x602.png 1024w, https:\/\/www.leaplytics.de\/wp-content\/uploads\/2021\/11\/Laptop-with-Dashboard-Page3-300x176.png 300w, https:\/\/www.leaplytics.de\/wp-content\/uploads\/2021\/11\/Laptop-with-Dashboard-Page3-768x451.png 768w, https:\/\/www.leaplytics.de\/wp-content\/uploads\/2021\/11\/Laptop-with-Dashboard-Page3-1536x903.png 1536w, https:\/\/www.leaplytics.de\/wp-content\/uploads\/2021\/11\/Laptop-with-Dashboard-Page3-2048x1204.png 2048w, https:\/\/www.leaplytics.de\/wp-content\/uploads\/2021\/11\/Laptop-with-Dashboard-Page3-102x60.png 102w\" sizes=\"auto, (max-width: 1024px) 100vw, 1024px\" \/><figcaption class=\"wp-element-caption\">Projekt\u0173 valdymo prietais\u0173 skydelis \"Qlik Sense<\/figcaption><\/figure>\n\n\n\n<p>M\u016bs\u0173 pl\u0117tinys taip pat gali b\u016bti naudojamas visa apiman\u010diose portfelio prietais\u0173 skydeliuose.<\/p>\n\n\n\n<figure class=\"wp-block-image size-large\"><img loading=\"lazy\" decoding=\"async\" width=\"1024\" height=\"599\" src=\"https:\/\/www.leaplytics.de\/wp-content\/uploads\/2021\/11\/Laptop-with-Dashboard-Page1-1024x599.png\" alt=\"\" class=\"wp-image-2406\" srcset=\"https:\/\/www.leaplytics.de\/wp-content\/uploads\/2021\/11\/Laptop-with-Dashboard-Page1-1024x599.png 1024w, https:\/\/www.leaplytics.de\/wp-content\/uploads\/2021\/11\/Laptop-with-Dashboard-Page1-300x175.png 300w, https:\/\/www.leaplytics.de\/wp-content\/uploads\/2021\/11\/Laptop-with-Dashboard-Page1-768x449.png 768w, https:\/\/www.leaplytics.de\/wp-content\/uploads\/2021\/11\/Laptop-with-Dashboard-Page1-1536x898.png 1536w, https:\/\/www.leaplytics.de\/wp-content\/uploads\/2021\/11\/Laptop-with-Dashboard-Page1-2048x1198.png 2048w, https:\/\/www.leaplytics.de\/wp-content\/uploads\/2021\/11\/Laptop-with-Dashboard-Page1-103x60.png 103w\" sizes=\"auto, (max-width: 1024px) 100vw, 1024px\" \/><figcaption class=\"wp-element-caption\">Projekt\u0173 portfelio prietais\u0173 skydelis \"Qlik Sense<\/figcaption><\/figure>\n\n\n\n<p>Jei jums \u012fdomu, k\u0105 tai reik\u0161t\u0173 j\u016bs\u0173 projekt\u0173 valdymo aplinkai, mielai susitarsime su jumis d\u0117l pokalbio. Tokiu atveju arba jei turite klausim\u0173 d\u0117l informacijos apie detales, diegim\u0105 ir kainas, prane\u0161kite mums, o mes susisieksime su jumis per trump\u0105 laik\u0105:<\/p>\n\n\n<div class=\"wpforms-container wpforms-container-full\" id=\"wpforms-10645\"><form id=\"wpforms-form-10645\" class=\"wpforms-validate wpforms-form wpforms-ajax-form\" data-formid=\"10645\" method=\"post\" enctype=\"multipart\/form-data\" action=\"\/lt\/wp-json\/wp\/v2\/pages\/799\" data-token=\"28f3ef07fd5c71083e51fe95017e2f15\" data-token-time=\"1775951260\" data-trp-original-action=\"\/lt\/wp-json\/wp\/v2\/pages\/799\"><noscript class=\"wpforms-error-noscript\">Nor\u0117dami u\u017epildyti \u0161i\u0105 form\u0105, nar\u0161ykl\u0117je \u012fjunkite \"JavaScript\".<\/noscript><div class=\"wpforms-field-container\"><div id=\"wpforms-10645-field_0-container\" class=\"wpforms-field wpforms-field-name\" data-field-id=\"0\"><label class=\"wpforms-field-label\">Pavadinimas <span class=\"wpforms-required-label\">*<\/span><\/label><div class=\"wpforms-field-row wpforms-field-medium\"><div class=\"wpforms-field-row-block wpforms-first wpforms-one-half\"><input type=\"text\" id=\"wpforms-10645-field_0\" class=\"wpforms-field-name-first wpforms-field-required\" name=\"wpforms[fields][0][first]\" required><label for=\"wpforms-10645-field_0\" class=\"wpforms-field-sublabel after\">Pirmasis<\/label><\/div><div class=\"wpforms-field-row-block wpforms-one-half\"><input type=\"text\" id=\"wpforms-10645-field_0-last\" class=\"wpforms-field-name-last wpforms-field-required\" name=\"wpforms[fields][0][last]\" required><label for=\"wpforms-10645-field_0-last\" class=\"wpforms-field-sublabel after\">Paskutinis<\/label><\/div><\/div><\/div><div id=\"wpforms-10645-field_1-container\" class=\"wpforms-field wpforms-field-email\" data-field-id=\"1\"><label class=\"wpforms-field-label\" for=\"wpforms-10645-field_1\">El. pa\u0161tas <span class=\"wpforms-required-label\">*<\/span><\/label><input type=\"email\" id=\"wpforms-10645-field_1\" class=\"wpforms-field-medium wpforms-field-required\" data-rule-restricted-email=\"1\" name=\"wpforms[fields][1]\" spellcheck=\"false\" required><\/div><div id=\"wpforms-10645-field_3-container\" class=\"wpforms-field wpforms-field-text\" data-field-id=\"3\"><label class=\"wpforms-field-label\" for=\"wpforms-10645-field_3\">\u012emon\u0117 <span class=\"wpforms-required-label\">*<\/span><\/label><input type=\"text\" id=\"wpforms-10645-field_3\" class=\"wpforms-field-medium wpforms-field-required\" name=\"wpforms[fields][3]\" required><\/div><div id=\"wpforms-10645-field_2-container\" class=\"wpforms-field wpforms-field-textarea\" data-field-id=\"2\"><label class=\"wpforms-field-label\" for=\"wpforms-10645-field_2\">Komentaras arba \u017einut\u0117<\/label><textarea id=\"wpforms-10645-field_2\" class=\"wpforms-field-medium\" name=\"wpforms[fields][2]\" ><\/textarea><\/div><div id=\"wpforms-10645-field_4-container\" class=\"wpforms-field wpforms-field-gdpr-checkbox\" data-field-id=\"4\"><label class=\"wpforms-field-label\">BDAR susitarimas <span class=\"wpforms-required-label\">*<\/span><\/label><ul id=\"wpforms-10645-field_4\" class=\"wpforms-field-required\"><li class=\"choice-1\"><input type=\"checkbox\" id=\"wpforms-10645-field_4_1\" name=\"wpforms[fields][4][]\" value=\"I consent to having this website store my submitted information so they can respond to my inquiry.\" required><label class=\"wpforms-field-label-inline\" for=\"wpforms-10645-field_4_1\">Sutinku, kad \u0161i svetain\u0117 saugot\u0173 mano pateikt\u0105 informacij\u0105, kad gal\u0117t\u0173 atsakyti \u012f mano u\u017eklaus\u0105.<\/label><\/li><\/ul><\/div><\/div><!-- .wpforms-field-container --><div class=\"wpforms-recaptcha-container wpforms-is-recaptcha wpforms-is-recaptcha-type-v3\" ><input type=\"hidden\" name=\"wpforms[recaptcha]\" value=\"\"><\/div><div class=\"wpforms-submit-container\" ><input type=\"hidden\" name=\"wpforms[id]\" value=\"10645\"><input type=\"hidden\" name=\"page_title\" value=\"\"><input type=\"hidden\" name=\"page_url\" value=\"https:\/\/www.leaplytics.de\/lt\/wp-json\/wp\/v2\/pages\/799\"><input type=\"hidden\" name=\"url_referer\" value=\"\"><button type=\"submit\" name=\"wpforms[submit]\" id=\"wpforms-submit-10645\" class=\"wpforms-submit\" data-alt-text=\"Sending...\" data-submit-text=\"Submit\" aria-live=\"assertive\" value=\"wpforms-submit\">Pateikti<\/button><img loading=\"lazy\" decoding=\"async\" src=\"https:\/\/www.leaplytics.de\/wp-content\/plugins\/wpforms-lite\/assets\/images\/submit-spin.svg\" class=\"wpforms-submit-spinner\" style=\"display: none;\" width=\"26\" height=\"26\" alt=\"Pakrovimas\"><\/div><input type=\"hidden\" name=\"trp-form-language\" value=\"lt\"\/><\/form><\/div>  <!-- .wpforms-container -->","protected":false},"excerpt":{"rendered":"<p>Prietais\u0173 skydelis Projekt\u0173 valdymo prietais\u0173 skydelis \"Qlik Sense\" vadovaujasi paprasta taisykle: atsakingiems asmenims vienu \u017evilgsniu parodyti reikiam\u0105 projekto informacij\u0105 tinkamu apibendrinimu, kad jie gal\u0117t\u0173 priimti tinkamus sprendimus. Projekto aplinkoje yra \u012fvairi\u0173 suinteresuot\u0173j\u0173 \u0161ali\u0173, kurioms keliami skirtingi informacijos reikalavimai, ir kiekvienai i\u0161 j\u0173 reikalingas skirtingas detalumo lygis. Tod\u0117l, kad ... <\/p>","protected":false},"author":1,"featured_media":0,"parent":111,"menu_order":0,"comment_status":"closed","ping_status":"closed","template":"","meta":{"footnotes":""},"class_list":["post-799","page","type-page","status-publish","hentry","latest_post"],"_links":{"self":[{"href":"https:\/\/www.leaplytics.de\/lt\/wp-json\/wp\/v2\/pages\/799","targetHints":{"allow":["GET"]}}],"collection":[{"href":"https:\/\/www.leaplytics.de\/lt\/wp-json\/wp\/v2\/pages"}],"about":[{"href":"https:\/\/www.leaplytics.de\/lt\/wp-json\/wp\/v2\/types\/page"}],"author":[{"embeddable":true,"href":"https:\/\/www.leaplytics.de\/lt\/wp-json\/wp\/v2\/users\/1"}],"replies":[{"embeddable":true,"href":"https:\/\/www.leaplytics.de\/lt\/wp-json\/wp\/v2\/comments?post=799"}],"version-history":[{"count":3,"href":"https:\/\/www.leaplytics.de\/lt\/wp-json\/wp\/v2\/pages\/799\/revisions"}],"predecessor-version":[{"id":13668,"href":"https:\/\/www.leaplytics.de\/lt\/wp-json\/wp\/v2\/pages\/799\/revisions\/13668"}],"up":[{"embeddable":true,"href":"https:\/\/www.leaplytics.de\/lt\/wp-json\/wp\/v2\/pages\/111"}],"wp:attachment":[{"href":"https:\/\/www.leaplytics.de\/lt\/wp-json\/wp\/v2\/media?parent=799"}],"curies":[{"name":"wp","href":"https:\/\/api.w.org\/{rel}","templated":true}]}}