{"id":8471,"date":"2022-06-07T22:47:30","date_gmt":"2022-06-07T20:47:30","guid":{"rendered":"https:\/\/www.leaplytics.de\/?page_id=8471"},"modified":"2022-06-08T11:19:35","modified_gmt":"2022-06-08T09:19:35","slug":"kaip-aktyvuoti-licencija-microsoft-power-bi","status":"publish","type":"page","link":"https:\/\/www.leaplytics.de\/lt\/kaip-aktyvuoti-licencija-microsoft-power-bi\/","title":{"rendered":"Kaip: aktyvuoti \"Microsoft Power BI\" licencij\u0105"},"content":{"rendered":"<p>Gavote licencijos rakt\u0105 ir norite prad\u0117ti. Ta\u010diau kur j\u012f reikia \u012fd\u0117ti? Tai paai\u0161kinsime \u010dia.<\/p>\n\n\n\n<h2 class=\"wp-block-heading\">\"Power BI Web<\/h2>\n\n\n\n<div class=\"wp-block-columns is-layout-flex wp-container-core-columns-is-layout-1 wp-block-columns-is-layout-flex\">\n<div class=\"wp-block-column is-layout-flow wp-block-column-is-layout-flow\">\n<p>Redaktoriaus re\u017eimu pirmiausia spustel\u0117kite m\u016bs\u0173 vizualizacij\u0105. Tada \u0161onin\u0117je juostoje atsivers m\u016bs\u0173 vizualizacijos nustatym\u0173 parinktys. Spustel\u0117kite \"Format\". Tai antroji piktograma i\u0161 kair\u0117s. Ji atrodo kaip riedantis teptukas.<\/p>\n<\/div>\n\n\n\n<div class=\"wp-block-column is-layout-flow wp-block-column-is-layout-flow\">\n<figure class=\"wp-block-gallery has-nested-images columns-default is-cropped wp-block-gallery-1 is-layout-flex wp-block-gallery-is-layout-flex\">\n<figure class=\"wp-block-image size-large\"><img loading=\"lazy\" decoding=\"async\" width=\"322\" height=\"357\" src=\"https:\/\/www.leaplytics.de\/wp-content\/uploads\/2022\/06\/grafik.png\" alt=\"\" class=\"wp-image-8472\" srcset=\"https:\/\/www.leaplytics.de\/wp-content\/uploads\/2022\/06\/grafik.png 322w, https:\/\/www.leaplytics.de\/wp-content\/uploads\/2022\/06\/grafik-271x300.png 271w, https:\/\/www.leaplytics.de\/wp-content\/uploads\/2022\/06\/grafik-54x60.png 54w\" sizes=\"auto, (max-width: 322px) 100vw, 322px\" \/><\/figure>\n<\/figure>\n<\/div>\n<\/div>\n\n\n\n<div class=\"wp-block-columns is-layout-flex wp-container-core-columns-is-layout-2 wp-block-columns-is-layout-flex\">\n<div class=\"wp-block-column is-layout-flow wp-block-column-is-layout-flow\">\n<figure class=\"wp-block-image size-full\"><img loading=\"lazy\" decoding=\"async\" width=\"314\" height=\"636\" src=\"https:\/\/www.leaplytics.de\/wp-content\/uploads\/2022\/06\/grafik-1.png\" alt=\"\" class=\"wp-image-8476\" srcset=\"https:\/\/www.leaplytics.de\/wp-content\/uploads\/2022\/06\/grafik-1.png 314w, https:\/\/www.leaplytics.de\/wp-content\/uploads\/2022\/06\/grafik-1-148x300.png 148w, https:\/\/www.leaplytics.de\/wp-content\/uploads\/2022\/06\/grafik-1-30x60.png 30w\" sizes=\"auto, (max-width: 314px) 100vw, 314px\" \/><\/figure>\n<\/div>\n\n\n\n<div class=\"wp-block-column is-layout-flow wp-block-column-is-layout-flow\">\n<p>Dabar matysite kelis i\u0161skleid\u017eiamus meniu. Viename i\u0161 j\u0173 yra u\u017era\u0161as \"Licencija\". Spustel\u0117kite j\u012f ir \u017eemiau atsiras teksto laukas, kuriame gal\u0117site \u012fvesti savo licencij\u0105.<\/p>\n\n\n\n<p>Atlikta! Licencija aktyvuota ir visi apribojimai i\u0161nyko. Dabar galite prad\u0117ti!<\/p>\n<\/div>\n<\/div>\n\n\n\n<h2 class=\"wp-block-heading\">\"Power BI Desktop<\/h2>\n\n\n\n<div class=\"wp-block-columns is-layout-flex wp-container-core-columns-is-layout-3 wp-block-columns-is-layout-flex\">\n<div class=\"wp-block-column is-layout-flow wp-block-column-is-layout-flow\">\n<p>Redaktoriaus re\u017eimu pirmiausia spustel\u0117kite m\u016bs\u0173 vizualizacij\u0105. Tada \u0161onin\u0117je juostoje atsivers m\u016bs\u0173 vizualizacijos nustatym\u0173 parinktys. Spustel\u0117kite \"Format your visual\" (formatuoti vizualizacij\u0105). Tai antroji piktograma i\u0161 kair\u0117s. Ji atrodo kaip stulpelin\u0117 diagrama su da\u017e\u0173 teptuku.<\/p>\n<\/div>\n\n\n\n<div class=\"wp-block-column is-layout-flow wp-block-column-is-layout-flow\">\n<figure class=\"wp-block-image size-full\"><img loading=\"lazy\" decoding=\"async\" width=\"301\" height=\"348\" src=\"https:\/\/www.leaplytics.de\/wp-content\/uploads\/2022\/06\/grafik-2.png\" alt=\"\" class=\"wp-image-8477\" srcset=\"https:\/\/www.leaplytics.de\/wp-content\/uploads\/2022\/06\/grafik-2.png 301w, https:\/\/www.leaplytics.de\/wp-content\/uploads\/2022\/06\/grafik-2-259x300.png 259w, https:\/\/www.leaplytics.de\/wp-content\/uploads\/2022\/06\/grafik-2-52x60.png 52w\" sizes=\"auto, (max-width: 301px) 100vw, 301px\" \/><\/figure>\n<\/div>\n<\/div>\n\n\n\n<div class=\"wp-block-columns is-layout-flex wp-container-core-columns-is-layout-4 wp-block-columns-is-layout-flex\">\n<div class=\"wp-block-column is-layout-flow wp-block-column-is-layout-flow\">\n<figure class=\"wp-block-image size-full\"><img loading=\"lazy\" decoding=\"async\" width=\"252\" height=\"410\" src=\"https:\/\/www.leaplytics.de\/wp-content\/uploads\/2022\/06\/grafik-3.png\" alt=\"\" class=\"wp-image-8478\" srcset=\"https:\/\/www.leaplytics.de\/wp-content\/uploads\/2022\/06\/grafik-3.png 252w, https:\/\/www.leaplytics.de\/wp-content\/uploads\/2022\/06\/grafik-3-184x300.png 184w, https:\/\/www.leaplytics.de\/wp-content\/uploads\/2022\/06\/grafik-3-37x60.png 37w\" sizes=\"auto, (max-width: 252px) 100vw, 252px\" \/><\/figure>\n<\/div>\n\n\n\n<div class=\"wp-block-column is-layout-flow wp-block-column-is-layout-flow\">\n<p>Dabar matysite kelis i\u0161skleid\u017eiamus meniu. Viename i\u0161 j\u0173 yra u\u017era\u0161as \"Licencija\". Spustel\u0117kite j\u012f ir \u017eemiau atsiras teksto laukas, kuriame gal\u0117site \u012fvesti savo licencij\u0105.<\/p>\n\n\n\n<p>Atlikta! Licencija aktyvuota ir visi apribojimai i\u0161nyko.<\/p>\n<\/div>\n<\/div>","protected":false},"excerpt":{"rendered":"<p>Gavote licencijos rakt\u0105 ir norite prad\u0117ti. Ta\u010diau kur j\u012f reikia \u012fd\u0117ti? Tai paai\u0161kinsime \u010dia. Power BI Web Redaktoriaus re\u017eimu pirmiausia spustel\u0117kite m\u016bs\u0173 vizualizacij\u0105. Tada \u0161onin\u0117je juostoje atsivers m\u016bs\u0173 vizualizacijos nustatym\u0173 parinktys. Spustel\u0117kite \"Format\" (formatuoti). Tai yra antrasis ... <\/p>","protected":false},"author":2,"featured_media":0,"parent":0,"menu_order":0,"comment_status":"closed","ping_status":"closed","template":"","meta":{"footnotes":""},"class_list":["post-8471","page","type-page","status-publish","hentry","latest_post"],"_links":{"self":[{"href":"https:\/\/www.leaplytics.de\/lt\/wp-json\/wp\/v2\/pages\/8471","targetHints":{"allow":["GET"]}}],"collection":[{"href":"https:\/\/www.leaplytics.de\/lt\/wp-json\/wp\/v2\/pages"}],"about":[{"href":"https:\/\/www.leaplytics.de\/lt\/wp-json\/wp\/v2\/types\/page"}],"author":[{"embeddable":true,"href":"https:\/\/www.leaplytics.de\/lt\/wp-json\/wp\/v2\/users\/2"}],"replies":[{"embeddable":true,"href":"https:\/\/www.leaplytics.de\/lt\/wp-json\/wp\/v2\/comments?post=8471"}],"version-history":[{"count":0,"href":"https:\/\/www.leaplytics.de\/lt\/wp-json\/wp\/v2\/pages\/8471\/revisions"}],"wp:attachment":[{"href":"https:\/\/www.leaplytics.de\/lt\/wp-json\/wp\/v2\/media?parent=8471"}],"curies":[{"name":"wp","href":"https:\/\/api.w.org\/{rel}","templated":true}]}}