{"id":8802,"date":"2022-06-21T15:46:12","date_gmt":"2022-06-21T13:46:12","guid":{"rendered":"https:\/\/www.leaplytics.de\/?page_id=8802"},"modified":"2022-06-21T15:46:13","modified_gmt":"2022-06-21T13:46:13","slug":"demonstracine-versija","status":"publish","type":"page","link":"https:\/\/www.leaplytics.de\/lt\/demonstracine-versija\/","title":{"rendered":"U\u017esisakykite demonstracij\u0105"},"content":{"rendered":"<p>Turite klausim\u0173 arba norite, kad m\u016bs\u0173 vizualizacijos galimyb\u0117s b\u016bt\u0173 pademonstruotos? Tuomet susitarkite su mumis d\u0117l susitikimo dabar!<\/p>\n<p>Laukiame internetinio pokalbio su jumis.<\/p>\n<p><!-- Start of Meetings Embed Script --><\/p>\n<div class=\"meetings-iframe-container\" data-src=\"https:\/\/meetings-eu1.hubspot.com\/stefan-preusler?embed=true\"><\/div>\n<p><script type=\"text\/javascript\" src=\"https:\/\/static.hsappstatic.net\/MeetingsEmbed\/ex\/MeetingsEmbedCode.js\"><\/script><br \/>\n<!-- End of Meetings Embed Script --><\/p>","protected":false},"excerpt":{"rendered":"<p>Turite klausim\u0173 arba norite, kad m\u016bs\u0173 vizualizacijos galimyb\u0117s b\u016bt\u0173 pademonstruotos? Tuomet susitarkite su mumis d\u0117l susitikimo dabar! Laukiame internetinio pokalbio su jumis.<\/p>","protected":false},"author":2,"featured_media":0,"parent":0,"menu_order":0,"comment_status":"closed","ping_status":"closed","template":"","meta":{"footnotes":""},"class_list":["post-8802","page","type-page","status-publish","hentry","latest_post"],"_links":{"self":[{"href":"https:\/\/www.leaplytics.de\/lt\/wp-json\/wp\/v2\/pages\/8802","targetHints":{"allow":["GET"]}}],"collection":[{"href":"https:\/\/www.leaplytics.de\/lt\/wp-json\/wp\/v2\/pages"}],"about":[{"href":"https:\/\/www.leaplytics.de\/lt\/wp-json\/wp\/v2\/types\/page"}],"author":[{"embeddable":true,"href":"https:\/\/www.leaplytics.de\/lt\/wp-json\/wp\/v2\/users\/2"}],"replies":[{"embeddable":true,"href":"https:\/\/www.leaplytics.de\/lt\/wp-json\/wp\/v2\/comments?post=8802"}],"version-history":[{"count":0,"href":"https:\/\/www.leaplytics.de\/lt\/wp-json\/wp\/v2\/pages\/8802\/revisions"}],"wp:attachment":[{"href":"https:\/\/www.leaplytics.de\/lt\/wp-json\/wp\/v2\/media?parent=8802"}],"curies":[{"name":"wp","href":"https:\/\/api.w.org\/{rel}","templated":true}]}}