{"id":8873,"date":"2022-06-25T15:01:05","date_gmt":"2022-06-25T13:01:05","guid":{"rendered":"https:\/\/www.leaplytics.de\/?page_id=8873"},"modified":"2024-09-13T15:22:46","modified_gmt":"2024-09-13T13:22:46","slug":"pasirinktines-spalvos-rizikos-silumos-zemelapio-matricos-galia-bi","status":"publish","type":"page","link":"https:\/\/www.leaplytics.de\/lt\/pasirinktines-spalvos-rizikos-silumos-zemelapio-matricos-galia-bi\/","title":{"rendered":"Pasirinktin\u0117s spalvos ir a\u0161i\u0173 etiket\u0117s"},"content":{"rendered":"<p>Ar norite sukurti rizikos \u017eem\u0117lap\u012f \/ matric\u0105 su skirtingomis spalvomis ir a\u0161i\u0173 etiket\u0117mis? M\u016bs\u0173 maketavimo dizaineris pad\u0117s jums pritaikyti visus reikiamus elementus!<\/p>\n\n\n\n<div class=\"wp-block-buttons is-content-justification-center is-layout-flex wp-container-core-buttons-is-layout-1 wp-block-buttons-is-layout-flex\">\n<div class=\"wp-block-button\"><a class=\"wp-block-button__link has-text-align-center wp-element-button\" href=\"https:\/\/www.leaplytics.de\/lt\/custom-colors\/\">Eiti \u012f maket\u0173 dizainer\u012f<\/a><\/div>\n<\/div>","protected":false},"excerpt":{"rendered":"<p>Ar norite sukurti rizikos \u017eem\u0117lap\u012f \/ matric\u0105 su skirtingomis spalvomis ir a\u0161i\u0173 etiket\u0117mis? M\u016bs\u0173 maketavimo dizaineris pad\u0117s jums pritaikyti visus reikiamus elementus!<\/p>","protected":false},"author":2,"featured_media":0,"parent":0,"menu_order":0,"comment_status":"closed","ping_status":"closed","template":"","meta":{"footnotes":""},"class_list":["post-8873","page","type-page","status-publish","hentry","latest_post"],"_links":{"self":[{"href":"https:\/\/www.leaplytics.de\/lt\/wp-json\/wp\/v2\/pages\/8873","targetHints":{"allow":["GET"]}}],"collection":[{"href":"https:\/\/www.leaplytics.de\/lt\/wp-json\/wp\/v2\/pages"}],"about":[{"href":"https:\/\/www.leaplytics.de\/lt\/wp-json\/wp\/v2\/types\/page"}],"author":[{"embeddable":true,"href":"https:\/\/www.leaplytics.de\/lt\/wp-json\/wp\/v2\/users\/2"}],"replies":[{"embeddable":true,"href":"https:\/\/www.leaplytics.de\/lt\/wp-json\/wp\/v2\/comments?post=8873"}],"version-history":[{"count":5,"href":"https:\/\/www.leaplytics.de\/lt\/wp-json\/wp\/v2\/pages\/8873\/revisions"}],"predecessor-version":[{"id":13562,"href":"https:\/\/www.leaplytics.de\/lt\/wp-json\/wp\/v2\/pages\/8873\/revisions\/13562"}],"wp:attachment":[{"href":"https:\/\/www.leaplytics.de\/lt\/wp-json\/wp\/v2\/media?parent=8873"}],"curies":[{"name":"wp","href":"https:\/\/api.w.org\/{rel}","templated":true}]}}