{"id":9141,"date":"2022-07-21T14:51:23","date_gmt":"2022-07-21T12:51:23","guid":{"rendered":"https:\/\/www.leaplytics.de\/?page_id=9141"},"modified":"2022-07-21T14:51:24","modified_gmt":"2022-07-21T12:51:24","slug":"persidengiantis-tekstas-skirtas-rizikos-silumos-zemelapio-matricai-galia-bi","status":"publish","type":"page","link":"https:\/\/www.leaplytics.de\/lt\/persidengiantis-tekstas-skirtas-rizikos-silumos-zemelapio-matricai-galia-bi\/","title":{"rendered":"Persidengiantis tekstas"},"content":{"rendered":"<p>Rizikos tekstai yra ilgi ir persidengia vizualizacijoje? Surinkome jums kelet\u0105 sprendim\u0173.<\/p>\n\n\n\n<h3 class=\"wp-block-heading\">\u017denkl\u0173 skai\u010diaus apribojimas<\/h3>\n\n\n\n<p>Be to, galima apriboti dimensijos ar stulpelio simboli\u0173 skai\u010di\u0173. Tai leid\u017eia individualiai nustatyti eilut\u0117s ilg\u012f, kad rizika vis dar b\u016bt\u0173 \u012fskaitoma.<\/p>\n\n\n\n<div class=\"wp-block-columns is-layout-flex wp-container-core-columns-is-layout-1 wp-block-columns-is-layout-flex\">\n<div class=\"wp-block-column is-layout-flow wp-block-column-is-layout-flow\" style=\"flex-basis:66.66%\">\n<figure class=\"wp-block-image size-full\"><img loading=\"lazy\" decoding=\"async\" width=\"604\" height=\"446\" src=\"https:\/\/www.leaplytics.de\/wp-content\/uploads\/2022\/07\/grafik-8.png\" alt=\"\" class=\"wp-image-9159\" srcset=\"https:\/\/www.leaplytics.de\/wp-content\/uploads\/2022\/07\/grafik-8.png 604w, https:\/\/www.leaplytics.de\/wp-content\/uploads\/2022\/07\/grafik-8-300x222.png 300w, https:\/\/www.leaplytics.de\/wp-content\/uploads\/2022\/07\/grafik-8-570x420.png 570w, https:\/\/www.leaplytics.de\/wp-content\/uploads\/2022\/07\/grafik-8-81x60.png 81w\" sizes=\"auto, (max-width: 604px) 100vw, 604px\" \/><\/figure>\n<\/div>\n\n\n\n<div class=\"wp-block-column is-layout-flow wp-block-column-is-layout-flow\" style=\"flex-basis:33.33%\">\n<p>\u010cia rizikos apra\u0161ym\u0105 apribojome pirmaisiais a\u0161tuoniais \u017eenklais ir prid\u0117jome tris ta\u0161kus, kad b\u016bt\u0173 geriau \u012fskaitoma. I\u0161sam\u0173 apra\u0161ym\u0105 vis tiek galite matyti u\u017eved\u0119 pel\u0119.<\/p>\n<\/div>\n<\/div>\n\n\n\n<div class=\"wp-block-columns is-layout-flex wp-container-core-columns-is-layout-2 wp-block-columns-is-layout-flex\">\n<div class=\"wp-block-column is-layout-flow wp-block-column-is-layout-flow\" style=\"flex-basis:33.33%\">\n<p>Nor\u0117dami tai padaryti, pirmiausia spustel\u0117kite \"Power BI\" skirtuk\u0105 \"Modeliavimas\" ir spustel\u0117kite \"Naujas stulpelis\".<\/p>\n\n\n\n<p>Atidaromas DAX redaktorius.<\/p>\n<\/div>\n\n\n\n<div class=\"wp-block-column is-layout-flow wp-block-column-is-layout-flow\" style=\"flex-basis:66.66%\">\n<figure class=\"wp-block-image size-full\"><img loading=\"lazy\" decoding=\"async\" width=\"709\" height=\"616\" src=\"https:\/\/www.leaplytics.de\/wp-content\/uploads\/2022\/07\/grafik-9.png\" alt=\"\" class=\"wp-image-9160\" srcset=\"https:\/\/www.leaplytics.de\/wp-content\/uploads\/2022\/07\/grafik-9.png 709w, https:\/\/www.leaplytics.de\/wp-content\/uploads\/2022\/07\/grafik-9-300x261.png 300w, https:\/\/www.leaplytics.de\/wp-content\/uploads\/2022\/07\/grafik-9-69x60.png 69w\" sizes=\"auto, (max-width: 709px) 100vw, 709px\" \/><\/figure>\n<\/div>\n<\/div>\n\n\n\n<p>M\u016bs\u0173 pavyzdyje stulpelyje \"Apra\u0161ymas ilgas\" yra tekstas, kur\u012f norime sutrumpinti. Reikia atitinkamai pakoreguoti kod\u0105 pagal jo apra\u0161ym\u0105. Dabar \u0161iame pavyzdyje \u012fterpiame tok\u012f kod\u0105:<\/p>\n\n\n\n<pre class=\"wp-block-code\"><code>Apra\u0161ymas Short = CONCATENATE(LEFT([Apra\u0161ymas Long], 8),\"...\")<\/code><\/pre>\n\n\n\n<div class=\"wp-block-columns is-layout-flex wp-container-core-columns-is-layout-3 wp-block-columns-is-layout-flex\">\n<div class=\"wp-block-column is-layout-flow wp-block-column-is-layout-flow\" style=\"flex-basis:66.66%\">\n<figure class=\"wp-block-image size-full\"><img loading=\"lazy\" decoding=\"async\" width=\"634\" height=\"459\" src=\"https:\/\/www.leaplytics.de\/wp-content\/uploads\/2022\/07\/grafik-10.png\" alt=\"\" class=\"wp-image-9161\" srcset=\"https:\/\/www.leaplytics.de\/wp-content\/uploads\/2022\/07\/grafik-10.png 634w, https:\/\/www.leaplytics.de\/wp-content\/uploads\/2022\/07\/grafik-10-300x217.png 300w, https:\/\/www.leaplytics.de\/wp-content\/uploads\/2022\/07\/grafik-10-83x60.png 83w\" sizes=\"auto, (max-width: 634px) 100vw, 634px\" \/><\/figure>\n<\/div>\n\n\n\n<div class=\"wp-block-column is-layout-flow wp-block-column-is-layout-flow\" style=\"flex-basis:33.33%\">\n<p>Vidin\u0117 funkcija LEFT sutrumpina dimensij\u0105 iki pirm\u0173j\u0173 a\u0161tuoni\u0173 raid\u017ei\u0173 nuo prad\u017eios. Funkcija CONCATENATE sujungia sutrumpint\u0105 eilut\u0119 ir trij\u0173 ta\u0161k\u0173 \"...\".<\/p>\n<\/div>\n<\/div>\n\n\n\n<div class=\"wp-block-columns is-layout-flex wp-container-core-columns-is-layout-4 wp-block-columns-is-layout-flex\">\n<div class=\"wp-block-column is-layout-flow wp-block-column-is-layout-flow\" style=\"flex-basis:33.33%\">\n<p>Dabar naudojame stulpel\u012f \"Description Short\" ir priskiriame j\u012f vizualizavimo laukui \"Risk ID\".<\/p>\n<\/div>\n\n\n\n<div class=\"wp-block-column is-layout-flow wp-block-column-is-layout-flow\" style=\"flex-basis:66.66%\">\n<figure class=\"wp-block-image size-full\"><img loading=\"lazy\" decoding=\"async\" width=\"560\" height=\"639\" src=\"https:\/\/www.leaplytics.de\/wp-content\/uploads\/2022\/07\/grafik-11.png\" alt=\"\" class=\"wp-image-9162\" srcset=\"https:\/\/www.leaplytics.de\/wp-content\/uploads\/2022\/07\/grafik-11.png 560w, https:\/\/www.leaplytics.de\/wp-content\/uploads\/2022\/07\/grafik-11-263x300.png 263w, https:\/\/www.leaplytics.de\/wp-content\/uploads\/2022\/07\/grafik-11-53x60.png 53w\" sizes=\"auto, (max-width: 560px) 100vw, 560px\" \/><\/figure>\n<\/div>\n<\/div>\n\n\n\n<h3 class=\"wp-block-heading\">Sistemos vidinio rizikos ID naudojimas<\/h3>\n\n\n\n<div class=\"wp-block-columns is-layout-flex wp-container-core-columns-is-layout-5 wp-block-columns-is-layout-flex\">\n<div class=\"wp-block-column is-layout-flow wp-block-column-is-layout-flow\" style=\"flex-basis:66.66%\">\n<figure class=\"wp-block-image size-full\"><img loading=\"lazy\" decoding=\"async\" width=\"701\" height=\"510\" src=\"https:\/\/www.leaplytics.de\/wp-content\/uploads\/2022\/07\/grafik-1.png\" alt=\"\" class=\"wp-image-9145\" srcset=\"https:\/\/www.leaplytics.de\/wp-content\/uploads\/2022\/07\/grafik-1.png 701w, https:\/\/www.leaplytics.de\/wp-content\/uploads\/2022\/07\/grafik-1-300x218.png 300w, https:\/\/www.leaplytics.de\/wp-content\/uploads\/2022\/07\/grafik-1-82x60.png 82w\" sizes=\"auto, (max-width: 701px) 100vw, 701px\" \/><\/figure>\n<\/div>\n\n\n\n<div class=\"wp-block-column is-layout-flow wp-block-column-is-layout-flow\" style=\"flex-basis:33.33%\">\n<p>Tarkime, kad \u012f lauk\u0105 \"Rizikos ID\" \u012fk\u0117l\u0117te savo rizik\u0105. Dabar tekstai sutampa. Pirmoji galimyb\u0117 - vietoj ilgesnio rizikos apra\u0161ymo naudoti vidin\u012f sistemos rizikos ID, jei \u012fmanoma, o ne ilgesn\u012f rizikos apra\u0161ym\u0105. Tai da\u017enai turi ma\u017eiau simboli\u0173.<\/p>\n<\/div>\n<\/div>\n\n\n\n<div class=\"wp-block-columns is-layout-flex wp-container-core-columns-is-layout-6 wp-block-columns-is-layout-flex\">\n<div class=\"wp-block-column is-layout-flow wp-block-column-is-layout-flow\" style=\"flex-basis:33.33%\">\n<p>Vietoj ilgesnio apra\u0161ymo \u010dia naudojamas ID. Taip suma\u017einamas simboli\u0173 skai\u010dius ir jis tampa ai\u0161kesnis. Rizikos apra\u0161ym\u0105 dabar galima rodyti u\u017evedus pel\u0117s \u017eymekl\u012f ant burbulo.<\/p>\n<\/div>\n\n\n\n<div class=\"wp-block-column is-layout-flow wp-block-column-is-layout-flow\" style=\"flex-basis:66.66%\">\n<figure class=\"wp-block-image size-full\"><img loading=\"lazy\" decoding=\"async\" width=\"684\" height=\"519\" src=\"https:\/\/www.leaplytics.de\/wp-content\/uploads\/2022\/07\/grafik-3.png\" alt=\"\" class=\"wp-image-9147\" srcset=\"https:\/\/www.leaplytics.de\/wp-content\/uploads\/2022\/07\/grafik-3.png 684w, https:\/\/www.leaplytics.de\/wp-content\/uploads\/2022\/07\/grafik-3-300x228.png 300w, https:\/\/www.leaplytics.de\/wp-content\/uploads\/2022\/07\/grafik-3-370x280.png 370w, https:\/\/www.leaplytics.de\/wp-content\/uploads\/2022\/07\/grafik-3-79x60.png 79w\" sizes=\"auto, (max-width: 684px) 100vw, 684px\" \/><\/figure>\n<\/div>\n<\/div>\n\n\n\n<div class=\"wp-block-columns is-layout-flex wp-container-core-columns-is-layout-7 wp-block-columns-is-layout-flex\">\n<div class=\"wp-block-column is-layout-flow wp-block-column-is-layout-flow\" style=\"flex-basis:50%\">\n<figure class=\"wp-block-image size-full\"><img loading=\"lazy\" decoding=\"async\" width=\"562\" height=\"616\" src=\"https:\/\/www.leaplytics.de\/wp-content\/uploads\/2022\/07\/grafik-5.png\" alt=\"\" class=\"wp-image-9154\" srcset=\"https:\/\/www.leaplytics.de\/wp-content\/uploads\/2022\/07\/grafik-5.png 562w, https:\/\/www.leaplytics.de\/wp-content\/uploads\/2022\/07\/grafik-5-274x300.png 274w, https:\/\/www.leaplytics.de\/wp-content\/uploads\/2022\/07\/grafik-5-55x60.png 55w\" sizes=\"auto, (max-width: 562px) 100vw, 562px\" \/><\/figure>\n<\/div>\n\n\n\n<div class=\"wp-block-column is-layout-flow wp-block-column-is-layout-flow\" style=\"flex-basis:33.33%\">\n<p>Nor\u0117dami tai padaryti, stulpel\u012f arba matmen\u012f su ilgesniu tekstu perkelkite \u012f lauk\u0105 \"Tooltip (neprivaloma)\", o rizikos identifikatori\u0173 i\u0161 sistemos - \u012f lauk\u0105 \"Risk ID\".<\/p>\n<\/div>\n<\/div>\n\n\n\n<h3 class=\"wp-block-heading\">Suma\u017einti vienos plytel\u0117s rodom\u0173 rizik\u0173 skai\u010di\u0173<\/h3>\n\n\n\n<div class=\"wp-block-columns is-layout-flex wp-container-core-columns-is-layout-8 wp-block-columns-is-layout-flex\">\n<div class=\"wp-block-column is-layout-flow wp-block-column-is-layout-flow\" style=\"flex-basis:66.66%\">\n<figure class=\"wp-block-image size-full\"><img loading=\"lazy\" decoding=\"async\" width=\"708\" height=\"512\" src=\"https:\/\/www.leaplytics.de\/wp-content\/uploads\/2022\/07\/grafik-6.png\" alt=\"\" class=\"wp-image-9157\" srcset=\"https:\/\/www.leaplytics.de\/wp-content\/uploads\/2022\/07\/grafik-6.png 708w, https:\/\/www.leaplytics.de\/wp-content\/uploads\/2022\/07\/grafik-6-300x217.png 300w, https:\/\/www.leaplytics.de\/wp-content\/uploads\/2022\/07\/grafik-6-83x60.png 83w\" sizes=\"auto, (max-width: 708px) 100vw, 708px\" \/><\/figure>\n<\/div>\n\n\n\n<div class=\"wp-block-column is-layout-flow wp-block-column-is-layout-flow\" style=\"flex-basis:33.33%\">\n<p>Kita galimyb\u0117 - suma\u017einti rodom\u0173 pavoj\u0173 skai\u010di\u0173. I\u0161 prad\u017ei\u0173 tai \u012fgyvendinome tam, kad naudotojas gal\u0117t\u0173 suma\u017einti vienos plytel\u0117s rizik\u0173 skai\u010di\u0173. Visa, kas vir\u0161ija \u0161\u012f skai\u010di\u0173, bus rodoma kaip rizik\u0173 suma su deimantu priekyje.<\/p>\n<\/div>\n<\/div>\n\n\n\n<div class=\"wp-block-columns is-layout-flex wp-container-core-columns-is-layout-9 wp-block-columns-is-layout-flex\">\n<div class=\"wp-block-column is-layout-flow wp-block-column-is-layout-flow\" style=\"flex-basis:33.33%\">\n<p>\u0160iame pavyzdyje nustat\u0117me, kad rodom\u0173 rizik\u0173 skai\u010dius yra 1. Taigi, jei plytelei \u010dia priskiriama daugiau nei viena rizika, sudaroma ir rodoma suma.<\/p>\n<\/div>\n\n\n\n<div class=\"wp-block-column is-layout-flow wp-block-column-is-layout-flow\" style=\"flex-basis:66.66%\">\n<figure class=\"wp-block-image size-full\"><img loading=\"lazy\" decoding=\"async\" width=\"559\" height=\"615\" src=\"https:\/\/www.leaplytics.de\/wp-content\/uploads\/2022\/07\/grafik-7.png\" alt=\"\" class=\"wp-image-9158\" srcset=\"https:\/\/www.leaplytics.de\/wp-content\/uploads\/2022\/07\/grafik-7.png 559w, https:\/\/www.leaplytics.de\/wp-content\/uploads\/2022\/07\/grafik-7-273x300.png 273w, https:\/\/www.leaplytics.de\/wp-content\/uploads\/2022\/07\/grafik-7-55x60.png 55w\" sizes=\"auto, (max-width: 559px) 100vw, 559px\" \/><\/figure>\n<\/div>\n<\/div>","protected":false},"excerpt":{"rendered":"<p>Rizikos tekstai yra ilgi ir persidengia vizualizacijoje? Surinkome jums kelet\u0105 sprendim\u0173. \u017denkl\u0173 skai\u010diaus apribojimas Be to, galima apriboti \u017eenkl\u0173 skai\u010di\u0173 dimensijoje arba stulpelyje. Tai leid\u017eia individualiai nustatyti eilut\u0117s ilg\u012f, kad rizikos ... <\/p>","protected":false},"author":2,"featured_media":0,"parent":0,"menu_order":0,"comment_status":"closed","ping_status":"closed","template":"","meta":{"footnotes":""},"class_list":["post-9141","page","type-page","status-publish","hentry","latest_post"],"_links":{"self":[{"href":"https:\/\/www.leaplytics.de\/lt\/wp-json\/wp\/v2\/pages\/9141","targetHints":{"allow":["GET"]}}],"collection":[{"href":"https:\/\/www.leaplytics.de\/lt\/wp-json\/wp\/v2\/pages"}],"about":[{"href":"https:\/\/www.leaplytics.de\/lt\/wp-json\/wp\/v2\/types\/page"}],"author":[{"embeddable":true,"href":"https:\/\/www.leaplytics.de\/lt\/wp-json\/wp\/v2\/users\/2"}],"replies":[{"embeddable":true,"href":"https:\/\/www.leaplytics.de\/lt\/wp-json\/wp\/v2\/comments?post=9141"}],"version-history":[{"count":0,"href":"https:\/\/www.leaplytics.de\/lt\/wp-json\/wp\/v2\/pages\/9141\/revisions"}],"wp:attachment":[{"href":"https:\/\/www.leaplytics.de\/lt\/wp-json\/wp\/v2\/media?parent=9141"}],"curies":[{"name":"wp","href":"https:\/\/api.w.org\/{rel}","templated":true}]}}