{"id":9298,"date":"2022-08-01T18:12:55","date_gmt":"2022-08-01T16:12:55","guid":{"rendered":"https:\/\/www.leaplytics.de\/?page_id=9298"},"modified":"2024-10-29T10:26:15","modified_gmt":"2024-10-29T09:26:15","slug":"pradedame-dirbti-sviesoforas-galia-bi","status":"publish","type":"page","link":"https:\/\/www.leaplytics.de\/lt\/pradedame-dirbti-sviesoforas-galia-bi\/","title":{"rendered":"Darbo prad\u017eia - \"Traffic Light"},"content":{"rendered":"<p>K\u0105 tik su\u017einojote apie \"Power BI\" vaizdin\u0119 priemon\u0119 \"Traffic Light\" ir svarstote, k\u0105 daryti toliau?<\/p>\n\n\n\n<p>Tuomet patekote \u012f tinkam\u0105 viet\u0105! \u017dingsnis po \u017eingsnio vadove, kur\u012f palaiko m\u016bs\u0173 vaizdo pamokos, mes jums pad\u0117sime nustatyti ir pritaikyti m\u016bs\u0173 vaizdin\u012f.<\/p>\n\n\n\n<div style=\"height:40px\" aria-hidden=\"true\" class=\"wp-block-spacer\"><\/div>\n\n\n\n<h3 class=\"wp-block-heading\">1. Atsisi\u0173skite vaizdin\u0119<\/h3>\n\n\n\n<figure class=\"wp-block-embed is-type-video is-provider-youtube wp-block-embed-youtube wp-embed-aspect-16-9 wp-has-aspect-ratio\"><div class=\"wp-block-embed__wrapper\">\n<iframe loading=\"lazy\" title=\"Atsisi\u0173sti vadov\u0117l\u012f - &quot;LeapLytics Traffic Light for Power BI\" width=\"770\" height=\"433\" src=\"https:\/\/www.youtube.com\/embed\/_u8gc4RcyO0?feature=oembed\" frameborder=\"0\" allow=\"accelerometer; autoplay; clipboard-write; encrypted-media; gyroscope; picture-in-picture; web-share\" referrerpolicy=\"strict-origin-when-cross-origin\" allowfullscreen><\/iframe>\n<\/div><figcaption class=\"wp-element-caption\">Pirmiausia, \u017einoma, reikia atsisi\u0173sti \"Traffic Light\" vaizdin\u0119 med\u017eiag\u0105 i\u0161 \"Microsoft AppSource\". Savo vaizdo \u012fra\u0161e per 1 minut\u0119 paai\u0161kiname vis\u0105 atsisiuntimo proces\u0105.<\/figcaption><\/figure>\n\n\n\n<div style=\"height:40px\" aria-hidden=\"true\" class=\"wp-block-spacer\"><\/div>\n\n\n\n<h3 class=\"wp-block-heading\">2. Paruo\u0161kite duomenis<\/h3>\n\n\n\n<div class=\"wp-block-columns is-layout-flex wp-container-core-columns-is-layout-1 wp-block-columns-is-layout-flex\">\n<div class=\"wp-block-column is-layout-flow wp-block-column-is-layout-flow\"><div class=\"wp-block-image\">\n<figure class=\"alignleft size-full is-resized\"><img loading=\"lazy\" decoding=\"async\" width=\"2285\" height=\"1538\" src=\"https:\/\/www.leaplytics.de\/wp-content\/uploads\/2024\/08\/data-preparation.png\" alt=\"\" class=\"wp-image-13550\" style=\"width:389px;height:auto\" srcset=\"https:\/\/www.leaplytics.de\/wp-content\/uploads\/2024\/08\/data-preparation.png 2285w, https:\/\/www.leaplytics.de\/wp-content\/uploads\/2024\/08\/data-preparation-300x202.png 300w, https:\/\/www.leaplytics.de\/wp-content\/uploads\/2024\/08\/data-preparation-1024x689.png 1024w, https:\/\/www.leaplytics.de\/wp-content\/uploads\/2024\/08\/data-preparation-768x517.png 768w, https:\/\/www.leaplytics.de\/wp-content\/uploads\/2024\/08\/data-preparation-1536x1034.png 1536w, https:\/\/www.leaplytics.de\/wp-content\/uploads\/2024\/08\/data-preparation-2048x1378.png 2048w, https:\/\/www.leaplytics.de\/wp-content\/uploads\/2024\/08\/data-preparation-89x60.png 89w\" sizes=\"auto, (max-width: 2285px) 100vw, 2285px\" \/><\/figure><\/div><\/div>\n\n\n\n<div class=\"wp-block-column is-layout-flow wp-block-column-is-layout-flow\">\n<p>M\u016bs\u0173 \u0161viesoforui reikia skaitmenini\u0173, procentini\u0173 arba laiko ver\u010di\u0173 (pvz., datos), kad b\u016bt\u0173 galima nustatyti kiekvienos \u0161viesos spalvos intervalus.<\/p>\n\n\n\n<p>B\u016btinai pritaikykite dominan\u010dius duomenis prie vieno i\u0161 palaikom\u0173 duomen\u0173 format\u0173.<\/p>\n<\/div>\n<\/div>\n\n\n\n<div style=\"height:40px\" aria-hidden=\"true\" class=\"wp-block-spacer\"><\/div>\n\n\n\n<h3 class=\"wp-block-heading\">3. Duomen\u0173 ir licencij\u0173 importas<\/h3>\n\n\n\n<figure class=\"wp-block-embed is-type-video is-provider-youtube wp-block-embed-youtube wp-embed-aspect-16-9 wp-has-aspect-ratio\"><div class=\"wp-block-embed__wrapper\">\n<iframe loading=\"lazy\" title=\"Duomen\u0173 importas ir licencijos aktyvavimas - &quot;LeapLytics Traffic Light for Power BI\" width=\"770\" height=\"433\" src=\"https:\/\/www.youtube.com\/embed\/S1HhF9H03K0?feature=oembed\" frameborder=\"0\" allow=\"accelerometer; autoplay; clipboard-write; encrypted-media; gyroscope; picture-in-picture; web-share\" referrerpolicy=\"strict-origin-when-cross-origin\" allowfullscreen><\/iframe>\n<\/div><figcaption class=\"wp-element-caption\">Paruo\u0161us duomenis, metas juos importuoti \u012f \"Power BI\". \u0160iame vaizdo \u012fra\u0161e pad\u0117sime jums importuoti duomenis ir aktyvuoti licencijos kod\u0105.<\/figcaption><\/figure>\n\n\n<div class=\"wp-block-image\">\n<figure class=\"alignleft size-full is-resized\"><img loading=\"lazy\" decoding=\"async\" width=\"964\" height=\"1875\" src=\"https:\/\/www.leaplytics.de\/wp-content\/uploads\/2024\/08\/datalicense.png\" alt=\"\" class=\"wp-image-13551\" style=\"width:204px;height:auto\" srcset=\"https:\/\/www.leaplytics.de\/wp-content\/uploads\/2024\/08\/datalicense.png 964w, https:\/\/www.leaplytics.de\/wp-content\/uploads\/2024\/08\/datalicense-154x300.png 154w, https:\/\/www.leaplytics.de\/wp-content\/uploads\/2024\/08\/datalicense-526x1024.png 526w, https:\/\/www.leaplytics.de\/wp-content\/uploads\/2024\/08\/datalicense-768x1494.png 768w, https:\/\/www.leaplytics.de\/wp-content\/uploads\/2024\/08\/datalicense-790x1536.png 790w, https:\/\/www.leaplytics.de\/wp-content\/uploads\/2024\/08\/datalicense-31x60.png 31w\" sizes=\"auto, (max-width: 964px) 100vw, 964px\" \/><\/figure><\/div>\n\n\n<p>Nor\u0117dami importuoti duomenis, duomen\u0173 lange spustel\u0117kite \"Get data\" ir pasirinkite atitinkam\u0105 duomen\u0173 \u0161altin\u012f, pavyzd\u017eiui, \"Excel\" s\u0105siuvin\u012f.<\/p>\n\n\n\n<p><\/p>\n\n\n\n<p>Kitame \u017eingsnyje pasirinkite vaizdin\u0119 med\u017eiag\u0105 i\u0161 vaizdini\u0173 s\u0105ra\u0161o ir prid\u0117kite j\u0105 prie \"Power BI\" ataskaitos. Dabar spustel\u0117kite vizualizacij\u0173 skiltyje \"Format your visual\" ir pasirinkite skyri\u0173 \"Licencija\".<\/p>\n\n\n\n<p>\u010cia galite tiesiog \u012fterpti licencijos kod\u0105 naudodami CTRL + V.<\/p>\n\n\n\n<div style=\"height:40px\" aria-hidden=\"true\" class=\"wp-block-spacer\"><\/div>\n\n\n\n<h3 class=\"wp-block-heading\">4. Vizualin\u0117 s\u0105ranka<\/h3>\n\n\n\n<figure class=\"wp-block-embed is-type-video is-provider-youtube wp-block-embed-youtube wp-embed-aspect-16-9 wp-has-aspect-ratio\"><div class=\"wp-block-embed__wrapper\">\n<iframe loading=\"lazy\" title=\"Vizualin\u0117 s\u0105ranka - &quot;LeapLytics Traffic Light for Power BI\" width=\"770\" height=\"433\" src=\"https:\/\/www.youtube.com\/embed\/rY4INTDBFAA?feature=oembed\" frameborder=\"0\" allow=\"accelerometer; autoplay; clipboard-write; encrypted-media; gyroscope; picture-in-picture; web-share\" referrerpolicy=\"strict-origin-when-cross-origin\" allowfullscreen><\/iframe>\n<\/div><figcaption class=\"wp-element-caption\">Toliau \u012f vaizdin\u0119 med\u017eiag\u0105 reikia \u012ftraukti duomenis. \u010cia \u017eingsnis po \u017eingsnio paai\u0161kinsime, kaip prid\u0117ti duomenis prie vaizdin\u0117s med\u017eiagos ir kaip atitinkamai apibr\u0117\u017eti duomen\u0173 intervalus.<\/figcaption><\/figure>\n\n\n\n<div class=\"wp-block-columns is-layout-flex wp-container-core-columns-is-layout-2 wp-block-columns-is-layout-flex\">\n<div class=\"wp-block-column is-layout-flow wp-block-column-is-layout-flow\" style=\"flex-basis:33.33%\"><div class=\"wp-block-image\">\n<figure class=\"alignleft size-full is-resized\"><img loading=\"lazy\" decoding=\"async\" width=\"1019\" height=\"1675\" src=\"https:\/\/www.leaplytics.de\/wp-content\/uploads\/2024\/08\/measure.png\" alt=\"\" class=\"wp-image-13554\" style=\"width:204px;height:auto\" srcset=\"https:\/\/www.leaplytics.de\/wp-content\/uploads\/2024\/08\/measure.png 1019w, https:\/\/www.leaplytics.de\/wp-content\/uploads\/2024\/08\/measure-183x300.png 183w, https:\/\/www.leaplytics.de\/wp-content\/uploads\/2024\/08\/measure-623x1024.png 623w, https:\/\/www.leaplytics.de\/wp-content\/uploads\/2024\/08\/measure-768x1262.png 768w, https:\/\/www.leaplytics.de\/wp-content\/uploads\/2024\/08\/measure-934x1536.png 934w, https:\/\/www.leaplytics.de\/wp-content\/uploads\/2024\/08\/measure-37x60.png 37w\" sizes=\"auto, (max-width: 1019px) 100vw, 1019px\" \/><\/figure><\/div><\/div>\n\n\n\n<div class=\"wp-block-column is-layout-flow wp-block-column-is-layout-flow\" style=\"flex-basis:66.66%\">\n<p>Pasirinkite jus dominan\u010di\u0105 priemon\u0119 i\u0161 skyriaus \"Duomenys\" spustel\u0117dami ant jos arba vilkdami j\u0105 \u012f vaizdin\u0117s dalies lauk\u0105 \"Priemon\u0117\".<\/p>\n\n\n\n<p><strong>Pasirinktinai: <\/strong>Spustel\u0117j\u0119 i\u0161skleid\u017eiam\u0105j\u012f langel\u012f, galite pasirinkti reikiam\u0105 suvestin\u0119 (suma, vidurkis ir t. t.).<\/p>\n\n\n\n<p>Naudojant laiko formatus reikia \u012fsitikinti, kad formatas nustatytas pagal pasirinktos priemon\u0117s format\u0105.<\/p>\n<\/div>\n<\/div>\n\n\n\n<div style=\"height:40px\" aria-hidden=\"true\" class=\"wp-block-spacer\"><\/div>\n\n\n\n<h3 class=\"wp-block-heading\">5. Diapazon\u0173 nustatymas<\/h3>\n\n\n<div class=\"wp-block-image\">\n<figure class=\"alignleft size-full\"><img loading=\"lazy\" decoding=\"async\" width=\"185\" height=\"377\" src=\"https:\/\/www.leaplytics.de\/wp-content\/uploads\/2024\/08\/ranges.png\" alt=\"\" class=\"wp-image-13553\" srcset=\"https:\/\/www.leaplytics.de\/wp-content\/uploads\/2024\/08\/ranges.png 185w, https:\/\/www.leaplytics.de\/wp-content\/uploads\/2024\/08\/ranges-147x300.png 147w, https:\/\/www.leaplytics.de\/wp-content\/uploads\/2024\/08\/ranges-29x60.png 29w\" sizes=\"auto, (max-width: 185px) 100vw, 185px\" \/><\/figure><\/div>\n\n\n<p>Kad \"\u0161viesoforo\" vaizdas veikt\u0173 tinkamai, reikia apibr\u0117\u017eti \u0161viesos spalv\u0173 rodymo diapazonus. Skyriuje \"Ranges\" (\"Diapazonai\"), esan\u010diame skiltyje \"Formt your visual\" (\"Formuoti savo vaizdin\u012f\"), galite apibr\u0117\u017eti ma\u017eiausias ir did\u017eiausias atitinkamos spalvos vertes*.<\/p>\n\n\n\n<p>Kai matavim\u0173 skyriuje pasirenkama data arba intervalinis matavimas, laiko formato skyriuje reikia atitinkamai apibr\u0117\u017eti intervalus pagal pasirinkt\u0105 laiko format\u0105.<\/p>\n\n\n\n<p><em>*Geltonas minimumas ir geltonas maksimumas yra i\u0161jungti, jei pasirinkta \"Dviej\u0173 \u0161vies\u0173 sistema\".<\/em><\/p>\n\n\n\n<div style=\"height:40px\" aria-hidden=\"true\" class=\"wp-block-spacer\"><\/div>\n\n\n\n<h3 class=\"wp-block-heading\">6. Pritaikykite m\u0117gstam\u0105 dizain\u0105<\/h3>\n\n\n\n<figure class=\"wp-block-embed is-type-video is-provider-youtube wp-block-embed-youtube wp-embed-aspect-16-9 wp-has-aspect-ratio\"><div class=\"wp-block-embed__wrapper\">\n<iframe loading=\"lazy\" title=\"Pasirinktiniai dizaino nustatymai - &quot;LeapLytics Traffic Light for Power BI\" width=\"770\" height=\"433\" src=\"https:\/\/www.youtube.com\/embed\/GpFtfzbQ_OE?feature=oembed\" frameborder=\"0\" allow=\"accelerometer; autoplay; clipboard-write; encrypted-media; gyroscope; picture-in-picture; web-share\" referrerpolicy=\"strict-origin-when-cross-origin\" allowfullscreen><\/iframe>\n<\/div><figcaption class=\"wp-element-caption\">M\u016bs\u0173 vaizdin\u0117 med\u017eiaga si\u016blo daugyb\u0119 pritaikymo galimybi\u0173. Per\u017ei\u016br\u0117kite auk\u0161\u010diau pateikt\u0105 vaizdo pamok\u0105 ir su\u017einokite, kaip pritaikyti \u0161vieslent\u0119 pagal savo individualius pageidavimus.<\/figcaption><\/figure>\n\n\n<div class=\"wp-block-image\">\n<figure class=\"alignleft size-full is-resized\"><img loading=\"lazy\" decoding=\"async\" width=\"538\" height=\"1697\" src=\"https:\/\/www.leaplytics.de\/wp-content\/uploads\/2024\/08\/formats.png\" alt=\"\" class=\"wp-image-13552\" style=\"width:198px;height:auto\" srcset=\"https:\/\/www.leaplytics.de\/wp-content\/uploads\/2024\/08\/formats.png 538w, https:\/\/www.leaplytics.de\/wp-content\/uploads\/2024\/08\/formats-95x300.png 95w, https:\/\/www.leaplytics.de\/wp-content\/uploads\/2024\/08\/formats-325x1024.png 325w, https:\/\/www.leaplytics.de\/wp-content\/uploads\/2024\/08\/formats-487x1536.png 487w, https:\/\/www.leaplytics.de\/wp-content\/uploads\/2024\/08\/formats-19x60.png 19w\" sizes=\"auto, (max-width: 538px) 100vw, 538px\" \/><\/figure><\/div>\n\n\n<p>Paskutiniame \u017eingsnyje galime pritaikyti vaizdin\u0119 med\u017eiag\u0105 individualiam dizainui. Spustel\u0117j\u0119 vizualizacij\u0173 skiltyje \"Format your visual\" (formatuoti vaizdin\u0119 med\u017eiag\u0105), pamatysite \u0161\u012f skydel\u012f.<\/p>\n\n\n\n<p>\u010cia galite pritaikyti visas formatavimo parinktis pasirinkdami m\u0117gstam\u0105 dizain\u0105. <\/p>\n\n\n\n<p>Kiekvienos formatavimo parinkties instrukcijas rasite auk\u0161\u010diau pateiktoje vaizdo pamokoje.<\/p>\n\n\n\n<div style=\"height:40px\" aria-hidden=\"true\" class=\"wp-block-spacer\"><\/div>\n\n\n\n<p>Puikiai, dabar esate pasireng\u0119 naudoti m\u016bs\u0173 \u0161viesofor\u0105 ir pagerinti savo ataskait\u0173 teikim\u0105!<\/p>\n\n\n\n<div style=\"height:40px\" aria-hidden=\"true\" class=\"wp-block-spacer\"><\/div>\n\n\n\n<div class=\"wp-block-buttons is-layout-flex wp-block-buttons-is-layout-flex\">\n<div class=\"wp-block-button\"><a class=\"wp-block-button__link has-background wp-element-button\" href=\"https:\/\/www.leaplytics.de\/lt\/titulinis-puslapis\/projektu-valdymas-pasirinktiniai-vaizdai-microsoft-powerbi\/rizikos-silumos-zemelapio-pasirinktinis-vaizdas-skirtas-power-bi\/\" style=\"background-color:#44546a\">Norite dar labiau patobulinti ataskait\u0173 rengim\u0105? Per\u017ei\u016br\u0117kite m\u016bs\u0173 \"Power BI\" skirt\u0105 rizikos matric\u0105!<\/a><\/div>\n<\/div>","protected":false},"excerpt":{"rendered":"<p>K\u0105 tik su\u017einojote apie \"Power BI\" vaizdin\u0119 priemon\u0119 \"Traffic Light\" ir svarstote, k\u0105 daryti toliau? Tuomet patekote \u012f tinkam\u0105 viet\u0105! \u017dingsnis po \u017eingsnio vadove, kuriam padeda m\u016bs\u0173 vaizdo pamokos, pad\u0117sime jums nustatyti ir pritaikyti m\u016bs\u0173 vaizdin\u0119 priemon\u0119. 1. Atsisi\u0173skite vaizdin\u0119 med\u017eiag\u0105. 2. Paruo\u0161kite ... <\/p>","protected":false},"author":2,"featured_media":0,"parent":0,"menu_order":0,"comment_status":"closed","ping_status":"closed","template":"","meta":{"footnotes":""},"class_list":["post-9298","page","type-page","status-publish","hentry","latest_post"],"_links":{"self":[{"href":"https:\/\/www.leaplytics.de\/lt\/wp-json\/wp\/v2\/pages\/9298","targetHints":{"allow":["GET"]}}],"collection":[{"href":"https:\/\/www.leaplytics.de\/lt\/wp-json\/wp\/v2\/pages"}],"about":[{"href":"https:\/\/www.leaplytics.de\/lt\/wp-json\/wp\/v2\/types\/page"}],"author":[{"embeddable":true,"href":"https:\/\/www.leaplytics.de\/lt\/wp-json\/wp\/v2\/users\/2"}],"replies":[{"embeddable":true,"href":"https:\/\/www.leaplytics.de\/lt\/wp-json\/wp\/v2\/comments?post=9298"}],"version-history":[{"count":11,"href":"https:\/\/www.leaplytics.de\/lt\/wp-json\/wp\/v2\/pages\/9298\/revisions"}],"predecessor-version":[{"id":13635,"href":"https:\/\/www.leaplytics.de\/lt\/wp-json\/wp\/v2\/pages\/9298\/revisions\/13635"}],"wp:attachment":[{"href":"https:\/\/www.leaplytics.de\/lt\/wp-json\/wp\/v2\/media?parent=9298"}],"curies":[{"name":"wp","href":"https:\/\/api.w.org\/{rel}","templated":true}]}}