{"id":9336,"date":"2022-08-01T20:19:06","date_gmt":"2022-08-01T18:19:06","guid":{"rendered":"https:\/\/www.leaplytics.de\/?page_id=9336"},"modified":"2022-08-01T20:19:06","modified_gmt":"2022-08-01T18:19:06","slug":"formato-parinktys-sviesoforo-galia-bi","status":"publish","type":"page","link":"https:\/\/www.leaplytics.de\/lt\/formato-parinktys-sviesoforo-galia-bi\/","title":{"rendered":"Formato parinktys - \u0161viesoforas"},"content":{"rendered":"<h3 class=\"wp-block-heading\">1. Laiko formatas<\/h3>\n\n\n<div class=\"wp-block-image\">\n<figure class=\"alignleft size-full\"><img loading=\"lazy\" decoding=\"async\" width=\"197\" height=\"238\" src=\"https:\/\/www.leaplytics.de\/wp-content\/uploads\/2022\/08\/grafik-7.png\" alt=\"\" class=\"wp-image-9337\" srcset=\"https:\/\/www.leaplytics.de\/wp-content\/uploads\/2022\/08\/grafik-7.png 197w, https:\/\/www.leaplytics.de\/wp-content\/uploads\/2022\/08\/grafik-7-50x60.png 50w\" sizes=\"auto, (max-width: 197px) 100vw, 197px\" \/><\/figure><\/div>\n\n\n<p>Skirsnis \"Laiko formatas\" yra neprivalomas skirsnis. \u0160iame skirsnyje galite pasirinkti laiko arba intervalo format\u0105, kuris naudojamas intervalams ir i\u0161vesties tekstui \u0161alia \u0161viesoforo simbolio apskai\u010diuoti. \u012esitikinkite, kad laiko format\u0105 pasirinkote pagal interval\u0173 \u012fvesties laukus.<\/p>\n\n\n\n<div style=\"height:16px\" aria-hidden=\"true\" class=\"wp-block-spacer\"><\/div>\n\n\n\n<h3 class=\"wp-block-heading\">2. \u0160viesos sistema<\/h3>\n\n\n<div class=\"wp-block-image\">\n<figure class=\"alignleft size-full\"><img loading=\"lazy\" decoding=\"async\" width=\"199\" height=\"187\" src=\"https:\/\/www.leaplytics.de\/wp-content\/uploads\/2022\/08\/grafik-8.png\" alt=\"\" class=\"wp-image-9338\" srcset=\"https:\/\/www.leaplytics.de\/wp-content\/uploads\/2022\/08\/grafik-8.png 199w, https:\/\/www.leaplytics.de\/wp-content\/uploads\/2022\/08\/grafik-8-64x60.png 64w\" sizes=\"auto, (max-width: 199px) 100vw, 199px\" \/><\/figure><\/div>\n\n\n<p>Skyriuje \"\u0160viesos sistema\" galite pasirinkti vieno, dviej\u0173 ar trij\u0173 \u017eibint\u0173 sistem\u0105.<\/p>\n\n\n\n<p><strong>Trij\u0173 \u017eibint\u0173 sistema:<\/strong> \u017dalia, geltona ir raudona spalvos turi po atskir\u0105 rat\u0105.<\/p>\n\n\n\n<p><strong>Dviej\u0173 \u017eibint\u0173 sistema:<\/strong> \u017dalioji ir raudonoji spalvos turi po atskir\u0105 rat\u0105. Geltona \u0161viesa nepalaikoma.<\/p>\n\n\n\n<p><strong>Vieno \u017eibinto sistema:<\/strong> \u017dalios, geltonos ir raudonos spalvos ratas yra toks pat.<\/p>\n\n\n\n<div style=\"height:0px\" aria-hidden=\"true\" class=\"wp-block-spacer\"><\/div>\n\n\n\n<h3 class=\"wp-block-heading\">3. Suderinimas<\/h3>\n\n\n<div class=\"wp-block-image\">\n<figure class=\"alignleft size-full\"><img loading=\"lazy\" decoding=\"async\" width=\"198\" height=\"167\" src=\"https:\/\/www.leaplytics.de\/wp-content\/uploads\/2022\/08\/grafik-9.png\" alt=\"\" class=\"wp-image-9339\" srcset=\"https:\/\/www.leaplytics.de\/wp-content\/uploads\/2022\/08\/grafik-9.png 198w, https:\/\/www.leaplytics.de\/wp-content\/uploads\/2022\/08\/grafik-9-71x60.png 71w\" sizes=\"auto, (max-width: 198px) 100vw, 198px\" \/><\/figure><\/div>\n\n\n<p>Skyriuje \"Lygiavimas\" galite pasirinkti vertikal\u0173 arba horizontal\u0173 \u0161viesoforo vaizdin\u0117s med\u017eiagos lygiavim\u0105. Visi esami nustatymai galimi abiem i\u0161lyginimams.<\/p>\n\n\n\n<div style=\"height:0px\" aria-hidden=\"true\" class=\"wp-block-spacer\"><\/div>\n\n\n\n<h3 class=\"wp-block-heading\">4. Rib\u0173 nustatymai<\/h3>\n\n\n<div class=\"wp-block-image\">\n<figure class=\"alignleft size-full\"><img loading=\"lazy\" decoding=\"async\" width=\"198\" height=\"211\" src=\"https:\/\/www.leaplytics.de\/wp-content\/uploads\/2022\/08\/grafik-10.png\" alt=\"\" class=\"wp-image-9344\" srcset=\"https:\/\/www.leaplytics.de\/wp-content\/uploads\/2022\/08\/grafik-10.png 198w, https:\/\/www.leaplytics.de\/wp-content\/uploads\/2022\/08\/grafik-10-56x60.png 56w\" sizes=\"auto, (max-width: 198px) 100vw, 198px\" \/><\/figure><\/div>\n\n\n<p>Skyriuje \"Rib\u0173 nustatymai\" galite keisti i\u0161orinio \u0161viesoforo r\u0117melio matomum\u0105 ir vidini\u0173 \u0161vies\u0173 atspalvi\u0173 matomum\u0105.<\/p>\n\n\n\n<div style=\"height:0px\" aria-hidden=\"true\" class=\"wp-block-spacer\"><\/div>\n\n\n\n<h3 class=\"wp-block-heading\">5. Teksto nustatymai<\/h3>\n\n\n<div class=\"wp-block-image\">\n<figure class=\"alignleft size-full\"><img loading=\"lazy\" decoding=\"async\" width=\"196\" height=\"403\" src=\"https:\/\/www.leaplytics.de\/wp-content\/uploads\/2022\/08\/grafik-11.png\" alt=\"\" class=\"wp-image-9346\" srcset=\"https:\/\/www.leaplytics.de\/wp-content\/uploads\/2022\/08\/grafik-11.png 196w, https:\/\/www.leaplytics.de\/wp-content\/uploads\/2022\/08\/grafik-11-146x300.png 146w, https:\/\/www.leaplytics.de\/wp-content\/uploads\/2022\/08\/grafik-11-29x60.png 29w\" sizes=\"auto, (max-width: 196px) 100vw, 196px\" \/><\/figure><\/div>\n\n\n<p>\u0160iame \u0161viesoforo vaizdiniame paveiksl\u0117lyje galima pasirinkti \u012fvairius teksto nustatymus. Galite \u012fjungti ir i\u0161jungti teksto element\u0105, kuris rodomas tame pa\u010diame lange kaip ir \u0161viesoforas. Kai tekstas matomas, galite keisti teksto stili\u0173, teksto dyd\u012f, teksto pad\u0117t\u012f ir \u0161rifto \u0161eim\u0105 pagal savo individualius poreikius<\/p>\n\n\n\n<div style=\"height:0px\" aria-hidden=\"true\" class=\"wp-block-spacer\"><\/div>\n\n\n\n<h3 class=\"wp-block-heading\">6. Spalv\u0173 nustatymai<\/h3>\n\n\n<div class=\"wp-block-image\">\n<figure class=\"alignleft size-full\"><img loading=\"lazy\" decoding=\"async\" width=\"198\" height=\"482\" src=\"https:\/\/www.leaplytics.de\/wp-content\/uploads\/2022\/08\/grafik-12.png\" alt=\"\" class=\"wp-image-9349\" srcset=\"https:\/\/www.leaplytics.de\/wp-content\/uploads\/2022\/08\/grafik-12.png 198w, https:\/\/www.leaplytics.de\/wp-content\/uploads\/2022\/08\/grafik-12-123x300.png 123w, https:\/\/www.leaplytics.de\/wp-content\/uploads\/2022\/08\/grafik-12-25x60.png 25w\" sizes=\"auto, (max-width: 198px) 100vw, 198px\" \/><\/figure><\/div>\n\n\n<p>Skyriuje \"Spalv\u0173 nustatymas\" galite keisti kiekvienos vaizdin\u0117s dalies spalv\u0105. Tiesiog spustel\u0117kite i\u0161skleid\u017eiam\u0105j\u012f langel\u012f ir pasirinkite spalv\u0105 i\u0161 i\u0161 anksto nustatyt\u0173 temos spalv\u0173 arba naudokite rgb ir \u0161e\u0161iakampius kodus, kad patys nustatytum\u0117te spalv\u0105.<\/p>","protected":false},"excerpt":{"rendered":"<p>1. Laiko formatas Skyrius \"Laiko formatas\" yra neprivalomas skyrius. \u0160iame skirsnyje galite pasirinkti laiko arba intervalo format\u0105, kuris naudojamas intervalams ir i\u0161vesties tekstui \u0161alia \u0161viesoforo simbolio apskai\u010diuoti. \u012esitikinkite, kad laiko format\u0105 pasirinkote atitinkamai pagal interval\u0173 \u012fvesties laukus. 2. \u0160viesoforo ... <\/p>","protected":false},"author":2,"featured_media":0,"parent":0,"menu_order":0,"comment_status":"closed","ping_status":"closed","template":"","meta":{"footnotes":""},"class_list":["post-9336","page","type-page","status-publish","hentry","latest_post"],"_links":{"self":[{"href":"https:\/\/www.leaplytics.de\/lt\/wp-json\/wp\/v2\/pages\/9336","targetHints":{"allow":["GET"]}}],"collection":[{"href":"https:\/\/www.leaplytics.de\/lt\/wp-json\/wp\/v2\/pages"}],"about":[{"href":"https:\/\/www.leaplytics.de\/lt\/wp-json\/wp\/v2\/types\/page"}],"author":[{"embeddable":true,"href":"https:\/\/www.leaplytics.de\/lt\/wp-json\/wp\/v2\/users\/2"}],"replies":[{"embeddable":true,"href":"https:\/\/www.leaplytics.de\/lt\/wp-json\/wp\/v2\/comments?post=9336"}],"version-history":[{"count":0,"href":"https:\/\/www.leaplytics.de\/lt\/wp-json\/wp\/v2\/pages\/9336\/revisions"}],"wp:attachment":[{"href":"https:\/\/www.leaplytics.de\/lt\/wp-json\/wp\/v2\/media?parent=9336"}],"curies":[{"name":"wp","href":"https:\/\/api.w.org\/{rel}","templated":true}]}}