{"id":9526,"date":"2022-09-08T20:29:04","date_gmt":"2022-09-08T18:29:04","guid":{"rendered":"https:\/\/www.leaplytics.de\/?page_id=9526"},"modified":"2024-05-21T13:00:58","modified_gmt":"2024-05-21T11:00:58","slug":"rizikos-matrica-silumos-zemelapis-galia-bi-bandymas","status":"publish","type":"page","link":"https:\/\/www.leaplytics.de\/lt\/rizikos-matrica-silumos-zemelapis-galia-bi-bandymas\/","title":{"rendered":"\"Power BI\" rizikos matrica \/ \u0161ilumos \u017eem\u0117lapis - i\u0161bandykite dabar!"},"content":{"rendered":"<h3 class=\"wp-block-heading\">Tr\u016bkstama rizikos valdymo d\u0117lion\u0117s dalis<\/h3>\n\n\n\n<figure class=\"wp-block-image size-full\"><img loading=\"lazy\" decoding=\"async\" width=\"152\" height=\"37\" src=\"https:\/\/www.leaplytics.de\/wp-content\/uploads\/2022\/05\/PBI-Certified.png\" alt=\"\" class=\"wp-image-8358\" srcset=\"https:\/\/www.leaplytics.de\/wp-content\/uploads\/2022\/05\/PBI-Certified.png 152w, https:\/\/www.leaplytics.de\/wp-content\/uploads\/2022\/05\/PBI-Certified-150x37.png 150w\" sizes=\"auto, (max-width: 152px) 100vw, 152px\" \/><\/figure>\n\n\n\n<p>Tai paprasta: u\u017epildykite toliau pateikt\u0105 form\u0105 ir mes atsi\u0173sime jums nemokam\u0105 keturi\u0173 savai\u010di\u0173 bandom\u0105j\u0105 licencij\u0105.<\/p>\n\n\n<div class=\"wpforms-container wpforms-container-full\" id=\"wpforms-10592\"><form id=\"wpforms-form-10592\" class=\"wpforms-validate wpforms-form wpforms-ajax-form\" data-formid=\"10592\" method=\"post\" enctype=\"multipart\/form-data\" action=\"\/lt\/wp-json\/wp\/v2\/pages\/9526\" data-token=\"93e31137e329d7940839fcaafb5f94cb\" data-token-time=\"1776964584\" data-trp-original-action=\"\/lt\/wp-json\/wp\/v2\/pages\/9526\"><noscript class=\"wpforms-error-noscript\">Nor\u0117dami u\u017epildyti \u0161i\u0105 form\u0105, nar\u0161ykl\u0117je \u012fjunkite \"JavaScript\".<\/noscript><div class=\"wpforms-field-container\"><div id=\"wpforms-10592-field_0-container\" class=\"wpforms-field wpforms-field-name\" data-field-id=\"0\"><label class=\"wpforms-field-label\">Pavadinimas <span class=\"wpforms-required-label\">*<\/span><\/label><div class=\"wpforms-field-row wpforms-field-medium\"><div class=\"wpforms-field-row-block wpforms-first wpforms-one-half\"><input type=\"text\" id=\"wpforms-10592-field_0\" class=\"wpforms-field-name-first wpforms-field-required\" name=\"wpforms[fields][0][first]\" required><label for=\"wpforms-10592-field_0\" class=\"wpforms-field-sublabel after\">Pirmasis<\/label><\/div><div class=\"wpforms-field-row-block wpforms-one-half\"><input type=\"text\" id=\"wpforms-10592-field_0-last\" class=\"wpforms-field-name-last wpforms-field-required\" name=\"wpforms[fields][0][last]\" required><label for=\"wpforms-10592-field_0-last\" class=\"wpforms-field-sublabel after\">Paskutinis<\/label><\/div><\/div><\/div><div id=\"wpforms-10592-field_1-container\" class=\"wpforms-field wpforms-field-email\" data-field-id=\"1\"><label class=\"wpforms-field-label\" for=\"wpforms-10592-field_1\">Verslo el. pa\u0161tas <span class=\"wpforms-required-label\">*<\/span><\/label><input type=\"email\" id=\"wpforms-10592-field_1\" class=\"wpforms-field-medium wpforms-field-required\" data-rule-restricted-email=\"1\" name=\"wpforms[fields][1]\" spellcheck=\"false\" required><\/div><div id=\"wpforms-10592-field_4-container\" class=\"wpforms-field wpforms-field-text\" data-field-id=\"4\"><label class=\"wpforms-field-label\" for=\"wpforms-10592-field_4\">\u012emon\u0117 <span class=\"wpforms-required-label\">*<\/span><\/label><input type=\"text\" id=\"wpforms-10592-field_4\" class=\"wpforms-field-medium wpforms-field-required\" name=\"wpforms[fields][4]\" required><\/div><div id=\"wpforms-10592-field_3-container\" class=\"wpforms-field wpforms-field-gdpr-checkbox\" data-field-id=\"3\"><label class=\"wpforms-field-label\">BDAR susitarimas <span class=\"wpforms-required-label\">*<\/span><\/label><ul id=\"wpforms-10592-field_3\" class=\"wpforms-field-required\"><li class=\"choice-1\"><input type=\"checkbox\" id=\"wpforms-10592-field_3_1\" name=\"wpforms[fields][3][]\" value=\"I consent to having this website store my submitted information so they can respond to my inquiry.\" required><label class=\"wpforms-field-label-inline\" for=\"wpforms-10592-field_3_1\">Sutinku, kad \u0161i svetain\u0117 saugot\u0173 mano pateikt\u0105 informacij\u0105, kad gal\u0117t\u0173 atsakyti \u012f mano u\u017eklaus\u0105.<\/label><\/li><\/ul><\/div><\/div><!-- .wpforms-field-container --><div class=\"wpforms-recaptcha-container wpforms-is-recaptcha wpforms-is-recaptcha-type-v3\" ><input type=\"hidden\" name=\"wpforms[recaptcha]\" value=\"\"><\/div><div class=\"wpforms-submit-container\" ><input type=\"hidden\" name=\"wpforms[id]\" value=\"10592\"><input type=\"hidden\" name=\"page_title\" value=\"\"><input type=\"hidden\" name=\"page_url\" value=\"https:\/\/www.leaplytics.de\/lt\/wp-json\/wp\/v2\/pages\/9526\"><input type=\"hidden\" name=\"url_referer\" value=\"\"><button type=\"submit\" name=\"wpforms[submit]\" id=\"wpforms-submit-10592\" class=\"wpforms-submit\" data-alt-text=\"Sending...\" data-submit-text=\"Submit\" aria-live=\"assertive\" value=\"wpforms-submit\">Pateikti<\/button><img loading=\"lazy\" decoding=\"async\" src=\"https:\/\/www.leaplytics.de\/wp-content\/plugins\/wpforms-lite\/assets\/images\/submit-spin.svg\" class=\"wpforms-submit-spinner\" style=\"display: none;\" width=\"26\" height=\"26\" alt=\"Pakrovimas\"><\/div><input type=\"hidden\" name=\"trp-form-language\" value=\"lt\"\/><\/form><\/div>  <!-- .wpforms-container -->\n\n\n\n<div style=\"height:27px\" aria-hidden=\"true\" class=\"wp-block-spacer\"><\/div>\n\n\n\n<h3 class=\"wp-block-heading\">Patikimas pagal:<\/h3>\n\n\n<div class=\"wp-block-image\">\n<figure class=\"aligncenter size-medium is-resized\"><a href=\"https:\/\/www.railbaltica.org\/\" target=\"_blank\" rel=\"noreferrer noopener nofollow\"><img loading=\"lazy\" decoding=\"async\" width=\"300\" height=\"225\" src=\"https:\/\/www.leaplytics.de\/wp-content\/uploads\/2024\/05\/rb-logo-300x225.png\" alt=\"\" class=\"wp-image-13461\" style=\"width:300px\" srcset=\"https:\/\/www.leaplytics.de\/wp-content\/uploads\/2024\/05\/rb-logo-300x225.png 300w, https:\/\/www.leaplytics.de\/wp-content\/uploads\/2024\/05\/rb-logo-1024x768.png 1024w, https:\/\/www.leaplytics.de\/wp-content\/uploads\/2024\/05\/rb-logo-768x576.png 768w, https:\/\/www.leaplytics.de\/wp-content\/uploads\/2024\/05\/rb-logo-80x60.png 80w, https:\/\/www.leaplytics.de\/wp-content\/uploads\/2024\/05\/rb-logo.png 1200w\" sizes=\"auto, (max-width: 300px) 100vw, 300px\" \/><\/a><\/figure><\/div>\n\n\n<p><em>\"Puikus \u012frankis rizikos portfeliui vizualizuoti ir visapusi\u0161kai ap\u017evelgti. Galimyb\u0117 pritaikyti spalvas, ribas ir rizikos matric\u0105 yra ideali - j\u0105 lengva nustatyti ir suteikia galimyb\u0119 naudoti sprendim\u0105 \u012fvairi\u0173 lygi\u0173 rizikai - \u012fmon\u0117s, projekto, programos ir kt. Naujoji funkcija vizualizuoti atskir\u0173 rizikos pozicij\u0173 poky\u010dius \u0161ilumos \u017eem\u0117lapyje puikiai tinka ataskaitoms rengti, nes tikslus tikimyb\u0117s ar poveikio pokytis yra ai\u0161kiai suprantamas net ir rizikos valdymo neprofesionalams, tod\u0117l jie gali sekti poky\u010dius.\"<\/em> <a href=\"https:\/\/www.railbaltica.org\/\" target=\"_blank\" rel=\"noreferrer noopener nofollow\">\"Rail Baltica<\/a><\/p>\n\n\n\n<h3 class=\"wp-block-heading\">Generalinio direktoriaus lai\u0161kas<\/h3>\n\n\n\n<blockquote class=\"wp-block-quote is-layout-flow wp-block-quote-is-layout-flow\">\n<div class=\"wp-block-columns is-layout-flex wp-container-core-columns-is-layout-1 wp-block-columns-is-layout-flex\">\n<div class=\"wp-block-column is-layout-flow wp-block-column-is-layout-flow\" style=\"flex-basis:100%\">\n<h3 class=\"wp-block-heading has-text-align-left\"><img loading=\"lazy\" decoding=\"async\" width=\"150\" height=\"150\" class=\"wp-image-10452\" style=\"width: 150px;\" src=\"https:\/\/www.leaplytics.de\/wp-content\/uploads\/2023\/01\/stefan-profile.png\" alt=\"\" srcset=\"https:\/\/www.leaplytics.de\/wp-content\/uploads\/2023\/01\/stefan-profile.png 612w, https:\/\/www.leaplytics.de\/wp-content\/uploads\/2023\/01\/stefan-profile-300x300.png 300w, https:\/\/www.leaplytics.de\/wp-content\/uploads\/2023\/01\/stefan-profile-150x150.png 150w, https:\/\/www.leaplytics.de\/wp-content\/uploads\/2023\/01\/stefan-profile-370x370.png 370w, https:\/\/www.leaplytics.de\/wp-content\/uploads\/2023\/01\/stefan-profile-60x60.png 60w\" sizes=\"auto, (max-width: 150px) 100vw, 150px\" \/>M\u016bs\u0173 sprendimas profesionalams<\/h3>\n<\/div>\n<\/div>\n\n\n\n<p class=\"has-text-align-left\">Sveiki visi...<br><br>Esu Stefanas, \"LeapLytics\" generalinis direktorius.<br><br>Tai rizikos matrica, kurios visada ie\u0161kojome patys. Dabar norime ja pasidalyti su jumis.<br><br>Puikus jausmas tur\u0117ti rizikos matric\u0105, kuri padeda suprasti gr\u0117smes ir galimybes. Nes anks\u010diau prad\u0117davote matyti rizik\u0105, kurios nesitik\u0117jote, i\u0161 \u0161altini\u0173, kuri\u0173 nemat\u0117te. Praradote savo rizikos kra\u0161tovaizd\u017eio supratimo kontrol\u0119. Visk\u0105 u\u017egri\u016bdavo duomen\u0173 lavina.<\/p>\n\n\n\n<p class=\"has-text-align-left\"><br>\u010cia mes galime jums pad\u0117ti. Rizikos matric\u0105 prad\u0117jome kurti 2020 m. Nuo to laiko prid\u0117jome daug nauj\u0173 funkcij\u0173. Tai darydami daugiausia d\u0117mesio skyr\u0117me naudotojams. S\u0105lyginis formatavimas buvo vienos Italijos \u012fmon\u0117s id\u0117ja. Pra\u0161ym\u0105 pateikti rizik\u0105 pagal laik\u0105 pateik\u0117 klientas i\u0161 Australijos. Did\u017eiuojam\u0117s savo klient\u0173 bendruomene. Bet taip pat tai, kas skatina mus tobulinti rizikos matric\u0105.<br><br>Rizikos matrica netur\u0117t\u0173 b\u016bti na\u0161ta. ka\u017ekuo, ko nesugebate atlikti. Ka\u017ekas, k\u0105 reikia i\u0161valyti, o ne puosel\u0117ti. U\u017euot ja d\u017eiaug\u0119si, ver\u010diau su ja susidorosite. Vietoj to jos tur\u0117t\u0173 b\u016bti patikimos. Ir informatyvios. Jie tur\u0117t\u0173 pad\u0117ti jums ir j\u016bs\u0173 komandoms lengvai suderinti savo veiksmus. Kad j\u016bs klest\u0117tum\u0117te.<br><br>Geros naujienos - magija vis dar i\u0161lieka. Ji u\u017ego\u017eta - palaidota po daugybe aplinkini\u0173 keli\u0173 ir nepatenkinam\u0173 sprendim\u0173. J\u016bs\u0173 prietais\u0173 skydelis nusipelno nuvalyti dulkes. Atnaujinimo. Modernizuota pagal tai, kaip \u0161iandien valdome rizik\u0105. Tai padar\u0117me su savo sprendimu \"Risk Matrix\". Tai pertvarkyta, perm\u0105styta, supaprastinta, galinga rizikos valdymo pertvarka.<br><br>Nauja prad\u017eia, kaip ir tur\u0117t\u0173 b\u016bti.<\/p>\n\n\n\n<p><br>Geros dienos,<br>Stefan<br><br>Vienas i\u0161 \"LeapLytics GmbH\" \u012fk\u016br\u0117j\u0173 ir generalinis direktorius<\/p>\n<\/blockquote>\n\n\n<div class=\"wp-block-image\">\n<figure class=\"aligncenter size-large\"><img loading=\"lazy\" decoding=\"async\" width=\"1024\" height=\"576\" src=\"https:\/\/www.leaplytics.de\/wp-content\/uploads\/2022\/04\/First_Slice_Risk_Map_PowerBI-1024x576.png\" alt=\"\" class=\"wp-image-6585\" srcset=\"https:\/\/www.leaplytics.de\/wp-content\/uploads\/2022\/04\/First_Slice_Risk_Map_PowerBI-1024x576.png 1024w, https:\/\/www.leaplytics.de\/wp-content\/uploads\/2022\/04\/First_Slice_Risk_Map_PowerBI-300x169.png 300w, https:\/\/www.leaplytics.de\/wp-content\/uploads\/2022\/04\/First_Slice_Risk_Map_PowerBI-768x432.png 768w, https:\/\/www.leaplytics.de\/wp-content\/uploads\/2022\/04\/First_Slice_Risk_Map_PowerBI-107x60.png 107w, https:\/\/www.leaplytics.de\/wp-content\/uploads\/2022\/04\/First_Slice_Risk_Map_PowerBI.png 1140w\" sizes=\"auto, (max-width: 1024px) 100vw, 1024px\" \/><\/figure><\/div>\n\n\n<div style=\"height:29px\" aria-hidden=\"true\" class=\"wp-block-spacer\"><\/div>\n\n\n\n<blockquote class=\"wp-block-quote has-text-align-left is-layout-flow wp-block-quote-is-layout-flow\">\n<p>Absoliu\u010diai verta<\/p>\n<cite>\"Visk\u0105, k\u0105 nor\u0117jome pasiekti naudodami rizikos matric\u0105, gal\u0117jome \u012fgyvendinti naudodami \u0161i\u0105 vizualizacij\u0105. Tikrai verta.\" - <a href=\"https:\/\/appsource.microsoft.com\/en-us\/product\/power-bi-visuals\/leaplyticsgmbh1633373694058.leaplytics_risk_heatmap?tab=Reviews\" target=\"_blank\" rel=\"noreferrer noopener\">\"Microsoft AppSource\" ap\u017evalgos \u012fvertinimas: <img loading=\"lazy\" decoding=\"async\" width=\"89\" height=\"14\" class=\"wp-image-13274\" style=\"width: 89px;\" src=\"https:\/\/www.leaplytics.de\/wp-content\/uploads\/2024\/04\/stars.png\" alt=\"\"><\/a><\/cite><\/blockquote>\n\n\n\n<h3 class=\"wp-block-heading\">K\u0105 gausiu?<\/h3>\n\n\n\n<i class=\"fa-solid fa-key\"><\/i> Keturi\u0173 savai\u010di\u0173 bandymas <b>Licencijos raktas<\/b>\n<br><br>\n<i class=\"fa-solid fa-eye\"><\/i> Vizualin\u0117 s\u0105ranka <b>Mokomoji priemon\u0117<\/b>\n<br><br>\n<i class=\"fas fa-directions\"><\/i> <b>\"Kaip elgtis<\/b> \"YouTube\" gidai\n<br><br>\n<i class=\"fa-solid fa-question\"><\/i> Da\u017enai u\u017eduodami klausimai (<b>DUK<\/b>)\n\n\n\n<div style=\"height:29px\" aria-hidden=\"true\" class=\"wp-block-spacer\"><\/div>\n\n\n\n<h3 class=\"wp-block-heading\">Kod\u0117l tur\u0117\u010diau i\u0161bandyti j\u016bs\u0173 vaizdin\u0119 med\u017eiag\u0105?<\/h3>\n\n\n\n<p>M\u016bs\u0173 \"LeapLytics\" rizikos matrica yra <strong>tik<\/strong> rizikos matric\u0105, kurioje kiekviena rizika gali b\u016bti pavaizduota kaip atskiras subjektas. Joje galima spustel\u0117ti mygtuk\u0105 ir matyti i\u0161sami\u0105 analiz\u0119 per \u012franki\u0173 u\u017euomin\u0105. Be to, tai vienintelis \"Power BI\" vaizdinis elementas, suteikiantis naudotojams galimyb\u0119 gauti i\u0161sami\u0105 informacij\u0105 apie rizik\u0105, papras\u010diausiai i\u0161skleid\u017eiant konkre\u010di\u0105 rizik\u0105.<\/p>\n\n\n\n<ul class=\"wp-block-list\">\n<li><strong>N\u0117ra prenumeratos<\/strong>: Tiesiog leiskite jam pasibaigti. <strong>I\u0161 j\u016bs\u0173 nieko nereikalausime.<\/strong><\/li>\n<\/ul>\n\n\n\n<figure class=\"wp-block-embed is-type-video is-provider-youtube wp-block-embed-youtube wp-embed-aspect-16-9 wp-has-aspect-ratio\"><div class=\"wp-block-embed__wrapper\" align=\"center\">\n<iframe loading=\"lazy\" title=\"&quot;Power BI&quot; rizikos matrica \/ \u0161ilumos \u017eem\u0117lapis &quot;LeapLytics Visual\" width=\"770\" height=\"433\" src=\"https:\/\/www.youtube.com\/embed\/SsN0lgNJX6A?feature=oembed\" frameborder=\"0\" allow=\"accelerometer; autoplay; clipboard-write; encrypted-media; gyroscope; picture-in-picture; web-share\" referrerpolicy=\"strict-origin-when-cross-origin\" allowfullscreen><\/iframe>\n<\/div><\/figure>\n\n\n\n<div style=\"height:55px\" aria-hidden=\"true\" class=\"wp-block-spacer\"><\/div>\n\n\n\n<blockquote class=\"wp-block-quote is-layout-flow wp-block-quote-is-layout-flow\">\n<p>Jis veikia tiksliai taip, kaip tik\u0117tasi ir reklamuota.<\/p>\n\n\n\n<h3 class=\"wp-block-heading\"><\/h3>\n<cite>\"\u012esigij\u0119s \u0161ios programos licencij\u0105 beveik prie\u0161 9 m\u0117nesius, \u012fdiegiau j\u0105 keliose ataskaitose, kurias naudoja \u0161imtai \u017emoni\u0173 visame pasaulyje, ir sulaukiau tik teigiam\u0173 naudotoj\u0173 atsiliepim\u0173.\" - <a href=\"https:\/\/appsource.microsoft.com\/en-us\/product\/power-bi-visuals\/leaplyticsgmbh1633373694058.leaplytics_risk_heatmap?tab=Reviews\" target=\"_blank\" rel=\"noreferrer noopener\">\"Microsoft AppSource\" ap\u017evalgos \u012fvertinimas: <img loading=\"lazy\" decoding=\"async\" width=\"89\" height=\"14\" class=\"wp-image-13274\" style=\"width: 89px;\" src=\"https:\/\/www.leaplytics.de\/wp-content\/uploads\/2024\/04\/stars.png\" alt=\"\"><\/a><\/cite><\/blockquote>\n\n\n\n<p>Susidom\u0117jote? Per penkias minutes gausite el. lai\u0161k\u0105 su keturi\u0173 savai\u010di\u0173 asmenine bandom\u0105ja licencija.<\/p>\n\n\n<div class=\"wpforms-container wpforms-container-full\" id=\"wpforms-10592\"><form id=\"wpforms-form-10592\" class=\"wpforms-validate wpforms-form wpforms-ajax-form\" data-formid=\"10592\" method=\"post\" enctype=\"multipart\/form-data\" action=\"\/lt\/wp-json\/wp\/v2\/pages\/9526\" data-token=\"93e31137e329d7940839fcaafb5f94cb\" data-token-time=\"1776964584\" data-trp-original-action=\"\/lt\/wp-json\/wp\/v2\/pages\/9526\"><noscript class=\"wpforms-error-noscript\">Nor\u0117dami u\u017epildyti \u0161i\u0105 form\u0105, nar\u0161ykl\u0117je \u012fjunkite \"JavaScript\".<\/noscript><div class=\"wpforms-field-container\"><div id=\"wpforms-10592-field_0-container\" class=\"wpforms-field wpforms-field-name\" data-field-id=\"0\"><label class=\"wpforms-field-label\">Pavadinimas <span class=\"wpforms-required-label\">*<\/span><\/label><div class=\"wpforms-field-row wpforms-field-medium\"><div class=\"wpforms-field-row-block wpforms-first wpforms-one-half\"><input type=\"text\" id=\"wpforms-10592-field_0\" class=\"wpforms-field-name-first wpforms-field-required\" name=\"wpforms[fields][0][first]\" required><label for=\"wpforms-10592-field_0\" class=\"wpforms-field-sublabel after\">Pirmasis<\/label><\/div><div class=\"wpforms-field-row-block wpforms-one-half\"><input type=\"text\" id=\"wpforms-10592-field_0-last\" class=\"wpforms-field-name-last wpforms-field-required\" name=\"wpforms[fields][0][last]\" required><label for=\"wpforms-10592-field_0-last\" class=\"wpforms-field-sublabel after\">Paskutinis<\/label><\/div><\/div><\/div><div id=\"wpforms-10592-field_1-container\" class=\"wpforms-field wpforms-field-email\" data-field-id=\"1\"><label class=\"wpforms-field-label\" for=\"wpforms-10592-field_1\">Verslo el. pa\u0161tas <span class=\"wpforms-required-label\">*<\/span><\/label><input type=\"email\" id=\"wpforms-10592-field_1\" class=\"wpforms-field-medium wpforms-field-required\" data-rule-restricted-email=\"1\" name=\"wpforms[fields][1]\" spellcheck=\"false\" required><\/div><div id=\"wpforms-10592-field_4-container\" class=\"wpforms-field wpforms-field-text\" data-field-id=\"4\"><label class=\"wpforms-field-label\" for=\"wpforms-10592-field_4\">\u012emon\u0117 <span class=\"wpforms-required-label\">*<\/span><\/label><input type=\"text\" id=\"wpforms-10592-field_4\" class=\"wpforms-field-medium wpforms-field-required\" name=\"wpforms[fields][4]\" required><\/div><div id=\"wpforms-10592-field_3-container\" class=\"wpforms-field wpforms-field-gdpr-checkbox\" data-field-id=\"3\"><label class=\"wpforms-field-label\">BDAR susitarimas <span class=\"wpforms-required-label\">*<\/span><\/label><ul id=\"wpforms-10592-field_3\" class=\"wpforms-field-required\"><li class=\"choice-1\"><input type=\"checkbox\" id=\"wpforms-10592-field_3_1\" name=\"wpforms[fields][3][]\" value=\"I consent to having this website store my submitted information so they can respond to my inquiry.\" required><label class=\"wpforms-field-label-inline\" for=\"wpforms-10592-field_3_1\">Sutinku, kad \u0161i svetain\u0117 saugot\u0173 mano pateikt\u0105 informacij\u0105, kad gal\u0117t\u0173 atsakyti \u012f mano u\u017eklaus\u0105.<\/label><\/li><\/ul><\/div><\/div><!-- .wpforms-field-container --><div class=\"wpforms-recaptcha-container wpforms-is-recaptcha wpforms-is-recaptcha-type-v3\" ><input type=\"hidden\" name=\"wpforms[recaptcha]\" value=\"\"><\/div><div class=\"wpforms-submit-container\" ><input type=\"hidden\" name=\"wpforms[id]\" value=\"10592\"><input type=\"hidden\" name=\"page_title\" value=\"\"><input type=\"hidden\" name=\"page_url\" value=\"https:\/\/www.leaplytics.de\/lt\/wp-json\/wp\/v2\/pages\/9526\"><input type=\"hidden\" name=\"url_referer\" value=\"\"><button type=\"submit\" name=\"wpforms[submit]\" id=\"wpforms-submit-10592\" class=\"wpforms-submit\" data-alt-text=\"Sending...\" data-submit-text=\"Submit\" aria-live=\"assertive\" value=\"wpforms-submit\">Pateikti<\/button><img loading=\"lazy\" decoding=\"async\" src=\"https:\/\/www.leaplytics.de\/wp-content\/plugins\/wpforms-lite\/assets\/images\/submit-spin.svg\" class=\"wpforms-submit-spinner\" style=\"display: none;\" width=\"26\" height=\"26\" alt=\"Pakrovimas\"><\/div><input type=\"hidden\" name=\"trp-form-language\" value=\"lt\"\/><\/form><\/div>  <!-- .wpforms-container -->","protected":false},"excerpt":{"rendered":"<p>The missing puzzle piece for your risk management It&#8217;s easy: fill out the form below, and we&#8217;ll send you a free four-week trial license. Trusted By: &#8220;An excellent tool to visualize and ensure a holistic overview of the risk portfolio. The possibility to customize colors, thresholds, and the risk matrix is ideal\u2014easy to set up &hellip; <\/p>","protected":false},"author":2,"featured_media":0,"parent":0,"menu_order":0,"comment_status":"closed","ping_status":"closed","template":"","meta":{"footnotes":""},"class_list":["post-9526","page","type-page","status-publish","hentry","latest_post"],"_links":{"self":[{"href":"https:\/\/www.leaplytics.de\/lt\/wp-json\/wp\/v2\/pages\/9526","targetHints":{"allow":["GET"]}}],"collection":[{"href":"https:\/\/www.leaplytics.de\/lt\/wp-json\/wp\/v2\/pages"}],"about":[{"href":"https:\/\/www.leaplytics.de\/lt\/wp-json\/wp\/v2\/types\/page"}],"author":[{"embeddable":true,"href":"https:\/\/www.leaplytics.de\/lt\/wp-json\/wp\/v2\/users\/2"}],"replies":[{"embeddable":true,"href":"https:\/\/www.leaplytics.de\/lt\/wp-json\/wp\/v2\/comments?post=9526"}],"version-history":[{"count":51,"href":"https:\/\/www.leaplytics.de\/lt\/wp-json\/wp\/v2\/pages\/9526\/revisions"}],"predecessor-version":[{"id":13475,"href":"https:\/\/www.leaplytics.de\/lt\/wp-json\/wp\/v2\/pages\/9526\/revisions\/13475"}],"wp:attachment":[{"href":"https:\/\/www.leaplytics.de\/lt\/wp-json\/wp\/v2\/media?parent=9526"}],"curies":[{"name":"wp","href":"https:\/\/api.w.org\/{rel}","templated":true}]}}