{"id":11629,"date":"2023-05-12T23:15:22","date_gmt":"2023-05-12T21:15:22","guid":{"rendered":"https:\/\/www.leaplytics.de\/?page_id=11629"},"modified":"2024-04-12T21:40:36","modified_gmt":"2024-04-12T19:40:36","slug":"partneru-programma","status":"publish","type":"page","link":"https:\/\/www.leaplytics.de\/lv\/partneru-programma\/","title":{"rendered":"Partneru programma"},"content":{"rendered":"<h4 class=\"wp-block-heading\">M\u016bsu partner\u012bbas\/p\u0101rdev\u0113ju programma<\/h4>\n\n\n\n<p>K\u013c\u016bstiet par LeapLytics partneri. Izplatiet licences patst\u0101v\u012bgi, lai nodro\u0161in\u0101tu saviem klientiem vienotu kontaktpunktu ar vado\u0161ajiem BI risin\u0101jumiem. M\u0113s pied\u0101v\u0101jam attiec\u012bgas atlaides un atmaksas, ja izplat\u0101t un\/vai p\u0101rdodat licences pa\u0161i vai izmantojot m\u016bsu izplat\u012b\u0161anas kan\u0101lus. Turkl\u0101t jums ir ar\u012b at\u013cauts iek\u013caut m\u016bsu produktus sav\u0101 pakalpojumu pied\u0101v\u0101jum\u0101 k\u0101 t\u0101l\u0101kp\u0101rdo\u0161anas iesp\u0113ju.<\/p>\n\n\n<div class=\"wp-block-image\">\n<figure class=\"aligncenter size-large\"><img loading=\"lazy\" decoding=\"async\" width=\"1024\" height=\"683\" src=\"https:\/\/www.leaplytics.de\/wp-content\/uploads\/2020\/10\/scott-graham-OQMZwNd3ThU-unsplash-1024x683.jpg\" alt=\"\" class=\"wp-image-253\" srcset=\"https:\/\/www.leaplytics.de\/wp-content\/uploads\/2020\/10\/scott-graham-OQMZwNd3ThU-unsplash-1024x683.jpg 1024w, https:\/\/www.leaplytics.de\/wp-content\/uploads\/2020\/10\/scott-graham-OQMZwNd3ThU-unsplash-scaled-600x401.jpg 600w, https:\/\/www.leaplytics.de\/wp-content\/uploads\/2020\/10\/scott-graham-OQMZwNd3ThU-unsplash-300x200.jpg 300w, https:\/\/www.leaplytics.de\/wp-content\/uploads\/2020\/10\/scott-graham-OQMZwNd3ThU-unsplash-768x513.jpg 768w, https:\/\/www.leaplytics.de\/wp-content\/uploads\/2020\/10\/scott-graham-OQMZwNd3ThU-unsplash-1536x1025.jpg 1536w, https:\/\/www.leaplytics.de\/wp-content\/uploads\/2020\/10\/scott-graham-OQMZwNd3ThU-unsplash-2048x1367.jpg 2048w, https:\/\/www.leaplytics.de\/wp-content\/uploads\/2020\/10\/scott-graham-OQMZwNd3ThU-unsplash-90x60.jpg 90w\" sizes=\"auto, (max-width: 1024px) 100vw, 1024px\" \/><\/figure><\/div>\n\n\n<div style=\"height:19px\" aria-hidden=\"true\" class=\"wp-block-spacer\"><\/div>\n\n\n\n<p>K\u0101 partneris j\u016bs sa\u0146emat jaun\u0101ko inform\u0101ciju par jaun\u0101kaj\u0101m versij\u0101m, k\u0101 ar\u012b padzi\u013cin\u0101tu ieskatu izstr\u0101des proces\u0101. T\u0101d\u0113j\u0101di j\u016bs apsteidzat tirgu un varat nodro\u0161in\u0101t \u0101rk\u0101rtas pakalpojumus saviem klientiem. Turkl\u0101t jums ir ar\u012b iesp\u0113ja akt\u012bvi piedal\u012bties m\u016bsu izstr\u0101des proces\u0101, lai veidotu vizu\u0101lo risin\u0101jumu n\u0101kotni.<\/p>\n\n\n\n<h4 class=\"wp-block-heading\">Vai esat gatavs sadarboties ar mums?<\/h4>\n\n\n\n<p>Re\u0123istr\u0113jieties m\u016bsu partner\u012bbas\/p\u0101rdev\u0113ju programmai, aizpildot zem\u0101k eso\u0161o veidlapu. M\u0113s ar jums sazin\u0101simies, lai apspriestu pied\u0101v\u0101jumu un j\u016bsu priek\u0161roc\u012bbas. M\u0113s nevaram vien sagaid\u012bt, lai uzzin\u0101tu vair\u0101k par j\u016bsu uz\u0146\u0113mumu un izp\u0113t\u012btu aizraujo\u0161as veiksm\u012bgas partner\u012bbas iesp\u0113jas!<\/p>\n\n\n<div class=\"wpforms-container wpforms-container-full\" id=\"wpforms-11630\"><form id=\"wpforms-form-11630\" class=\"wpforms-validate wpforms-form wpforms-ajax-form\" data-formid=\"11630\" method=\"post\" enctype=\"multipart\/form-data\" action=\"\/lv\/wp-json\/wp\/v2\/pages\/11629\" data-token=\"83a2090e9e48df855c215049ad37212a\" data-token-time=\"1777616095\" data-trp-original-action=\"\/lv\/wp-json\/wp\/v2\/pages\/11629\"><div class=\"wpforms-head-container\"><div class=\"wpforms-title\">Partner\u012bbas pieteikums<\/div><\/div><noscript class=\"wpforms-error-noscript\">Lai aizpild\u012btu \u0161o veidlapu, l\u016bdzu, iesp\u0113jojiet JavaScript sav\u0101 p\u0101rl\u016bkprogramm\u0101.<\/noscript><div class=\"wpforms-field-container\"><div id=\"wpforms-11630-field_0-container\" class=\"wpforms-field wpforms-field-name\" data-field-id=\"0\"><label class=\"wpforms-field-label\">Nosaukums <span class=\"wpforms-required-label\">*<\/span><\/label><div class=\"wpforms-field-row wpforms-field-medium\"><div class=\"wpforms-field-row-block wpforms-first wpforms-one-half\"><input type=\"text\" id=\"wpforms-11630-field_0\" class=\"wpforms-field-name-first wpforms-field-required\" name=\"wpforms[fields][0][first]\" required><label for=\"wpforms-11630-field_0\" class=\"wpforms-field-sublabel after\">Pirmais<\/label><\/div><div class=\"wpforms-field-row-block wpforms-one-half\"><input type=\"text\" id=\"wpforms-11630-field_0-last\" class=\"wpforms-field-name-last wpforms-field-required\" name=\"wpforms[fields][0][last]\" required><label for=\"wpforms-11630-field_0-last\" class=\"wpforms-field-sublabel after\">P\u0113d\u0113jais<\/label><\/div><\/div><\/div><div id=\"wpforms-11630-field_1-container\" class=\"wpforms-field wpforms-field-email\" data-field-id=\"1\"><label class=\"wpforms-field-label\" for=\"wpforms-11630-field_1\">E-pasts <span class=\"wpforms-required-label\">*<\/span><\/label><input type=\"email\" id=\"wpforms-11630-field_1\" class=\"wpforms-field-medium wpforms-field-required\" data-rule-restricted-email=\"1\" name=\"wpforms[fields][1]\" spellcheck=\"false\" required><\/div><div id=\"wpforms-11630-field_4-container\" class=\"wpforms-field wpforms-field-text\" data-field-id=\"4\"><label class=\"wpforms-field-label\" for=\"wpforms-11630-field_4\">Uz\u0146\u0113mums <span class=\"wpforms-required-label\">*<\/span><\/label><input type=\"text\" id=\"wpforms-11630-field_4\" class=\"wpforms-field-medium wpforms-field-required\" name=\"wpforms[fields][4]\" required><\/div><div id=\"wpforms-11630-field_3-container\" class=\"wpforms-field wpforms-field-gdpr-checkbox\" data-field-id=\"3\"><label class=\"wpforms-field-label\">GDPR l\u012bgums <span class=\"wpforms-required-label\">*<\/span><\/label><ul id=\"wpforms-11630-field_3\" class=\"wpforms-field-required\"><li class=\"choice-1\"><input type=\"checkbox\" id=\"wpforms-11630-field_3_1\" name=\"wpforms[fields][3][]\" value=\"I consent to having this website store my submitted information so they can respond to my inquiry.\" required><label class=\"wpforms-field-label-inline\" for=\"wpforms-11630-field_3_1\">Es piekr\u012btu, ka \u0161\u012b vietne saglab\u0101 manu iesniegto inform\u0101ciju, lai var\u0113tu atbild\u0113t uz manu piepras\u012bjumu.<\/label><\/li><\/ul><\/div><\/div><!-- .wpforms-field-container --><div class=\"wpforms-recaptcha-container wpforms-is-recaptcha wpforms-is-recaptcha-type-v3\" ><input type=\"hidden\" name=\"wpforms[recaptcha]\" value=\"\"><\/div><div class=\"wpforms-submit-container\" ><input type=\"hidden\" name=\"wpforms[id]\" value=\"11630\"><input type=\"hidden\" name=\"page_title\" value=\"\"><input type=\"hidden\" name=\"page_url\" value=\"https:\/\/www.leaplytics.de\/lv\/wp-json\/wp\/v2\/pages\/11629\"><input type=\"hidden\" name=\"url_referer\" value=\"\"><button type=\"submit\" name=\"wpforms[submit]\" id=\"wpforms-submit-11630\" class=\"wpforms-submit\" data-alt-text=\"Sending...\" data-submit-text=\"Submit\" aria-live=\"assertive\" value=\"wpforms-submit\">Iesniegt<\/button><img loading=\"lazy\" decoding=\"async\" src=\"https:\/\/www.leaplytics.de\/wp-content\/plugins\/wpforms-lite\/assets\/images\/submit-spin.svg\" class=\"wpforms-submit-spinner\" style=\"display: none;\" width=\"26\" height=\"26\" alt=\"Iekrau\u0161ana\"><\/div><input type=\"hidden\" name=\"trp-form-language\" value=\"lv\"\/><\/form><\/div>  <!-- .wpforms-container -->","protected":false},"excerpt":{"rendered":"<p>M\u016bsu partner\u012bbas\/p\u0101rdev\u0113ju programma K\u013c\u016bstiet par LeapLytics partneri. Izplatiet licences patst\u0101v\u012bgi, lai nodro\u0161in\u0101tu saviem klientiem vienotu kontaktpunktu ar vado\u0161ajiem BI risin\u0101jumiem. M\u0113s pied\u0101v\u0101jam attiec\u012bgas atlaides un atmaksas, ja izplat\u0101t un\/vai p\u0101rdodat licences pa\u0161i vai izmantojot m\u016bsu izplat\u012b\u0161anas kan\u0101lus. Turkl\u0101t jums ir ar\u012b at\u013cauts ... <\/p>","protected":false},"author":2,"featured_media":0,"parent":0,"menu_order":0,"comment_status":"closed","ping_status":"closed","template":"","meta":{"footnotes":""},"class_list":["post-11629","page","type-page","status-publish","hentry","latest_post"],"_links":{"self":[{"href":"https:\/\/www.leaplytics.de\/lv\/wp-json\/wp\/v2\/pages\/11629","targetHints":{"allow":["GET"]}}],"collection":[{"href":"https:\/\/www.leaplytics.de\/lv\/wp-json\/wp\/v2\/pages"}],"about":[{"href":"https:\/\/www.leaplytics.de\/lv\/wp-json\/wp\/v2\/types\/page"}],"author":[{"embeddable":true,"href":"https:\/\/www.leaplytics.de\/lv\/wp-json\/wp\/v2\/users\/2"}],"replies":[{"embeddable":true,"href":"https:\/\/www.leaplytics.de\/lv\/wp-json\/wp\/v2\/comments?post=11629"}],"version-history":[{"count":5,"href":"https:\/\/www.leaplytics.de\/lv\/wp-json\/wp\/v2\/pages\/11629\/revisions"}],"predecessor-version":[{"id":13369,"href":"https:\/\/www.leaplytics.de\/lv\/wp-json\/wp\/v2\/pages\/11629\/revisions\/13369"}],"wp:attachment":[{"href":"https:\/\/www.leaplytics.de\/lv\/wp-json\/wp\/v2\/media?parent=11629"}],"curies":[{"name":"wp","href":"https:\/\/api.w.org\/{rel}","templated":true}]}}