{"id":11871,"date":"2023-06-17T21:49:52","date_gmt":"2023-06-17T19:49:52","guid":{"rendered":"https:\/\/www.leaplytics.de\/?page_id=11871"},"modified":"2023-11-03T11:27:35","modified_gmt":"2023-11-03T10:27:35","slug":"darba-saksana-markdown-skatitajs-power-bi","status":"publish","type":"page","link":"https:\/\/www.leaplytics.de\/lv\/darba-saksana-markdown-skatitajs-power-bi\/","title":{"rendered":"Darba s\u0101k\u0161ana - Markdown Viewer"},"content":{"rendered":"<p>P\u0113c tam, kad esat iel\u0101d\u0113jis m\u016bsu vizualiz\u0101ciju, j\u016bs noteikti jaut\u0101jat sev, ko tagad dar\u012bt. Tie\u0161i to m\u0113s jums izskaidrosim \u0161aj\u0101 pam\u0101c\u012bb\u0101.<\/p>\n\n\n\n<h3 class=\"wp-block-heading\">1. Velciet vizu\u0101lo uz darblapas<\/h3>\n\n\n<div class=\"wp-block-image\">\n<figure class=\"alignleft size-full\"><img loading=\"lazy\" decoding=\"async\" width=\"281\" height=\"350\" src=\"https:\/\/www.leaplytics.de\/wp-content\/uploads\/2023\/11\/md.png\" alt=\"\" class=\"wp-image-12805\" srcset=\"https:\/\/www.leaplytics.de\/wp-content\/uploads\/2023\/11\/md.png 281w, https:\/\/www.leaplytics.de\/wp-content\/uploads\/2023\/11\/md-241x300.png 241w, https:\/\/www.leaplytics.de\/wp-content\/uploads\/2023\/11\/md-48x60.png 48w\" sizes=\"auto, (max-width: 281px) 100vw, 281px\" \/><\/figure><\/div>\n\n\n<div class=\"wp-block-columns is-layout-flex wp-container-core-columns-is-layout-1 wp-block-columns-is-layout-flex\">\n<div class=\"wp-block-column is-layout-flow wp-block-column-is-layout-flow\" style=\"flex-basis:66.66%\">\n<p>Atveriet Microsoft Power BI un attiec\u012bgo p\u0101rskatu vai darblapu, kur\u0101 v\u0113laties izmantot vizu\u0101lo lietojumprogrammu \"Markdown Viewer\". Atveriet darblapu redi\u0123\u0113\u0161anas re\u017e\u012bm\u0101, un sada\u013c\u0101 \"Vizualiz\u0101cijas\" atrad\u012bsiet \"Markdown Viewer\" vizualiz\u0101ciju, k\u0101 ar\u012b visus citus ieg\u0101d\u0101tos LeapLytics produktus. Noklik\u0161\u0137iniet uz vizualiz\u0101cijas, lai to ievietotu sav\u0101 darblap\u0101 (<em>Vizu\u0101l\u0101 izskata izskatu v\u0113l\u0101k varat main\u012bt, izmantojot logr\u012bku \"Form\u0101ts\".<\/em>).<\/p>\n<\/div>\n<\/div>\n\n\n\n<div style=\"height:16px\" aria-hidden=\"true\" class=\"wp-block-spacer\"><\/div>\n\n\n\n<h3 class=\"wp-block-heading\">2. \u012apa\u0161uma panelis<\/h3>\n\n\n<div class=\"wp-block-image\">\n<figure class=\"alignleft size-full\"><img loading=\"lazy\" decoding=\"async\" width=\"187\" height=\"411\" src=\"https:\/\/www.leaplytics.de\/wp-content\/uploads\/2023\/11\/md2.png\" alt=\"\" class=\"wp-image-12806\" srcset=\"https:\/\/www.leaplytics.de\/wp-content\/uploads\/2023\/11\/md2.png 187w, https:\/\/www.leaplytics.de\/wp-content\/uploads\/2023\/11\/md2-136x300.png 136w, https:\/\/www.leaplytics.de\/wp-content\/uploads\/2023\/11\/md2-27x60.png 27w\" sizes=\"auto, (max-width: 187px) 100vw, 187px\" \/><\/figure><\/div>\n\n\n<div class=\"wp-block-columns is-layout-flex wp-container-core-columns-is-layout-2 wp-block-columns-is-layout-flex\">\n<div class=\"wp-block-column is-layout-flow wp-block-column-is-layout-flow\" style=\"flex-basis:33.33%\">\n<p>P\u0113c viena vai vair\u0101ku vizu\u0101l\u0101 att\u0113la eksempl\u0101ru izvieto\u0161anas uz pane\u013ca, labaj\u0101 pus\u0113 par\u0101d\u012bsies \u012bpa\u0161\u012bbu panelis. \u012apa\u0161\u012bbu panelis ir sadal\u012bts sada\u013c\u0101s \"Lauki\", \"Form\u0101ts\" un \"Anal\u012btika\".<\/p>\n\n\n\n<p>Turpm\u0101kaj\u0101s noda\u013c\u0101s uzzin\u0101siet, k\u0101 lietot LeapLytics \"Markdown Viewer\" vizu\u0101lo lietojumprogrammu un k\u0101 to piel\u0101got sav\u0101m vajadz\u012bb\u0101m, pareizi izmantojot \u012bpa\u0161\u012bbas.<\/p>\n<\/div>\n<\/div>\n\n\n\n<div style=\"height:16px\" aria-hidden=\"true\" class=\"wp-block-spacer\"><\/div>\n\n\n\n<h3 class=\"wp-block-heading\">3. Pievienot pas\u0101kumu<\/h3>\n\n\n<div class=\"wp-block-image\">\n<figure class=\"alignleft size-full\"><img loading=\"lazy\" decoding=\"async\" width=\"364\" height=\"409\" src=\"https:\/\/www.leaplytics.de\/wp-content\/uploads\/2023\/11\/md3.png\" alt=\"\" class=\"wp-image-12807\" srcset=\"https:\/\/www.leaplytics.de\/wp-content\/uploads\/2023\/11\/md3.png 364w, https:\/\/www.leaplytics.de\/wp-content\/uploads\/2023\/11\/md3-267x300.png 267w, https:\/\/www.leaplytics.de\/wp-content\/uploads\/2023\/11\/md3-53x60.png 53w\" sizes=\"auto, (max-width: 364px) 100vw, 364px\" \/><\/figure><\/div>\n\n\n<div class=\"wp-block-columns is-layout-flex wp-container-core-columns-is-layout-3 wp-block-columns-is-layout-flex\">\n<div class=\"wp-block-column is-layout-flow wp-block-column-is-layout-flow\" style=\"flex-basis:66.66%\">\n<p>Izv\u0113lieties dimensiju no sada\u013cas \"Dati\", noklik\u0161\u0137inot uz t\u0101s vai velkot to uz vizu\u0101l\u0101 lauka \"Dati\".<\/p>\n\n\n\n<p><strong>Lietojot m\u016bsu p\u0101rl\u016bkprogrammu Markdown Viewer, ir j\u0101nodro\u0161ina, ka dimensijas dati ir Markdown form\u0101t\u0101.<\/strong><\/p>\n<\/div>\n<\/div>\n\n\n\n<div style=\"height:16px\" aria-hidden=\"true\" class=\"wp-block-spacer\"><\/div>\n\n\n\n<h3 class=\"wp-block-heading\">4. Rezult\u0101ts<\/h3>\n\n\n\n<figure class=\"wp-block-image size-large\"><img loading=\"lazy\" decoding=\"async\" width=\"1024\" height=\"407\" src=\"https:\/\/www.leaplytics.de\/wp-content\/uploads\/2023\/11\/grafik-2-1024x407.png\" alt=\"\" class=\"wp-image-12810\" srcset=\"https:\/\/www.leaplytics.de\/wp-content\/uploads\/2023\/11\/grafik-2-1024x407.png 1024w, https:\/\/www.leaplytics.de\/wp-content\/uploads\/2023\/11\/grafik-2-300x119.png 300w, https:\/\/www.leaplytics.de\/wp-content\/uploads\/2023\/11\/grafik-2-768x305.png 768w, https:\/\/www.leaplytics.de\/wp-content\/uploads\/2023\/11\/grafik-2-1536x610.png 1536w, https:\/\/www.leaplytics.de\/wp-content\/uploads\/2023\/11\/grafik-2-151x60.png 151w, https:\/\/www.leaplytics.de\/wp-content\/uploads\/2023\/11\/grafik-2.png 1880w\" sizes=\"auto, (max-width: 1024px) 100vw, 1024px\" \/><\/figure>","protected":false},"excerpt":{"rendered":"<p>P\u0113c tam, kad esat iel\u0101d\u0113jis m\u016bsu vizualiz\u0101ciju, j\u016bs noteikti jaut\u0101jat sev, ko tagad dar\u012bt. Tie\u0161i to m\u0113s jums izskaidrosim \u0161aj\u0101 pam\u0101c\u012bb\u0101. 1. Velciet vizualiz\u0101ciju uz darblapas Atveriet Microsoft Power BI un attiec\u012bgo p\u0101rskatu vai darblapu, kur\u0101 v\u0113laties izmantot vizualiz\u0101ciju \"Markdown Viewer\". Atveriet darblapu ... <\/p>","protected":false},"author":2,"featured_media":0,"parent":0,"menu_order":0,"comment_status":"closed","ping_status":"closed","template":"","meta":{"footnotes":""},"class_list":["post-11871","page","type-page","status-publish","hentry","latest_post"],"_links":{"self":[{"href":"https:\/\/www.leaplytics.de\/lv\/wp-json\/wp\/v2\/pages\/11871","targetHints":{"allow":["GET"]}}],"collection":[{"href":"https:\/\/www.leaplytics.de\/lv\/wp-json\/wp\/v2\/pages"}],"about":[{"href":"https:\/\/www.leaplytics.de\/lv\/wp-json\/wp\/v2\/types\/page"}],"author":[{"embeddable":true,"href":"https:\/\/www.leaplytics.de\/lv\/wp-json\/wp\/v2\/users\/2"}],"replies":[{"embeddable":true,"href":"https:\/\/www.leaplytics.de\/lv\/wp-json\/wp\/v2\/comments?post=11871"}],"version-history":[{"count":0,"href":"https:\/\/www.leaplytics.de\/lv\/wp-json\/wp\/v2\/pages\/11871\/revisions"}],"wp:attachment":[{"href":"https:\/\/www.leaplytics.de\/lv\/wp-json\/wp\/v2\/media?parent=11871"}],"curies":[{"name":"wp","href":"https:\/\/api.w.org\/{rel}","templated":true}]}}