{"id":11926,"date":"2023-07-18T10:22:34","date_gmt":"2023-07-18T08:22:34","guid":{"rendered":"https:\/\/www.leaplytics.de\/?page_id=11926"},"modified":"2024-10-29T12:39:50","modified_gmt":"2024-10-29T11:39:50","slug":"markdown-skatitajs-vizuala-jauda-bi","status":"publish","type":"page","link":"https:\/\/www.leaplytics.de\/lv\/markdown-skatitajs-vizuala-jauda-bi\/","title":{"rendered":"Vizu\u0101lais p\u0101rskat\u012bt\u0101js Markdown Viewer for Power BI"},"content":{"rendered":"<p>Iepaz\u012bstin\u0101m ar Power BI lietojumprogrammu Markdown-to-HTML Custom Visual: past\u0101stiet savu datu st\u0101stu ar pilnv\u0113rt\u012bgu teksta redaktoru datu pane\u013ca panel\u012b! Paaugstiniet attiec\u012bgo inform\u0101ciju, izmantojot format\u0113tu tekstu datu vizualiz\u0101cijas pieredz\u0113!<\/p>\n\n\n\n<p>Ar prieku iepaz\u012bstin\u0101m ar risin\u0101jumu, kas maina sp\u0113les noteikumus un \u013cauj Power BI lietot\u0101jiem \u0113rti integr\u0113t skaisti format\u0113tu tekstu savos p\u0101rskatos un pane\u013cos.<\/p>\n\n\n\n<h3 class=\"wp-block-heading has-text-align-left\">Ieguvumi<\/h3>\n\n\n\n<h5 class=\"wp-block-heading\">Atbr\u012bvojiet Markdown iesp\u0113jas<\/h5>\n\n\n\n<p>Pla\u0161i izplat\u012bta iez\u012bm\u0113\u0161anas valoda ar vienk\u0101r\u0161\u0101m un izteiksm\u012bg\u0101m teksta format\u0113\u0161anas iesp\u0113j\u0101m \u013cauj veidot virsrakstus, sarakstus, saites un citus format\u0113tus teksta elementus tie\u0161i blakus datu vizualiz\u0101cij\u0101m!<\/p>\n\n\n\n<h5 class=\"wp-block-heading\">Izveidojiet p\u0101rliecino\u0161us vizu\u0101los st\u0101stus<\/h5>\n\n\n\n<p>Ar lietojumprogrammu Markdown-to-HTML Custom Visual varat veidot aizraujo\u0161us st\u0101stus par saviem datiem, viegli apvienojot bag\u0101t\u012bgi format\u0113tu tekstu ar vizualiz\u0101cij\u0101m. J\u016bs varat sniegt detaliz\u0113tus paskaidrojumus, ieskatus un papildu dokument\u0101ciju tie\u0161i l\u012bdz\u0101s saviem datiem, uzlabojot sava v\u0113st\u012bjuma skaidr\u012bbu un ietekmi.<\/p>\n\n\n\n<h5 class=\"wp-block-heading\">Racionaliz\u0113ta integr\u0101cija<\/h5>\n\n\n\n<p>M\u016bsu piel\u0101gotais vizu\u0101lais risin\u0101jums ir viegli integr\u0113jams j\u016bsu Power BI vid\u0113, nodro\u0161inot lietot\u0101jam \u0113rtu lieto\u0161anu. Vienk\u0101r\u0161i ievadiet savu Markdown kodu vai pievienojieties datu avotam, kas satur Markdown saturu, un m\u016bsu vizu\u0101lais risin\u0101jums par\u016bp\u0113sies par p\u0101r\u0113jo.<\/p>\n\n\n\n<h5 class=\"wp-block-heading\">Piel\u0101gojiet atbilsto\u0161i savam stilam<\/h5>\n\n\n\n<p>M\u016bsu vizu\u0101l\u0101 lietojumprogramma Markdown-to-HTML Custom Visual pied\u0101v\u0101 pla\u0161as piel\u0101go\u0161anas iesp\u0113jas, lai iek\u013cautu j\u016bsu unik\u0101lo z\u012bmola identit\u0101ti. Piel\u0101gojiet vizu\u0101l\u0101 izskata izskatu, piem\u0113ram, fontus, kr\u0101sas un fonus, lai tie atbilstu j\u016bsu z\u012bmolam vai atskaites t\u0113mai un saska\u0146oti un profesion\u0101li pasniegtu j\u016bsu organiz\u0101cijas identit\u0101ti.<\/p>\n\n\n\n<h5 class=\"wp-block-heading\">Sadarb\u012bbas un zin\u0101\u0161anu apmai\u0146as veicin\u0101\u0161ana<\/h5>\n\n\n\n<p>Veiciniet sadarb\u012bbu, zin\u0101\u0161anu apmai\u0146u un racionaliz\u0113tu darba pl\u016bsmu sav\u0101 organiz\u0101cij\u0101, izmantojot \u0161o popul\u0101ro sadarb\u012bbas un zin\u0101\u0161anu apmai\u0146as form\u0101tu.<\/p>\n\n\n\n<p>Uzlabojiet savu datu vizualiz\u0101cijas sp\u0113li, izmantojot m\u016bsu \"Markdown-to-HTML Custom Visual for Power BI\". Prezent\u0113jiet savus ieskatus un anal\u012bzi vizu\u0101li iespaid\u012bg\u0101 un saisto\u0161\u0101 veid\u0101, kas aizraus j\u016bsu auditoriju. Neatkar\u012bgi no t\u0101, vai esat datu anal\u012bti\u0137is, biznesa profesion\u0101lis vai vad\u012bt\u0101js, \u0161\u012b vizualiz\u0101cija ir izstr\u0101d\u0101ta t\u0101, lai pal\u012bdz\u0113tu jums bez piep\u016bles komunic\u0113t sare\u017e\u0123\u012btas idejas un rad\u012bt notur\u012bgu iespaidu.<\/p>\n\n\n\n<p>Vai esat gatavi p\u0101rveidot savus Power BI p\u0101rskatus un pane\u013cus? Lejupiel\u0101d\u0113jiet m\u016bsu Markdown-to-HTML Custom Visual jau \u0161odien un atkl\u0101jiet dinamisku teksta format\u0113\u0161anas iesp\u0113ju pasauli.<\/p>\n\n\n\n<p><em>Uzlabojiet datu prezent\u0101cijas ar ide\u0101lu vizu\u0101l\u0101s est\u0113tikas un informat\u012bv\u0101 satura apvienojumu. Izbaudiet datu st\u0101st\u012b\u0161anas n\u0101kotni ar Markdown un Power BI.<\/em><\/p>\n\n\n\n<p><\/p>\n\n\n\n<h3 class=\"wp-block-heading\">Pieprasiet izm\u0113\u0123in\u0101juma licenci<\/h3>\n\n\n<div class=\"wpforms-container wpforms-container-full\" id=\"wpforms-11888\"><form id=\"wpforms-form-11888\" class=\"wpforms-validate wpforms-form wpforms-ajax-form\" data-formid=\"11888\" method=\"post\" enctype=\"multipart\/form-data\" action=\"\/lv\/wp-json\/wp\/v2\/pages\/11926\" data-token=\"e5da1159517e09abac0c70b767cdc9bf\" data-token-time=\"1776203121\" data-trp-original-action=\"\/lv\/wp-json\/wp\/v2\/pages\/11926\"><noscript class=\"wpforms-error-noscript\">Lai aizpild\u012btu \u0161o veidlapu, l\u016bdzu, iesp\u0113jojiet JavaScript sav\u0101 p\u0101rl\u016bkprogramm\u0101.<\/noscript><div class=\"wpforms-field-container\"><div id=\"wpforms-11888-field_0-container\" class=\"wpforms-field wpforms-field-name\" data-field-id=\"0\"><label class=\"wpforms-field-label\">Nosaukums <span class=\"wpforms-required-label\">*<\/span><\/label><div class=\"wpforms-field-row wpforms-field-medium\"><div class=\"wpforms-field-row-block wpforms-first wpforms-one-half\"><input type=\"text\" id=\"wpforms-11888-field_0\" class=\"wpforms-field-name-first wpforms-field-required\" name=\"wpforms[fields][0][first]\" required><label for=\"wpforms-11888-field_0\" class=\"wpforms-field-sublabel after\">Pirmais<\/label><\/div><div class=\"wpforms-field-row-block wpforms-one-half\"><input type=\"text\" id=\"wpforms-11888-field_0-last\" class=\"wpforms-field-name-last wpforms-field-required\" name=\"wpforms[fields][0][last]\" required><label for=\"wpforms-11888-field_0-last\" class=\"wpforms-field-sublabel after\">P\u0113d\u0113jais<\/label><\/div><\/div><\/div><div id=\"wpforms-11888-field_1-container\" class=\"wpforms-field wpforms-field-email\" data-field-id=\"1\"><label class=\"wpforms-field-label\" for=\"wpforms-11888-field_1\">Biznesa e-pasts <span class=\"wpforms-required-label\">*<\/span><\/label><input type=\"email\" id=\"wpforms-11888-field_1\" class=\"wpforms-field-medium wpforms-field-required\" data-rule-restricted-email=\"1\" name=\"wpforms[fields][1]\" spellcheck=\"false\" required><\/div><div id=\"wpforms-11888-field_4-container\" class=\"wpforms-field wpforms-field-text\" data-field-id=\"4\"><label class=\"wpforms-field-label\" for=\"wpforms-11888-field_4\">Uz\u0146\u0113mums <span class=\"wpforms-required-label\">*<\/span><\/label><input type=\"text\" id=\"wpforms-11888-field_4\" class=\"wpforms-field-medium wpforms-field-required\" name=\"wpforms[fields][4]\" required><\/div><div id=\"wpforms-11888-field_3-container\" class=\"wpforms-field wpforms-field-gdpr-checkbox\" data-field-id=\"3\"><label class=\"wpforms-field-label\">GDPR l\u012bgums <span class=\"wpforms-required-label\">*<\/span><\/label><ul id=\"wpforms-11888-field_3\" class=\"wpforms-field-required\"><li class=\"choice-1\"><input type=\"checkbox\" id=\"wpforms-11888-field_3_1\" name=\"wpforms[fields][3][]\" value=\"I consent to having this website store my submitted information so they can respond to my inquiry.\" required><label class=\"wpforms-field-label-inline\" for=\"wpforms-11888-field_3_1\">Es piekr\u012btu, ka \u0161\u012b vietne saglab\u0101 manu iesniegto inform\u0101ciju, lai var\u0113tu atbild\u0113t uz manu piepras\u012bjumu.<\/label><\/li><\/ul><\/div><\/div><!-- .wpforms-field-container --><div class=\"wpforms-recaptcha-container wpforms-is-recaptcha wpforms-is-recaptcha-type-v3\" ><input type=\"hidden\" name=\"wpforms[recaptcha]\" value=\"\"><\/div><div class=\"wpforms-submit-container\" ><input type=\"hidden\" name=\"wpforms[id]\" value=\"11888\"><input type=\"hidden\" name=\"page_title\" value=\"\"><input type=\"hidden\" name=\"page_url\" value=\"https:\/\/www.leaplytics.de\/lv\/wp-json\/wp\/v2\/pages\/11926\"><input type=\"hidden\" name=\"url_referer\" value=\"\"><button type=\"submit\" name=\"wpforms[submit]\" id=\"wpforms-submit-11888\" class=\"wpforms-submit\" data-alt-text=\"Sending...\" data-submit-text=\"Submit\" aria-live=\"assertive\" value=\"wpforms-submit\">Iesniegt<\/button><img loading=\"lazy\" decoding=\"async\" src=\"https:\/\/www.leaplytics.de\/wp-content\/plugins\/wpforms-lite\/assets\/images\/submit-spin.svg\" class=\"wpforms-submit-spinner\" style=\"display: none;\" width=\"26\" height=\"26\" alt=\"Iekrau\u0161ana\"><\/div><input type=\"hidden\" name=\"trp-form-language\" value=\"lv\"\/><\/form><\/div>  <!-- .wpforms-container -->\n\n\n\n<div style=\"height:50px\" aria-hidden=\"true\" class=\"wp-block-spacer\"><\/div>\n\n\n\n<h3 class=\"wp-block-heading has-text-align-left\" id=\"tutorial\">Darba s\u0101k\u0161ana<\/h3>\n\n\n\n<p><em>K\u0101 es varu s\u0101kt?<\/em> Pieprasiet izm\u0113\u0123in\u0101juma licenci iepriek\u0161. Kad sa\u0146\u0113m\u0101t licences kodu? Noklik\u0161\u0137iniet zem\u0101k, lai s\u0101ktu m\u016bsu pam\u0101c\u012bbu.<\/p>\n\n\n\n<figure class=\"wp-block-embed is-type-wp-embed is-provider-leaplytics wp-block-embed-leaplytics\"><div class=\"wp-block-embed__wrapper\">\n<blockquote class=\"wp-embedded-content\" data-secret=\"IL8vEweSWi\"><a href=\"https:\/\/www.leaplytics.de\/lv\/darba-saksana-markdown-skatitajs-power-bi\/\">Darba s\u0101k\u0161ana - Markdown Viewer<\/a><\/blockquote><iframe loading=\"lazy\" class=\"wp-embedded-content\" sandbox=\"allow-scripts\" security=\"restricted\" style=\"position: absolute; clip: rect(1px, 1px, 1px, 1px);\" title=\"&quot;Darba s\u0101k\u0161ana - Markdown Viewer&quot; - LeapLytics\" src=\"https:\/\/www.leaplytics.de\/getting-started-markdown-viewer-power-bi\/embed\/#?secret=huMdA44Ho4#?secret=IL8vEweSWi\" data-secret=\"IL8vEweSWi\" width=\"600\" height=\"338\" frameborder=\"0\" marginwidth=\"0\" marginheight=\"0\" scrolling=\"no\"><\/iframe>\n<\/div><\/figure>","protected":false},"excerpt":{"rendered":"<p>Iepaz\u012bstin\u0101m ar Power BI lietojumprogrammu Markdown-to-HTML Custom Visual: past\u0101stiet savu datu st\u0101stu ar pilnv\u0113rt\u012bgu teksta redaktoru datu pane\u013ca panel\u012b! Paaugstiniet attiec\u012bgo inform\u0101ciju, izmantojot format\u0113tu tekstu datu vizualiz\u0101cijas pieredz\u0113! M\u0113s ar prieku iepaz\u012bstin\u0101m ar revolucion\u0101ru risin\u0101jumu, kas \u013cauj Power BI lietot\u0101jiem \u0113rti integr\u0113t skaisti format\u0113tu tekstu savos p\u0101rskatos un ... <\/p>","protected":false},"author":2,"featured_media":0,"parent":0,"menu_order":0,"comment_status":"closed","ping_status":"closed","template":"","meta":{"footnotes":""},"class_list":["post-11926","page","type-page","status-publish","hentry","latest_post"],"_links":{"self":[{"href":"https:\/\/www.leaplytics.de\/lv\/wp-json\/wp\/v2\/pages\/11926","targetHints":{"allow":["GET"]}}],"collection":[{"href":"https:\/\/www.leaplytics.de\/lv\/wp-json\/wp\/v2\/pages"}],"about":[{"href":"https:\/\/www.leaplytics.de\/lv\/wp-json\/wp\/v2\/types\/page"}],"author":[{"embeddable":true,"href":"https:\/\/www.leaplytics.de\/lv\/wp-json\/wp\/v2\/users\/2"}],"replies":[{"embeddable":true,"href":"https:\/\/www.leaplytics.de\/lv\/wp-json\/wp\/v2\/comments?post=11926"}],"version-history":[{"count":3,"href":"https:\/\/www.leaplytics.de\/lv\/wp-json\/wp\/v2\/pages\/11926\/revisions"}],"predecessor-version":[{"id":13652,"href":"https:\/\/www.leaplytics.de\/lv\/wp-json\/wp\/v2\/pages\/11926\/revisions\/13652"}],"wp:attachment":[{"href":"https:\/\/www.leaplytics.de\/lv\/wp-json\/wp\/v2\/media?parent=11926"}],"curies":[{"name":"wp","href":"https:\/\/api.w.org\/{rel}","templated":true}]}}